{"id":9925,"date":"2024-06-19T13:34:30","date_gmt":"2024-06-19T12:34:30","guid":{"rendered":"https:\/\/store.microbiotech.dz\/?post_type=product&#038;p=9925"},"modified":"2025-10-06T15:05:38","modified_gmt":"2025-10-06T14:05:38","slug":"tuyau-en-silicone-pour-pompe-peristaltique","status":"publish","type":"product","link":"https:\/\/store.microbiotech.dz\/index.php\/produit\/tuyau-en-silicone-pour-pompe-peristaltique\/","title":{"rendered":"Tuyau en silicone pour pompe p\u00e9ristaltique"},"content":{"rendered":"<p>Ce Tuyau en silicone pour <a href=\"https:\/\/store.microbiotech.dz\/?s=pompe\" target=\"_blank\" rel=\"noopener\">pompe<\/a> p\u00e9ristaltique\u00a0offre une solution fiable et efficace pour vos besoins de transfert de fluides. Fabriqu\u00e9 en silicone de haute qualit\u00e9, ce tuyau assure une flexibilit\u00e9 exceptionnelle, une r\u00e9sistance chimique remarquable et une durabilit\u00e9 \u00e0 long terme, m\u00eame dans des conditions de laboratoire exigeantes. Son design pr\u00e9cis garantit un d\u00e9bit constant et r\u00e9gulier, minimisant les risques de contamination. Facile \u00e0 installer et \u00e0 entretenir, ce tuyau optimise les performances de votre \u00e9quipement, vous permettant de r\u00e9aliser vos exp\u00e9riences et vos processus avec une confiance totale. Choisissez ce tuyau en silicone pour une performance sup\u00e9rieure et une tranquillit\u00e9 d&rsquo;esprit in\u00e9gal\u00e9e.<\/p>\n","protected":false},"excerpt":{"rendered":"<p>&nbsp;<\/p>\n<p>Marque :\u00a0<b>StarlCare\u00a0<img loading=\"lazy\" decoding=\"async\" class=\"\" src=\"https:\/\/store.microbiotech.dz\/wp-content\/uploads\/2022\/04\/303531-P7SCNR-893-300x291.jpg\" width=\"34\" height=\"33\" \/><\/b><br \/>\nMat\u00e9riau :<strong> silicone<\/strong><br \/>\nDiam\u00e8tre int\u00e9rieur : <strong>7,5<\/strong> <strong>mm<\/strong><br \/>\nDiam\u00e8tre ext\u00e9rieur : <strong>12mm<\/strong><br \/>\nSt\u00e9rilit\u00e9 : <strong>Autoclavable \u00e0 134\u00b0<\/strong><\/p>\n","protected":false},"featured_media":9933,"comment_status":"open","ping_status":"closed","template":"","meta":{"site-sidebar-layout":"default","site-content-layout":"","ast-site-content-layout":"default","site-content-style":"default","site-sidebar-style":"default","ast-global-header-display":"","ast-banner-title-visibility":"","ast-main-header-display":"","ast-hfb-above-header-display":"","ast-hfb-below-header-display":"","ast-hfb-mobile-header-display":"","site-post-title":"","ast-breadcrumbs-content":"","ast-featured-img":"","footer-sml-layout":"","ast-disable-related-posts":"","theme-transparent-header-meta":"default","adv-header-id-meta":"","stick-header-meta":"","header-above-stick-meta":"","header-main-stick-meta":"","header-below-stick-meta":"","astra-migrate-meta-layouts":"set","ast-page-background-enabled":"default","ast-page-background-meta":{"desktop":{"background-color":"var(--ast-global-color-4)","background-image":"","background-repeat":"repeat","background-position":"center center","background-size":"auto","background-attachment":"scroll","background-type":"","background-media":"","overlay-type":"","overlay-color":"","overlay-opacity":"","overlay-gradient":""},"tablet":{"background-color":"","background-image":"","background-repeat":"repeat","background-position":"center center","background-size":"auto","background-attachment":"scroll","background-type":"","background-media":"","overlay-type":"","overlay-color":"","overlay-opacity":"","overlay-gradient":""},"mobile":{"background-color":"","background-image":"","background-repeat":"repeat","background-position":"center center","background-size":"auto","background-attachment":"scroll","background-type":"","background-media":"","overlay-type":"","overlay-color":"","overlay-opacity":"","overlay-gradient":""}},"ast-content-background-meta":{"desktop":{"background-color":"var(--ast-global-color-5)","background-image":"","background-repeat":"repeat","background-position":"center center","background-size":"auto","background-attachment":"scroll","background-type":"","background-media":"","overlay-type":"","overlay-color":"","overlay-opacity":"","overlay-gradient":""},"tablet":{"background-color":"var(--ast-global-color-5)","background-image":"","background-repeat":"repeat","background-position":"center center","background-size":"auto","background-attachment":"scroll","background-type":"","background-media":"","overlay-type":"","overlay-color":"","overlay-opacity":"","overlay-gradient":""},"mobile":{"background-color":"var(--ast-global-color-5)","background-image":"","background-repeat":"repeat","background-position":"center center","background-size":"auto","background-attachment":"scroll","background-type":"","background-media":"","overlay-type":"","overlay-color":"","overlay-opacity":"","overlay-gradient":""}},"jetpack_post_was_ever_published":false},"product_brand":[],"product_cat":[238],"product_tag":[2046,2585,1079,2306,2149,2309],"class_list":{"0":"post-9925","1":"product","2":"type-product","3":"status-publish","4":"has-post-thumbnail","6":"product_cat-equipements","7":"product_tag-f131","8":"product_tag-f148","9":"product_tag-pompe","10":"product_tag-pompe-peristaltique","11":"product_tag-starlcare","12":"product_tag-tuyau","13":"desktop-align-center","14":"tablet-align-left","15":"mobile-align-left","17":"first","18":"instock","19":"taxable","20":"shipping-taxable","21":"purchasable","22":"product-type-variable"},"yoast_head":"<!-- This site is optimized with the Yoast SEO plugin v27.4 - https:\/\/yoast.com\/product\/yoast-seo-wordpress\/ -->\n<title>Tuyau en silicone pour pompe p\u00e9ristaltique - La Boutique en ligne<\/title>\n<meta name=\"description\" content=\"Tuyau en silicone pour pompe p\u00e9ristaltique de haute qualit\u00e9 et avec diff\u00e9rentes tailles. Ce tuyau est autoclavable et \u00e0 bon prix.\" \/>\n<meta name=\"robots\" content=\"index, follow, max-snippet:-1, max-image-preview:large, max-video-preview:-1\" \/>\n<link rel=\"canonical\" href=\"https:\/\/store.microbiotech.dz\/index.php\/produit\/tuyau-en-silicone-pour-pompe-peristaltique\/\" \/>\n<meta property=\"og:locale\" content=\"fr_FR\" \/>\n<meta property=\"og:type\" content=\"article\" \/>\n<meta property=\"og:title\" content=\"Tuyau en silicone pour pompe p\u00e9ristaltique - La Boutique en ligne\" \/>\n<meta property=\"og:description\" content=\"Tuyau en silicone pour pompe p\u00e9ristaltique de haute qualit\u00e9 et avec diff\u00e9rentes tailles. Ce tuyau est autoclavable et \u00e0 bon prix.\" \/>\n<meta property=\"og:url\" content=\"https:\/\/store.microbiotech.dz\/index.php\/produit\/tuyau-en-silicone-pour-pompe-peristaltique\/\" \/>\n<meta property=\"og:site_name\" content=\"La Boutique en ligne\" \/>\n<meta property=\"article:publisher\" content=\"https:\/\/www.facebook.com\/MicroBiotech.dz\" \/>\n<meta property=\"article:modified_time\" content=\"2025-10-06T14:05:38+00:00\" \/>\n<meta property=\"og:image\" content=\"https:\/\/store.microbiotech.dz\/wp-content\/uploads\/2024\/06\/tuyau02.webp\" \/>\n\t<meta property=\"og:image:width\" content=\"600\" \/>\n\t<meta property=\"og:image:height\" content=\"600\" \/>\n\t<meta property=\"og:image:type\" content=\"image\/webp\" \/>\n<meta name=\"twitter:card\" content=\"summary_large_image\" \/>\n<meta name=\"twitter:site\" content=\"@MicrobiotechD\" \/>\n<meta name=\"twitter:label1\" content=\"Dur\u00e9e de lecture estim\u00e9e\" \/>\n\t<meta name=\"twitter:data1\" content=\"1 minute\" \/>\n<script type=\"application\/ld+json\" class=\"yoast-schema-graph\">{\"@context\":\"https:\\\/\\\/schema.org\",\"@graph\":[{\"@type\":\"WebPage\",\"@id\":\"https:\\\/\\\/store.microbiotech.dz\\\/index.php\\\/produit\\\/tuyau-en-silicone-pour-pompe-peristaltique\\\/\",\"url\":\"https:\\\/\\\/store.microbiotech.dz\\\/index.php\\\/produit\\\/tuyau-en-silicone-pour-pompe-peristaltique\\\/\",\"name\":\"Tuyau en silicone pour pompe p\u00e9ristaltique - La Boutique en ligne\",\"isPartOf\":{\"@id\":\"https:\\\/\\\/store.microbiotech.dz\\\/#website\"},\"primaryImageOfPage\":{\"@id\":\"https:\\\/\\\/store.microbiotech.dz\\\/index.php\\\/produit\\\/tuyau-en-silicone-pour-pompe-peristaltique\\\/#primaryimage\"},\"image\":{\"@id\":\"https:\\\/\\\/store.microbiotech.dz\\\/index.php\\\/produit\\\/tuyau-en-silicone-pour-pompe-peristaltique\\\/#primaryimage\"},\"thumbnailUrl\":\"https:\\\/\\\/store.microbiotech.dz\\\/wp-content\\\/uploads\\\/2024\\\/06\\\/tuyau02.webp\",\"datePublished\":\"2024-06-19T12:34:30+00:00\",\"dateModified\":\"2025-10-06T14:05:38+00:00\",\"description\":\"Tuyau en silicone pour pompe p\u00e9ristaltique de haute qualit\u00e9 et avec diff\u00e9rentes tailles. Ce tuyau est autoclavable et \u00e0 bon prix.\",\"breadcrumb\":{\"@id\":\"https:\\\/\\\/store.microbiotech.dz\\\/index.php\\\/produit\\\/tuyau-en-silicone-pour-pompe-peristaltique\\\/#breadcrumb\"},\"inLanguage\":\"fr-FR\",\"potentialAction\":[{\"@type\":\"ReadAction\",\"target\":[\"https:\\\/\\\/store.microbiotech.dz\\\/index.php\\\/produit\\\/tuyau-en-silicone-pour-pompe-peristaltique\\\/\"]}]},{\"@type\":\"ImageObject\",\"inLanguage\":\"fr-FR\",\"@id\":\"https:\\\/\\\/store.microbiotech.dz\\\/index.php\\\/produit\\\/tuyau-en-silicone-pour-pompe-peristaltique\\\/#primaryimage\",\"url\":\"https:\\\/\\\/store.microbiotech.dz\\\/wp-content\\\/uploads\\\/2024\\\/06\\\/tuyau02.webp\",\"contentUrl\":\"https:\\\/\\\/store.microbiotech.dz\\\/wp-content\\\/uploads\\\/2024\\\/06\\\/tuyau02.webp\",\"width\":600,\"height\":600,\"caption\":\"Tuyau en silicone pour pompe p\u00e9ristaltique\"},{\"@type\":\"BreadcrumbList\",\"@id\":\"https:\\\/\\\/store.microbiotech.dz\\\/index.php\\\/produit\\\/tuyau-en-silicone-pour-pompe-peristaltique\\\/#breadcrumb\",\"itemListElement\":[{\"@type\":\"ListItem\",\"position\":1,\"name\":\"Accueil\",\"item\":\"https:\\\/\\\/store.microbiotech.dz\\\/\"},{\"@type\":\"ListItem\",\"position\":2,\"name\":\"Nos Produits\",\"item\":\"https:\\\/\\\/store.microbiotech.dz\\\/index.php\\\/nos-produits\\\/\"},{\"@type\":\"ListItem\",\"position\":3,\"name\":\"Tuyau en silicone pour pompe p\u00e9ristaltique\"}]},{\"@type\":\"WebSite\",\"@id\":\"https:\\\/\\\/store.microbiotech.dz\\\/#website\",\"url\":\"https:\\\/\\\/store.microbiotech.dz\\\/\",\"name\":\"La Boutique en ligne\",\"description\":\"Qualit\u00e9 - Rapidit\u00e9 - Tranquillit\u00e9\",\"publisher\":{\"@id\":\"https:\\\/\\\/store.microbiotech.dz\\\/#organization\"},\"potentialAction\":[{\"@type\":\"SearchAction\",\"target\":{\"@type\":\"EntryPoint\",\"urlTemplate\":\"https:\\\/\\\/store.microbiotech.dz\\\/?s={search_term_string}\"},\"query-input\":{\"@type\":\"PropertyValueSpecification\",\"valueRequired\":true,\"valueName\":\"search_term_string\"}}],\"inLanguage\":\"fr-FR\"},{\"@type\":\"Organization\",\"@id\":\"https:\\\/\\\/store.microbiotech.dz\\\/#organization\",\"name\":\"Microbiotech EURL\",\"url\":\"https:\\\/\\\/store.microbiotech.dz\\\/\",\"logo\":{\"@type\":\"ImageObject\",\"inLanguage\":\"fr-FR\",\"@id\":\"https:\\\/\\\/store.microbiotech.dz\\\/#\\\/schema\\\/logo\\\/image\\\/\",\"url\":\"https:\\\/\\\/store.microbiotech.dz\\\/wp-content\\\/uploads\\\/2021\\\/09\\\/cropped-logo-microbiotech-2.jpg\",\"contentUrl\":\"https:\\\/\\\/store.microbiotech.dz\\\/wp-content\\\/uploads\\\/2021\\\/09\\\/cropped-logo-microbiotech-2.jpg\",\"width\":815,\"height\":586,\"caption\":\"Microbiotech EURL\"},\"image\":{\"@id\":\"https:\\\/\\\/store.microbiotech.dz\\\/#\\\/schema\\\/logo\\\/image\\\/\"},\"sameAs\":[\"https:\\\/\\\/www.facebook.com\\\/MicroBiotech.dz\",\"https:\\\/\\\/x.com\\\/MicrobiotechD\",\"https:\\\/\\\/www.linkedin.com\\\/in\\\/microbiotech\\\/\",\"https:\\\/\\\/www.youtube.com\\\/channel\\\/UCTxc3VIiX7LXD2LQYfZEcDg\"]}]}<\/script>\n<!-- \/ Yoast SEO plugin. -->","yoast_head_json":{"title":"Tuyau en silicone pour pompe p\u00e9ristaltique - La Boutique en ligne","description":"Tuyau en silicone pour pompe p\u00e9ristaltique de haute qualit\u00e9 et avec diff\u00e9rentes tailles. Ce tuyau est autoclavable et \u00e0 bon prix.","robots":{"index":"index","follow":"follow","max-snippet":"max-snippet:-1","max-image-preview":"max-image-preview:large","max-video-preview":"max-video-preview:-1"},"canonical":"https:\/\/store.microbiotech.dz\/index.php\/produit\/tuyau-en-silicone-pour-pompe-peristaltique\/","og_locale":"fr_FR","og_type":"article","og_title":"Tuyau en silicone pour pompe p\u00e9ristaltique - La Boutique en ligne","og_description":"Tuyau en silicone pour pompe p\u00e9ristaltique de haute qualit\u00e9 et avec diff\u00e9rentes tailles. Ce tuyau est autoclavable et \u00e0 bon prix.","og_url":"https:\/\/store.microbiotech.dz\/index.php\/produit\/tuyau-en-silicone-pour-pompe-peristaltique\/","og_site_name":"La Boutique en ligne","article_publisher":"https:\/\/www.facebook.com\/MicroBiotech.dz","article_modified_time":"2025-10-06T14:05:38+00:00","og_image":[{"width":600,"height":600,"url":"https:\/\/store.microbiotech.dz\/wp-content\/uploads\/2024\/06\/tuyau02.webp","type":"image\/webp"}],"twitter_card":"summary_large_image","twitter_site":"@MicrobiotechD","twitter_misc":{"Dur\u00e9e de lecture estim\u00e9e":"1 minute"},"schema":{"@context":"https:\/\/schema.org","@graph":[{"@type":"WebPage","@id":"https:\/\/store.microbiotech.dz\/index.php\/produit\/tuyau-en-silicone-pour-pompe-peristaltique\/","url":"https:\/\/store.microbiotech.dz\/index.php\/produit\/tuyau-en-silicone-pour-pompe-peristaltique\/","name":"Tuyau en silicone pour pompe p\u00e9ristaltique - La Boutique en ligne","isPartOf":{"@id":"https:\/\/store.microbiotech.dz\/#website"},"primaryImageOfPage":{"@id":"https:\/\/store.microbiotech.dz\/index.php\/produit\/tuyau-en-silicone-pour-pompe-peristaltique\/#primaryimage"},"image":{"@id":"https:\/\/store.microbiotech.dz\/index.php\/produit\/tuyau-en-silicone-pour-pompe-peristaltique\/#primaryimage"},"thumbnailUrl":"https:\/\/store.microbiotech.dz\/wp-content\/uploads\/2024\/06\/tuyau02.webp","datePublished":"2024-06-19T12:34:30+00:00","dateModified":"2025-10-06T14:05:38+00:00","description":"Tuyau en silicone pour pompe p\u00e9ristaltique de haute qualit\u00e9 et avec diff\u00e9rentes tailles. Ce tuyau est autoclavable et \u00e0 bon prix.","breadcrumb":{"@id":"https:\/\/store.microbiotech.dz\/index.php\/produit\/tuyau-en-silicone-pour-pompe-peristaltique\/#breadcrumb"},"inLanguage":"fr-FR","potentialAction":[{"@type":"ReadAction","target":["https:\/\/store.microbiotech.dz\/index.php\/produit\/tuyau-en-silicone-pour-pompe-peristaltique\/"]}]},{"@type":"ImageObject","inLanguage":"fr-FR","@id":"https:\/\/store.microbiotech.dz\/index.php\/produit\/tuyau-en-silicone-pour-pompe-peristaltique\/#primaryimage","url":"https:\/\/store.microbiotech.dz\/wp-content\/uploads\/2024\/06\/tuyau02.webp","contentUrl":"https:\/\/store.microbiotech.dz\/wp-content\/uploads\/2024\/06\/tuyau02.webp","width":600,"height":600,"caption":"Tuyau en silicone pour pompe p\u00e9ristaltique"},{"@type":"BreadcrumbList","@id":"https:\/\/store.microbiotech.dz\/index.php\/produit\/tuyau-en-silicone-pour-pompe-peristaltique\/#breadcrumb","itemListElement":[{"@type":"ListItem","position":1,"name":"Accueil","item":"https:\/\/store.microbiotech.dz\/"},{"@type":"ListItem","position":2,"name":"Nos Produits","item":"https:\/\/store.microbiotech.dz\/index.php\/nos-produits\/"},{"@type":"ListItem","position":3,"name":"Tuyau en silicone pour pompe p\u00e9ristaltique"}]},{"@type":"WebSite","@id":"https:\/\/store.microbiotech.dz\/#website","url":"https:\/\/store.microbiotech.dz\/","name":"La Boutique en ligne","description":"Qualit\u00e9 - Rapidit\u00e9 - Tranquillit\u00e9","publisher":{"@id":"https:\/\/store.microbiotech.dz\/#organization"},"potentialAction":[{"@type":"SearchAction","target":{"@type":"EntryPoint","urlTemplate":"https:\/\/store.microbiotech.dz\/?s={search_term_string}"},"query-input":{"@type":"PropertyValueSpecification","valueRequired":true,"valueName":"search_term_string"}}],"inLanguage":"fr-FR"},{"@type":"Organization","@id":"https:\/\/store.microbiotech.dz\/#organization","name":"Microbiotech EURL","url":"https:\/\/store.microbiotech.dz\/","logo":{"@type":"ImageObject","inLanguage":"fr-FR","@id":"https:\/\/store.microbiotech.dz\/#\/schema\/logo\/image\/","url":"https:\/\/store.microbiotech.dz\/wp-content\/uploads\/2021\/09\/cropped-logo-microbiotech-2.jpg","contentUrl":"https:\/\/store.microbiotech.dz\/wp-content\/uploads\/2021\/09\/cropped-logo-microbiotech-2.jpg","width":815,"height":586,"caption":"Microbiotech EURL"},"image":{"@id":"https:\/\/store.microbiotech.dz\/#\/schema\/logo\/image\/"},"sameAs":["https:\/\/www.facebook.com\/MicroBiotech.dz","https:\/\/x.com\/MicrobiotechD","https:\/\/www.linkedin.com\/in\/microbiotech\/","https:\/\/www.youtube.com\/channel\/UCTxc3VIiX7LXD2LQYfZEcDg"]}]}},"jetpack_sharing_enabled":true,"_links":{"self":[{"href":"https:\/\/store.microbiotech.dz\/index.php\/wp-json\/wp\/v2\/product\/9925","targetHints":{"allow":["GET"]}}],"collection":[{"href":"https:\/\/store.microbiotech.dz\/index.php\/wp-json\/wp\/v2\/product"}],"about":[{"href":"https:\/\/store.microbiotech.dz\/index.php\/wp-json\/wp\/v2\/types\/product"}],"replies":[{"embeddable":true,"href":"https:\/\/store.microbiotech.dz\/index.php\/wp-json\/wp\/v2\/comments?post=9925"}],"wp:featuredmedia":[{"embeddable":true,"href":"https:\/\/store.microbiotech.dz\/index.php\/wp-json\/wp\/v2\/media\/9933"}],"wp:attachment":[{"href":"https:\/\/store.microbiotech.dz\/index.php\/wp-json\/wp\/v2\/media?parent=9925"}],"wp:term":[{"taxonomy":"product_brand","embeddable":true,"href":"https:\/\/store.microbiotech.dz\/index.php\/wp-json\/wp\/v2\/product_brand?post=9925"},{"taxonomy":"product_cat","embeddable":true,"href":"https:\/\/store.microbiotech.dz\/index.php\/wp-json\/wp\/v2\/product_cat?post=9925"},{"taxonomy":"product_tag","embeddable":true,"href":"https:\/\/store.microbiotech.dz\/index.php\/wp-json\/wp\/v2\/product_tag?post=9925"}],"curies":[{"name":"wp","href":"https:\/\/api.w.org\/{rel}","templated":true}]}}