{"id":982,"date":"2021-12-16T18:17:04","date_gmt":"2021-12-16T17:17:04","guid":{"rendered":"https:\/\/store.microbiotech.dz\/?post_type=product&#038;p=982"},"modified":"2023-04-24T12:31:46","modified_gmt":"2023-04-24T11:31:46","slug":"condensateur-refrigerant-a-boules","status":"publish","type":"product","link":"https:\/\/store.microbiotech.dz\/index.php\/produit\/condensateur-refrigerant-a-boules\/","title":{"rendered":"Condensateur (R\u00e9frig\u00e9rant \u00e0 boules ou \u00e0 serpentin)"},"content":{"rendered":"<p><span data-spm-anchor-id=\"a2700.wholesale.0.i35.4bf249c8lF36ZT\">Un condensateur est un appareil ou \u00e9quipement utilis\u00e9 pour condenser (changement d&rsquo;\u00e9tat physique d&rsquo;une substance de gaz \u00e0 liquide). <\/span>Dans un laboratoire les condenseurs sont g\u00e9n\u00e9ralement utilis\u00e9s dans des proc\u00e9dures impliquant des liquides organiques transform\u00e9s \u00e0 l&rsquo;\u00e9tat gazeux par chauffage, avec ou sans pression (application vide) bien que les applications inorganiques et autres chimiques existent.<\/p>\n","protected":false},"excerpt":{"rendered":"<table border=\"0\">\n<tbody>\n<tr>\n<td>\n<table style=\"height: 343px;\" border=\"0\" width=\"940\">\n<tbody>\n<tr>\n<td>\u00a0Marque<\/td>\n<td><strong>JOAN LAB<\/strong><\/td>\n<\/tr>\n<tr>\n<td>Nom du produit<\/td>\n<td>Condensateur de distillation (ou R\u00e9frig\u00e9rant \u00e0 boules)<\/td>\n<\/tr>\n<tr>\n<td>Type de verre<\/td>\n<td><strong>Boro 3.3<\/strong><\/td>\n<\/tr>\n<tr>\n<td rowspan=\"2\"><span style=\"font-size: 16px; font-style: normal; font-weight: 400;\">Avantages<\/span><\/td>\n<td><span style=\"font-size: 16px; font-style: normal; font-weight: 400; text-align: justify;\">1. R\u00e9sistant \u00e0 la chaleur et aux produits chimiques<\/span><\/td>\n<\/tr>\n<tr>\n<td><span style=\"font-size: 16px; font-style: normal; font-weight: 400; text-align: justify;\">2. Haute puret\u00e9, pas de bulles et de traces<\/span><\/td>\n<\/tr>\n<tr>\n<td><\/td>\n<td>\n<p align=\"justify\">3.\u00a0Norme internationale<\/p>\n<p align=\"justify\">4. Prix abordable<\/p>\n<\/td>\n<\/tr>\n<\/tbody>\n<\/table>\n<\/td>\n<\/tr>\n<\/tbody>\n<\/table>\n<p data-spm-anchor-id=\"a2700.wholesale.0.i29.38c53ed4NfRWS6\">\n","protected":false},"featured_media":984,"comment_status":"open","ping_status":"closed","template":"","meta":{"site-sidebar-layout":"default","site-content-layout":"default","ast-site-content-layout":"default","site-content-style":"default","site-sidebar-style":"default","ast-global-header-display":"","ast-banner-title-visibility":"","ast-main-header-display":"","ast-hfb-above-header-display":"","ast-hfb-below-header-display":"","ast-hfb-mobile-header-display":"","site-post-title":"","ast-breadcrumbs-content":"","ast-featured-img":"","footer-sml-layout":"","ast-disable-related-posts":"","theme-transparent-header-meta":"default","adv-header-id-meta":"","stick-header-meta":"","header-above-stick-meta":"","header-main-stick-meta":"","header-below-stick-meta":"","astra-migrate-meta-layouts":"default","ast-page-background-enabled":"default","ast-page-background-meta":{"desktop":{"background-color":"var(--ast-global-color-4)","background-image":"","background-repeat":"repeat","background-position":"center center","background-size":"auto","background-attachment":"scroll","background-type":"","background-media":"","overlay-type":"","overlay-color":"","overlay-opacity":"","overlay-gradient":""},"tablet":{"background-color":"","background-image":"","background-repeat":"repeat","background-position":"center center","background-size":"auto","background-attachment":"scroll","background-type":"","background-media":"","overlay-type":"","overlay-color":"","overlay-opacity":"","overlay-gradient":""},"mobile":{"background-color":"","background-image":"","background-repeat":"repeat","background-position":"center center","background-size":"auto","background-attachment":"scroll","background-type":"","background-media":"","overlay-type":"","overlay-color":"","overlay-opacity":"","overlay-gradient":""}},"ast-content-background-meta":{"desktop":{"background-color":"var(--ast-global-color-5)","background-image":"","background-repeat":"repeat","background-position":"center center","background-size":"auto","background-attachment":"scroll","background-type":"","background-media":"","overlay-type":"","overlay-color":"","overlay-opacity":"","overlay-gradient":""},"tablet":{"background-color":"var(--ast-global-color-5)","background-image":"","background-repeat":"repeat","background-position":"center center","background-size":"auto","background-attachment":"scroll","background-type":"","background-media":"","overlay-type":"","overlay-color":"","overlay-opacity":"","overlay-gradient":""},"mobile":{"background-color":"var(--ast-global-color-5)","background-image":"","background-repeat":"repeat","background-position":"center center","background-size":"auto","background-attachment":"scroll","background-type":"","background-media":"","overlay-type":"","overlay-color":"","overlay-opacity":"","overlay-gradient":""}},"jetpack_post_was_ever_published":false},"product_brand":[],"product_cat":[238,239],"product_tag":[368,537,288,367,369],"class_list":{"0":"post-982","1":"product","2":"type-product","3":"status-publish","4":"has-post-thumbnail","6":"product_cat-equipements","7":"product_cat-verrerie","8":"product_tag-condensateur","9":"product_tag-f77","10":"product_tag-joan-lab","11":"product_tag-refrigerant-a-boule","12":"product_tag-soxhlet","13":"product_shipping_class-temperature-ambiante","14":"desktop-align-center","15":"tablet-align-left","16":"mobile-align-left","18":"first","19":"instock","20":"taxable","21":"shipping-taxable","22":"purchasable","23":"product-type-variable"},"yoast_head":"<!-- This site is optimized with the Yoast SEO plugin v27.5 - https:\/\/yoast.com\/product\/yoast-seo-wordpress\/ -->\n<title>Condensateur (R\u00e9frig\u00e9rant \u00e0 boules ou \u00e0 serpentin)<\/title>\n<meta name=\"description\" content=\"Un Condensateur (R\u00e9frig\u00e9rant \u00e0 boules ou \u00e0 serpentin) condensateur est utilis\u00e9 pour changer l&#039;\u00e9tat physique d&#039;une substance de gaz \u00e0 liquide.\" \/>\n<meta name=\"robots\" content=\"index, follow, max-snippet:-1, max-image-preview:large, max-video-preview:-1\" \/>\n<link rel=\"canonical\" href=\"https:\/\/store.microbiotech.dz\/index.php\/produit\/condensateur-refrigerant-a-boules\/\" \/>\n<meta property=\"og:locale\" content=\"fr_FR\" \/>\n<meta property=\"og:type\" content=\"article\" \/>\n<meta property=\"og:title\" content=\"Condensateur (R\u00e9frig\u00e9rant \u00e0 boules ou \u00e0 serpentin)\" \/>\n<meta property=\"og:description\" content=\"Un Condensateur (R\u00e9frig\u00e9rant \u00e0 boules ou \u00e0 serpentin) condensateur est utilis\u00e9 pour changer l&#039;\u00e9tat physique d&#039;une substance de gaz \u00e0 liquide.\" \/>\n<meta property=\"og:url\" content=\"https:\/\/store.microbiotech.dz\/index.php\/produit\/condensateur-refrigerant-a-boules\/\" \/>\n<meta property=\"og:site_name\" content=\"La Boutique en ligne\" \/>\n<meta property=\"article:publisher\" content=\"https:\/\/www.facebook.com\/MicroBiotech.dz\" \/>\n<meta property=\"article:modified_time\" content=\"2023-04-24T11:31:46+00:00\" \/>\n<meta property=\"og:image\" content=\"https:\/\/store.microbiotech.dz\/wp-content\/uploads\/2021\/12\/refregerant-a-boules.jpg\" \/>\n\t<meta property=\"og:image:width\" content=\"800\" \/>\n\t<meta property=\"og:image:height\" content=\"800\" \/>\n\t<meta property=\"og:image:type\" content=\"image\/jpeg\" \/>\n<meta name=\"twitter:card\" content=\"summary_large_image\" \/>\n<meta name=\"twitter:site\" content=\"@MicrobiotechD\" \/>\n<script type=\"application\/ld+json\" class=\"yoast-schema-graph\">{\"@context\":\"https:\\\/\\\/schema.org\",\"@graph\":[{\"@type\":\"WebPage\",\"@id\":\"https:\\\/\\\/store.microbiotech.dz\\\/index.php\\\/produit\\\/condensateur-refrigerant-a-boules\\\/\",\"url\":\"https:\\\/\\\/store.microbiotech.dz\\\/index.php\\\/produit\\\/condensateur-refrigerant-a-boules\\\/\",\"name\":\"Condensateur (R\u00e9frig\u00e9rant \u00e0 boules ou \u00e0 serpentin)\",\"isPartOf\":{\"@id\":\"https:\\\/\\\/store.microbiotech.dz\\\/#website\"},\"primaryImageOfPage\":{\"@id\":\"https:\\\/\\\/store.microbiotech.dz\\\/index.php\\\/produit\\\/condensateur-refrigerant-a-boules\\\/#primaryimage\"},\"image\":{\"@id\":\"https:\\\/\\\/store.microbiotech.dz\\\/index.php\\\/produit\\\/condensateur-refrigerant-a-boules\\\/#primaryimage\"},\"thumbnailUrl\":\"https:\\\/\\\/store.microbiotech.dz\\\/wp-content\\\/uploads\\\/2021\\\/12\\\/refregerant-a-boules.jpg\",\"datePublished\":\"2021-12-16T17:17:04+00:00\",\"dateModified\":\"2023-04-24T11:31:46+00:00\",\"description\":\"Un Condensateur (R\u00e9frig\u00e9rant \u00e0 boules ou \u00e0 serpentin) condensateur est utilis\u00e9 pour changer l'\u00e9tat physique d'une substance de gaz \u00e0 liquide.\",\"breadcrumb\":{\"@id\":\"https:\\\/\\\/store.microbiotech.dz\\\/index.php\\\/produit\\\/condensateur-refrigerant-a-boules\\\/#breadcrumb\"},\"inLanguage\":\"fr-FR\",\"potentialAction\":[{\"@type\":\"ReadAction\",\"target\":[\"https:\\\/\\\/store.microbiotech.dz\\\/index.php\\\/produit\\\/condensateur-refrigerant-a-boules\\\/\"]}]},{\"@type\":\"ImageObject\",\"inLanguage\":\"fr-FR\",\"@id\":\"https:\\\/\\\/store.microbiotech.dz\\\/index.php\\\/produit\\\/condensateur-refrigerant-a-boules\\\/#primaryimage\",\"url\":\"https:\\\/\\\/store.microbiotech.dz\\\/wp-content\\\/uploads\\\/2021\\\/12\\\/refregerant-a-boules.jpg\",\"contentUrl\":\"https:\\\/\\\/store.microbiotech.dz\\\/wp-content\\\/uploads\\\/2021\\\/12\\\/refregerant-a-boules.jpg\",\"width\":800,\"height\":800,\"caption\":\"Condensateur (R\u00e9frig\u00e9rant \u00e0 boules ou \u00e0 serpentin)\"},{\"@type\":\"BreadcrumbList\",\"@id\":\"https:\\\/\\\/store.microbiotech.dz\\\/index.php\\\/produit\\\/condensateur-refrigerant-a-boules\\\/#breadcrumb\",\"itemListElement\":[{\"@type\":\"ListItem\",\"position\":1,\"name\":\"Accueil\",\"item\":\"https:\\\/\\\/store.microbiotech.dz\\\/\"},{\"@type\":\"ListItem\",\"position\":2,\"name\":\"Nos Produits\",\"item\":\"https:\\\/\\\/store.microbiotech.dz\\\/index.php\\\/nos-produits\\\/\"},{\"@type\":\"ListItem\",\"position\":3,\"name\":\"Condensateur (R\u00e9frig\u00e9rant \u00e0 boules ou \u00e0 serpentin)\"}]},{\"@type\":\"WebSite\",\"@id\":\"https:\\\/\\\/store.microbiotech.dz\\\/#website\",\"url\":\"https:\\\/\\\/store.microbiotech.dz\\\/\",\"name\":\"La Boutique en ligne\",\"description\":\"Qualit\u00e9 - Rapidit\u00e9 - Tranquillit\u00e9\",\"publisher\":{\"@id\":\"https:\\\/\\\/store.microbiotech.dz\\\/#organization\"},\"potentialAction\":[{\"@type\":\"SearchAction\",\"target\":{\"@type\":\"EntryPoint\",\"urlTemplate\":\"https:\\\/\\\/store.microbiotech.dz\\\/?s={search_term_string}\"},\"query-input\":{\"@type\":\"PropertyValueSpecification\",\"valueRequired\":true,\"valueName\":\"search_term_string\"}}],\"inLanguage\":\"fr-FR\"},{\"@type\":\"Organization\",\"@id\":\"https:\\\/\\\/store.microbiotech.dz\\\/#organization\",\"name\":\"Microbiotech EURL\",\"url\":\"https:\\\/\\\/store.microbiotech.dz\\\/\",\"logo\":{\"@type\":\"ImageObject\",\"inLanguage\":\"fr-FR\",\"@id\":\"https:\\\/\\\/store.microbiotech.dz\\\/#\\\/schema\\\/logo\\\/image\\\/\",\"url\":\"https:\\\/\\\/store.microbiotech.dz\\\/wp-content\\\/uploads\\\/2021\\\/09\\\/cropped-logo-microbiotech-2.jpg\",\"contentUrl\":\"https:\\\/\\\/store.microbiotech.dz\\\/wp-content\\\/uploads\\\/2021\\\/09\\\/cropped-logo-microbiotech-2.jpg\",\"width\":815,\"height\":586,\"caption\":\"Microbiotech EURL\"},\"image\":{\"@id\":\"https:\\\/\\\/store.microbiotech.dz\\\/#\\\/schema\\\/logo\\\/image\\\/\"},\"sameAs\":[\"https:\\\/\\\/www.facebook.com\\\/MicroBiotech.dz\",\"https:\\\/\\\/x.com\\\/MicrobiotechD\",\"https:\\\/\\\/www.linkedin.com\\\/in\\\/microbiotech\\\/\",\"https:\\\/\\\/www.youtube.com\\\/channel\\\/UCTxc3VIiX7LXD2LQYfZEcDg\"]}]}<\/script>\n<!-- \/ Yoast SEO plugin. -->","yoast_head_json":{"title":"Condensateur (R\u00e9frig\u00e9rant \u00e0 boules ou \u00e0 serpentin)","description":"Un Condensateur (R\u00e9frig\u00e9rant \u00e0 boules ou \u00e0 serpentin) condensateur est utilis\u00e9 pour changer l'\u00e9tat physique d'une substance de gaz \u00e0 liquide.","robots":{"index":"index","follow":"follow","max-snippet":"max-snippet:-1","max-image-preview":"max-image-preview:large","max-video-preview":"max-video-preview:-1"},"canonical":"https:\/\/store.microbiotech.dz\/index.php\/produit\/condensateur-refrigerant-a-boules\/","og_locale":"fr_FR","og_type":"article","og_title":"Condensateur (R\u00e9frig\u00e9rant \u00e0 boules ou \u00e0 serpentin)","og_description":"Un Condensateur (R\u00e9frig\u00e9rant \u00e0 boules ou \u00e0 serpentin) condensateur est utilis\u00e9 pour changer l'\u00e9tat physique d'une substance de gaz \u00e0 liquide.","og_url":"https:\/\/store.microbiotech.dz\/index.php\/produit\/condensateur-refrigerant-a-boules\/","og_site_name":"La Boutique en ligne","article_publisher":"https:\/\/www.facebook.com\/MicroBiotech.dz","article_modified_time":"2023-04-24T11:31:46+00:00","og_image":[{"width":800,"height":800,"url":"https:\/\/store.microbiotech.dz\/wp-content\/uploads\/2021\/12\/refregerant-a-boules.jpg","type":"image\/jpeg"}],"twitter_card":"summary_large_image","twitter_site":"@MicrobiotechD","schema":{"@context":"https:\/\/schema.org","@graph":[{"@type":"WebPage","@id":"https:\/\/store.microbiotech.dz\/index.php\/produit\/condensateur-refrigerant-a-boules\/","url":"https:\/\/store.microbiotech.dz\/index.php\/produit\/condensateur-refrigerant-a-boules\/","name":"Condensateur (R\u00e9frig\u00e9rant \u00e0 boules ou \u00e0 serpentin)","isPartOf":{"@id":"https:\/\/store.microbiotech.dz\/#website"},"primaryImageOfPage":{"@id":"https:\/\/store.microbiotech.dz\/index.php\/produit\/condensateur-refrigerant-a-boules\/#primaryimage"},"image":{"@id":"https:\/\/store.microbiotech.dz\/index.php\/produit\/condensateur-refrigerant-a-boules\/#primaryimage"},"thumbnailUrl":"https:\/\/store.microbiotech.dz\/wp-content\/uploads\/2021\/12\/refregerant-a-boules.jpg","datePublished":"2021-12-16T17:17:04+00:00","dateModified":"2023-04-24T11:31:46+00:00","description":"Un Condensateur (R\u00e9frig\u00e9rant \u00e0 boules ou \u00e0 serpentin) condensateur est utilis\u00e9 pour changer l'\u00e9tat physique d'une substance de gaz \u00e0 liquide.","breadcrumb":{"@id":"https:\/\/store.microbiotech.dz\/index.php\/produit\/condensateur-refrigerant-a-boules\/#breadcrumb"},"inLanguage":"fr-FR","potentialAction":[{"@type":"ReadAction","target":["https:\/\/store.microbiotech.dz\/index.php\/produit\/condensateur-refrigerant-a-boules\/"]}]},{"@type":"ImageObject","inLanguage":"fr-FR","@id":"https:\/\/store.microbiotech.dz\/index.php\/produit\/condensateur-refrigerant-a-boules\/#primaryimage","url":"https:\/\/store.microbiotech.dz\/wp-content\/uploads\/2021\/12\/refregerant-a-boules.jpg","contentUrl":"https:\/\/store.microbiotech.dz\/wp-content\/uploads\/2021\/12\/refregerant-a-boules.jpg","width":800,"height":800,"caption":"Condensateur (R\u00e9frig\u00e9rant \u00e0 boules ou \u00e0 serpentin)"},{"@type":"BreadcrumbList","@id":"https:\/\/store.microbiotech.dz\/index.php\/produit\/condensateur-refrigerant-a-boules\/#breadcrumb","itemListElement":[{"@type":"ListItem","position":1,"name":"Accueil","item":"https:\/\/store.microbiotech.dz\/"},{"@type":"ListItem","position":2,"name":"Nos Produits","item":"https:\/\/store.microbiotech.dz\/index.php\/nos-produits\/"},{"@type":"ListItem","position":3,"name":"Condensateur (R\u00e9frig\u00e9rant \u00e0 boules ou \u00e0 serpentin)"}]},{"@type":"WebSite","@id":"https:\/\/store.microbiotech.dz\/#website","url":"https:\/\/store.microbiotech.dz\/","name":"La Boutique en ligne","description":"Qualit\u00e9 - Rapidit\u00e9 - Tranquillit\u00e9","publisher":{"@id":"https:\/\/store.microbiotech.dz\/#organization"},"potentialAction":[{"@type":"SearchAction","target":{"@type":"EntryPoint","urlTemplate":"https:\/\/store.microbiotech.dz\/?s={search_term_string}"},"query-input":{"@type":"PropertyValueSpecification","valueRequired":true,"valueName":"search_term_string"}}],"inLanguage":"fr-FR"},{"@type":"Organization","@id":"https:\/\/store.microbiotech.dz\/#organization","name":"Microbiotech EURL","url":"https:\/\/store.microbiotech.dz\/","logo":{"@type":"ImageObject","inLanguage":"fr-FR","@id":"https:\/\/store.microbiotech.dz\/#\/schema\/logo\/image\/","url":"https:\/\/store.microbiotech.dz\/wp-content\/uploads\/2021\/09\/cropped-logo-microbiotech-2.jpg","contentUrl":"https:\/\/store.microbiotech.dz\/wp-content\/uploads\/2021\/09\/cropped-logo-microbiotech-2.jpg","width":815,"height":586,"caption":"Microbiotech EURL"},"image":{"@id":"https:\/\/store.microbiotech.dz\/#\/schema\/logo\/image\/"},"sameAs":["https:\/\/www.facebook.com\/MicroBiotech.dz","https:\/\/x.com\/MicrobiotechD","https:\/\/www.linkedin.com\/in\/microbiotech\/","https:\/\/www.youtube.com\/channel\/UCTxc3VIiX7LXD2LQYfZEcDg"]}]}},"jetpack_sharing_enabled":true,"_links":{"self":[{"href":"https:\/\/store.microbiotech.dz\/index.php\/wp-json\/wp\/v2\/product\/982","targetHints":{"allow":["GET"]}}],"collection":[{"href":"https:\/\/store.microbiotech.dz\/index.php\/wp-json\/wp\/v2\/product"}],"about":[{"href":"https:\/\/store.microbiotech.dz\/index.php\/wp-json\/wp\/v2\/types\/product"}],"replies":[{"embeddable":true,"href":"https:\/\/store.microbiotech.dz\/index.php\/wp-json\/wp\/v2\/comments?post=982"}],"wp:featuredmedia":[{"embeddable":true,"href":"https:\/\/store.microbiotech.dz\/index.php\/wp-json\/wp\/v2\/media\/984"}],"wp:attachment":[{"href":"https:\/\/store.microbiotech.dz\/index.php\/wp-json\/wp\/v2\/media?parent=982"}],"wp:term":[{"taxonomy":"product_brand","embeddable":true,"href":"https:\/\/store.microbiotech.dz\/index.php\/wp-json\/wp\/v2\/product_brand?post=982"},{"taxonomy":"product_cat","embeddable":true,"href":"https:\/\/store.microbiotech.dz\/index.php\/wp-json\/wp\/v2\/product_cat?post=982"},{"taxonomy":"product_tag","embeddable":true,"href":"https:\/\/store.microbiotech.dz\/index.php\/wp-json\/wp\/v2\/product_tag?post=982"}],"curies":[{"name":"wp","href":"https:\/\/api.w.org\/{rel}","templated":true}]}}