{"id":9744,"date":"2024-06-02T18:27:35","date_gmt":"2024-06-02T17:27:35","guid":{"rendered":"https:\/\/store.microbiotech.dz\/?post_type=product&#038;p=9744"},"modified":"2026-02-16T12:02:15","modified_gmt":"2026-02-16T11:02:15","slug":"kit-dextraction-adn-fongique-wiraspin","status":"publish","type":"product","link":"https:\/\/store.microbiotech.dz\/index.php\/produit\/kit-dextraction-adn-fongique-wiraspin\/","title":{"rendered":"Kit d&rsquo;extraction ADN fongique WiraSpin\u00ae"},"content":{"rendered":"<p>Le Kit <a href=\"https:\/\/fr.wikipedia.org\/wiki\/Extraction_d%27ADN\" target=\"_blank\" rel=\"noopener\">d&rsquo;extraction<\/a> d&rsquo;ADN fongique <a href=\"https:\/\/store.microbiotech.dz\/?s=wiraspin\" target=\"_blank\" rel=\"noopener\">WiraSpin<\/a> <span style=\"font-size: 16px;\">offre une m\u00e9thode simple et rapide pour purifier l&rsquo;ADN g\u00e9nomique des champignons, garantissant un ADN purifi\u00e9 exempt de contaminants. Id\u00e9al pour toutes les applications courantes de biologie mol\u00e9culaire telles que la PCR, la digestion enzymatique, le clonage, le s\u00e9quen\u00e7age de l&rsquo;ADN et l&rsquo;analyse par Southern blot, il assure un rendement, une puret\u00e9 et une int\u00e9grit\u00e9 maximales.<\/span><\/p>\n","protected":false},"excerpt":{"rendered":"<p>&nbsp;<\/p>\n<p>Marque :\u00a0<strong>Wiragen<\/strong>\u00a0<img loading=\"lazy\" decoding=\"async\" class=\"alignnone wp-image-2080\" src=\"https:\/\/store.microbiotech.dz\/wp-content\/uploads\/2022\/06\/algeria-flag-300x225.png\" sizes=\"auto, (max-width: 45px) 100vw, 45px\" srcset=\"https:\/\/store.microbiotech.dz\/wp-content\/uploads\/2022\/06\/algeria-flag-300x225.png 300w, https:\/\/store.microbiotech.dz\/wp-content\/uploads\/2022\/06\/algeria-flag-600x450.png 600w, https:\/\/store.microbiotech.dz\/wp-content\/uploads\/2022\/06\/algeria-flag.png 640w\" alt=\"\" width=\"45\" height=\"34\" \/><br \/>\nTemp\u00e9rature de stockage : <strong>temp\u00e9rature ambiante<\/strong><br \/>\nPour: <strong>champignons (Fungi)<\/strong><\/p>\n","protected":false},"featured_media":9678,"comment_status":"open","ping_status":"closed","template":"","meta":{"site-sidebar-layout":"default","site-content-layout":"","ast-site-content-layout":"default","site-content-style":"default","site-sidebar-style":"default","ast-global-header-display":"","ast-banner-title-visibility":"","ast-main-header-display":"","ast-hfb-above-header-display":"","ast-hfb-below-header-display":"","ast-hfb-mobile-header-display":"","site-post-title":"","ast-breadcrumbs-content":"","ast-featured-img":"","footer-sml-layout":"","ast-disable-related-posts":"","theme-transparent-header-meta":"default","adv-header-id-meta":"","stick-header-meta":"","header-above-stick-meta":"","header-main-stick-meta":"","header-below-stick-meta":"","astra-migrate-meta-layouts":"set","ast-page-background-enabled":"default","ast-page-background-meta":{"desktop":{"background-color":"var(--ast-global-color-4)","background-image":"","background-repeat":"repeat","background-position":"center center","background-size":"auto","background-attachment":"scroll","background-type":"","background-media":"","overlay-type":"","overlay-color":"","overlay-opacity":"","overlay-gradient":""},"tablet":{"background-color":"","background-image":"","background-repeat":"repeat","background-position":"center center","background-size":"auto","background-attachment":"scroll","background-type":"","background-media":"","overlay-type":"","overlay-color":"","overlay-opacity":"","overlay-gradient":""},"mobile":{"background-color":"","background-image":"","background-repeat":"repeat","background-position":"center center","background-size":"auto","background-attachment":"scroll","background-type":"","background-media":"","overlay-type":"","overlay-color":"","overlay-opacity":"","overlay-gradient":""}},"ast-content-background-meta":{"desktop":{"background-color":"var(--ast-global-color-5)","background-image":"","background-repeat":"repeat","background-position":"center center","background-size":"auto","background-attachment":"scroll","background-type":"","background-media":"","overlay-type":"","overlay-color":"","overlay-opacity":"","overlay-gradient":""},"tablet":{"background-color":"var(--ast-global-color-5)","background-image":"","background-repeat":"repeat","background-position":"center center","background-size":"auto","background-attachment":"scroll","background-type":"","background-media":"","overlay-type":"","overlay-color":"","overlay-opacity":"","overlay-gradient":""},"mobile":{"background-color":"var(--ast-global-color-5)","background-image":"","background-repeat":"repeat","background-position":"center center","background-size":"auto","background-attachment":"scroll","background-type":"","background-media":"","overlay-type":"","overlay-color":"","overlay-opacity":"","overlay-gradient":""}},"jetpack_post_was_ever_published":false},"product_brand":[],"product_cat":[87],"product_tag":[332,2283,2269,1316,2281,2282,2216,1789,1562,2215],"class_list":{"0":"post-9744","1":"product","2":"type-product","3":"status-publish","4":"has-post-thumbnail","6":"product_cat-biomol","7":"product_tag-adn","8":"product_tag-champignons","9":"product_tag-extraction-adn","10":"product_tag-f108","11":"product_tag-fongique","12":"product_tag-fungi","13":"product_tag-kit-de-purification","14":"product_tag-purification","15":"product_tag-wiragen","16":"product_tag-wiraspin","17":"product_shipping_class-temperature-ambiante","18":"desktop-align-center","19":"tablet-align-left","20":"mobile-align-left","22":"first","23":"instock","24":"taxable","25":"shipping-taxable","26":"purchasable","27":"product-type-variable"},"yoast_head":"<!-- This site is optimized with the Yoast SEO plugin v27.4 - https:\/\/yoast.com\/product\/yoast-seo-wordpress\/ -->\n<title>Kit d&#039;extraction ADN fongique WiraSpin\u00ae - La Boutique en ligne<\/title>\n<meta name=\"description\" content=\"Kit d&#039;extraction d&#039;ADN fongique WiraSpin maintenant disponible sur microbiotech.dz. Alliez haute qualit\u00e9 de purification et prix !\" \/>\n<meta name=\"robots\" content=\"index, follow, max-snippet:-1, max-image-preview:large, max-video-preview:-1\" \/>\n<link rel=\"canonical\" href=\"https:\/\/store.microbiotech.dz\/index.php\/produit\/kit-dextraction-adn-fongique-wiraspin\/\" \/>\n<meta property=\"og:locale\" content=\"fr_FR\" \/>\n<meta property=\"og:type\" content=\"article\" \/>\n<meta property=\"og:title\" content=\"Kit d&#039;extraction ADN fongique WiraSpin\u00ae - La Boutique en ligne\" \/>\n<meta property=\"og:description\" content=\"Kit d&#039;extraction d&#039;ADN fongique WiraSpin maintenant disponible sur microbiotech.dz. Alliez haute qualit\u00e9 de purification et prix !\" \/>\n<meta property=\"og:url\" content=\"https:\/\/store.microbiotech.dz\/index.php\/produit\/kit-dextraction-adn-fongique-wiraspin\/\" \/>\n<meta property=\"og:site_name\" content=\"La Boutique en ligne\" \/>\n<meta property=\"article:publisher\" content=\"https:\/\/www.facebook.com\/MicroBiotech.dz\" \/>\n<meta property=\"article:modified_time\" content=\"2026-02-16T11:02:15+00:00\" \/>\n<meta property=\"og:image\" content=\"https:\/\/store.microbiotech.dz\/wp-content\/uploads\/2024\/05\/dna-extract-bact.webp\" \/>\n\t<meta property=\"og:image:width\" content=\"600\" \/>\n\t<meta property=\"og:image:height\" content=\"600\" \/>\n\t<meta property=\"og:image:type\" content=\"image\/webp\" \/>\n<meta name=\"twitter:card\" content=\"summary_large_image\" \/>\n<meta name=\"twitter:site\" content=\"@MicrobiotechD\" \/>\n<script type=\"application\/ld+json\" class=\"yoast-schema-graph\">{\"@context\":\"https:\\\/\\\/schema.org\",\"@graph\":[{\"@type\":\"WebPage\",\"@id\":\"https:\\\/\\\/store.microbiotech.dz\\\/index.php\\\/produit\\\/kit-dextraction-adn-fongique-wiraspin\\\/\",\"url\":\"https:\\\/\\\/store.microbiotech.dz\\\/index.php\\\/produit\\\/kit-dextraction-adn-fongique-wiraspin\\\/\",\"name\":\"Kit d'extraction ADN fongique WiraSpin\u00ae - La Boutique en ligne\",\"isPartOf\":{\"@id\":\"https:\\\/\\\/store.microbiotech.dz\\\/#website\"},\"primaryImageOfPage\":{\"@id\":\"https:\\\/\\\/store.microbiotech.dz\\\/index.php\\\/produit\\\/kit-dextraction-adn-fongique-wiraspin\\\/#primaryimage\"},\"image\":{\"@id\":\"https:\\\/\\\/store.microbiotech.dz\\\/index.php\\\/produit\\\/kit-dextraction-adn-fongique-wiraspin\\\/#primaryimage\"},\"thumbnailUrl\":\"https:\\\/\\\/store.microbiotech.dz\\\/wp-content\\\/uploads\\\/2024\\\/05\\\/dna-extract-bact.webp\",\"datePublished\":\"2024-06-02T17:27:35+00:00\",\"dateModified\":\"2026-02-16T11:02:15+00:00\",\"description\":\"Kit d'extraction d'ADN fongique WiraSpin maintenant disponible sur microbiotech.dz. Alliez haute qualit\u00e9 de purification et prix !\",\"breadcrumb\":{\"@id\":\"https:\\\/\\\/store.microbiotech.dz\\\/index.php\\\/produit\\\/kit-dextraction-adn-fongique-wiraspin\\\/#breadcrumb\"},\"inLanguage\":\"fr-FR\",\"potentialAction\":[{\"@type\":\"ReadAction\",\"target\":[\"https:\\\/\\\/store.microbiotech.dz\\\/index.php\\\/produit\\\/kit-dextraction-adn-fongique-wiraspin\\\/\"]}]},{\"@type\":\"ImageObject\",\"inLanguage\":\"fr-FR\",\"@id\":\"https:\\\/\\\/store.microbiotech.dz\\\/index.php\\\/produit\\\/kit-dextraction-adn-fongique-wiraspin\\\/#primaryimage\",\"url\":\"https:\\\/\\\/store.microbiotech.dz\\\/wp-content\\\/uploads\\\/2024\\\/05\\\/dna-extract-bact.webp\",\"contentUrl\":\"https:\\\/\\\/store.microbiotech.dz\\\/wp-content\\\/uploads\\\/2024\\\/05\\\/dna-extract-bact.webp\",\"width\":600,\"height\":600,\"caption\":\"Kit d'extraction d'ADN bact\u00e9rien WiraSpin\u00ae\"},{\"@type\":\"BreadcrumbList\",\"@id\":\"https:\\\/\\\/store.microbiotech.dz\\\/index.php\\\/produit\\\/kit-dextraction-adn-fongique-wiraspin\\\/#breadcrumb\",\"itemListElement\":[{\"@type\":\"ListItem\",\"position\":1,\"name\":\"Accueil\",\"item\":\"https:\\\/\\\/store.microbiotech.dz\\\/\"},{\"@type\":\"ListItem\",\"position\":2,\"name\":\"Nos Produits\",\"item\":\"https:\\\/\\\/store.microbiotech.dz\\\/index.php\\\/nos-produits\\\/\"},{\"@type\":\"ListItem\",\"position\":3,\"name\":\"Kit d&rsquo;extraction ADN fongique WiraSpin\u00ae\"}]},{\"@type\":\"WebSite\",\"@id\":\"https:\\\/\\\/store.microbiotech.dz\\\/#website\",\"url\":\"https:\\\/\\\/store.microbiotech.dz\\\/\",\"name\":\"La Boutique en ligne\",\"description\":\"Qualit\u00e9 - Rapidit\u00e9 - Tranquillit\u00e9\",\"publisher\":{\"@id\":\"https:\\\/\\\/store.microbiotech.dz\\\/#organization\"},\"potentialAction\":[{\"@type\":\"SearchAction\",\"target\":{\"@type\":\"EntryPoint\",\"urlTemplate\":\"https:\\\/\\\/store.microbiotech.dz\\\/?s={search_term_string}\"},\"query-input\":{\"@type\":\"PropertyValueSpecification\",\"valueRequired\":true,\"valueName\":\"search_term_string\"}}],\"inLanguage\":\"fr-FR\"},{\"@type\":\"Organization\",\"@id\":\"https:\\\/\\\/store.microbiotech.dz\\\/#organization\",\"name\":\"Microbiotech EURL\",\"url\":\"https:\\\/\\\/store.microbiotech.dz\\\/\",\"logo\":{\"@type\":\"ImageObject\",\"inLanguage\":\"fr-FR\",\"@id\":\"https:\\\/\\\/store.microbiotech.dz\\\/#\\\/schema\\\/logo\\\/image\\\/\",\"url\":\"https:\\\/\\\/store.microbiotech.dz\\\/wp-content\\\/uploads\\\/2021\\\/09\\\/cropped-logo-microbiotech-2.jpg\",\"contentUrl\":\"https:\\\/\\\/store.microbiotech.dz\\\/wp-content\\\/uploads\\\/2021\\\/09\\\/cropped-logo-microbiotech-2.jpg\",\"width\":815,\"height\":586,\"caption\":\"Microbiotech EURL\"},\"image\":{\"@id\":\"https:\\\/\\\/store.microbiotech.dz\\\/#\\\/schema\\\/logo\\\/image\\\/\"},\"sameAs\":[\"https:\\\/\\\/www.facebook.com\\\/MicroBiotech.dz\",\"https:\\\/\\\/x.com\\\/MicrobiotechD\",\"https:\\\/\\\/www.linkedin.com\\\/in\\\/microbiotech\\\/\",\"https:\\\/\\\/www.youtube.com\\\/channel\\\/UCTxc3VIiX7LXD2LQYfZEcDg\"]}]}<\/script>\n<!-- \/ Yoast SEO plugin. -->","yoast_head_json":{"title":"Kit d'extraction ADN fongique WiraSpin\u00ae - La Boutique en ligne","description":"Kit d'extraction d'ADN fongique WiraSpin maintenant disponible sur microbiotech.dz. Alliez haute qualit\u00e9 de purification et prix !","robots":{"index":"index","follow":"follow","max-snippet":"max-snippet:-1","max-image-preview":"max-image-preview:large","max-video-preview":"max-video-preview:-1"},"canonical":"https:\/\/store.microbiotech.dz\/index.php\/produit\/kit-dextraction-adn-fongique-wiraspin\/","og_locale":"fr_FR","og_type":"article","og_title":"Kit d'extraction ADN fongique WiraSpin\u00ae - La Boutique en ligne","og_description":"Kit d'extraction d'ADN fongique WiraSpin maintenant disponible sur microbiotech.dz. Alliez haute qualit\u00e9 de purification et prix !","og_url":"https:\/\/store.microbiotech.dz\/index.php\/produit\/kit-dextraction-adn-fongique-wiraspin\/","og_site_name":"La Boutique en ligne","article_publisher":"https:\/\/www.facebook.com\/MicroBiotech.dz","article_modified_time":"2026-02-16T11:02:15+00:00","og_image":[{"width":600,"height":600,"url":"https:\/\/store.microbiotech.dz\/wp-content\/uploads\/2024\/05\/dna-extract-bact.webp","type":"image\/webp"}],"twitter_card":"summary_large_image","twitter_site":"@MicrobiotechD","schema":{"@context":"https:\/\/schema.org","@graph":[{"@type":"WebPage","@id":"https:\/\/store.microbiotech.dz\/index.php\/produit\/kit-dextraction-adn-fongique-wiraspin\/","url":"https:\/\/store.microbiotech.dz\/index.php\/produit\/kit-dextraction-adn-fongique-wiraspin\/","name":"Kit d'extraction ADN fongique WiraSpin\u00ae - La Boutique en ligne","isPartOf":{"@id":"https:\/\/store.microbiotech.dz\/#website"},"primaryImageOfPage":{"@id":"https:\/\/store.microbiotech.dz\/index.php\/produit\/kit-dextraction-adn-fongique-wiraspin\/#primaryimage"},"image":{"@id":"https:\/\/store.microbiotech.dz\/index.php\/produit\/kit-dextraction-adn-fongique-wiraspin\/#primaryimage"},"thumbnailUrl":"https:\/\/store.microbiotech.dz\/wp-content\/uploads\/2024\/05\/dna-extract-bact.webp","datePublished":"2024-06-02T17:27:35+00:00","dateModified":"2026-02-16T11:02:15+00:00","description":"Kit d'extraction d'ADN fongique WiraSpin maintenant disponible sur microbiotech.dz. Alliez haute qualit\u00e9 de purification et prix !","breadcrumb":{"@id":"https:\/\/store.microbiotech.dz\/index.php\/produit\/kit-dextraction-adn-fongique-wiraspin\/#breadcrumb"},"inLanguage":"fr-FR","potentialAction":[{"@type":"ReadAction","target":["https:\/\/store.microbiotech.dz\/index.php\/produit\/kit-dextraction-adn-fongique-wiraspin\/"]}]},{"@type":"ImageObject","inLanguage":"fr-FR","@id":"https:\/\/store.microbiotech.dz\/index.php\/produit\/kit-dextraction-adn-fongique-wiraspin\/#primaryimage","url":"https:\/\/store.microbiotech.dz\/wp-content\/uploads\/2024\/05\/dna-extract-bact.webp","contentUrl":"https:\/\/store.microbiotech.dz\/wp-content\/uploads\/2024\/05\/dna-extract-bact.webp","width":600,"height":600,"caption":"Kit d'extraction d'ADN bact\u00e9rien WiraSpin\u00ae"},{"@type":"BreadcrumbList","@id":"https:\/\/store.microbiotech.dz\/index.php\/produit\/kit-dextraction-adn-fongique-wiraspin\/#breadcrumb","itemListElement":[{"@type":"ListItem","position":1,"name":"Accueil","item":"https:\/\/store.microbiotech.dz\/"},{"@type":"ListItem","position":2,"name":"Nos Produits","item":"https:\/\/store.microbiotech.dz\/index.php\/nos-produits\/"},{"@type":"ListItem","position":3,"name":"Kit d&rsquo;extraction ADN fongique WiraSpin\u00ae"}]},{"@type":"WebSite","@id":"https:\/\/store.microbiotech.dz\/#website","url":"https:\/\/store.microbiotech.dz\/","name":"La Boutique en ligne","description":"Qualit\u00e9 - Rapidit\u00e9 - Tranquillit\u00e9","publisher":{"@id":"https:\/\/store.microbiotech.dz\/#organization"},"potentialAction":[{"@type":"SearchAction","target":{"@type":"EntryPoint","urlTemplate":"https:\/\/store.microbiotech.dz\/?s={search_term_string}"},"query-input":{"@type":"PropertyValueSpecification","valueRequired":true,"valueName":"search_term_string"}}],"inLanguage":"fr-FR"},{"@type":"Organization","@id":"https:\/\/store.microbiotech.dz\/#organization","name":"Microbiotech EURL","url":"https:\/\/store.microbiotech.dz\/","logo":{"@type":"ImageObject","inLanguage":"fr-FR","@id":"https:\/\/store.microbiotech.dz\/#\/schema\/logo\/image\/","url":"https:\/\/store.microbiotech.dz\/wp-content\/uploads\/2021\/09\/cropped-logo-microbiotech-2.jpg","contentUrl":"https:\/\/store.microbiotech.dz\/wp-content\/uploads\/2021\/09\/cropped-logo-microbiotech-2.jpg","width":815,"height":586,"caption":"Microbiotech EURL"},"image":{"@id":"https:\/\/store.microbiotech.dz\/#\/schema\/logo\/image\/"},"sameAs":["https:\/\/www.facebook.com\/MicroBiotech.dz","https:\/\/x.com\/MicrobiotechD","https:\/\/www.linkedin.com\/in\/microbiotech\/","https:\/\/www.youtube.com\/channel\/UCTxc3VIiX7LXD2LQYfZEcDg"]}]}},"jetpack_sharing_enabled":true,"_links":{"self":[{"href":"https:\/\/store.microbiotech.dz\/index.php\/wp-json\/wp\/v2\/product\/9744","targetHints":{"allow":["GET"]}}],"collection":[{"href":"https:\/\/store.microbiotech.dz\/index.php\/wp-json\/wp\/v2\/product"}],"about":[{"href":"https:\/\/store.microbiotech.dz\/index.php\/wp-json\/wp\/v2\/types\/product"}],"replies":[{"embeddable":true,"href":"https:\/\/store.microbiotech.dz\/index.php\/wp-json\/wp\/v2\/comments?post=9744"}],"wp:featuredmedia":[{"embeddable":true,"href":"https:\/\/store.microbiotech.dz\/index.php\/wp-json\/wp\/v2\/media\/9678"}],"wp:attachment":[{"href":"https:\/\/store.microbiotech.dz\/index.php\/wp-json\/wp\/v2\/media?parent=9744"}],"wp:term":[{"taxonomy":"product_brand","embeddable":true,"href":"https:\/\/store.microbiotech.dz\/index.php\/wp-json\/wp\/v2\/product_brand?post=9744"},{"taxonomy":"product_cat","embeddable":true,"href":"https:\/\/store.microbiotech.dz\/index.php\/wp-json\/wp\/v2\/product_cat?post=9744"},{"taxonomy":"product_tag","embeddable":true,"href":"https:\/\/store.microbiotech.dz\/index.php\/wp-json\/wp\/v2\/product_tag?post=9744"}],"curies":[{"name":"wp","href":"https:\/\/api.w.org\/{rel}","templated":true}]}}