{"id":964,"date":"2021-12-14T10:15:48","date_gmt":"2021-12-14T09:15:48","guid":{"rendered":"https:\/\/store.microbiotech.dz\/?post_type=product&#038;p=964"},"modified":"2025-07-02T14:33:21","modified_gmt":"2025-07-02T13:33:21","slug":"bouillon-t-s-b-trypticase-soja","status":"publish","type":"product","link":"https:\/\/store.microbiotech.dz\/index.php\/produit\/bouillon-t-s-b-trypticase-soja\/","title":{"rendered":"Bouillon T.S.B (Trypticase Soja \/ CASO)"},"content":{"rendered":"<p>Le bouillon trypticase soja (TSB) ou appel\u00e9 aussi CASO est un milieu de culture universel exempt d&rsquo;inhibiteurs et d&rsquo;indicateurs utilis\u00e9 pour l&rsquo;isolement et la culture de bact\u00e9ries a\u00e9robies exigeantes, de levures et de moisissures.<br \/>\nLe milieu est utilis\u00e9 pour les tests de st\u00e9rilit\u00e9 des solutions, des pr\u00e9parations et des produits ainsi comme un bouillon de pr\u00e9-enrichissement pour le test des micro-organismes sp\u00e9cifiques ou pour la d\u00e9termination du nombre de bact\u00e9ries a\u00e9robies viables totales (M\u00e9thode MPN pour les produits non st\u00e9riles) selon les m\u00e9thodes harmonis\u00e9es de EP, USP, JP pour l&rsquo;examen microbien des produits non st\u00e9riles : test de d\u00e9nombrement microbien et tests pour les micro-organismes sp\u00e9cifiques.<\/p>\n","protected":false},"excerpt":{"rendered":"<h6><span style=\"color: #ff0000;\"><strong>P\u00e9remption : 1 an apr\u00e8s fabrication<\/strong><\/span><\/h6>\n<h6><span style=\"color: #ff0000;\">Important :<\/span>\u00a0Volume 180ml disponible temporairement dans des flacons ambr\u00e9s (marron)<\/h6>\n<p>&nbsp;<\/p>\n<p>Marque:\u00a0<strong>Microbiotech<\/strong>\u00a0<img loading=\"lazy\" decoding=\"async\" class=\"alignnone wp-image-2080\" src=\"https:\/\/store.microbiotech.dz\/wp-content\/uploads\/2022\/06\/algeria-flag-300x225.png\" alt=\"\" width=\"61\" height=\"46\" srcset=\"https:\/\/store.microbiotech.dz\/wp-content\/uploads\/2022\/06\/algeria-flag-300x225.png 300w, https:\/\/store.microbiotech.dz\/wp-content\/uploads\/2022\/06\/algeria-flag-600x450.png 600w, https:\/\/store.microbiotech.dz\/wp-content\/uploads\/2022\/06\/algeria-flag.png 640w\" sizes=\"auto, (max-width: 61px) 100vw, 61px\" \/><\/p>\n<p>-Volume: 50- 90 &#8211; 100 &#8211; 180 ml<br \/>\n-Conservation \u00e0 2-8\u00b0C<br \/>\n-12 mois de validit\u00e9<\/p>\n<h3><span style=\"color: #ff0000;\"><strong><span style=\"font-size: 16px; font-style: normal;\">Important ! <\/span><\/strong><\/span><\/h3>\n<p><strong style=\"font-size: 16px; font-style: normal;\">La quantit\u00e9 minimum<\/strong><span style=\"font-size: 16px; font-style: normal; font-weight: 400;\">\u00a0de vente (L\u2019unit\u00e9 de vente) est de\u00a0<\/span><strong style=\"font-size: 16px; font-style: normal;\">un fardeau de 6 Flacons.<\/strong><\/p>\n<p><strong>&#8211; Produit certifi\u00e9 <\/strong>(Certificat \u00e0 la demande)<\/p>\n<p><strong>&#8211; Mati\u00e8re premi\u00e8re (fiche technique) :<\/strong><\/p>\n<ul>\n<li><a href=\"https:\/\/store.microbiotech.dz\/index.php\/produit\/bouillon-tsb-caso-500g\/\">Merck R\u00e9f: 1054590500 <\/a>ou <a href=\"https:\/\/www.condalab.com\/int\/en\/index.php?controller=attachment&amp;id_attachment=23287\">CONDA R\u00e9f: 1224.00<\/a><\/li>\n<li><a href=\"https:\/\/store.microbiotech.dz\/wp-content\/uploads\/2021\/12\/Fiche-technique-Eau-type2.pdf\">Eau de type 2 (Conductivit\u00e9&lt; 1 \u00b5S\/cm, COT&lt; 30 ppb, Bact\u00e9rie&lt; 10ufc\/ml, Particules&lt; 1u\/ml, Pyrog\u00e8nes&lt; 0.001EU\/ml)<\/a><\/li>\n<\/ul>\n<p><strong>&#8211; Emballage :<\/strong><\/p>\n<ul>\n<li>Flacon en verre sodocalcique<\/li>\n<li>Capsule en aluminium avec opercule en PP et un anneau d&rsquo;inviolabilit\u00e9<\/li>\n<li>\u00c9tiquette en PP imprim\u00e9 en r\u00e9sine<\/li>\n<li>fardeau de 6 flacons \/ carton de 6 fardeaux<\/li>\n<\/ul>\n<p>&nbsp;<\/p>\n","protected":false},"featured_media":975,"comment_status":"open","ping_status":"closed","template":"","meta":{"site-sidebar-layout":"default","site-content-layout":"default","ast-site-content-layout":"default","site-content-style":"default","site-sidebar-style":"default","ast-global-header-display":"","ast-banner-title-visibility":"","ast-main-header-display":"","ast-hfb-above-header-display":"","ast-hfb-below-header-display":"","ast-hfb-mobile-header-display":"","site-post-title":"","ast-breadcrumbs-content":"","ast-featured-img":"","footer-sml-layout":"","ast-disable-related-posts":"","theme-transparent-header-meta":"default","adv-header-id-meta":"","stick-header-meta":"","header-above-stick-meta":"","header-main-stick-meta":"","header-below-stick-meta":"","astra-migrate-meta-layouts":"set","ast-page-background-enabled":"default","ast-page-background-meta":{"desktop":{"background-color":"var(--ast-global-color-4)","background-image":"","background-repeat":"repeat","background-position":"center center","background-size":"auto","background-attachment":"scroll","background-type":"","background-media":"","overlay-type":"","overlay-color":"","overlay-opacity":"","overlay-gradient":""},"tablet":{"background-color":"","background-image":"","background-repeat":"repeat","background-position":"center center","background-size":"auto","background-attachment":"scroll","background-type":"","background-media":"","overlay-type":"","overlay-color":"","overlay-opacity":"","overlay-gradient":""},"mobile":{"background-color":"","background-image":"","background-repeat":"repeat","background-position":"center center","background-size":"auto","background-attachment":"scroll","background-type":"","background-media":"","overlay-type":"","overlay-color":"","overlay-opacity":"","overlay-gradient":""}},"ast-content-background-meta":{"desktop":{"background-color":"var(--ast-global-color-5)","background-image":"","background-repeat":"repeat","background-position":"center center","background-size":"auto","background-attachment":"scroll","background-type":"","background-media":"","overlay-type":"","overlay-color":"","overlay-opacity":"","overlay-gradient":""},"tablet":{"background-color":"var(--ast-global-color-5)","background-image":"","background-repeat":"repeat","background-position":"center center","background-size":"auto","background-attachment":"scroll","background-type":"","background-media":"","overlay-type":"","overlay-color":"","overlay-opacity":"","overlay-gradient":""},"mobile":{"background-color":"var(--ast-global-color-5)","background-image":"","background-repeat":"repeat","background-position":"center center","background-size":"auto","background-attachment":"scroll","background-type":"","background-media":"","overlay-type":"","overlay-color":"","overlay-opacity":"","overlay-gradient":""}},"jetpack_post_was_ever_published":false},"product_brand":[],"product_cat":[29,82,26],"product_tag":[147,364,363,146],"class_list":{"0":"post-964","1":"product","2":"type-product","3":"status-publish","4":"has-post-thumbnail","6":"product_cat-bouillons","7":"product_cat-bouillons-hydrates","8":"product_cat-milieux-de-cultures","9":"product_tag-caso","10":"product_tag-microbiotech","11":"product_tag-trypticase-soja","12":"product_tag-tsb","13":"product_shipping_class-temperature-ambiante","14":"desktop-align-center","15":"tablet-align-left","16":"mobile-align-left","18":"first","19":"instock","20":"taxable","21":"shipping-taxable","22":"purchasable","23":"product-type-variable"},"yoast_head":"<!-- This site is optimized with the Yoast SEO plugin v27.5 - https:\/\/yoast.com\/product\/yoast-seo-wordpress\/ -->\n<title>Bouillon T.S.B (Trypticase Soja \/ CASO) - La Boutique en ligne<\/title>\n<meta name=\"description\" content=\"Le bouillon trypticase soja (TSB) ou appel\u00e9 aussi CASO est un milieu de culture universel exempt d&#039;inhibiteurs et d&#039;indicateurs utilis\u00e9 pour l&#039;isolement et la culture de bact\u00e9ries a\u00e9robies exigeantes, de levures et de moisissures.Le milieu est utilis\u00e9 pour les tests de st\u00e9rilit\u00e9 des solutions, des pr\u00e9parations et des produits ainsi comme un bouillon de pr\u00e9-enrichissement pour le test des micro-organismes sp\u00e9cifiques ou pour la d\u00e9termination du nombre de bact\u00e9ries a\u00e9robies viables totales (M\u00e9thode MPN pour les produits non st\u00e9riles) selon les m\u00e9thodes harmonis\u00e9es de EP, USP, JP pour l&#039;examen microbien des produits non st\u00e9riles : test de d\u00e9nombrement microbien et tests pour les micro-organismes sp\u00e9cifiques.\" \/>\n<meta name=\"robots\" content=\"index, follow, max-snippet:-1, max-image-preview:large, max-video-preview:-1\" \/>\n<link rel=\"canonical\" href=\"https:\/\/store.microbiotech.dz\/index.php\/produit\/bouillon-t-s-b-trypticase-soja\/\" \/>\n<meta property=\"og:locale\" content=\"fr_FR\" \/>\n<meta property=\"og:type\" content=\"article\" \/>\n<meta property=\"og:title\" content=\"Bouillon T.S.B (Trypticase Soja \/ CASO) - La Boutique en ligne\" \/>\n<meta property=\"og:description\" content=\"Le bouillon trypticase soja (TSB) ou appel\u00e9 aussi CASO est un milieu de culture universel exempt d&#039;inhibiteurs et d&#039;indicateurs utilis\u00e9 pour l&#039;isolement et la culture de bact\u00e9ries a\u00e9robies exigeantes, de levures et de moisissures.Le milieu est utilis\u00e9 pour les tests de st\u00e9rilit\u00e9 des solutions, des pr\u00e9parations et des produits ainsi comme un bouillon de pr\u00e9-enrichissement pour le test des micro-organismes sp\u00e9cifiques ou pour la d\u00e9termination du nombre de bact\u00e9ries a\u00e9robies viables totales (M\u00e9thode MPN pour les produits non st\u00e9riles) selon les m\u00e9thodes harmonis\u00e9es de EP, USP, JP pour l&#039;examen microbien des produits non st\u00e9riles : test de d\u00e9nombrement microbien et tests pour les micro-organismes sp\u00e9cifiques.\" \/>\n<meta property=\"og:url\" content=\"https:\/\/store.microbiotech.dz\/index.php\/produit\/bouillon-t-s-b-trypticase-soja\/\" \/>\n<meta property=\"og:site_name\" content=\"La Boutique en ligne\" \/>\n<meta property=\"article:publisher\" content=\"https:\/\/www.facebook.com\/MicroBiotech.dz\" \/>\n<meta property=\"article:modified_time\" content=\"2025-07-02T13:33:21+00:00\" \/>\n<meta property=\"og:image\" content=\"https:\/\/store.microbiotech.dz\/wp-content\/uploads\/2021\/12\/TSB-microbiotech100ml.png\" \/>\n\t<meta property=\"og:image:width\" content=\"720\" \/>\n\t<meta property=\"og:image:height\" content=\"840\" \/>\n\t<meta property=\"og:image:type\" content=\"image\/png\" \/>\n<meta name=\"twitter:card\" content=\"summary_large_image\" \/>\n<meta name=\"twitter:site\" content=\"@MicrobiotechD\" \/>\n<meta name=\"twitter:label1\" content=\"Dur\u00e9e de lecture estim\u00e9e\" \/>\n\t<meta name=\"twitter:data1\" content=\"1 minute\" \/>\n<script type=\"application\/ld+json\" class=\"yoast-schema-graph\">{\"@context\":\"https:\\\/\\\/schema.org\",\"@graph\":[{\"@type\":\"WebPage\",\"@id\":\"https:\\\/\\\/store.microbiotech.dz\\\/index.php\\\/produit\\\/bouillon-t-s-b-trypticase-soja\\\/\",\"url\":\"https:\\\/\\\/store.microbiotech.dz\\\/index.php\\\/produit\\\/bouillon-t-s-b-trypticase-soja\\\/\",\"name\":\"Bouillon T.S.B (Trypticase Soja \\\/ CASO) - La Boutique en ligne\",\"isPartOf\":{\"@id\":\"https:\\\/\\\/store.microbiotech.dz\\\/#website\"},\"primaryImageOfPage\":{\"@id\":\"https:\\\/\\\/store.microbiotech.dz\\\/index.php\\\/produit\\\/bouillon-t-s-b-trypticase-soja\\\/#primaryimage\"},\"image\":{\"@id\":\"https:\\\/\\\/store.microbiotech.dz\\\/index.php\\\/produit\\\/bouillon-t-s-b-trypticase-soja\\\/#primaryimage\"},\"thumbnailUrl\":\"https:\\\/\\\/store.microbiotech.dz\\\/wp-content\\\/uploads\\\/2021\\\/12\\\/TSB-microbiotech100ml.png\",\"datePublished\":\"2021-12-14T09:15:48+00:00\",\"dateModified\":\"2025-07-02T13:33:21+00:00\",\"description\":\"Le bouillon trypticase soja (TSB) ou appel\u00e9 aussi CASO est un milieu de culture universel exempt d'inhibiteurs et d'indicateurs utilis\u00e9 pour l'isolement et la culture de bact\u00e9ries a\u00e9robies exigeantes, de levures et de moisissures.Le milieu est utilis\u00e9 pour les tests de st\u00e9rilit\u00e9 des solutions, des pr\u00e9parations et des produits ainsi comme un bouillon de pr\u00e9-enrichissement pour le test des micro-organismes sp\u00e9cifiques ou pour la d\u00e9termination du nombre de bact\u00e9ries a\u00e9robies viables totales (M\u00e9thode MPN pour les produits non st\u00e9riles) selon les m\u00e9thodes harmonis\u00e9es de EP, USP, JP pour l'examen microbien des produits non st\u00e9riles : test de d\u00e9nombrement microbien et tests pour les micro-organismes sp\u00e9cifiques.\",\"breadcrumb\":{\"@id\":\"https:\\\/\\\/store.microbiotech.dz\\\/index.php\\\/produit\\\/bouillon-t-s-b-trypticase-soja\\\/#breadcrumb\"},\"inLanguage\":\"fr-FR\",\"potentialAction\":[{\"@type\":\"ReadAction\",\"target\":[\"https:\\\/\\\/store.microbiotech.dz\\\/index.php\\\/produit\\\/bouillon-t-s-b-trypticase-soja\\\/\"]}]},{\"@type\":\"ImageObject\",\"inLanguage\":\"fr-FR\",\"@id\":\"https:\\\/\\\/store.microbiotech.dz\\\/index.php\\\/produit\\\/bouillon-t-s-b-trypticase-soja\\\/#primaryimage\",\"url\":\"https:\\\/\\\/store.microbiotech.dz\\\/wp-content\\\/uploads\\\/2021\\\/12\\\/TSB-microbiotech100ml.png\",\"contentUrl\":\"https:\\\/\\\/store.microbiotech.dz\\\/wp-content\\\/uploads\\\/2021\\\/12\\\/TSB-microbiotech100ml.png\",\"width\":720,\"height\":840},{\"@type\":\"BreadcrumbList\",\"@id\":\"https:\\\/\\\/store.microbiotech.dz\\\/index.php\\\/produit\\\/bouillon-t-s-b-trypticase-soja\\\/#breadcrumb\",\"itemListElement\":[{\"@type\":\"ListItem\",\"position\":1,\"name\":\"Accueil\",\"item\":\"https:\\\/\\\/store.microbiotech.dz\\\/\"},{\"@type\":\"ListItem\",\"position\":2,\"name\":\"Nos Produits\",\"item\":\"https:\\\/\\\/store.microbiotech.dz\\\/index.php\\\/nos-produits\\\/\"},{\"@type\":\"ListItem\",\"position\":3,\"name\":\"Bouillon T.S.B (Trypticase Soja \\\/ CASO)\"}]},{\"@type\":\"WebSite\",\"@id\":\"https:\\\/\\\/store.microbiotech.dz\\\/#website\",\"url\":\"https:\\\/\\\/store.microbiotech.dz\\\/\",\"name\":\"La Boutique en ligne\",\"description\":\"Qualit\u00e9 - Rapidit\u00e9 - Tranquillit\u00e9\",\"publisher\":{\"@id\":\"https:\\\/\\\/store.microbiotech.dz\\\/#organization\"},\"potentialAction\":[{\"@type\":\"SearchAction\",\"target\":{\"@type\":\"EntryPoint\",\"urlTemplate\":\"https:\\\/\\\/store.microbiotech.dz\\\/?s={search_term_string}\"},\"query-input\":{\"@type\":\"PropertyValueSpecification\",\"valueRequired\":true,\"valueName\":\"search_term_string\"}}],\"inLanguage\":\"fr-FR\"},{\"@type\":\"Organization\",\"@id\":\"https:\\\/\\\/store.microbiotech.dz\\\/#organization\",\"name\":\"Microbiotech EURL\",\"url\":\"https:\\\/\\\/store.microbiotech.dz\\\/\",\"logo\":{\"@type\":\"ImageObject\",\"inLanguage\":\"fr-FR\",\"@id\":\"https:\\\/\\\/store.microbiotech.dz\\\/#\\\/schema\\\/logo\\\/image\\\/\",\"url\":\"https:\\\/\\\/store.microbiotech.dz\\\/wp-content\\\/uploads\\\/2021\\\/09\\\/cropped-logo-microbiotech-2.jpg\",\"contentUrl\":\"https:\\\/\\\/store.microbiotech.dz\\\/wp-content\\\/uploads\\\/2021\\\/09\\\/cropped-logo-microbiotech-2.jpg\",\"width\":815,\"height\":586,\"caption\":\"Microbiotech EURL\"},\"image\":{\"@id\":\"https:\\\/\\\/store.microbiotech.dz\\\/#\\\/schema\\\/logo\\\/image\\\/\"},\"sameAs\":[\"https:\\\/\\\/www.facebook.com\\\/MicroBiotech.dz\",\"https:\\\/\\\/x.com\\\/MicrobiotechD\",\"https:\\\/\\\/www.linkedin.com\\\/in\\\/microbiotech\\\/\",\"https:\\\/\\\/www.youtube.com\\\/channel\\\/UCTxc3VIiX7LXD2LQYfZEcDg\"]}]}<\/script>\n<!-- \/ Yoast SEO plugin. -->","yoast_head_json":{"title":"Bouillon T.S.B (Trypticase Soja \/ CASO) - La Boutique en ligne","description":"Le bouillon trypticase soja (TSB) ou appel\u00e9 aussi CASO est un milieu de culture universel exempt d'inhibiteurs et d'indicateurs utilis\u00e9 pour l'isolement et la culture de bact\u00e9ries a\u00e9robies exigeantes, de levures et de moisissures.Le milieu est utilis\u00e9 pour les tests de st\u00e9rilit\u00e9 des solutions, des pr\u00e9parations et des produits ainsi comme un bouillon de pr\u00e9-enrichissement pour le test des micro-organismes sp\u00e9cifiques ou pour la d\u00e9termination du nombre de bact\u00e9ries a\u00e9robies viables totales (M\u00e9thode MPN pour les produits non st\u00e9riles) selon les m\u00e9thodes harmonis\u00e9es de EP, USP, JP pour l'examen microbien des produits non st\u00e9riles : test de d\u00e9nombrement microbien et tests pour les micro-organismes sp\u00e9cifiques.","robots":{"index":"index","follow":"follow","max-snippet":"max-snippet:-1","max-image-preview":"max-image-preview:large","max-video-preview":"max-video-preview:-1"},"canonical":"https:\/\/store.microbiotech.dz\/index.php\/produit\/bouillon-t-s-b-trypticase-soja\/","og_locale":"fr_FR","og_type":"article","og_title":"Bouillon T.S.B (Trypticase Soja \/ CASO) - La Boutique en ligne","og_description":"Le bouillon trypticase soja (TSB) ou appel\u00e9 aussi CASO est un milieu de culture universel exempt d'inhibiteurs et d'indicateurs utilis\u00e9 pour l'isolement et la culture de bact\u00e9ries a\u00e9robies exigeantes, de levures et de moisissures.Le milieu est utilis\u00e9 pour les tests de st\u00e9rilit\u00e9 des solutions, des pr\u00e9parations et des produits ainsi comme un bouillon de pr\u00e9-enrichissement pour le test des micro-organismes sp\u00e9cifiques ou pour la d\u00e9termination du nombre de bact\u00e9ries a\u00e9robies viables totales (M\u00e9thode MPN pour les produits non st\u00e9riles) selon les m\u00e9thodes harmonis\u00e9es de EP, USP, JP pour l'examen microbien des produits non st\u00e9riles : test de d\u00e9nombrement microbien et tests pour les micro-organismes sp\u00e9cifiques.","og_url":"https:\/\/store.microbiotech.dz\/index.php\/produit\/bouillon-t-s-b-trypticase-soja\/","og_site_name":"La Boutique en ligne","article_publisher":"https:\/\/www.facebook.com\/MicroBiotech.dz","article_modified_time":"2025-07-02T13:33:21+00:00","og_image":[{"width":720,"height":840,"url":"https:\/\/store.microbiotech.dz\/wp-content\/uploads\/2021\/12\/TSB-microbiotech100ml.png","type":"image\/png"}],"twitter_card":"summary_large_image","twitter_site":"@MicrobiotechD","twitter_misc":{"Dur\u00e9e de lecture estim\u00e9e":"1 minute"},"schema":{"@context":"https:\/\/schema.org","@graph":[{"@type":"WebPage","@id":"https:\/\/store.microbiotech.dz\/index.php\/produit\/bouillon-t-s-b-trypticase-soja\/","url":"https:\/\/store.microbiotech.dz\/index.php\/produit\/bouillon-t-s-b-trypticase-soja\/","name":"Bouillon T.S.B (Trypticase Soja \/ CASO) - La Boutique en ligne","isPartOf":{"@id":"https:\/\/store.microbiotech.dz\/#website"},"primaryImageOfPage":{"@id":"https:\/\/store.microbiotech.dz\/index.php\/produit\/bouillon-t-s-b-trypticase-soja\/#primaryimage"},"image":{"@id":"https:\/\/store.microbiotech.dz\/index.php\/produit\/bouillon-t-s-b-trypticase-soja\/#primaryimage"},"thumbnailUrl":"https:\/\/store.microbiotech.dz\/wp-content\/uploads\/2021\/12\/TSB-microbiotech100ml.png","datePublished":"2021-12-14T09:15:48+00:00","dateModified":"2025-07-02T13:33:21+00:00","description":"Le bouillon trypticase soja (TSB) ou appel\u00e9 aussi CASO est un milieu de culture universel exempt d'inhibiteurs et d'indicateurs utilis\u00e9 pour l'isolement et la culture de bact\u00e9ries a\u00e9robies exigeantes, de levures et de moisissures.Le milieu est utilis\u00e9 pour les tests de st\u00e9rilit\u00e9 des solutions, des pr\u00e9parations et des produits ainsi comme un bouillon de pr\u00e9-enrichissement pour le test des micro-organismes sp\u00e9cifiques ou pour la d\u00e9termination du nombre de bact\u00e9ries a\u00e9robies viables totales (M\u00e9thode MPN pour les produits non st\u00e9riles) selon les m\u00e9thodes harmonis\u00e9es de EP, USP, JP pour l'examen microbien des produits non st\u00e9riles : test de d\u00e9nombrement microbien et tests pour les micro-organismes sp\u00e9cifiques.","breadcrumb":{"@id":"https:\/\/store.microbiotech.dz\/index.php\/produit\/bouillon-t-s-b-trypticase-soja\/#breadcrumb"},"inLanguage":"fr-FR","potentialAction":[{"@type":"ReadAction","target":["https:\/\/store.microbiotech.dz\/index.php\/produit\/bouillon-t-s-b-trypticase-soja\/"]}]},{"@type":"ImageObject","inLanguage":"fr-FR","@id":"https:\/\/store.microbiotech.dz\/index.php\/produit\/bouillon-t-s-b-trypticase-soja\/#primaryimage","url":"https:\/\/store.microbiotech.dz\/wp-content\/uploads\/2021\/12\/TSB-microbiotech100ml.png","contentUrl":"https:\/\/store.microbiotech.dz\/wp-content\/uploads\/2021\/12\/TSB-microbiotech100ml.png","width":720,"height":840},{"@type":"BreadcrumbList","@id":"https:\/\/store.microbiotech.dz\/index.php\/produit\/bouillon-t-s-b-trypticase-soja\/#breadcrumb","itemListElement":[{"@type":"ListItem","position":1,"name":"Accueil","item":"https:\/\/store.microbiotech.dz\/"},{"@type":"ListItem","position":2,"name":"Nos Produits","item":"https:\/\/store.microbiotech.dz\/index.php\/nos-produits\/"},{"@type":"ListItem","position":3,"name":"Bouillon T.S.B (Trypticase Soja \/ CASO)"}]},{"@type":"WebSite","@id":"https:\/\/store.microbiotech.dz\/#website","url":"https:\/\/store.microbiotech.dz\/","name":"La Boutique en ligne","description":"Qualit\u00e9 - Rapidit\u00e9 - Tranquillit\u00e9","publisher":{"@id":"https:\/\/store.microbiotech.dz\/#organization"},"potentialAction":[{"@type":"SearchAction","target":{"@type":"EntryPoint","urlTemplate":"https:\/\/store.microbiotech.dz\/?s={search_term_string}"},"query-input":{"@type":"PropertyValueSpecification","valueRequired":true,"valueName":"search_term_string"}}],"inLanguage":"fr-FR"},{"@type":"Organization","@id":"https:\/\/store.microbiotech.dz\/#organization","name":"Microbiotech EURL","url":"https:\/\/store.microbiotech.dz\/","logo":{"@type":"ImageObject","inLanguage":"fr-FR","@id":"https:\/\/store.microbiotech.dz\/#\/schema\/logo\/image\/","url":"https:\/\/store.microbiotech.dz\/wp-content\/uploads\/2021\/09\/cropped-logo-microbiotech-2.jpg","contentUrl":"https:\/\/store.microbiotech.dz\/wp-content\/uploads\/2021\/09\/cropped-logo-microbiotech-2.jpg","width":815,"height":586,"caption":"Microbiotech EURL"},"image":{"@id":"https:\/\/store.microbiotech.dz\/#\/schema\/logo\/image\/"},"sameAs":["https:\/\/www.facebook.com\/MicroBiotech.dz","https:\/\/x.com\/MicrobiotechD","https:\/\/www.linkedin.com\/in\/microbiotech\/","https:\/\/www.youtube.com\/channel\/UCTxc3VIiX7LXD2LQYfZEcDg"]}]}},"jetpack_sharing_enabled":true,"_links":{"self":[{"href":"https:\/\/store.microbiotech.dz\/index.php\/wp-json\/wp\/v2\/product\/964","targetHints":{"allow":["GET"]}}],"collection":[{"href":"https:\/\/store.microbiotech.dz\/index.php\/wp-json\/wp\/v2\/product"}],"about":[{"href":"https:\/\/store.microbiotech.dz\/index.php\/wp-json\/wp\/v2\/types\/product"}],"replies":[{"embeddable":true,"href":"https:\/\/store.microbiotech.dz\/index.php\/wp-json\/wp\/v2\/comments?post=964"}],"wp:featuredmedia":[{"embeddable":true,"href":"https:\/\/store.microbiotech.dz\/index.php\/wp-json\/wp\/v2\/media\/975"}],"wp:attachment":[{"href":"https:\/\/store.microbiotech.dz\/index.php\/wp-json\/wp\/v2\/media?parent=964"}],"wp:term":[{"taxonomy":"product_brand","embeddable":true,"href":"https:\/\/store.microbiotech.dz\/index.php\/wp-json\/wp\/v2\/product_brand?post=964"},{"taxonomy":"product_cat","embeddable":true,"href":"https:\/\/store.microbiotech.dz\/index.php\/wp-json\/wp\/v2\/product_cat?post=964"},{"taxonomy":"product_tag","embeddable":true,"href":"https:\/\/store.microbiotech.dz\/index.php\/wp-json\/wp\/v2\/product_tag?post=964"}],"curies":[{"name":"wp","href":"https:\/\/api.w.org\/{rel}","templated":true}]}}