{"id":8688,"date":"2024-04-18T13:54:46","date_gmt":"2024-04-18T12:54:46","guid":{"rendered":"https:\/\/store.microbiotech.dz\/?post_type=product&#038;p=8688"},"modified":"2025-11-19T22:15:47","modified_gmt":"2025-11-19T21:15:47","slug":"incubateur-etuve-dagitation-a-temperature-constante-faithful","status":"publish","type":"product","link":"https:\/\/store.microbiotech.dz\/index.php\/produit\/incubateur-etuve-dagitation-a-temperature-constante-faithful\/","title":{"rendered":"Incubateur &#8211; Etuve d&rsquo;agitation \u00e0 temp\u00e9rature constante Faithful"},"content":{"rendered":"<p><a href=\"https:\/\/store.microbiotech.dz\/?s=incubateur\" target=\"_blank\" rel=\"noopener\">L&rsquo;Incubateur<\/a> &#8211; Etuve d&rsquo;agitation \u00e0 temp\u00e9rature constante <a href=\"https:\/\/fr.faithful.cc\/index.html\" target=\"_blank\" rel=\"noopener\">Faithful<\/a> poss\u00e8de un grand \u00e9cran LCD qui montre la temp\u00e9rature, la vitesse et le temps de travail.<\/p>\n<div class=\"ast-oembed-container \" style=\"height: 100%;\"><iframe loading=\"lazy\" title=\"FS50B FS70B Shaking incubator\" width=\"500\" height=\"281\" src=\"https:\/\/www.youtube.com\/embed\/TWG0Gby24Ew?feature=oembed\" frameborder=\"0\" allow=\"accelerometer; autoplay; clipboard-write; encrypted-media; gyroscope; picture-in-picture; web-share\" referrerpolicy=\"strict-origin-when-cross-origin\" allowfullscreen><\/iframe><\/div>\n<div class=\"ast-oembed-container \" style=\"height: 100%;\"><iframe loading=\"lazy\" title=\"FS 50B  Operation guide\" width=\"500\" height=\"375\" src=\"https:\/\/www.youtube.com\/embed\/93gD6lAKJr0?feature=oembed\" frameborder=\"0\" allow=\"accelerometer; autoplay; clipboard-write; encrypted-media; gyroscope; picture-in-picture; web-share\" referrerpolicy=\"strict-origin-when-cross-origin\" allowfullscreen><\/iframe><\/div>\n","protected":false},"excerpt":{"rendered":"<p>&nbsp;<\/p>\n<p>Marque :\u00a0<strong>FAITHFUL\u00a0<img loading=\"lazy\" decoding=\"async\" class=\"alignnone wp-image-1795 ls-is-cached lazyloaded\" src=\"https:\/\/store.microbiotech.dz\/wp-content\/uploads\/2022\/04\/China-Flag.png\" alt=\"\" width=\"38\" height=\"38\" data-srcset=\"https:\/\/store.microbiotech.dz\/wp-content\/uploads\/2022\/04\/China-Flag.png 224w, https:\/\/store.microbiotech.dz\/wp-content\/uploads\/2022\/04\/China-Flag-150x150.png 150w, https:\/\/store.microbiotech.dz\/wp-content\/uploads\/2022\/04\/China-Flag-100x100.png 100w\" data-src=\"https:\/\/store.microbiotech.dz\/wp-content\/uploads\/2022\/04\/China-Flag.png\" data-sizes=\"(max-width: 44px) 100vw, 44px\" srcset=\"https:\/\/store.microbiotech.dz\/wp-content\/uploads\/2022\/04\/China-Flag.png 224w, https:\/\/store.microbiotech.dz\/wp-content\/uploads\/2022\/04\/China-Flag-150x150.png 150w, https:\/\/store.microbiotech.dz\/wp-content\/uploads\/2022\/04\/China-Flag-100x100.png 100w\" sizes=\"auto, (max-width: 38px) 100vw, 38px\" \/><\/strong><br \/>\n<span style=\"font-size: 16px; font-style: normal; font-weight: 400;\">Mode<\/span><span style=\"font-size: 16px; font-style: normal; font-weight: 400;\">\u00a0<\/span>Tremblement :<strong> Cyclotron Oscillation<\/strong><br \/>\nAmplitude : <strong>\u042420 mm<\/strong><br \/>\nTemp. R\u00e9solution : <strong>0,1 \u2103<\/strong><br \/>\nTemp. Mouvement : <strong>\u00b1 0,1 \u2103<\/strong><br \/>\nTemp. Uniformit\u00e9 : <strong>\u00b1 1 \u2103<\/strong><br \/>\nTemp. Gamme : <strong>RT + 5 \uff5e 65 \u2103<\/strong><br \/>\n<span style=\"font-size: 16px; font-style: normal; font-weight: 400;\">Vitesse de<\/span><span style=\"font-size: 16px; font-style: normal; font-weight: 400;\">\u00a0<\/span>Rotation : <strong>30 \uff5e 300 tr \/ min<\/strong><br \/>\n<span style=\"font-size: 16px; font-style: normal; font-weight: 400;\">Pr\u00e9cision<\/span><span style=\"font-size: 16px; font-style: normal; font-weight: 400;\">\u00a0<\/span><span style=\"font-size: 16px; font-style: normal; font-weight: 400;\">Vitesse<\/span><span style=\"font-size: 16px; font-style: normal; font-weight: 400;\"> de <\/span><span style=\"font-size: 16px;\">Rotation : <strong>\u00b1 1RPM<\/strong><\/span><br \/>\n<span style=\"font-size: 16px; font-style: normal; font-weight: 400;\">Mat\u00e9riau de la<\/span><span style=\"font-size: 16px; font-style: normal; font-weight: 400;\">\u00a0<\/span>Chambre : <strong>Miroir en acier inoxydable\u00a0<\/strong><br \/>\nFen\u00eatre d&rsquo;observation Mat\u00e9riau : <strong>R\u00e9sine import\u00e9e<\/strong><br \/>\nIsolation thermique Mat\u00e9riau : <strong>Polyur\u00e9thane<\/strong><br \/>\n<span style=\"font-size: 16px; font-style: normal; font-weight: 400;\">Syst\u00e8me de<\/span><span style=\"font-size: 16px; font-style: normal; font-weight: 400;\">\u00a0<\/span>Refroidissement : <strong>Non\u00a0<\/strong><br \/>\nLiquide de refroidissement : <strong>Non<\/strong><br \/>\nT\u00e9l\u00e9chargement :<br \/>\n<img loading=\"lazy\" decoding=\"async\" class=\"alignnone size-medium wp-image-8717\" src=\"https:\/\/store.microbiotech.dz\/wp-content\/uploads\/2024\/04\/Constant-Temperature-Shaking\u2002Incubator-221x300.jpg\" alt=\"\" width=\"221\" height=\"300\" srcset=\"https:\/\/store.microbiotech.dz\/wp-content\/uploads\/2024\/04\/Constant-Temperature-Shaking\u2002Incubator-221x300.jpg 221w, https:\/\/store.microbiotech.dz\/wp-content\/uploads\/2024\/04\/Constant-Temperature-Shaking\u2002Incubator-753x1024.jpg 753w, https:\/\/store.microbiotech.dz\/wp-content\/uploads\/2024\/04\/Constant-Temperature-Shaking\u2002Incubator-768x1044.jpg 768w, https:\/\/store.microbiotech.dz\/wp-content\/uploads\/2024\/04\/Constant-Temperature-Shaking\u2002Incubator-1129x1536.jpg 1129w, https:\/\/store.microbiotech.dz\/wp-content\/uploads\/2024\/04\/Constant-Temperature-Shaking\u2002Incubator-600x816.jpg 600w, https:\/\/store.microbiotech.dz\/wp-content\/uploads\/2024\/04\/Constant-Temperature-Shaking\u2002Incubator.jpg 1264w\" sizes=\"auto, (max-width: 221px) 100vw, 221px\" \/><\/p>\n","protected":false},"featured_media":8747,"comment_status":"open","ping_status":"closed","template":"","meta":{"site-sidebar-layout":"default","site-content-layout":"","ast-site-content-layout":"default","site-content-style":"default","site-sidebar-style":"default","ast-global-header-display":"","ast-banner-title-visibility":"","ast-main-header-display":"","ast-hfb-above-header-display":"","ast-hfb-below-header-display":"","ast-hfb-mobile-header-display":"","site-post-title":"","ast-breadcrumbs-content":"","ast-featured-img":"","footer-sml-layout":"","ast-disable-related-posts":"","theme-transparent-header-meta":"default","adv-header-id-meta":"","stick-header-meta":"","header-above-stick-meta":"","header-main-stick-meta":"","header-below-stick-meta":"","astra-migrate-meta-layouts":"set","ast-page-background-enabled":"default","ast-page-background-meta":{"desktop":{"background-color":"var(--ast-global-color-4)","background-image":"","background-repeat":"repeat","background-position":"center center","background-size":"auto","background-attachment":"scroll","background-type":"","background-media":"","overlay-type":"","overlay-color":"","overlay-opacity":"","overlay-gradient":""},"tablet":{"background-color":"","background-image":"","background-repeat":"repeat","background-position":"center center","background-size":"auto","background-attachment":"scroll","background-type":"","background-media":"","overlay-type":"","overlay-color":"","overlay-opacity":"","overlay-gradient":""},"mobile":{"background-color":"","background-image":"","background-repeat":"repeat","background-position":"center center","background-size":"auto","background-attachment":"scroll","background-type":"","background-media":"","overlay-type":"","overlay-color":"","overlay-opacity":"","overlay-gradient":""}},"ast-content-background-meta":{"desktop":{"background-color":"var(--ast-global-color-5)","background-image":"","background-repeat":"repeat","background-position":"center center","background-size":"auto","background-attachment":"scroll","background-type":"","background-media":"","overlay-type":"","overlay-color":"","overlay-opacity":"","overlay-gradient":""},"tablet":{"background-color":"var(--ast-global-color-5)","background-image":"","background-repeat":"repeat","background-position":"center center","background-size":"auto","background-attachment":"scroll","background-type":"","background-media":"","overlay-type":"","overlay-color":"","overlay-opacity":"","overlay-gradient":""},"mobile":{"background-color":"var(--ast-global-color-5)","background-image":"","background-repeat":"repeat","background-position":"center center","background-size":"auto","background-attachment":"scroll","background-type":"","background-media":"","overlay-type":"","overlay-color":"","overlay-opacity":"","overlay-gradient":""}},"jetpack_post_was_ever_published":false},"product_brand":[],"product_cat":[238],"product_tag":[1362,514,930,997,516,2048],"class_list":{"0":"post-8688","1":"product","2":"type-product","3":"status-publish","4":"has-post-thumbnail","6":"product_cat-equipements","7":"product_tag-agitateur-incubateur","8":"product_tag-etuve","9":"product_tag-f90","10":"product_tag-faithful","11":"product_tag-incubateur","12":"product_tag-incubateur-a-agitation","13":"desktop-align-center","14":"tablet-align-left","15":"mobile-align-left","17":"first","18":"onbackorder","19":"taxable","20":"shipping-taxable","21":"purchasable","22":"product-type-simple"},"yoast_head":"<!-- This site is optimized with the Yoast SEO plugin v27.4 - https:\/\/yoast.com\/product\/yoast-seo-wordpress\/ -->\n<title>Incubateur - Etuve d&#039;agitation \u00e0 temp\u00e9rature constante Faithful - La Boutique en ligne<\/title>\n<meta name=\"description\" content=\"Incubateur - Etuve d&#039;agitation \u00e0 temp\u00e9rature constante Faithful fiable et facile \u00e0 utiliser. Commandez avant rupture de stock sur microbiotech.dz\" \/>\n<meta name=\"robots\" content=\"index, follow, max-snippet:-1, max-image-preview:large, max-video-preview:-1\" \/>\n<link rel=\"canonical\" href=\"https:\/\/store.microbiotech.dz\/index.php\/produit\/incubateur-etuve-dagitation-a-temperature-constante-faithful\/\" \/>\n<meta property=\"og:locale\" content=\"fr_FR\" \/>\n<meta property=\"og:type\" content=\"article\" \/>\n<meta property=\"og:title\" content=\"Incubateur - Etuve d&#039;agitation \u00e0 temp\u00e9rature constante Faithful - La Boutique en ligne\" \/>\n<meta property=\"og:description\" content=\"Incubateur - Etuve d&#039;agitation \u00e0 temp\u00e9rature constante Faithful fiable et facile \u00e0 utiliser. Commandez avant rupture de stock sur microbiotech.dz\" \/>\n<meta property=\"og:url\" content=\"https:\/\/store.microbiotech.dz\/index.php\/produit\/incubateur-etuve-dagitation-a-temperature-constante-faithful\/\" \/>\n<meta property=\"og:site_name\" content=\"La Boutique en ligne\" \/>\n<meta property=\"article:publisher\" content=\"https:\/\/www.facebook.com\/MicroBiotech.dz\" \/>\n<meta property=\"article:modified_time\" content=\"2025-11-19T21:15:47+00:00\" \/>\n<meta property=\"og:image\" content=\"https:\/\/store.microbiotech.dz\/wp-content\/uploads\/2024\/04\/agitat-faithf.webp\" \/>\n\t<meta property=\"og:image:width\" content=\"600\" \/>\n\t<meta property=\"og:image:height\" content=\"600\" \/>\n\t<meta property=\"og:image:type\" content=\"image\/webp\" \/>\n<meta name=\"twitter:card\" content=\"summary_large_image\" \/>\n<meta name=\"twitter:site\" content=\"@MicrobiotechD\" \/>\n<script type=\"application\/ld+json\" class=\"yoast-schema-graph\">{\"@context\":\"https:\\\/\\\/schema.org\",\"@graph\":[{\"@type\":\"WebPage\",\"@id\":\"https:\\\/\\\/store.microbiotech.dz\\\/index.php\\\/produit\\\/incubateur-etuve-dagitation-a-temperature-constante-faithful\\\/\",\"url\":\"https:\\\/\\\/store.microbiotech.dz\\\/index.php\\\/produit\\\/incubateur-etuve-dagitation-a-temperature-constante-faithful\\\/\",\"name\":\"Incubateur - Etuve d'agitation \u00e0 temp\u00e9rature constante Faithful - La Boutique en ligne\",\"isPartOf\":{\"@id\":\"https:\\\/\\\/store.microbiotech.dz\\\/#website\"},\"primaryImageOfPage\":{\"@id\":\"https:\\\/\\\/store.microbiotech.dz\\\/index.php\\\/produit\\\/incubateur-etuve-dagitation-a-temperature-constante-faithful\\\/#primaryimage\"},\"image\":{\"@id\":\"https:\\\/\\\/store.microbiotech.dz\\\/index.php\\\/produit\\\/incubateur-etuve-dagitation-a-temperature-constante-faithful\\\/#primaryimage\"},\"thumbnailUrl\":\"https:\\\/\\\/store.microbiotech.dz\\\/wp-content\\\/uploads\\\/2024\\\/04\\\/agitat-faithf.webp\",\"datePublished\":\"2024-04-18T12:54:46+00:00\",\"dateModified\":\"2025-11-19T21:15:47+00:00\",\"description\":\"Incubateur - Etuve d'agitation \u00e0 temp\u00e9rature constante Faithful fiable et facile \u00e0 utiliser. Commandez avant rupture de stock sur microbiotech.dz\",\"breadcrumb\":{\"@id\":\"https:\\\/\\\/store.microbiotech.dz\\\/index.php\\\/produit\\\/incubateur-etuve-dagitation-a-temperature-constante-faithful\\\/#breadcrumb\"},\"inLanguage\":\"fr-FR\",\"potentialAction\":[{\"@type\":\"ReadAction\",\"target\":[\"https:\\\/\\\/store.microbiotech.dz\\\/index.php\\\/produit\\\/incubateur-etuve-dagitation-a-temperature-constante-faithful\\\/\"]}]},{\"@type\":\"ImageObject\",\"inLanguage\":\"fr-FR\",\"@id\":\"https:\\\/\\\/store.microbiotech.dz\\\/index.php\\\/produit\\\/incubateur-etuve-dagitation-a-temperature-constante-faithful\\\/#primaryimage\",\"url\":\"https:\\\/\\\/store.microbiotech.dz\\\/wp-content\\\/uploads\\\/2024\\\/04\\\/agitat-faithf.webp\",\"contentUrl\":\"https:\\\/\\\/store.microbiotech.dz\\\/wp-content\\\/uploads\\\/2024\\\/04\\\/agitat-faithf.webp\",\"width\":600,\"height\":600,\"caption\":\"Incubateur - Etuve d'agitation \u00e0 temp\u00e9rature constante Faithful\"},{\"@type\":\"BreadcrumbList\",\"@id\":\"https:\\\/\\\/store.microbiotech.dz\\\/index.php\\\/produit\\\/incubateur-etuve-dagitation-a-temperature-constante-faithful\\\/#breadcrumb\",\"itemListElement\":[{\"@type\":\"ListItem\",\"position\":1,\"name\":\"Accueil\",\"item\":\"https:\\\/\\\/store.microbiotech.dz\\\/\"},{\"@type\":\"ListItem\",\"position\":2,\"name\":\"Nos Produits\",\"item\":\"https:\\\/\\\/store.microbiotech.dz\\\/index.php\\\/nos-produits\\\/\"},{\"@type\":\"ListItem\",\"position\":3,\"name\":\"Incubateur &#8211; Etuve d&rsquo;agitation \u00e0 temp\u00e9rature constante Faithful\"}]},{\"@type\":\"WebSite\",\"@id\":\"https:\\\/\\\/store.microbiotech.dz\\\/#website\",\"url\":\"https:\\\/\\\/store.microbiotech.dz\\\/\",\"name\":\"La Boutique en ligne\",\"description\":\"Qualit\u00e9 - Rapidit\u00e9 - Tranquillit\u00e9\",\"publisher\":{\"@id\":\"https:\\\/\\\/store.microbiotech.dz\\\/#organization\"},\"potentialAction\":[{\"@type\":\"SearchAction\",\"target\":{\"@type\":\"EntryPoint\",\"urlTemplate\":\"https:\\\/\\\/store.microbiotech.dz\\\/?s={search_term_string}\"},\"query-input\":{\"@type\":\"PropertyValueSpecification\",\"valueRequired\":true,\"valueName\":\"search_term_string\"}}],\"inLanguage\":\"fr-FR\"},{\"@type\":\"Organization\",\"@id\":\"https:\\\/\\\/store.microbiotech.dz\\\/#organization\",\"name\":\"Microbiotech EURL\",\"url\":\"https:\\\/\\\/store.microbiotech.dz\\\/\",\"logo\":{\"@type\":\"ImageObject\",\"inLanguage\":\"fr-FR\",\"@id\":\"https:\\\/\\\/store.microbiotech.dz\\\/#\\\/schema\\\/logo\\\/image\\\/\",\"url\":\"https:\\\/\\\/store.microbiotech.dz\\\/wp-content\\\/uploads\\\/2021\\\/09\\\/cropped-logo-microbiotech-2.jpg\",\"contentUrl\":\"https:\\\/\\\/store.microbiotech.dz\\\/wp-content\\\/uploads\\\/2021\\\/09\\\/cropped-logo-microbiotech-2.jpg\",\"width\":815,\"height\":586,\"caption\":\"Microbiotech EURL\"},\"image\":{\"@id\":\"https:\\\/\\\/store.microbiotech.dz\\\/#\\\/schema\\\/logo\\\/image\\\/\"},\"sameAs\":[\"https:\\\/\\\/www.facebook.com\\\/MicroBiotech.dz\",\"https:\\\/\\\/x.com\\\/MicrobiotechD\",\"https:\\\/\\\/www.linkedin.com\\\/in\\\/microbiotech\\\/\",\"https:\\\/\\\/www.youtube.com\\\/channel\\\/UCTxc3VIiX7LXD2LQYfZEcDg\"]}]}<\/script>\n<!-- \/ Yoast SEO plugin. -->","yoast_head_json":{"title":"Incubateur - Etuve d'agitation \u00e0 temp\u00e9rature constante Faithful - La Boutique en ligne","description":"Incubateur - Etuve d'agitation \u00e0 temp\u00e9rature constante Faithful fiable et facile \u00e0 utiliser. Commandez avant rupture de stock sur microbiotech.dz","robots":{"index":"index","follow":"follow","max-snippet":"max-snippet:-1","max-image-preview":"max-image-preview:large","max-video-preview":"max-video-preview:-1"},"canonical":"https:\/\/store.microbiotech.dz\/index.php\/produit\/incubateur-etuve-dagitation-a-temperature-constante-faithful\/","og_locale":"fr_FR","og_type":"article","og_title":"Incubateur - Etuve d'agitation \u00e0 temp\u00e9rature constante Faithful - La Boutique en ligne","og_description":"Incubateur - Etuve d'agitation \u00e0 temp\u00e9rature constante Faithful fiable et facile \u00e0 utiliser. Commandez avant rupture de stock sur microbiotech.dz","og_url":"https:\/\/store.microbiotech.dz\/index.php\/produit\/incubateur-etuve-dagitation-a-temperature-constante-faithful\/","og_site_name":"La Boutique en ligne","article_publisher":"https:\/\/www.facebook.com\/MicroBiotech.dz","article_modified_time":"2025-11-19T21:15:47+00:00","og_image":[{"width":600,"height":600,"url":"https:\/\/store.microbiotech.dz\/wp-content\/uploads\/2024\/04\/agitat-faithf.webp","type":"image\/webp"}],"twitter_card":"summary_large_image","twitter_site":"@MicrobiotechD","schema":{"@context":"https:\/\/schema.org","@graph":[{"@type":"WebPage","@id":"https:\/\/store.microbiotech.dz\/index.php\/produit\/incubateur-etuve-dagitation-a-temperature-constante-faithful\/","url":"https:\/\/store.microbiotech.dz\/index.php\/produit\/incubateur-etuve-dagitation-a-temperature-constante-faithful\/","name":"Incubateur - Etuve d'agitation \u00e0 temp\u00e9rature constante Faithful - La Boutique en ligne","isPartOf":{"@id":"https:\/\/store.microbiotech.dz\/#website"},"primaryImageOfPage":{"@id":"https:\/\/store.microbiotech.dz\/index.php\/produit\/incubateur-etuve-dagitation-a-temperature-constante-faithful\/#primaryimage"},"image":{"@id":"https:\/\/store.microbiotech.dz\/index.php\/produit\/incubateur-etuve-dagitation-a-temperature-constante-faithful\/#primaryimage"},"thumbnailUrl":"https:\/\/store.microbiotech.dz\/wp-content\/uploads\/2024\/04\/agitat-faithf.webp","datePublished":"2024-04-18T12:54:46+00:00","dateModified":"2025-11-19T21:15:47+00:00","description":"Incubateur - Etuve d'agitation \u00e0 temp\u00e9rature constante Faithful fiable et facile \u00e0 utiliser. Commandez avant rupture de stock sur microbiotech.dz","breadcrumb":{"@id":"https:\/\/store.microbiotech.dz\/index.php\/produit\/incubateur-etuve-dagitation-a-temperature-constante-faithful\/#breadcrumb"},"inLanguage":"fr-FR","potentialAction":[{"@type":"ReadAction","target":["https:\/\/store.microbiotech.dz\/index.php\/produit\/incubateur-etuve-dagitation-a-temperature-constante-faithful\/"]}]},{"@type":"ImageObject","inLanguage":"fr-FR","@id":"https:\/\/store.microbiotech.dz\/index.php\/produit\/incubateur-etuve-dagitation-a-temperature-constante-faithful\/#primaryimage","url":"https:\/\/store.microbiotech.dz\/wp-content\/uploads\/2024\/04\/agitat-faithf.webp","contentUrl":"https:\/\/store.microbiotech.dz\/wp-content\/uploads\/2024\/04\/agitat-faithf.webp","width":600,"height":600,"caption":"Incubateur - Etuve d'agitation \u00e0 temp\u00e9rature constante Faithful"},{"@type":"BreadcrumbList","@id":"https:\/\/store.microbiotech.dz\/index.php\/produit\/incubateur-etuve-dagitation-a-temperature-constante-faithful\/#breadcrumb","itemListElement":[{"@type":"ListItem","position":1,"name":"Accueil","item":"https:\/\/store.microbiotech.dz\/"},{"@type":"ListItem","position":2,"name":"Nos Produits","item":"https:\/\/store.microbiotech.dz\/index.php\/nos-produits\/"},{"@type":"ListItem","position":3,"name":"Incubateur &#8211; Etuve d&rsquo;agitation \u00e0 temp\u00e9rature constante Faithful"}]},{"@type":"WebSite","@id":"https:\/\/store.microbiotech.dz\/#website","url":"https:\/\/store.microbiotech.dz\/","name":"La Boutique en ligne","description":"Qualit\u00e9 - Rapidit\u00e9 - Tranquillit\u00e9","publisher":{"@id":"https:\/\/store.microbiotech.dz\/#organization"},"potentialAction":[{"@type":"SearchAction","target":{"@type":"EntryPoint","urlTemplate":"https:\/\/store.microbiotech.dz\/?s={search_term_string}"},"query-input":{"@type":"PropertyValueSpecification","valueRequired":true,"valueName":"search_term_string"}}],"inLanguage":"fr-FR"},{"@type":"Organization","@id":"https:\/\/store.microbiotech.dz\/#organization","name":"Microbiotech EURL","url":"https:\/\/store.microbiotech.dz\/","logo":{"@type":"ImageObject","inLanguage":"fr-FR","@id":"https:\/\/store.microbiotech.dz\/#\/schema\/logo\/image\/","url":"https:\/\/store.microbiotech.dz\/wp-content\/uploads\/2021\/09\/cropped-logo-microbiotech-2.jpg","contentUrl":"https:\/\/store.microbiotech.dz\/wp-content\/uploads\/2021\/09\/cropped-logo-microbiotech-2.jpg","width":815,"height":586,"caption":"Microbiotech EURL"},"image":{"@id":"https:\/\/store.microbiotech.dz\/#\/schema\/logo\/image\/"},"sameAs":["https:\/\/www.facebook.com\/MicroBiotech.dz","https:\/\/x.com\/MicrobiotechD","https:\/\/www.linkedin.com\/in\/microbiotech\/","https:\/\/www.youtube.com\/channel\/UCTxc3VIiX7LXD2LQYfZEcDg"]}]}},"jetpack_sharing_enabled":true,"_links":{"self":[{"href":"https:\/\/store.microbiotech.dz\/index.php\/wp-json\/wp\/v2\/product\/8688","targetHints":{"allow":["GET"]}}],"collection":[{"href":"https:\/\/store.microbiotech.dz\/index.php\/wp-json\/wp\/v2\/product"}],"about":[{"href":"https:\/\/store.microbiotech.dz\/index.php\/wp-json\/wp\/v2\/types\/product"}],"replies":[{"embeddable":true,"href":"https:\/\/store.microbiotech.dz\/index.php\/wp-json\/wp\/v2\/comments?post=8688"}],"wp:featuredmedia":[{"embeddable":true,"href":"https:\/\/store.microbiotech.dz\/index.php\/wp-json\/wp\/v2\/media\/8747"}],"wp:attachment":[{"href":"https:\/\/store.microbiotech.dz\/index.php\/wp-json\/wp\/v2\/media?parent=8688"}],"wp:term":[{"taxonomy":"product_brand","embeddable":true,"href":"https:\/\/store.microbiotech.dz\/index.php\/wp-json\/wp\/v2\/product_brand?post=8688"},{"taxonomy":"product_cat","embeddable":true,"href":"https:\/\/store.microbiotech.dz\/index.php\/wp-json\/wp\/v2\/product_cat?post=8688"},{"taxonomy":"product_tag","embeddable":true,"href":"https:\/\/store.microbiotech.dz\/index.php\/wp-json\/wp\/v2\/product_tag?post=8688"}],"curies":[{"name":"wp","href":"https:\/\/api.w.org\/{rel}","templated":true}]}}