{"id":8619,"date":"2024-04-09T12:47:01","date_gmt":"2024-04-09T11:47:01","guid":{"rendered":"https:\/\/store.microbiotech.dz\/?post_type=product&#038;p=8619"},"modified":"2025-10-02T10:50:48","modified_gmt":"2025-10-02T09:50:48","slug":"electrode-ph-combinee-avec-corps-en-verre-hanna","status":"publish","type":"product","link":"https:\/\/store.microbiotech.dz\/index.php\/produit\/electrode-ph-combinee-avec-corps-en-verre-hanna\/","title":{"rendered":"\u00c9lectrode pH combin\u00e9e avec corps en verre HANNA"},"content":{"rendered":"<p><a href=\"https:\/\/store.microbiotech.dz\/?s=electrode\" target=\"_blank\" rel=\"noopener\">\u00c9lectrode<\/a> pH combin\u00e9e avec corps en verre <a href=\"https:\/\/www.hannainstruments.fr\/\" target=\"_blank\" rel=\"noopener\">HANNA<\/a> (\u00d8 5 mm), \u00e0 remplissage, simple jonction en c\u00e9ramique. Cette \u00e9lectrode poss\u00e8de aussi un connecteur BNC et c\u00e2ble de 1 m\u00e8tre de long. La temp\u00e9rature d&rsquo;utilisation recommand\u00e9e est de 20 \u00e0 40 \u00b0C.<\/p>\n","protected":false},"excerpt":{"rendered":"<p>Marque :\u00a0<strong>HANNA instruments\u00a0<img loading=\"lazy\" decoding=\"async\" class=\"alignnone wp-image-5529\" src=\"https:\/\/store.microbiotech.dz\/wp-content\/uploads\/2023\/09\/15943523-le-drapeau-italien-sous-la-forme-d-une-icone-de-papier-glace-removebg-preview-300x300.png\" alt=\"\" width=\"42\" height=\"42\" srcset=\"https:\/\/store.microbiotech.dz\/wp-content\/uploads\/2023\/09\/15943523-le-drapeau-italien-sous-la-forme-d-une-icone-de-papier-glace-removebg-preview-300x300.png 300w, https:\/\/store.microbiotech.dz\/wp-content\/uploads\/2023\/09\/15943523-le-drapeau-italien-sous-la-forme-d-une-icone-de-papier-glace-removebg-preview-150x150.png 150w, https:\/\/store.microbiotech.dz\/wp-content\/uploads\/2023\/09\/15943523-le-drapeau-italien-sous-la-forme-d-une-icone-de-papier-glace-removebg-preview-100x100.png 100w, https:\/\/store.microbiotech.dz\/wp-content\/uploads\/2023\/09\/15943523-le-drapeau-italien-sous-la-forme-d-une-icone-de-papier-glace-removebg-preview.png 450w\" sizes=\"auto, (max-width: 42px) 100vw, 42px\" \/><\/strong><br \/>\nJonction \/ D\u00e9bit : <strong>C\u00e9ramique, simple \/15-20 \u00b5L\/h<\/strong><br \/>\n\u00c9lectrolyte : <strong>KCl 3,5 M + AgCl<\/strong><br \/>\nPression maxi : <strong>0,1 bar<\/strong><br \/>\nGamme : <strong>0 \u00e0 13 pH, -5 \u00e0 100\u00b0C<\/strong><br \/>\nEmbout : <strong>Sph\u00e9rique (\u00d8 7 mm)<\/strong><br \/>\nCapteur de temp\u00e9rature : <strong>Non<\/strong><br \/>\nAmplificateur : <strong>Non<\/strong><br \/>\nMat\u00e9riau du corps : <strong>Verre<\/strong><br \/>\nT\u00e9l\u00e9chargements : <a href=\"https:\/\/store.microbiotech.dz\/wp-content\/uploads\/2024\/04\/fiche-technique-hi1330b.pdf\">fiche technique hi1330b<\/a><\/p>\n","protected":false},"featured_media":8621,"comment_status":"open","ping_status":"closed","template":"","meta":{"site-sidebar-layout":"default","site-content-layout":"","ast-site-content-layout":"default","site-content-style":"default","site-sidebar-style":"default","ast-global-header-display":"","ast-banner-title-visibility":"","ast-main-header-display":"","ast-hfb-above-header-display":"","ast-hfb-below-header-display":"","ast-hfb-mobile-header-display":"","site-post-title":"","ast-breadcrumbs-content":"","ast-featured-img":"","footer-sml-layout":"","ast-disable-related-posts":"","theme-transparent-header-meta":"default","adv-header-id-meta":"","stick-header-meta":"","header-above-stick-meta":"","header-main-stick-meta":"","header-below-stick-meta":"","astra-migrate-meta-layouts":"set","ast-page-background-enabled":"default","ast-page-background-meta":{"desktop":{"background-color":"var(--ast-global-color-4)","background-image":"","background-repeat":"repeat","background-position":"center center","background-size":"auto","background-attachment":"scroll","background-type":"","background-media":"","overlay-type":"","overlay-color":"","overlay-opacity":"","overlay-gradient":""},"tablet":{"background-color":"","background-image":"","background-repeat":"repeat","background-position":"center center","background-size":"auto","background-attachment":"scroll","background-type":"","background-media":"","overlay-type":"","overlay-color":"","overlay-opacity":"","overlay-gradient":""},"mobile":{"background-color":"","background-image":"","background-repeat":"repeat","background-position":"center center","background-size":"auto","background-attachment":"scroll","background-type":"","background-media":"","overlay-type":"","overlay-color":"","overlay-opacity":"","overlay-gradient":""}},"ast-content-background-meta":{"desktop":{"background-color":"var(--ast-global-color-5)","background-image":"","background-repeat":"repeat","background-position":"center center","background-size":"auto","background-attachment":"scroll","background-type":"","background-media":"","overlay-type":"","overlay-color":"","overlay-opacity":"","overlay-gradient":""},"tablet":{"background-color":"var(--ast-global-color-5)","background-image":"","background-repeat":"repeat","background-position":"center center","background-size":"auto","background-attachment":"scroll","background-type":"","background-media":"","overlay-type":"","overlay-color":"","overlay-opacity":"","overlay-gradient":""},"mobile":{"background-color":"var(--ast-global-color-5)","background-image":"","background-repeat":"repeat","background-position":"center center","background-size":"auto","background-attachment":"scroll","background-type":"","background-media":"","overlay-type":"","overlay-color":"","overlay-opacity":"","overlay-gradient":""}},"jetpack_post_was_ever_published":false},"product_brand":[],"product_cat":[238],"product_tag":[554,1945,556,1963,2014,1942,1229,1343],"class_list":{"0":"post-8619","1":"product","2":"type-product","3":"status-publish","4":"has-post-thumbnail","6":"product_cat-equipements","7":"product_tag-electrode","8":"product_tag-electrode-edge","9":"product_tag-electrode-en-verre","10":"product_tag-f129","11":"product_tag-f130","12":"product_tag-hanna","13":"product_tag-sonde","14":"product_tag-sonde-de-remplacement","15":"desktop-align-center","16":"tablet-align-left","17":"mobile-align-left","19":"first","20":"outofstock","21":"taxable","22":"shipping-taxable","23":"purchasable","24":"product-type-simple"},"yoast_head":"<!-- This site is optimized with the Yoast SEO plugin v27.4 - https:\/\/yoast.com\/product\/yoast-seo-wordpress\/ -->\n<title>\u00c9lectrode pH combin\u00e9e avec corps en verre HANNA - La Boutique en ligne<\/title>\n<meta name=\"description\" content=\"\u00c9lectrode pH combin\u00e9e avec corps en verre HANNA de haute qualit\u00e9 ! Commandez avant rupture de stock sur microbiotech.dz !\" \/>\n<meta name=\"robots\" content=\"index, follow, max-snippet:-1, max-image-preview:large, max-video-preview:-1\" \/>\n<link rel=\"canonical\" href=\"https:\/\/store.microbiotech.dz\/index.php\/produit\/electrode-ph-combinee-avec-corps-en-verre-hanna\/\" \/>\n<meta property=\"og:locale\" content=\"fr_FR\" \/>\n<meta property=\"og:type\" content=\"article\" \/>\n<meta property=\"og:title\" content=\"\u00c9lectrode pH combin\u00e9e avec corps en verre HANNA - La Boutique en ligne\" \/>\n<meta property=\"og:description\" content=\"\u00c9lectrode pH combin\u00e9e avec corps en verre HANNA de haute qualit\u00e9 ! Commandez avant rupture de stock sur microbiotech.dz !\" \/>\n<meta property=\"og:url\" content=\"https:\/\/store.microbiotech.dz\/index.php\/produit\/electrode-ph-combinee-avec-corps-en-verre-hanna\/\" \/>\n<meta property=\"og:site_name\" content=\"La Boutique en ligne\" \/>\n<meta property=\"article:publisher\" content=\"https:\/\/www.facebook.com\/MicroBiotech.dz\" \/>\n<meta property=\"article:modified_time\" content=\"2025-10-02T09:50:48+00:00\" \/>\n<meta property=\"og:image\" content=\"https:\/\/store.microbiotech.dz\/wp-content\/uploads\/2024\/04\/HI1330B.png\" \/>\n\t<meta property=\"og:image:width\" content=\"600\" \/>\n\t<meta property=\"og:image:height\" content=\"600\" \/>\n\t<meta property=\"og:image:type\" content=\"image\/png\" \/>\n<meta name=\"twitter:card\" content=\"summary_large_image\" \/>\n<meta name=\"twitter:site\" content=\"@MicrobiotechD\" \/>\n<script type=\"application\/ld+json\" class=\"yoast-schema-graph\">{\"@context\":\"https:\\\/\\\/schema.org\",\"@graph\":[{\"@type\":\"WebPage\",\"@id\":\"https:\\\/\\\/store.microbiotech.dz\\\/index.php\\\/produit\\\/electrode-ph-combinee-avec-corps-en-verre-hanna\\\/\",\"url\":\"https:\\\/\\\/store.microbiotech.dz\\\/index.php\\\/produit\\\/electrode-ph-combinee-avec-corps-en-verre-hanna\\\/\",\"name\":\"\u00c9lectrode pH combin\u00e9e avec corps en verre HANNA - La Boutique en ligne\",\"isPartOf\":{\"@id\":\"https:\\\/\\\/store.microbiotech.dz\\\/#website\"},\"primaryImageOfPage\":{\"@id\":\"https:\\\/\\\/store.microbiotech.dz\\\/index.php\\\/produit\\\/electrode-ph-combinee-avec-corps-en-verre-hanna\\\/#primaryimage\"},\"image\":{\"@id\":\"https:\\\/\\\/store.microbiotech.dz\\\/index.php\\\/produit\\\/electrode-ph-combinee-avec-corps-en-verre-hanna\\\/#primaryimage\"},\"thumbnailUrl\":\"https:\\\/\\\/store.microbiotech.dz\\\/wp-content\\\/uploads\\\/2024\\\/04\\\/HI1330B.png\",\"datePublished\":\"2024-04-09T11:47:01+00:00\",\"dateModified\":\"2025-10-02T09:50:48+00:00\",\"description\":\"\u00c9lectrode pH combin\u00e9e avec corps en verre HANNA de haute qualit\u00e9 ! Commandez avant rupture de stock sur microbiotech.dz !\",\"breadcrumb\":{\"@id\":\"https:\\\/\\\/store.microbiotech.dz\\\/index.php\\\/produit\\\/electrode-ph-combinee-avec-corps-en-verre-hanna\\\/#breadcrumb\"},\"inLanguage\":\"fr-FR\",\"potentialAction\":[{\"@type\":\"ReadAction\",\"target\":[\"https:\\\/\\\/store.microbiotech.dz\\\/index.php\\\/produit\\\/electrode-ph-combinee-avec-corps-en-verre-hanna\\\/\"]}]},{\"@type\":\"ImageObject\",\"inLanguage\":\"fr-FR\",\"@id\":\"https:\\\/\\\/store.microbiotech.dz\\\/index.php\\\/produit\\\/electrode-ph-combinee-avec-corps-en-verre-hanna\\\/#primaryimage\",\"url\":\"https:\\\/\\\/store.microbiotech.dz\\\/wp-content\\\/uploads\\\/2024\\\/04\\\/HI1330B.png\",\"contentUrl\":\"https:\\\/\\\/store.microbiotech.dz\\\/wp-content\\\/uploads\\\/2024\\\/04\\\/HI1330B.png\",\"width\":600,\"height\":600},{\"@type\":\"BreadcrumbList\",\"@id\":\"https:\\\/\\\/store.microbiotech.dz\\\/index.php\\\/produit\\\/electrode-ph-combinee-avec-corps-en-verre-hanna\\\/#breadcrumb\",\"itemListElement\":[{\"@type\":\"ListItem\",\"position\":1,\"name\":\"Accueil\",\"item\":\"https:\\\/\\\/store.microbiotech.dz\\\/\"},{\"@type\":\"ListItem\",\"position\":2,\"name\":\"Nos Produits\",\"item\":\"https:\\\/\\\/store.microbiotech.dz\\\/index.php\\\/nos-produits\\\/\"},{\"@type\":\"ListItem\",\"position\":3,\"name\":\"\u00c9lectrode pH combin\u00e9e avec corps en verre HANNA\"}]},{\"@type\":\"WebSite\",\"@id\":\"https:\\\/\\\/store.microbiotech.dz\\\/#website\",\"url\":\"https:\\\/\\\/store.microbiotech.dz\\\/\",\"name\":\"La Boutique en ligne\",\"description\":\"Qualit\u00e9 - Rapidit\u00e9 - Tranquillit\u00e9\",\"publisher\":{\"@id\":\"https:\\\/\\\/store.microbiotech.dz\\\/#organization\"},\"potentialAction\":[{\"@type\":\"SearchAction\",\"target\":{\"@type\":\"EntryPoint\",\"urlTemplate\":\"https:\\\/\\\/store.microbiotech.dz\\\/?s={search_term_string}\"},\"query-input\":{\"@type\":\"PropertyValueSpecification\",\"valueRequired\":true,\"valueName\":\"search_term_string\"}}],\"inLanguage\":\"fr-FR\"},{\"@type\":\"Organization\",\"@id\":\"https:\\\/\\\/store.microbiotech.dz\\\/#organization\",\"name\":\"Microbiotech EURL\",\"url\":\"https:\\\/\\\/store.microbiotech.dz\\\/\",\"logo\":{\"@type\":\"ImageObject\",\"inLanguage\":\"fr-FR\",\"@id\":\"https:\\\/\\\/store.microbiotech.dz\\\/#\\\/schema\\\/logo\\\/image\\\/\",\"url\":\"https:\\\/\\\/store.microbiotech.dz\\\/wp-content\\\/uploads\\\/2021\\\/09\\\/cropped-logo-microbiotech-2.jpg\",\"contentUrl\":\"https:\\\/\\\/store.microbiotech.dz\\\/wp-content\\\/uploads\\\/2021\\\/09\\\/cropped-logo-microbiotech-2.jpg\",\"width\":815,\"height\":586,\"caption\":\"Microbiotech EURL\"},\"image\":{\"@id\":\"https:\\\/\\\/store.microbiotech.dz\\\/#\\\/schema\\\/logo\\\/image\\\/\"},\"sameAs\":[\"https:\\\/\\\/www.facebook.com\\\/MicroBiotech.dz\",\"https:\\\/\\\/x.com\\\/MicrobiotechD\",\"https:\\\/\\\/www.linkedin.com\\\/in\\\/microbiotech\\\/\",\"https:\\\/\\\/www.youtube.com\\\/channel\\\/UCTxc3VIiX7LXD2LQYfZEcDg\"]}]}<\/script>\n<!-- \/ Yoast SEO plugin. -->","yoast_head_json":{"title":"\u00c9lectrode pH combin\u00e9e avec corps en verre HANNA - La Boutique en ligne","description":"\u00c9lectrode pH combin\u00e9e avec corps en verre HANNA de haute qualit\u00e9 ! Commandez avant rupture de stock sur microbiotech.dz !","robots":{"index":"index","follow":"follow","max-snippet":"max-snippet:-1","max-image-preview":"max-image-preview:large","max-video-preview":"max-video-preview:-1"},"canonical":"https:\/\/store.microbiotech.dz\/index.php\/produit\/electrode-ph-combinee-avec-corps-en-verre-hanna\/","og_locale":"fr_FR","og_type":"article","og_title":"\u00c9lectrode pH combin\u00e9e avec corps en verre HANNA - La Boutique en ligne","og_description":"\u00c9lectrode pH combin\u00e9e avec corps en verre HANNA de haute qualit\u00e9 ! Commandez avant rupture de stock sur microbiotech.dz !","og_url":"https:\/\/store.microbiotech.dz\/index.php\/produit\/electrode-ph-combinee-avec-corps-en-verre-hanna\/","og_site_name":"La Boutique en ligne","article_publisher":"https:\/\/www.facebook.com\/MicroBiotech.dz","article_modified_time":"2025-10-02T09:50:48+00:00","og_image":[{"width":600,"height":600,"url":"https:\/\/store.microbiotech.dz\/wp-content\/uploads\/2024\/04\/HI1330B.png","type":"image\/png"}],"twitter_card":"summary_large_image","twitter_site":"@MicrobiotechD","schema":{"@context":"https:\/\/schema.org","@graph":[{"@type":"WebPage","@id":"https:\/\/store.microbiotech.dz\/index.php\/produit\/electrode-ph-combinee-avec-corps-en-verre-hanna\/","url":"https:\/\/store.microbiotech.dz\/index.php\/produit\/electrode-ph-combinee-avec-corps-en-verre-hanna\/","name":"\u00c9lectrode pH combin\u00e9e avec corps en verre HANNA - La Boutique en ligne","isPartOf":{"@id":"https:\/\/store.microbiotech.dz\/#website"},"primaryImageOfPage":{"@id":"https:\/\/store.microbiotech.dz\/index.php\/produit\/electrode-ph-combinee-avec-corps-en-verre-hanna\/#primaryimage"},"image":{"@id":"https:\/\/store.microbiotech.dz\/index.php\/produit\/electrode-ph-combinee-avec-corps-en-verre-hanna\/#primaryimage"},"thumbnailUrl":"https:\/\/store.microbiotech.dz\/wp-content\/uploads\/2024\/04\/HI1330B.png","datePublished":"2024-04-09T11:47:01+00:00","dateModified":"2025-10-02T09:50:48+00:00","description":"\u00c9lectrode pH combin\u00e9e avec corps en verre HANNA de haute qualit\u00e9 ! Commandez avant rupture de stock sur microbiotech.dz !","breadcrumb":{"@id":"https:\/\/store.microbiotech.dz\/index.php\/produit\/electrode-ph-combinee-avec-corps-en-verre-hanna\/#breadcrumb"},"inLanguage":"fr-FR","potentialAction":[{"@type":"ReadAction","target":["https:\/\/store.microbiotech.dz\/index.php\/produit\/electrode-ph-combinee-avec-corps-en-verre-hanna\/"]}]},{"@type":"ImageObject","inLanguage":"fr-FR","@id":"https:\/\/store.microbiotech.dz\/index.php\/produit\/electrode-ph-combinee-avec-corps-en-verre-hanna\/#primaryimage","url":"https:\/\/store.microbiotech.dz\/wp-content\/uploads\/2024\/04\/HI1330B.png","contentUrl":"https:\/\/store.microbiotech.dz\/wp-content\/uploads\/2024\/04\/HI1330B.png","width":600,"height":600},{"@type":"BreadcrumbList","@id":"https:\/\/store.microbiotech.dz\/index.php\/produit\/electrode-ph-combinee-avec-corps-en-verre-hanna\/#breadcrumb","itemListElement":[{"@type":"ListItem","position":1,"name":"Accueil","item":"https:\/\/store.microbiotech.dz\/"},{"@type":"ListItem","position":2,"name":"Nos Produits","item":"https:\/\/store.microbiotech.dz\/index.php\/nos-produits\/"},{"@type":"ListItem","position":3,"name":"\u00c9lectrode pH combin\u00e9e avec corps en verre HANNA"}]},{"@type":"WebSite","@id":"https:\/\/store.microbiotech.dz\/#website","url":"https:\/\/store.microbiotech.dz\/","name":"La Boutique en ligne","description":"Qualit\u00e9 - Rapidit\u00e9 - Tranquillit\u00e9","publisher":{"@id":"https:\/\/store.microbiotech.dz\/#organization"},"potentialAction":[{"@type":"SearchAction","target":{"@type":"EntryPoint","urlTemplate":"https:\/\/store.microbiotech.dz\/?s={search_term_string}"},"query-input":{"@type":"PropertyValueSpecification","valueRequired":true,"valueName":"search_term_string"}}],"inLanguage":"fr-FR"},{"@type":"Organization","@id":"https:\/\/store.microbiotech.dz\/#organization","name":"Microbiotech EURL","url":"https:\/\/store.microbiotech.dz\/","logo":{"@type":"ImageObject","inLanguage":"fr-FR","@id":"https:\/\/store.microbiotech.dz\/#\/schema\/logo\/image\/","url":"https:\/\/store.microbiotech.dz\/wp-content\/uploads\/2021\/09\/cropped-logo-microbiotech-2.jpg","contentUrl":"https:\/\/store.microbiotech.dz\/wp-content\/uploads\/2021\/09\/cropped-logo-microbiotech-2.jpg","width":815,"height":586,"caption":"Microbiotech EURL"},"image":{"@id":"https:\/\/store.microbiotech.dz\/#\/schema\/logo\/image\/"},"sameAs":["https:\/\/www.facebook.com\/MicroBiotech.dz","https:\/\/x.com\/MicrobiotechD","https:\/\/www.linkedin.com\/in\/microbiotech\/","https:\/\/www.youtube.com\/channel\/UCTxc3VIiX7LXD2LQYfZEcDg"]}]}},"jetpack_sharing_enabled":true,"_links":{"self":[{"href":"https:\/\/store.microbiotech.dz\/index.php\/wp-json\/wp\/v2\/product\/8619","targetHints":{"allow":["GET"]}}],"collection":[{"href":"https:\/\/store.microbiotech.dz\/index.php\/wp-json\/wp\/v2\/product"}],"about":[{"href":"https:\/\/store.microbiotech.dz\/index.php\/wp-json\/wp\/v2\/types\/product"}],"replies":[{"embeddable":true,"href":"https:\/\/store.microbiotech.dz\/index.php\/wp-json\/wp\/v2\/comments?post=8619"}],"wp:featuredmedia":[{"embeddable":true,"href":"https:\/\/store.microbiotech.dz\/index.php\/wp-json\/wp\/v2\/media\/8621"}],"wp:attachment":[{"href":"https:\/\/store.microbiotech.dz\/index.php\/wp-json\/wp\/v2\/media?parent=8619"}],"wp:term":[{"taxonomy":"product_brand","embeddable":true,"href":"https:\/\/store.microbiotech.dz\/index.php\/wp-json\/wp\/v2\/product_brand?post=8619"},{"taxonomy":"product_cat","embeddable":true,"href":"https:\/\/store.microbiotech.dz\/index.php\/wp-json\/wp\/v2\/product_cat?post=8619"},{"taxonomy":"product_tag","embeddable":true,"href":"https:\/\/store.microbiotech.dz\/index.php\/wp-json\/wp\/v2\/product_tag?post=8619"}],"curies":[{"name":"wp","href":"https:\/\/api.w.org\/{rel}","templated":true}]}}