{"id":8458,"date":"2024-04-01T10:14:39","date_gmt":"2024-04-01T09:14:39","guid":{"rendered":"https:\/\/store.microbiotech.dz\/?post_type=product&#038;p=8458"},"modified":"2024-12-15T11:41:25","modified_gmt":"2024-12-15T10:41:25","slug":"spectrophotometre-double-faisceau-jenway","status":"publish","type":"product","link":"https:\/\/store.microbiotech.dz\/index.php\/produit\/spectrophotometre-double-faisceau-jenway\/","title":{"rendered":"Spectrophotom\u00e8tre double faisceau JENWAY"},"content":{"rendered":"<p>Le Spectrophotom\u00e8tre <a href=\"https:\/\/www.lachimie.fr\/analytique\/uv\/spectrometre-UV.php\" target=\"_blank\" rel=\"noopener\">double faisceau<\/a> JENWAY (UV-Vis) est le premier <a href=\"https:\/\/store.microbiotech.dz\/index.php\/etiquette-produit\/spectrophotometre\/\" target=\"_blank\" rel=\"noopener\">spectrophotom\u00e8tre<\/a> double faisceau de la gamme \u00e0 bande passante spectrale variable. Pour optimiser la justesse de la mesure, l&rsquo;optique \u00e0 tr\u00e8s haute stabilit\u00e9 et les deux d\u00e9tecteurs mesurent l&rsquo;\u00e9chantillon et la r\u00e9f\u00e9rence simultan\u00e9ment. Le 6850 dispose de diff\u00e9rents modes de mesure : photom\u00e9trie, concentration, multilongueur d&rsquo;onde, balayage de spectre, cin\u00e9tique, quantification, analyses d&rsquo;ADN\/ARN et de prot\u00e9ines.<\/p>\n<p>Il est id\u00e9al pour le contr\u00f4le qualit\u00e9, les analyses g\u00e9n\u00e9rales en recherche et les applications des laboratoires pharmaceutiques, biochimiques et cliniques<\/p>\n","protected":false},"excerpt":{"rendered":"<p>Marque : <strong>JENWAY <img loading=\"lazy\" decoding=\"async\" class=\"alignnone wp-image-3568\" src=\"https:\/\/store.microbiotech.dz\/wp-content\/uploads\/2023\/04\/flag-england-300x300.png\" alt=\"\" width=\"43\" height=\"43\" srcset=\"https:\/\/store.microbiotech.dz\/wp-content\/uploads\/2023\/04\/flag-england-300x300.png 300w, https:\/\/store.microbiotech.dz\/wp-content\/uploads\/2023\/04\/flag-england-150x150.png 150w, https:\/\/store.microbiotech.dz\/wp-content\/uploads\/2023\/04\/flag-england-100x100.png 100w, https:\/\/store.microbiotech.dz\/wp-content\/uploads\/2023\/04\/flag-england.png 360w\" sizes=\"auto, (max-width: 43px) 100vw, 43px\" \/><\/strong><br \/>\nGamme spectrale : <strong>190 \u00e0 1100 nm (UV-Vis)<\/strong><br \/>\nPr\u00e9cision longueur d&rsquo;onde : <strong>+\/- 0,3 nm (BP0.5 et 1 nlm) +\/-0,5 nm (BP 2 \/ 4 et 5 nm) <\/strong><br \/>\nReproductibilit\u00e9 : <strong>+\/- 0,2 nm <\/strong><br \/>\nSources :<strong> halog\u00e8ne et deut\u00e9rium<\/strong><br \/>\nPr\u00e9cision photom\u00e9trique : <strong>+\/- 0.002A <\/strong><br \/>\nBruit de fond : <strong>0.0005A <\/strong><br \/>\nVitesse de balayage : <strong>100 \u00e0 2000 nm\/min <\/strong><br \/>\nSortie : <strong>USB et port parall\u00e8le<\/strong><br \/>\nDimension (lxLxh) :<strong> 600x450x200 mm <\/strong><br \/>\nPoids : <strong>22 Kg <\/strong><br \/>\nLogiciel compatible : <strong>Windows 2000, XP, Vista, 7 et 10<\/strong><\/p>\n<p><span style=\"color: #008000;\"><strong>Garantie 12 mois<\/strong>. SAV assur\u00e9\u00a0<\/span><br \/>\nT\u00e9l\u00e9chargements :<br \/>\n<a href=\"https:\/\/store.microbiotech.dz\/wp-content\/uploads\/2024\/04\/Manuel-Spectro-6850.pdf\">-Manuel Spectro. 6850<\/a><br \/>\n<a href=\"https:\/\/store.microbiotech.dz\/wp-content\/uploads\/2024\/04\/fiche-technique-spectro-6850.pdf\">-Fiche technique spectro. 6850<\/a><\/p>\n","protected":false},"featured_media":8469,"comment_status":"open","ping_status":"closed","template":"","meta":{"site-sidebar-layout":"default","site-content-layout":"","ast-site-content-layout":"default","site-content-style":"default","site-sidebar-style":"default","ast-global-header-display":"","ast-banner-title-visibility":"","ast-main-header-display":"","ast-hfb-above-header-display":"","ast-hfb-below-header-display":"","ast-hfb-mobile-header-display":"","site-post-title":"","ast-breadcrumbs-content":"","ast-featured-img":"","footer-sml-layout":"","ast-disable-related-posts":"","theme-transparent-header-meta":"default","adv-header-id-meta":"","stick-header-meta":"","header-above-stick-meta":"","header-main-stick-meta":"","header-below-stick-meta":"","astra-migrate-meta-layouts":"set","ast-page-background-enabled":"default","ast-page-background-meta":{"desktop":{"background-color":"var(--ast-global-color-4)","background-image":"","background-repeat":"repeat","background-position":"center center","background-size":"auto","background-attachment":"scroll","background-type":"","background-media":"","overlay-type":"","overlay-color":"","overlay-opacity":"","overlay-gradient":""},"tablet":{"background-color":"","background-image":"","background-repeat":"repeat","background-position":"center center","background-size":"auto","background-attachment":"scroll","background-type":"","background-media":"","overlay-type":"","overlay-color":"","overlay-opacity":"","overlay-gradient":""},"mobile":{"background-color":"","background-image":"","background-repeat":"repeat","background-position":"center center","background-size":"auto","background-attachment":"scroll","background-type":"","background-media":"","overlay-type":"","overlay-color":"","overlay-opacity":"","overlay-gradient":""}},"ast-content-background-meta":{"desktop":{"background-color":"var(--ast-global-color-5)","background-image":"","background-repeat":"repeat","background-position":"center center","background-size":"auto","background-attachment":"scroll","background-type":"","background-media":"","overlay-type":"","overlay-color":"","overlay-opacity":"","overlay-gradient":""},"tablet":{"background-color":"var(--ast-global-color-5)","background-image":"","background-repeat":"repeat","background-position":"center center","background-size":"auto","background-attachment":"scroll","background-type":"","background-media":"","overlay-type":"","overlay-color":"","overlay-opacity":"","overlay-gradient":""},"mobile":{"background-color":"var(--ast-global-color-5)","background-image":"","background-repeat":"repeat","background-position":"center center","background-size":"auto","background-attachment":"scroll","background-type":"","background-media":"","overlay-type":"","overlay-color":"","overlay-opacity":"","overlay-gradient":""}},"jetpack_post_was_ever_published":false},"product_brand":[],"product_cat":[238],"product_tag":[2022,541,2021,1276,1825,2019],"class_list":{"0":"post-8458","1":"product","2":"type-product","3":"status-publish","4":"has-post-thumbnail","6":"product_cat-equipements","7":"product_tag-double-faisceau","8":"product_tag-f10","9":"product_tag-jenway","10":"product_tag-spectro","11":"product_tag-spectrometre","12":"product_tag-uv-visible","13":"desktop-align-center","14":"tablet-align-left","15":"mobile-align-left","17":"first","18":"outofstock","19":"taxable","20":"shipping-taxable","21":"purchasable","22":"product-type-simple"},"yoast_head":"<!-- This site is optimized with the Yoast SEO plugin v27.5 - https:\/\/yoast.com\/product\/yoast-seo-wordpress\/ -->\n<title>Spectrophotom\u00e8tre double faisceau JENWAY - La Boutique en ligne<\/title>\n<meta name=\"description\" content=\"Spectrophotom\u00e8tre double faisceau JENWAY (UV-Vis), longueur d&#039;onde (nm) : 190 \u00e0 1100, compatible avec de nombreuses applications.\" \/>\n<meta name=\"robots\" content=\"index, follow, max-snippet:-1, max-image-preview:large, max-video-preview:-1\" \/>\n<link rel=\"canonical\" href=\"https:\/\/store.microbiotech.dz\/index.php\/produit\/spectrophotometre-double-faisceau-jenway\/\" \/>\n<meta property=\"og:locale\" content=\"fr_FR\" \/>\n<meta property=\"og:type\" content=\"article\" \/>\n<meta property=\"og:title\" content=\"Spectrophotom\u00e8tre double faisceau JENWAY - La Boutique en ligne\" \/>\n<meta property=\"og:description\" content=\"Spectrophotom\u00e8tre double faisceau JENWAY (UV-Vis), longueur d&#039;onde (nm) : 190 \u00e0 1100, compatible avec de nombreuses applications.\" \/>\n<meta property=\"og:url\" content=\"https:\/\/store.microbiotech.dz\/index.php\/produit\/spectrophotometre-double-faisceau-jenway\/\" \/>\n<meta property=\"og:site_name\" content=\"La Boutique en ligne\" \/>\n<meta property=\"article:publisher\" content=\"https:\/\/www.facebook.com\/MicroBiotech.dz\" \/>\n<meta property=\"article:modified_time\" content=\"2024-12-15T10:41:25+00:00\" \/>\n<meta property=\"og:image\" content=\"https:\/\/store.microbiotech.dz\/wp-content\/uploads\/2024\/04\/spectro.png\" \/>\n\t<meta property=\"og:image:width\" content=\"600\" \/>\n\t<meta property=\"og:image:height\" content=\"600\" \/>\n\t<meta property=\"og:image:type\" content=\"image\/png\" \/>\n<meta name=\"twitter:card\" content=\"summary_large_image\" \/>\n<meta name=\"twitter:site\" content=\"@MicrobiotechD\" \/>\n<script type=\"application\/ld+json\" class=\"yoast-schema-graph\">{\"@context\":\"https:\\\/\\\/schema.org\",\"@graph\":[{\"@type\":\"WebPage\",\"@id\":\"https:\\\/\\\/store.microbiotech.dz\\\/index.php\\\/produit\\\/spectrophotometre-double-faisceau-jenway\\\/\",\"url\":\"https:\\\/\\\/store.microbiotech.dz\\\/index.php\\\/produit\\\/spectrophotometre-double-faisceau-jenway\\\/\",\"name\":\"Spectrophotom\u00e8tre double faisceau JENWAY - La Boutique en ligne\",\"isPartOf\":{\"@id\":\"https:\\\/\\\/store.microbiotech.dz\\\/#website\"},\"primaryImageOfPage\":{\"@id\":\"https:\\\/\\\/store.microbiotech.dz\\\/index.php\\\/produit\\\/spectrophotometre-double-faisceau-jenway\\\/#primaryimage\"},\"image\":{\"@id\":\"https:\\\/\\\/store.microbiotech.dz\\\/index.php\\\/produit\\\/spectrophotometre-double-faisceau-jenway\\\/#primaryimage\"},\"thumbnailUrl\":\"https:\\\/\\\/store.microbiotech.dz\\\/wp-content\\\/uploads\\\/2024\\\/04\\\/spectro.png\",\"datePublished\":\"2024-04-01T09:14:39+00:00\",\"dateModified\":\"2024-12-15T10:41:25+00:00\",\"description\":\"Spectrophotom\u00e8tre double faisceau JENWAY (UV-Vis), longueur d'onde (nm) : 190 \u00e0 1100, compatible avec de nombreuses applications.\",\"breadcrumb\":{\"@id\":\"https:\\\/\\\/store.microbiotech.dz\\\/index.php\\\/produit\\\/spectrophotometre-double-faisceau-jenway\\\/#breadcrumb\"},\"inLanguage\":\"fr-FR\",\"potentialAction\":[{\"@type\":\"ReadAction\",\"target\":[\"https:\\\/\\\/store.microbiotech.dz\\\/index.php\\\/produit\\\/spectrophotometre-double-faisceau-jenway\\\/\"]}]},{\"@type\":\"ImageObject\",\"inLanguage\":\"fr-FR\",\"@id\":\"https:\\\/\\\/store.microbiotech.dz\\\/index.php\\\/produit\\\/spectrophotometre-double-faisceau-jenway\\\/#primaryimage\",\"url\":\"https:\\\/\\\/store.microbiotech.dz\\\/wp-content\\\/uploads\\\/2024\\\/04\\\/spectro.png\",\"contentUrl\":\"https:\\\/\\\/store.microbiotech.dz\\\/wp-content\\\/uploads\\\/2024\\\/04\\\/spectro.png\",\"width\":600,\"height\":600,\"caption\":\"Spectrophotom\u00e8tre double faisceau JENWAY\"},{\"@type\":\"BreadcrumbList\",\"@id\":\"https:\\\/\\\/store.microbiotech.dz\\\/index.php\\\/produit\\\/spectrophotometre-double-faisceau-jenway\\\/#breadcrumb\",\"itemListElement\":[{\"@type\":\"ListItem\",\"position\":1,\"name\":\"Accueil\",\"item\":\"https:\\\/\\\/store.microbiotech.dz\\\/\"},{\"@type\":\"ListItem\",\"position\":2,\"name\":\"Nos Produits\",\"item\":\"https:\\\/\\\/store.microbiotech.dz\\\/index.php\\\/nos-produits\\\/\"},{\"@type\":\"ListItem\",\"position\":3,\"name\":\"Spectrophotom\u00e8tre double faisceau JENWAY\"}]},{\"@type\":\"WebSite\",\"@id\":\"https:\\\/\\\/store.microbiotech.dz\\\/#website\",\"url\":\"https:\\\/\\\/store.microbiotech.dz\\\/\",\"name\":\"La Boutique en ligne\",\"description\":\"Qualit\u00e9 - Rapidit\u00e9 - Tranquillit\u00e9\",\"publisher\":{\"@id\":\"https:\\\/\\\/store.microbiotech.dz\\\/#organization\"},\"potentialAction\":[{\"@type\":\"SearchAction\",\"target\":{\"@type\":\"EntryPoint\",\"urlTemplate\":\"https:\\\/\\\/store.microbiotech.dz\\\/?s={search_term_string}\"},\"query-input\":{\"@type\":\"PropertyValueSpecification\",\"valueRequired\":true,\"valueName\":\"search_term_string\"}}],\"inLanguage\":\"fr-FR\"},{\"@type\":\"Organization\",\"@id\":\"https:\\\/\\\/store.microbiotech.dz\\\/#organization\",\"name\":\"Microbiotech EURL\",\"url\":\"https:\\\/\\\/store.microbiotech.dz\\\/\",\"logo\":{\"@type\":\"ImageObject\",\"inLanguage\":\"fr-FR\",\"@id\":\"https:\\\/\\\/store.microbiotech.dz\\\/#\\\/schema\\\/logo\\\/image\\\/\",\"url\":\"https:\\\/\\\/store.microbiotech.dz\\\/wp-content\\\/uploads\\\/2021\\\/09\\\/cropped-logo-microbiotech-2.jpg\",\"contentUrl\":\"https:\\\/\\\/store.microbiotech.dz\\\/wp-content\\\/uploads\\\/2021\\\/09\\\/cropped-logo-microbiotech-2.jpg\",\"width\":815,\"height\":586,\"caption\":\"Microbiotech EURL\"},\"image\":{\"@id\":\"https:\\\/\\\/store.microbiotech.dz\\\/#\\\/schema\\\/logo\\\/image\\\/\"},\"sameAs\":[\"https:\\\/\\\/www.facebook.com\\\/MicroBiotech.dz\",\"https:\\\/\\\/x.com\\\/MicrobiotechD\",\"https:\\\/\\\/www.linkedin.com\\\/in\\\/microbiotech\\\/\",\"https:\\\/\\\/www.youtube.com\\\/channel\\\/UCTxc3VIiX7LXD2LQYfZEcDg\"]}]}<\/script>\n<!-- \/ Yoast SEO plugin. -->","yoast_head_json":{"title":"Spectrophotom\u00e8tre double faisceau JENWAY - La Boutique en ligne","description":"Spectrophotom\u00e8tre double faisceau JENWAY (UV-Vis), longueur d'onde (nm) : 190 \u00e0 1100, compatible avec de nombreuses applications.","robots":{"index":"index","follow":"follow","max-snippet":"max-snippet:-1","max-image-preview":"max-image-preview:large","max-video-preview":"max-video-preview:-1"},"canonical":"https:\/\/store.microbiotech.dz\/index.php\/produit\/spectrophotometre-double-faisceau-jenway\/","og_locale":"fr_FR","og_type":"article","og_title":"Spectrophotom\u00e8tre double faisceau JENWAY - La Boutique en ligne","og_description":"Spectrophotom\u00e8tre double faisceau JENWAY (UV-Vis), longueur d'onde (nm) : 190 \u00e0 1100, compatible avec de nombreuses applications.","og_url":"https:\/\/store.microbiotech.dz\/index.php\/produit\/spectrophotometre-double-faisceau-jenway\/","og_site_name":"La Boutique en ligne","article_publisher":"https:\/\/www.facebook.com\/MicroBiotech.dz","article_modified_time":"2024-12-15T10:41:25+00:00","og_image":[{"width":600,"height":600,"url":"https:\/\/store.microbiotech.dz\/wp-content\/uploads\/2024\/04\/spectro.png","type":"image\/png"}],"twitter_card":"summary_large_image","twitter_site":"@MicrobiotechD","schema":{"@context":"https:\/\/schema.org","@graph":[{"@type":"WebPage","@id":"https:\/\/store.microbiotech.dz\/index.php\/produit\/spectrophotometre-double-faisceau-jenway\/","url":"https:\/\/store.microbiotech.dz\/index.php\/produit\/spectrophotometre-double-faisceau-jenway\/","name":"Spectrophotom\u00e8tre double faisceau JENWAY - La Boutique en ligne","isPartOf":{"@id":"https:\/\/store.microbiotech.dz\/#website"},"primaryImageOfPage":{"@id":"https:\/\/store.microbiotech.dz\/index.php\/produit\/spectrophotometre-double-faisceau-jenway\/#primaryimage"},"image":{"@id":"https:\/\/store.microbiotech.dz\/index.php\/produit\/spectrophotometre-double-faisceau-jenway\/#primaryimage"},"thumbnailUrl":"https:\/\/store.microbiotech.dz\/wp-content\/uploads\/2024\/04\/spectro.png","datePublished":"2024-04-01T09:14:39+00:00","dateModified":"2024-12-15T10:41:25+00:00","description":"Spectrophotom\u00e8tre double faisceau JENWAY (UV-Vis), longueur d'onde (nm) : 190 \u00e0 1100, compatible avec de nombreuses applications.","breadcrumb":{"@id":"https:\/\/store.microbiotech.dz\/index.php\/produit\/spectrophotometre-double-faisceau-jenway\/#breadcrumb"},"inLanguage":"fr-FR","potentialAction":[{"@type":"ReadAction","target":["https:\/\/store.microbiotech.dz\/index.php\/produit\/spectrophotometre-double-faisceau-jenway\/"]}]},{"@type":"ImageObject","inLanguage":"fr-FR","@id":"https:\/\/store.microbiotech.dz\/index.php\/produit\/spectrophotometre-double-faisceau-jenway\/#primaryimage","url":"https:\/\/store.microbiotech.dz\/wp-content\/uploads\/2024\/04\/spectro.png","contentUrl":"https:\/\/store.microbiotech.dz\/wp-content\/uploads\/2024\/04\/spectro.png","width":600,"height":600,"caption":"Spectrophotom\u00e8tre double faisceau JENWAY"},{"@type":"BreadcrumbList","@id":"https:\/\/store.microbiotech.dz\/index.php\/produit\/spectrophotometre-double-faisceau-jenway\/#breadcrumb","itemListElement":[{"@type":"ListItem","position":1,"name":"Accueil","item":"https:\/\/store.microbiotech.dz\/"},{"@type":"ListItem","position":2,"name":"Nos Produits","item":"https:\/\/store.microbiotech.dz\/index.php\/nos-produits\/"},{"@type":"ListItem","position":3,"name":"Spectrophotom\u00e8tre double faisceau JENWAY"}]},{"@type":"WebSite","@id":"https:\/\/store.microbiotech.dz\/#website","url":"https:\/\/store.microbiotech.dz\/","name":"La Boutique en ligne","description":"Qualit\u00e9 - Rapidit\u00e9 - Tranquillit\u00e9","publisher":{"@id":"https:\/\/store.microbiotech.dz\/#organization"},"potentialAction":[{"@type":"SearchAction","target":{"@type":"EntryPoint","urlTemplate":"https:\/\/store.microbiotech.dz\/?s={search_term_string}"},"query-input":{"@type":"PropertyValueSpecification","valueRequired":true,"valueName":"search_term_string"}}],"inLanguage":"fr-FR"},{"@type":"Organization","@id":"https:\/\/store.microbiotech.dz\/#organization","name":"Microbiotech EURL","url":"https:\/\/store.microbiotech.dz\/","logo":{"@type":"ImageObject","inLanguage":"fr-FR","@id":"https:\/\/store.microbiotech.dz\/#\/schema\/logo\/image\/","url":"https:\/\/store.microbiotech.dz\/wp-content\/uploads\/2021\/09\/cropped-logo-microbiotech-2.jpg","contentUrl":"https:\/\/store.microbiotech.dz\/wp-content\/uploads\/2021\/09\/cropped-logo-microbiotech-2.jpg","width":815,"height":586,"caption":"Microbiotech EURL"},"image":{"@id":"https:\/\/store.microbiotech.dz\/#\/schema\/logo\/image\/"},"sameAs":["https:\/\/www.facebook.com\/MicroBiotech.dz","https:\/\/x.com\/MicrobiotechD","https:\/\/www.linkedin.com\/in\/microbiotech\/","https:\/\/www.youtube.com\/channel\/UCTxc3VIiX7LXD2LQYfZEcDg"]}]}},"jetpack_sharing_enabled":true,"_links":{"self":[{"href":"https:\/\/store.microbiotech.dz\/index.php\/wp-json\/wp\/v2\/product\/8458","targetHints":{"allow":["GET"]}}],"collection":[{"href":"https:\/\/store.microbiotech.dz\/index.php\/wp-json\/wp\/v2\/product"}],"about":[{"href":"https:\/\/store.microbiotech.dz\/index.php\/wp-json\/wp\/v2\/types\/product"}],"replies":[{"embeddable":true,"href":"https:\/\/store.microbiotech.dz\/index.php\/wp-json\/wp\/v2\/comments?post=8458"}],"wp:featuredmedia":[{"embeddable":true,"href":"https:\/\/store.microbiotech.dz\/index.php\/wp-json\/wp\/v2\/media\/8469"}],"wp:attachment":[{"href":"https:\/\/store.microbiotech.dz\/index.php\/wp-json\/wp\/v2\/media?parent=8458"}],"wp:term":[{"taxonomy":"product_brand","embeddable":true,"href":"https:\/\/store.microbiotech.dz\/index.php\/wp-json\/wp\/v2\/product_brand?post=8458"},{"taxonomy":"product_cat","embeddable":true,"href":"https:\/\/store.microbiotech.dz\/index.php\/wp-json\/wp\/v2\/product_cat?post=8458"},{"taxonomy":"product_tag","embeddable":true,"href":"https:\/\/store.microbiotech.dz\/index.php\/wp-json\/wp\/v2\/product_tag?post=8458"}],"curies":[{"name":"wp","href":"https:\/\/api.w.org\/{rel}","templated":true}]}}