{"id":8387,"date":"2024-03-26T10:25:57","date_gmt":"2024-03-26T09:25:57","guid":{"rendered":"https:\/\/store.microbiotech.dz\/?post_type=product&#038;p=8387"},"modified":"2025-10-21T09:37:48","modified_gmt":"2025-10-21T08:37:48","slug":"pompe-a-vide-a-palettes-rotatives","status":"publish","type":"product","link":"https:\/\/store.microbiotech.dz\/index.php\/produit\/pompe-a-vide-a-palettes-rotatives\/","title":{"rendered":"Pompe \u00e0 vide \u00e0 palettes rotatives"},"content":{"rendered":"<p>La Pompe \u00e0 vide \u00e0 palettes rotatives se caract\u00e9rise par :<\/p>\n<ul>\n<li><span id=\"tl_4\" data-spm-anchor-id=\"a2g0o.detail.1000023.i6.16d7fKOVfKOV5y\">Le Roulement des deux c\u00f4t\u00e9s du rotor.<\/span><\/li>\n<li><span id=\"tl_5\">Haute efficacit\u00e9.<\/span><\/li>\n<li data-spm-anchor-id=\"a2g0o.detail.1000023.i5.16d7fKOVfKOV5y\"><span id=\"tl_6\">Faible niveau sonore.<\/span><\/li>\n<li><span id=\"tl_7\">Entretien et op\u00e9ration faciles.<\/span><\/li>\n<li><span id=\"tl_8\">Haute performance, faible vibration et faible bruit.<\/span><\/li>\n<li><span id=\"tl_9\">Ballastage au gaz pour l&rsquo;\u00e9limination des vapeurs de solvant.<\/span><\/li>\n<\/ul>\n<p>Cette Pompe \u00e0 vide \u00e0 palettes rotatives<span id=\"tl_11\" data-spm-anchor-id=\"a2g0o.detail.1000023.i2.16d7fKOVfKOV5y\">\u00a0avec structure de connexion directe \u00e0 deux \u00e9tages se compose<\/span><span id=\"tl_12\"> du corps de pompe, du rotor, de la palette rotative, du couvercle d&rsquo;extr\u00e9mit\u00e9, du ressort, etc. Quand la <a href=\"https:\/\/store.microbiotech.dz\/?s=pompe\" target=\"_blank\" rel=\"noopener\">pompe<\/a> tourne, la force centrifuge et la tension du ressort fait que le haut de la palette rotative reste en contact avec la paroi de la chambre de pompe, le rotor rotatif de la pompe \u00e0 vide \u00e0 palettes rotatives \u00e0 double \u00e9tage entra\u00eene l&rsquo;aube rotative pour qu&rsquo;elle glisse le long de la paroi interne de la cavit\u00e9 de la pompe.<br \/>\n<\/span><\/p>\n<p>En g\u00e9n\u00e9ral cette Pompe\u00a0constitue un \u00e9quipement \u00e9l\u00e9mentaire pour pomper l&rsquo;air des r\u00e9cipients scell\u00e9s, elle est donc utilisable dans : la fabrication de bo\u00eetiers \u00e9lectriques sous vide, le jointage sous vide, l&#8217;emballage alimentaire, le formage sous vide, la r\u00e9paration d&rsquo;\u00e9quipements de r\u00e9frig\u00e9ration et d&rsquo;instruments ou \u00e9quipements en laboratoire.<\/p>\n<p>De plus, il est possible d&rsquo;utiliser ce genre de pompes dans l&rsquo;a\u00e9rospatiale, les semi-conducteurs, le rev\u00eatement, l&#8217;emballage alimentaire. , machines de s\u00e9chage, \u00e9quipements de r\u00e9frig\u00e9ration, recherche scientifique, traitement m\u00e9dical, \u00e9lectronique, produits chimiques, m\u00e9decine et laboratoire ou laboratoire des universit\u00e9s et coll\u00e8ges.<\/p>\n","protected":false},"excerpt":{"rendered":"<p>&nbsp;<\/p>\n<p>Origine :\u00a0<strong>Chine<\/strong>\u00a0<img loading=\"lazy\" decoding=\"async\" class=\"alignnone wp-image-1795\" src=\"https:\/\/store.microbiotech.dz\/wp-content\/uploads\/2022\/04\/China-Flag.png\" alt=\"\" width=\"32\" height=\"32\" srcset=\"https:\/\/store.microbiotech.dz\/wp-content\/uploads\/2022\/04\/China-Flag.png 224w, https:\/\/store.microbiotech.dz\/wp-content\/uploads\/2022\/04\/China-Flag-150x150.png 150w, https:\/\/store.microbiotech.dz\/wp-content\/uploads\/2022\/04\/China-Flag-100x100.png 100w\" sizes=\"auto, (max-width: 32px) 100vw, 32px\" \/><br \/>\nType : <strong>Vacuum<\/strong><br \/>\nStructure : <strong>pompe \u00e0 pistons<\/strong><br \/>\nTension \u00e9lectrique : <strong style=\"font-size: 1em\">220 V<\/strong><br \/>\nTaille (L*P*H, mm) : <strong>488*145*280<br \/>\n<\/strong>Vitesse de rotation (r\/min) : <strong style=\"font-size: 1em\">1400<br \/>\n<\/strong>Capacit\u00e9 d&rsquo;huile (L) : <strong style=\"font-size: 1em\">0,8<br \/>\n<\/strong>Puissance du moteur (KW) : <strong style=\"font-size: 1em\">0,37<br \/>\n<\/strong>Diam\u00e8tre d&rsquo;entr\u00e9e (mm) : <strong style=\"font-size: 1em\">25<\/strong><\/p>\n","protected":false},"featured_media":8391,"comment_status":"open","ping_status":"closed","template":"","meta":{"site-sidebar-layout":"default","site-content-layout":"default","ast-site-content-layout":"default","site-content-style":"default","site-sidebar-style":"default","ast-global-header-display":"","ast-banner-title-visibility":"","ast-main-header-display":"","ast-hfb-above-header-display":"","ast-hfb-below-header-display":"","ast-hfb-mobile-header-display":"","site-post-title":"","ast-breadcrumbs-content":"","ast-featured-img":"","footer-sml-layout":"","ast-disable-related-posts":"","theme-transparent-header-meta":"default","adv-header-id-meta":"","stick-header-meta":"","header-above-stick-meta":"","header-main-stick-meta":"","header-below-stick-meta":"","astra-migrate-meta-layouts":"set","ast-page-background-enabled":"default","ast-page-background-meta":{"desktop":{"background-color":"var(--ast-global-color-4)","background-image":"","background-repeat":"repeat","background-position":"center center","background-size":"auto","background-attachment":"scroll","background-type":"","background-media":"","overlay-type":"","overlay-color":"","overlay-opacity":"","overlay-gradient":""},"tablet":{"background-color":"","background-image":"","background-repeat":"repeat","background-position":"center center","background-size":"auto","background-attachment":"scroll","background-type":"","background-media":"","overlay-type":"","overlay-color":"","overlay-opacity":"","overlay-gradient":""},"mobile":{"background-color":"","background-image":"","background-repeat":"repeat","background-position":"center center","background-size":"auto","background-attachment":"scroll","background-type":"","background-media":"","overlay-type":"","overlay-color":"","overlay-opacity":"","overlay-gradient":""}},"ast-content-background-meta":{"desktop":{"background-color":"var(--ast-global-color-5)","background-image":"","background-repeat":"repeat","background-position":"center center","background-size":"auto","background-attachment":"scroll","background-type":"","background-media":"","overlay-type":"","overlay-color":"","overlay-opacity":"","overlay-gradient":""},"tablet":{"background-color":"var(--ast-global-color-5)","background-image":"","background-repeat":"repeat","background-position":"center center","background-size":"auto","background-attachment":"scroll","background-type":"","background-media":"","overlay-type":"","overlay-color":"","overlay-opacity":"","overlay-gradient":""},"mobile":{"background-color":"var(--ast-global-color-5)","background-image":"","background-repeat":"repeat","background-position":"center center","background-size":"auto","background-attachment":"scroll","background-type":"","background-media":"","overlay-type":"","overlay-color":"","overlay-opacity":"","overlay-gradient":""}},"jetpack_post_was_ever_published":false},"product_brand":[],"product_cat":[238],"product_tag":[1555,930,1079,450,2006,2005],"class_list":{"0":"post-8387","1":"product","2":"type-product","3":"status-publish","4":"has-post-thumbnail","6":"product_cat-equipements","7":"product_tag-f113","8":"product_tag-f90","9":"product_tag-pompe","10":"product_tag-pompe-a-vide","11":"product_tag-rotative","12":"product_tag-vacuum","13":"product_shipping_class-temperature-ambiante","14":"desktop-align-center","15":"tablet-align-left","16":"mobile-align-left","18":"first","19":"outofstock","20":"taxable","21":"shipping-taxable","22":"purchasable","23":"product-type-simple"},"yoast_head":"<!-- This site is optimized with the Yoast SEO plugin v27.4 - https:\/\/yoast.com\/product\/yoast-seo-wordpress\/ -->\n<title>Pompe \u00e0 vide \u00e0 palettes rotatives - La Boutique en ligne<\/title>\n<meta name=\"description\" content=\"Pompe \u00e0 vide \u00e0 palettes rotatives de haute qualit\u00e9 pour une application large. En acier inoxydable \u00e0 haute r\u00e9sistance, durable et robuste. A bon prix.\" \/>\n<meta name=\"robots\" content=\"index, follow, max-snippet:-1, max-image-preview:large, max-video-preview:-1\" \/>\n<link rel=\"canonical\" href=\"https:\/\/store.microbiotech.dz\/index.php\/produit\/pompe-a-vide-a-palettes-rotatives\/\" \/>\n<meta property=\"og:locale\" content=\"fr_FR\" \/>\n<meta property=\"og:type\" content=\"article\" \/>\n<meta property=\"og:title\" content=\"Pompe \u00e0 vide \u00e0 palettes rotatives - La Boutique en ligne\" \/>\n<meta property=\"og:description\" content=\"Pompe \u00e0 vide \u00e0 palettes rotatives de haute qualit\u00e9 pour une application large. En acier inoxydable \u00e0 haute r\u00e9sistance, durable et robuste. A bon prix.\" \/>\n<meta property=\"og:url\" content=\"https:\/\/store.microbiotech.dz\/index.php\/produit\/pompe-a-vide-a-palettes-rotatives\/\" \/>\n<meta property=\"og:site_name\" content=\"La Boutique en ligne\" \/>\n<meta property=\"article:publisher\" content=\"https:\/\/www.facebook.com\/MicroBiotech.dz\" \/>\n<meta property=\"article:modified_time\" content=\"2025-10-21T08:37:48+00:00\" \/>\n<meta property=\"og:image\" content=\"https:\/\/store.microbiotech.dz\/wp-content\/uploads\/2024\/03\/pompe-a-videe.png\" \/>\n\t<meta property=\"og:image:width\" content=\"600\" \/>\n\t<meta property=\"og:image:height\" content=\"600\" \/>\n\t<meta property=\"og:image:type\" content=\"image\/png\" \/>\n<meta name=\"twitter:card\" content=\"summary_large_image\" \/>\n<meta name=\"twitter:site\" content=\"@MicrobiotechD\" \/>\n<meta name=\"twitter:label1\" content=\"Dur\u00e9e de lecture estim\u00e9e\" \/>\n\t<meta name=\"twitter:data1\" content=\"1 minute\" \/>\n<script type=\"application\/ld+json\" class=\"yoast-schema-graph\">{\"@context\":\"https:\\\/\\\/schema.org\",\"@graph\":[{\"@type\":\"WebPage\",\"@id\":\"https:\\\/\\\/store.microbiotech.dz\\\/index.php\\\/produit\\\/pompe-a-vide-a-palettes-rotatives\\\/\",\"url\":\"https:\\\/\\\/store.microbiotech.dz\\\/index.php\\\/produit\\\/pompe-a-vide-a-palettes-rotatives\\\/\",\"name\":\"Pompe \u00e0 vide \u00e0 palettes rotatives - La Boutique en ligne\",\"isPartOf\":{\"@id\":\"https:\\\/\\\/store.microbiotech.dz\\\/#website\"},\"primaryImageOfPage\":{\"@id\":\"https:\\\/\\\/store.microbiotech.dz\\\/index.php\\\/produit\\\/pompe-a-vide-a-palettes-rotatives\\\/#primaryimage\"},\"image\":{\"@id\":\"https:\\\/\\\/store.microbiotech.dz\\\/index.php\\\/produit\\\/pompe-a-vide-a-palettes-rotatives\\\/#primaryimage\"},\"thumbnailUrl\":\"https:\\\/\\\/store.microbiotech.dz\\\/wp-content\\\/uploads\\\/2024\\\/03\\\/pompe-a-videe.png\",\"datePublished\":\"2024-03-26T09:25:57+00:00\",\"dateModified\":\"2025-10-21T08:37:48+00:00\",\"description\":\"Pompe \u00e0 vide \u00e0 palettes rotatives de haute qualit\u00e9 pour une application large. En acier inoxydable \u00e0 haute r\u00e9sistance, durable et robuste. A bon prix.\",\"breadcrumb\":{\"@id\":\"https:\\\/\\\/store.microbiotech.dz\\\/index.php\\\/produit\\\/pompe-a-vide-a-palettes-rotatives\\\/#breadcrumb\"},\"inLanguage\":\"fr-FR\",\"potentialAction\":[{\"@type\":\"ReadAction\",\"target\":[\"https:\\\/\\\/store.microbiotech.dz\\\/index.php\\\/produit\\\/pompe-a-vide-a-palettes-rotatives\\\/\"]}]},{\"@type\":\"ImageObject\",\"inLanguage\":\"fr-FR\",\"@id\":\"https:\\\/\\\/store.microbiotech.dz\\\/index.php\\\/produit\\\/pompe-a-vide-a-palettes-rotatives\\\/#primaryimage\",\"url\":\"https:\\\/\\\/store.microbiotech.dz\\\/wp-content\\\/uploads\\\/2024\\\/03\\\/pompe-a-videe.png\",\"contentUrl\":\"https:\\\/\\\/store.microbiotech.dz\\\/wp-content\\\/uploads\\\/2024\\\/03\\\/pompe-a-videe.png\",\"width\":600,\"height\":600,\"caption\":\"Pompe \u00e0 vide \u00e0 palettes rotatives\"},{\"@type\":\"BreadcrumbList\",\"@id\":\"https:\\\/\\\/store.microbiotech.dz\\\/index.php\\\/produit\\\/pompe-a-vide-a-palettes-rotatives\\\/#breadcrumb\",\"itemListElement\":[{\"@type\":\"ListItem\",\"position\":1,\"name\":\"Accueil\",\"item\":\"https:\\\/\\\/store.microbiotech.dz\\\/\"},{\"@type\":\"ListItem\",\"position\":2,\"name\":\"Nos Produits\",\"item\":\"https:\\\/\\\/store.microbiotech.dz\\\/index.php\\\/nos-produits\\\/\"},{\"@type\":\"ListItem\",\"position\":3,\"name\":\"Pompe \u00e0 vide \u00e0 palettes rotatives\"}]},{\"@type\":\"WebSite\",\"@id\":\"https:\\\/\\\/store.microbiotech.dz\\\/#website\",\"url\":\"https:\\\/\\\/store.microbiotech.dz\\\/\",\"name\":\"La Boutique en ligne\",\"description\":\"Qualit\u00e9 - Rapidit\u00e9 - Tranquillit\u00e9\",\"publisher\":{\"@id\":\"https:\\\/\\\/store.microbiotech.dz\\\/#organization\"},\"potentialAction\":[{\"@type\":\"SearchAction\",\"target\":{\"@type\":\"EntryPoint\",\"urlTemplate\":\"https:\\\/\\\/store.microbiotech.dz\\\/?s={search_term_string}\"},\"query-input\":{\"@type\":\"PropertyValueSpecification\",\"valueRequired\":true,\"valueName\":\"search_term_string\"}}],\"inLanguage\":\"fr-FR\"},{\"@type\":\"Organization\",\"@id\":\"https:\\\/\\\/store.microbiotech.dz\\\/#organization\",\"name\":\"Microbiotech EURL\",\"url\":\"https:\\\/\\\/store.microbiotech.dz\\\/\",\"logo\":{\"@type\":\"ImageObject\",\"inLanguage\":\"fr-FR\",\"@id\":\"https:\\\/\\\/store.microbiotech.dz\\\/#\\\/schema\\\/logo\\\/image\\\/\",\"url\":\"https:\\\/\\\/store.microbiotech.dz\\\/wp-content\\\/uploads\\\/2021\\\/09\\\/cropped-logo-microbiotech-2.jpg\",\"contentUrl\":\"https:\\\/\\\/store.microbiotech.dz\\\/wp-content\\\/uploads\\\/2021\\\/09\\\/cropped-logo-microbiotech-2.jpg\",\"width\":815,\"height\":586,\"caption\":\"Microbiotech EURL\"},\"image\":{\"@id\":\"https:\\\/\\\/store.microbiotech.dz\\\/#\\\/schema\\\/logo\\\/image\\\/\"},\"sameAs\":[\"https:\\\/\\\/www.facebook.com\\\/MicroBiotech.dz\",\"https:\\\/\\\/x.com\\\/MicrobiotechD\",\"https:\\\/\\\/www.linkedin.com\\\/in\\\/microbiotech\\\/\",\"https:\\\/\\\/www.youtube.com\\\/channel\\\/UCTxc3VIiX7LXD2LQYfZEcDg\"]}]}<\/script>\n<!-- \/ Yoast SEO plugin. -->","yoast_head_json":{"title":"Pompe \u00e0 vide \u00e0 palettes rotatives - La Boutique en ligne","description":"Pompe \u00e0 vide \u00e0 palettes rotatives de haute qualit\u00e9 pour une application large. En acier inoxydable \u00e0 haute r\u00e9sistance, durable et robuste. A bon prix.","robots":{"index":"index","follow":"follow","max-snippet":"max-snippet:-1","max-image-preview":"max-image-preview:large","max-video-preview":"max-video-preview:-1"},"canonical":"https:\/\/store.microbiotech.dz\/index.php\/produit\/pompe-a-vide-a-palettes-rotatives\/","og_locale":"fr_FR","og_type":"article","og_title":"Pompe \u00e0 vide \u00e0 palettes rotatives - La Boutique en ligne","og_description":"Pompe \u00e0 vide \u00e0 palettes rotatives de haute qualit\u00e9 pour une application large. En acier inoxydable \u00e0 haute r\u00e9sistance, durable et robuste. A bon prix.","og_url":"https:\/\/store.microbiotech.dz\/index.php\/produit\/pompe-a-vide-a-palettes-rotatives\/","og_site_name":"La Boutique en ligne","article_publisher":"https:\/\/www.facebook.com\/MicroBiotech.dz","article_modified_time":"2025-10-21T08:37:48+00:00","og_image":[{"width":600,"height":600,"url":"https:\/\/store.microbiotech.dz\/wp-content\/uploads\/2024\/03\/pompe-a-videe.png","type":"image\/png"}],"twitter_card":"summary_large_image","twitter_site":"@MicrobiotechD","twitter_misc":{"Dur\u00e9e de lecture estim\u00e9e":"1 minute"},"schema":{"@context":"https:\/\/schema.org","@graph":[{"@type":"WebPage","@id":"https:\/\/store.microbiotech.dz\/index.php\/produit\/pompe-a-vide-a-palettes-rotatives\/","url":"https:\/\/store.microbiotech.dz\/index.php\/produit\/pompe-a-vide-a-palettes-rotatives\/","name":"Pompe \u00e0 vide \u00e0 palettes rotatives - La Boutique en ligne","isPartOf":{"@id":"https:\/\/store.microbiotech.dz\/#website"},"primaryImageOfPage":{"@id":"https:\/\/store.microbiotech.dz\/index.php\/produit\/pompe-a-vide-a-palettes-rotatives\/#primaryimage"},"image":{"@id":"https:\/\/store.microbiotech.dz\/index.php\/produit\/pompe-a-vide-a-palettes-rotatives\/#primaryimage"},"thumbnailUrl":"https:\/\/store.microbiotech.dz\/wp-content\/uploads\/2024\/03\/pompe-a-videe.png","datePublished":"2024-03-26T09:25:57+00:00","dateModified":"2025-10-21T08:37:48+00:00","description":"Pompe \u00e0 vide \u00e0 palettes rotatives de haute qualit\u00e9 pour une application large. En acier inoxydable \u00e0 haute r\u00e9sistance, durable et robuste. A bon prix.","breadcrumb":{"@id":"https:\/\/store.microbiotech.dz\/index.php\/produit\/pompe-a-vide-a-palettes-rotatives\/#breadcrumb"},"inLanguage":"fr-FR","potentialAction":[{"@type":"ReadAction","target":["https:\/\/store.microbiotech.dz\/index.php\/produit\/pompe-a-vide-a-palettes-rotatives\/"]}]},{"@type":"ImageObject","inLanguage":"fr-FR","@id":"https:\/\/store.microbiotech.dz\/index.php\/produit\/pompe-a-vide-a-palettes-rotatives\/#primaryimage","url":"https:\/\/store.microbiotech.dz\/wp-content\/uploads\/2024\/03\/pompe-a-videe.png","contentUrl":"https:\/\/store.microbiotech.dz\/wp-content\/uploads\/2024\/03\/pompe-a-videe.png","width":600,"height":600,"caption":"Pompe \u00e0 vide \u00e0 palettes rotatives"},{"@type":"BreadcrumbList","@id":"https:\/\/store.microbiotech.dz\/index.php\/produit\/pompe-a-vide-a-palettes-rotatives\/#breadcrumb","itemListElement":[{"@type":"ListItem","position":1,"name":"Accueil","item":"https:\/\/store.microbiotech.dz\/"},{"@type":"ListItem","position":2,"name":"Nos Produits","item":"https:\/\/store.microbiotech.dz\/index.php\/nos-produits\/"},{"@type":"ListItem","position":3,"name":"Pompe \u00e0 vide \u00e0 palettes rotatives"}]},{"@type":"WebSite","@id":"https:\/\/store.microbiotech.dz\/#website","url":"https:\/\/store.microbiotech.dz\/","name":"La Boutique en ligne","description":"Qualit\u00e9 - Rapidit\u00e9 - Tranquillit\u00e9","publisher":{"@id":"https:\/\/store.microbiotech.dz\/#organization"},"potentialAction":[{"@type":"SearchAction","target":{"@type":"EntryPoint","urlTemplate":"https:\/\/store.microbiotech.dz\/?s={search_term_string}"},"query-input":{"@type":"PropertyValueSpecification","valueRequired":true,"valueName":"search_term_string"}}],"inLanguage":"fr-FR"},{"@type":"Organization","@id":"https:\/\/store.microbiotech.dz\/#organization","name":"Microbiotech EURL","url":"https:\/\/store.microbiotech.dz\/","logo":{"@type":"ImageObject","inLanguage":"fr-FR","@id":"https:\/\/store.microbiotech.dz\/#\/schema\/logo\/image\/","url":"https:\/\/store.microbiotech.dz\/wp-content\/uploads\/2021\/09\/cropped-logo-microbiotech-2.jpg","contentUrl":"https:\/\/store.microbiotech.dz\/wp-content\/uploads\/2021\/09\/cropped-logo-microbiotech-2.jpg","width":815,"height":586,"caption":"Microbiotech EURL"},"image":{"@id":"https:\/\/store.microbiotech.dz\/#\/schema\/logo\/image\/"},"sameAs":["https:\/\/www.facebook.com\/MicroBiotech.dz","https:\/\/x.com\/MicrobiotechD","https:\/\/www.linkedin.com\/in\/microbiotech\/","https:\/\/www.youtube.com\/channel\/UCTxc3VIiX7LXD2LQYfZEcDg"]}]}},"jetpack_sharing_enabled":true,"_links":{"self":[{"href":"https:\/\/store.microbiotech.dz\/index.php\/wp-json\/wp\/v2\/product\/8387","targetHints":{"allow":["GET"]}}],"collection":[{"href":"https:\/\/store.microbiotech.dz\/index.php\/wp-json\/wp\/v2\/product"}],"about":[{"href":"https:\/\/store.microbiotech.dz\/index.php\/wp-json\/wp\/v2\/types\/product"}],"replies":[{"embeddable":true,"href":"https:\/\/store.microbiotech.dz\/index.php\/wp-json\/wp\/v2\/comments?post=8387"}],"wp:featuredmedia":[{"embeddable":true,"href":"https:\/\/store.microbiotech.dz\/index.php\/wp-json\/wp\/v2\/media\/8391"}],"wp:attachment":[{"href":"https:\/\/store.microbiotech.dz\/index.php\/wp-json\/wp\/v2\/media?parent=8387"}],"wp:term":[{"taxonomy":"product_brand","embeddable":true,"href":"https:\/\/store.microbiotech.dz\/index.php\/wp-json\/wp\/v2\/product_brand?post=8387"},{"taxonomy":"product_cat","embeddable":true,"href":"https:\/\/store.microbiotech.dz\/index.php\/wp-json\/wp\/v2\/product_cat?post=8387"},{"taxonomy":"product_tag","embeddable":true,"href":"https:\/\/store.microbiotech.dz\/index.php\/wp-json\/wp\/v2\/product_tag?post=8387"}],"curies":[{"name":"wp","href":"https:\/\/api.w.org\/{rel}","templated":true}]}}