{"id":7876,"date":"2024-02-26T15:49:45","date_gmt":"2024-02-26T14:49:45","guid":{"rendered":"https:\/\/store.microbiotech.dz\/?post_type=product&#038;p=7876"},"modified":"2024-03-12T10:50:07","modified_gmt":"2024-03-12T09:50:07","slug":"ph-metre-de-fromage-hanna","status":"publish","type":"product","link":"https:\/\/store.microbiotech.dz\/index.php\/produit\/ph-metre-de-fromage-hanna\/","title":{"rendered":"pH m\u00e8tre de fromage HANNA"},"content":{"rendered":"<p>Le pH m\u00e8tre de fromage <a href=\"https:\/\/hanna-worldwide.com\/\" target=\"_blank\" rel=\"noopener\">HANNA<\/a> alimentaire robuste, \u00e9tanche et portable mesure le pH et la temp\u00e9rature \u00e0 l&rsquo;aide de l&rsquo;\u00e9lectrode de pH sp\u00e9cialis\u00e9e pour le fromage FC2423. Disponible\u00a0avec tous les accessoires n\u00e9cessaires pour effectuer une mesure de pH\/temp\u00e9rature, emball\u00e9s dans une mallette de transport thermoform\u00e9e durable qui maintient les appareils de mesure, les sondes et les tampons d&rsquo;\u00e9talonnage en toute s\u00e9curit\u00e9.<\/p>\n<p>Concernant <a href=\"https:\/\/store.microbiotech.dz\/?s=electrode\" target=\"_blank\" rel=\"noopener\">l&rsquo;\u00e9lectrode<\/a> du pH m\u00e8tre de fromage HANNA, la gaine robuste en acier inoxydable et la pointe de d\u00e9tection conique permet la p\u00e9n\u00e9tration dans le fromage \u00e0 diff\u00e9rents moments du processus de production. De plus, le capteur de temp\u00e9rature garantit la compensation en temp\u00e9rature sans avoir besoin d&rsquo;une sonde de s\u00e9par\u00e9e.<\/p>\n","protected":false},"excerpt":{"rendered":"<p>&nbsp;<\/p>\n<p>Marque : <strong>HANNA instruments\u00a0<img loading=\"lazy\" decoding=\"async\" class=\"alignnone wp-image-5529\" src=\"https:\/\/store.microbiotech.dz\/wp-content\/uploads\/2023\/09\/15943523-le-drapeau-italien-sous-la-forme-d-une-icone-de-papier-glace-removebg-preview-300x300.png\" sizes=\"auto, (max-width: 42px) 100vw, 42px\" srcset=\"https:\/\/store.microbiotech.dz\/wp-content\/uploads\/2023\/09\/15943523-le-drapeau-italien-sous-la-forme-d-une-icone-de-papier-glace-removebg-preview-300x300.png 300w, https:\/\/store.microbiotech.dz\/wp-content\/uploads\/2023\/09\/15943523-le-drapeau-italien-sous-la-forme-d-une-icone-de-papier-glace-removebg-preview-150x150.png 150w, https:\/\/store.microbiotech.dz\/wp-content\/uploads\/2023\/09\/15943523-le-drapeau-italien-sous-la-forme-d-une-icone-de-papier-glace-removebg-preview-100x100.png 100w, https:\/\/store.microbiotech.dz\/wp-content\/uploads\/2023\/09\/15943523-le-drapeau-italien-sous-la-forme-d-une-icone-de-papier-glace-removebg-preview.png 450w\" alt=\"\" width=\"42\" height=\"42\" \/><\/strong><br \/>\nPlage de pH : <strong>-2,0 \u00e0 20,0 pH ; -2,00 \u00e0 20,00 pH ; -2.000 \u00e0 20.000 pH<\/strong><br \/>\nR\u00e9solution pH : <strong>pH 0,1 ; pH 0,01 ; 0,001pH<\/strong><br \/>\nPr\u00e9cision du pH : <strong>\u00b10,1 ; \u00b10,002pH<\/strong><br \/>\n\u00c9talonnage du pH :<strong> jusqu&rsquo;\u00e0 cinq points d&rsquo;\u00e9talonnage, sept tampons standards disponibles (1,68, 4,01, 6,86, 7,01, 9,18, 10,01, 12,45) + cinq tampons personnalis\u00e9s<\/strong><br \/>\nCompensation de temp\u00e9rature pH : <strong>manuel ou automatique de -20,0 \u00e0 120,0\u00b0C (-4,0 \u00e0 248,0\u00b0F)<\/strong><br \/>\nImp\u00e9dance d&rsquo;entr\u00e9e pH : <strong>10\u00b9\u00b2 Ohms<\/strong><br \/>\nPlage mV : <strong>\u00b12000 mV<\/strong><br \/>\nR\u00e9solution mV<strong> : 0,1 mV<\/strong><br \/>\nPr\u00e9cision mV : <strong>\u00b10,2 mV<\/strong><br \/>\n\u00c9cart de temp\u00e9rature : <strong>-20,0 \u00e0 120,0\u00b0C (-4,0 \u00e0 248,0\u00b0F)<\/strong><br \/>\nR\u00e9solution de temp\u00e9rature : <strong>0,1\u00b0C (0,1\u00b0F)<\/strong><br \/>\nPr\u00e9cision de la temp\u00e9rature : <strong>\u00b10,4\u00b0C (\u00b10,8\u00b0F) (hors erreur de sonde)<\/strong><br \/>\n\u00c9talonnage de la temp\u00e9rature : <strong>manuel ou automatique de -20,0 \u00e0 120,0\u00b0C (-4,0 \u00e0 248,0\u00b0F)<\/strong><br \/>\n\u00c9lectrode pH : <strong>Corps en acier inoxydable FC2423 Foodcare, \u00e9lectrode de pH avec capteur de temp\u00e9rature interne, connecteur DIN \u00e0 connexion rapide et 1 m (c\u00e2ble de 3,3&prime;)<\/strong><br \/>\nM\u00e9moire :<strong> 200 \u00e9chantillons (gamme 100 pH et 100 mV)<\/strong><br \/>\nConnectivit\u00e9 : <strong>USB opto-isol\u00e9 avec logiciel HI 92000 en option et c\u00e2ble micro USB<\/strong><br \/>\nArr\u00eat automatique : <strong>s\u00e9lectionnable par l&rsquo;utilisateur<\/strong><br \/>\nBPL : <strong>Oui<\/strong><br \/>\nType\/dur\u00e9e de vie de la batterie : <strong>Piles AA 1,5 V (4) \/ environ 200 heures d&rsquo;utilisation continue sans r\u00e9tro\u00e9clairage (50 heures avec r\u00e9tro\u00e9clairage)<\/strong><br \/>\nProtection IP : <strong>IP67<\/strong><br \/>\nEnvironnement : <strong>0 \u00e0 50\u00b0C (32 \u00e0 122\u00b0F) ; HR 100 %<\/strong><br \/>\nT\u00e9l\u00e9chargements : <a href=\"https:\/\/store.microbiotech.dz\/wp-content\/uploads\/2024\/02\/Fiche-technique-ph-metre-fromage.pdf\">Fiche technique ph m\u00e8tre fromage<\/a><\/p>\n","protected":false},"featured_media":7880,"comment_status":"open","ping_status":"closed","template":"","meta":{"site-sidebar-layout":"default","site-content-layout":"","ast-site-content-layout":"default","site-content-style":"default","site-sidebar-style":"default","ast-global-header-display":"","ast-banner-title-visibility":"","ast-main-header-display":"","ast-hfb-above-header-display":"","ast-hfb-below-header-display":"","ast-hfb-mobile-header-display":"","site-post-title":"","ast-breadcrumbs-content":"","ast-featured-img":"","footer-sml-layout":"","ast-disable-related-posts":"","theme-transparent-header-meta":"default","adv-header-id-meta":"","stick-header-meta":"","header-above-stick-meta":"","header-main-stick-meta":"","header-below-stick-meta":"","astra-migrate-meta-layouts":"set","ast-page-background-enabled":"default","ast-page-background-meta":{"desktop":{"background-color":"var(--ast-global-color-4)","background-image":"","background-repeat":"repeat","background-position":"center center","background-size":"auto","background-attachment":"scroll","background-type":"","background-media":"","overlay-type":"","overlay-color":"","overlay-opacity":"","overlay-gradient":""},"tablet":{"background-color":"","background-image":"","background-repeat":"repeat","background-position":"center center","background-size":"auto","background-attachment":"scroll","background-type":"","background-media":"","overlay-type":"","overlay-color":"","overlay-opacity":"","overlay-gradient":""},"mobile":{"background-color":"","background-image":"","background-repeat":"repeat","background-position":"center center","background-size":"auto","background-attachment":"scroll","background-type":"","background-media":"","overlay-type":"","overlay-color":"","overlay-opacity":"","overlay-gradient":""}},"ast-content-background-meta":{"desktop":{"background-color":"var(--ast-global-color-5)","background-image":"","background-repeat":"repeat","background-position":"center center","background-size":"auto","background-attachment":"scroll","background-type":"","background-media":"","overlay-type":"","overlay-color":"","overlay-opacity":"","overlay-gradient":""},"tablet":{"background-color":"var(--ast-global-color-5)","background-image":"","background-repeat":"repeat","background-position":"center center","background-size":"auto","background-attachment":"scroll","background-type":"","background-media":"","overlay-type":"","overlay-color":"","overlay-opacity":"","overlay-gradient":""},"mobile":{"background-color":"var(--ast-global-color-5)","background-image":"","background-repeat":"repeat","background-position":"center center","background-size":"auto","background-attachment":"scroll","background-type":"","background-media":"","overlay-type":"","overlay-color":"","overlay-opacity":"","overlay-gradient":""}},"jetpack_post_was_ever_published":false},"product_brand":[],"product_cat":[238],"product_tag":[554,1963,1774,1942,546,547],"class_list":{"0":"post-7876","1":"product","2":"type-product","3":"status-publish","4":"has-post-thumbnail","6":"product_cat-equipements","7":"product_tag-electrode","8":"product_tag-f129","9":"product_tag-fromage","10":"product_tag-hanna","11":"product_tag-ph","12":"product_tag-ph-metre","13":"desktop-align-center","14":"tablet-align-left","15":"mobile-align-left","17":"first","18":"instock","19":"taxable","20":"shipping-taxable","21":"purchasable","22":"product-type-simple"},"yoast_head":"<!-- This site is optimized with the Yoast SEO plugin v27.4 - https:\/\/yoast.com\/product\/yoast-seo-wordpress\/ -->\n<title>pH m\u00e8tre de fromage HANNA - La Boutique en ligne<\/title>\n<meta name=\"description\" content=\"Le pH m\u00e8tre de fromage HANNA est robuste, \u00e9tanche et portable mesure le pH et la temp\u00e9rature. Disponible sur microbiotech.dz\" \/>\n<meta name=\"robots\" content=\"index, follow, max-snippet:-1, max-image-preview:large, max-video-preview:-1\" \/>\n<link rel=\"canonical\" href=\"https:\/\/store.microbiotech.dz\/index.php\/produit\/ph-metre-de-fromage-hanna\/\" \/>\n<meta property=\"og:locale\" content=\"fr_FR\" \/>\n<meta property=\"og:type\" content=\"article\" \/>\n<meta property=\"og:title\" content=\"pH m\u00e8tre de fromage HANNA - La Boutique en ligne\" \/>\n<meta property=\"og:description\" content=\"Le pH m\u00e8tre de fromage HANNA est robuste, \u00e9tanche et portable mesure le pH et la temp\u00e9rature. Disponible sur microbiotech.dz\" \/>\n<meta property=\"og:url\" content=\"https:\/\/store.microbiotech.dz\/index.php\/produit\/ph-metre-de-fromage-hanna\/\" \/>\n<meta property=\"og:site_name\" content=\"La Boutique en ligne\" \/>\n<meta property=\"article:publisher\" content=\"https:\/\/www.facebook.com\/MicroBiotech.dz\" \/>\n<meta property=\"article:modified_time\" content=\"2024-03-12T09:50:07+00:00\" \/>\n<meta property=\"og:image\" content=\"https:\/\/store.microbiotech.dz\/wp-content\/uploads\/2024\/02\/ph-froma.png\" \/>\n\t<meta property=\"og:image:width\" content=\"600\" \/>\n\t<meta property=\"og:image:height\" content=\"600\" \/>\n\t<meta property=\"og:image:type\" content=\"image\/png\" \/>\n<meta name=\"twitter:card\" content=\"summary_large_image\" \/>\n<meta name=\"twitter:site\" content=\"@MicrobiotechD\" \/>\n<meta name=\"twitter:label1\" content=\"Dur\u00e9e de lecture estim\u00e9e\" \/>\n\t<meta name=\"twitter:data1\" content=\"1 minute\" \/>\n<script type=\"application\/ld+json\" class=\"yoast-schema-graph\">{\"@context\":\"https:\\\/\\\/schema.org\",\"@graph\":[{\"@type\":\"WebPage\",\"@id\":\"https:\\\/\\\/store.microbiotech.dz\\\/index.php\\\/produit\\\/ph-metre-de-fromage-hanna\\\/\",\"url\":\"https:\\\/\\\/store.microbiotech.dz\\\/index.php\\\/produit\\\/ph-metre-de-fromage-hanna\\\/\",\"name\":\"pH m\u00e8tre de fromage HANNA - La Boutique en ligne\",\"isPartOf\":{\"@id\":\"https:\\\/\\\/store.microbiotech.dz\\\/#website\"},\"primaryImageOfPage\":{\"@id\":\"https:\\\/\\\/store.microbiotech.dz\\\/index.php\\\/produit\\\/ph-metre-de-fromage-hanna\\\/#primaryimage\"},\"image\":{\"@id\":\"https:\\\/\\\/store.microbiotech.dz\\\/index.php\\\/produit\\\/ph-metre-de-fromage-hanna\\\/#primaryimage\"},\"thumbnailUrl\":\"https:\\\/\\\/store.microbiotech.dz\\\/wp-content\\\/uploads\\\/2024\\\/02\\\/ph-froma.png\",\"datePublished\":\"2024-02-26T14:49:45+00:00\",\"dateModified\":\"2024-03-12T09:50:07+00:00\",\"description\":\"Le pH m\u00e8tre de fromage HANNA est robuste, \u00e9tanche et portable mesure le pH et la temp\u00e9rature. Disponible sur microbiotech.dz\",\"breadcrumb\":{\"@id\":\"https:\\\/\\\/store.microbiotech.dz\\\/index.php\\\/produit\\\/ph-metre-de-fromage-hanna\\\/#breadcrumb\"},\"inLanguage\":\"fr-FR\",\"potentialAction\":[{\"@type\":\"ReadAction\",\"target\":[\"https:\\\/\\\/store.microbiotech.dz\\\/index.php\\\/produit\\\/ph-metre-de-fromage-hanna\\\/\"]}]},{\"@type\":\"ImageObject\",\"inLanguage\":\"fr-FR\",\"@id\":\"https:\\\/\\\/store.microbiotech.dz\\\/index.php\\\/produit\\\/ph-metre-de-fromage-hanna\\\/#primaryimage\",\"url\":\"https:\\\/\\\/store.microbiotech.dz\\\/wp-content\\\/uploads\\\/2024\\\/02\\\/ph-froma.png\",\"contentUrl\":\"https:\\\/\\\/store.microbiotech.dz\\\/wp-content\\\/uploads\\\/2024\\\/02\\\/ph-froma.png\",\"width\":600,\"height\":600,\"caption\":\"pH m\u00e8tre de fromage HANNA\"},{\"@type\":\"BreadcrumbList\",\"@id\":\"https:\\\/\\\/store.microbiotech.dz\\\/index.php\\\/produit\\\/ph-metre-de-fromage-hanna\\\/#breadcrumb\",\"itemListElement\":[{\"@type\":\"ListItem\",\"position\":1,\"name\":\"Accueil\",\"item\":\"https:\\\/\\\/store.microbiotech.dz\\\/\"},{\"@type\":\"ListItem\",\"position\":2,\"name\":\"Nos Produits\",\"item\":\"https:\\\/\\\/store.microbiotech.dz\\\/index.php\\\/nos-produits\\\/\"},{\"@type\":\"ListItem\",\"position\":3,\"name\":\"pH m\u00e8tre de fromage HANNA\"}]},{\"@type\":\"WebSite\",\"@id\":\"https:\\\/\\\/store.microbiotech.dz\\\/#website\",\"url\":\"https:\\\/\\\/store.microbiotech.dz\\\/\",\"name\":\"La Boutique en ligne\",\"description\":\"Qualit\u00e9 - Rapidit\u00e9 - Tranquillit\u00e9\",\"publisher\":{\"@id\":\"https:\\\/\\\/store.microbiotech.dz\\\/#organization\"},\"potentialAction\":[{\"@type\":\"SearchAction\",\"target\":{\"@type\":\"EntryPoint\",\"urlTemplate\":\"https:\\\/\\\/store.microbiotech.dz\\\/?s={search_term_string}\"},\"query-input\":{\"@type\":\"PropertyValueSpecification\",\"valueRequired\":true,\"valueName\":\"search_term_string\"}}],\"inLanguage\":\"fr-FR\"},{\"@type\":\"Organization\",\"@id\":\"https:\\\/\\\/store.microbiotech.dz\\\/#organization\",\"name\":\"Microbiotech EURL\",\"url\":\"https:\\\/\\\/store.microbiotech.dz\\\/\",\"logo\":{\"@type\":\"ImageObject\",\"inLanguage\":\"fr-FR\",\"@id\":\"https:\\\/\\\/store.microbiotech.dz\\\/#\\\/schema\\\/logo\\\/image\\\/\",\"url\":\"https:\\\/\\\/store.microbiotech.dz\\\/wp-content\\\/uploads\\\/2021\\\/09\\\/cropped-logo-microbiotech-2.jpg\",\"contentUrl\":\"https:\\\/\\\/store.microbiotech.dz\\\/wp-content\\\/uploads\\\/2021\\\/09\\\/cropped-logo-microbiotech-2.jpg\",\"width\":815,\"height\":586,\"caption\":\"Microbiotech EURL\"},\"image\":{\"@id\":\"https:\\\/\\\/store.microbiotech.dz\\\/#\\\/schema\\\/logo\\\/image\\\/\"},\"sameAs\":[\"https:\\\/\\\/www.facebook.com\\\/MicroBiotech.dz\",\"https:\\\/\\\/x.com\\\/MicrobiotechD\",\"https:\\\/\\\/www.linkedin.com\\\/in\\\/microbiotech\\\/\",\"https:\\\/\\\/www.youtube.com\\\/channel\\\/UCTxc3VIiX7LXD2LQYfZEcDg\"]}]}<\/script>\n<!-- \/ Yoast SEO plugin. -->","yoast_head_json":{"title":"pH m\u00e8tre de fromage HANNA - La Boutique en ligne","description":"Le pH m\u00e8tre de fromage HANNA est robuste, \u00e9tanche et portable mesure le pH et la temp\u00e9rature. Disponible sur microbiotech.dz","robots":{"index":"index","follow":"follow","max-snippet":"max-snippet:-1","max-image-preview":"max-image-preview:large","max-video-preview":"max-video-preview:-1"},"canonical":"https:\/\/store.microbiotech.dz\/index.php\/produit\/ph-metre-de-fromage-hanna\/","og_locale":"fr_FR","og_type":"article","og_title":"pH m\u00e8tre de fromage HANNA - La Boutique en ligne","og_description":"Le pH m\u00e8tre de fromage HANNA est robuste, \u00e9tanche et portable mesure le pH et la temp\u00e9rature. Disponible sur microbiotech.dz","og_url":"https:\/\/store.microbiotech.dz\/index.php\/produit\/ph-metre-de-fromage-hanna\/","og_site_name":"La Boutique en ligne","article_publisher":"https:\/\/www.facebook.com\/MicroBiotech.dz","article_modified_time":"2024-03-12T09:50:07+00:00","og_image":[{"width":600,"height":600,"url":"https:\/\/store.microbiotech.dz\/wp-content\/uploads\/2024\/02\/ph-froma.png","type":"image\/png"}],"twitter_card":"summary_large_image","twitter_site":"@MicrobiotechD","twitter_misc":{"Dur\u00e9e de lecture estim\u00e9e":"1 minute"},"schema":{"@context":"https:\/\/schema.org","@graph":[{"@type":"WebPage","@id":"https:\/\/store.microbiotech.dz\/index.php\/produit\/ph-metre-de-fromage-hanna\/","url":"https:\/\/store.microbiotech.dz\/index.php\/produit\/ph-metre-de-fromage-hanna\/","name":"pH m\u00e8tre de fromage HANNA - La Boutique en ligne","isPartOf":{"@id":"https:\/\/store.microbiotech.dz\/#website"},"primaryImageOfPage":{"@id":"https:\/\/store.microbiotech.dz\/index.php\/produit\/ph-metre-de-fromage-hanna\/#primaryimage"},"image":{"@id":"https:\/\/store.microbiotech.dz\/index.php\/produit\/ph-metre-de-fromage-hanna\/#primaryimage"},"thumbnailUrl":"https:\/\/store.microbiotech.dz\/wp-content\/uploads\/2024\/02\/ph-froma.png","datePublished":"2024-02-26T14:49:45+00:00","dateModified":"2024-03-12T09:50:07+00:00","description":"Le pH m\u00e8tre de fromage HANNA est robuste, \u00e9tanche et portable mesure le pH et la temp\u00e9rature. Disponible sur microbiotech.dz","breadcrumb":{"@id":"https:\/\/store.microbiotech.dz\/index.php\/produit\/ph-metre-de-fromage-hanna\/#breadcrumb"},"inLanguage":"fr-FR","potentialAction":[{"@type":"ReadAction","target":["https:\/\/store.microbiotech.dz\/index.php\/produit\/ph-metre-de-fromage-hanna\/"]}]},{"@type":"ImageObject","inLanguage":"fr-FR","@id":"https:\/\/store.microbiotech.dz\/index.php\/produit\/ph-metre-de-fromage-hanna\/#primaryimage","url":"https:\/\/store.microbiotech.dz\/wp-content\/uploads\/2024\/02\/ph-froma.png","contentUrl":"https:\/\/store.microbiotech.dz\/wp-content\/uploads\/2024\/02\/ph-froma.png","width":600,"height":600,"caption":"pH m\u00e8tre de fromage HANNA"},{"@type":"BreadcrumbList","@id":"https:\/\/store.microbiotech.dz\/index.php\/produit\/ph-metre-de-fromage-hanna\/#breadcrumb","itemListElement":[{"@type":"ListItem","position":1,"name":"Accueil","item":"https:\/\/store.microbiotech.dz\/"},{"@type":"ListItem","position":2,"name":"Nos Produits","item":"https:\/\/store.microbiotech.dz\/index.php\/nos-produits\/"},{"@type":"ListItem","position":3,"name":"pH m\u00e8tre de fromage HANNA"}]},{"@type":"WebSite","@id":"https:\/\/store.microbiotech.dz\/#website","url":"https:\/\/store.microbiotech.dz\/","name":"La Boutique en ligne","description":"Qualit\u00e9 - Rapidit\u00e9 - Tranquillit\u00e9","publisher":{"@id":"https:\/\/store.microbiotech.dz\/#organization"},"potentialAction":[{"@type":"SearchAction","target":{"@type":"EntryPoint","urlTemplate":"https:\/\/store.microbiotech.dz\/?s={search_term_string}"},"query-input":{"@type":"PropertyValueSpecification","valueRequired":true,"valueName":"search_term_string"}}],"inLanguage":"fr-FR"},{"@type":"Organization","@id":"https:\/\/store.microbiotech.dz\/#organization","name":"Microbiotech EURL","url":"https:\/\/store.microbiotech.dz\/","logo":{"@type":"ImageObject","inLanguage":"fr-FR","@id":"https:\/\/store.microbiotech.dz\/#\/schema\/logo\/image\/","url":"https:\/\/store.microbiotech.dz\/wp-content\/uploads\/2021\/09\/cropped-logo-microbiotech-2.jpg","contentUrl":"https:\/\/store.microbiotech.dz\/wp-content\/uploads\/2021\/09\/cropped-logo-microbiotech-2.jpg","width":815,"height":586,"caption":"Microbiotech EURL"},"image":{"@id":"https:\/\/store.microbiotech.dz\/#\/schema\/logo\/image\/"},"sameAs":["https:\/\/www.facebook.com\/MicroBiotech.dz","https:\/\/x.com\/MicrobiotechD","https:\/\/www.linkedin.com\/in\/microbiotech\/","https:\/\/www.youtube.com\/channel\/UCTxc3VIiX7LXD2LQYfZEcDg"]}]}},"jetpack_sharing_enabled":true,"_links":{"self":[{"href":"https:\/\/store.microbiotech.dz\/index.php\/wp-json\/wp\/v2\/product\/7876","targetHints":{"allow":["GET"]}}],"collection":[{"href":"https:\/\/store.microbiotech.dz\/index.php\/wp-json\/wp\/v2\/product"}],"about":[{"href":"https:\/\/store.microbiotech.dz\/index.php\/wp-json\/wp\/v2\/types\/product"}],"replies":[{"embeddable":true,"href":"https:\/\/store.microbiotech.dz\/index.php\/wp-json\/wp\/v2\/comments?post=7876"}],"wp:featuredmedia":[{"embeddable":true,"href":"https:\/\/store.microbiotech.dz\/index.php\/wp-json\/wp\/v2\/media\/7880"}],"wp:attachment":[{"href":"https:\/\/store.microbiotech.dz\/index.php\/wp-json\/wp\/v2\/media?parent=7876"}],"wp:term":[{"taxonomy":"product_brand","embeddable":true,"href":"https:\/\/store.microbiotech.dz\/index.php\/wp-json\/wp\/v2\/product_brand?post=7876"},{"taxonomy":"product_cat","embeddable":true,"href":"https:\/\/store.microbiotech.dz\/index.php\/wp-json\/wp\/v2\/product_cat?post=7876"},{"taxonomy":"product_tag","embeddable":true,"href":"https:\/\/store.microbiotech.dz\/index.php\/wp-json\/wp\/v2\/product_tag?post=7876"}],"curies":[{"name":"wp","href":"https:\/\/api.w.org\/{rel}","templated":true}]}}