{"id":7737,"date":"2024-02-14T10:32:14","date_gmt":"2024-02-14T09:32:14","guid":{"rendered":"https:\/\/store.microbiotech.dz\/?post_type=product&#038;p=7737"},"modified":"2026-02-19T11:09:21","modified_gmt":"2026-02-19T10:09:21","slug":"gelose-cetrimide-base-500-g-tm-media","status":"publish","type":"product","link":"https:\/\/store.microbiotech.dz\/index.php\/produit\/gelose-cetrimide-base-500-g-tm-media\/","title":{"rendered":"G\u00e9lose Cetrimide (base) 500 g TM Media"},"content":{"rendered":"<p>G\u00e9lose <a href=\"https:\/\/store.microbiotech.dz\/?s=cetrimide\" target=\"_blank\" rel=\"noopener\">Cetrimide<\/a> (base) 500 g <a href=\"https:\/\/www.tmmedia.in\/\" target=\"_blank\" rel=\"noopener\">TM Media<\/a> ou N-Cetyl N,N,N-Trimethylammonium Bromide ou CTAB est un compos\u00e9 d&rsquo;ammonium quaternaire ayant une activit\u00e9 bact\u00e9ricide contre un large \u00e9ventail d&rsquo;organismes Gram-positifs et certains organismes Gram-n\u00e9gatifs, y compris des esp\u00e8ces de\u00a0<em>pseudomonas<\/em>\u00a0autres que\u00a0<em>Pseudomonas aeruginosa<\/em>\u00a0.<\/p>\n","protected":false},"excerpt":{"rendered":"<p>&nbsp;<\/p>\n<p>Marque:\u00a0<strong>TM MEDIA\u00a0<img loading=\"lazy\" decoding=\"async\" class=\"alignnone wp-image-2010\" src=\"https:\/\/store.microbiotech.dz\/wp-content\/uploads\/2022\/05\/India-Flag-300x289.jpg\" sizes=\"auto, (max-width: 36px) 100vw, 36px\" srcset=\"https:\/\/store.microbiotech.dz\/wp-content\/uploads\/2022\/05\/India-Flag-300x300.jpg 300w, https:\/\/store.microbiotech.dz\/wp-content\/uploads\/2022\/05\/India-Flag-150x150.jpg 150w, https:\/\/store.microbiotech.dz\/wp-content\/uploads\/2022\/05\/India-Flag-100x100.jpg 100w, https:\/\/store.microbiotech.dz\/wp-content\/uploads\/2022\/05\/India-Flag.jpg 450w\" alt=\"\" width=\"36\" height=\"35\" \/><\/strong><\/p>\n<p>Date de p\u00e9remption:\u00a0<strong>2029<\/strong><\/p>\n<p>T\u00e9l\u00e9chargement : <a href=\"https:\/\/store.microbiotech.dz\/wp-content\/uploads\/2024\/02\/fiche-technique-G.-B.-Cetrimide.pdf\">Fiche technique G. B. Cetrimide<\/a><\/p>\n","protected":false},"featured_media":7739,"comment_status":"open","ping_status":"closed","template":"","meta":{"site-sidebar-layout":"default","site-content-layout":"","ast-site-content-layout":"default","site-content-style":"default","site-sidebar-style":"default","ast-global-header-display":"","ast-banner-title-visibility":"","ast-main-header-display":"","ast-hfb-above-header-display":"","ast-hfb-below-header-display":"","ast-hfb-mobile-header-display":"","site-post-title":"","ast-breadcrumbs-content":"","ast-featured-img":"","footer-sml-layout":"","ast-disable-related-posts":"","theme-transparent-header-meta":"default","adv-header-id-meta":"","stick-header-meta":"","header-above-stick-meta":"","header-main-stick-meta":"","header-below-stick-meta":"","astra-migrate-meta-layouts":"set","ast-page-background-enabled":"default","ast-page-background-meta":{"desktop":{"background-color":"var(--ast-global-color-4)","background-image":"","background-repeat":"repeat","background-position":"center center","background-size":"auto","background-attachment":"scroll","background-type":"","background-media":"","overlay-type":"","overlay-color":"","overlay-opacity":"","overlay-gradient":""},"tablet":{"background-color":"","background-image":"","background-repeat":"repeat","background-position":"center center","background-size":"auto","background-attachment":"scroll","background-type":"","background-media":"","overlay-type":"","overlay-color":"","overlay-opacity":"","overlay-gradient":""},"mobile":{"background-color":"","background-image":"","background-repeat":"repeat","background-position":"center center","background-size":"auto","background-attachment":"scroll","background-type":"","background-media":"","overlay-type":"","overlay-color":"","overlay-opacity":"","overlay-gradient":""}},"ast-content-background-meta":{"desktop":{"background-color":"var(--ast-global-color-5)","background-image":"","background-repeat":"repeat","background-position":"center center","background-size":"auto","background-attachment":"scroll","background-type":"","background-media":"","overlay-type":"","overlay-color":"","overlay-opacity":"","overlay-gradient":""},"tablet":{"background-color":"var(--ast-global-color-5)","background-image":"","background-repeat":"repeat","background-position":"center center","background-size":"auto","background-attachment":"scroll","background-type":"","background-media":"","overlay-type":"","overlay-color":"","overlay-opacity":"","overlay-gradient":""},"mobile":{"background-color":"var(--ast-global-color-5)","background-image":"","background-repeat":"repeat","background-position":"center center","background-size":"auto","background-attachment":"scroll","background-type":"","background-media":"","overlay-type":"","overlay-color":"","overlay-opacity":"","overlay-gradient":""}},"jetpack_post_was_ever_published":false},"product_brand":[],"product_cat":[28,79,26],"product_tag":[1927,144,577,726,603,727],"class_list":{"0":"post-7737","1":"product","2":"type-product","3":"status-publish","4":"has-post-thumbnail","6":"product_cat-geloses","7":"product_cat-deshydrate","8":"product_cat-milieux-de-cultures","9":"product_tag-base-cetrimide","10":"product_tag-cetrimide","11":"product_tag-f01","12":"product_tag-f81","13":"product_tag-gelose-au-cetrimide","14":"product_tag-tm-media","15":"product_shipping_class-temperature-ambiante","16":"desktop-align-center","17":"tablet-align-left","18":"mobile-align-left","20":"first","21":"onbackorder","22":"taxable","23":"shipping-taxable","24":"purchasable","25":"product-type-simple"},"yoast_head":"<!-- This site is optimized with the Yoast SEO plugin v27.4 - https:\/\/yoast.com\/product\/yoast-seo-wordpress\/ -->\n<title>G\u00e9lose Cetrimide (base) 500 g TM Media - La Boutique en ligne<\/title>\n<meta name=\"description\" content=\"G\u00e9lose Cetrimide (base) 500 g TM Media avec une activit\u00e9 bact\u00e9ricide contre un large \u00e9ventail d&#039;organismes Gram-positifs et certains Gram-n\u00e9gatifs.\" \/>\n<meta name=\"robots\" content=\"index, follow, max-snippet:-1, max-image-preview:large, max-video-preview:-1\" \/>\n<link rel=\"canonical\" href=\"https:\/\/store.microbiotech.dz\/index.php\/produit\/gelose-cetrimide-base-500-g-tm-media\/\" \/>\n<meta property=\"og:locale\" content=\"fr_FR\" \/>\n<meta property=\"og:type\" content=\"article\" \/>\n<meta property=\"og:title\" content=\"G\u00e9lose Cetrimide (base) 500 g TM Media - La Boutique en ligne\" \/>\n<meta property=\"og:description\" content=\"G\u00e9lose Cetrimide (base) 500 g TM Media avec une activit\u00e9 bact\u00e9ricide contre un large \u00e9ventail d&#039;organismes Gram-positifs et certains Gram-n\u00e9gatifs.\" \/>\n<meta property=\"og:url\" content=\"https:\/\/store.microbiotech.dz\/index.php\/produit\/gelose-cetrimide-base-500-g-tm-media\/\" \/>\n<meta property=\"og:site_name\" content=\"La Boutique en ligne\" \/>\n<meta property=\"article:publisher\" content=\"https:\/\/www.facebook.com\/MicroBiotech.dz\" \/>\n<meta property=\"article:modified_time\" content=\"2026-02-19T10:09:21+00:00\" \/>\n<meta property=\"og:image\" content=\"https:\/\/store.microbiotech.dz\/wp-content\/uploads\/2024\/02\/cetrimid.png\" \/>\n\t<meta property=\"og:image:width\" content=\"600\" \/>\n\t<meta property=\"og:image:height\" content=\"600\" \/>\n\t<meta property=\"og:image:type\" content=\"image\/png\" \/>\n<meta name=\"twitter:card\" content=\"summary_large_image\" \/>\n<meta name=\"twitter:site\" content=\"@MicrobiotechD\" \/>\n<script type=\"application\/ld+json\" class=\"yoast-schema-graph\">{\"@context\":\"https:\\\/\\\/schema.org\",\"@graph\":[{\"@type\":\"WebPage\",\"@id\":\"https:\\\/\\\/store.microbiotech.dz\\\/index.php\\\/produit\\\/gelose-cetrimide-base-500-g-tm-media\\\/\",\"url\":\"https:\\\/\\\/store.microbiotech.dz\\\/index.php\\\/produit\\\/gelose-cetrimide-base-500-g-tm-media\\\/\",\"name\":\"G\u00e9lose Cetrimide (base) 500 g TM Media - La Boutique en ligne\",\"isPartOf\":{\"@id\":\"https:\\\/\\\/store.microbiotech.dz\\\/#website\"},\"primaryImageOfPage\":{\"@id\":\"https:\\\/\\\/store.microbiotech.dz\\\/index.php\\\/produit\\\/gelose-cetrimide-base-500-g-tm-media\\\/#primaryimage\"},\"image\":{\"@id\":\"https:\\\/\\\/store.microbiotech.dz\\\/index.php\\\/produit\\\/gelose-cetrimide-base-500-g-tm-media\\\/#primaryimage\"},\"thumbnailUrl\":\"https:\\\/\\\/store.microbiotech.dz\\\/wp-content\\\/uploads\\\/2024\\\/02\\\/cetrimid.png\",\"datePublished\":\"2024-02-14T09:32:14+00:00\",\"dateModified\":\"2026-02-19T10:09:21+00:00\",\"description\":\"G\u00e9lose Cetrimide (base) 500 g TM Media avec une activit\u00e9 bact\u00e9ricide contre un large \u00e9ventail d'organismes Gram-positifs et certains Gram-n\u00e9gatifs.\",\"breadcrumb\":{\"@id\":\"https:\\\/\\\/store.microbiotech.dz\\\/index.php\\\/produit\\\/gelose-cetrimide-base-500-g-tm-media\\\/#breadcrumb\"},\"inLanguage\":\"fr-FR\",\"potentialAction\":[{\"@type\":\"ReadAction\",\"target\":[\"https:\\\/\\\/store.microbiotech.dz\\\/index.php\\\/produit\\\/gelose-cetrimide-base-500-g-tm-media\\\/\"]}]},{\"@type\":\"ImageObject\",\"inLanguage\":\"fr-FR\",\"@id\":\"https:\\\/\\\/store.microbiotech.dz\\\/index.php\\\/produit\\\/gelose-cetrimide-base-500-g-tm-media\\\/#primaryimage\",\"url\":\"https:\\\/\\\/store.microbiotech.dz\\\/wp-content\\\/uploads\\\/2024\\\/02\\\/cetrimid.png\",\"contentUrl\":\"https:\\\/\\\/store.microbiotech.dz\\\/wp-content\\\/uploads\\\/2024\\\/02\\\/cetrimid.png\",\"width\":600,\"height\":600,\"caption\":\"G\u00e9lose Cetrimide (base) 500 g TM Media\"},{\"@type\":\"BreadcrumbList\",\"@id\":\"https:\\\/\\\/store.microbiotech.dz\\\/index.php\\\/produit\\\/gelose-cetrimide-base-500-g-tm-media\\\/#breadcrumb\",\"itemListElement\":[{\"@type\":\"ListItem\",\"position\":1,\"name\":\"Accueil\",\"item\":\"https:\\\/\\\/store.microbiotech.dz\\\/\"},{\"@type\":\"ListItem\",\"position\":2,\"name\":\"Nos Produits\",\"item\":\"https:\\\/\\\/store.microbiotech.dz\\\/index.php\\\/nos-produits\\\/\"},{\"@type\":\"ListItem\",\"position\":3,\"name\":\"G\u00e9lose Cetrimide (base) 500 g TM Media\"}]},{\"@type\":\"WebSite\",\"@id\":\"https:\\\/\\\/store.microbiotech.dz\\\/#website\",\"url\":\"https:\\\/\\\/store.microbiotech.dz\\\/\",\"name\":\"La Boutique en ligne\",\"description\":\"Qualit\u00e9 - Rapidit\u00e9 - Tranquillit\u00e9\",\"publisher\":{\"@id\":\"https:\\\/\\\/store.microbiotech.dz\\\/#organization\"},\"potentialAction\":[{\"@type\":\"SearchAction\",\"target\":{\"@type\":\"EntryPoint\",\"urlTemplate\":\"https:\\\/\\\/store.microbiotech.dz\\\/?s={search_term_string}\"},\"query-input\":{\"@type\":\"PropertyValueSpecification\",\"valueRequired\":true,\"valueName\":\"search_term_string\"}}],\"inLanguage\":\"fr-FR\"},{\"@type\":\"Organization\",\"@id\":\"https:\\\/\\\/store.microbiotech.dz\\\/#organization\",\"name\":\"Microbiotech EURL\",\"url\":\"https:\\\/\\\/store.microbiotech.dz\\\/\",\"logo\":{\"@type\":\"ImageObject\",\"inLanguage\":\"fr-FR\",\"@id\":\"https:\\\/\\\/store.microbiotech.dz\\\/#\\\/schema\\\/logo\\\/image\\\/\",\"url\":\"https:\\\/\\\/store.microbiotech.dz\\\/wp-content\\\/uploads\\\/2021\\\/09\\\/cropped-logo-microbiotech-2.jpg\",\"contentUrl\":\"https:\\\/\\\/store.microbiotech.dz\\\/wp-content\\\/uploads\\\/2021\\\/09\\\/cropped-logo-microbiotech-2.jpg\",\"width\":815,\"height\":586,\"caption\":\"Microbiotech EURL\"},\"image\":{\"@id\":\"https:\\\/\\\/store.microbiotech.dz\\\/#\\\/schema\\\/logo\\\/image\\\/\"},\"sameAs\":[\"https:\\\/\\\/www.facebook.com\\\/MicroBiotech.dz\",\"https:\\\/\\\/x.com\\\/MicrobiotechD\",\"https:\\\/\\\/www.linkedin.com\\\/in\\\/microbiotech\\\/\",\"https:\\\/\\\/www.youtube.com\\\/channel\\\/UCTxc3VIiX7LXD2LQYfZEcDg\"]}]}<\/script>\n<!-- \/ Yoast SEO plugin. -->","yoast_head_json":{"title":"G\u00e9lose Cetrimide (base) 500 g TM Media - La Boutique en ligne","description":"G\u00e9lose Cetrimide (base) 500 g TM Media avec une activit\u00e9 bact\u00e9ricide contre un large \u00e9ventail d'organismes Gram-positifs et certains Gram-n\u00e9gatifs.","robots":{"index":"index","follow":"follow","max-snippet":"max-snippet:-1","max-image-preview":"max-image-preview:large","max-video-preview":"max-video-preview:-1"},"canonical":"https:\/\/store.microbiotech.dz\/index.php\/produit\/gelose-cetrimide-base-500-g-tm-media\/","og_locale":"fr_FR","og_type":"article","og_title":"G\u00e9lose Cetrimide (base) 500 g TM Media - La Boutique en ligne","og_description":"G\u00e9lose Cetrimide (base) 500 g TM Media avec une activit\u00e9 bact\u00e9ricide contre un large \u00e9ventail d'organismes Gram-positifs et certains Gram-n\u00e9gatifs.","og_url":"https:\/\/store.microbiotech.dz\/index.php\/produit\/gelose-cetrimide-base-500-g-tm-media\/","og_site_name":"La Boutique en ligne","article_publisher":"https:\/\/www.facebook.com\/MicroBiotech.dz","article_modified_time":"2026-02-19T10:09:21+00:00","og_image":[{"width":600,"height":600,"url":"https:\/\/store.microbiotech.dz\/wp-content\/uploads\/2024\/02\/cetrimid.png","type":"image\/png"}],"twitter_card":"summary_large_image","twitter_site":"@MicrobiotechD","schema":{"@context":"https:\/\/schema.org","@graph":[{"@type":"WebPage","@id":"https:\/\/store.microbiotech.dz\/index.php\/produit\/gelose-cetrimide-base-500-g-tm-media\/","url":"https:\/\/store.microbiotech.dz\/index.php\/produit\/gelose-cetrimide-base-500-g-tm-media\/","name":"G\u00e9lose Cetrimide (base) 500 g TM Media - La Boutique en ligne","isPartOf":{"@id":"https:\/\/store.microbiotech.dz\/#website"},"primaryImageOfPage":{"@id":"https:\/\/store.microbiotech.dz\/index.php\/produit\/gelose-cetrimide-base-500-g-tm-media\/#primaryimage"},"image":{"@id":"https:\/\/store.microbiotech.dz\/index.php\/produit\/gelose-cetrimide-base-500-g-tm-media\/#primaryimage"},"thumbnailUrl":"https:\/\/store.microbiotech.dz\/wp-content\/uploads\/2024\/02\/cetrimid.png","datePublished":"2024-02-14T09:32:14+00:00","dateModified":"2026-02-19T10:09:21+00:00","description":"G\u00e9lose Cetrimide (base) 500 g TM Media avec une activit\u00e9 bact\u00e9ricide contre un large \u00e9ventail d'organismes Gram-positifs et certains Gram-n\u00e9gatifs.","breadcrumb":{"@id":"https:\/\/store.microbiotech.dz\/index.php\/produit\/gelose-cetrimide-base-500-g-tm-media\/#breadcrumb"},"inLanguage":"fr-FR","potentialAction":[{"@type":"ReadAction","target":["https:\/\/store.microbiotech.dz\/index.php\/produit\/gelose-cetrimide-base-500-g-tm-media\/"]}]},{"@type":"ImageObject","inLanguage":"fr-FR","@id":"https:\/\/store.microbiotech.dz\/index.php\/produit\/gelose-cetrimide-base-500-g-tm-media\/#primaryimage","url":"https:\/\/store.microbiotech.dz\/wp-content\/uploads\/2024\/02\/cetrimid.png","contentUrl":"https:\/\/store.microbiotech.dz\/wp-content\/uploads\/2024\/02\/cetrimid.png","width":600,"height":600,"caption":"G\u00e9lose Cetrimide (base) 500 g TM Media"},{"@type":"BreadcrumbList","@id":"https:\/\/store.microbiotech.dz\/index.php\/produit\/gelose-cetrimide-base-500-g-tm-media\/#breadcrumb","itemListElement":[{"@type":"ListItem","position":1,"name":"Accueil","item":"https:\/\/store.microbiotech.dz\/"},{"@type":"ListItem","position":2,"name":"Nos Produits","item":"https:\/\/store.microbiotech.dz\/index.php\/nos-produits\/"},{"@type":"ListItem","position":3,"name":"G\u00e9lose Cetrimide (base) 500 g TM Media"}]},{"@type":"WebSite","@id":"https:\/\/store.microbiotech.dz\/#website","url":"https:\/\/store.microbiotech.dz\/","name":"La Boutique en ligne","description":"Qualit\u00e9 - Rapidit\u00e9 - Tranquillit\u00e9","publisher":{"@id":"https:\/\/store.microbiotech.dz\/#organization"},"potentialAction":[{"@type":"SearchAction","target":{"@type":"EntryPoint","urlTemplate":"https:\/\/store.microbiotech.dz\/?s={search_term_string}"},"query-input":{"@type":"PropertyValueSpecification","valueRequired":true,"valueName":"search_term_string"}}],"inLanguage":"fr-FR"},{"@type":"Organization","@id":"https:\/\/store.microbiotech.dz\/#organization","name":"Microbiotech EURL","url":"https:\/\/store.microbiotech.dz\/","logo":{"@type":"ImageObject","inLanguage":"fr-FR","@id":"https:\/\/store.microbiotech.dz\/#\/schema\/logo\/image\/","url":"https:\/\/store.microbiotech.dz\/wp-content\/uploads\/2021\/09\/cropped-logo-microbiotech-2.jpg","contentUrl":"https:\/\/store.microbiotech.dz\/wp-content\/uploads\/2021\/09\/cropped-logo-microbiotech-2.jpg","width":815,"height":586,"caption":"Microbiotech EURL"},"image":{"@id":"https:\/\/store.microbiotech.dz\/#\/schema\/logo\/image\/"},"sameAs":["https:\/\/www.facebook.com\/MicroBiotech.dz","https:\/\/x.com\/MicrobiotechD","https:\/\/www.linkedin.com\/in\/microbiotech\/","https:\/\/www.youtube.com\/channel\/UCTxc3VIiX7LXD2LQYfZEcDg"]}]}},"jetpack_sharing_enabled":true,"_links":{"self":[{"href":"https:\/\/store.microbiotech.dz\/index.php\/wp-json\/wp\/v2\/product\/7737","targetHints":{"allow":["GET"]}}],"collection":[{"href":"https:\/\/store.microbiotech.dz\/index.php\/wp-json\/wp\/v2\/product"}],"about":[{"href":"https:\/\/store.microbiotech.dz\/index.php\/wp-json\/wp\/v2\/types\/product"}],"replies":[{"embeddable":true,"href":"https:\/\/store.microbiotech.dz\/index.php\/wp-json\/wp\/v2\/comments?post=7737"}],"wp:featuredmedia":[{"embeddable":true,"href":"https:\/\/store.microbiotech.dz\/index.php\/wp-json\/wp\/v2\/media\/7739"}],"wp:attachment":[{"href":"https:\/\/store.microbiotech.dz\/index.php\/wp-json\/wp\/v2\/media?parent=7737"}],"wp:term":[{"taxonomy":"product_brand","embeddable":true,"href":"https:\/\/store.microbiotech.dz\/index.php\/wp-json\/wp\/v2\/product_brand?post=7737"},{"taxonomy":"product_cat","embeddable":true,"href":"https:\/\/store.microbiotech.dz\/index.php\/wp-json\/wp\/v2\/product_cat?post=7737"},{"taxonomy":"product_tag","embeddable":true,"href":"https:\/\/store.microbiotech.dz\/index.php\/wp-json\/wp\/v2\/product_tag?post=7737"}],"curies":[{"name":"wp","href":"https:\/\/api.w.org\/{rel}","templated":true}]}}