{"id":7646,"date":"2024-03-10T15:26:21","date_gmt":"2024-03-10T14:26:21","guid":{"rendered":"https:\/\/store.microbiotech.dz\/?post_type=product&#038;p=7646"},"modified":"2024-06-20T09:44:32","modified_gmt":"2024-06-20T08:44:32","slug":"membrane-dosmose-inverse-aquascan","status":"publish","type":"product","link":"https:\/\/store.microbiotech.dz\/index.php\/produit\/membrane-dosmose-inverse-aquascan\/","title":{"rendered":"Membrane d&rsquo;osmose inverse Aquascan"},"content":{"rendered":"<p>La Membrane d&rsquo;osmose inverse Aquascan pour les syst\u00e8mes de purification (<a href=\"https:\/\/store.microbiotech.dz\/?s=osmoseur\" target=\"_blank\" rel=\"noopener\">osmoseur<\/a>) agit comme une barri\u00e8re contre tous les sels dissous et mol\u00e9cules inorganiques, ainsi que contre les mol\u00e9cules organiques. Elle retient une grande partie des substances contaminantes pr\u00e9sentes dans votre eau.<\/p>\n<p>La Membrane d&rsquo;<a href=\"https:\/\/fr.wikipedia.org\/wiki\/Osmose_inverse\" target=\"_blank\" rel=\"noopener\">osmose inverse<\/a> Aquascan constitue le stade le plus avanc\u00e9 de la filtration de l&rsquo;eau.<\/p>\n","protected":false},"excerpt":{"rendered":"<p>&nbsp;<\/p>\n<p>Marque :\u00a0<strong>Aquascan <img loading=\"lazy\" decoding=\"async\" class=\"alignnone wp-image-7647\" src=\"https:\/\/store.microbiotech.dz\/wp-content\/uploads\/2024\/02\/vietnam.png\" alt=\"\" width=\"33\" height=\"33\" srcset=\"https:\/\/store.microbiotech.dz\/wp-content\/uploads\/2024\/02\/vietnam.png 225w, https:\/\/store.microbiotech.dz\/wp-content\/uploads\/2024\/02\/vietnam-150x150.png 150w, https:\/\/store.microbiotech.dz\/wp-content\/uploads\/2024\/02\/vietnam-100x100.png 100w\" sizes=\"auto, (max-width: 33px) 100vw, 33px\" \/><\/strong><br \/>\ndimensions : <strong>30 x 4.5 cm<\/strong><br \/>\nD\u00e9bit :<br \/>\n<strong>11L\/h soit 75 G\/24h<\/strong><br \/>\n<strong>15L\/h soit 100G\/24h<\/strong><\/p>\n<p><img loading=\"lazy\" decoding=\"async\" class=\"alignnone wp-image-8095\" src=\"https:\/\/store.microbiotech.dz\/wp-content\/uploads\/2024\/03\/iso-22000-2018-500x500-1-300x300.webp\" alt=\"\" width=\"52\" height=\"52\" srcset=\"https:\/\/store.microbiotech.dz\/wp-content\/uploads\/2024\/03\/iso-22000-2018-500x500-1-300x300.webp 300w, https:\/\/store.microbiotech.dz\/wp-content\/uploads\/2024\/03\/iso-22000-2018-500x500-1-150x150.webp 150w, https:\/\/store.microbiotech.dz\/wp-content\/uploads\/2024\/03\/iso-22000-2018-500x500-1-100x100.webp 100w, https:\/\/store.microbiotech.dz\/wp-content\/uploads\/2024\/03\/iso-22000-2018-500x500-1.webp 500w\" sizes=\"auto, (max-width: 52px) 100vw, 52px\" \/> <img loading=\"lazy\" decoding=\"async\" class=\"alignnone wp-image-8096\" src=\"https:\/\/store.microbiotech.dz\/wp-content\/uploads\/2024\/03\/iso-9001-14001-1-removebg-preview-300x138.png\" alt=\"\" width=\"113\" height=\"52\" srcset=\"https:\/\/store.microbiotech.dz\/wp-content\/uploads\/2024\/03\/iso-9001-14001-1-removebg-preview-300x138.png 300w, https:\/\/store.microbiotech.dz\/wp-content\/uploads\/2024\/03\/iso-9001-14001-1-removebg-preview.png 437w\" sizes=\"auto, (max-width: 113px) 100vw, 113px\" \/> \u00a0<img loading=\"lazy\" decoding=\"async\" class=\"alignnone wp-image-8097\" style=\"font-weight: inherit;\" src=\"https:\/\/store.microbiotech.dz\/wp-content\/uploads\/2024\/03\/nsf-international-logo-96A5B63247-seeklogo.com_.png\" alt=\"\" width=\"50\" height=\"50\" srcset=\"https:\/\/store.microbiotech.dz\/wp-content\/uploads\/2024\/03\/nsf-international-logo-96A5B63247-seeklogo.com_.png 300w, https:\/\/store.microbiotech.dz\/wp-content\/uploads\/2024\/03\/nsf-international-logo-96A5B63247-seeklogo.com_-150x150.png 150w, https:\/\/store.microbiotech.dz\/wp-content\/uploads\/2024\/03\/nsf-international-logo-96A5B63247-seeklogo.com_-100x100.png 100w\" sizes=\"auto, (max-width: 50px) 100vw, 50px\" \/><\/p>\n","protected":false},"featured_media":8094,"comment_status":"open","ping_status":"closed","template":"","meta":{"site-sidebar-layout":"default","site-content-layout":"","ast-site-content-layout":"default","site-content-style":"default","site-sidebar-style":"default","ast-global-header-display":"","ast-banner-title-visibility":"","ast-main-header-display":"","ast-hfb-above-header-display":"","ast-hfb-below-header-display":"","ast-hfb-mobile-header-display":"","site-post-title":"","ast-breadcrumbs-content":"","ast-featured-img":"","footer-sml-layout":"","ast-disable-related-posts":"","theme-transparent-header-meta":"default","adv-header-id-meta":"","stick-header-meta":"","header-above-stick-meta":"","header-main-stick-meta":"","header-below-stick-meta":"","astra-migrate-meta-layouts":"set","ast-page-background-enabled":"default","ast-page-background-meta":{"desktop":{"background-color":"var(--ast-global-color-4)","background-image":"","background-repeat":"repeat","background-position":"center center","background-size":"auto","background-attachment":"scroll","background-type":"","background-media":"","overlay-type":"","overlay-color":"","overlay-opacity":"","overlay-gradient":""},"tablet":{"background-color":"","background-image":"","background-repeat":"repeat","background-position":"center center","background-size":"auto","background-attachment":"scroll","background-type":"","background-media":"","overlay-type":"","overlay-color":"","overlay-opacity":"","overlay-gradient":""},"mobile":{"background-color":"","background-image":"","background-repeat":"repeat","background-position":"center center","background-size":"auto","background-attachment":"scroll","background-type":"","background-media":"","overlay-type":"","overlay-color":"","overlay-opacity":"","overlay-gradient":""}},"ast-content-background-meta":{"desktop":{"background-color":"var(--ast-global-color-5)","background-image":"","background-repeat":"repeat","background-position":"center center","background-size":"auto","background-attachment":"scroll","background-type":"","background-media":"","overlay-type":"","overlay-color":"","overlay-opacity":"","overlay-gradient":""},"tablet":{"background-color":"var(--ast-global-color-5)","background-image":"","background-repeat":"repeat","background-position":"center center","background-size":"auto","background-attachment":"scroll","background-type":"","background-media":"","overlay-type":"","overlay-color":"","overlay-opacity":"","overlay-gradient":""},"mobile":{"background-color":"var(--ast-global-color-5)","background-image":"","background-repeat":"repeat","background-position":"center center","background-size":"auto","background-attachment":"scroll","background-type":"","background-media":"","overlay-type":"","overlay-color":"","overlay-opacity":"","overlay-gradient":""}},"jetpack_post_was_ever_published":false},"product_brand":[],"product_cat":[238,358],"product_tag":[1915,1907,397,398,1900,382],"class_list":{"0":"post-7646","1":"product","2":"type-product","3":"status-publish","4":"has-post-thumbnail","6":"product_cat-equipements","7":"product_cat-filtration-millipore","8":"product_tag-aquascan","9":"product_tag-f125","10":"product_tag-membrane","11":"product_tag-membranes-de-filtration","12":"product_tag-osmose-inverse","13":"product_tag-osmoseur","14":"desktop-align-center","15":"tablet-align-left","16":"mobile-align-left","18":"first","19":"instock","20":"taxable","21":"shipping-taxable","22":"purchasable","23":"product-type-variable"},"yoast_head":"<!-- This site is optimized with the Yoast SEO plugin v27.5 - https:\/\/yoast.com\/product\/yoast-seo-wordpress\/ -->\n<title>Membrane d&#039;osmose inverse Aquascan - La Boutique en ligne<\/title>\n<meta name=\"description\" content=\"La Membrane d&#039;osmose inverse Aquascan retient une grande partie des substances contaminantes pr\u00e9sentes dans votre eau. Disponible d\u00e8s aujourd&#039;hui !\" \/>\n<meta name=\"robots\" content=\"index, follow, max-snippet:-1, max-image-preview:large, max-video-preview:-1\" \/>\n<link rel=\"canonical\" href=\"https:\/\/store.microbiotech.dz\/index.php\/produit\/membrane-dosmose-inverse-aquascan\/\" \/>\n<meta property=\"og:locale\" content=\"fr_FR\" \/>\n<meta property=\"og:type\" content=\"article\" \/>\n<meta property=\"og:title\" content=\"Membrane d&#039;osmose inverse Aquascan - La Boutique en ligne\" \/>\n<meta property=\"og:description\" content=\"La Membrane d&#039;osmose inverse Aquascan retient une grande partie des substances contaminantes pr\u00e9sentes dans votre eau. Disponible d\u00e8s aujourd&#039;hui !\" \/>\n<meta property=\"og:url\" content=\"https:\/\/store.microbiotech.dz\/index.php\/produit\/membrane-dosmose-inverse-aquascan\/\" \/>\n<meta property=\"og:site_name\" content=\"La Boutique en ligne\" \/>\n<meta property=\"article:publisher\" content=\"https:\/\/www.facebook.com\/MicroBiotech.dz\" \/>\n<meta property=\"article:modified_time\" content=\"2024-06-20T08:44:32+00:00\" \/>\n<meta property=\"og:image\" content=\"https:\/\/store.microbiotech.dz\/wp-content\/uploads\/2024\/03\/Design-sans-titre-66666.png\" \/>\n\t<meta property=\"og:image:width\" content=\"600\" \/>\n\t<meta property=\"og:image:height\" content=\"600\" \/>\n\t<meta property=\"og:image:type\" content=\"image\/png\" \/>\n<meta name=\"twitter:card\" content=\"summary_large_image\" \/>\n<meta name=\"twitter:site\" content=\"@MicrobiotechD\" \/>\n<script type=\"application\/ld+json\" class=\"yoast-schema-graph\">{\"@context\":\"https:\\\/\\\/schema.org\",\"@graph\":[{\"@type\":\"WebPage\",\"@id\":\"https:\\\/\\\/store.microbiotech.dz\\\/index.php\\\/produit\\\/membrane-dosmose-inverse-aquascan\\\/\",\"url\":\"https:\\\/\\\/store.microbiotech.dz\\\/index.php\\\/produit\\\/membrane-dosmose-inverse-aquascan\\\/\",\"name\":\"Membrane d'osmose inverse Aquascan - La Boutique en ligne\",\"isPartOf\":{\"@id\":\"https:\\\/\\\/store.microbiotech.dz\\\/#website\"},\"primaryImageOfPage\":{\"@id\":\"https:\\\/\\\/store.microbiotech.dz\\\/index.php\\\/produit\\\/membrane-dosmose-inverse-aquascan\\\/#primaryimage\"},\"image\":{\"@id\":\"https:\\\/\\\/store.microbiotech.dz\\\/index.php\\\/produit\\\/membrane-dosmose-inverse-aquascan\\\/#primaryimage\"},\"thumbnailUrl\":\"https:\\\/\\\/store.microbiotech.dz\\\/wp-content\\\/uploads\\\/2024\\\/03\\\/Design-sans-titre-66666.png\",\"datePublished\":\"2024-03-10T14:26:21+00:00\",\"dateModified\":\"2024-06-20T08:44:32+00:00\",\"description\":\"La Membrane d'osmose inverse Aquascan retient une grande partie des substances contaminantes pr\u00e9sentes dans votre eau. Disponible d\u00e8s aujourd'hui !\",\"breadcrumb\":{\"@id\":\"https:\\\/\\\/store.microbiotech.dz\\\/index.php\\\/produit\\\/membrane-dosmose-inverse-aquascan\\\/#breadcrumb\"},\"inLanguage\":\"fr-FR\",\"potentialAction\":[{\"@type\":\"ReadAction\",\"target\":[\"https:\\\/\\\/store.microbiotech.dz\\\/index.php\\\/produit\\\/membrane-dosmose-inverse-aquascan\\\/\"]}]},{\"@type\":\"ImageObject\",\"inLanguage\":\"fr-FR\",\"@id\":\"https:\\\/\\\/store.microbiotech.dz\\\/index.php\\\/produit\\\/membrane-dosmose-inverse-aquascan\\\/#primaryimage\",\"url\":\"https:\\\/\\\/store.microbiotech.dz\\\/wp-content\\\/uploads\\\/2024\\\/03\\\/Design-sans-titre-66666.png\",\"contentUrl\":\"https:\\\/\\\/store.microbiotech.dz\\\/wp-content\\\/uploads\\\/2024\\\/03\\\/Design-sans-titre-66666.png\",\"width\":600,\"height\":600,\"caption\":\"Membrane d'osmose inverse Aquascan\"},{\"@type\":\"BreadcrumbList\",\"@id\":\"https:\\\/\\\/store.microbiotech.dz\\\/index.php\\\/produit\\\/membrane-dosmose-inverse-aquascan\\\/#breadcrumb\",\"itemListElement\":[{\"@type\":\"ListItem\",\"position\":1,\"name\":\"Accueil\",\"item\":\"https:\\\/\\\/store.microbiotech.dz\\\/\"},{\"@type\":\"ListItem\",\"position\":2,\"name\":\"Nos Produits\",\"item\":\"https:\\\/\\\/store.microbiotech.dz\\\/index.php\\\/nos-produits\\\/\"},{\"@type\":\"ListItem\",\"position\":3,\"name\":\"Membrane d&rsquo;osmose inverse Aquascan\"}]},{\"@type\":\"WebSite\",\"@id\":\"https:\\\/\\\/store.microbiotech.dz\\\/#website\",\"url\":\"https:\\\/\\\/store.microbiotech.dz\\\/\",\"name\":\"La Boutique en ligne\",\"description\":\"Qualit\u00e9 - Rapidit\u00e9 - Tranquillit\u00e9\",\"publisher\":{\"@id\":\"https:\\\/\\\/store.microbiotech.dz\\\/#organization\"},\"potentialAction\":[{\"@type\":\"SearchAction\",\"target\":{\"@type\":\"EntryPoint\",\"urlTemplate\":\"https:\\\/\\\/store.microbiotech.dz\\\/?s={search_term_string}\"},\"query-input\":{\"@type\":\"PropertyValueSpecification\",\"valueRequired\":true,\"valueName\":\"search_term_string\"}}],\"inLanguage\":\"fr-FR\"},{\"@type\":\"Organization\",\"@id\":\"https:\\\/\\\/store.microbiotech.dz\\\/#organization\",\"name\":\"Microbiotech EURL\",\"url\":\"https:\\\/\\\/store.microbiotech.dz\\\/\",\"logo\":{\"@type\":\"ImageObject\",\"inLanguage\":\"fr-FR\",\"@id\":\"https:\\\/\\\/store.microbiotech.dz\\\/#\\\/schema\\\/logo\\\/image\\\/\",\"url\":\"https:\\\/\\\/store.microbiotech.dz\\\/wp-content\\\/uploads\\\/2021\\\/09\\\/cropped-logo-microbiotech-2.jpg\",\"contentUrl\":\"https:\\\/\\\/store.microbiotech.dz\\\/wp-content\\\/uploads\\\/2021\\\/09\\\/cropped-logo-microbiotech-2.jpg\",\"width\":815,\"height\":586,\"caption\":\"Microbiotech EURL\"},\"image\":{\"@id\":\"https:\\\/\\\/store.microbiotech.dz\\\/#\\\/schema\\\/logo\\\/image\\\/\"},\"sameAs\":[\"https:\\\/\\\/www.facebook.com\\\/MicroBiotech.dz\",\"https:\\\/\\\/x.com\\\/MicrobiotechD\",\"https:\\\/\\\/www.linkedin.com\\\/in\\\/microbiotech\\\/\",\"https:\\\/\\\/www.youtube.com\\\/channel\\\/UCTxc3VIiX7LXD2LQYfZEcDg\"]}]}<\/script>\n<!-- \/ Yoast SEO plugin. -->","yoast_head_json":{"title":"Membrane d'osmose inverse Aquascan - La Boutique en ligne","description":"La Membrane d'osmose inverse Aquascan retient une grande partie des substances contaminantes pr\u00e9sentes dans votre eau. Disponible d\u00e8s aujourd'hui !","robots":{"index":"index","follow":"follow","max-snippet":"max-snippet:-1","max-image-preview":"max-image-preview:large","max-video-preview":"max-video-preview:-1"},"canonical":"https:\/\/store.microbiotech.dz\/index.php\/produit\/membrane-dosmose-inverse-aquascan\/","og_locale":"fr_FR","og_type":"article","og_title":"Membrane d'osmose inverse Aquascan - La Boutique en ligne","og_description":"La Membrane d'osmose inverse Aquascan retient une grande partie des substances contaminantes pr\u00e9sentes dans votre eau. Disponible d\u00e8s aujourd'hui !","og_url":"https:\/\/store.microbiotech.dz\/index.php\/produit\/membrane-dosmose-inverse-aquascan\/","og_site_name":"La Boutique en ligne","article_publisher":"https:\/\/www.facebook.com\/MicroBiotech.dz","article_modified_time":"2024-06-20T08:44:32+00:00","og_image":[{"width":600,"height":600,"url":"https:\/\/store.microbiotech.dz\/wp-content\/uploads\/2024\/03\/Design-sans-titre-66666.png","type":"image\/png"}],"twitter_card":"summary_large_image","twitter_site":"@MicrobiotechD","schema":{"@context":"https:\/\/schema.org","@graph":[{"@type":"WebPage","@id":"https:\/\/store.microbiotech.dz\/index.php\/produit\/membrane-dosmose-inverse-aquascan\/","url":"https:\/\/store.microbiotech.dz\/index.php\/produit\/membrane-dosmose-inverse-aquascan\/","name":"Membrane d'osmose inverse Aquascan - La Boutique en ligne","isPartOf":{"@id":"https:\/\/store.microbiotech.dz\/#website"},"primaryImageOfPage":{"@id":"https:\/\/store.microbiotech.dz\/index.php\/produit\/membrane-dosmose-inverse-aquascan\/#primaryimage"},"image":{"@id":"https:\/\/store.microbiotech.dz\/index.php\/produit\/membrane-dosmose-inverse-aquascan\/#primaryimage"},"thumbnailUrl":"https:\/\/store.microbiotech.dz\/wp-content\/uploads\/2024\/03\/Design-sans-titre-66666.png","datePublished":"2024-03-10T14:26:21+00:00","dateModified":"2024-06-20T08:44:32+00:00","description":"La Membrane d'osmose inverse Aquascan retient une grande partie des substances contaminantes pr\u00e9sentes dans votre eau. Disponible d\u00e8s aujourd'hui !","breadcrumb":{"@id":"https:\/\/store.microbiotech.dz\/index.php\/produit\/membrane-dosmose-inverse-aquascan\/#breadcrumb"},"inLanguage":"fr-FR","potentialAction":[{"@type":"ReadAction","target":["https:\/\/store.microbiotech.dz\/index.php\/produit\/membrane-dosmose-inverse-aquascan\/"]}]},{"@type":"ImageObject","inLanguage":"fr-FR","@id":"https:\/\/store.microbiotech.dz\/index.php\/produit\/membrane-dosmose-inverse-aquascan\/#primaryimage","url":"https:\/\/store.microbiotech.dz\/wp-content\/uploads\/2024\/03\/Design-sans-titre-66666.png","contentUrl":"https:\/\/store.microbiotech.dz\/wp-content\/uploads\/2024\/03\/Design-sans-titre-66666.png","width":600,"height":600,"caption":"Membrane d'osmose inverse Aquascan"},{"@type":"BreadcrumbList","@id":"https:\/\/store.microbiotech.dz\/index.php\/produit\/membrane-dosmose-inverse-aquascan\/#breadcrumb","itemListElement":[{"@type":"ListItem","position":1,"name":"Accueil","item":"https:\/\/store.microbiotech.dz\/"},{"@type":"ListItem","position":2,"name":"Nos Produits","item":"https:\/\/store.microbiotech.dz\/index.php\/nos-produits\/"},{"@type":"ListItem","position":3,"name":"Membrane d&rsquo;osmose inverse Aquascan"}]},{"@type":"WebSite","@id":"https:\/\/store.microbiotech.dz\/#website","url":"https:\/\/store.microbiotech.dz\/","name":"La Boutique en ligne","description":"Qualit\u00e9 - Rapidit\u00e9 - Tranquillit\u00e9","publisher":{"@id":"https:\/\/store.microbiotech.dz\/#organization"},"potentialAction":[{"@type":"SearchAction","target":{"@type":"EntryPoint","urlTemplate":"https:\/\/store.microbiotech.dz\/?s={search_term_string}"},"query-input":{"@type":"PropertyValueSpecification","valueRequired":true,"valueName":"search_term_string"}}],"inLanguage":"fr-FR"},{"@type":"Organization","@id":"https:\/\/store.microbiotech.dz\/#organization","name":"Microbiotech EURL","url":"https:\/\/store.microbiotech.dz\/","logo":{"@type":"ImageObject","inLanguage":"fr-FR","@id":"https:\/\/store.microbiotech.dz\/#\/schema\/logo\/image\/","url":"https:\/\/store.microbiotech.dz\/wp-content\/uploads\/2021\/09\/cropped-logo-microbiotech-2.jpg","contentUrl":"https:\/\/store.microbiotech.dz\/wp-content\/uploads\/2021\/09\/cropped-logo-microbiotech-2.jpg","width":815,"height":586,"caption":"Microbiotech EURL"},"image":{"@id":"https:\/\/store.microbiotech.dz\/#\/schema\/logo\/image\/"},"sameAs":["https:\/\/www.facebook.com\/MicroBiotech.dz","https:\/\/x.com\/MicrobiotechD","https:\/\/www.linkedin.com\/in\/microbiotech\/","https:\/\/www.youtube.com\/channel\/UCTxc3VIiX7LXD2LQYfZEcDg"]}]}},"jetpack_sharing_enabled":true,"_links":{"self":[{"href":"https:\/\/store.microbiotech.dz\/index.php\/wp-json\/wp\/v2\/product\/7646","targetHints":{"allow":["GET"]}}],"collection":[{"href":"https:\/\/store.microbiotech.dz\/index.php\/wp-json\/wp\/v2\/product"}],"about":[{"href":"https:\/\/store.microbiotech.dz\/index.php\/wp-json\/wp\/v2\/types\/product"}],"replies":[{"embeddable":true,"href":"https:\/\/store.microbiotech.dz\/index.php\/wp-json\/wp\/v2\/comments?post=7646"}],"wp:featuredmedia":[{"embeddable":true,"href":"https:\/\/store.microbiotech.dz\/index.php\/wp-json\/wp\/v2\/media\/8094"}],"wp:attachment":[{"href":"https:\/\/store.microbiotech.dz\/index.php\/wp-json\/wp\/v2\/media?parent=7646"}],"wp:term":[{"taxonomy":"product_brand","embeddable":true,"href":"https:\/\/store.microbiotech.dz\/index.php\/wp-json\/wp\/v2\/product_brand?post=7646"},{"taxonomy":"product_cat","embeddable":true,"href":"https:\/\/store.microbiotech.dz\/index.php\/wp-json\/wp\/v2\/product_cat?post=7646"},{"taxonomy":"product_tag","embeddable":true,"href":"https:\/\/store.microbiotech.dz\/index.php\/wp-json\/wp\/v2\/product_tag?post=7646"}],"curies":[{"name":"wp","href":"https:\/\/api.w.org\/{rel}","templated":true}]}}