{"id":7619,"date":"2024-02-07T13:35:55","date_gmt":"2024-02-07T12:35:55","guid":{"rendered":"https:\/\/store.microbiotech.dz\/?post_type=product&#038;p=7619"},"modified":"2024-05-05T15:59:59","modified_gmt":"2024-05-05T14:59:59","slug":"systeme-de-purification-deau-osmoseur-aquascan","status":"publish","type":"product","link":"https:\/\/store.microbiotech.dz\/index.php\/produit\/systeme-de-purification-deau-osmoseur-aquascan\/","title":{"rendered":"Syst\u00e8me de purification d&rsquo;eau (osmoseur) AQUASCAN"},"content":{"rendered":"<p>Vivez mieux, buvez mieux avec le Syst\u00e8me de purification d&rsquo;eau (<a href=\"https:\/\/fr.wikipedia.org\/wiki\/Osmose_inverse\" target=\"_blank\" rel=\"noopener\">osmoseur<\/a>) AQUASCAN, qui offre une technologie de pointe ! Il permet d&rsquo;\u00e9liminer efficacement 99% des impuret\u00e9s, et contaminants de votre eau. Ce syst\u00e8me r\u00e9volutionnaire utilise un processus d&rsquo;<a href=\"https:\/\/fr.wikipedia.org\/wiki\/Osmose_inverse\" target=\"_blank\" rel=\"noopener\">osmose inverse<\/a> avanc\u00e9 qui \u00e9limine entre autre, le chlore, les m\u00e9taux lourds et les produits chimiques nocifs. L&rsquo;Aquascan est \u00e9galement facile \u00e0 installer et \u00e0 utiliser, s&rsquo;int\u00e9grant parfaitement dans n&rsquo;importe quel espace.<\/p>\n<p>Afin d&rsquo;obtenir une eau de qualit\u00e9 in\u00e9gal\u00e9e, l&rsquo;osmoseur passe par 5 \u00e9tapes :<\/p>\n<p>1. Pr\u00e9-filtre s\u00e9diments : le filtre s\u00e9diment permet d\u2019\u00e9liminer les impuret\u00e9s de 5 microns pour une filtration efficace et ainsi la protection de la membrane.<span class=\"text_exposed_show\"><br \/>\n2. Pr\u00e9-filtre charbon actif : permet d\u2019\u00e9liminer les concentrations de chlore qui peuvent endommager la membrane d\u2019osmose inverse.<br \/>\n3. Pr\u00e9-filtre charbon bloc : permet de compl\u00e9ter l\u2019\u00e9tape pr\u00e9alable et \u00e9liminer le reste du chlore dissout dans l\u2019eau.<br \/>\n4. Membrane d&rsquo;osmose inverse : permet d\u2019<\/span>\u00e9liminer les contaminants suivants qui peuvent \u00eatre pr\u00e9sents dans l&rsquo;eau: plomb, cuivre, baryum, chrome, mercure, sodium, cadmium, fluorure, nitrite, nitrate et s\u00e9l\u00e9nium.<span class=\"text_exposed_show\"><br \/>\n5. Pr\u00e9-filtre post charbon : Permet d\u2019affiner l\u2019odeur et le go\u00fbt de l\u2019eau .<\/span><\/p>\n<div class=\"ast-oembed-container \" style=\"height: 100%;\"><iframe loading=\"lazy\" title=\"Water Filter Presentation Animated\" width=\"500\" height=\"281\" src=\"https:\/\/www.youtube.com\/embed\/pdwp6S1lrP0?feature=oembed\" frameborder=\"0\" allow=\"accelerometer; autoplay; clipboard-write; encrypted-media; gyroscope; picture-in-picture; web-share\" referrerpolicy=\"strict-origin-when-cross-origin\" allowfullscreen><\/iframe><\/div>\n","protected":false},"excerpt":{"rendered":"<p>&nbsp;<\/p>\n<p><strong><span style=\"font-size: 16px; font-style: normal;\">Pi\u00e8ces d\u00e9tach\u00e9es et service apr\u00e8s vente disponible<\/span><\/strong><\/p>\n<p>Marque : <strong>Aquascan <img loading=\"lazy\" decoding=\"async\" class=\"alignnone wp-image-7647\" src=\"https:\/\/store.microbiotech.dz\/wp-content\/uploads\/2024\/02\/vietnam.png\" alt=\"\" width=\"38\" height=\"38\" srcset=\"https:\/\/store.microbiotech.dz\/wp-content\/uploads\/2024\/02\/vietnam.png 225w, https:\/\/store.microbiotech.dz\/wp-content\/uploads\/2024\/02\/vietnam-150x150.png 150w, https:\/\/store.microbiotech.dz\/wp-content\/uploads\/2024\/02\/vietnam-100x100.png 100w\" sizes=\"auto, (max-width: 38px) 100vw, 38px\" \/><\/strong><br \/>\nNombre d&rsquo;\u00e9tapes de filtration : <strong>5<\/strong><br \/>\nD\u00e9bit : <strong>11 L\/h<\/strong><br \/>\n<strong>Equipement inclus : <\/strong><br \/>\n&#8211; R\u00e9servoir <strong style=\"font-size: 1em;\">11 L<br \/>\n<\/strong>&#8211; Robinet<br \/>\n&#8211; Tuyaux<br \/>\n&#8211; Jonction de drainage<br \/>\n&#8211; Soupape du r\u00e9servoir<br \/>\n&#8211; Adaptateur de robinet<br \/>\n&#8211; Robinet \u00e0 tournant sph\u00e9rique<br \/>\n&#8211; Membrane RO<br \/>\n<strong>Avantages<\/strong> :<br \/>\n&#8211; Design compact<br \/>\n&#8211; Charbon actif pour neutraliser tous les contaminants (chrome, mercure, sodium, nitrite, nitrate, cuivre, plomb, baryum, fluorure, cadmium, s\u00e9l\u00e9nium )<br \/>\n&#8211; Pores de la membrane plus petits que les bact\u00e9ries, virus et parasites<\/p>\n<p>T\u00e9l\u00e9chargement :<br \/>\n<a href=\"https:\/\/store.microbiotech.dz\/wp-content\/uploads\/2024\/02\/Fiche-technique-osmoseur.pdf\">Fiche technique osmoseur<\/a><\/p>\n","protected":false},"featured_media":7653,"comment_status":"open","ping_status":"closed","template":"","meta":{"site-sidebar-layout":"default","site-content-layout":"","ast-site-content-layout":"default","site-content-style":"default","site-sidebar-style":"default","ast-global-header-display":"","ast-banner-title-visibility":"","ast-main-header-display":"","ast-hfb-above-header-display":"","ast-hfb-below-header-display":"","ast-hfb-mobile-header-display":"","site-post-title":"","ast-breadcrumbs-content":"","ast-featured-img":"","footer-sml-layout":"","ast-disable-related-posts":"","theme-transparent-header-meta":"default","adv-header-id-meta":"","stick-header-meta":"","header-above-stick-meta":"","header-main-stick-meta":"","header-below-stick-meta":"","astra-migrate-meta-layouts":"set","ast-page-background-enabled":"default","ast-page-background-meta":{"desktop":{"background-color":"var(--ast-global-color-4)","background-image":"","background-repeat":"repeat","background-position":"center center","background-size":"auto","background-attachment":"scroll","background-type":"","background-media":"","overlay-type":"","overlay-color":"","overlay-opacity":"","overlay-gradient":""},"tablet":{"background-color":"","background-image":"","background-repeat":"repeat","background-position":"center center","background-size":"auto","background-attachment":"scroll","background-type":"","background-media":"","overlay-type":"","overlay-color":"","overlay-opacity":"","overlay-gradient":""},"mobile":{"background-color":"","background-image":"","background-repeat":"repeat","background-position":"center center","background-size":"auto","background-attachment":"scroll","background-type":"","background-media":"","overlay-type":"","overlay-color":"","overlay-opacity":"","overlay-gradient":""}},"ast-content-background-meta":{"desktop":{"background-color":"var(--ast-global-color-5)","background-image":"","background-repeat":"repeat","background-position":"center center","background-size":"auto","background-attachment":"scroll","background-type":"","background-media":"","overlay-type":"","overlay-color":"","overlay-opacity":"","overlay-gradient":""},"tablet":{"background-color":"var(--ast-global-color-5)","background-image":"","background-repeat":"repeat","background-position":"center center","background-size":"auto","background-attachment":"scroll","background-type":"","background-media":"","overlay-type":"","overlay-color":"","overlay-opacity":"","overlay-gradient":""},"mobile":{"background-color":"var(--ast-global-color-5)","background-image":"","background-repeat":"repeat","background-position":"center center","background-size":"auto","background-attachment":"scroll","background-type":"","background-media":"","overlay-type":"","overlay-color":"","overlay-opacity":"","overlay-gradient":""}},"jetpack_post_was_ever_published":true},"product_brand":[],"product_cat":[238,358],"product_tag":[1915,1901,1907,1900,1902],"class_list":{"0":"post-7619","1":"product","2":"type-product","3":"status-publish","4":"has-post-thumbnail","6":"product_cat-equipements","7":"product_cat-filtration-millipore","8":"product_tag-aquascan","9":"product_tag-diascan","10":"product_tag-f125","11":"product_tag-osmose-inverse","12":"product_tag-systeme-dosmose","13":"desktop-align-center","14":"tablet-align-left","15":"mobile-align-left","17":"first","18":"instock","19":"taxable","20":"shipping-taxable","21":"purchasable","22":"product-type-variable"},"yoast_head":"<!-- This site is optimized with the Yoast SEO plugin v27.4 - https:\/\/yoast.com\/product\/yoast-seo-wordpress\/ -->\n<title>Syst\u00e8me de purification d&#039;eau (osmoseur) AQUASCAN - La Boutique en ligne<\/title>\n<meta name=\"description\" content=\"Syst\u00e8me de purification d&#039;eau (osmoseur) AQUASCAN disponible pour le traitement des eaux us\u00e9es par \u00e9limination de contaminants sp\u00e9cifiques.\" \/>\n<meta name=\"robots\" content=\"index, follow, max-snippet:-1, max-image-preview:large, max-video-preview:-1\" \/>\n<link rel=\"canonical\" href=\"https:\/\/store.microbiotech.dz\/index.php\/produit\/systeme-de-purification-deau-osmoseur-aquascan\/\" \/>\n<meta property=\"og:locale\" content=\"fr_FR\" \/>\n<meta property=\"og:type\" content=\"article\" \/>\n<meta property=\"og:title\" content=\"Syst\u00e8me de purification d&#039;eau (osmoseur) AQUASCAN - La Boutique en ligne\" \/>\n<meta property=\"og:description\" content=\"Syst\u00e8me de purification d&#039;eau (osmoseur) AQUASCAN disponible pour le traitement des eaux us\u00e9es par \u00e9limination de contaminants sp\u00e9cifiques.\" \/>\n<meta property=\"og:url\" content=\"https:\/\/store.microbiotech.dz\/index.php\/produit\/systeme-de-purification-deau-osmoseur-aquascan\/\" \/>\n<meta property=\"og:site_name\" content=\"La Boutique en ligne\" \/>\n<meta property=\"article:publisher\" content=\"https:\/\/www.facebook.com\/MicroBiotech.dz\" \/>\n<meta property=\"article:modified_time\" content=\"2024-05-05T14:59:59+00:00\" \/>\n<meta property=\"og:image\" content=\"https:\/\/store.microbiotech.dz\/wp-content\/uploads\/2024\/02\/osmoseurrr.png\" \/>\n\t<meta property=\"og:image:width\" content=\"600\" \/>\n\t<meta property=\"og:image:height\" content=\"600\" \/>\n\t<meta property=\"og:image:type\" content=\"image\/png\" \/>\n<meta name=\"twitter:card\" content=\"summary_large_image\" \/>\n<meta name=\"twitter:site\" content=\"@MicrobiotechD\" \/>\n<meta name=\"twitter:label1\" content=\"Dur\u00e9e de lecture estim\u00e9e\" \/>\n\t<meta name=\"twitter:data1\" content=\"1 minute\" \/>\n<script type=\"application\/ld+json\" class=\"yoast-schema-graph\">{\"@context\":\"https:\\\/\\\/schema.org\",\"@graph\":[{\"@type\":\"WebPage\",\"@id\":\"https:\\\/\\\/store.microbiotech.dz\\\/index.php\\\/produit\\\/systeme-de-purification-deau-osmoseur-aquascan\\\/\",\"url\":\"https:\\\/\\\/store.microbiotech.dz\\\/index.php\\\/produit\\\/systeme-de-purification-deau-osmoseur-aquascan\\\/\",\"name\":\"Syst\u00e8me de purification d'eau (osmoseur) AQUASCAN - La Boutique en ligne\",\"isPartOf\":{\"@id\":\"https:\\\/\\\/store.microbiotech.dz\\\/#website\"},\"primaryImageOfPage\":{\"@id\":\"https:\\\/\\\/store.microbiotech.dz\\\/index.php\\\/produit\\\/systeme-de-purification-deau-osmoseur-aquascan\\\/#primaryimage\"},\"image\":{\"@id\":\"https:\\\/\\\/store.microbiotech.dz\\\/index.php\\\/produit\\\/systeme-de-purification-deau-osmoseur-aquascan\\\/#primaryimage\"},\"thumbnailUrl\":\"https:\\\/\\\/store.microbiotech.dz\\\/wp-content\\\/uploads\\\/2024\\\/02\\\/osmoseurrr.png\",\"datePublished\":\"2024-02-07T12:35:55+00:00\",\"dateModified\":\"2024-05-05T14:59:59+00:00\",\"description\":\"Syst\u00e8me de purification d'eau (osmoseur) AQUASCAN disponible pour le traitement des eaux us\u00e9es par \u00e9limination de contaminants sp\u00e9cifiques.\",\"breadcrumb\":{\"@id\":\"https:\\\/\\\/store.microbiotech.dz\\\/index.php\\\/produit\\\/systeme-de-purification-deau-osmoseur-aquascan\\\/#breadcrumb\"},\"inLanguage\":\"fr-FR\",\"potentialAction\":[{\"@type\":\"ReadAction\",\"target\":[\"https:\\\/\\\/store.microbiotech.dz\\\/index.php\\\/produit\\\/systeme-de-purification-deau-osmoseur-aquascan\\\/\"]}]},{\"@type\":\"ImageObject\",\"inLanguage\":\"fr-FR\",\"@id\":\"https:\\\/\\\/store.microbiotech.dz\\\/index.php\\\/produit\\\/systeme-de-purification-deau-osmoseur-aquascan\\\/#primaryimage\",\"url\":\"https:\\\/\\\/store.microbiotech.dz\\\/wp-content\\\/uploads\\\/2024\\\/02\\\/osmoseurrr.png\",\"contentUrl\":\"https:\\\/\\\/store.microbiotech.dz\\\/wp-content\\\/uploads\\\/2024\\\/02\\\/osmoseurrr.png\",\"width\":600,\"height\":600,\"caption\":\"Syst\u00e8me de purification d'eau (osmoseur) AQUASCAN\"},{\"@type\":\"BreadcrumbList\",\"@id\":\"https:\\\/\\\/store.microbiotech.dz\\\/index.php\\\/produit\\\/systeme-de-purification-deau-osmoseur-aquascan\\\/#breadcrumb\",\"itemListElement\":[{\"@type\":\"ListItem\",\"position\":1,\"name\":\"Accueil\",\"item\":\"https:\\\/\\\/store.microbiotech.dz\\\/\"},{\"@type\":\"ListItem\",\"position\":2,\"name\":\"Nos Produits\",\"item\":\"https:\\\/\\\/store.microbiotech.dz\\\/index.php\\\/nos-produits\\\/\"},{\"@type\":\"ListItem\",\"position\":3,\"name\":\"Syst\u00e8me de purification d&rsquo;eau (osmoseur) AQUASCAN\"}]},{\"@type\":\"WebSite\",\"@id\":\"https:\\\/\\\/store.microbiotech.dz\\\/#website\",\"url\":\"https:\\\/\\\/store.microbiotech.dz\\\/\",\"name\":\"La Boutique en ligne\",\"description\":\"Qualit\u00e9 - Rapidit\u00e9 - Tranquillit\u00e9\",\"publisher\":{\"@id\":\"https:\\\/\\\/store.microbiotech.dz\\\/#organization\"},\"potentialAction\":[{\"@type\":\"SearchAction\",\"target\":{\"@type\":\"EntryPoint\",\"urlTemplate\":\"https:\\\/\\\/store.microbiotech.dz\\\/?s={search_term_string}\"},\"query-input\":{\"@type\":\"PropertyValueSpecification\",\"valueRequired\":true,\"valueName\":\"search_term_string\"}}],\"inLanguage\":\"fr-FR\"},{\"@type\":\"Organization\",\"@id\":\"https:\\\/\\\/store.microbiotech.dz\\\/#organization\",\"name\":\"Microbiotech EURL\",\"url\":\"https:\\\/\\\/store.microbiotech.dz\\\/\",\"logo\":{\"@type\":\"ImageObject\",\"inLanguage\":\"fr-FR\",\"@id\":\"https:\\\/\\\/store.microbiotech.dz\\\/#\\\/schema\\\/logo\\\/image\\\/\",\"url\":\"https:\\\/\\\/store.microbiotech.dz\\\/wp-content\\\/uploads\\\/2021\\\/09\\\/cropped-logo-microbiotech-2.jpg\",\"contentUrl\":\"https:\\\/\\\/store.microbiotech.dz\\\/wp-content\\\/uploads\\\/2021\\\/09\\\/cropped-logo-microbiotech-2.jpg\",\"width\":815,\"height\":586,\"caption\":\"Microbiotech EURL\"},\"image\":{\"@id\":\"https:\\\/\\\/store.microbiotech.dz\\\/#\\\/schema\\\/logo\\\/image\\\/\"},\"sameAs\":[\"https:\\\/\\\/www.facebook.com\\\/MicroBiotech.dz\",\"https:\\\/\\\/x.com\\\/MicrobiotechD\",\"https:\\\/\\\/www.linkedin.com\\\/in\\\/microbiotech\\\/\",\"https:\\\/\\\/www.youtube.com\\\/channel\\\/UCTxc3VIiX7LXD2LQYfZEcDg\"]}]}<\/script>\n<!-- \/ Yoast SEO plugin. -->","yoast_head_json":{"title":"Syst\u00e8me de purification d'eau (osmoseur) AQUASCAN - La Boutique en ligne","description":"Syst\u00e8me de purification d'eau (osmoseur) AQUASCAN disponible pour le traitement des eaux us\u00e9es par \u00e9limination de contaminants sp\u00e9cifiques.","robots":{"index":"index","follow":"follow","max-snippet":"max-snippet:-1","max-image-preview":"max-image-preview:large","max-video-preview":"max-video-preview:-1"},"canonical":"https:\/\/store.microbiotech.dz\/index.php\/produit\/systeme-de-purification-deau-osmoseur-aquascan\/","og_locale":"fr_FR","og_type":"article","og_title":"Syst\u00e8me de purification d'eau (osmoseur) AQUASCAN - La Boutique en ligne","og_description":"Syst\u00e8me de purification d'eau (osmoseur) AQUASCAN disponible pour le traitement des eaux us\u00e9es par \u00e9limination de contaminants sp\u00e9cifiques.","og_url":"https:\/\/store.microbiotech.dz\/index.php\/produit\/systeme-de-purification-deau-osmoseur-aquascan\/","og_site_name":"La Boutique en ligne","article_publisher":"https:\/\/www.facebook.com\/MicroBiotech.dz","article_modified_time":"2024-05-05T14:59:59+00:00","og_image":[{"width":600,"height":600,"url":"https:\/\/store.microbiotech.dz\/wp-content\/uploads\/2024\/02\/osmoseurrr.png","type":"image\/png"}],"twitter_card":"summary_large_image","twitter_site":"@MicrobiotechD","twitter_misc":{"Dur\u00e9e de lecture estim\u00e9e":"1 minute"},"schema":{"@context":"https:\/\/schema.org","@graph":[{"@type":"WebPage","@id":"https:\/\/store.microbiotech.dz\/index.php\/produit\/systeme-de-purification-deau-osmoseur-aquascan\/","url":"https:\/\/store.microbiotech.dz\/index.php\/produit\/systeme-de-purification-deau-osmoseur-aquascan\/","name":"Syst\u00e8me de purification d'eau (osmoseur) AQUASCAN - La Boutique en ligne","isPartOf":{"@id":"https:\/\/store.microbiotech.dz\/#website"},"primaryImageOfPage":{"@id":"https:\/\/store.microbiotech.dz\/index.php\/produit\/systeme-de-purification-deau-osmoseur-aquascan\/#primaryimage"},"image":{"@id":"https:\/\/store.microbiotech.dz\/index.php\/produit\/systeme-de-purification-deau-osmoseur-aquascan\/#primaryimage"},"thumbnailUrl":"https:\/\/store.microbiotech.dz\/wp-content\/uploads\/2024\/02\/osmoseurrr.png","datePublished":"2024-02-07T12:35:55+00:00","dateModified":"2024-05-05T14:59:59+00:00","description":"Syst\u00e8me de purification d'eau (osmoseur) AQUASCAN disponible pour le traitement des eaux us\u00e9es par \u00e9limination de contaminants sp\u00e9cifiques.","breadcrumb":{"@id":"https:\/\/store.microbiotech.dz\/index.php\/produit\/systeme-de-purification-deau-osmoseur-aquascan\/#breadcrumb"},"inLanguage":"fr-FR","potentialAction":[{"@type":"ReadAction","target":["https:\/\/store.microbiotech.dz\/index.php\/produit\/systeme-de-purification-deau-osmoseur-aquascan\/"]}]},{"@type":"ImageObject","inLanguage":"fr-FR","@id":"https:\/\/store.microbiotech.dz\/index.php\/produit\/systeme-de-purification-deau-osmoseur-aquascan\/#primaryimage","url":"https:\/\/store.microbiotech.dz\/wp-content\/uploads\/2024\/02\/osmoseurrr.png","contentUrl":"https:\/\/store.microbiotech.dz\/wp-content\/uploads\/2024\/02\/osmoseurrr.png","width":600,"height":600,"caption":"Syst\u00e8me de purification d'eau (osmoseur) AQUASCAN"},{"@type":"BreadcrumbList","@id":"https:\/\/store.microbiotech.dz\/index.php\/produit\/systeme-de-purification-deau-osmoseur-aquascan\/#breadcrumb","itemListElement":[{"@type":"ListItem","position":1,"name":"Accueil","item":"https:\/\/store.microbiotech.dz\/"},{"@type":"ListItem","position":2,"name":"Nos Produits","item":"https:\/\/store.microbiotech.dz\/index.php\/nos-produits\/"},{"@type":"ListItem","position":3,"name":"Syst\u00e8me de purification d&rsquo;eau (osmoseur) AQUASCAN"}]},{"@type":"WebSite","@id":"https:\/\/store.microbiotech.dz\/#website","url":"https:\/\/store.microbiotech.dz\/","name":"La Boutique en ligne","description":"Qualit\u00e9 - Rapidit\u00e9 - Tranquillit\u00e9","publisher":{"@id":"https:\/\/store.microbiotech.dz\/#organization"},"potentialAction":[{"@type":"SearchAction","target":{"@type":"EntryPoint","urlTemplate":"https:\/\/store.microbiotech.dz\/?s={search_term_string}"},"query-input":{"@type":"PropertyValueSpecification","valueRequired":true,"valueName":"search_term_string"}}],"inLanguage":"fr-FR"},{"@type":"Organization","@id":"https:\/\/store.microbiotech.dz\/#organization","name":"Microbiotech EURL","url":"https:\/\/store.microbiotech.dz\/","logo":{"@type":"ImageObject","inLanguage":"fr-FR","@id":"https:\/\/store.microbiotech.dz\/#\/schema\/logo\/image\/","url":"https:\/\/store.microbiotech.dz\/wp-content\/uploads\/2021\/09\/cropped-logo-microbiotech-2.jpg","contentUrl":"https:\/\/store.microbiotech.dz\/wp-content\/uploads\/2021\/09\/cropped-logo-microbiotech-2.jpg","width":815,"height":586,"caption":"Microbiotech EURL"},"image":{"@id":"https:\/\/store.microbiotech.dz\/#\/schema\/logo\/image\/"},"sameAs":["https:\/\/www.facebook.com\/MicroBiotech.dz","https:\/\/x.com\/MicrobiotechD","https:\/\/www.linkedin.com\/in\/microbiotech\/","https:\/\/www.youtube.com\/channel\/UCTxc3VIiX7LXD2LQYfZEcDg"]}]}},"jetpack_sharing_enabled":true,"_links":{"self":[{"href":"https:\/\/store.microbiotech.dz\/index.php\/wp-json\/wp\/v2\/product\/7619","targetHints":{"allow":["GET"]}}],"collection":[{"href":"https:\/\/store.microbiotech.dz\/index.php\/wp-json\/wp\/v2\/product"}],"about":[{"href":"https:\/\/store.microbiotech.dz\/index.php\/wp-json\/wp\/v2\/types\/product"}],"replies":[{"embeddable":true,"href":"https:\/\/store.microbiotech.dz\/index.php\/wp-json\/wp\/v2\/comments?post=7619"}],"wp:featuredmedia":[{"embeddable":true,"href":"https:\/\/store.microbiotech.dz\/index.php\/wp-json\/wp\/v2\/media\/7653"}],"wp:attachment":[{"href":"https:\/\/store.microbiotech.dz\/index.php\/wp-json\/wp\/v2\/media?parent=7619"}],"wp:term":[{"taxonomy":"product_brand","embeddable":true,"href":"https:\/\/store.microbiotech.dz\/index.php\/wp-json\/wp\/v2\/product_brand?post=7619"},{"taxonomy":"product_cat","embeddable":true,"href":"https:\/\/store.microbiotech.dz\/index.php\/wp-json\/wp\/v2\/product_cat?post=7619"},{"taxonomy":"product_tag","embeddable":true,"href":"https:\/\/store.microbiotech.dz\/index.php\/wp-json\/wp\/v2\/product_tag?post=7619"}],"curies":[{"name":"wp","href":"https:\/\/api.w.org\/{rel}","templated":true}]}}