{"id":7318,"date":"2024-01-10T14:26:37","date_gmt":"2024-01-10T13:26:37","guid":{"rendered":"https:\/\/store.microbiotech.dz\/?post_type=product&#038;p=7318"},"modified":"2025-12-18T18:10:55","modified_gmt":"2025-12-18T17:10:55","slug":"compteur-de-cellules-cypress","status":"publish","type":"product","link":"https:\/\/store.microbiotech.dz\/index.php\/produit\/compteur-de-cellules-cypress\/","title":{"rendered":"Compteur de cellules CYPRESS"},"content":{"rendered":"<p><a href=\"https:\/\/store.microbiotech.dz\/?s=Compteur\" target=\"_blank\" rel=\"noopener\">Compteur <\/a>de cellules <a href=\"https:\/\/diagnostics.be\/fr\/\" target=\"_blank\" rel=\"noopener\">CYPRESS<\/a> de haute qualit\u00e9 pour vos laboratoires cliniques avec 5 ou 8 touches et une fen\u00eatre de totalisation. Le bo\u00eetier est durable, r\u00e9sistant aux produits chimiques et facile \u00e0 nettoyer et \u00e0 d\u00e9sinfecter. Il comprend un tableau complet des bandes de maturation des globules blancs, deux boutons de remise \u00e0 z\u00e9ro, une large base pour une utilisation stable et une sonnerie (100 cellules compt\u00e9es).<\/p>\n","protected":false},"excerpt":{"rendered":"<p>&nbsp;<\/p>\n<p>Marque :\u00a0<strong>CYPRESS<\/strong>\u00a0<img loading=\"lazy\" decoding=\"async\" class=\"alignnone wp-image-4097 lazyloaded\" src=\"https:\/\/store.microbiotech.dz\/wp-content\/uploads\/2023\/05\/belgique.webp\" alt=\"\" width=\"38\" height=\"38\" data-srcset=\"https:\/\/store.microbiotech.dz\/wp-content\/uploads\/2023\/05\/belgique.webp 200w, https:\/\/store.microbiotech.dz\/wp-content\/uploads\/2023\/05\/belgique-150x150.webp 150w, https:\/\/store.microbiotech.dz\/wp-content\/uploads\/2023\/05\/belgique-100x100.webp 100w\" data-src=\"https:\/\/store.microbiotech.dz\/wp-content\/uploads\/2023\/05\/belgique.webp\" data-sizes=\"(max-width: 38px) 100vw, 38px\" srcset=\"https:\/\/store.microbiotech.dz\/wp-content\/uploads\/2023\/05\/belgique.webp 200w, https:\/\/store.microbiotech.dz\/wp-content\/uploads\/2023\/05\/belgique-150x150.webp 150w, https:\/\/store.microbiotech.dz\/wp-content\/uploads\/2023\/05\/belgique-100x100.webp 100w\" sizes=\"auto, (max-width: 38px) 100vw, 38px\" \/><br \/>\nType de cellules :<strong> pour cellules sanguines<\/strong><br \/>\nComptage : <strong>de 0 \u00e0 999<\/strong><br \/>\nT\u00e9l\u00e9chargements :<br \/>\n<a style=\"font-size: 1em;\" href=\"https:\/\/store.microbiotech.dz\/wp-content\/uploads\/2024\/01\/C-9-ISO.pdf\">&#8211; C-9-ISO<\/a><span style=\"font-size: 1em;\"><br \/>\n<\/span><a style=\"font-size: 1em;\" href=\"https:\/\/store.microbiotech.dz\/wp-content\/uploads\/2024\/01\/C-9-Brochure.pdf\">&#8211; C-9-Brochure<\/a><span style=\"font-size: 1em;\"><br \/>\n<\/span><a style=\"font-size: 1em;\" href=\"https:\/\/store.microbiotech.dz\/wp-content\/uploads\/2024\/01\/C-6-ISO.pdf\">&#8211; C-6-ISO<\/a><span style=\"font-size: 1em;\"><br \/>\n<\/span><a style=\"font-size: 1em;\" href=\"https:\/\/store.microbiotech.dz\/wp-content\/uploads\/2024\/01\/C-6-Brochure.pdf\">&#8211; C-6-Brochure<\/a><\/p>\n","protected":false},"featured_media":7329,"comment_status":"open","ping_status":"closed","template":"","meta":{"site-sidebar-layout":"default","site-content-layout":"","ast-site-content-layout":"default","site-content-style":"default","site-sidebar-style":"default","ast-global-header-display":"","ast-banner-title-visibility":"","ast-main-header-display":"","ast-hfb-above-header-display":"","ast-hfb-below-header-display":"","ast-hfb-mobile-header-display":"","site-post-title":"","ast-breadcrumbs-content":"","ast-featured-img":"","footer-sml-layout":"","ast-disable-related-posts":"","theme-transparent-header-meta":"default","adv-header-id-meta":"","stick-header-meta":"","header-above-stick-meta":"","header-main-stick-meta":"","header-below-stick-meta":"","astra-migrate-meta-layouts":"set","ast-page-background-enabled":"default","ast-page-background-meta":{"desktop":{"background-color":"var(--ast-global-color-4)","background-image":"","background-repeat":"repeat","background-position":"center center","background-size":"auto","background-attachment":"scroll","background-type":"","background-media":"","overlay-type":"","overlay-color":"","overlay-opacity":"","overlay-gradient":""},"tablet":{"background-color":"","background-image":"","background-repeat":"repeat","background-position":"center center","background-size":"auto","background-attachment":"scroll","background-type":"","background-media":"","overlay-type":"","overlay-color":"","overlay-opacity":"","overlay-gradient":""},"mobile":{"background-color":"","background-image":"","background-repeat":"repeat","background-position":"center center","background-size":"auto","background-attachment":"scroll","background-type":"","background-media":"","overlay-type":"","overlay-color":"","overlay-opacity":"","overlay-gradient":""}},"ast-content-background-meta":{"desktop":{"background-color":"var(--ast-global-color-5)","background-image":"","background-repeat":"repeat","background-position":"center center","background-size":"auto","background-attachment":"scroll","background-type":"","background-media":"","overlay-type":"","overlay-color":"","overlay-opacity":"","overlay-gradient":""},"tablet":{"background-color":"var(--ast-global-color-5)","background-image":"","background-repeat":"repeat","background-position":"center center","background-size":"auto","background-attachment":"scroll","background-type":"","background-media":"","overlay-type":"","overlay-color":"","overlay-opacity":"","overlay-gradient":""},"mobile":{"background-color":"var(--ast-global-color-5)","background-image":"","background-repeat":"repeat","background-position":"center center","background-size":"auto","background-attachment":"scroll","background-type":"","background-media":"","overlay-type":"","overlay-color":"","overlay-opacity":"","overlay-gradient":""}},"jetpack_post_was_ever_published":false},"product_brand":[],"product_cat":[238],"product_tag":[1841,1840,661,1166,1842],"class_list":{"0":"post-7318","1":"product","2":"type-product","3":"status-publish","4":"has-post-thumbnail","6":"product_cat-equipements","7":"product_tag-cellules","8":"product_tag-compter","9":"product_tag-compteur-de-cellules","10":"product_tag-f100","11":"product_tag-sang","12":"desktop-align-center","13":"tablet-align-left","14":"mobile-align-left","16":"first","17":"instock","18":"sale","19":"taxable","20":"shipping-taxable","21":"purchasable","22":"product-type-variable"},"yoast_head":"<!-- This site is optimized with the Yoast SEO plugin v27.4 - https:\/\/yoast.com\/product\/yoast-seo-wordpress\/ -->\n<title>Compteur de cellules CYPRESS - La Boutique en ligne<\/title>\n<meta name=\"description\" content=\"Compteur de cellules CYPRESS avec 5 ou 8 touches et une fen\u00eatre de totalisation. Durable et de haute qualit\u00e9 pour vous faciliter le comptage !\" \/>\n<meta name=\"robots\" content=\"index, follow, max-snippet:-1, max-image-preview:large, max-video-preview:-1\" \/>\n<link rel=\"canonical\" href=\"https:\/\/store.microbiotech.dz\/index.php\/produit\/compteur-de-cellules-cypress\/\" \/>\n<meta property=\"og:locale\" content=\"fr_FR\" \/>\n<meta property=\"og:type\" content=\"article\" \/>\n<meta property=\"og:title\" content=\"Compteur de cellules CYPRESS - La Boutique en ligne\" \/>\n<meta property=\"og:description\" content=\"Compteur de cellules CYPRESS avec 5 ou 8 touches et une fen\u00eatre de totalisation. Durable et de haute qualit\u00e9 pour vous faciliter le comptage !\" \/>\n<meta property=\"og:url\" content=\"https:\/\/store.microbiotech.dz\/index.php\/produit\/compteur-de-cellules-cypress\/\" \/>\n<meta property=\"og:site_name\" content=\"La Boutique en ligne\" \/>\n<meta property=\"article:publisher\" content=\"https:\/\/www.facebook.com\/MicroBiotech.dz\" \/>\n<meta property=\"article:modified_time\" content=\"2025-12-18T17:10:55+00:00\" \/>\n<meta property=\"og:image\" content=\"https:\/\/store.microbiotech.dz\/wp-content\/uploads\/2024\/01\/9c.png\" \/>\n\t<meta property=\"og:image:width\" content=\"600\" \/>\n\t<meta property=\"og:image:height\" content=\"600\" \/>\n\t<meta property=\"og:image:type\" content=\"image\/png\" \/>\n<meta name=\"twitter:card\" content=\"summary_large_image\" \/>\n<meta name=\"twitter:site\" content=\"@MicrobiotechD\" \/>\n<script type=\"application\/ld+json\" class=\"yoast-schema-graph\">{\"@context\":\"https:\\\/\\\/schema.org\",\"@graph\":[{\"@type\":\"WebPage\",\"@id\":\"https:\\\/\\\/store.microbiotech.dz\\\/index.php\\\/produit\\\/compteur-de-cellules-cypress\\\/\",\"url\":\"https:\\\/\\\/store.microbiotech.dz\\\/index.php\\\/produit\\\/compteur-de-cellules-cypress\\\/\",\"name\":\"Compteur de cellules CYPRESS - La Boutique en ligne\",\"isPartOf\":{\"@id\":\"https:\\\/\\\/store.microbiotech.dz\\\/#website\"},\"primaryImageOfPage\":{\"@id\":\"https:\\\/\\\/store.microbiotech.dz\\\/index.php\\\/produit\\\/compteur-de-cellules-cypress\\\/#primaryimage\"},\"image\":{\"@id\":\"https:\\\/\\\/store.microbiotech.dz\\\/index.php\\\/produit\\\/compteur-de-cellules-cypress\\\/#primaryimage\"},\"thumbnailUrl\":\"https:\\\/\\\/store.microbiotech.dz\\\/wp-content\\\/uploads\\\/2024\\\/01\\\/9c.png\",\"datePublished\":\"2024-01-10T13:26:37+00:00\",\"dateModified\":\"2025-12-18T17:10:55+00:00\",\"description\":\"Compteur de cellules CYPRESS avec 5 ou 8 touches et une fen\u00eatre de totalisation. Durable et de haute qualit\u00e9 pour vous faciliter le comptage !\",\"breadcrumb\":{\"@id\":\"https:\\\/\\\/store.microbiotech.dz\\\/index.php\\\/produit\\\/compteur-de-cellules-cypress\\\/#breadcrumb\"},\"inLanguage\":\"fr-FR\",\"potentialAction\":[{\"@type\":\"ReadAction\",\"target\":[\"https:\\\/\\\/store.microbiotech.dz\\\/index.php\\\/produit\\\/compteur-de-cellules-cypress\\\/\"]}]},{\"@type\":\"ImageObject\",\"inLanguage\":\"fr-FR\",\"@id\":\"https:\\\/\\\/store.microbiotech.dz\\\/index.php\\\/produit\\\/compteur-de-cellules-cypress\\\/#primaryimage\",\"url\":\"https:\\\/\\\/store.microbiotech.dz\\\/wp-content\\\/uploads\\\/2024\\\/01\\\/9c.png\",\"contentUrl\":\"https:\\\/\\\/store.microbiotech.dz\\\/wp-content\\\/uploads\\\/2024\\\/01\\\/9c.png\",\"width\":600,\"height\":600,\"caption\":\"Compteur de cellules CYPRESS\"},{\"@type\":\"BreadcrumbList\",\"@id\":\"https:\\\/\\\/store.microbiotech.dz\\\/index.php\\\/produit\\\/compteur-de-cellules-cypress\\\/#breadcrumb\",\"itemListElement\":[{\"@type\":\"ListItem\",\"position\":1,\"name\":\"Accueil\",\"item\":\"https:\\\/\\\/store.microbiotech.dz\\\/\"},{\"@type\":\"ListItem\",\"position\":2,\"name\":\"Nos Produits\",\"item\":\"https:\\\/\\\/store.microbiotech.dz\\\/index.php\\\/nos-produits\\\/\"},{\"@type\":\"ListItem\",\"position\":3,\"name\":\"Compteur de cellules CYPRESS\"}]},{\"@type\":\"WebSite\",\"@id\":\"https:\\\/\\\/store.microbiotech.dz\\\/#website\",\"url\":\"https:\\\/\\\/store.microbiotech.dz\\\/\",\"name\":\"La Boutique en ligne\",\"description\":\"Qualit\u00e9 - Rapidit\u00e9 - Tranquillit\u00e9\",\"publisher\":{\"@id\":\"https:\\\/\\\/store.microbiotech.dz\\\/#organization\"},\"potentialAction\":[{\"@type\":\"SearchAction\",\"target\":{\"@type\":\"EntryPoint\",\"urlTemplate\":\"https:\\\/\\\/store.microbiotech.dz\\\/?s={search_term_string}\"},\"query-input\":{\"@type\":\"PropertyValueSpecification\",\"valueRequired\":true,\"valueName\":\"search_term_string\"}}],\"inLanguage\":\"fr-FR\"},{\"@type\":\"Organization\",\"@id\":\"https:\\\/\\\/store.microbiotech.dz\\\/#organization\",\"name\":\"Microbiotech EURL\",\"url\":\"https:\\\/\\\/store.microbiotech.dz\\\/\",\"logo\":{\"@type\":\"ImageObject\",\"inLanguage\":\"fr-FR\",\"@id\":\"https:\\\/\\\/store.microbiotech.dz\\\/#\\\/schema\\\/logo\\\/image\\\/\",\"url\":\"https:\\\/\\\/store.microbiotech.dz\\\/wp-content\\\/uploads\\\/2021\\\/09\\\/cropped-logo-microbiotech-2.jpg\",\"contentUrl\":\"https:\\\/\\\/store.microbiotech.dz\\\/wp-content\\\/uploads\\\/2021\\\/09\\\/cropped-logo-microbiotech-2.jpg\",\"width\":815,\"height\":586,\"caption\":\"Microbiotech EURL\"},\"image\":{\"@id\":\"https:\\\/\\\/store.microbiotech.dz\\\/#\\\/schema\\\/logo\\\/image\\\/\"},\"sameAs\":[\"https:\\\/\\\/www.facebook.com\\\/MicroBiotech.dz\",\"https:\\\/\\\/x.com\\\/MicrobiotechD\",\"https:\\\/\\\/www.linkedin.com\\\/in\\\/microbiotech\\\/\",\"https:\\\/\\\/www.youtube.com\\\/channel\\\/UCTxc3VIiX7LXD2LQYfZEcDg\"]}]}<\/script>\n<!-- \/ Yoast SEO plugin. -->","yoast_head_json":{"title":"Compteur de cellules CYPRESS - La Boutique en ligne","description":"Compteur de cellules CYPRESS avec 5 ou 8 touches et une fen\u00eatre de totalisation. Durable et de haute qualit\u00e9 pour vous faciliter le comptage !","robots":{"index":"index","follow":"follow","max-snippet":"max-snippet:-1","max-image-preview":"max-image-preview:large","max-video-preview":"max-video-preview:-1"},"canonical":"https:\/\/store.microbiotech.dz\/index.php\/produit\/compteur-de-cellules-cypress\/","og_locale":"fr_FR","og_type":"article","og_title":"Compteur de cellules CYPRESS - La Boutique en ligne","og_description":"Compteur de cellules CYPRESS avec 5 ou 8 touches et une fen\u00eatre de totalisation. Durable et de haute qualit\u00e9 pour vous faciliter le comptage !","og_url":"https:\/\/store.microbiotech.dz\/index.php\/produit\/compteur-de-cellules-cypress\/","og_site_name":"La Boutique en ligne","article_publisher":"https:\/\/www.facebook.com\/MicroBiotech.dz","article_modified_time":"2025-12-18T17:10:55+00:00","og_image":[{"width":600,"height":600,"url":"https:\/\/store.microbiotech.dz\/wp-content\/uploads\/2024\/01\/9c.png","type":"image\/png"}],"twitter_card":"summary_large_image","twitter_site":"@MicrobiotechD","schema":{"@context":"https:\/\/schema.org","@graph":[{"@type":"WebPage","@id":"https:\/\/store.microbiotech.dz\/index.php\/produit\/compteur-de-cellules-cypress\/","url":"https:\/\/store.microbiotech.dz\/index.php\/produit\/compteur-de-cellules-cypress\/","name":"Compteur de cellules CYPRESS - La Boutique en ligne","isPartOf":{"@id":"https:\/\/store.microbiotech.dz\/#website"},"primaryImageOfPage":{"@id":"https:\/\/store.microbiotech.dz\/index.php\/produit\/compteur-de-cellules-cypress\/#primaryimage"},"image":{"@id":"https:\/\/store.microbiotech.dz\/index.php\/produit\/compteur-de-cellules-cypress\/#primaryimage"},"thumbnailUrl":"https:\/\/store.microbiotech.dz\/wp-content\/uploads\/2024\/01\/9c.png","datePublished":"2024-01-10T13:26:37+00:00","dateModified":"2025-12-18T17:10:55+00:00","description":"Compteur de cellules CYPRESS avec 5 ou 8 touches et une fen\u00eatre de totalisation. Durable et de haute qualit\u00e9 pour vous faciliter le comptage !","breadcrumb":{"@id":"https:\/\/store.microbiotech.dz\/index.php\/produit\/compteur-de-cellules-cypress\/#breadcrumb"},"inLanguage":"fr-FR","potentialAction":[{"@type":"ReadAction","target":["https:\/\/store.microbiotech.dz\/index.php\/produit\/compteur-de-cellules-cypress\/"]}]},{"@type":"ImageObject","inLanguage":"fr-FR","@id":"https:\/\/store.microbiotech.dz\/index.php\/produit\/compteur-de-cellules-cypress\/#primaryimage","url":"https:\/\/store.microbiotech.dz\/wp-content\/uploads\/2024\/01\/9c.png","contentUrl":"https:\/\/store.microbiotech.dz\/wp-content\/uploads\/2024\/01\/9c.png","width":600,"height":600,"caption":"Compteur de cellules CYPRESS"},{"@type":"BreadcrumbList","@id":"https:\/\/store.microbiotech.dz\/index.php\/produit\/compteur-de-cellules-cypress\/#breadcrumb","itemListElement":[{"@type":"ListItem","position":1,"name":"Accueil","item":"https:\/\/store.microbiotech.dz\/"},{"@type":"ListItem","position":2,"name":"Nos Produits","item":"https:\/\/store.microbiotech.dz\/index.php\/nos-produits\/"},{"@type":"ListItem","position":3,"name":"Compteur de cellules CYPRESS"}]},{"@type":"WebSite","@id":"https:\/\/store.microbiotech.dz\/#website","url":"https:\/\/store.microbiotech.dz\/","name":"La Boutique en ligne","description":"Qualit\u00e9 - Rapidit\u00e9 - Tranquillit\u00e9","publisher":{"@id":"https:\/\/store.microbiotech.dz\/#organization"},"potentialAction":[{"@type":"SearchAction","target":{"@type":"EntryPoint","urlTemplate":"https:\/\/store.microbiotech.dz\/?s={search_term_string}"},"query-input":{"@type":"PropertyValueSpecification","valueRequired":true,"valueName":"search_term_string"}}],"inLanguage":"fr-FR"},{"@type":"Organization","@id":"https:\/\/store.microbiotech.dz\/#organization","name":"Microbiotech EURL","url":"https:\/\/store.microbiotech.dz\/","logo":{"@type":"ImageObject","inLanguage":"fr-FR","@id":"https:\/\/store.microbiotech.dz\/#\/schema\/logo\/image\/","url":"https:\/\/store.microbiotech.dz\/wp-content\/uploads\/2021\/09\/cropped-logo-microbiotech-2.jpg","contentUrl":"https:\/\/store.microbiotech.dz\/wp-content\/uploads\/2021\/09\/cropped-logo-microbiotech-2.jpg","width":815,"height":586,"caption":"Microbiotech EURL"},"image":{"@id":"https:\/\/store.microbiotech.dz\/#\/schema\/logo\/image\/"},"sameAs":["https:\/\/www.facebook.com\/MicroBiotech.dz","https:\/\/x.com\/MicrobiotechD","https:\/\/www.linkedin.com\/in\/microbiotech\/","https:\/\/www.youtube.com\/channel\/UCTxc3VIiX7LXD2LQYfZEcDg"]}]}},"jetpack_sharing_enabled":true,"_links":{"self":[{"href":"https:\/\/store.microbiotech.dz\/index.php\/wp-json\/wp\/v2\/product\/7318","targetHints":{"allow":["GET"]}}],"collection":[{"href":"https:\/\/store.microbiotech.dz\/index.php\/wp-json\/wp\/v2\/product"}],"about":[{"href":"https:\/\/store.microbiotech.dz\/index.php\/wp-json\/wp\/v2\/types\/product"}],"replies":[{"embeddable":true,"href":"https:\/\/store.microbiotech.dz\/index.php\/wp-json\/wp\/v2\/comments?post=7318"}],"wp:featuredmedia":[{"embeddable":true,"href":"https:\/\/store.microbiotech.dz\/index.php\/wp-json\/wp\/v2\/media\/7329"}],"wp:attachment":[{"href":"https:\/\/store.microbiotech.dz\/index.php\/wp-json\/wp\/v2\/media?parent=7318"}],"wp:term":[{"taxonomy":"product_brand","embeddable":true,"href":"https:\/\/store.microbiotech.dz\/index.php\/wp-json\/wp\/v2\/product_brand?post=7318"},{"taxonomy":"product_cat","embeddable":true,"href":"https:\/\/store.microbiotech.dz\/index.php\/wp-json\/wp\/v2\/product_cat?post=7318"},{"taxonomy":"product_tag","embeddable":true,"href":"https:\/\/store.microbiotech.dz\/index.php\/wp-json\/wp\/v2\/product_tag?post=7318"}],"curies":[{"name":"wp","href":"https:\/\/api.w.org\/{rel}","templated":true}]}}