{"id":686,"date":"2021-11-25T11:01:29","date_gmt":"2021-11-25T10:01:29","guid":{"rendered":"https:\/\/store.microbiotech.dz\/?post_type=product&#038;p=686"},"modified":"2023-04-17T12:31:57","modified_gmt":"2023-04-17T11:31:57","slug":"gelose-salmonella-shigella-ss-en-boite-de-petri-de-90-mm","status":"publish","type":"product","link":"https:\/\/store.microbiotech.dz\/index.php\/produit\/gelose-salmonella-shigella-ss-en-boite-de-petri-de-90-mm\/","title":{"rendered":"G\u00e9lose Salmonella-Shigella (SS) en Boite de P\u00e9tri de 90 mm ( 5 unit\u00e9s)"},"content":{"rendered":"<p>La G\u00e9lose Salmonella-Shigella (SS) en Boite de P\u00e9tri de 90 mm ( 5 unit\u00e9s) est un milieu d\u2019isolement s\u00e9lectif, inhibant les bact\u00e9ries \u00e0 Gram positif et utilis\u00e9 pour la recherche des <em>salmonella<\/em> dans les selles.<\/p>\n<p><strong>Nos boites de p\u00e9tri pr\u00e9-coul\u00e9es sont:<\/strong><\/p>\n<div class=\"textBulletPoint\">\n<div class=\"textBulletPoint\">\n<p>1- Emball\u00e9s dans des conditions de salle blanche avec irradiation UV pour \u00e9liminer tous les risques de contaminations.<\/p>\n<p>2- Fabriqu\u00e9s avec des formulations conformes aux sp\u00e9cifications des diff\u00e9rentes pharmacop\u00e9es et aux r\u00e9glementations ISO<\/p>\n<p>3- Emballage sp\u00e9cial pour une utilisation optimale<\/p>\n<p>4- Certifi\u00e9es car contr\u00f4l\u00e9es dans un laboratoire d\u2019auto-contr\u00f4le agr\u00e9\u00e9.<\/p>\n<\/div>\n<\/div>\n<div class=\"textBodyText\"><strong>Emballage:<\/strong><\/div>\n<div class=\"textBodyText\">L\u2019emballage en pack de 5 boites couvertes par un film plastique pr\u00e9sente plusieurs avantages dont :<br \/>\n\u2013 grande protection de la qualit\u00e9 du produit pendant le transport et le stockage<\/div>\n<div class=\"textBodyText\">\u2013 \u00e9vite les contaminations et l\u2019\u00e9vaporation de la g\u00e9lose;<br \/>\n\u2013 temp\u00e9rature de stockage de 2 \u00e0 14\u00ba C et recyclage plus facile car fabriqu\u00e9 en PET.<\/div>\n<div>\n<div class=\"ast-oembed-container \" style=\"height: 100%;\"><iframe loading=\"lazy\" title=\"Milieux Pr\u00e9-coul\u00e9s sur boites de P\u00e9tri disponible chez Microbiotech.dz\" width=\"500\" height=\"375\" src=\"https:\/\/www.youtube.com\/embed\/8WsDiXqZVKo?feature=oembed\" frameborder=\"0\" allow=\"accelerometer; autoplay; clipboard-write; encrypted-media; gyroscope; picture-in-picture; web-share\" referrerpolicy=\"strict-origin-when-cross-origin\" allowfullscreen><\/iframe><\/div>\n<\/div>\n<p>&nbsp;<\/p>\n","protected":false},"excerpt":{"rendered":"<p>Soit\u00a0<strong>77.00 DZD\/boite.<\/strong><\/p>\n<p><strong>Emballage:<\/strong>\u00a0un\u00a0Coffret\u00a0contient 20 boites de P\u00e9tri de 90 mm dispos\u00e9es en 4 paquets de 5 unit\u00e9s.<\/p>\n<p>Les g\u00e9loses pr\u00eates \u00e0 l&#8217;emploi (pr\u00e9-coul\u00e9es dans des boites de p\u00e9tri) ont l&rsquo;avantage d&rsquo;\u00eatre utilis\u00e9s imm\u00e9diatement sans pr\u00e9paration. La quantit\u00e9 de travail et de temps requis est r\u00e9duite et les co\u00fbts peuvent ainsi \u00eatre minimis\u00e9s. Leur manipulation est ais\u00e9e, car aucune autre pr\u00e9paration n&rsquo;est n\u00e9cessaire. Le taux d&rsquo;erreurs est donc faible et une reproductibilit\u00e9 \u00e9lev\u00e9e est garantie.<\/p>\n<p>Chez Microbiotech.dz , nous vous proposons des milieux de culture pr\u00eats \u00e0 l&#8217;emploi de haute qualit\u00e9 issus de fabricants rigoureux et fiables.<\/p>\n<p>Avez-vous des questions sur ce produit? S&rsquo;il vous pla\u00eet, n&rsquo;h\u00e9sitez pas \u00e0 nous contacter. Nous vous aiderons \u00e0 trouver le bon produit pour votre besoin.<\/p>\n","protected":false},"featured_media":603,"comment_status":"open","ping_status":"closed","template":"","meta":{"site-sidebar-layout":"default","site-content-layout":"default","ast-site-content-layout":"default","site-content-style":"default","site-sidebar-style":"default","ast-global-header-display":"","ast-banner-title-visibility":"","ast-main-header-display":"","ast-hfb-above-header-display":"","ast-hfb-below-header-display":"","ast-hfb-mobile-header-display":"","site-post-title":"","ast-breadcrumbs-content":"","ast-featured-img":"","footer-sml-layout":"","ast-disable-related-posts":"","theme-transparent-header-meta":"default","adv-header-id-meta":"","stick-header-meta":"","header-above-stick-meta":"","header-main-stick-meta":"","header-below-stick-meta":"","astra-migrate-meta-layouts":"default","ast-page-background-enabled":"default","ast-page-background-meta":{"desktop":{"background-color":"var(--ast-global-color-4)","background-image":"","background-repeat":"repeat","background-position":"center center","background-size":"auto","background-attachment":"scroll","background-type":"","background-media":"","overlay-type":"","overlay-color":"","overlay-opacity":"","overlay-gradient":""},"tablet":{"background-color":"","background-image":"","background-repeat":"repeat","background-position":"center center","background-size":"auto","background-attachment":"scroll","background-type":"","background-media":"","overlay-type":"","overlay-color":"","overlay-opacity":"","overlay-gradient":""},"mobile":{"background-color":"","background-image":"","background-repeat":"repeat","background-position":"center center","background-size":"auto","background-attachment":"scroll","background-type":"","background-media":"","overlay-type":"","overlay-color":"","overlay-opacity":"","overlay-gradient":""}},"ast-content-background-meta":{"desktop":{"background-color":"var(--ast-global-color-5)","background-image":"","background-repeat":"repeat","background-position":"center center","background-size":"auto","background-attachment":"scroll","background-type":"","background-media":"","overlay-type":"","overlay-color":"","overlay-opacity":"","overlay-gradient":""},"tablet":{"background-color":"var(--ast-global-color-5)","background-image":"","background-repeat":"repeat","background-position":"center center","background-size":"auto","background-attachment":"scroll","background-type":"","background-media":"","overlay-type":"","overlay-color":"","overlay-opacity":"","overlay-gradient":""},"mobile":{"background-color":"var(--ast-global-color-5)","background-image":"","background-repeat":"repeat","background-position":"center center","background-size":"auto","background-attachment":"scroll","background-type":"","background-media":"","overlay-type":"","overlay-color":"","overlay-opacity":"","overlay-gradient":""}},"jetpack_post_was_ever_published":false},"product_brand":[],"product_cat":[28,80,26],"product_tag":[162,941,209,210,175,211,212],"class_list":{"0":"post-686","1":"product","2":"type-product","3":"status-publish","4":"has-post-thumbnail","6":"product_cat-geloses","7":"product_cat-gelose-hydrates","8":"product_cat-milieux-de-cultures","9":"product_tag-boite-de-petri","10":"product_tag-f76","11":"product_tag-gelose-s-s","12":"product_tag-gelose-salmonella-shigella","13":"product_tag-milieux-pre-coules","14":"product_tag-salmonella-shigella","15":"product_tag-ss","16":"product_shipping_class-4c","17":"desktop-align-center","18":"tablet-align-left","19":"mobile-align-left","21":"first","22":"outofstock","23":"taxable","24":"shipping-taxable","25":"purchasable","26":"product-type-simple"},"yoast_head":"<!-- This site is optimized with the Yoast SEO plugin v27.4 - https:\/\/yoast.com\/product\/yoast-seo-wordpress\/ -->\n<title>G\u00e9lose Salmonella-Shigella (SS) en Boite de P\u00e9tri de 90 mm ( 5 unit\u00e9s)<\/title>\n<meta name=\"description\" content=\"G\u00e9lose Salmonella-Shigella (SS) en Boite de P\u00e9tri de 90 mm ( 5 unit\u00e9s) utilis\u00e9 pour la recherche des salmonelles dans les selles\" \/>\n<meta name=\"robots\" content=\"index, follow, max-snippet:-1, max-image-preview:large, max-video-preview:-1\" \/>\n<link rel=\"canonical\" href=\"https:\/\/store.microbiotech.dz\/index.php\/produit\/gelose-salmonella-shigella-ss-en-boite-de-petri-de-90-mm\/\" \/>\n<meta property=\"og:locale\" content=\"fr_FR\" \/>\n<meta property=\"og:type\" content=\"article\" \/>\n<meta property=\"og:title\" content=\"G\u00e9lose Salmonella-Shigella (SS) en Boite de P\u00e9tri de 90 mm ( 5 unit\u00e9s)\" \/>\n<meta property=\"og:description\" content=\"G\u00e9lose Salmonella-Shigella (SS) en Boite de P\u00e9tri de 90 mm ( 5 unit\u00e9s) utilis\u00e9 pour la recherche des salmonelles dans les selles\" \/>\n<meta property=\"og:url\" content=\"https:\/\/store.microbiotech.dz\/index.php\/produit\/gelose-salmonella-shigella-ss-en-boite-de-petri-de-90-mm\/\" \/>\n<meta property=\"og:site_name\" content=\"La Boutique en ligne\" \/>\n<meta property=\"article:publisher\" content=\"https:\/\/www.facebook.com\/MicroBiotech.dz\" \/>\n<meta property=\"article:modified_time\" content=\"2023-04-17T11:31:57+00:00\" \/>\n<meta property=\"og:image\" content=\"https:\/\/store.microbiotech.dz\/wp-content\/uploads\/2021\/11\/B111682-scaled.jpg\" \/>\n\t<meta property=\"og:image:width\" content=\"2560\" \/>\n\t<meta property=\"og:image:height\" content=\"1920\" \/>\n\t<meta property=\"og:image:type\" content=\"image\/jpeg\" \/>\n<meta name=\"twitter:card\" content=\"summary_large_image\" \/>\n<meta name=\"twitter:site\" content=\"@MicrobiotechD\" \/>\n<meta name=\"twitter:label1\" content=\"Dur\u00e9e de lecture estim\u00e9e\" \/>\n\t<meta name=\"twitter:data1\" content=\"1 minute\" \/>\n<script type=\"application\/ld+json\" class=\"yoast-schema-graph\">{\"@context\":\"https:\\\/\\\/schema.org\",\"@graph\":[{\"@type\":\"WebPage\",\"@id\":\"https:\\\/\\\/store.microbiotech.dz\\\/index.php\\\/produit\\\/gelose-salmonella-shigella-ss-en-boite-de-petri-de-90-mm\\\/\",\"url\":\"https:\\\/\\\/store.microbiotech.dz\\\/index.php\\\/produit\\\/gelose-salmonella-shigella-ss-en-boite-de-petri-de-90-mm\\\/\",\"name\":\"G\u00e9lose Salmonella-Shigella (SS) en Boite de P\u00e9tri de 90 mm ( 5 unit\u00e9s)\",\"isPartOf\":{\"@id\":\"https:\\\/\\\/store.microbiotech.dz\\\/#website\"},\"primaryImageOfPage\":{\"@id\":\"https:\\\/\\\/store.microbiotech.dz\\\/index.php\\\/produit\\\/gelose-salmonella-shigella-ss-en-boite-de-petri-de-90-mm\\\/#primaryimage\"},\"image\":{\"@id\":\"https:\\\/\\\/store.microbiotech.dz\\\/index.php\\\/produit\\\/gelose-salmonella-shigella-ss-en-boite-de-petri-de-90-mm\\\/#primaryimage\"},\"thumbnailUrl\":\"https:\\\/\\\/store.microbiotech.dz\\\/wp-content\\\/uploads\\\/2021\\\/11\\\/B111682-scaled.jpg\",\"datePublished\":\"2021-11-25T10:01:29+00:00\",\"dateModified\":\"2023-04-17T11:31:57+00:00\",\"description\":\"G\u00e9lose Salmonella-Shigella (SS) en Boite de P\u00e9tri de 90 mm ( 5 unit\u00e9s) utilis\u00e9 pour la recherche des salmonelles dans les selles\",\"breadcrumb\":{\"@id\":\"https:\\\/\\\/store.microbiotech.dz\\\/index.php\\\/produit\\\/gelose-salmonella-shigella-ss-en-boite-de-petri-de-90-mm\\\/#breadcrumb\"},\"inLanguage\":\"fr-FR\",\"potentialAction\":[{\"@type\":\"ReadAction\",\"target\":[\"https:\\\/\\\/store.microbiotech.dz\\\/index.php\\\/produit\\\/gelose-salmonella-shigella-ss-en-boite-de-petri-de-90-mm\\\/\"]}]},{\"@type\":\"ImageObject\",\"inLanguage\":\"fr-FR\",\"@id\":\"https:\\\/\\\/store.microbiotech.dz\\\/index.php\\\/produit\\\/gelose-salmonella-shigella-ss-en-boite-de-petri-de-90-mm\\\/#primaryimage\",\"url\":\"https:\\\/\\\/store.microbiotech.dz\\\/wp-content\\\/uploads\\\/2021\\\/11\\\/B111682-scaled.jpg\",\"contentUrl\":\"https:\\\/\\\/store.microbiotech.dz\\\/wp-content\\\/uploads\\\/2021\\\/11\\\/B111682-scaled.jpg\",\"width\":2560,\"height\":1920,\"caption\":\"OLYMPUS DIGITAL CAMERA\"},{\"@type\":\"BreadcrumbList\",\"@id\":\"https:\\\/\\\/store.microbiotech.dz\\\/index.php\\\/produit\\\/gelose-salmonella-shigella-ss-en-boite-de-petri-de-90-mm\\\/#breadcrumb\",\"itemListElement\":[{\"@type\":\"ListItem\",\"position\":1,\"name\":\"Accueil\",\"item\":\"https:\\\/\\\/store.microbiotech.dz\\\/\"},{\"@type\":\"ListItem\",\"position\":2,\"name\":\"Nos Produits\",\"item\":\"https:\\\/\\\/store.microbiotech.dz\\\/index.php\\\/nos-produits\\\/\"},{\"@type\":\"ListItem\",\"position\":3,\"name\":\"G\u00e9lose Salmonella-Shigella (SS) en Boite de P\u00e9tri de 90 mm ( 5 unit\u00e9s)\"}]},{\"@type\":\"WebSite\",\"@id\":\"https:\\\/\\\/store.microbiotech.dz\\\/#website\",\"url\":\"https:\\\/\\\/store.microbiotech.dz\\\/\",\"name\":\"La Boutique en ligne\",\"description\":\"Qualit\u00e9 - Rapidit\u00e9 - Tranquillit\u00e9\",\"publisher\":{\"@id\":\"https:\\\/\\\/store.microbiotech.dz\\\/#organization\"},\"potentialAction\":[{\"@type\":\"SearchAction\",\"target\":{\"@type\":\"EntryPoint\",\"urlTemplate\":\"https:\\\/\\\/store.microbiotech.dz\\\/?s={search_term_string}\"},\"query-input\":{\"@type\":\"PropertyValueSpecification\",\"valueRequired\":true,\"valueName\":\"search_term_string\"}}],\"inLanguage\":\"fr-FR\"},{\"@type\":\"Organization\",\"@id\":\"https:\\\/\\\/store.microbiotech.dz\\\/#organization\",\"name\":\"Microbiotech EURL\",\"url\":\"https:\\\/\\\/store.microbiotech.dz\\\/\",\"logo\":{\"@type\":\"ImageObject\",\"inLanguage\":\"fr-FR\",\"@id\":\"https:\\\/\\\/store.microbiotech.dz\\\/#\\\/schema\\\/logo\\\/image\\\/\",\"url\":\"https:\\\/\\\/store.microbiotech.dz\\\/wp-content\\\/uploads\\\/2021\\\/09\\\/cropped-logo-microbiotech-2.jpg\",\"contentUrl\":\"https:\\\/\\\/store.microbiotech.dz\\\/wp-content\\\/uploads\\\/2021\\\/09\\\/cropped-logo-microbiotech-2.jpg\",\"width\":815,\"height\":586,\"caption\":\"Microbiotech EURL\"},\"image\":{\"@id\":\"https:\\\/\\\/store.microbiotech.dz\\\/#\\\/schema\\\/logo\\\/image\\\/\"},\"sameAs\":[\"https:\\\/\\\/www.facebook.com\\\/MicroBiotech.dz\",\"https:\\\/\\\/x.com\\\/MicrobiotechD\",\"https:\\\/\\\/www.linkedin.com\\\/in\\\/microbiotech\\\/\",\"https:\\\/\\\/www.youtube.com\\\/channel\\\/UCTxc3VIiX7LXD2LQYfZEcDg\"]}]}<\/script>\n<!-- \/ Yoast SEO plugin. -->","yoast_head_json":{"title":"G\u00e9lose Salmonella-Shigella (SS) en Boite de P\u00e9tri de 90 mm ( 5 unit\u00e9s)","description":"G\u00e9lose Salmonella-Shigella (SS) en Boite de P\u00e9tri de 90 mm ( 5 unit\u00e9s) utilis\u00e9 pour la recherche des salmonelles dans les selles","robots":{"index":"index","follow":"follow","max-snippet":"max-snippet:-1","max-image-preview":"max-image-preview:large","max-video-preview":"max-video-preview:-1"},"canonical":"https:\/\/store.microbiotech.dz\/index.php\/produit\/gelose-salmonella-shigella-ss-en-boite-de-petri-de-90-mm\/","og_locale":"fr_FR","og_type":"article","og_title":"G\u00e9lose Salmonella-Shigella (SS) en Boite de P\u00e9tri de 90 mm ( 5 unit\u00e9s)","og_description":"G\u00e9lose Salmonella-Shigella (SS) en Boite de P\u00e9tri de 90 mm ( 5 unit\u00e9s) utilis\u00e9 pour la recherche des salmonelles dans les selles","og_url":"https:\/\/store.microbiotech.dz\/index.php\/produit\/gelose-salmonella-shigella-ss-en-boite-de-petri-de-90-mm\/","og_site_name":"La Boutique en ligne","article_publisher":"https:\/\/www.facebook.com\/MicroBiotech.dz","article_modified_time":"2023-04-17T11:31:57+00:00","og_image":[{"width":2560,"height":1920,"url":"https:\/\/store.microbiotech.dz\/wp-content\/uploads\/2021\/11\/B111682-scaled.jpg","type":"image\/jpeg"}],"twitter_card":"summary_large_image","twitter_site":"@MicrobiotechD","twitter_misc":{"Dur\u00e9e de lecture estim\u00e9e":"1 minute"},"schema":{"@context":"https:\/\/schema.org","@graph":[{"@type":"WebPage","@id":"https:\/\/store.microbiotech.dz\/index.php\/produit\/gelose-salmonella-shigella-ss-en-boite-de-petri-de-90-mm\/","url":"https:\/\/store.microbiotech.dz\/index.php\/produit\/gelose-salmonella-shigella-ss-en-boite-de-petri-de-90-mm\/","name":"G\u00e9lose Salmonella-Shigella (SS) en Boite de P\u00e9tri de 90 mm ( 5 unit\u00e9s)","isPartOf":{"@id":"https:\/\/store.microbiotech.dz\/#website"},"primaryImageOfPage":{"@id":"https:\/\/store.microbiotech.dz\/index.php\/produit\/gelose-salmonella-shigella-ss-en-boite-de-petri-de-90-mm\/#primaryimage"},"image":{"@id":"https:\/\/store.microbiotech.dz\/index.php\/produit\/gelose-salmonella-shigella-ss-en-boite-de-petri-de-90-mm\/#primaryimage"},"thumbnailUrl":"https:\/\/store.microbiotech.dz\/wp-content\/uploads\/2021\/11\/B111682-scaled.jpg","datePublished":"2021-11-25T10:01:29+00:00","dateModified":"2023-04-17T11:31:57+00:00","description":"G\u00e9lose Salmonella-Shigella (SS) en Boite de P\u00e9tri de 90 mm ( 5 unit\u00e9s) utilis\u00e9 pour la recherche des salmonelles dans les selles","breadcrumb":{"@id":"https:\/\/store.microbiotech.dz\/index.php\/produit\/gelose-salmonella-shigella-ss-en-boite-de-petri-de-90-mm\/#breadcrumb"},"inLanguage":"fr-FR","potentialAction":[{"@type":"ReadAction","target":["https:\/\/store.microbiotech.dz\/index.php\/produit\/gelose-salmonella-shigella-ss-en-boite-de-petri-de-90-mm\/"]}]},{"@type":"ImageObject","inLanguage":"fr-FR","@id":"https:\/\/store.microbiotech.dz\/index.php\/produit\/gelose-salmonella-shigella-ss-en-boite-de-petri-de-90-mm\/#primaryimage","url":"https:\/\/store.microbiotech.dz\/wp-content\/uploads\/2021\/11\/B111682-scaled.jpg","contentUrl":"https:\/\/store.microbiotech.dz\/wp-content\/uploads\/2021\/11\/B111682-scaled.jpg","width":2560,"height":1920,"caption":"OLYMPUS DIGITAL CAMERA"},{"@type":"BreadcrumbList","@id":"https:\/\/store.microbiotech.dz\/index.php\/produit\/gelose-salmonella-shigella-ss-en-boite-de-petri-de-90-mm\/#breadcrumb","itemListElement":[{"@type":"ListItem","position":1,"name":"Accueil","item":"https:\/\/store.microbiotech.dz\/"},{"@type":"ListItem","position":2,"name":"Nos Produits","item":"https:\/\/store.microbiotech.dz\/index.php\/nos-produits\/"},{"@type":"ListItem","position":3,"name":"G\u00e9lose Salmonella-Shigella (SS) en Boite de P\u00e9tri de 90 mm ( 5 unit\u00e9s)"}]},{"@type":"WebSite","@id":"https:\/\/store.microbiotech.dz\/#website","url":"https:\/\/store.microbiotech.dz\/","name":"La Boutique en ligne","description":"Qualit\u00e9 - Rapidit\u00e9 - Tranquillit\u00e9","publisher":{"@id":"https:\/\/store.microbiotech.dz\/#organization"},"potentialAction":[{"@type":"SearchAction","target":{"@type":"EntryPoint","urlTemplate":"https:\/\/store.microbiotech.dz\/?s={search_term_string}"},"query-input":{"@type":"PropertyValueSpecification","valueRequired":true,"valueName":"search_term_string"}}],"inLanguage":"fr-FR"},{"@type":"Organization","@id":"https:\/\/store.microbiotech.dz\/#organization","name":"Microbiotech EURL","url":"https:\/\/store.microbiotech.dz\/","logo":{"@type":"ImageObject","inLanguage":"fr-FR","@id":"https:\/\/store.microbiotech.dz\/#\/schema\/logo\/image\/","url":"https:\/\/store.microbiotech.dz\/wp-content\/uploads\/2021\/09\/cropped-logo-microbiotech-2.jpg","contentUrl":"https:\/\/store.microbiotech.dz\/wp-content\/uploads\/2021\/09\/cropped-logo-microbiotech-2.jpg","width":815,"height":586,"caption":"Microbiotech EURL"},"image":{"@id":"https:\/\/store.microbiotech.dz\/#\/schema\/logo\/image\/"},"sameAs":["https:\/\/www.facebook.com\/MicroBiotech.dz","https:\/\/x.com\/MicrobiotechD","https:\/\/www.linkedin.com\/in\/microbiotech\/","https:\/\/www.youtube.com\/channel\/UCTxc3VIiX7LXD2LQYfZEcDg"]}]}},"jetpack_sharing_enabled":true,"_links":{"self":[{"href":"https:\/\/store.microbiotech.dz\/index.php\/wp-json\/wp\/v2\/product\/686","targetHints":{"allow":["GET"]}}],"collection":[{"href":"https:\/\/store.microbiotech.dz\/index.php\/wp-json\/wp\/v2\/product"}],"about":[{"href":"https:\/\/store.microbiotech.dz\/index.php\/wp-json\/wp\/v2\/types\/product"}],"replies":[{"embeddable":true,"href":"https:\/\/store.microbiotech.dz\/index.php\/wp-json\/wp\/v2\/comments?post=686"}],"wp:featuredmedia":[{"embeddable":true,"href":"https:\/\/store.microbiotech.dz\/index.php\/wp-json\/wp\/v2\/media\/603"}],"wp:attachment":[{"href":"https:\/\/store.microbiotech.dz\/index.php\/wp-json\/wp\/v2\/media?parent=686"}],"wp:term":[{"taxonomy":"product_brand","embeddable":true,"href":"https:\/\/store.microbiotech.dz\/index.php\/wp-json\/wp\/v2\/product_brand?post=686"},{"taxonomy":"product_cat","embeddable":true,"href":"https:\/\/store.microbiotech.dz\/index.php\/wp-json\/wp\/v2\/product_cat?post=686"},{"taxonomy":"product_tag","embeddable":true,"href":"https:\/\/store.microbiotech.dz\/index.php\/wp-json\/wp\/v2\/product_tag?post=686"}],"curies":[{"name":"wp","href":"https:\/\/api.w.org\/{rel}","templated":true}]}}