{"id":667,"date":"2021-11-19T17:22:41","date_gmt":"2021-11-19T16:22:41","guid":{"rendered":"https:\/\/store.microbiotech.dz\/?post_type=product&#038;p=667"},"modified":"2025-12-01T14:45:55","modified_gmt":"2025-12-01T13:45:55","slug":"bouillon-tse-tryptone-sel-eau-500-g","status":"publish","type":"product","link":"https:\/\/store.microbiotech.dz\/index.php\/produit\/bouillon-tse-tryptone-sel-eau-500-g\/","title":{"rendered":"Bouillon TSE (Tryptone Sel Eau) 500 g MERCK"},"content":{"rendered":"<p>Le <a href=\"https:\/\/store.microbiotech.dz\/index.php\/categorie-produit\/milieux-de-cultures\/\" target=\"_blank\" rel=\"noopener\">Bouillon<\/a> TSE (Tryptone Sel Eau) 500 g <a href=\"https:\/\/www.merckmillipore.com\/INTL\/en\" target=\"_blank\" rel=\"noopener\">MERCK<\/a> (diluant de recouvrement maximal) est conforme aux recommandations ISO 6887 et la loi alimentaire allemande. Ce diluant est utilisable comme alternative \u00e0 la solution de RINGER pour le lait et les produits laitiers liquides, lait en poudre, fromage, beurre, viande et produits \u00e0 base de viande, glaces et aliments r\u00e9frig\u00e9r\u00e9s \u00e0 base de lait.<br \/>\nLe diluant de recouvrement maximal est isotonique pour assurer la r\u00e9cup\u00e9ration d&rsquo;organismes de sources\u00a0<span style=\"font-size: 16px;font-style: normal;font-weight: 400\">diverses.<\/span><\/p>\n","protected":false},"excerpt":{"rendered":"<p>Selon ISO 6887 et the German \u00a7 35 Lebensmittelgesetz (German food law)<\/p>\n<p>Marque:\u00a0<strong>MERCK <img loading=\"lazy\" decoding=\"async\" class=\"alignnone wp-image-1649\" src=\"https:\/\/store.microbiotech.dz\/wp-content\/uploads\/2022\/04\/51968274-le-drapeau-allemand-icone-matte-ronde-isole-sur-fond-blanc--300x300.webp\" alt=\"\" width=\"61\" height=\"61\" srcset=\"https:\/\/store.microbiotech.dz\/wp-content\/uploads\/2022\/04\/51968274-le-drapeau-allemand-icone-matte-ronde-isole-sur-fond-blanc--300x300.webp 300w, https:\/\/store.microbiotech.dz\/wp-content\/uploads\/2022\/04\/51968274-le-drapeau-allemand-icone-matte-ronde-isole-sur-fond-blanc--150x150.webp 150w, https:\/\/store.microbiotech.dz\/wp-content\/uploads\/2022\/04\/51968274-le-drapeau-allemand-icone-matte-ronde-isole-sur-fond-blanc--100x100.webp 100w, https:\/\/store.microbiotech.dz\/wp-content\/uploads\/2022\/04\/51968274-le-drapeau-allemand-icone-matte-ronde-isole-sur-fond-blanc-.webp 450w\" sizes=\"auto, (max-width: 61px) 100vw, 61px\" \/><\/strong><\/p>\n<p>Date de p\u00e9remption: <strong>30-11-2028<\/strong><\/p>\n<p><a href=\"https:\/\/www.merckmillipore.com\/INTL\/en\/product\/Peptone-salt-solution-Maximum-recovery-diluent,MDA_CHEM-112535#anchor_COA\" target=\"_blank\" rel=\"noopener\">Certificat d\u2019analyses<\/a><\/p>\n<p><a href=\"https:\/\/www.merckmillipore.com\/INTL\/en\/product\/Peptone-salt-solution-Maximum-recovery-diluent,MDA_CHEM-112535\" target=\"_blank\" rel=\"noopener\">Cliquer ICI pour plus d\u2019informations<\/a><\/p>\n","protected":false},"featured_media":654,"comment_status":"open","ping_status":"closed","template":"","meta":{"site-sidebar-layout":"default","site-content-layout":"default","ast-site-content-layout":"default","site-content-style":"default","site-sidebar-style":"default","ast-global-header-display":"","ast-banner-title-visibility":"","ast-main-header-display":"","ast-hfb-above-header-display":"","ast-hfb-below-header-display":"","ast-hfb-mobile-header-display":"","site-post-title":"","ast-breadcrumbs-content":"","ast-featured-img":"","footer-sml-layout":"","ast-disable-related-posts":"","theme-transparent-header-meta":"default","adv-header-id-meta":"","stick-header-meta":"","header-above-stick-meta":"","header-main-stick-meta":"","header-below-stick-meta":"","astra-migrate-meta-layouts":"set","ast-page-background-enabled":"default","ast-page-background-meta":{"desktop":{"background-color":"var(--ast-global-color-4)","background-image":"","background-repeat":"repeat","background-position":"center center","background-size":"auto","background-attachment":"scroll","background-type":"","background-media":"","overlay-type":"","overlay-color":"","overlay-opacity":"","overlay-gradient":""},"tablet":{"background-color":"","background-image":"","background-repeat":"repeat","background-position":"center center","background-size":"auto","background-attachment":"scroll","background-type":"","background-media":"","overlay-type":"","overlay-color":"","overlay-opacity":"","overlay-gradient":""},"mobile":{"background-color":"","background-image":"","background-repeat":"repeat","background-position":"center center","background-size":"auto","background-attachment":"scroll","background-type":"","background-media":"","overlay-type":"","overlay-color":"","overlay-opacity":"","overlay-gradient":""}},"ast-content-background-meta":{"desktop":{"background-color":"var(--ast-global-color-5)","background-image":"","background-repeat":"repeat","background-position":"center center","background-size":"auto","background-attachment":"scroll","background-type":"","background-media":"","overlay-type":"","overlay-color":"","overlay-opacity":"","overlay-gradient":""},"tablet":{"background-color":"var(--ast-global-color-5)","background-image":"","background-repeat":"repeat","background-position":"center center","background-size":"auto","background-attachment":"scroll","background-type":"","background-media":"","overlay-type":"","overlay-color":"","overlay-opacity":"","overlay-gradient":""},"mobile":{"background-color":"var(--ast-global-color-5)","background-image":"","background-repeat":"repeat","background-position":"center center","background-size":"auto","background-attachment":"scroll","background-type":"","background-media":"","overlay-type":"","overlay-color":"","overlay-opacity":"","overlay-gradient":""}},"jetpack_post_was_ever_published":false},"product_brand":[],"product_cat":[29,81,26],"product_tag":[192,536,655,191,125,179,696,1843,177,155],"class_list":{"0":"post-667","1":"product","2":"type-product","3":"status-publish","4":"has-post-thumbnail","6":"product_cat-bouillons","7":"product_cat-bouillons-deshydrates","8":"product_cat-milieux-de-cultures","9":"product_tag-bouillon-tse","10":"product_tag-f17","11":"product_tag-f19","12":"product_tag-maximum-recovery-diluent","13":"product_tag-merck","14":"product_tag-milieu-deshydrate","15":"product_tag-milieux-deshydrates","16":"product_tag-peptone-salt-solution","17":"product_tag-poudre","18":"product_tag-tse","19":"product_shipping_class-temperature-ambiante","20":"desktop-align-center","21":"tablet-align-left","22":"mobile-align-left","24":"first","25":"outofstock","26":"taxable","27":"shipping-taxable","28":"purchasable","29":"product-type-simple"},"yoast_head":"<!-- This site is optimized with the Yoast SEO plugin v27.4 - https:\/\/yoast.com\/product\/yoast-seo-wordpress\/ -->\n<title>Bouillon TSE (Tryptone Sel Eau) 500 g MERCK<\/title>\n<meta name=\"description\" content=\"Le Bouillon TSE (Tryptone Sel Eau) 500 g MERCK peut \u00eatre utilis\u00e9 comme alternative \u00e0 la solution de RINGER pour le lait et les produits \u00e0 base de viande.\" \/>\n<meta name=\"robots\" content=\"index, follow, max-snippet:-1, max-image-preview:large, max-video-preview:-1\" \/>\n<link rel=\"canonical\" href=\"https:\/\/store.microbiotech.dz\/index.php\/produit\/bouillon-tse-tryptone-sel-eau-500-g\/\" \/>\n<meta property=\"og:locale\" content=\"fr_FR\" \/>\n<meta property=\"og:type\" content=\"article\" \/>\n<meta property=\"og:title\" content=\"Bouillon TSE (Tryptone Sel Eau) 500 g MERCK\" \/>\n<meta property=\"og:description\" content=\"Le Bouillon TSE (Tryptone Sel Eau) 500 g MERCK peut \u00eatre utilis\u00e9 comme alternative \u00e0 la solution de RINGER pour le lait et les produits \u00e0 base de viande.\" \/>\n<meta property=\"og:url\" content=\"https:\/\/store.microbiotech.dz\/index.php\/produit\/bouillon-tse-tryptone-sel-eau-500-g\/\" \/>\n<meta property=\"og:site_name\" content=\"La Boutique en ligne\" \/>\n<meta property=\"article:publisher\" content=\"https:\/\/www.facebook.com\/MicroBiotech.dz\" \/>\n<meta property=\"article:modified_time\" content=\"2025-12-01T13:45:55+00:00\" \/>\n<meta property=\"og:image\" content=\"https:\/\/store.microbiotech.dz\/wp-content\/uploads\/2021\/11\/Merck-500g-ISO-Stamp.jpg\" \/>\n\t<meta property=\"og:image:width\" content=\"600\" \/>\n\t<meta property=\"og:image:height\" content=\"600\" \/>\n\t<meta property=\"og:image:type\" content=\"image\/jpeg\" \/>\n<meta name=\"twitter:card\" content=\"summary_large_image\" \/>\n<meta name=\"twitter:site\" content=\"@MicrobiotechD\" \/>\n<script type=\"application\/ld+json\" class=\"yoast-schema-graph\">{\"@context\":\"https:\\\/\\\/schema.org\",\"@graph\":[{\"@type\":\"WebPage\",\"@id\":\"https:\\\/\\\/store.microbiotech.dz\\\/index.php\\\/produit\\\/bouillon-tse-tryptone-sel-eau-500-g\\\/\",\"url\":\"https:\\\/\\\/store.microbiotech.dz\\\/index.php\\\/produit\\\/bouillon-tse-tryptone-sel-eau-500-g\\\/\",\"name\":\"Bouillon TSE (Tryptone Sel Eau) 500 g MERCK\",\"isPartOf\":{\"@id\":\"https:\\\/\\\/store.microbiotech.dz\\\/#website\"},\"primaryImageOfPage\":{\"@id\":\"https:\\\/\\\/store.microbiotech.dz\\\/index.php\\\/produit\\\/bouillon-tse-tryptone-sel-eau-500-g\\\/#primaryimage\"},\"image\":{\"@id\":\"https:\\\/\\\/store.microbiotech.dz\\\/index.php\\\/produit\\\/bouillon-tse-tryptone-sel-eau-500-g\\\/#primaryimage\"},\"thumbnailUrl\":\"https:\\\/\\\/store.microbiotech.dz\\\/wp-content\\\/uploads\\\/2021\\\/11\\\/Merck-500g-ISO-Stamp.jpg\",\"datePublished\":\"2021-11-19T16:22:41+00:00\",\"dateModified\":\"2025-12-01T13:45:55+00:00\",\"description\":\"Le Bouillon TSE (Tryptone Sel Eau) 500 g MERCK peut \u00eatre utilis\u00e9 comme alternative \u00e0 la solution de RINGER pour le lait et les produits \u00e0 base de viande.\",\"breadcrumb\":{\"@id\":\"https:\\\/\\\/store.microbiotech.dz\\\/index.php\\\/produit\\\/bouillon-tse-tryptone-sel-eau-500-g\\\/#breadcrumb\"},\"inLanguage\":\"fr-FR\",\"potentialAction\":[{\"@type\":\"ReadAction\",\"target\":[\"https:\\\/\\\/store.microbiotech.dz\\\/index.php\\\/produit\\\/bouillon-tse-tryptone-sel-eau-500-g\\\/\"]}]},{\"@type\":\"ImageObject\",\"inLanguage\":\"fr-FR\",\"@id\":\"https:\\\/\\\/store.microbiotech.dz\\\/index.php\\\/produit\\\/bouillon-tse-tryptone-sel-eau-500-g\\\/#primaryimage\",\"url\":\"https:\\\/\\\/store.microbiotech.dz\\\/wp-content\\\/uploads\\\/2021\\\/11\\\/Merck-500g-ISO-Stamp.jpg\",\"contentUrl\":\"https:\\\/\\\/store.microbiotech.dz\\\/wp-content\\\/uploads\\\/2021\\\/11\\\/Merck-500g-ISO-Stamp.jpg\",\"width\":600,\"height\":600,\"caption\":\"G\u00e9lose Bile Esculine Azide (B.E.A) 500g Merck\"},{\"@type\":\"BreadcrumbList\",\"@id\":\"https:\\\/\\\/store.microbiotech.dz\\\/index.php\\\/produit\\\/bouillon-tse-tryptone-sel-eau-500-g\\\/#breadcrumb\",\"itemListElement\":[{\"@type\":\"ListItem\",\"position\":1,\"name\":\"Accueil\",\"item\":\"https:\\\/\\\/store.microbiotech.dz\\\/\"},{\"@type\":\"ListItem\",\"position\":2,\"name\":\"Nos Produits\",\"item\":\"https:\\\/\\\/store.microbiotech.dz\\\/index.php\\\/nos-produits\\\/\"},{\"@type\":\"ListItem\",\"position\":3,\"name\":\"Bouillon TSE (Tryptone Sel Eau) 500 g MERCK\"}]},{\"@type\":\"WebSite\",\"@id\":\"https:\\\/\\\/store.microbiotech.dz\\\/#website\",\"url\":\"https:\\\/\\\/store.microbiotech.dz\\\/\",\"name\":\"La Boutique en ligne\",\"description\":\"Qualit\u00e9 - Rapidit\u00e9 - Tranquillit\u00e9\",\"publisher\":{\"@id\":\"https:\\\/\\\/store.microbiotech.dz\\\/#organization\"},\"potentialAction\":[{\"@type\":\"SearchAction\",\"target\":{\"@type\":\"EntryPoint\",\"urlTemplate\":\"https:\\\/\\\/store.microbiotech.dz\\\/?s={search_term_string}\"},\"query-input\":{\"@type\":\"PropertyValueSpecification\",\"valueRequired\":true,\"valueName\":\"search_term_string\"}}],\"inLanguage\":\"fr-FR\"},{\"@type\":\"Organization\",\"@id\":\"https:\\\/\\\/store.microbiotech.dz\\\/#organization\",\"name\":\"Microbiotech EURL\",\"url\":\"https:\\\/\\\/store.microbiotech.dz\\\/\",\"logo\":{\"@type\":\"ImageObject\",\"inLanguage\":\"fr-FR\",\"@id\":\"https:\\\/\\\/store.microbiotech.dz\\\/#\\\/schema\\\/logo\\\/image\\\/\",\"url\":\"https:\\\/\\\/store.microbiotech.dz\\\/wp-content\\\/uploads\\\/2021\\\/09\\\/cropped-logo-microbiotech-2.jpg\",\"contentUrl\":\"https:\\\/\\\/store.microbiotech.dz\\\/wp-content\\\/uploads\\\/2021\\\/09\\\/cropped-logo-microbiotech-2.jpg\",\"width\":815,\"height\":586,\"caption\":\"Microbiotech EURL\"},\"image\":{\"@id\":\"https:\\\/\\\/store.microbiotech.dz\\\/#\\\/schema\\\/logo\\\/image\\\/\"},\"sameAs\":[\"https:\\\/\\\/www.facebook.com\\\/MicroBiotech.dz\",\"https:\\\/\\\/x.com\\\/MicrobiotechD\",\"https:\\\/\\\/www.linkedin.com\\\/in\\\/microbiotech\\\/\",\"https:\\\/\\\/www.youtube.com\\\/channel\\\/UCTxc3VIiX7LXD2LQYfZEcDg\"]}]}<\/script>\n<!-- \/ Yoast SEO plugin. -->","yoast_head_json":{"title":"Bouillon TSE (Tryptone Sel Eau) 500 g MERCK","description":"Le Bouillon TSE (Tryptone Sel Eau) 500 g MERCK peut \u00eatre utilis\u00e9 comme alternative \u00e0 la solution de RINGER pour le lait et les produits \u00e0 base de viande.","robots":{"index":"index","follow":"follow","max-snippet":"max-snippet:-1","max-image-preview":"max-image-preview:large","max-video-preview":"max-video-preview:-1"},"canonical":"https:\/\/store.microbiotech.dz\/index.php\/produit\/bouillon-tse-tryptone-sel-eau-500-g\/","og_locale":"fr_FR","og_type":"article","og_title":"Bouillon TSE (Tryptone Sel Eau) 500 g MERCK","og_description":"Le Bouillon TSE (Tryptone Sel Eau) 500 g MERCK peut \u00eatre utilis\u00e9 comme alternative \u00e0 la solution de RINGER pour le lait et les produits \u00e0 base de viande.","og_url":"https:\/\/store.microbiotech.dz\/index.php\/produit\/bouillon-tse-tryptone-sel-eau-500-g\/","og_site_name":"La Boutique en ligne","article_publisher":"https:\/\/www.facebook.com\/MicroBiotech.dz","article_modified_time":"2025-12-01T13:45:55+00:00","og_image":[{"width":600,"height":600,"url":"https:\/\/store.microbiotech.dz\/wp-content\/uploads\/2021\/11\/Merck-500g-ISO-Stamp.jpg","type":"image\/jpeg"}],"twitter_card":"summary_large_image","twitter_site":"@MicrobiotechD","schema":{"@context":"https:\/\/schema.org","@graph":[{"@type":"WebPage","@id":"https:\/\/store.microbiotech.dz\/index.php\/produit\/bouillon-tse-tryptone-sel-eau-500-g\/","url":"https:\/\/store.microbiotech.dz\/index.php\/produit\/bouillon-tse-tryptone-sel-eau-500-g\/","name":"Bouillon TSE (Tryptone Sel Eau) 500 g MERCK","isPartOf":{"@id":"https:\/\/store.microbiotech.dz\/#website"},"primaryImageOfPage":{"@id":"https:\/\/store.microbiotech.dz\/index.php\/produit\/bouillon-tse-tryptone-sel-eau-500-g\/#primaryimage"},"image":{"@id":"https:\/\/store.microbiotech.dz\/index.php\/produit\/bouillon-tse-tryptone-sel-eau-500-g\/#primaryimage"},"thumbnailUrl":"https:\/\/store.microbiotech.dz\/wp-content\/uploads\/2021\/11\/Merck-500g-ISO-Stamp.jpg","datePublished":"2021-11-19T16:22:41+00:00","dateModified":"2025-12-01T13:45:55+00:00","description":"Le Bouillon TSE (Tryptone Sel Eau) 500 g MERCK peut \u00eatre utilis\u00e9 comme alternative \u00e0 la solution de RINGER pour le lait et les produits \u00e0 base de viande.","breadcrumb":{"@id":"https:\/\/store.microbiotech.dz\/index.php\/produit\/bouillon-tse-tryptone-sel-eau-500-g\/#breadcrumb"},"inLanguage":"fr-FR","potentialAction":[{"@type":"ReadAction","target":["https:\/\/store.microbiotech.dz\/index.php\/produit\/bouillon-tse-tryptone-sel-eau-500-g\/"]}]},{"@type":"ImageObject","inLanguage":"fr-FR","@id":"https:\/\/store.microbiotech.dz\/index.php\/produit\/bouillon-tse-tryptone-sel-eau-500-g\/#primaryimage","url":"https:\/\/store.microbiotech.dz\/wp-content\/uploads\/2021\/11\/Merck-500g-ISO-Stamp.jpg","contentUrl":"https:\/\/store.microbiotech.dz\/wp-content\/uploads\/2021\/11\/Merck-500g-ISO-Stamp.jpg","width":600,"height":600,"caption":"G\u00e9lose Bile Esculine Azide (B.E.A) 500g Merck"},{"@type":"BreadcrumbList","@id":"https:\/\/store.microbiotech.dz\/index.php\/produit\/bouillon-tse-tryptone-sel-eau-500-g\/#breadcrumb","itemListElement":[{"@type":"ListItem","position":1,"name":"Accueil","item":"https:\/\/store.microbiotech.dz\/"},{"@type":"ListItem","position":2,"name":"Nos Produits","item":"https:\/\/store.microbiotech.dz\/index.php\/nos-produits\/"},{"@type":"ListItem","position":3,"name":"Bouillon TSE (Tryptone Sel Eau) 500 g MERCK"}]},{"@type":"WebSite","@id":"https:\/\/store.microbiotech.dz\/#website","url":"https:\/\/store.microbiotech.dz\/","name":"La Boutique en ligne","description":"Qualit\u00e9 - Rapidit\u00e9 - Tranquillit\u00e9","publisher":{"@id":"https:\/\/store.microbiotech.dz\/#organization"},"potentialAction":[{"@type":"SearchAction","target":{"@type":"EntryPoint","urlTemplate":"https:\/\/store.microbiotech.dz\/?s={search_term_string}"},"query-input":{"@type":"PropertyValueSpecification","valueRequired":true,"valueName":"search_term_string"}}],"inLanguage":"fr-FR"},{"@type":"Organization","@id":"https:\/\/store.microbiotech.dz\/#organization","name":"Microbiotech EURL","url":"https:\/\/store.microbiotech.dz\/","logo":{"@type":"ImageObject","inLanguage":"fr-FR","@id":"https:\/\/store.microbiotech.dz\/#\/schema\/logo\/image\/","url":"https:\/\/store.microbiotech.dz\/wp-content\/uploads\/2021\/09\/cropped-logo-microbiotech-2.jpg","contentUrl":"https:\/\/store.microbiotech.dz\/wp-content\/uploads\/2021\/09\/cropped-logo-microbiotech-2.jpg","width":815,"height":586,"caption":"Microbiotech EURL"},"image":{"@id":"https:\/\/store.microbiotech.dz\/#\/schema\/logo\/image\/"},"sameAs":["https:\/\/www.facebook.com\/MicroBiotech.dz","https:\/\/x.com\/MicrobiotechD","https:\/\/www.linkedin.com\/in\/microbiotech\/","https:\/\/www.youtube.com\/channel\/UCTxc3VIiX7LXD2LQYfZEcDg"]}]}},"jetpack_sharing_enabled":true,"_links":{"self":[{"href":"https:\/\/store.microbiotech.dz\/index.php\/wp-json\/wp\/v2\/product\/667","targetHints":{"allow":["GET"]}}],"collection":[{"href":"https:\/\/store.microbiotech.dz\/index.php\/wp-json\/wp\/v2\/product"}],"about":[{"href":"https:\/\/store.microbiotech.dz\/index.php\/wp-json\/wp\/v2\/types\/product"}],"replies":[{"embeddable":true,"href":"https:\/\/store.microbiotech.dz\/index.php\/wp-json\/wp\/v2\/comments?post=667"}],"wp:featuredmedia":[{"embeddable":true,"href":"https:\/\/store.microbiotech.dz\/index.php\/wp-json\/wp\/v2\/media\/654"}],"wp:attachment":[{"href":"https:\/\/store.microbiotech.dz\/index.php\/wp-json\/wp\/v2\/media?parent=667"}],"wp:term":[{"taxonomy":"product_brand","embeddable":true,"href":"https:\/\/store.microbiotech.dz\/index.php\/wp-json\/wp\/v2\/product_brand?post=667"},{"taxonomy":"product_cat","embeddable":true,"href":"https:\/\/store.microbiotech.dz\/index.php\/wp-json\/wp\/v2\/product_cat?post=667"},{"taxonomy":"product_tag","embeddable":true,"href":"https:\/\/store.microbiotech.dz\/index.php\/wp-json\/wp\/v2\/product_tag?post=667"}],"curies":[{"name":"wp","href":"https:\/\/api.w.org\/{rel}","templated":true}]}}