{"id":6366,"date":"2023-10-29T12:52:31","date_gmt":"2023-10-29T11:52:31","guid":{"rendered":"https:\/\/store.microbiotech.dz\/?post_type=product&#038;p=6366"},"modified":"2025-01-14T11:16:47","modified_gmt":"2025-01-14T10:16:47","slug":"gelose-de-kligler-au-fer-100-g-tm-media","status":"publish","type":"product","link":"https:\/\/store.microbiotech.dz\/index.php\/produit\/gelose-de-kligler-au-fer-100-g-tm-media\/","title":{"rendered":"G\u00e9lose de Kligler au fer 100 g TM Media"},"content":{"rendered":"<p><a href=\"https:\/\/store.microbiotech.dz\/index.php\/categorie-produit\/milieux-de-cultures\/geloses\/\" target=\"_blank\" rel=\"noopener\">G\u00e9lose<\/a> de Kligler au fer 100 g <a href=\"https:\/\/www.tmmedia.in\/\" target=\"_blank\" rel=\"noopener\">TM Media\u00a0<\/a>pour l&rsquo;identification diff\u00e9rentielle des bacilles ent\u00e9riques \u00e0 Gram n\u00e9gatif \u00e0 partir d&rsquo;\u00e9chantillons cliniques et non cliniques sur la base de la fermentation du dextrose et du lactose ainsi que de la production de H2S.<\/p>\n","protected":false},"excerpt":{"rendered":"<p>&nbsp;<\/p>\n<p>Marque :\u00a0<strong>TM MEDIA\u00a0<img loading=\"lazy\" decoding=\"async\" class=\"alignnone wp-image-2010\" src=\"https:\/\/store.microbiotech.dz\/wp-content\/uploads\/2022\/05\/India-Flag-300x289.jpg\" sizes=\"auto, (max-width: 36px) 100vw, 36px\" srcset=\"https:\/\/store.microbiotech.dz\/wp-content\/uploads\/2022\/05\/India-Flag-300x300.jpg 300w, https:\/\/store.microbiotech.dz\/wp-content\/uploads\/2022\/05\/India-Flag-150x150.jpg 150w, https:\/\/store.microbiotech.dz\/wp-content\/uploads\/2022\/05\/India-Flag-100x100.jpg 100w, https:\/\/store.microbiotech.dz\/wp-content\/uploads\/2022\/05\/India-Flag.jpg 450w\" alt=\"\" width=\"36\" height=\"35\" \/><\/strong><\/p>\n<p>Date de p\u00e9remption :\u00a0<strong>01-05-2025<\/strong><\/p>\n<p><a href=\"https:\/\/store.microbiotech.dz\/wp-content\/uploads\/2023\/10\/Fiche-technique-Kligler.pdf\">Fiche technique Kligler<\/a><\/p>\n","protected":false},"featured_media":6367,"comment_status":"open","ping_status":"closed","template":"","meta":{"site-sidebar-layout":"default","site-content-layout":"","ast-site-content-layout":"default","site-content-style":"default","site-sidebar-style":"default","ast-global-header-display":"","ast-banner-title-visibility":"","ast-main-header-display":"","ast-hfb-above-header-display":"","ast-hfb-below-header-display":"","ast-hfb-mobile-header-display":"","site-post-title":"","ast-breadcrumbs-content":"","ast-featured-img":"","footer-sml-layout":"","ast-disable-related-posts":"","theme-transparent-header-meta":"default","adv-header-id-meta":"","stick-header-meta":"","header-above-stick-meta":"","header-main-stick-meta":"","header-below-stick-meta":"","astra-migrate-meta-layouts":"set","ast-page-background-enabled":"default","ast-page-background-meta":{"desktop":{"background-color":"var(--ast-global-color-4)","background-image":"","background-repeat":"repeat","background-position":"center center","background-size":"auto","background-attachment":"scroll","background-type":"","background-media":"","overlay-type":"","overlay-color":"","overlay-opacity":"","overlay-gradient":""},"tablet":{"background-color":"","background-image":"","background-repeat":"repeat","background-position":"center center","background-size":"auto","background-attachment":"scroll","background-type":"","background-media":"","overlay-type":"","overlay-color":"","overlay-opacity":"","overlay-gradient":""},"mobile":{"background-color":"","background-image":"","background-repeat":"repeat","background-position":"center center","background-size":"auto","background-attachment":"scroll","background-type":"","background-media":"","overlay-type":"","overlay-color":"","overlay-opacity":"","overlay-gradient":""}},"ast-content-background-meta":{"desktop":{"background-color":"var(--ast-global-color-5)","background-image":"","background-repeat":"repeat","background-position":"center center","background-size":"auto","background-attachment":"scroll","background-type":"","background-media":"","overlay-type":"","overlay-color":"","overlay-opacity":"","overlay-gradient":""},"tablet":{"background-color":"var(--ast-global-color-5)","background-image":"","background-repeat":"repeat","background-position":"center center","background-size":"auto","background-attachment":"scroll","background-type":"","background-media":"","overlay-type":"","overlay-color":"","overlay-opacity":"","overlay-gradient":""},"mobile":{"background-color":"var(--ast-global-color-5)","background-image":"","background-repeat":"repeat","background-position":"center center","background-size":"auto","background-attachment":"scroll","background-type":"","background-media":"","overlay-type":"","overlay-color":"","overlay-opacity":"","overlay-gradient":""}},"jetpack_post_was_ever_published":false},"product_brand":[],"product_cat":[28,79,26],"product_tag":[726,1607,1606,1605,727],"class_list":{"0":"post-6366","1":"product","2":"type-product","3":"status-publish","4":"has-post-thumbnail","6":"product_cat-geloses","7":"product_cat-deshydrate","8":"product_cat-milieux-de-cultures","9":"product_tag-f81","10":"product_tag-fer","11":"product_tag-gelose-kligler-au-fer","12":"product_tag-kligler","13":"product_tag-tm-media","14":"product_shipping_class-temperature-ambiante","15":"desktop-align-center","16":"tablet-align-left","17":"mobile-align-left","19":"first","20":"outofstock","21":"taxable","22":"shipping-taxable","23":"purchasable","24":"product-type-simple"},"yoast_head":"<!-- This site is optimized with the Yoast SEO plugin v27.4 - https:\/\/yoast.com\/product\/yoast-seo-wordpress\/ -->\n<title>G\u00e9lose de Kligler au fer 100 g TM Media - La Boutique en ligne<\/title>\n<meta name=\"description\" content=\"G\u00e9lose de Kligler au fer 100 g TM Media our l&#039;identification diff\u00e9rentielle des bacilles ent\u00e9riques \u00e0 Gram n\u00e9gatif. Au meilleur prix chez Microbiotech !\" \/>\n<meta name=\"robots\" content=\"index, follow, max-snippet:-1, max-image-preview:large, max-video-preview:-1\" \/>\n<link rel=\"canonical\" href=\"https:\/\/store.microbiotech.dz\/index.php\/produit\/gelose-de-kligler-au-fer-100-g-tm-media\/\" \/>\n<meta property=\"og:locale\" content=\"fr_FR\" \/>\n<meta property=\"og:type\" content=\"article\" \/>\n<meta property=\"og:title\" content=\"G\u00e9lose de Kligler au fer 100 g TM Media - La Boutique en ligne\" \/>\n<meta property=\"og:description\" content=\"G\u00e9lose de Kligler au fer 100 g TM Media our l&#039;identification diff\u00e9rentielle des bacilles ent\u00e9riques \u00e0 Gram n\u00e9gatif. Au meilleur prix chez Microbiotech !\" \/>\n<meta property=\"og:url\" content=\"https:\/\/store.microbiotech.dz\/index.php\/produit\/gelose-de-kligler-au-fer-100-g-tm-media\/\" \/>\n<meta property=\"og:site_name\" content=\"La Boutique en ligne\" \/>\n<meta property=\"article:publisher\" content=\"https:\/\/www.facebook.com\/MicroBiotech.dz\" \/>\n<meta property=\"article:modified_time\" content=\"2025-01-14T10:16:47+00:00\" \/>\n<meta property=\"og:image\" content=\"https:\/\/store.microbiotech.dz\/wp-content\/uploads\/2023\/10\/kligler.png\" \/>\n\t<meta property=\"og:image:width\" content=\"600\" \/>\n\t<meta property=\"og:image:height\" content=\"600\" \/>\n\t<meta property=\"og:image:type\" content=\"image\/png\" \/>\n<meta name=\"twitter:card\" content=\"summary_large_image\" \/>\n<meta name=\"twitter:site\" content=\"@MicrobiotechD\" \/>\n<script type=\"application\/ld+json\" class=\"yoast-schema-graph\">{\"@context\":\"https:\\\/\\\/schema.org\",\"@graph\":[{\"@type\":\"WebPage\",\"@id\":\"https:\\\/\\\/store.microbiotech.dz\\\/index.php\\\/produit\\\/gelose-de-kligler-au-fer-100-g-tm-media\\\/\",\"url\":\"https:\\\/\\\/store.microbiotech.dz\\\/index.php\\\/produit\\\/gelose-de-kligler-au-fer-100-g-tm-media\\\/\",\"name\":\"G\u00e9lose de Kligler au fer 100 g TM Media - La Boutique en ligne\",\"isPartOf\":{\"@id\":\"https:\\\/\\\/store.microbiotech.dz\\\/#website\"},\"primaryImageOfPage\":{\"@id\":\"https:\\\/\\\/store.microbiotech.dz\\\/index.php\\\/produit\\\/gelose-de-kligler-au-fer-100-g-tm-media\\\/#primaryimage\"},\"image\":{\"@id\":\"https:\\\/\\\/store.microbiotech.dz\\\/index.php\\\/produit\\\/gelose-de-kligler-au-fer-100-g-tm-media\\\/#primaryimage\"},\"thumbnailUrl\":\"https:\\\/\\\/store.microbiotech.dz\\\/wp-content\\\/uploads\\\/2023\\\/10\\\/kligler.png\",\"datePublished\":\"2023-10-29T11:52:31+00:00\",\"dateModified\":\"2025-01-14T10:16:47+00:00\",\"description\":\"G\u00e9lose de Kligler au fer 100 g TM Media our l'identification diff\u00e9rentielle des bacilles ent\u00e9riques \u00e0 Gram n\u00e9gatif. Au meilleur prix chez Microbiotech !\",\"breadcrumb\":{\"@id\":\"https:\\\/\\\/store.microbiotech.dz\\\/index.php\\\/produit\\\/gelose-de-kligler-au-fer-100-g-tm-media\\\/#breadcrumb\"},\"inLanguage\":\"fr-FR\",\"potentialAction\":[{\"@type\":\"ReadAction\",\"target\":[\"https:\\\/\\\/store.microbiotech.dz\\\/index.php\\\/produit\\\/gelose-de-kligler-au-fer-100-g-tm-media\\\/\"]}]},{\"@type\":\"ImageObject\",\"inLanguage\":\"fr-FR\",\"@id\":\"https:\\\/\\\/store.microbiotech.dz\\\/index.php\\\/produit\\\/gelose-de-kligler-au-fer-100-g-tm-media\\\/#primaryimage\",\"url\":\"https:\\\/\\\/store.microbiotech.dz\\\/wp-content\\\/uploads\\\/2023\\\/10\\\/kligler.png\",\"contentUrl\":\"https:\\\/\\\/store.microbiotech.dz\\\/wp-content\\\/uploads\\\/2023\\\/10\\\/kligler.png\",\"width\":600,\"height\":600,\"caption\":\"G\u00e9lose de Kligler au fer 100 g TM Media\"},{\"@type\":\"BreadcrumbList\",\"@id\":\"https:\\\/\\\/store.microbiotech.dz\\\/index.php\\\/produit\\\/gelose-de-kligler-au-fer-100-g-tm-media\\\/#breadcrumb\",\"itemListElement\":[{\"@type\":\"ListItem\",\"position\":1,\"name\":\"Accueil\",\"item\":\"https:\\\/\\\/store.microbiotech.dz\\\/\"},{\"@type\":\"ListItem\",\"position\":2,\"name\":\"Nos Produits\",\"item\":\"https:\\\/\\\/store.microbiotech.dz\\\/index.php\\\/nos-produits\\\/\"},{\"@type\":\"ListItem\",\"position\":3,\"name\":\"G\u00e9lose de Kligler au fer 100 g TM Media\"}]},{\"@type\":\"WebSite\",\"@id\":\"https:\\\/\\\/store.microbiotech.dz\\\/#website\",\"url\":\"https:\\\/\\\/store.microbiotech.dz\\\/\",\"name\":\"La Boutique en ligne\",\"description\":\"Qualit\u00e9 - Rapidit\u00e9 - Tranquillit\u00e9\",\"publisher\":{\"@id\":\"https:\\\/\\\/store.microbiotech.dz\\\/#organization\"},\"potentialAction\":[{\"@type\":\"SearchAction\",\"target\":{\"@type\":\"EntryPoint\",\"urlTemplate\":\"https:\\\/\\\/store.microbiotech.dz\\\/?s={search_term_string}\"},\"query-input\":{\"@type\":\"PropertyValueSpecification\",\"valueRequired\":true,\"valueName\":\"search_term_string\"}}],\"inLanguage\":\"fr-FR\"},{\"@type\":\"Organization\",\"@id\":\"https:\\\/\\\/store.microbiotech.dz\\\/#organization\",\"name\":\"Microbiotech EURL\",\"url\":\"https:\\\/\\\/store.microbiotech.dz\\\/\",\"logo\":{\"@type\":\"ImageObject\",\"inLanguage\":\"fr-FR\",\"@id\":\"https:\\\/\\\/store.microbiotech.dz\\\/#\\\/schema\\\/logo\\\/image\\\/\",\"url\":\"https:\\\/\\\/store.microbiotech.dz\\\/wp-content\\\/uploads\\\/2021\\\/09\\\/cropped-logo-microbiotech-2.jpg\",\"contentUrl\":\"https:\\\/\\\/store.microbiotech.dz\\\/wp-content\\\/uploads\\\/2021\\\/09\\\/cropped-logo-microbiotech-2.jpg\",\"width\":815,\"height\":586,\"caption\":\"Microbiotech EURL\"},\"image\":{\"@id\":\"https:\\\/\\\/store.microbiotech.dz\\\/#\\\/schema\\\/logo\\\/image\\\/\"},\"sameAs\":[\"https:\\\/\\\/www.facebook.com\\\/MicroBiotech.dz\",\"https:\\\/\\\/x.com\\\/MicrobiotechD\",\"https:\\\/\\\/www.linkedin.com\\\/in\\\/microbiotech\\\/\",\"https:\\\/\\\/www.youtube.com\\\/channel\\\/UCTxc3VIiX7LXD2LQYfZEcDg\"]}]}<\/script>\n<!-- \/ Yoast SEO plugin. -->","yoast_head_json":{"title":"G\u00e9lose de Kligler au fer 100 g TM Media - La Boutique en ligne","description":"G\u00e9lose de Kligler au fer 100 g TM Media our l'identification diff\u00e9rentielle des bacilles ent\u00e9riques \u00e0 Gram n\u00e9gatif. Au meilleur prix chez Microbiotech !","robots":{"index":"index","follow":"follow","max-snippet":"max-snippet:-1","max-image-preview":"max-image-preview:large","max-video-preview":"max-video-preview:-1"},"canonical":"https:\/\/store.microbiotech.dz\/index.php\/produit\/gelose-de-kligler-au-fer-100-g-tm-media\/","og_locale":"fr_FR","og_type":"article","og_title":"G\u00e9lose de Kligler au fer 100 g TM Media - La Boutique en ligne","og_description":"G\u00e9lose de Kligler au fer 100 g TM Media our l'identification diff\u00e9rentielle des bacilles ent\u00e9riques \u00e0 Gram n\u00e9gatif. Au meilleur prix chez Microbiotech !","og_url":"https:\/\/store.microbiotech.dz\/index.php\/produit\/gelose-de-kligler-au-fer-100-g-tm-media\/","og_site_name":"La Boutique en ligne","article_publisher":"https:\/\/www.facebook.com\/MicroBiotech.dz","article_modified_time":"2025-01-14T10:16:47+00:00","og_image":[{"width":600,"height":600,"url":"https:\/\/store.microbiotech.dz\/wp-content\/uploads\/2023\/10\/kligler.png","type":"image\/png"}],"twitter_card":"summary_large_image","twitter_site":"@MicrobiotechD","schema":{"@context":"https:\/\/schema.org","@graph":[{"@type":"WebPage","@id":"https:\/\/store.microbiotech.dz\/index.php\/produit\/gelose-de-kligler-au-fer-100-g-tm-media\/","url":"https:\/\/store.microbiotech.dz\/index.php\/produit\/gelose-de-kligler-au-fer-100-g-tm-media\/","name":"G\u00e9lose de Kligler au fer 100 g TM Media - La Boutique en ligne","isPartOf":{"@id":"https:\/\/store.microbiotech.dz\/#website"},"primaryImageOfPage":{"@id":"https:\/\/store.microbiotech.dz\/index.php\/produit\/gelose-de-kligler-au-fer-100-g-tm-media\/#primaryimage"},"image":{"@id":"https:\/\/store.microbiotech.dz\/index.php\/produit\/gelose-de-kligler-au-fer-100-g-tm-media\/#primaryimage"},"thumbnailUrl":"https:\/\/store.microbiotech.dz\/wp-content\/uploads\/2023\/10\/kligler.png","datePublished":"2023-10-29T11:52:31+00:00","dateModified":"2025-01-14T10:16:47+00:00","description":"G\u00e9lose de Kligler au fer 100 g TM Media our l'identification diff\u00e9rentielle des bacilles ent\u00e9riques \u00e0 Gram n\u00e9gatif. Au meilleur prix chez Microbiotech !","breadcrumb":{"@id":"https:\/\/store.microbiotech.dz\/index.php\/produit\/gelose-de-kligler-au-fer-100-g-tm-media\/#breadcrumb"},"inLanguage":"fr-FR","potentialAction":[{"@type":"ReadAction","target":["https:\/\/store.microbiotech.dz\/index.php\/produit\/gelose-de-kligler-au-fer-100-g-tm-media\/"]}]},{"@type":"ImageObject","inLanguage":"fr-FR","@id":"https:\/\/store.microbiotech.dz\/index.php\/produit\/gelose-de-kligler-au-fer-100-g-tm-media\/#primaryimage","url":"https:\/\/store.microbiotech.dz\/wp-content\/uploads\/2023\/10\/kligler.png","contentUrl":"https:\/\/store.microbiotech.dz\/wp-content\/uploads\/2023\/10\/kligler.png","width":600,"height":600,"caption":"G\u00e9lose de Kligler au fer 100 g TM Media"},{"@type":"BreadcrumbList","@id":"https:\/\/store.microbiotech.dz\/index.php\/produit\/gelose-de-kligler-au-fer-100-g-tm-media\/#breadcrumb","itemListElement":[{"@type":"ListItem","position":1,"name":"Accueil","item":"https:\/\/store.microbiotech.dz\/"},{"@type":"ListItem","position":2,"name":"Nos Produits","item":"https:\/\/store.microbiotech.dz\/index.php\/nos-produits\/"},{"@type":"ListItem","position":3,"name":"G\u00e9lose de Kligler au fer 100 g TM Media"}]},{"@type":"WebSite","@id":"https:\/\/store.microbiotech.dz\/#website","url":"https:\/\/store.microbiotech.dz\/","name":"La Boutique en ligne","description":"Qualit\u00e9 - Rapidit\u00e9 - Tranquillit\u00e9","publisher":{"@id":"https:\/\/store.microbiotech.dz\/#organization"},"potentialAction":[{"@type":"SearchAction","target":{"@type":"EntryPoint","urlTemplate":"https:\/\/store.microbiotech.dz\/?s={search_term_string}"},"query-input":{"@type":"PropertyValueSpecification","valueRequired":true,"valueName":"search_term_string"}}],"inLanguage":"fr-FR"},{"@type":"Organization","@id":"https:\/\/store.microbiotech.dz\/#organization","name":"Microbiotech EURL","url":"https:\/\/store.microbiotech.dz\/","logo":{"@type":"ImageObject","inLanguage":"fr-FR","@id":"https:\/\/store.microbiotech.dz\/#\/schema\/logo\/image\/","url":"https:\/\/store.microbiotech.dz\/wp-content\/uploads\/2021\/09\/cropped-logo-microbiotech-2.jpg","contentUrl":"https:\/\/store.microbiotech.dz\/wp-content\/uploads\/2021\/09\/cropped-logo-microbiotech-2.jpg","width":815,"height":586,"caption":"Microbiotech EURL"},"image":{"@id":"https:\/\/store.microbiotech.dz\/#\/schema\/logo\/image\/"},"sameAs":["https:\/\/www.facebook.com\/MicroBiotech.dz","https:\/\/x.com\/MicrobiotechD","https:\/\/www.linkedin.com\/in\/microbiotech\/","https:\/\/www.youtube.com\/channel\/UCTxc3VIiX7LXD2LQYfZEcDg"]}]}},"jetpack_sharing_enabled":true,"_links":{"self":[{"href":"https:\/\/store.microbiotech.dz\/index.php\/wp-json\/wp\/v2\/product\/6366","targetHints":{"allow":["GET"]}}],"collection":[{"href":"https:\/\/store.microbiotech.dz\/index.php\/wp-json\/wp\/v2\/product"}],"about":[{"href":"https:\/\/store.microbiotech.dz\/index.php\/wp-json\/wp\/v2\/types\/product"}],"replies":[{"embeddable":true,"href":"https:\/\/store.microbiotech.dz\/index.php\/wp-json\/wp\/v2\/comments?post=6366"}],"wp:featuredmedia":[{"embeddable":true,"href":"https:\/\/store.microbiotech.dz\/index.php\/wp-json\/wp\/v2\/media\/6367"}],"wp:attachment":[{"href":"https:\/\/store.microbiotech.dz\/index.php\/wp-json\/wp\/v2\/media?parent=6366"}],"wp:term":[{"taxonomy":"product_brand","embeddable":true,"href":"https:\/\/store.microbiotech.dz\/index.php\/wp-json\/wp\/v2\/product_brand?post=6366"},{"taxonomy":"product_cat","embeddable":true,"href":"https:\/\/store.microbiotech.dz\/index.php\/wp-json\/wp\/v2\/product_cat?post=6366"},{"taxonomy":"product_tag","embeddable":true,"href":"https:\/\/store.microbiotech.dz\/index.php\/wp-json\/wp\/v2\/product_tag?post=6366"}],"curies":[{"name":"wp","href":"https:\/\/api.w.org\/{rel}","templated":true}]}}