{"id":5699,"date":"2023-10-01T10:52:50","date_gmt":"2023-10-01T09:52:50","guid":{"rendered":"https:\/\/store.microbiotech.dz\/?post_type=product&#038;p=5699"},"modified":"2023-11-28T13:00:13","modified_gmt":"2023-11-28T12:00:13","slug":"stylo-ph-metre-st10-ohaus-2","status":"publish","type":"product","link":"https:\/\/store.microbiotech.dz\/index.php\/produit\/stylo-ph-metre-st10-ohaus-2\/","title":{"rendered":"Stylo pH m\u00e8tre St10 Ohaus"},"content":{"rendered":"<p><a href=\"https:\/\/store.microbiotech.dz\/?s=stylo\" target=\"_blank\" rel=\"noopener\">Stylo<\/a> pH m\u00e8tre St10 <a href=\"https:\/\/eu-fr.ohaus.com\/fr-MEA\/\" target=\"_blank\" rel=\"noopener\">Ohaus<\/a> , un outil de qualit\u00e9 fiable et polyvalent, con\u00e7u pour mesurer le pH. Son design compact et l\u00e9ger, le rend facile \u00e0 transporter et \u00e0 utiliser.<\/p>\n","protected":false},"excerpt":{"rendered":"<p>&nbsp;<\/p>\n<p>Marque :\u00a0<strong>Ohaus<\/strong>\u00a0<img loading=\"lazy\" decoding=\"async\" class=\"alignnone wp-image-4993\" src=\"https:\/\/store.microbiotech.dz\/wp-content\/uploads\/2023\/07\/suisse-flag.png\" alt=\"\" width=\"32\" height=\"32\" srcset=\"https:\/\/store.microbiotech.dz\/wp-content\/uploads\/2023\/07\/suisse-flag.png 225w, https:\/\/store.microbiotech.dz\/wp-content\/uploads\/2023\/07\/suisse-flag-150x150.png 150w, https:\/\/store.microbiotech.dz\/wp-content\/uploads\/2023\/07\/suisse-flag-100x100.png 100w\" sizes=\"auto, (max-width: 32px) 100vw, 32px\" \/><br \/>\nPlage de mesure : <strong>0,00 \u2013 14 pH<\/strong><br \/>\nPr\u00e9cision : <strong>\u00b1 0,1 pH<\/strong><br \/>\nR\u00e9solution de la mesure : <strong>0,1 pH<\/strong><br \/>\nAfficheur : <strong>LCD<\/strong><br \/>\nATC : <strong>Non applicable<\/strong><br \/>\nCompensation de temp\u00e9rature : <strong>Non applicable<\/strong><br \/>\nArr\u00eat automatique : <strong>Oui, apr\u00e8s 6 minutes d&rsquo;inutilisation<\/strong><br \/>\nAutonomie de la batterie :<strong> 200 heures avec des piles jetables<\/strong><br \/>\nCalibrage : <strong>Sans objet<\/strong><br \/>\nDimensions : <strong>38 mm x 185 mm x 45 mm (LxHxL)<\/strong><br \/>\nPoids net : <strong>110 g<\/strong><br \/>\nNombre de boutons : <strong>1<\/strong><br \/>\nPr\u00e9cision pH (\u00b1) : <strong>0,1<\/strong><br \/>\nPlage de mesure du pH : <strong>0 ; 14<\/strong><br \/>\nAlimentation : <strong>4 piles AG13 (fournies)<\/strong><br \/>\nIndice de protection : <strong>IP67<\/strong><br \/>\nAffichage de la temp\u00e9rature : <strong>Non applicable<\/strong><br \/>\nEnvironnement de travail : <strong>De -10 \u00e0 +40 \u00b0C, HR de 85 %, sans condensation<\/strong><br \/>\nDragonne : <strong>Oui<\/strong><br \/>\nT\u00e9l\u00e9chargement : <a href=\"https:\/\/store.microbiotech.dz\/wp-content\/uploads\/2023\/10\/Starter-Pen-Meter-Data-Sheet-FR_st10.pdf\">Fiche technique st10<\/a><\/p>\n","protected":false},"featured_media":5701,"comment_status":"open","ping_status":"closed","template":"","meta":{"site-sidebar-layout":"default","site-content-layout":"","ast-site-content-layout":"default","site-content-style":"default","site-sidebar-style":"default","ast-global-header-display":"","ast-banner-title-visibility":"","ast-main-header-display":"","ast-hfb-above-header-display":"","ast-hfb-below-header-display":"","ast-hfb-mobile-header-display":"","site-post-title":"","ast-breadcrumbs-content":"","ast-featured-img":"","footer-sml-layout":"","ast-disable-related-posts":"","theme-transparent-header-meta":"default","adv-header-id-meta":"","stick-header-meta":"","header-above-stick-meta":"","header-main-stick-meta":"","header-below-stick-meta":"","astra-migrate-meta-layouts":"set","ast-page-background-enabled":"default","ast-page-background-meta":{"desktop":{"background-color":"var(--ast-global-color-4)","background-image":"","background-repeat":"repeat","background-position":"center center","background-size":"auto","background-attachment":"scroll","background-type":"","background-media":"","overlay-type":"","overlay-color":"","overlay-opacity":"","overlay-gradient":""},"tablet":{"background-color":"","background-image":"","background-repeat":"repeat","background-position":"center center","background-size":"auto","background-attachment":"scroll","background-type":"","background-media":"","overlay-type":"","overlay-color":"","overlay-opacity":"","overlay-gradient":""},"mobile":{"background-color":"","background-image":"","background-repeat":"repeat","background-position":"center center","background-size":"auto","background-attachment":"scroll","background-type":"","background-media":"","overlay-type":"","overlay-color":"","overlay-opacity":"","overlay-gradient":""}},"ast-content-background-meta":{"desktop":{"background-color":"var(--ast-global-color-5)","background-image":"","background-repeat":"repeat","background-position":"center center","background-size":"auto","background-attachment":"scroll","background-type":"","background-media":"","overlay-type":"","overlay-color":"","overlay-opacity":"","overlay-gradient":""},"tablet":{"background-color":"var(--ast-global-color-5)","background-image":"","background-repeat":"repeat","background-position":"center center","background-size":"auto","background-attachment":"scroll","background-type":"","background-media":"","overlay-type":"","overlay-color":"","overlay-opacity":"","overlay-gradient":""},"mobile":{"background-color":"var(--ast-global-color-5)","background-image":"","background-repeat":"repeat","background-position":"center center","background-size":"auto","background-attachment":"scroll","background-type":"","background-media":"","overlay-type":"","overlay-color":"","overlay-opacity":"","overlay-gradient":""}},"jetpack_post_was_ever_published":false},"product_brand":[],"product_cat":[238],"product_tag":[1311,1258,546,547,1328],"class_list":{"0":"post-5699","1":"product","2":"type-product","3":"status-publish","4":"has-post-thumbnail","6":"product_cat-equipements","7":"product_tag-f107","8":"product_tag-ohaus","9":"product_tag-ph","10":"product_tag-ph-metre","11":"product_tag-stylo-ph","12":"product_shipping_class-temperature-ambiante","13":"desktop-align-center","14":"tablet-align-left","15":"mobile-align-left","17":"first","18":"outofstock","19":"sale","20":"taxable","21":"shipping-taxable","22":"purchasable","23":"product-type-simple"},"yoast_head":"<!-- This site is optimized with the Yoast SEO plugin v27.5 - https:\/\/yoast.com\/product\/yoast-seo-wordpress\/ -->\n<title>Stylo pH m\u00e8tre St10 Ohaus - La Boutique en ligne<\/title>\n<meta name=\"description\" content=\"Stylo pH m\u00e8tre St10 Ohaus, un outil de qualit\u00e9 fiable et polyvalent, con\u00e7u pour mesurer le pH. Son design est compact et l\u00e9ger.\" \/>\n<meta name=\"robots\" content=\"index, follow, max-snippet:-1, max-image-preview:large, max-video-preview:-1\" \/>\n<link rel=\"canonical\" href=\"https:\/\/store.microbiotech.dz\/index.php\/produit\/stylo-ph-metre-st10-ohaus-2\/\" \/>\n<meta property=\"og:locale\" content=\"fr_FR\" \/>\n<meta property=\"og:type\" content=\"article\" \/>\n<meta property=\"og:title\" content=\"Stylo pH m\u00e8tre St10 Ohaus - La Boutique en ligne\" \/>\n<meta property=\"og:description\" content=\"Stylo pH m\u00e8tre St10 Ohaus, un outil de qualit\u00e9 fiable et polyvalent, con\u00e7u pour mesurer le pH. Son design est compact et l\u00e9ger.\" \/>\n<meta property=\"og:url\" content=\"https:\/\/store.microbiotech.dz\/index.php\/produit\/stylo-ph-metre-st10-ohaus-2\/\" \/>\n<meta property=\"og:site_name\" content=\"La Boutique en ligne\" \/>\n<meta property=\"article:publisher\" content=\"https:\/\/www.facebook.com\/MicroBiotech.dz\" \/>\n<meta property=\"article:modified_time\" content=\"2023-11-28T12:00:13+00:00\" \/>\n<meta property=\"og:image\" content=\"https:\/\/store.microbiotech.dz\/wp-content\/uploads\/2023\/10\/Ajouter-des-lignes-dans-le-corps-du-texte-1.png\" \/>\n\t<meta property=\"og:image:width\" content=\"600\" \/>\n\t<meta property=\"og:image:height\" content=\"600\" \/>\n\t<meta property=\"og:image:type\" content=\"image\/png\" \/>\n<meta name=\"twitter:card\" content=\"summary_large_image\" \/>\n<meta name=\"twitter:site\" content=\"@MicrobiotechD\" \/>\n<script type=\"application\/ld+json\" class=\"yoast-schema-graph\">{\"@context\":\"https:\\\/\\\/schema.org\",\"@graph\":[{\"@type\":\"WebPage\",\"@id\":\"https:\\\/\\\/store.microbiotech.dz\\\/index.php\\\/produit\\\/stylo-ph-metre-st10-ohaus-2\\\/\",\"url\":\"https:\\\/\\\/store.microbiotech.dz\\\/index.php\\\/produit\\\/stylo-ph-metre-st10-ohaus-2\\\/\",\"name\":\"Stylo pH m\u00e8tre St10 Ohaus - La Boutique en ligne\",\"isPartOf\":{\"@id\":\"https:\\\/\\\/store.microbiotech.dz\\\/#website\"},\"primaryImageOfPage\":{\"@id\":\"https:\\\/\\\/store.microbiotech.dz\\\/index.php\\\/produit\\\/stylo-ph-metre-st10-ohaus-2\\\/#primaryimage\"},\"image\":{\"@id\":\"https:\\\/\\\/store.microbiotech.dz\\\/index.php\\\/produit\\\/stylo-ph-metre-st10-ohaus-2\\\/#primaryimage\"},\"thumbnailUrl\":\"https:\\\/\\\/store.microbiotech.dz\\\/wp-content\\\/uploads\\\/2023\\\/10\\\/Ajouter-des-lignes-dans-le-corps-du-texte-1.png\",\"datePublished\":\"2023-10-01T09:52:50+00:00\",\"dateModified\":\"2023-11-28T12:00:13+00:00\",\"description\":\"Stylo pH m\u00e8tre St10 Ohaus, un outil de qualit\u00e9 fiable et polyvalent, con\u00e7u pour mesurer le pH. Son design est compact et l\u00e9ger.\",\"breadcrumb\":{\"@id\":\"https:\\\/\\\/store.microbiotech.dz\\\/index.php\\\/produit\\\/stylo-ph-metre-st10-ohaus-2\\\/#breadcrumb\"},\"inLanguage\":\"fr-FR\",\"potentialAction\":[{\"@type\":\"ReadAction\",\"target\":[\"https:\\\/\\\/store.microbiotech.dz\\\/index.php\\\/produit\\\/stylo-ph-metre-st10-ohaus-2\\\/\"]}]},{\"@type\":\"ImageObject\",\"inLanguage\":\"fr-FR\",\"@id\":\"https:\\\/\\\/store.microbiotech.dz\\\/index.php\\\/produit\\\/stylo-ph-metre-st10-ohaus-2\\\/#primaryimage\",\"url\":\"https:\\\/\\\/store.microbiotech.dz\\\/wp-content\\\/uploads\\\/2023\\\/10\\\/Ajouter-des-lignes-dans-le-corps-du-texte-1.png\",\"contentUrl\":\"https:\\\/\\\/store.microbiotech.dz\\\/wp-content\\\/uploads\\\/2023\\\/10\\\/Ajouter-des-lignes-dans-le-corps-du-texte-1.png\",\"width\":600,\"height\":600,\"caption\":\"Stylo pH m\u00e8tre St10 Ohaus\"},{\"@type\":\"BreadcrumbList\",\"@id\":\"https:\\\/\\\/store.microbiotech.dz\\\/index.php\\\/produit\\\/stylo-ph-metre-st10-ohaus-2\\\/#breadcrumb\",\"itemListElement\":[{\"@type\":\"ListItem\",\"position\":1,\"name\":\"Accueil\",\"item\":\"https:\\\/\\\/store.microbiotech.dz\\\/\"},{\"@type\":\"ListItem\",\"position\":2,\"name\":\"Nos Produits\",\"item\":\"https:\\\/\\\/store.microbiotech.dz\\\/index.php\\\/nos-produits\\\/\"},{\"@type\":\"ListItem\",\"position\":3,\"name\":\"Stylo pH m\u00e8tre St10 Ohaus\"}]},{\"@type\":\"WebSite\",\"@id\":\"https:\\\/\\\/store.microbiotech.dz\\\/#website\",\"url\":\"https:\\\/\\\/store.microbiotech.dz\\\/\",\"name\":\"La Boutique en ligne\",\"description\":\"Qualit\u00e9 - Rapidit\u00e9 - Tranquillit\u00e9\",\"publisher\":{\"@id\":\"https:\\\/\\\/store.microbiotech.dz\\\/#organization\"},\"potentialAction\":[{\"@type\":\"SearchAction\",\"target\":{\"@type\":\"EntryPoint\",\"urlTemplate\":\"https:\\\/\\\/store.microbiotech.dz\\\/?s={search_term_string}\"},\"query-input\":{\"@type\":\"PropertyValueSpecification\",\"valueRequired\":true,\"valueName\":\"search_term_string\"}}],\"inLanguage\":\"fr-FR\"},{\"@type\":\"Organization\",\"@id\":\"https:\\\/\\\/store.microbiotech.dz\\\/#organization\",\"name\":\"Microbiotech EURL\",\"url\":\"https:\\\/\\\/store.microbiotech.dz\\\/\",\"logo\":{\"@type\":\"ImageObject\",\"inLanguage\":\"fr-FR\",\"@id\":\"https:\\\/\\\/store.microbiotech.dz\\\/#\\\/schema\\\/logo\\\/image\\\/\",\"url\":\"https:\\\/\\\/store.microbiotech.dz\\\/wp-content\\\/uploads\\\/2021\\\/09\\\/cropped-logo-microbiotech-2.jpg\",\"contentUrl\":\"https:\\\/\\\/store.microbiotech.dz\\\/wp-content\\\/uploads\\\/2021\\\/09\\\/cropped-logo-microbiotech-2.jpg\",\"width\":815,\"height\":586,\"caption\":\"Microbiotech EURL\"},\"image\":{\"@id\":\"https:\\\/\\\/store.microbiotech.dz\\\/#\\\/schema\\\/logo\\\/image\\\/\"},\"sameAs\":[\"https:\\\/\\\/www.facebook.com\\\/MicroBiotech.dz\",\"https:\\\/\\\/x.com\\\/MicrobiotechD\",\"https:\\\/\\\/www.linkedin.com\\\/in\\\/microbiotech\\\/\",\"https:\\\/\\\/www.youtube.com\\\/channel\\\/UCTxc3VIiX7LXD2LQYfZEcDg\"]}]}<\/script>\n<!-- \/ Yoast SEO plugin. -->","yoast_head_json":{"title":"Stylo pH m\u00e8tre St10 Ohaus - La Boutique en ligne","description":"Stylo pH m\u00e8tre St10 Ohaus, un outil de qualit\u00e9 fiable et polyvalent, con\u00e7u pour mesurer le pH. Son design est compact et l\u00e9ger.","robots":{"index":"index","follow":"follow","max-snippet":"max-snippet:-1","max-image-preview":"max-image-preview:large","max-video-preview":"max-video-preview:-1"},"canonical":"https:\/\/store.microbiotech.dz\/index.php\/produit\/stylo-ph-metre-st10-ohaus-2\/","og_locale":"fr_FR","og_type":"article","og_title":"Stylo pH m\u00e8tre St10 Ohaus - La Boutique en ligne","og_description":"Stylo pH m\u00e8tre St10 Ohaus, un outil de qualit\u00e9 fiable et polyvalent, con\u00e7u pour mesurer le pH. Son design est compact et l\u00e9ger.","og_url":"https:\/\/store.microbiotech.dz\/index.php\/produit\/stylo-ph-metre-st10-ohaus-2\/","og_site_name":"La Boutique en ligne","article_publisher":"https:\/\/www.facebook.com\/MicroBiotech.dz","article_modified_time":"2023-11-28T12:00:13+00:00","og_image":[{"width":600,"height":600,"url":"https:\/\/store.microbiotech.dz\/wp-content\/uploads\/2023\/10\/Ajouter-des-lignes-dans-le-corps-du-texte-1.png","type":"image\/png"}],"twitter_card":"summary_large_image","twitter_site":"@MicrobiotechD","schema":{"@context":"https:\/\/schema.org","@graph":[{"@type":"WebPage","@id":"https:\/\/store.microbiotech.dz\/index.php\/produit\/stylo-ph-metre-st10-ohaus-2\/","url":"https:\/\/store.microbiotech.dz\/index.php\/produit\/stylo-ph-metre-st10-ohaus-2\/","name":"Stylo pH m\u00e8tre St10 Ohaus - La Boutique en ligne","isPartOf":{"@id":"https:\/\/store.microbiotech.dz\/#website"},"primaryImageOfPage":{"@id":"https:\/\/store.microbiotech.dz\/index.php\/produit\/stylo-ph-metre-st10-ohaus-2\/#primaryimage"},"image":{"@id":"https:\/\/store.microbiotech.dz\/index.php\/produit\/stylo-ph-metre-st10-ohaus-2\/#primaryimage"},"thumbnailUrl":"https:\/\/store.microbiotech.dz\/wp-content\/uploads\/2023\/10\/Ajouter-des-lignes-dans-le-corps-du-texte-1.png","datePublished":"2023-10-01T09:52:50+00:00","dateModified":"2023-11-28T12:00:13+00:00","description":"Stylo pH m\u00e8tre St10 Ohaus, un outil de qualit\u00e9 fiable et polyvalent, con\u00e7u pour mesurer le pH. Son design est compact et l\u00e9ger.","breadcrumb":{"@id":"https:\/\/store.microbiotech.dz\/index.php\/produit\/stylo-ph-metre-st10-ohaus-2\/#breadcrumb"},"inLanguage":"fr-FR","potentialAction":[{"@type":"ReadAction","target":["https:\/\/store.microbiotech.dz\/index.php\/produit\/stylo-ph-metre-st10-ohaus-2\/"]}]},{"@type":"ImageObject","inLanguage":"fr-FR","@id":"https:\/\/store.microbiotech.dz\/index.php\/produit\/stylo-ph-metre-st10-ohaus-2\/#primaryimage","url":"https:\/\/store.microbiotech.dz\/wp-content\/uploads\/2023\/10\/Ajouter-des-lignes-dans-le-corps-du-texte-1.png","contentUrl":"https:\/\/store.microbiotech.dz\/wp-content\/uploads\/2023\/10\/Ajouter-des-lignes-dans-le-corps-du-texte-1.png","width":600,"height":600,"caption":"Stylo pH m\u00e8tre St10 Ohaus"},{"@type":"BreadcrumbList","@id":"https:\/\/store.microbiotech.dz\/index.php\/produit\/stylo-ph-metre-st10-ohaus-2\/#breadcrumb","itemListElement":[{"@type":"ListItem","position":1,"name":"Accueil","item":"https:\/\/store.microbiotech.dz\/"},{"@type":"ListItem","position":2,"name":"Nos Produits","item":"https:\/\/store.microbiotech.dz\/index.php\/nos-produits\/"},{"@type":"ListItem","position":3,"name":"Stylo pH m\u00e8tre St10 Ohaus"}]},{"@type":"WebSite","@id":"https:\/\/store.microbiotech.dz\/#website","url":"https:\/\/store.microbiotech.dz\/","name":"La Boutique en ligne","description":"Qualit\u00e9 - Rapidit\u00e9 - Tranquillit\u00e9","publisher":{"@id":"https:\/\/store.microbiotech.dz\/#organization"},"potentialAction":[{"@type":"SearchAction","target":{"@type":"EntryPoint","urlTemplate":"https:\/\/store.microbiotech.dz\/?s={search_term_string}"},"query-input":{"@type":"PropertyValueSpecification","valueRequired":true,"valueName":"search_term_string"}}],"inLanguage":"fr-FR"},{"@type":"Organization","@id":"https:\/\/store.microbiotech.dz\/#organization","name":"Microbiotech EURL","url":"https:\/\/store.microbiotech.dz\/","logo":{"@type":"ImageObject","inLanguage":"fr-FR","@id":"https:\/\/store.microbiotech.dz\/#\/schema\/logo\/image\/","url":"https:\/\/store.microbiotech.dz\/wp-content\/uploads\/2021\/09\/cropped-logo-microbiotech-2.jpg","contentUrl":"https:\/\/store.microbiotech.dz\/wp-content\/uploads\/2021\/09\/cropped-logo-microbiotech-2.jpg","width":815,"height":586,"caption":"Microbiotech EURL"},"image":{"@id":"https:\/\/store.microbiotech.dz\/#\/schema\/logo\/image\/"},"sameAs":["https:\/\/www.facebook.com\/MicroBiotech.dz","https:\/\/x.com\/MicrobiotechD","https:\/\/www.linkedin.com\/in\/microbiotech\/","https:\/\/www.youtube.com\/channel\/UCTxc3VIiX7LXD2LQYfZEcDg"]}]}},"jetpack_sharing_enabled":true,"_links":{"self":[{"href":"https:\/\/store.microbiotech.dz\/index.php\/wp-json\/wp\/v2\/product\/5699","targetHints":{"allow":["GET"]}}],"collection":[{"href":"https:\/\/store.microbiotech.dz\/index.php\/wp-json\/wp\/v2\/product"}],"about":[{"href":"https:\/\/store.microbiotech.dz\/index.php\/wp-json\/wp\/v2\/types\/product"}],"replies":[{"embeddable":true,"href":"https:\/\/store.microbiotech.dz\/index.php\/wp-json\/wp\/v2\/comments?post=5699"}],"wp:featuredmedia":[{"embeddable":true,"href":"https:\/\/store.microbiotech.dz\/index.php\/wp-json\/wp\/v2\/media\/5701"}],"wp:attachment":[{"href":"https:\/\/store.microbiotech.dz\/index.php\/wp-json\/wp\/v2\/media?parent=5699"}],"wp:term":[{"taxonomy":"product_brand","embeddable":true,"href":"https:\/\/store.microbiotech.dz\/index.php\/wp-json\/wp\/v2\/product_brand?post=5699"},{"taxonomy":"product_cat","embeddable":true,"href":"https:\/\/store.microbiotech.dz\/index.php\/wp-json\/wp\/v2\/product_cat?post=5699"},{"taxonomy":"product_tag","embeddable":true,"href":"https:\/\/store.microbiotech.dz\/index.php\/wp-json\/wp\/v2\/product_tag?post=5699"}],"curies":[{"name":"wp","href":"https:\/\/api.w.org\/{rel}","templated":true}]}}