{"id":5678,"date":"2023-09-27T11:25:19","date_gmt":"2023-09-27T10:25:19","guid":{"rendered":"https:\/\/store.microbiotech.dz\/?post_type=product&#038;p=5678"},"modified":"2026-01-05T12:09:00","modified_gmt":"2026-01-05T11:09:00","slug":"loupe-binoculaire-bresser","status":"publish","type":"product","link":"https:\/\/store.microbiotech.dz\/index.php\/produit\/loupe-binoculaire-bresser\/","title":{"rendered":"Loupe binoculaire BRESSER"},"content":{"rendered":"<p>La Loupe <a href=\"https:\/\/store.microbiotech.dz\/?s=binoculaire\" target=\"_blank\" rel=\"noopener\">binoculaire<\/a> <a href=\"https:\/\/www.bresser.fr\/\" target=\"_blank\" rel=\"noopener\">BRESSER<b>\u00a0<\/b><\/a>de haute qualit\u00e9 est tr\u00e8s polyvalente, \u00e9quip\u00e9e d\u2019un \u00e9clairage LED ou pas \u00e0 intensit\u00e9 variable pour une utilisation en poste mobile. Avec des objectifs mont\u00e9s sur tourelle rotative pour un changement ultra rapide du grossissement.<\/p>\n<p>Les images observ\u00e9es sont riches en d\u00e9tails et parfaitement contrast\u00e9es. La t\u00eate binoculaire est orientable sur 360 \u00b0 permet d\u2019obtenir une position d\u2019observation toujours confortable. Le r\u00e9glage dioptrique des oculaires s\u2019adapte \u00e0 la vision de chaque utilisateur<\/p>\n","protected":false},"excerpt":{"rendered":"<p>Marque :\u00a0<strong>Bresser\u00a0<img loading=\"lazy\" decoding=\"async\" class=\"alignnone wp-image-1649\" src=\"https:\/\/store.microbiotech.dz\/wp-content\/uploads\/2022\/04\/51968274-le-drapeau-allemand-icone-matte-ronde-isole-sur-fond-blanc--300x300.webp\" alt=\"\" width=\"44\" height=\"44\" srcset=\"https:\/\/store.microbiotech.dz\/wp-content\/uploads\/2022\/04\/51968274-le-drapeau-allemand-icone-matte-ronde-isole-sur-fond-blanc--300x300.webp 300w, https:\/\/store.microbiotech.dz\/wp-content\/uploads\/2022\/04\/51968274-le-drapeau-allemand-icone-matte-ronde-isole-sur-fond-blanc--150x150.webp 150w, https:\/\/store.microbiotech.dz\/wp-content\/uploads\/2022\/04\/51968274-le-drapeau-allemand-icone-matte-ronde-isole-sur-fond-blanc--100x100.webp 100w, https:\/\/store.microbiotech.dz\/wp-content\/uploads\/2022\/04\/51968274-le-drapeau-allemand-icone-matte-ronde-isole-sur-fond-blanc-.webp 450w\" sizes=\"auto, (max-width: 44px) 100vw, 44px\" \/><\/strong><br \/>\nGrossissement : \u00d7<strong>20 &#8211; \u00d740 \/ r\u00e9glage dioptrique<\/strong><br \/>\nT\u00eate binoculaire : <strong>orientable sur 360\u00b0<\/strong><br \/>\nT\u00e9l\u00e9chargements : <a href=\"https:\/\/store.microbiotech.dz\/wp-content\/uploads\/2023\/09\/loupe-bresser.pdf\">fiche technique de la loupe avec LED<\/a><\/p>\n","protected":false},"featured_media":5679,"comment_status":"open","ping_status":"closed","template":"","meta":{"site-sidebar-layout":"default","site-content-layout":"","ast-site-content-layout":"default","site-content-style":"default","site-sidebar-style":"default","ast-global-header-display":"","ast-banner-title-visibility":"","ast-main-header-display":"","ast-hfb-above-header-display":"","ast-hfb-below-header-display":"","ast-hfb-mobile-header-display":"","site-post-title":"","ast-breadcrumbs-content":"","ast-featured-img":"","footer-sml-layout":"","ast-disable-related-posts":"","theme-transparent-header-meta":"default","adv-header-id-meta":"","stick-header-meta":"","header-above-stick-meta":"","header-main-stick-meta":"","header-below-stick-meta":"","astra-migrate-meta-layouts":"set","ast-page-background-enabled":"default","ast-page-background-meta":{"desktop":{"background-color":"var(--ast-global-color-4)","background-image":"","background-repeat":"repeat","background-position":"center center","background-size":"auto","background-attachment":"scroll","background-type":"","background-media":"","overlay-type":"","overlay-color":"","overlay-opacity":"","overlay-gradient":""},"tablet":{"background-color":"","background-image":"","background-repeat":"repeat","background-position":"center center","background-size":"auto","background-attachment":"scroll","background-type":"","background-media":"","overlay-type":"","overlay-color":"","overlay-opacity":"","overlay-gradient":""},"mobile":{"background-color":"","background-image":"","background-repeat":"repeat","background-position":"center center","background-size":"auto","background-attachment":"scroll","background-type":"","background-media":"","overlay-type":"","overlay-color":"","overlay-opacity":"","overlay-gradient":""}},"ast-content-background-meta":{"desktop":{"background-color":"var(--ast-global-color-5)","background-image":"","background-repeat":"repeat","background-position":"center center","background-size":"auto","background-attachment":"scroll","background-type":"","background-media":"","overlay-type":"","overlay-color":"","overlay-opacity":"","overlay-gradient":""},"tablet":{"background-color":"var(--ast-global-color-5)","background-image":"","background-repeat":"repeat","background-position":"center center","background-size":"auto","background-attachment":"scroll","background-type":"","background-media":"","overlay-type":"","overlay-color":"","overlay-opacity":"","overlay-gradient":""},"mobile":{"background-color":"var(--ast-global-color-5)","background-image":"","background-repeat":"repeat","background-position":"center center","background-size":"auto","background-attachment":"scroll","background-type":"","background-media":"","overlay-type":"","overlay-color":"","overlay-opacity":"","overlay-gradient":""}},"jetpack_post_was_ever_published":false},"product_brand":[],"product_cat":[238],"product_tag":[899,930,1257,894,2643,2644],"class_list":{"0":"post-5678","1":"product","2":"type-product","3":"status-publish","4":"has-post-thumbnail","6":"product_cat-equipements","7":"product_tag-binoculaire","8":"product_tag-f90","9":"product_tag-loupe","10":"product_tag-microscope","11":"product_tag-stereo","12":"product_tag-stereomicroscope","13":"product_shipping_class-temperature-ambiante","14":"desktop-align-center","15":"tablet-align-left","16":"mobile-align-left","18":"first","19":"outofstock","20":"taxable","21":"shipping-taxable","22":"product-type-variable"},"yoast_head":"<!-- This site is optimized with the Yoast SEO plugin v27.4 - https:\/\/yoast.com\/product\/yoast-seo-wordpress\/ -->\n<title>Loupe binoculaire BRESSER - La Boutique en ligne<\/title>\n<meta name=\"description\" content=\"Loupe binoculaire BRESSER Avec des objectifs mont\u00e9s sur tourelle rotative pour un changement ultra rapide du grossissement.\" \/>\n<meta name=\"robots\" content=\"index, follow, max-snippet:-1, max-image-preview:large, max-video-preview:-1\" \/>\n<link rel=\"canonical\" href=\"https:\/\/store.microbiotech.dz\/index.php\/produit\/loupe-binoculaire-bresser\/\" \/>\n<meta property=\"og:locale\" content=\"fr_FR\" \/>\n<meta property=\"og:type\" content=\"article\" \/>\n<meta property=\"og:title\" content=\"Loupe binoculaire BRESSER - La Boutique en ligne\" \/>\n<meta property=\"og:description\" content=\"Loupe binoculaire BRESSER Avec des objectifs mont\u00e9s sur tourelle rotative pour un changement ultra rapide du grossissement.\" \/>\n<meta property=\"og:url\" content=\"https:\/\/store.microbiotech.dz\/index.php\/produit\/loupe-binoculaire-bresser\/\" \/>\n<meta property=\"og:site_name\" content=\"La Boutique en ligne\" \/>\n<meta property=\"article:publisher\" content=\"https:\/\/www.facebook.com\/MicroBiotech.dz\" \/>\n<meta property=\"article:modified_time\" content=\"2026-01-05T11:09:00+00:00\" \/>\n<meta property=\"og:image\" content=\"https:\/\/store.microbiotech.dz\/wp-content\/uploads\/2023\/09\/Design-sans-titre-5-1.png\" \/>\n\t<meta property=\"og:image:width\" content=\"600\" \/>\n\t<meta property=\"og:image:height\" content=\"600\" \/>\n\t<meta property=\"og:image:type\" content=\"image\/png\" \/>\n<meta name=\"twitter:card\" content=\"summary_large_image\" \/>\n<meta name=\"twitter:site\" content=\"@MicrobiotechD\" \/>\n<script type=\"application\/ld+json\" class=\"yoast-schema-graph\">{\"@context\":\"https:\\\/\\\/schema.org\",\"@graph\":[{\"@type\":\"WebPage\",\"@id\":\"https:\\\/\\\/store.microbiotech.dz\\\/index.php\\\/produit\\\/loupe-binoculaire-bresser\\\/\",\"url\":\"https:\\\/\\\/store.microbiotech.dz\\\/index.php\\\/produit\\\/loupe-binoculaire-bresser\\\/\",\"name\":\"Loupe binoculaire BRESSER - La Boutique en ligne\",\"isPartOf\":{\"@id\":\"https:\\\/\\\/store.microbiotech.dz\\\/#website\"},\"primaryImageOfPage\":{\"@id\":\"https:\\\/\\\/store.microbiotech.dz\\\/index.php\\\/produit\\\/loupe-binoculaire-bresser\\\/#primaryimage\"},\"image\":{\"@id\":\"https:\\\/\\\/store.microbiotech.dz\\\/index.php\\\/produit\\\/loupe-binoculaire-bresser\\\/#primaryimage\"},\"thumbnailUrl\":\"https:\\\/\\\/store.microbiotech.dz\\\/wp-content\\\/uploads\\\/2023\\\/09\\\/Design-sans-titre-5-1.png\",\"datePublished\":\"2023-09-27T10:25:19+00:00\",\"dateModified\":\"2026-01-05T11:09:00+00:00\",\"description\":\"Loupe binoculaire BRESSER Avec des objectifs mont\u00e9s sur tourelle rotative pour un changement ultra rapide du grossissement.\",\"breadcrumb\":{\"@id\":\"https:\\\/\\\/store.microbiotech.dz\\\/index.php\\\/produit\\\/loupe-binoculaire-bresser\\\/#breadcrumb\"},\"inLanguage\":\"fr-FR\",\"potentialAction\":[{\"@type\":\"ReadAction\",\"target\":[\"https:\\\/\\\/store.microbiotech.dz\\\/index.php\\\/produit\\\/loupe-binoculaire-bresser\\\/\"]}]},{\"@type\":\"ImageObject\",\"inLanguage\":\"fr-FR\",\"@id\":\"https:\\\/\\\/store.microbiotech.dz\\\/index.php\\\/produit\\\/loupe-binoculaire-bresser\\\/#primaryimage\",\"url\":\"https:\\\/\\\/store.microbiotech.dz\\\/wp-content\\\/uploads\\\/2023\\\/09\\\/Design-sans-titre-5-1.png\",\"contentUrl\":\"https:\\\/\\\/store.microbiotech.dz\\\/wp-content\\\/uploads\\\/2023\\\/09\\\/Design-sans-titre-5-1.png\",\"width\":600,\"height\":600,\"caption\":\"Loupe binoculaire BRESSER\"},{\"@type\":\"BreadcrumbList\",\"@id\":\"https:\\\/\\\/store.microbiotech.dz\\\/index.php\\\/produit\\\/loupe-binoculaire-bresser\\\/#breadcrumb\",\"itemListElement\":[{\"@type\":\"ListItem\",\"position\":1,\"name\":\"Accueil\",\"item\":\"https:\\\/\\\/store.microbiotech.dz\\\/\"},{\"@type\":\"ListItem\",\"position\":2,\"name\":\"Nos Produits\",\"item\":\"https:\\\/\\\/store.microbiotech.dz\\\/index.php\\\/nos-produits\\\/\"},{\"@type\":\"ListItem\",\"position\":3,\"name\":\"Loupe binoculaire BRESSER\"}]},{\"@type\":\"WebSite\",\"@id\":\"https:\\\/\\\/store.microbiotech.dz\\\/#website\",\"url\":\"https:\\\/\\\/store.microbiotech.dz\\\/\",\"name\":\"La Boutique en ligne\",\"description\":\"Qualit\u00e9 - Rapidit\u00e9 - Tranquillit\u00e9\",\"publisher\":{\"@id\":\"https:\\\/\\\/store.microbiotech.dz\\\/#organization\"},\"potentialAction\":[{\"@type\":\"SearchAction\",\"target\":{\"@type\":\"EntryPoint\",\"urlTemplate\":\"https:\\\/\\\/store.microbiotech.dz\\\/?s={search_term_string}\"},\"query-input\":{\"@type\":\"PropertyValueSpecification\",\"valueRequired\":true,\"valueName\":\"search_term_string\"}}],\"inLanguage\":\"fr-FR\"},{\"@type\":\"Organization\",\"@id\":\"https:\\\/\\\/store.microbiotech.dz\\\/#organization\",\"name\":\"Microbiotech EURL\",\"url\":\"https:\\\/\\\/store.microbiotech.dz\\\/\",\"logo\":{\"@type\":\"ImageObject\",\"inLanguage\":\"fr-FR\",\"@id\":\"https:\\\/\\\/store.microbiotech.dz\\\/#\\\/schema\\\/logo\\\/image\\\/\",\"url\":\"https:\\\/\\\/store.microbiotech.dz\\\/wp-content\\\/uploads\\\/2021\\\/09\\\/cropped-logo-microbiotech-2.jpg\",\"contentUrl\":\"https:\\\/\\\/store.microbiotech.dz\\\/wp-content\\\/uploads\\\/2021\\\/09\\\/cropped-logo-microbiotech-2.jpg\",\"width\":815,\"height\":586,\"caption\":\"Microbiotech EURL\"},\"image\":{\"@id\":\"https:\\\/\\\/store.microbiotech.dz\\\/#\\\/schema\\\/logo\\\/image\\\/\"},\"sameAs\":[\"https:\\\/\\\/www.facebook.com\\\/MicroBiotech.dz\",\"https:\\\/\\\/x.com\\\/MicrobiotechD\",\"https:\\\/\\\/www.linkedin.com\\\/in\\\/microbiotech\\\/\",\"https:\\\/\\\/www.youtube.com\\\/channel\\\/UCTxc3VIiX7LXD2LQYfZEcDg\"]}]}<\/script>\n<!-- \/ Yoast SEO plugin. -->","yoast_head_json":{"title":"Loupe binoculaire BRESSER - La Boutique en ligne","description":"Loupe binoculaire BRESSER Avec des objectifs mont\u00e9s sur tourelle rotative pour un changement ultra rapide du grossissement.","robots":{"index":"index","follow":"follow","max-snippet":"max-snippet:-1","max-image-preview":"max-image-preview:large","max-video-preview":"max-video-preview:-1"},"canonical":"https:\/\/store.microbiotech.dz\/index.php\/produit\/loupe-binoculaire-bresser\/","og_locale":"fr_FR","og_type":"article","og_title":"Loupe binoculaire BRESSER - La Boutique en ligne","og_description":"Loupe binoculaire BRESSER Avec des objectifs mont\u00e9s sur tourelle rotative pour un changement ultra rapide du grossissement.","og_url":"https:\/\/store.microbiotech.dz\/index.php\/produit\/loupe-binoculaire-bresser\/","og_site_name":"La Boutique en ligne","article_publisher":"https:\/\/www.facebook.com\/MicroBiotech.dz","article_modified_time":"2026-01-05T11:09:00+00:00","og_image":[{"width":600,"height":600,"url":"https:\/\/store.microbiotech.dz\/wp-content\/uploads\/2023\/09\/Design-sans-titre-5-1.png","type":"image\/png"}],"twitter_card":"summary_large_image","twitter_site":"@MicrobiotechD","schema":{"@context":"https:\/\/schema.org","@graph":[{"@type":"WebPage","@id":"https:\/\/store.microbiotech.dz\/index.php\/produit\/loupe-binoculaire-bresser\/","url":"https:\/\/store.microbiotech.dz\/index.php\/produit\/loupe-binoculaire-bresser\/","name":"Loupe binoculaire BRESSER - La Boutique en ligne","isPartOf":{"@id":"https:\/\/store.microbiotech.dz\/#website"},"primaryImageOfPage":{"@id":"https:\/\/store.microbiotech.dz\/index.php\/produit\/loupe-binoculaire-bresser\/#primaryimage"},"image":{"@id":"https:\/\/store.microbiotech.dz\/index.php\/produit\/loupe-binoculaire-bresser\/#primaryimage"},"thumbnailUrl":"https:\/\/store.microbiotech.dz\/wp-content\/uploads\/2023\/09\/Design-sans-titre-5-1.png","datePublished":"2023-09-27T10:25:19+00:00","dateModified":"2026-01-05T11:09:00+00:00","description":"Loupe binoculaire BRESSER Avec des objectifs mont\u00e9s sur tourelle rotative pour un changement ultra rapide du grossissement.","breadcrumb":{"@id":"https:\/\/store.microbiotech.dz\/index.php\/produit\/loupe-binoculaire-bresser\/#breadcrumb"},"inLanguage":"fr-FR","potentialAction":[{"@type":"ReadAction","target":["https:\/\/store.microbiotech.dz\/index.php\/produit\/loupe-binoculaire-bresser\/"]}]},{"@type":"ImageObject","inLanguage":"fr-FR","@id":"https:\/\/store.microbiotech.dz\/index.php\/produit\/loupe-binoculaire-bresser\/#primaryimage","url":"https:\/\/store.microbiotech.dz\/wp-content\/uploads\/2023\/09\/Design-sans-titre-5-1.png","contentUrl":"https:\/\/store.microbiotech.dz\/wp-content\/uploads\/2023\/09\/Design-sans-titre-5-1.png","width":600,"height":600,"caption":"Loupe binoculaire BRESSER"},{"@type":"BreadcrumbList","@id":"https:\/\/store.microbiotech.dz\/index.php\/produit\/loupe-binoculaire-bresser\/#breadcrumb","itemListElement":[{"@type":"ListItem","position":1,"name":"Accueil","item":"https:\/\/store.microbiotech.dz\/"},{"@type":"ListItem","position":2,"name":"Nos Produits","item":"https:\/\/store.microbiotech.dz\/index.php\/nos-produits\/"},{"@type":"ListItem","position":3,"name":"Loupe binoculaire BRESSER"}]},{"@type":"WebSite","@id":"https:\/\/store.microbiotech.dz\/#website","url":"https:\/\/store.microbiotech.dz\/","name":"La Boutique en ligne","description":"Qualit\u00e9 - Rapidit\u00e9 - Tranquillit\u00e9","publisher":{"@id":"https:\/\/store.microbiotech.dz\/#organization"},"potentialAction":[{"@type":"SearchAction","target":{"@type":"EntryPoint","urlTemplate":"https:\/\/store.microbiotech.dz\/?s={search_term_string}"},"query-input":{"@type":"PropertyValueSpecification","valueRequired":true,"valueName":"search_term_string"}}],"inLanguage":"fr-FR"},{"@type":"Organization","@id":"https:\/\/store.microbiotech.dz\/#organization","name":"Microbiotech EURL","url":"https:\/\/store.microbiotech.dz\/","logo":{"@type":"ImageObject","inLanguage":"fr-FR","@id":"https:\/\/store.microbiotech.dz\/#\/schema\/logo\/image\/","url":"https:\/\/store.microbiotech.dz\/wp-content\/uploads\/2021\/09\/cropped-logo-microbiotech-2.jpg","contentUrl":"https:\/\/store.microbiotech.dz\/wp-content\/uploads\/2021\/09\/cropped-logo-microbiotech-2.jpg","width":815,"height":586,"caption":"Microbiotech EURL"},"image":{"@id":"https:\/\/store.microbiotech.dz\/#\/schema\/logo\/image\/"},"sameAs":["https:\/\/www.facebook.com\/MicroBiotech.dz","https:\/\/x.com\/MicrobiotechD","https:\/\/www.linkedin.com\/in\/microbiotech\/","https:\/\/www.youtube.com\/channel\/UCTxc3VIiX7LXD2LQYfZEcDg"]}]}},"jetpack_sharing_enabled":true,"_links":{"self":[{"href":"https:\/\/store.microbiotech.dz\/index.php\/wp-json\/wp\/v2\/product\/5678","targetHints":{"allow":["GET"]}}],"collection":[{"href":"https:\/\/store.microbiotech.dz\/index.php\/wp-json\/wp\/v2\/product"}],"about":[{"href":"https:\/\/store.microbiotech.dz\/index.php\/wp-json\/wp\/v2\/types\/product"}],"replies":[{"embeddable":true,"href":"https:\/\/store.microbiotech.dz\/index.php\/wp-json\/wp\/v2\/comments?post=5678"}],"wp:featuredmedia":[{"embeddable":true,"href":"https:\/\/store.microbiotech.dz\/index.php\/wp-json\/wp\/v2\/media\/5679"}],"wp:attachment":[{"href":"https:\/\/store.microbiotech.dz\/index.php\/wp-json\/wp\/v2\/media?parent=5678"}],"wp:term":[{"taxonomy":"product_brand","embeddable":true,"href":"https:\/\/store.microbiotech.dz\/index.php\/wp-json\/wp\/v2\/product_brand?post=5678"},{"taxonomy":"product_cat","embeddable":true,"href":"https:\/\/store.microbiotech.dz\/index.php\/wp-json\/wp\/v2\/product_cat?post=5678"},{"taxonomy":"product_tag","embeddable":true,"href":"https:\/\/store.microbiotech.dz\/index.php\/wp-json\/wp\/v2\/product_tag?post=5678"}],"curies":[{"name":"wp","href":"https:\/\/api.w.org\/{rel}","templated":true}]}}