{"id":5599,"date":"2023-09-18T13:33:38","date_gmt":"2023-09-18T12:33:38","guid":{"rendered":"https:\/\/store.microbiotech.dz\/?post_type=product&#038;p=5599"},"modified":"2026-03-24T13:08:03","modified_gmt":"2026-03-24T12:08:03","slug":"balance-analytique-joanlab","status":"publish","type":"product","link":"https:\/\/store.microbiotech.dz\/index.php\/produit\/balance-analytique-joanlab\/","title":{"rendered":"Balance analytique Joanlab"},"content":{"rendered":"<p><a href=\"https:\/\/store.microbiotech.dz\/?s=balance\" target=\"_blank\" rel=\"noopener\">Balance<\/a> analytique <a href=\"https:\/\/www.joanlab.com\/\" target=\"_blank\" rel=\"noopener\">Joanlab<\/a> de haute qualit\u00e9, caract\u00e9ris\u00e9 par :<\/p>\n<ul>\n<li>une technologie de compensation de force \u00e9lectromagn\u00e9tique.<\/li>\n<li>une base moul\u00e9e sous pression en alliage d&rsquo;aluminium et plateau en acier inoxydable.<\/li>\n<li>un \u00e9cran LED tr\u00e8s lumineux avec r\u00e9tro\u00e9clairage.<\/li>\n<li>un pare-brise en verre transparent fourni en standard.<\/li>\n<li>une protection contre les surcharges, r\u00e9glage du niveau \u00e0 bulle, sous le crochet.<\/li>\n<li>une multitude d&rsquo;unit\u00e9s de pes\u00e9e : g\/mg\/ct\/oz.<\/li>\n<li>un calibrage interne au choix.<\/li>\n<\/ul>\n","protected":false},"excerpt":{"rendered":"<p>&nbsp;<\/p>\n<p>Marque :\u00a0<b>Joanlab\u00a0<\/b><img loading=\"lazy\" decoding=\"async\" class=\"alignnone wp-image-1795 lazyloaded\" src=\"https:\/\/store.microbiotech.dz\/wp-content\/uploads\/2022\/04\/China-Flag.png\" alt=\"\" width=\"35\" height=\"35\" data-src=\"https:\/\/store.microbiotech.dz\/wp-content\/uploads\/2022\/04\/China-Flag.png\" srcset=\"https:\/\/store.microbiotech.dz\/wp-content\/uploads\/2022\/04\/China-Flag.png 224w, https:\/\/store.microbiotech.dz\/wp-content\/uploads\/2022\/04\/China-Flag-150x150.png 150w, https:\/\/store.microbiotech.dz\/wp-content\/uploads\/2022\/04\/China-Flag-100x100.png 100w\" sizes=\"auto, (max-width: 35px) 100vw, 35px\" \/><\/p>\n","protected":false},"featured_media":5600,"comment_status":"open","ping_status":"closed","template":"","meta":{"site-sidebar-layout":"default","site-content-layout":"","ast-site-content-layout":"default","site-content-style":"default","site-sidebar-style":"default","ast-global-header-display":"","ast-banner-title-visibility":"","ast-main-header-display":"","ast-hfb-above-header-display":"","ast-hfb-below-header-display":"","ast-hfb-mobile-header-display":"","site-post-title":"","ast-breadcrumbs-content":"","ast-featured-img":"","footer-sml-layout":"","ast-disable-related-posts":"","theme-transparent-header-meta":"default","adv-header-id-meta":"","stick-header-meta":"","header-above-stick-meta":"","header-main-stick-meta":"","header-below-stick-meta":"","astra-migrate-meta-layouts":"set","ast-page-background-enabled":"default","ast-page-background-meta":{"desktop":{"background-color":"var(--ast-global-color-4)","background-image":"","background-repeat":"repeat","background-position":"center center","background-size":"auto","background-attachment":"scroll","background-type":"","background-media":"","overlay-type":"","overlay-color":"","overlay-opacity":"","overlay-gradient":""},"tablet":{"background-color":"","background-image":"","background-repeat":"repeat","background-position":"center center","background-size":"auto","background-attachment":"scroll","background-type":"","background-media":"","overlay-type":"","overlay-color":"","overlay-opacity":"","overlay-gradient":""},"mobile":{"background-color":"","background-image":"","background-repeat":"repeat","background-position":"center center","background-size":"auto","background-attachment":"scroll","background-type":"","background-media":"","overlay-type":"","overlay-color":"","overlay-opacity":"","overlay-gradient":""}},"ast-content-background-meta":{"desktop":{"background-color":"var(--ast-global-color-5)","background-image":"","background-repeat":"repeat","background-position":"center center","background-size":"auto","background-attachment":"scroll","background-type":"","background-media":"","overlay-type":"","overlay-color":"","overlay-opacity":"","overlay-gradient":""},"tablet":{"background-color":"var(--ast-global-color-5)","background-image":"","background-repeat":"repeat","background-position":"center center","background-size":"auto","background-attachment":"scroll","background-type":"","background-media":"","overlay-type":"","overlay-color":"","overlay-opacity":"","overlay-gradient":""},"mobile":{"background-color":"var(--ast-global-color-5)","background-image":"","background-repeat":"repeat","background-position":"center center","background-size":"auto","background-attachment":"scroll","background-type":"","background-media":"","overlay-type":"","overlay-color":"","overlay-opacity":"","overlay-gradient":""}},"jetpack_post_was_ever_published":true},"product_brand":[],"product_cat":[238],"product_tag":[590,1324,930,288,1073],"class_list":{"0":"post-5599","1":"product","2":"type-product","3":"status-publish","4":"has-post-thumbnail","6":"product_cat-equipements","7":"product_tag-balance","8":"product_tag-balance-analytique","9":"product_tag-f90","10":"product_tag-joan-lab","11":"product_tag-joanlab","12":"product_shipping_class-temperature-ambiante","13":"desktop-align-center","14":"tablet-align-left","15":"mobile-align-left","17":"first","18":"instock","19":"taxable","20":"shipping-taxable","21":"purchasable","22":"product-type-variable"},"yoast_head":"<!-- This site is optimized with the Yoast SEO plugin v27.4 - https:\/\/yoast.com\/product\/yoast-seo-wordpress\/ -->\n<title>Balance analytique Joanlab - La Boutique en ligne<\/title>\n<meta name=\"description\" content=\"Balance analytique Joanlab de haute qualit\u00e9 et avec une haute pr\u00e9cision. N&#039;h\u00e9sitez pas et commandez d\u00e8s maintenant sur microbiotech.dz\" \/>\n<meta name=\"robots\" content=\"index, follow, max-snippet:-1, max-image-preview:large, max-video-preview:-1\" \/>\n<link rel=\"canonical\" href=\"https:\/\/store.microbiotech.dz\/index.php\/produit\/balance-analytique-joanlab\/\" \/>\n<meta property=\"og:locale\" content=\"fr_FR\" \/>\n<meta property=\"og:type\" content=\"article\" \/>\n<meta property=\"og:title\" content=\"Balance analytique Joanlab - La Boutique en ligne\" \/>\n<meta property=\"og:description\" content=\"Balance analytique Joanlab de haute qualit\u00e9 et avec une haute pr\u00e9cision. N&#039;h\u00e9sitez pas et commandez d\u00e8s maintenant sur microbiotech.dz\" \/>\n<meta property=\"og:url\" content=\"https:\/\/store.microbiotech.dz\/index.php\/produit\/balance-analytique-joanlab\/\" \/>\n<meta property=\"og:site_name\" content=\"La Boutique en ligne\" \/>\n<meta property=\"article:publisher\" content=\"https:\/\/www.facebook.com\/MicroBiotech.dz\" \/>\n<meta property=\"article:modified_time\" content=\"2026-03-24T12:08:03+00:00\" \/>\n<meta property=\"og:image\" content=\"https:\/\/store.microbiotech.dz\/wp-content\/uploads\/2023\/09\/Testeur-dhuile-de-friture-DISPONIBLE-8.png\" \/>\n\t<meta property=\"og:image:width\" content=\"600\" \/>\n\t<meta property=\"og:image:height\" content=\"600\" \/>\n\t<meta property=\"og:image:type\" content=\"image\/png\" \/>\n<meta name=\"twitter:card\" content=\"summary_large_image\" \/>\n<meta name=\"twitter:site\" content=\"@MicrobiotechD\" \/>\n<script type=\"application\/ld+json\" class=\"yoast-schema-graph\">{\"@context\":\"https:\\\/\\\/schema.org\",\"@graph\":[{\"@type\":\"WebPage\",\"@id\":\"https:\\\/\\\/store.microbiotech.dz\\\/index.php\\\/produit\\\/balance-analytique-joanlab\\\/\",\"url\":\"https:\\\/\\\/store.microbiotech.dz\\\/index.php\\\/produit\\\/balance-analytique-joanlab\\\/\",\"name\":\"Balance analytique Joanlab - La Boutique en ligne\",\"isPartOf\":{\"@id\":\"https:\\\/\\\/store.microbiotech.dz\\\/#website\"},\"primaryImageOfPage\":{\"@id\":\"https:\\\/\\\/store.microbiotech.dz\\\/index.php\\\/produit\\\/balance-analytique-joanlab\\\/#primaryimage\"},\"image\":{\"@id\":\"https:\\\/\\\/store.microbiotech.dz\\\/index.php\\\/produit\\\/balance-analytique-joanlab\\\/#primaryimage\"},\"thumbnailUrl\":\"https:\\\/\\\/store.microbiotech.dz\\\/wp-content\\\/uploads\\\/2023\\\/09\\\/Testeur-dhuile-de-friture-DISPONIBLE-8.png\",\"datePublished\":\"2023-09-18T12:33:38+00:00\",\"dateModified\":\"2026-03-24T12:08:03+00:00\",\"description\":\"Balance analytique Joanlab de haute qualit\u00e9 et avec une haute pr\u00e9cision. N'h\u00e9sitez pas et commandez d\u00e8s maintenant sur microbiotech.dz\",\"breadcrumb\":{\"@id\":\"https:\\\/\\\/store.microbiotech.dz\\\/index.php\\\/produit\\\/balance-analytique-joanlab\\\/#breadcrumb\"},\"inLanguage\":\"fr-FR\",\"potentialAction\":[{\"@type\":\"ReadAction\",\"target\":[\"https:\\\/\\\/store.microbiotech.dz\\\/index.php\\\/produit\\\/balance-analytique-joanlab\\\/\"]}]},{\"@type\":\"ImageObject\",\"inLanguage\":\"fr-FR\",\"@id\":\"https:\\\/\\\/store.microbiotech.dz\\\/index.php\\\/produit\\\/balance-analytique-joanlab\\\/#primaryimage\",\"url\":\"https:\\\/\\\/store.microbiotech.dz\\\/wp-content\\\/uploads\\\/2023\\\/09\\\/Testeur-dhuile-de-friture-DISPONIBLE-8.png\",\"contentUrl\":\"https:\\\/\\\/store.microbiotech.dz\\\/wp-content\\\/uploads\\\/2023\\\/09\\\/Testeur-dhuile-de-friture-DISPONIBLE-8.png\",\"width\":600,\"height\":600,\"caption\":\"Balance analytique Joanlab\"},{\"@type\":\"BreadcrumbList\",\"@id\":\"https:\\\/\\\/store.microbiotech.dz\\\/index.php\\\/produit\\\/balance-analytique-joanlab\\\/#breadcrumb\",\"itemListElement\":[{\"@type\":\"ListItem\",\"position\":1,\"name\":\"Accueil\",\"item\":\"https:\\\/\\\/store.microbiotech.dz\\\/\"},{\"@type\":\"ListItem\",\"position\":2,\"name\":\"Nos Produits\",\"item\":\"https:\\\/\\\/store.microbiotech.dz\\\/index.php\\\/nos-produits\\\/\"},{\"@type\":\"ListItem\",\"position\":3,\"name\":\"Balance analytique Joanlab\"}]},{\"@type\":\"WebSite\",\"@id\":\"https:\\\/\\\/store.microbiotech.dz\\\/#website\",\"url\":\"https:\\\/\\\/store.microbiotech.dz\\\/\",\"name\":\"La Boutique en ligne\",\"description\":\"Qualit\u00e9 - Rapidit\u00e9 - Tranquillit\u00e9\",\"publisher\":{\"@id\":\"https:\\\/\\\/store.microbiotech.dz\\\/#organization\"},\"potentialAction\":[{\"@type\":\"SearchAction\",\"target\":{\"@type\":\"EntryPoint\",\"urlTemplate\":\"https:\\\/\\\/store.microbiotech.dz\\\/?s={search_term_string}\"},\"query-input\":{\"@type\":\"PropertyValueSpecification\",\"valueRequired\":true,\"valueName\":\"search_term_string\"}}],\"inLanguage\":\"fr-FR\"},{\"@type\":\"Organization\",\"@id\":\"https:\\\/\\\/store.microbiotech.dz\\\/#organization\",\"name\":\"Microbiotech EURL\",\"url\":\"https:\\\/\\\/store.microbiotech.dz\\\/\",\"logo\":{\"@type\":\"ImageObject\",\"inLanguage\":\"fr-FR\",\"@id\":\"https:\\\/\\\/store.microbiotech.dz\\\/#\\\/schema\\\/logo\\\/image\\\/\",\"url\":\"https:\\\/\\\/store.microbiotech.dz\\\/wp-content\\\/uploads\\\/2021\\\/09\\\/cropped-logo-microbiotech-2.jpg\",\"contentUrl\":\"https:\\\/\\\/store.microbiotech.dz\\\/wp-content\\\/uploads\\\/2021\\\/09\\\/cropped-logo-microbiotech-2.jpg\",\"width\":815,\"height\":586,\"caption\":\"Microbiotech EURL\"},\"image\":{\"@id\":\"https:\\\/\\\/store.microbiotech.dz\\\/#\\\/schema\\\/logo\\\/image\\\/\"},\"sameAs\":[\"https:\\\/\\\/www.facebook.com\\\/MicroBiotech.dz\",\"https:\\\/\\\/x.com\\\/MicrobiotechD\",\"https:\\\/\\\/www.linkedin.com\\\/in\\\/microbiotech\\\/\",\"https:\\\/\\\/www.youtube.com\\\/channel\\\/UCTxc3VIiX7LXD2LQYfZEcDg\"]}]}<\/script>\n<!-- \/ Yoast SEO plugin. -->","yoast_head_json":{"title":"Balance analytique Joanlab - La Boutique en ligne","description":"Balance analytique Joanlab de haute qualit\u00e9 et avec une haute pr\u00e9cision. N'h\u00e9sitez pas et commandez d\u00e8s maintenant sur microbiotech.dz","robots":{"index":"index","follow":"follow","max-snippet":"max-snippet:-1","max-image-preview":"max-image-preview:large","max-video-preview":"max-video-preview:-1"},"canonical":"https:\/\/store.microbiotech.dz\/index.php\/produit\/balance-analytique-joanlab\/","og_locale":"fr_FR","og_type":"article","og_title":"Balance analytique Joanlab - La Boutique en ligne","og_description":"Balance analytique Joanlab de haute qualit\u00e9 et avec une haute pr\u00e9cision. N'h\u00e9sitez pas et commandez d\u00e8s maintenant sur microbiotech.dz","og_url":"https:\/\/store.microbiotech.dz\/index.php\/produit\/balance-analytique-joanlab\/","og_site_name":"La Boutique en ligne","article_publisher":"https:\/\/www.facebook.com\/MicroBiotech.dz","article_modified_time":"2026-03-24T12:08:03+00:00","og_image":[{"width":600,"height":600,"url":"https:\/\/store.microbiotech.dz\/wp-content\/uploads\/2023\/09\/Testeur-dhuile-de-friture-DISPONIBLE-8.png","type":"image\/png"}],"twitter_card":"summary_large_image","twitter_site":"@MicrobiotechD","schema":{"@context":"https:\/\/schema.org","@graph":[{"@type":"WebPage","@id":"https:\/\/store.microbiotech.dz\/index.php\/produit\/balance-analytique-joanlab\/","url":"https:\/\/store.microbiotech.dz\/index.php\/produit\/balance-analytique-joanlab\/","name":"Balance analytique Joanlab - La Boutique en ligne","isPartOf":{"@id":"https:\/\/store.microbiotech.dz\/#website"},"primaryImageOfPage":{"@id":"https:\/\/store.microbiotech.dz\/index.php\/produit\/balance-analytique-joanlab\/#primaryimage"},"image":{"@id":"https:\/\/store.microbiotech.dz\/index.php\/produit\/balance-analytique-joanlab\/#primaryimage"},"thumbnailUrl":"https:\/\/store.microbiotech.dz\/wp-content\/uploads\/2023\/09\/Testeur-dhuile-de-friture-DISPONIBLE-8.png","datePublished":"2023-09-18T12:33:38+00:00","dateModified":"2026-03-24T12:08:03+00:00","description":"Balance analytique Joanlab de haute qualit\u00e9 et avec une haute pr\u00e9cision. N'h\u00e9sitez pas et commandez d\u00e8s maintenant sur microbiotech.dz","breadcrumb":{"@id":"https:\/\/store.microbiotech.dz\/index.php\/produit\/balance-analytique-joanlab\/#breadcrumb"},"inLanguage":"fr-FR","potentialAction":[{"@type":"ReadAction","target":["https:\/\/store.microbiotech.dz\/index.php\/produit\/balance-analytique-joanlab\/"]}]},{"@type":"ImageObject","inLanguage":"fr-FR","@id":"https:\/\/store.microbiotech.dz\/index.php\/produit\/balance-analytique-joanlab\/#primaryimage","url":"https:\/\/store.microbiotech.dz\/wp-content\/uploads\/2023\/09\/Testeur-dhuile-de-friture-DISPONIBLE-8.png","contentUrl":"https:\/\/store.microbiotech.dz\/wp-content\/uploads\/2023\/09\/Testeur-dhuile-de-friture-DISPONIBLE-8.png","width":600,"height":600,"caption":"Balance analytique Joanlab"},{"@type":"BreadcrumbList","@id":"https:\/\/store.microbiotech.dz\/index.php\/produit\/balance-analytique-joanlab\/#breadcrumb","itemListElement":[{"@type":"ListItem","position":1,"name":"Accueil","item":"https:\/\/store.microbiotech.dz\/"},{"@type":"ListItem","position":2,"name":"Nos Produits","item":"https:\/\/store.microbiotech.dz\/index.php\/nos-produits\/"},{"@type":"ListItem","position":3,"name":"Balance analytique Joanlab"}]},{"@type":"WebSite","@id":"https:\/\/store.microbiotech.dz\/#website","url":"https:\/\/store.microbiotech.dz\/","name":"La Boutique en ligne","description":"Qualit\u00e9 - Rapidit\u00e9 - Tranquillit\u00e9","publisher":{"@id":"https:\/\/store.microbiotech.dz\/#organization"},"potentialAction":[{"@type":"SearchAction","target":{"@type":"EntryPoint","urlTemplate":"https:\/\/store.microbiotech.dz\/?s={search_term_string}"},"query-input":{"@type":"PropertyValueSpecification","valueRequired":true,"valueName":"search_term_string"}}],"inLanguage":"fr-FR"},{"@type":"Organization","@id":"https:\/\/store.microbiotech.dz\/#organization","name":"Microbiotech EURL","url":"https:\/\/store.microbiotech.dz\/","logo":{"@type":"ImageObject","inLanguage":"fr-FR","@id":"https:\/\/store.microbiotech.dz\/#\/schema\/logo\/image\/","url":"https:\/\/store.microbiotech.dz\/wp-content\/uploads\/2021\/09\/cropped-logo-microbiotech-2.jpg","contentUrl":"https:\/\/store.microbiotech.dz\/wp-content\/uploads\/2021\/09\/cropped-logo-microbiotech-2.jpg","width":815,"height":586,"caption":"Microbiotech EURL"},"image":{"@id":"https:\/\/store.microbiotech.dz\/#\/schema\/logo\/image\/"},"sameAs":["https:\/\/www.facebook.com\/MicroBiotech.dz","https:\/\/x.com\/MicrobiotechD","https:\/\/www.linkedin.com\/in\/microbiotech\/","https:\/\/www.youtube.com\/channel\/UCTxc3VIiX7LXD2LQYfZEcDg"]}]}},"jetpack_sharing_enabled":true,"_links":{"self":[{"href":"https:\/\/store.microbiotech.dz\/index.php\/wp-json\/wp\/v2\/product\/5599","targetHints":{"allow":["GET"]}}],"collection":[{"href":"https:\/\/store.microbiotech.dz\/index.php\/wp-json\/wp\/v2\/product"}],"about":[{"href":"https:\/\/store.microbiotech.dz\/index.php\/wp-json\/wp\/v2\/types\/product"}],"replies":[{"embeddable":true,"href":"https:\/\/store.microbiotech.dz\/index.php\/wp-json\/wp\/v2\/comments?post=5599"}],"wp:featuredmedia":[{"embeddable":true,"href":"https:\/\/store.microbiotech.dz\/index.php\/wp-json\/wp\/v2\/media\/5600"}],"wp:attachment":[{"href":"https:\/\/store.microbiotech.dz\/index.php\/wp-json\/wp\/v2\/media?parent=5599"}],"wp:term":[{"taxonomy":"product_brand","embeddable":true,"href":"https:\/\/store.microbiotech.dz\/index.php\/wp-json\/wp\/v2\/product_brand?post=5599"},{"taxonomy":"product_cat","embeddable":true,"href":"https:\/\/store.microbiotech.dz\/index.php\/wp-json\/wp\/v2\/product_cat?post=5599"},{"taxonomy":"product_tag","embeddable":true,"href":"https:\/\/store.microbiotech.dz\/index.php\/wp-json\/wp\/v2\/product_tag?post=5599"}],"curies":[{"name":"wp","href":"https:\/\/api.w.org\/{rel}","templated":true}]}}