{"id":5509,"date":"2023-09-11T11:40:31","date_gmt":"2023-09-11T10:40:31","guid":{"rendered":"https:\/\/store.microbiotech.dz\/?post_type=product&#038;p=5509"},"modified":"2025-01-13T11:56:04","modified_gmt":"2025-01-13T10:56:04","slug":"gelose-listeria-500-g-merck","status":"publish","type":"product","link":"https:\/\/store.microbiotech.dz\/index.php\/produit\/gelose-listeria-500-g-merck\/","title":{"rendered":"G\u00e9lose Listeria 500 g MERCK"},"content":{"rendered":"<p><a href=\"https:\/\/store.microbiotech.dz\/index.php\/categorie-produit\/milieux-de-cultures\/geloses\/\" target=\"_blank\" rel=\"noopener\">G\u00e9lose<\/a> Listeria 500 g <a href=\"https:\/\/www.merckmillipore.com\/INTL\/en\" target=\"_blank\" rel=\"noopener\">MERCK<\/a> pour l&rsquo;isolement et la diff\u00e9renciation de <em>Listeria monocytogenes<\/em> et d&rsquo;autres <em>Listeria spp. <\/em>\u00e0 partir de denr\u00e9es alimentaires et d&rsquo;aliments pour animaux, d&rsquo;\u00e9chantillons environnementaux &#8230; etc<\/p>\n","protected":false},"excerpt":{"rendered":"<p>&nbsp;<\/p>\n<p>Marque :\u00a0<strong>MERCK\u00a0<img loading=\"lazy\" decoding=\"async\" class=\"alignnone wp-image-1649\" src=\"https:\/\/store.microbiotech.dz\/wp-content\/uploads\/2022\/04\/51968274-le-drapeau-allemand-icone-matte-ronde-isole-sur-fond-blanc--300x300.webp\" alt=\"\" width=\"66\" height=\"66\" srcset=\"https:\/\/store.microbiotech.dz\/wp-content\/uploads\/2022\/04\/51968274-le-drapeau-allemand-icone-matte-ronde-isole-sur-fond-blanc--300x300.webp 300w, https:\/\/store.microbiotech.dz\/wp-content\/uploads\/2022\/04\/51968274-le-drapeau-allemand-icone-matte-ronde-isole-sur-fond-blanc--150x150.webp 150w, https:\/\/store.microbiotech.dz\/wp-content\/uploads\/2022\/04\/51968274-le-drapeau-allemand-icone-matte-ronde-isole-sur-fond-blanc--100x100.webp 100w, https:\/\/store.microbiotech.dz\/wp-content\/uploads\/2022\/04\/51968274-le-drapeau-allemand-icone-matte-ronde-isole-sur-fond-blanc-.webp 450w\" sizes=\"auto, (max-width: 66px) 100vw, 66px\" \/><\/strong><\/p>\n<p>Date de p\u00e9remption : <strong>31-01-2026<\/strong><\/p>\n<p><a href=\"https:\/\/store.microbiotech.dz\/wp-content\/uploads\/2023\/09\/gelose-listeria-fiche-technique.pdf\">gelose listeria fiche technique<\/a><\/p>\n","protected":false},"featured_media":654,"comment_status":"open","ping_status":"closed","template":"","meta":{"site-sidebar-layout":"default","site-content-layout":"","ast-site-content-layout":"default","site-content-style":"default","site-sidebar-style":"default","ast-global-header-display":"","ast-banner-title-visibility":"","ast-main-header-display":"","ast-hfb-above-header-display":"","ast-hfb-below-header-display":"","ast-hfb-mobile-header-display":"","site-post-title":"","ast-breadcrumbs-content":"","ast-featured-img":"","footer-sml-layout":"","ast-disable-related-posts":"","theme-transparent-header-meta":"default","adv-header-id-meta":"","stick-header-meta":"","header-above-stick-meta":"","header-main-stick-meta":"","header-below-stick-meta":"","astra-migrate-meta-layouts":"set","ast-page-background-enabled":"default","ast-page-background-meta":{"desktop":{"background-color":"var(--ast-global-color-4)","background-image":"","background-repeat":"repeat","background-position":"center center","background-size":"auto","background-attachment":"scroll","background-type":"","background-media":"","overlay-type":"","overlay-color":"","overlay-opacity":"","overlay-gradient":""},"tablet":{"background-color":"","background-image":"","background-repeat":"repeat","background-position":"center center","background-size":"auto","background-attachment":"scroll","background-type":"","background-media":"","overlay-type":"","overlay-color":"","overlay-opacity":"","overlay-gradient":""},"mobile":{"background-color":"","background-image":"","background-repeat":"repeat","background-position":"center center","background-size":"auto","background-attachment":"scroll","background-type":"","background-media":"","overlay-type":"","overlay-color":"","overlay-opacity":"","overlay-gradient":""}},"ast-content-background-meta":{"desktop":{"background-color":"var(--ast-global-color-5)","background-image":"","background-repeat":"repeat","background-position":"center center","background-size":"auto","background-attachment":"scroll","background-type":"","background-media":"","overlay-type":"","overlay-color":"","overlay-opacity":"","overlay-gradient":""},"tablet":{"background-color":"var(--ast-global-color-5)","background-image":"","background-repeat":"repeat","background-position":"center center","background-size":"auto","background-attachment":"scroll","background-type":"","background-media":"","overlay-type":"","overlay-color":"","overlay-opacity":"","overlay-gradient":""},"mobile":{"background-color":"var(--ast-global-color-5)","background-image":"","background-repeat":"repeat","background-position":"center center","background-size":"auto","background-attachment":"scroll","background-type":"","background-media":"","overlay-type":"","overlay-color":"","overlay-opacity":"","overlay-gradient":""}},"jetpack_post_was_ever_published":false},"product_brand":[],"product_cat":[28,79,26],"product_tag":[536,1426,234,125],"class_list":{"0":"post-5509","1":"product","2":"type-product","3":"status-publish","4":"has-post-thumbnail","6":"product_cat-geloses","7":"product_cat-deshydrate","8":"product_cat-milieux-de-cultures","9":"product_tag-f17","10":"product_tag-gelose-listeria","11":"product_tag-listeria","12":"product_tag-merck","13":"product_shipping_class-temperature-ambiante","14":"desktop-align-center","15":"tablet-align-left","16":"mobile-align-left","18":"first","19":"outofstock","20":"taxable","21":"shipping-taxable","22":"purchasable","23":"product-type-simple"},"yoast_head":"<!-- This site is optimized with the Yoast SEO plugin v27.4 - https:\/\/yoast.com\/product\/yoast-seo-wordpress\/ -->\n<title>G\u00e9lose Listeria 500 g MERCK - La Boutique en ligne<\/title>\n<meta name=\"description\" content=\"G\u00e9lose Listeria 500 g MERCK pour l&#039;isolement et la diff\u00e9renciation de Listeria monocytogenes et d&#039;autres Listeria spp. Au meilleur prix.\" \/>\n<meta name=\"robots\" content=\"index, follow, max-snippet:-1, max-image-preview:large, max-video-preview:-1\" \/>\n<link rel=\"canonical\" href=\"https:\/\/store.microbiotech.dz\/index.php\/produit\/gelose-listeria-500-g-merck\/\" \/>\n<meta property=\"og:locale\" content=\"fr_FR\" \/>\n<meta property=\"og:type\" content=\"article\" \/>\n<meta property=\"og:title\" content=\"G\u00e9lose Listeria 500 g MERCK - La Boutique en ligne\" \/>\n<meta property=\"og:description\" content=\"G\u00e9lose Listeria 500 g MERCK pour l&#039;isolement et la diff\u00e9renciation de Listeria monocytogenes et d&#039;autres Listeria spp. Au meilleur prix.\" \/>\n<meta property=\"og:url\" content=\"https:\/\/store.microbiotech.dz\/index.php\/produit\/gelose-listeria-500-g-merck\/\" \/>\n<meta property=\"og:site_name\" content=\"La Boutique en ligne\" \/>\n<meta property=\"article:publisher\" content=\"https:\/\/www.facebook.com\/MicroBiotech.dz\" \/>\n<meta property=\"article:modified_time\" content=\"2025-01-13T10:56:04+00:00\" \/>\n<meta property=\"og:image\" content=\"https:\/\/store.microbiotech.dz\/wp-content\/uploads\/2021\/11\/Merck-500g-ISO-Stamp.jpg\" \/>\n\t<meta property=\"og:image:width\" content=\"600\" \/>\n\t<meta property=\"og:image:height\" content=\"600\" \/>\n\t<meta property=\"og:image:type\" content=\"image\/jpeg\" \/>\n<meta name=\"twitter:card\" content=\"summary_large_image\" \/>\n<meta name=\"twitter:site\" content=\"@MicrobiotechD\" \/>\n<script type=\"application\/ld+json\" class=\"yoast-schema-graph\">{\"@context\":\"https:\\\/\\\/schema.org\",\"@graph\":[{\"@type\":\"WebPage\",\"@id\":\"https:\\\/\\\/store.microbiotech.dz\\\/index.php\\\/produit\\\/gelose-listeria-500-g-merck\\\/\",\"url\":\"https:\\\/\\\/store.microbiotech.dz\\\/index.php\\\/produit\\\/gelose-listeria-500-g-merck\\\/\",\"name\":\"G\u00e9lose Listeria 500 g MERCK - La Boutique en ligne\",\"isPartOf\":{\"@id\":\"https:\\\/\\\/store.microbiotech.dz\\\/#website\"},\"primaryImageOfPage\":{\"@id\":\"https:\\\/\\\/store.microbiotech.dz\\\/index.php\\\/produit\\\/gelose-listeria-500-g-merck\\\/#primaryimage\"},\"image\":{\"@id\":\"https:\\\/\\\/store.microbiotech.dz\\\/index.php\\\/produit\\\/gelose-listeria-500-g-merck\\\/#primaryimage\"},\"thumbnailUrl\":\"https:\\\/\\\/store.microbiotech.dz\\\/wp-content\\\/uploads\\\/2021\\\/11\\\/Merck-500g-ISO-Stamp.jpg\",\"datePublished\":\"2023-09-11T10:40:31+00:00\",\"dateModified\":\"2025-01-13T10:56:04+00:00\",\"description\":\"G\u00e9lose Listeria 500 g MERCK pour l'isolement et la diff\u00e9renciation de Listeria monocytogenes et d'autres Listeria spp. Au meilleur prix.\",\"breadcrumb\":{\"@id\":\"https:\\\/\\\/store.microbiotech.dz\\\/index.php\\\/produit\\\/gelose-listeria-500-g-merck\\\/#breadcrumb\"},\"inLanguage\":\"fr-FR\",\"potentialAction\":[{\"@type\":\"ReadAction\",\"target\":[\"https:\\\/\\\/store.microbiotech.dz\\\/index.php\\\/produit\\\/gelose-listeria-500-g-merck\\\/\"]}]},{\"@type\":\"ImageObject\",\"inLanguage\":\"fr-FR\",\"@id\":\"https:\\\/\\\/store.microbiotech.dz\\\/index.php\\\/produit\\\/gelose-listeria-500-g-merck\\\/#primaryimage\",\"url\":\"https:\\\/\\\/store.microbiotech.dz\\\/wp-content\\\/uploads\\\/2021\\\/11\\\/Merck-500g-ISO-Stamp.jpg\",\"contentUrl\":\"https:\\\/\\\/store.microbiotech.dz\\\/wp-content\\\/uploads\\\/2021\\\/11\\\/Merck-500g-ISO-Stamp.jpg\",\"width\":600,\"height\":600,\"caption\":\"G\u00e9lose Bile Esculine Azide (B.E.A) 500g Merck\"},{\"@type\":\"BreadcrumbList\",\"@id\":\"https:\\\/\\\/store.microbiotech.dz\\\/index.php\\\/produit\\\/gelose-listeria-500-g-merck\\\/#breadcrumb\",\"itemListElement\":[{\"@type\":\"ListItem\",\"position\":1,\"name\":\"Accueil\",\"item\":\"https:\\\/\\\/store.microbiotech.dz\\\/\"},{\"@type\":\"ListItem\",\"position\":2,\"name\":\"Nos Produits\",\"item\":\"https:\\\/\\\/store.microbiotech.dz\\\/index.php\\\/nos-produits\\\/\"},{\"@type\":\"ListItem\",\"position\":3,\"name\":\"G\u00e9lose Listeria 500 g MERCK\"}]},{\"@type\":\"WebSite\",\"@id\":\"https:\\\/\\\/store.microbiotech.dz\\\/#website\",\"url\":\"https:\\\/\\\/store.microbiotech.dz\\\/\",\"name\":\"La Boutique en ligne\",\"description\":\"Qualit\u00e9 - Rapidit\u00e9 - Tranquillit\u00e9\",\"publisher\":{\"@id\":\"https:\\\/\\\/store.microbiotech.dz\\\/#organization\"},\"potentialAction\":[{\"@type\":\"SearchAction\",\"target\":{\"@type\":\"EntryPoint\",\"urlTemplate\":\"https:\\\/\\\/store.microbiotech.dz\\\/?s={search_term_string}\"},\"query-input\":{\"@type\":\"PropertyValueSpecification\",\"valueRequired\":true,\"valueName\":\"search_term_string\"}}],\"inLanguage\":\"fr-FR\"},{\"@type\":\"Organization\",\"@id\":\"https:\\\/\\\/store.microbiotech.dz\\\/#organization\",\"name\":\"Microbiotech EURL\",\"url\":\"https:\\\/\\\/store.microbiotech.dz\\\/\",\"logo\":{\"@type\":\"ImageObject\",\"inLanguage\":\"fr-FR\",\"@id\":\"https:\\\/\\\/store.microbiotech.dz\\\/#\\\/schema\\\/logo\\\/image\\\/\",\"url\":\"https:\\\/\\\/store.microbiotech.dz\\\/wp-content\\\/uploads\\\/2021\\\/09\\\/cropped-logo-microbiotech-2.jpg\",\"contentUrl\":\"https:\\\/\\\/store.microbiotech.dz\\\/wp-content\\\/uploads\\\/2021\\\/09\\\/cropped-logo-microbiotech-2.jpg\",\"width\":815,\"height\":586,\"caption\":\"Microbiotech EURL\"},\"image\":{\"@id\":\"https:\\\/\\\/store.microbiotech.dz\\\/#\\\/schema\\\/logo\\\/image\\\/\"},\"sameAs\":[\"https:\\\/\\\/www.facebook.com\\\/MicroBiotech.dz\",\"https:\\\/\\\/x.com\\\/MicrobiotechD\",\"https:\\\/\\\/www.linkedin.com\\\/in\\\/microbiotech\\\/\",\"https:\\\/\\\/www.youtube.com\\\/channel\\\/UCTxc3VIiX7LXD2LQYfZEcDg\"]}]}<\/script>\n<!-- \/ Yoast SEO plugin. -->","yoast_head_json":{"title":"G\u00e9lose Listeria 500 g MERCK - La Boutique en ligne","description":"G\u00e9lose Listeria 500 g MERCK pour l'isolement et la diff\u00e9renciation de Listeria monocytogenes et d'autres Listeria spp. Au meilleur prix.","robots":{"index":"index","follow":"follow","max-snippet":"max-snippet:-1","max-image-preview":"max-image-preview:large","max-video-preview":"max-video-preview:-1"},"canonical":"https:\/\/store.microbiotech.dz\/index.php\/produit\/gelose-listeria-500-g-merck\/","og_locale":"fr_FR","og_type":"article","og_title":"G\u00e9lose Listeria 500 g MERCK - La Boutique en ligne","og_description":"G\u00e9lose Listeria 500 g MERCK pour l'isolement et la diff\u00e9renciation de Listeria monocytogenes et d'autres Listeria spp. Au meilleur prix.","og_url":"https:\/\/store.microbiotech.dz\/index.php\/produit\/gelose-listeria-500-g-merck\/","og_site_name":"La Boutique en ligne","article_publisher":"https:\/\/www.facebook.com\/MicroBiotech.dz","article_modified_time":"2025-01-13T10:56:04+00:00","og_image":[{"width":600,"height":600,"url":"https:\/\/store.microbiotech.dz\/wp-content\/uploads\/2021\/11\/Merck-500g-ISO-Stamp.jpg","type":"image\/jpeg"}],"twitter_card":"summary_large_image","twitter_site":"@MicrobiotechD","schema":{"@context":"https:\/\/schema.org","@graph":[{"@type":"WebPage","@id":"https:\/\/store.microbiotech.dz\/index.php\/produit\/gelose-listeria-500-g-merck\/","url":"https:\/\/store.microbiotech.dz\/index.php\/produit\/gelose-listeria-500-g-merck\/","name":"G\u00e9lose Listeria 500 g MERCK - La Boutique en ligne","isPartOf":{"@id":"https:\/\/store.microbiotech.dz\/#website"},"primaryImageOfPage":{"@id":"https:\/\/store.microbiotech.dz\/index.php\/produit\/gelose-listeria-500-g-merck\/#primaryimage"},"image":{"@id":"https:\/\/store.microbiotech.dz\/index.php\/produit\/gelose-listeria-500-g-merck\/#primaryimage"},"thumbnailUrl":"https:\/\/store.microbiotech.dz\/wp-content\/uploads\/2021\/11\/Merck-500g-ISO-Stamp.jpg","datePublished":"2023-09-11T10:40:31+00:00","dateModified":"2025-01-13T10:56:04+00:00","description":"G\u00e9lose Listeria 500 g MERCK pour l'isolement et la diff\u00e9renciation de Listeria monocytogenes et d'autres Listeria spp. Au meilleur prix.","breadcrumb":{"@id":"https:\/\/store.microbiotech.dz\/index.php\/produit\/gelose-listeria-500-g-merck\/#breadcrumb"},"inLanguage":"fr-FR","potentialAction":[{"@type":"ReadAction","target":["https:\/\/store.microbiotech.dz\/index.php\/produit\/gelose-listeria-500-g-merck\/"]}]},{"@type":"ImageObject","inLanguage":"fr-FR","@id":"https:\/\/store.microbiotech.dz\/index.php\/produit\/gelose-listeria-500-g-merck\/#primaryimage","url":"https:\/\/store.microbiotech.dz\/wp-content\/uploads\/2021\/11\/Merck-500g-ISO-Stamp.jpg","contentUrl":"https:\/\/store.microbiotech.dz\/wp-content\/uploads\/2021\/11\/Merck-500g-ISO-Stamp.jpg","width":600,"height":600,"caption":"G\u00e9lose Bile Esculine Azide (B.E.A) 500g Merck"},{"@type":"BreadcrumbList","@id":"https:\/\/store.microbiotech.dz\/index.php\/produit\/gelose-listeria-500-g-merck\/#breadcrumb","itemListElement":[{"@type":"ListItem","position":1,"name":"Accueil","item":"https:\/\/store.microbiotech.dz\/"},{"@type":"ListItem","position":2,"name":"Nos Produits","item":"https:\/\/store.microbiotech.dz\/index.php\/nos-produits\/"},{"@type":"ListItem","position":3,"name":"G\u00e9lose Listeria 500 g MERCK"}]},{"@type":"WebSite","@id":"https:\/\/store.microbiotech.dz\/#website","url":"https:\/\/store.microbiotech.dz\/","name":"La Boutique en ligne","description":"Qualit\u00e9 - Rapidit\u00e9 - Tranquillit\u00e9","publisher":{"@id":"https:\/\/store.microbiotech.dz\/#organization"},"potentialAction":[{"@type":"SearchAction","target":{"@type":"EntryPoint","urlTemplate":"https:\/\/store.microbiotech.dz\/?s={search_term_string}"},"query-input":{"@type":"PropertyValueSpecification","valueRequired":true,"valueName":"search_term_string"}}],"inLanguage":"fr-FR"},{"@type":"Organization","@id":"https:\/\/store.microbiotech.dz\/#organization","name":"Microbiotech EURL","url":"https:\/\/store.microbiotech.dz\/","logo":{"@type":"ImageObject","inLanguage":"fr-FR","@id":"https:\/\/store.microbiotech.dz\/#\/schema\/logo\/image\/","url":"https:\/\/store.microbiotech.dz\/wp-content\/uploads\/2021\/09\/cropped-logo-microbiotech-2.jpg","contentUrl":"https:\/\/store.microbiotech.dz\/wp-content\/uploads\/2021\/09\/cropped-logo-microbiotech-2.jpg","width":815,"height":586,"caption":"Microbiotech EURL"},"image":{"@id":"https:\/\/store.microbiotech.dz\/#\/schema\/logo\/image\/"},"sameAs":["https:\/\/www.facebook.com\/MicroBiotech.dz","https:\/\/x.com\/MicrobiotechD","https:\/\/www.linkedin.com\/in\/microbiotech\/","https:\/\/www.youtube.com\/channel\/UCTxc3VIiX7LXD2LQYfZEcDg"]}]}},"jetpack_sharing_enabled":true,"_links":{"self":[{"href":"https:\/\/store.microbiotech.dz\/index.php\/wp-json\/wp\/v2\/product\/5509","targetHints":{"allow":["GET"]}}],"collection":[{"href":"https:\/\/store.microbiotech.dz\/index.php\/wp-json\/wp\/v2\/product"}],"about":[{"href":"https:\/\/store.microbiotech.dz\/index.php\/wp-json\/wp\/v2\/types\/product"}],"replies":[{"embeddable":true,"href":"https:\/\/store.microbiotech.dz\/index.php\/wp-json\/wp\/v2\/comments?post=5509"}],"wp:featuredmedia":[{"embeddable":true,"href":"https:\/\/store.microbiotech.dz\/index.php\/wp-json\/wp\/v2\/media\/654"}],"wp:attachment":[{"href":"https:\/\/store.microbiotech.dz\/index.php\/wp-json\/wp\/v2\/media?parent=5509"}],"wp:term":[{"taxonomy":"product_brand","embeddable":true,"href":"https:\/\/store.microbiotech.dz\/index.php\/wp-json\/wp\/v2\/product_brand?post=5509"},{"taxonomy":"product_cat","embeddable":true,"href":"https:\/\/store.microbiotech.dz\/index.php\/wp-json\/wp\/v2\/product_cat?post=5509"},{"taxonomy":"product_tag","embeddable":true,"href":"https:\/\/store.microbiotech.dz\/index.php\/wp-json\/wp\/v2\/product_tag?post=5509"}],"curies":[{"name":"wp","href":"https:\/\/api.w.org\/{rel}","templated":true}]}}