{"id":5296,"date":"2023-08-29T13:22:59","date_gmt":"2023-08-29T12:22:59","guid":{"rendered":"https:\/\/store.microbiotech.dz\/?post_type=product&#038;p=5296"},"modified":"2026-03-10T14:46:27","modified_gmt":"2026-03-10T13:46:27","slug":"agitateur-magnetique-chauffant-dlab-ms-h-proa","status":"publish","type":"product","link":"https:\/\/store.microbiotech.dz\/index.php\/produit\/agitateur-magnetique-chauffant-dlab-ms-h-proa\/","title":{"rendered":"Agitateur magn\u00e9tique chauffant DLAB MS-H-ProA"},"content":{"rendered":"<p><a href=\"https:\/\/store.microbiotech.dz\/?s=agitateur\" target=\"_blank\" rel=\"noopener\">L\u2019Agitateur<\/a> magn\u00e9tique chauffant <a href=\"https:\/\/www.dlabsci.com\/\" target=\"_blank\" rel=\"noopener\">DLAB<\/a> MS-H-Pro+ poss\u00e8de un \u00e9cran LCD pour une surveillance pr\u00e9cise de la vitesse et de la temp\u00e9rature. Conforme aux normes de s\u00e9curit\u00e9, il garantit une agitation jusqu&rsquo;\u00e0 1500 tours\/min et un chauffage jusqu&rsquo;\u00e0 340 \u00b0C.<\/p>\n<p>Le contr\u00f4le de la temp\u00e9rature externe est possible en connectant le capteur de temp\u00e9rature (PT 1000) avec une pr\u00e9cision de \u00b10,2\u00b0C<\/p>\n<p>Ce mat\u00e9riel de laboratoire poss\u00e8de un moteur sans balais, avec une protection contre les explosions. Et ses circuits de s\u00e9curit\u00e9 assurent une protection contre la surchauffe. Pour plus de s\u00e9curit\u00e9, un avertissement \u00ab\u00a0HOT\u00a0\u00bb s&rsquo;affiche lorsque la temp\u00e9rature de la plaque d\u00e9passe 50\u00b0C.<\/p>\n","protected":false},"excerpt":{"rendered":"<p>Marque : <strong>DLAB <img loading=\"lazy\" decoding=\"async\" class=\"alignnone wp-image-1795\" src=\"https:\/\/store.microbiotech.dz\/wp-content\/uploads\/2022\/04\/China-Flag.png\" alt=\"\" width=\"32\" height=\"32\" srcset=\"https:\/\/store.microbiotech.dz\/wp-content\/uploads\/2022\/04\/China-Flag.png 224w, https:\/\/store.microbiotech.dz\/wp-content\/uploads\/2022\/04\/China-Flag-150x150.png 150w, https:\/\/store.microbiotech.dz\/wp-content\/uploads\/2022\/04\/China-Flag-100x100.png 100w\" sizes=\"auto, (max-width: 32px) 100vw, 32px\" \/><\/strong><br \/>\nTemp\u00e9rature : <strong>T\u00b0 ambiante \u00e0 +340\u00b0<\/strong><br \/>\nMat\u00e9riau de la plaque :<strong> c\u00e9ramique (\u0278135 MM)<\/strong><br \/>\nVitesse d&rsquo;agitation (tr\/min) : <strong>100 \u00e0 1500<\/strong><br \/>\nMax. quantit\u00e9 d&rsquo;agitation : <strong>20L<\/strong><br \/>\nAlimentation : <strong>200\/240V &#8211; 50\/60Hz<\/strong><br \/>\nPuissance (W) :<strong> 600<\/strong><br \/>\nLivr\u00e9 avec :\u00a0 <b>Sonde de temp\u00e9rature PT 1000<\/b><br \/>\nT\u00e9l\u00e9chargements :<br \/>\n<a href=\"https:\/\/store.microbiotech.dz\/wp-content\/uploads\/2023\/08\/MS-H-ProA-Pro-1.pdf\">MS-H-ProA-Pro+ Fiche technique<\/a><\/p>\n","protected":false},"featured_media":5297,"comment_status":"open","ping_status":"closed","template":"","meta":{"site-sidebar-layout":"default","site-content-layout":"default","ast-site-content-layout":"default","site-content-style":"default","site-sidebar-style":"default","ast-global-header-display":"","ast-banner-title-visibility":"","ast-main-header-display":"","ast-hfb-above-header-display":"","ast-hfb-below-header-display":"","ast-hfb-mobile-header-display":"","site-post-title":"","ast-breadcrumbs-content":"","ast-featured-img":"","footer-sml-layout":"","ast-disable-related-posts":"","theme-transparent-header-meta":"default","adv-header-id-meta":"","stick-header-meta":"","header-above-stick-meta":"","header-main-stick-meta":"","header-below-stick-meta":"","astra-migrate-meta-layouts":"set","ast-page-background-enabled":"default","ast-page-background-meta":{"desktop":{"background-color":"var(--ast-global-color-4)","background-image":"","background-repeat":"repeat","background-position":"center center","background-size":"auto","background-attachment":"scroll","background-type":"","background-media":"","overlay-type":"","overlay-color":"","overlay-opacity":"","overlay-gradient":""},"tablet":{"background-color":"","background-image":"","background-repeat":"repeat","background-position":"center center","background-size":"auto","background-attachment":"scroll","background-type":"","background-media":"","overlay-type":"","overlay-color":"","overlay-opacity":"","overlay-gradient":""},"mobile":{"background-color":"","background-image":"","background-repeat":"repeat","background-position":"center center","background-size":"auto","background-attachment":"scroll","background-type":"","background-media":"","overlay-type":"","overlay-color":"","overlay-opacity":"","overlay-gradient":""}},"ast-content-background-meta":{"desktop":{"background-color":"var(--ast-global-color-5)","background-image":"","background-repeat":"repeat","background-position":"center center","background-size":"auto","background-attachment":"scroll","background-type":"","background-media":"","overlay-type":"","overlay-color":"","overlay-opacity":"","overlay-gradient":""},"tablet":{"background-color":"var(--ast-global-color-5)","background-image":"","background-repeat":"repeat","background-position":"center center","background-size":"auto","background-attachment":"scroll","background-type":"","background-media":"","overlay-type":"","overlay-color":"","overlay-opacity":"","overlay-gradient":""},"mobile":{"background-color":"var(--ast-global-color-5)","background-image":"","background-repeat":"repeat","background-position":"center center","background-size":"auto","background-attachment":"scroll","background-type":"","background-media":"","overlay-type":"","overlay-color":"","overlay-opacity":"","overlay-gradient":""}},"jetpack_post_was_ever_published":false},"product_brand":[],"product_cat":[238],"product_tag":[506,596,1005,505,502,1377,541],"class_list":{"0":"post-5296","1":"product","2":"type-product","3":"status-publish","4":"has-post-thumbnail","6":"product_cat-equipements","7":"product_tag-agitateur","8":"product_tag-agitateur-chauffant","9":"product_tag-agitateur-magnetique","10":"product_tag-agitateur-magnetique-chauffant","11":"product_tag-agitation","12":"product_tag-dlab","13":"product_tag-f10","14":"product_shipping_class-temperature-ambiante","15":"desktop-align-center","16":"tablet-align-left","17":"mobile-align-left","19":"first","20":"outofstock","21":"taxable","22":"shipping-taxable","23":"purchasable","24":"product-type-simple"},"yoast_head":"<!-- This site is optimized with the Yoast SEO plugin v27.5 - https:\/\/yoast.com\/product\/yoast-seo-wordpress\/ -->\n<title>Agitateur magn\u00e9tique chauffant DLAB MS-H-ProA<\/title>\n<meta name=\"description\" content=\"Agitateur magn\u00e9tique chauffant DLAB MS-H-ProA garantit une agitation jusqu&#039;\u00e0 1500 tours\/min et un chauffage jusqu&#039;\u00e0 340 \u00b0C.\" \/>\n<meta name=\"robots\" content=\"index, follow, max-snippet:-1, max-image-preview:large, max-video-preview:-1\" \/>\n<link rel=\"canonical\" href=\"https:\/\/store.microbiotech.dz\/index.php\/produit\/agitateur-magnetique-chauffant-dlab-ms-h-proa\/\" \/>\n<meta property=\"og:locale\" content=\"fr_FR\" \/>\n<meta property=\"og:type\" content=\"article\" \/>\n<meta property=\"og:title\" content=\"Agitateur magn\u00e9tique chauffant DLAB MS-H-ProA\" \/>\n<meta property=\"og:description\" content=\"Agitateur magn\u00e9tique chauffant DLAB MS-H-ProA garantit une agitation jusqu&#039;\u00e0 1500 tours\/min et un chauffage jusqu&#039;\u00e0 340 \u00b0C.\" \/>\n<meta property=\"og:url\" content=\"https:\/\/store.microbiotech.dz\/index.php\/produit\/agitateur-magnetique-chauffant-dlab-ms-h-proa\/\" \/>\n<meta property=\"og:site_name\" content=\"La Boutique en ligne\" \/>\n<meta property=\"article:publisher\" content=\"https:\/\/www.facebook.com\/MicroBiotech.dz\" \/>\n<meta property=\"article:modified_time\" content=\"2026-03-10T13:46:27+00:00\" \/>\n<meta property=\"og:image\" content=\"https:\/\/store.microbiotech.dz\/wp-content\/uploads\/2023\/08\/Design-sans-titre-2-4.png\" \/>\n\t<meta property=\"og:image:width\" content=\"600\" \/>\n\t<meta property=\"og:image:height\" content=\"600\" \/>\n\t<meta property=\"og:image:type\" content=\"image\/png\" \/>\n<meta name=\"twitter:card\" content=\"summary_large_image\" \/>\n<meta name=\"twitter:site\" content=\"@MicrobiotechD\" \/>\n<meta name=\"twitter:label1\" content=\"Dur\u00e9e de lecture estim\u00e9e\" \/>\n\t<meta name=\"twitter:data1\" content=\"1 minute\" \/>\n<script type=\"application\/ld+json\" class=\"yoast-schema-graph\">{\"@context\":\"https:\\\/\\\/schema.org\",\"@graph\":[{\"@type\":\"WebPage\",\"@id\":\"https:\\\/\\\/store.microbiotech.dz\\\/index.php\\\/produit\\\/agitateur-magnetique-chauffant-dlab-ms-h-proa\\\/\",\"url\":\"https:\\\/\\\/store.microbiotech.dz\\\/index.php\\\/produit\\\/agitateur-magnetique-chauffant-dlab-ms-h-proa\\\/\",\"name\":\"Agitateur magn\u00e9tique chauffant DLAB MS-H-ProA\",\"isPartOf\":{\"@id\":\"https:\\\/\\\/store.microbiotech.dz\\\/#website\"},\"primaryImageOfPage\":{\"@id\":\"https:\\\/\\\/store.microbiotech.dz\\\/index.php\\\/produit\\\/agitateur-magnetique-chauffant-dlab-ms-h-proa\\\/#primaryimage\"},\"image\":{\"@id\":\"https:\\\/\\\/store.microbiotech.dz\\\/index.php\\\/produit\\\/agitateur-magnetique-chauffant-dlab-ms-h-proa\\\/#primaryimage\"},\"thumbnailUrl\":\"https:\\\/\\\/store.microbiotech.dz\\\/wp-content\\\/uploads\\\/2023\\\/08\\\/Design-sans-titre-2-4.png\",\"datePublished\":\"2023-08-29T12:22:59+00:00\",\"dateModified\":\"2026-03-10T13:46:27+00:00\",\"description\":\"Agitateur magn\u00e9tique chauffant DLAB MS-H-ProA garantit une agitation jusqu'\u00e0 1500 tours\\\/min et un chauffage jusqu'\u00e0 340 \u00b0C.\",\"breadcrumb\":{\"@id\":\"https:\\\/\\\/store.microbiotech.dz\\\/index.php\\\/produit\\\/agitateur-magnetique-chauffant-dlab-ms-h-proa\\\/#breadcrumb\"},\"inLanguage\":\"fr-FR\",\"potentialAction\":[{\"@type\":\"ReadAction\",\"target\":[\"https:\\\/\\\/store.microbiotech.dz\\\/index.php\\\/produit\\\/agitateur-magnetique-chauffant-dlab-ms-h-proa\\\/\"]}]},{\"@type\":\"ImageObject\",\"inLanguage\":\"fr-FR\",\"@id\":\"https:\\\/\\\/store.microbiotech.dz\\\/index.php\\\/produit\\\/agitateur-magnetique-chauffant-dlab-ms-h-proa\\\/#primaryimage\",\"url\":\"https:\\\/\\\/store.microbiotech.dz\\\/wp-content\\\/uploads\\\/2023\\\/08\\\/Design-sans-titre-2-4.png\",\"contentUrl\":\"https:\\\/\\\/store.microbiotech.dz\\\/wp-content\\\/uploads\\\/2023\\\/08\\\/Design-sans-titre-2-4.png\",\"width\":600,\"height\":600,\"caption\":\"Agitateur magn\u00e9tique chauffant DLAB MS-H-ProA\"},{\"@type\":\"BreadcrumbList\",\"@id\":\"https:\\\/\\\/store.microbiotech.dz\\\/index.php\\\/produit\\\/agitateur-magnetique-chauffant-dlab-ms-h-proa\\\/#breadcrumb\",\"itemListElement\":[{\"@type\":\"ListItem\",\"position\":1,\"name\":\"Accueil\",\"item\":\"https:\\\/\\\/store.microbiotech.dz\\\/\"},{\"@type\":\"ListItem\",\"position\":2,\"name\":\"Nos Produits\",\"item\":\"https:\\\/\\\/store.microbiotech.dz\\\/index.php\\\/nos-produits\\\/\"},{\"@type\":\"ListItem\",\"position\":3,\"name\":\"Agitateur magn\u00e9tique chauffant DLAB MS-H-ProA\"}]},{\"@type\":\"WebSite\",\"@id\":\"https:\\\/\\\/store.microbiotech.dz\\\/#website\",\"url\":\"https:\\\/\\\/store.microbiotech.dz\\\/\",\"name\":\"La Boutique en ligne\",\"description\":\"Qualit\u00e9 - Rapidit\u00e9 - Tranquillit\u00e9\",\"publisher\":{\"@id\":\"https:\\\/\\\/store.microbiotech.dz\\\/#organization\"},\"potentialAction\":[{\"@type\":\"SearchAction\",\"target\":{\"@type\":\"EntryPoint\",\"urlTemplate\":\"https:\\\/\\\/store.microbiotech.dz\\\/?s={search_term_string}\"},\"query-input\":{\"@type\":\"PropertyValueSpecification\",\"valueRequired\":true,\"valueName\":\"search_term_string\"}}],\"inLanguage\":\"fr-FR\"},{\"@type\":\"Organization\",\"@id\":\"https:\\\/\\\/store.microbiotech.dz\\\/#organization\",\"name\":\"Microbiotech EURL\",\"url\":\"https:\\\/\\\/store.microbiotech.dz\\\/\",\"logo\":{\"@type\":\"ImageObject\",\"inLanguage\":\"fr-FR\",\"@id\":\"https:\\\/\\\/store.microbiotech.dz\\\/#\\\/schema\\\/logo\\\/image\\\/\",\"url\":\"https:\\\/\\\/store.microbiotech.dz\\\/wp-content\\\/uploads\\\/2021\\\/09\\\/cropped-logo-microbiotech-2.jpg\",\"contentUrl\":\"https:\\\/\\\/store.microbiotech.dz\\\/wp-content\\\/uploads\\\/2021\\\/09\\\/cropped-logo-microbiotech-2.jpg\",\"width\":815,\"height\":586,\"caption\":\"Microbiotech EURL\"},\"image\":{\"@id\":\"https:\\\/\\\/store.microbiotech.dz\\\/#\\\/schema\\\/logo\\\/image\\\/\"},\"sameAs\":[\"https:\\\/\\\/www.facebook.com\\\/MicroBiotech.dz\",\"https:\\\/\\\/x.com\\\/MicrobiotechD\",\"https:\\\/\\\/www.linkedin.com\\\/in\\\/microbiotech\\\/\",\"https:\\\/\\\/www.youtube.com\\\/channel\\\/UCTxc3VIiX7LXD2LQYfZEcDg\"]}]}<\/script>\n<!-- \/ Yoast SEO plugin. -->","yoast_head_json":{"title":"Agitateur magn\u00e9tique chauffant DLAB MS-H-ProA","description":"Agitateur magn\u00e9tique chauffant DLAB MS-H-ProA garantit une agitation jusqu'\u00e0 1500 tours\/min et un chauffage jusqu'\u00e0 340 \u00b0C.","robots":{"index":"index","follow":"follow","max-snippet":"max-snippet:-1","max-image-preview":"max-image-preview:large","max-video-preview":"max-video-preview:-1"},"canonical":"https:\/\/store.microbiotech.dz\/index.php\/produit\/agitateur-magnetique-chauffant-dlab-ms-h-proa\/","og_locale":"fr_FR","og_type":"article","og_title":"Agitateur magn\u00e9tique chauffant DLAB MS-H-ProA","og_description":"Agitateur magn\u00e9tique chauffant DLAB MS-H-ProA garantit une agitation jusqu'\u00e0 1500 tours\/min et un chauffage jusqu'\u00e0 340 \u00b0C.","og_url":"https:\/\/store.microbiotech.dz\/index.php\/produit\/agitateur-magnetique-chauffant-dlab-ms-h-proa\/","og_site_name":"La Boutique en ligne","article_publisher":"https:\/\/www.facebook.com\/MicroBiotech.dz","article_modified_time":"2026-03-10T13:46:27+00:00","og_image":[{"width":600,"height":600,"url":"https:\/\/store.microbiotech.dz\/wp-content\/uploads\/2023\/08\/Design-sans-titre-2-4.png","type":"image\/png"}],"twitter_card":"summary_large_image","twitter_site":"@MicrobiotechD","twitter_misc":{"Dur\u00e9e de lecture estim\u00e9e":"1 minute"},"schema":{"@context":"https:\/\/schema.org","@graph":[{"@type":"WebPage","@id":"https:\/\/store.microbiotech.dz\/index.php\/produit\/agitateur-magnetique-chauffant-dlab-ms-h-proa\/","url":"https:\/\/store.microbiotech.dz\/index.php\/produit\/agitateur-magnetique-chauffant-dlab-ms-h-proa\/","name":"Agitateur magn\u00e9tique chauffant DLAB MS-H-ProA","isPartOf":{"@id":"https:\/\/store.microbiotech.dz\/#website"},"primaryImageOfPage":{"@id":"https:\/\/store.microbiotech.dz\/index.php\/produit\/agitateur-magnetique-chauffant-dlab-ms-h-proa\/#primaryimage"},"image":{"@id":"https:\/\/store.microbiotech.dz\/index.php\/produit\/agitateur-magnetique-chauffant-dlab-ms-h-proa\/#primaryimage"},"thumbnailUrl":"https:\/\/store.microbiotech.dz\/wp-content\/uploads\/2023\/08\/Design-sans-titre-2-4.png","datePublished":"2023-08-29T12:22:59+00:00","dateModified":"2026-03-10T13:46:27+00:00","description":"Agitateur magn\u00e9tique chauffant DLAB MS-H-ProA garantit une agitation jusqu'\u00e0 1500 tours\/min et un chauffage jusqu'\u00e0 340 \u00b0C.","breadcrumb":{"@id":"https:\/\/store.microbiotech.dz\/index.php\/produit\/agitateur-magnetique-chauffant-dlab-ms-h-proa\/#breadcrumb"},"inLanguage":"fr-FR","potentialAction":[{"@type":"ReadAction","target":["https:\/\/store.microbiotech.dz\/index.php\/produit\/agitateur-magnetique-chauffant-dlab-ms-h-proa\/"]}]},{"@type":"ImageObject","inLanguage":"fr-FR","@id":"https:\/\/store.microbiotech.dz\/index.php\/produit\/agitateur-magnetique-chauffant-dlab-ms-h-proa\/#primaryimage","url":"https:\/\/store.microbiotech.dz\/wp-content\/uploads\/2023\/08\/Design-sans-titre-2-4.png","contentUrl":"https:\/\/store.microbiotech.dz\/wp-content\/uploads\/2023\/08\/Design-sans-titre-2-4.png","width":600,"height":600,"caption":"Agitateur magn\u00e9tique chauffant DLAB MS-H-ProA"},{"@type":"BreadcrumbList","@id":"https:\/\/store.microbiotech.dz\/index.php\/produit\/agitateur-magnetique-chauffant-dlab-ms-h-proa\/#breadcrumb","itemListElement":[{"@type":"ListItem","position":1,"name":"Accueil","item":"https:\/\/store.microbiotech.dz\/"},{"@type":"ListItem","position":2,"name":"Nos Produits","item":"https:\/\/store.microbiotech.dz\/index.php\/nos-produits\/"},{"@type":"ListItem","position":3,"name":"Agitateur magn\u00e9tique chauffant DLAB MS-H-ProA"}]},{"@type":"WebSite","@id":"https:\/\/store.microbiotech.dz\/#website","url":"https:\/\/store.microbiotech.dz\/","name":"La Boutique en ligne","description":"Qualit\u00e9 - Rapidit\u00e9 - Tranquillit\u00e9","publisher":{"@id":"https:\/\/store.microbiotech.dz\/#organization"},"potentialAction":[{"@type":"SearchAction","target":{"@type":"EntryPoint","urlTemplate":"https:\/\/store.microbiotech.dz\/?s={search_term_string}"},"query-input":{"@type":"PropertyValueSpecification","valueRequired":true,"valueName":"search_term_string"}}],"inLanguage":"fr-FR"},{"@type":"Organization","@id":"https:\/\/store.microbiotech.dz\/#organization","name":"Microbiotech EURL","url":"https:\/\/store.microbiotech.dz\/","logo":{"@type":"ImageObject","inLanguage":"fr-FR","@id":"https:\/\/store.microbiotech.dz\/#\/schema\/logo\/image\/","url":"https:\/\/store.microbiotech.dz\/wp-content\/uploads\/2021\/09\/cropped-logo-microbiotech-2.jpg","contentUrl":"https:\/\/store.microbiotech.dz\/wp-content\/uploads\/2021\/09\/cropped-logo-microbiotech-2.jpg","width":815,"height":586,"caption":"Microbiotech EURL"},"image":{"@id":"https:\/\/store.microbiotech.dz\/#\/schema\/logo\/image\/"},"sameAs":["https:\/\/www.facebook.com\/MicroBiotech.dz","https:\/\/x.com\/MicrobiotechD","https:\/\/www.linkedin.com\/in\/microbiotech\/","https:\/\/www.youtube.com\/channel\/UCTxc3VIiX7LXD2LQYfZEcDg"]}]}},"jetpack_sharing_enabled":true,"_links":{"self":[{"href":"https:\/\/store.microbiotech.dz\/index.php\/wp-json\/wp\/v2\/product\/5296","targetHints":{"allow":["GET"]}}],"collection":[{"href":"https:\/\/store.microbiotech.dz\/index.php\/wp-json\/wp\/v2\/product"}],"about":[{"href":"https:\/\/store.microbiotech.dz\/index.php\/wp-json\/wp\/v2\/types\/product"}],"replies":[{"embeddable":true,"href":"https:\/\/store.microbiotech.dz\/index.php\/wp-json\/wp\/v2\/comments?post=5296"}],"wp:featuredmedia":[{"embeddable":true,"href":"https:\/\/store.microbiotech.dz\/index.php\/wp-json\/wp\/v2\/media\/5297"}],"wp:attachment":[{"href":"https:\/\/store.microbiotech.dz\/index.php\/wp-json\/wp\/v2\/media?parent=5296"}],"wp:term":[{"taxonomy":"product_brand","embeddable":true,"href":"https:\/\/store.microbiotech.dz\/index.php\/wp-json\/wp\/v2\/product_brand?post=5296"},{"taxonomy":"product_cat","embeddable":true,"href":"https:\/\/store.microbiotech.dz\/index.php\/wp-json\/wp\/v2\/product_cat?post=5296"},{"taxonomy":"product_tag","embeddable":true,"href":"https:\/\/store.microbiotech.dz\/index.php\/wp-json\/wp\/v2\/product_tag?post=5296"}],"curies":[{"name":"wp","href":"https:\/\/api.w.org\/{rel}","templated":true}]}}