{"id":5104,"date":"2023-07-24T13:02:01","date_gmt":"2023-07-24T12:02:01","guid":{"rendered":"https:\/\/store.microbiotech.dz\/?post_type=product&#038;p=5104"},"modified":"2024-09-25T10:05:58","modified_gmt":"2024-09-25T09:05:58","slug":"ballon-fond-rond-tricol-rode-glassco","status":"publish","type":"product","link":"https:\/\/store.microbiotech.dz\/index.php\/produit\/ballon-fond-rond-tricol-rode-glassco\/","title":{"rendered":"Ballon fond rond tricol rod\u00e9 Glassco"},"content":{"rendered":"<p>Le <a href=\"https:\/\/store.microbiotech.dz\/?s=ballon\" target=\"_blank\" rel=\"noopener\">Ballon<\/a> fond rond tricol rod\u00e9 <a href=\"https:\/\/www.glasscolabs.com\/#\" target=\"_blank\" rel=\"noopener\">Glassco<\/a> pr\u00e9sente une construction en verre de haute qualit\u00e9, garantissant une excellente r\u00e9sistance aux produits chimiques et une durabilit\u00e9 accrue. Les trois cols droits rod\u00e9s offrent une commodit\u00e9 suppl\u00e9mentaire lors du remplissage et du versement de liquides, permettant un contr\u00f4le pr\u00e9cis et s\u00fbr des \u00e9chantillons.<\/p>\n<div dir=\"auto\">Avec sa forme sph\u00e9rique, ce ballon favorise une distribution homog\u00e8ne des r\u00e9actifs et des substances, optimisant ainsi les r\u00e9actions et les m\u00e9langes.<\/div>\n","protected":false},"excerpt":{"rendered":"<p>&nbsp;<\/p>\n<p>Marque :\u00a0<strong>Glassco<\/strong>\u00a0<img loading=\"lazy\" decoding=\"async\" class=\"alignnone wp-image-2010 lazyloaded\" src=\"https:\/\/store.microbiotech.dz\/wp-content\/uploads\/2022\/05\/India-Flag-300x289.jpg\" sizes=\"auto, (max-width: 42px) 100vw, 42px\" srcset=\"https:\/\/store.microbiotech.dz\/wp-content\/uploads\/2022\/05\/India-Flag-300x289.jpg 300w, https:\/\/store.microbiotech.dz\/wp-content\/uploads\/2022\/05\/India-Flag.jpg 450w\" alt=\"\" width=\"33\" height=\"32\" data-srcset=\"https:\/\/store.microbiotech.dz\/wp-content\/uploads\/2022\/05\/India-Flag-300x289.jpg 300w, https:\/\/store.microbiotech.dz\/wp-content\/uploads\/2022\/05\/India-Flag.jpg 450w\" data-src=\"https:\/\/store.microbiotech.dz\/wp-content\/uploads\/2022\/05\/India-Flag-300x289.jpg\" data-sizes=\"(max-width: 42px) 100vw, 42px\" \/><br \/>\nMat\u00e9riau :\u00a0<strong>verre borosilicate<\/strong><br \/>\nCols : <strong>29\/32 + 2 x 14\/23<\/strong><\/p>\n","protected":false},"featured_media":5105,"comment_status":"open","ping_status":"closed","template":"","meta":{"site-sidebar-layout":"default","site-content-layout":"default","ast-site-content-layout":"default","site-content-style":"default","site-sidebar-style":"default","ast-global-header-display":"","ast-banner-title-visibility":"","ast-main-header-display":"","ast-hfb-above-header-display":"","ast-hfb-below-header-display":"","ast-hfb-mobile-header-display":"","site-post-title":"","ast-breadcrumbs-content":"","ast-featured-img":"","footer-sml-layout":"","ast-disable-related-posts":"","theme-transparent-header-meta":"default","adv-header-id-meta":"","stick-header-meta":"","header-above-stick-meta":"","header-main-stick-meta":"","header-below-stick-meta":"","astra-migrate-meta-layouts":"set","ast-page-background-enabled":"default","ast-page-background-meta":{"desktop":{"background-color":"var(--ast-global-color-4)","background-image":"","background-repeat":"repeat","background-position":"center center","background-size":"auto","background-attachment":"scroll","background-type":"","background-media":"","overlay-type":"","overlay-color":"","overlay-opacity":"","overlay-gradient":""},"tablet":{"background-color":"","background-image":"","background-repeat":"repeat","background-position":"center center","background-size":"auto","background-attachment":"scroll","background-type":"","background-media":"","overlay-type":"","overlay-color":"","overlay-opacity":"","overlay-gradient":""},"mobile":{"background-color":"","background-image":"","background-repeat":"repeat","background-position":"center center","background-size":"auto","background-attachment":"scroll","background-type":"","background-media":"","overlay-type":"","overlay-color":"","overlay-opacity":"","overlay-gradient":""}},"ast-content-background-meta":{"desktop":{"background-color":"var(--ast-global-color-5)","background-image":"","background-repeat":"repeat","background-position":"center center","background-size":"auto","background-attachment":"scroll","background-type":"","background-media":"","overlay-type":"","overlay-color":"","overlay-opacity":"","overlay-gradient":""},"tablet":{"background-color":"var(--ast-global-color-5)","background-image":"","background-repeat":"repeat","background-position":"center center","background-size":"auto","background-attachment":"scroll","background-type":"","background-media":"","overlay-type":"","overlay-color":"","overlay-opacity":"","overlay-gradient":""},"mobile":{"background-color":"var(--ast-global-color-5)","background-image":"","background-repeat":"repeat","background-position":"center center","background-size":"auto","background-attachment":"scroll","background-type":"","background-media":"","overlay-type":"","overlay-color":"","overlay-opacity":"","overlay-gradient":""}},"jetpack_post_was_ever_published":false},"product_brand":[],"product_cat":[238,239],"product_tag":[289,1345,541,944,1346],"class_list":{"0":"post-5104","1":"product","2":"type-product","3":"status-publish","4":"has-post-thumbnail","6":"product_cat-equipements","7":"product_cat-verrerie","8":"product_tag-ballon","9":"product_tag-ballon-tricol","10":"product_tag-f10","11":"product_tag-glassco","12":"product_tag-tricol","13":"product_shipping_class-temperature-ambiante","14":"desktop-align-center","15":"tablet-align-left","16":"mobile-align-left","18":"first","19":"instock","20":"taxable","21":"shipping-taxable","22":"purchasable","23":"product-type-variable"},"yoast_head":"<!-- This site is optimized with the Yoast SEO plugin v27.4 - https:\/\/yoast.com\/product\/yoast-seo-wordpress\/ -->\n<title>Ballon fond rond tricol rod\u00e9 Glassco - La Boutique en ligne<\/title>\n<meta name=\"description\" content=\"Investissez dans la qualit\u00e9 et l&#039;efficacit\u00e9 avec notre Ballon fond rond tricol rod\u00e9 Glassco en verre de premier choix. A bon prix.\" \/>\n<meta name=\"robots\" content=\"index, follow, max-snippet:-1, max-image-preview:large, max-video-preview:-1\" \/>\n<link rel=\"canonical\" href=\"https:\/\/store.microbiotech.dz\/index.php\/produit\/ballon-fond-rond-tricol-rode-glassco\/\" \/>\n<meta property=\"og:locale\" content=\"fr_FR\" \/>\n<meta property=\"og:type\" content=\"article\" \/>\n<meta property=\"og:title\" content=\"Ballon fond rond tricol rod\u00e9 Glassco - La Boutique en ligne\" \/>\n<meta property=\"og:description\" content=\"Investissez dans la qualit\u00e9 et l&#039;efficacit\u00e9 avec notre Ballon fond rond tricol rod\u00e9 Glassco en verre de premier choix. A bon prix.\" \/>\n<meta property=\"og:url\" content=\"https:\/\/store.microbiotech.dz\/index.php\/produit\/ballon-fond-rond-tricol-rode-glassco\/\" \/>\n<meta property=\"og:site_name\" content=\"La Boutique en ligne\" \/>\n<meta property=\"article:publisher\" content=\"https:\/\/www.facebook.com\/MicroBiotech.dz\" \/>\n<meta property=\"article:modified_time\" content=\"2024-09-25T09:05:58+00:00\" \/>\n<meta property=\"og:image\" content=\"https:\/\/store.microbiotech.dz\/wp-content\/uploads\/2023\/07\/Design-sans-titre.png\" \/>\n\t<meta property=\"og:image:width\" content=\"600\" \/>\n\t<meta property=\"og:image:height\" content=\"600\" \/>\n\t<meta property=\"og:image:type\" content=\"image\/png\" \/>\n<meta name=\"twitter:card\" content=\"summary_large_image\" \/>\n<meta name=\"twitter:site\" content=\"@MicrobiotechD\" \/>\n<script type=\"application\/ld+json\" class=\"yoast-schema-graph\">{\"@context\":\"https:\\\/\\\/schema.org\",\"@graph\":[{\"@type\":\"WebPage\",\"@id\":\"https:\\\/\\\/store.microbiotech.dz\\\/index.php\\\/produit\\\/ballon-fond-rond-tricol-rode-glassco\\\/\",\"url\":\"https:\\\/\\\/store.microbiotech.dz\\\/index.php\\\/produit\\\/ballon-fond-rond-tricol-rode-glassco\\\/\",\"name\":\"Ballon fond rond tricol rod\u00e9 Glassco - La Boutique en ligne\",\"isPartOf\":{\"@id\":\"https:\\\/\\\/store.microbiotech.dz\\\/#website\"},\"primaryImageOfPage\":{\"@id\":\"https:\\\/\\\/store.microbiotech.dz\\\/index.php\\\/produit\\\/ballon-fond-rond-tricol-rode-glassco\\\/#primaryimage\"},\"image\":{\"@id\":\"https:\\\/\\\/store.microbiotech.dz\\\/index.php\\\/produit\\\/ballon-fond-rond-tricol-rode-glassco\\\/#primaryimage\"},\"thumbnailUrl\":\"https:\\\/\\\/store.microbiotech.dz\\\/wp-content\\\/uploads\\\/2023\\\/07\\\/Design-sans-titre.png\",\"datePublished\":\"2023-07-24T12:02:01+00:00\",\"dateModified\":\"2024-09-25T09:05:58+00:00\",\"description\":\"Investissez dans la qualit\u00e9 et l'efficacit\u00e9 avec notre Ballon fond rond tricol rod\u00e9 Glassco en verre de premier choix. A bon prix.\",\"breadcrumb\":{\"@id\":\"https:\\\/\\\/store.microbiotech.dz\\\/index.php\\\/produit\\\/ballon-fond-rond-tricol-rode-glassco\\\/#breadcrumb\"},\"inLanguage\":\"fr-FR\",\"potentialAction\":[{\"@type\":\"ReadAction\",\"target\":[\"https:\\\/\\\/store.microbiotech.dz\\\/index.php\\\/produit\\\/ballon-fond-rond-tricol-rode-glassco\\\/\"]}]},{\"@type\":\"ImageObject\",\"inLanguage\":\"fr-FR\",\"@id\":\"https:\\\/\\\/store.microbiotech.dz\\\/index.php\\\/produit\\\/ballon-fond-rond-tricol-rode-glassco\\\/#primaryimage\",\"url\":\"https:\\\/\\\/store.microbiotech.dz\\\/wp-content\\\/uploads\\\/2023\\\/07\\\/Design-sans-titre.png\",\"contentUrl\":\"https:\\\/\\\/store.microbiotech.dz\\\/wp-content\\\/uploads\\\/2023\\\/07\\\/Design-sans-titre.png\",\"width\":600,\"height\":600,\"caption\":\"Ballon fond rond tricol rod\u00e9 Joanlab\"},{\"@type\":\"BreadcrumbList\",\"@id\":\"https:\\\/\\\/store.microbiotech.dz\\\/index.php\\\/produit\\\/ballon-fond-rond-tricol-rode-glassco\\\/#breadcrumb\",\"itemListElement\":[{\"@type\":\"ListItem\",\"position\":1,\"name\":\"Accueil\",\"item\":\"https:\\\/\\\/store.microbiotech.dz\\\/\"},{\"@type\":\"ListItem\",\"position\":2,\"name\":\"Nos Produits\",\"item\":\"https:\\\/\\\/store.microbiotech.dz\\\/index.php\\\/nos-produits\\\/\"},{\"@type\":\"ListItem\",\"position\":3,\"name\":\"Ballon fond rond tricol rod\u00e9 Glassco\"}]},{\"@type\":\"WebSite\",\"@id\":\"https:\\\/\\\/store.microbiotech.dz\\\/#website\",\"url\":\"https:\\\/\\\/store.microbiotech.dz\\\/\",\"name\":\"La Boutique en ligne\",\"description\":\"Qualit\u00e9 - Rapidit\u00e9 - Tranquillit\u00e9\",\"publisher\":{\"@id\":\"https:\\\/\\\/store.microbiotech.dz\\\/#organization\"},\"potentialAction\":[{\"@type\":\"SearchAction\",\"target\":{\"@type\":\"EntryPoint\",\"urlTemplate\":\"https:\\\/\\\/store.microbiotech.dz\\\/?s={search_term_string}\"},\"query-input\":{\"@type\":\"PropertyValueSpecification\",\"valueRequired\":true,\"valueName\":\"search_term_string\"}}],\"inLanguage\":\"fr-FR\"},{\"@type\":\"Organization\",\"@id\":\"https:\\\/\\\/store.microbiotech.dz\\\/#organization\",\"name\":\"Microbiotech EURL\",\"url\":\"https:\\\/\\\/store.microbiotech.dz\\\/\",\"logo\":{\"@type\":\"ImageObject\",\"inLanguage\":\"fr-FR\",\"@id\":\"https:\\\/\\\/store.microbiotech.dz\\\/#\\\/schema\\\/logo\\\/image\\\/\",\"url\":\"https:\\\/\\\/store.microbiotech.dz\\\/wp-content\\\/uploads\\\/2021\\\/09\\\/cropped-logo-microbiotech-2.jpg\",\"contentUrl\":\"https:\\\/\\\/store.microbiotech.dz\\\/wp-content\\\/uploads\\\/2021\\\/09\\\/cropped-logo-microbiotech-2.jpg\",\"width\":815,\"height\":586,\"caption\":\"Microbiotech EURL\"},\"image\":{\"@id\":\"https:\\\/\\\/store.microbiotech.dz\\\/#\\\/schema\\\/logo\\\/image\\\/\"},\"sameAs\":[\"https:\\\/\\\/www.facebook.com\\\/MicroBiotech.dz\",\"https:\\\/\\\/x.com\\\/MicrobiotechD\",\"https:\\\/\\\/www.linkedin.com\\\/in\\\/microbiotech\\\/\",\"https:\\\/\\\/www.youtube.com\\\/channel\\\/UCTxc3VIiX7LXD2LQYfZEcDg\"]}]}<\/script>\n<!-- \/ Yoast SEO plugin. -->","yoast_head_json":{"title":"Ballon fond rond tricol rod\u00e9 Glassco - La Boutique en ligne","description":"Investissez dans la qualit\u00e9 et l'efficacit\u00e9 avec notre Ballon fond rond tricol rod\u00e9 Glassco en verre de premier choix. A bon prix.","robots":{"index":"index","follow":"follow","max-snippet":"max-snippet:-1","max-image-preview":"max-image-preview:large","max-video-preview":"max-video-preview:-1"},"canonical":"https:\/\/store.microbiotech.dz\/index.php\/produit\/ballon-fond-rond-tricol-rode-glassco\/","og_locale":"fr_FR","og_type":"article","og_title":"Ballon fond rond tricol rod\u00e9 Glassco - La Boutique en ligne","og_description":"Investissez dans la qualit\u00e9 et l'efficacit\u00e9 avec notre Ballon fond rond tricol rod\u00e9 Glassco en verre de premier choix. A bon prix.","og_url":"https:\/\/store.microbiotech.dz\/index.php\/produit\/ballon-fond-rond-tricol-rode-glassco\/","og_site_name":"La Boutique en ligne","article_publisher":"https:\/\/www.facebook.com\/MicroBiotech.dz","article_modified_time":"2024-09-25T09:05:58+00:00","og_image":[{"width":600,"height":600,"url":"https:\/\/store.microbiotech.dz\/wp-content\/uploads\/2023\/07\/Design-sans-titre.png","type":"image\/png"}],"twitter_card":"summary_large_image","twitter_site":"@MicrobiotechD","schema":{"@context":"https:\/\/schema.org","@graph":[{"@type":"WebPage","@id":"https:\/\/store.microbiotech.dz\/index.php\/produit\/ballon-fond-rond-tricol-rode-glassco\/","url":"https:\/\/store.microbiotech.dz\/index.php\/produit\/ballon-fond-rond-tricol-rode-glassco\/","name":"Ballon fond rond tricol rod\u00e9 Glassco - La Boutique en ligne","isPartOf":{"@id":"https:\/\/store.microbiotech.dz\/#website"},"primaryImageOfPage":{"@id":"https:\/\/store.microbiotech.dz\/index.php\/produit\/ballon-fond-rond-tricol-rode-glassco\/#primaryimage"},"image":{"@id":"https:\/\/store.microbiotech.dz\/index.php\/produit\/ballon-fond-rond-tricol-rode-glassco\/#primaryimage"},"thumbnailUrl":"https:\/\/store.microbiotech.dz\/wp-content\/uploads\/2023\/07\/Design-sans-titre.png","datePublished":"2023-07-24T12:02:01+00:00","dateModified":"2024-09-25T09:05:58+00:00","description":"Investissez dans la qualit\u00e9 et l'efficacit\u00e9 avec notre Ballon fond rond tricol rod\u00e9 Glassco en verre de premier choix. A bon prix.","breadcrumb":{"@id":"https:\/\/store.microbiotech.dz\/index.php\/produit\/ballon-fond-rond-tricol-rode-glassco\/#breadcrumb"},"inLanguage":"fr-FR","potentialAction":[{"@type":"ReadAction","target":["https:\/\/store.microbiotech.dz\/index.php\/produit\/ballon-fond-rond-tricol-rode-glassco\/"]}]},{"@type":"ImageObject","inLanguage":"fr-FR","@id":"https:\/\/store.microbiotech.dz\/index.php\/produit\/ballon-fond-rond-tricol-rode-glassco\/#primaryimage","url":"https:\/\/store.microbiotech.dz\/wp-content\/uploads\/2023\/07\/Design-sans-titre.png","contentUrl":"https:\/\/store.microbiotech.dz\/wp-content\/uploads\/2023\/07\/Design-sans-titre.png","width":600,"height":600,"caption":"Ballon fond rond tricol rod\u00e9 Joanlab"},{"@type":"BreadcrumbList","@id":"https:\/\/store.microbiotech.dz\/index.php\/produit\/ballon-fond-rond-tricol-rode-glassco\/#breadcrumb","itemListElement":[{"@type":"ListItem","position":1,"name":"Accueil","item":"https:\/\/store.microbiotech.dz\/"},{"@type":"ListItem","position":2,"name":"Nos Produits","item":"https:\/\/store.microbiotech.dz\/index.php\/nos-produits\/"},{"@type":"ListItem","position":3,"name":"Ballon fond rond tricol rod\u00e9 Glassco"}]},{"@type":"WebSite","@id":"https:\/\/store.microbiotech.dz\/#website","url":"https:\/\/store.microbiotech.dz\/","name":"La Boutique en ligne","description":"Qualit\u00e9 - Rapidit\u00e9 - Tranquillit\u00e9","publisher":{"@id":"https:\/\/store.microbiotech.dz\/#organization"},"potentialAction":[{"@type":"SearchAction","target":{"@type":"EntryPoint","urlTemplate":"https:\/\/store.microbiotech.dz\/?s={search_term_string}"},"query-input":{"@type":"PropertyValueSpecification","valueRequired":true,"valueName":"search_term_string"}}],"inLanguage":"fr-FR"},{"@type":"Organization","@id":"https:\/\/store.microbiotech.dz\/#organization","name":"Microbiotech EURL","url":"https:\/\/store.microbiotech.dz\/","logo":{"@type":"ImageObject","inLanguage":"fr-FR","@id":"https:\/\/store.microbiotech.dz\/#\/schema\/logo\/image\/","url":"https:\/\/store.microbiotech.dz\/wp-content\/uploads\/2021\/09\/cropped-logo-microbiotech-2.jpg","contentUrl":"https:\/\/store.microbiotech.dz\/wp-content\/uploads\/2021\/09\/cropped-logo-microbiotech-2.jpg","width":815,"height":586,"caption":"Microbiotech EURL"},"image":{"@id":"https:\/\/store.microbiotech.dz\/#\/schema\/logo\/image\/"},"sameAs":["https:\/\/www.facebook.com\/MicroBiotech.dz","https:\/\/x.com\/MicrobiotechD","https:\/\/www.linkedin.com\/in\/microbiotech\/","https:\/\/www.youtube.com\/channel\/UCTxc3VIiX7LXD2LQYfZEcDg"]}]}},"jetpack_sharing_enabled":true,"_links":{"self":[{"href":"https:\/\/store.microbiotech.dz\/index.php\/wp-json\/wp\/v2\/product\/5104","targetHints":{"allow":["GET"]}}],"collection":[{"href":"https:\/\/store.microbiotech.dz\/index.php\/wp-json\/wp\/v2\/product"}],"about":[{"href":"https:\/\/store.microbiotech.dz\/index.php\/wp-json\/wp\/v2\/types\/product"}],"replies":[{"embeddable":true,"href":"https:\/\/store.microbiotech.dz\/index.php\/wp-json\/wp\/v2\/comments?post=5104"}],"wp:featuredmedia":[{"embeddable":true,"href":"https:\/\/store.microbiotech.dz\/index.php\/wp-json\/wp\/v2\/media\/5105"}],"wp:attachment":[{"href":"https:\/\/store.microbiotech.dz\/index.php\/wp-json\/wp\/v2\/media?parent=5104"}],"wp:term":[{"taxonomy":"product_brand","embeddable":true,"href":"https:\/\/store.microbiotech.dz\/index.php\/wp-json\/wp\/v2\/product_brand?post=5104"},{"taxonomy":"product_cat","embeddable":true,"href":"https:\/\/store.microbiotech.dz\/index.php\/wp-json\/wp\/v2\/product_cat?post=5104"},{"taxonomy":"product_tag","embeddable":true,"href":"https:\/\/store.microbiotech.dz\/index.php\/wp-json\/wp\/v2\/product_tag?post=5104"}],"curies":[{"name":"wp","href":"https:\/\/api.w.org\/{rel}","templated":true}]}}