{"id":5068,"date":"2023-07-17T11:02:57","date_gmt":"2023-07-17T10:02:57","guid":{"rendered":"https:\/\/store.microbiotech.dz\/?post_type=product&#038;p=5068"},"modified":"2026-03-10T09:43:58","modified_gmt":"2026-03-10T08:43:58","slug":"milwaukee-3-en-1-ph-ec-et-tds-metre","status":"publish","type":"product","link":"https:\/\/store.microbiotech.dz\/index.php\/produit\/milwaukee-3-en-1-ph-ec-et-tds-metre\/","title":{"rendered":"Milwaukee 3 en 1 pH EC et TDS m\u00e8tre"},"content":{"rendered":"<p>Le <a href=\"https:\/\/milwaukeeinstruments.com\/search.php?search_query=MW101-SOL\" target=\"_blank\" rel=\"noopener\">Milwaukee<\/a> 3 en 1 pH EC et<a href=\"https:\/\/store.microbiotech.dz\/?s=tds\" target=\"_blank\" rel=\"noopener\"> TDS m\u00e8tre<\/a> permet de mesurer le pH, l&rsquo;EC (conductivit\u00e9) et le TDS avec un seul compteur et une seule sonde. Il est simple, portable et robuste.\u00a0Plus besoin de jongler avec plusieurs \u00e9lectrodes et fils.<\/p>\n<p>Le Milwaukee 3 en 1 pH EC et TDS m\u00e8tre se caract\u00e9rise par :<\/p>\n<ul class=\"atf-features\">\n<li><span>Une sonde pH, EC et TDS (ppm) int\u00e9gr\u00e9e et rempla\u00e7able avec un seul c\u00e2ble de 3 pieds pour une utilisation facile (sonde SE600 incluse).<\/span><\/li>\n<li><span>Une jonction de fibre sur le capteur de pH pour r\u00e9duire la contamination lors de la mesure des solutions d&rsquo;engrais.\u00a0<\/span><\/li>\n<li><span>Un facteur de forme l\u00e9ger et portable \u00e0 seulement 5,8 onces avec batterie et un peu plus de 3 pouces de large.<\/span><\/li>\n<li><span>Un grand \u00e9cran facile \u00e0 lire.<\/span><\/li>\n<li><span>\u00c9talonnage en usine avec un \u00e9talonnage manuel simple en un seul point pour le pH et l&rsquo;EC.<\/span><\/li>\n<li><span>Une r\u00e9putation de construction robuste et de longue dur\u00e9e de vie<\/span><\/li>\n<li><span>Conception sp\u00e9cialis\u00e9e pour les producteurs hydroponiques, aquaponiques et en serre.<\/span><\/li>\n<\/ul>\n","protected":false},"excerpt":{"rendered":"<p>&nbsp;<\/p>\n<p>Marque:\u00a0<strong>Milwaukee<\/strong><strong><img loading=\"lazy\" decoding=\"async\" class=\"wp-image-1507 alignnone lazyloaded\" src=\"https:\/\/store.microbiotech.dz\/wp-content\/uploads\/2022\/02\/Sans-titre-1.png\" alt=\"\" width=\"29\" height=\"27\" data-src=\"https:\/\/store.microbiotech.dz\/wp-content\/uploads\/2022\/02\/Sans-titre-1.png\" \/><\/strong><br \/>\n<span>Plage de pH : <strong>0,00 \u00e0 14,00 pH<\/strong><\/span><br \/>\n<span>Plage EC : <strong>0,00 \u00e0 6,00 mS\/cm<\/strong><\/span><br \/>\n<span>Gamme TDS : <strong>0 \u00e0 4000 ppm<\/strong><\/span><br \/>\n<span>R\u00e9solution du pH :<strong> 0,1 pH<\/strong><\/span><br \/>\n<span>R\u00e9solution EC : <strong>0,01 mS\/cm<\/strong><\/span><br \/>\n<span>R\u00e9solution TDS : <strong>10 ppm<\/strong><\/span><br \/>\n<span>Pr\u00e9cision du pH : <strong>\u00b10,2<\/strong><\/span><br \/>\n<span>Pr\u00e9cision EC\/TDS : <strong>\u00b1 2 % de la pleine \u00e9chelle<\/strong><\/span><br \/>\n<span>Solutions d&rsquo;\u00e9talonnage : <strong>M10007 (pH 7,01) M10032 (1382 ppm) M10442B 1500 ppm<\/strong><\/span><br \/>\n<span>Facteur de conversion : <strong>0,68<\/strong><\/span><br \/>\n<span>\u00c9talonnage : <strong>Manuel en 1 point<\/strong><\/span><br \/>\n<span>Compensation de temp\u00e9rature :<strong> Automatique de 0 \u00e0 50\u00b0C<\/strong><\/span><br \/>\n<span>Sonde : <strong>Sonde combin\u00e9e pH\/EC\/TDS SE600<\/strong><\/span><br \/>\n<span>Environnement\u00a0: <strong>0 \u00e0 50\u00a0\u00b0C \/ 32 \u00e0 122\u00a0\u00b0F\u00a0;\u00a0HR max 95%<\/strong><\/span><br \/>\n<span>Type de pile \/ Autonomie de la pile : <strong>1 x 9 V alcaline \/ 150 heures d&rsquo;utilisation<\/strong><\/span><br \/>\n<span>Arr\u00eat automatique : <strong>apr\u00e8s 8 minutes de non-utilisation<\/strong><\/span><br \/>\n<span>Dimensions : <strong>7,3 x 3,2 x 1,8 pouce<\/strong><\/span><\/p>\n","protected":false},"featured_media":5069,"comment_status":"open","ping_status":"closed","template":"","meta":{"site-sidebar-layout":"default","site-content-layout":"default","ast-site-content-layout":"default","site-content-style":"default","site-sidebar-style":"default","ast-global-header-display":"","ast-banner-title-visibility":"","ast-main-header-display":"","ast-hfb-above-header-display":"","ast-hfb-below-header-display":"","ast-hfb-mobile-header-display":"","site-post-title":"","ast-breadcrumbs-content":"","ast-featured-img":"","footer-sml-layout":"","ast-disable-related-posts":"","theme-transparent-header-meta":"default","adv-header-id-meta":"","stick-header-meta":"","header-above-stick-meta":"","header-main-stick-meta":"","header-below-stick-meta":"","astra-migrate-meta-layouts":"default","ast-page-background-enabled":"default","ast-page-background-meta":{"desktop":{"background-color":"var(--ast-global-color-4)","background-image":"","background-repeat":"repeat","background-position":"center center","background-size":"auto","background-attachment":"scroll","background-type":"","background-media":"","overlay-type":"","overlay-color":"","overlay-opacity":"","overlay-gradient":""},"tablet":{"background-color":"","background-image":"","background-repeat":"repeat","background-position":"center center","background-size":"auto","background-attachment":"scroll","background-type":"","background-media":"","overlay-type":"","overlay-color":"","overlay-opacity":"","overlay-gradient":""},"mobile":{"background-color":"","background-image":"","background-repeat":"repeat","background-position":"center center","background-size":"auto","background-attachment":"scroll","background-type":"","background-media":"","overlay-type":"","overlay-color":"","overlay-opacity":"","overlay-gradient":""}},"ast-content-background-meta":{"desktop":{"background-color":"var(--ast-global-color-5)","background-image":"","background-repeat":"repeat","background-position":"center center","background-size":"auto","background-attachment":"scroll","background-type":"","background-media":"","overlay-type":"","overlay-color":"","overlay-opacity":"","overlay-gradient":""},"tablet":{"background-color":"var(--ast-global-color-5)","background-image":"","background-repeat":"repeat","background-position":"center center","background-size":"auto","background-attachment":"scroll","background-type":"","background-media":"","overlay-type":"","overlay-color":"","overlay-opacity":"","overlay-gradient":""},"mobile":{"background-color":"var(--ast-global-color-5)","background-image":"","background-repeat":"repeat","background-position":"center center","background-size":"auto","background-attachment":"scroll","background-type":"","background-media":"","overlay-type":"","overlay-color":"","overlay-opacity":"","overlay-gradient":""}},"jetpack_post_was_ever_published":false},"product_brand":[],"product_cat":[238],"product_tag":[1106,1157,541,1228,550,546,547,1155,1156],"class_list":{"0":"post-5068","1":"product","2":"type-product","3":"status-publish","4":"has-post-thumbnail","6":"product_cat-equipements","7":"product_tag-conductimetre","8":"product_tag-ec-metre","9":"product_tag-f10","10":"product_tag-f104","11":"product_tag-milwaukee","12":"product_tag-ph","13":"product_tag-ph-metre","14":"product_tag-tds","15":"product_tag-tds-ec-metre","16":"product_shipping_class-temperature-ambiante","17":"desktop-align-center","18":"tablet-align-left","19":"mobile-align-left","21":"first","22":"instock","23":"taxable","24":"shipping-taxable","25":"purchasable","26":"product-type-simple"},"yoast_head":"<!-- This site is optimized with the Yoast SEO plugin v27.4 - https:\/\/yoast.com\/product\/yoast-seo-wordpress\/ -->\n<title>Milwaukee 3 en 1 pH EC et TDS m\u00e8tre - La Boutique en ligne<\/title>\n<meta name=\"description\" content=\"Milwaukee 3 en 1 pH EC et TDS m\u00e8tre permet de mesurer le pH, l&#039;EC (conductivit\u00e9) et le TDS avec un seul compteur et une seule sonde.\" \/>\n<meta name=\"robots\" content=\"index, follow, max-snippet:-1, max-image-preview:large, max-video-preview:-1\" \/>\n<link rel=\"canonical\" href=\"https:\/\/store.microbiotech.dz\/index.php\/produit\/milwaukee-3-en-1-ph-ec-et-tds-metre\/\" \/>\n<meta property=\"og:locale\" content=\"fr_FR\" \/>\n<meta property=\"og:type\" content=\"article\" \/>\n<meta property=\"og:title\" content=\"Milwaukee 3 en 1 pH EC et TDS m\u00e8tre - La Boutique en ligne\" \/>\n<meta property=\"og:description\" content=\"Milwaukee 3 en 1 pH EC et TDS m\u00e8tre permet de mesurer le pH, l&#039;EC (conductivit\u00e9) et le TDS avec un seul compteur et une seule sonde.\" \/>\n<meta property=\"og:url\" content=\"https:\/\/store.microbiotech.dz\/index.php\/produit\/milwaukee-3-en-1-ph-ec-et-tds-metre\/\" \/>\n<meta property=\"og:site_name\" content=\"La Boutique en ligne\" \/>\n<meta property=\"article:publisher\" content=\"https:\/\/www.facebook.com\/MicroBiotech.dz\" \/>\n<meta property=\"article:modified_time\" content=\"2026-03-10T08:43:58+00:00\" \/>\n<meta property=\"og:image\" content=\"https:\/\/store.microbiotech.dz\/wp-content\/uploads\/2023\/07\/mw802-600x.png\" \/>\n\t<meta property=\"og:image:width\" content=\"600\" \/>\n\t<meta property=\"og:image:height\" content=\"600\" \/>\n\t<meta property=\"og:image:type\" content=\"image\/png\" \/>\n<meta name=\"twitter:card\" content=\"summary_large_image\" \/>\n<meta name=\"twitter:site\" content=\"@MicrobiotechD\" \/>\n<meta name=\"twitter:label1\" content=\"Dur\u00e9e de lecture estim\u00e9e\" \/>\n\t<meta name=\"twitter:data1\" content=\"1 minute\" \/>\n<script type=\"application\/ld+json\" class=\"yoast-schema-graph\">{\"@context\":\"https:\\\/\\\/schema.org\",\"@graph\":[{\"@type\":\"WebPage\",\"@id\":\"https:\\\/\\\/store.microbiotech.dz\\\/index.php\\\/produit\\\/milwaukee-3-en-1-ph-ec-et-tds-metre\\\/\",\"url\":\"https:\\\/\\\/store.microbiotech.dz\\\/index.php\\\/produit\\\/milwaukee-3-en-1-ph-ec-et-tds-metre\\\/\",\"name\":\"Milwaukee 3 en 1 pH EC et TDS m\u00e8tre - La Boutique en ligne\",\"isPartOf\":{\"@id\":\"https:\\\/\\\/store.microbiotech.dz\\\/#website\"},\"primaryImageOfPage\":{\"@id\":\"https:\\\/\\\/store.microbiotech.dz\\\/index.php\\\/produit\\\/milwaukee-3-en-1-ph-ec-et-tds-metre\\\/#primaryimage\"},\"image\":{\"@id\":\"https:\\\/\\\/store.microbiotech.dz\\\/index.php\\\/produit\\\/milwaukee-3-en-1-ph-ec-et-tds-metre\\\/#primaryimage\"},\"thumbnailUrl\":\"https:\\\/\\\/store.microbiotech.dz\\\/wp-content\\\/uploads\\\/2023\\\/07\\\/mw802-600x.png\",\"datePublished\":\"2023-07-17T10:02:57+00:00\",\"dateModified\":\"2026-03-10T08:43:58+00:00\",\"description\":\"Milwaukee 3 en 1 pH EC et TDS m\u00e8tre permet de mesurer le pH, l'EC (conductivit\u00e9) et le TDS avec un seul compteur et une seule sonde.\",\"breadcrumb\":{\"@id\":\"https:\\\/\\\/store.microbiotech.dz\\\/index.php\\\/produit\\\/milwaukee-3-en-1-ph-ec-et-tds-metre\\\/#breadcrumb\"},\"inLanguage\":\"fr-FR\",\"potentialAction\":[{\"@type\":\"ReadAction\",\"target\":[\"https:\\\/\\\/store.microbiotech.dz\\\/index.php\\\/produit\\\/milwaukee-3-en-1-ph-ec-et-tds-metre\\\/\"]}]},{\"@type\":\"ImageObject\",\"inLanguage\":\"fr-FR\",\"@id\":\"https:\\\/\\\/store.microbiotech.dz\\\/index.php\\\/produit\\\/milwaukee-3-en-1-ph-ec-et-tds-metre\\\/#primaryimage\",\"url\":\"https:\\\/\\\/store.microbiotech.dz\\\/wp-content\\\/uploads\\\/2023\\\/07\\\/mw802-600x.png\",\"contentUrl\":\"https:\\\/\\\/store.microbiotech.dz\\\/wp-content\\\/uploads\\\/2023\\\/07\\\/mw802-600x.png\",\"width\":600,\"height\":600,\"caption\":\"Milwaukee 3 en 1 pH EC et TDS m\u00e8tre\"},{\"@type\":\"BreadcrumbList\",\"@id\":\"https:\\\/\\\/store.microbiotech.dz\\\/index.php\\\/produit\\\/milwaukee-3-en-1-ph-ec-et-tds-metre\\\/#breadcrumb\",\"itemListElement\":[{\"@type\":\"ListItem\",\"position\":1,\"name\":\"Accueil\",\"item\":\"https:\\\/\\\/store.microbiotech.dz\\\/\"},{\"@type\":\"ListItem\",\"position\":2,\"name\":\"Nos Produits\",\"item\":\"https:\\\/\\\/store.microbiotech.dz\\\/index.php\\\/nos-produits\\\/\"},{\"@type\":\"ListItem\",\"position\":3,\"name\":\"Milwaukee 3 en 1 pH EC et TDS m\u00e8tre\"}]},{\"@type\":\"WebSite\",\"@id\":\"https:\\\/\\\/store.microbiotech.dz\\\/#website\",\"url\":\"https:\\\/\\\/store.microbiotech.dz\\\/\",\"name\":\"La Boutique en ligne\",\"description\":\"Qualit\u00e9 - Rapidit\u00e9 - Tranquillit\u00e9\",\"publisher\":{\"@id\":\"https:\\\/\\\/store.microbiotech.dz\\\/#organization\"},\"potentialAction\":[{\"@type\":\"SearchAction\",\"target\":{\"@type\":\"EntryPoint\",\"urlTemplate\":\"https:\\\/\\\/store.microbiotech.dz\\\/?s={search_term_string}\"},\"query-input\":{\"@type\":\"PropertyValueSpecification\",\"valueRequired\":true,\"valueName\":\"search_term_string\"}}],\"inLanguage\":\"fr-FR\"},{\"@type\":\"Organization\",\"@id\":\"https:\\\/\\\/store.microbiotech.dz\\\/#organization\",\"name\":\"Microbiotech EURL\",\"url\":\"https:\\\/\\\/store.microbiotech.dz\\\/\",\"logo\":{\"@type\":\"ImageObject\",\"inLanguage\":\"fr-FR\",\"@id\":\"https:\\\/\\\/store.microbiotech.dz\\\/#\\\/schema\\\/logo\\\/image\\\/\",\"url\":\"https:\\\/\\\/store.microbiotech.dz\\\/wp-content\\\/uploads\\\/2021\\\/09\\\/cropped-logo-microbiotech-2.jpg\",\"contentUrl\":\"https:\\\/\\\/store.microbiotech.dz\\\/wp-content\\\/uploads\\\/2021\\\/09\\\/cropped-logo-microbiotech-2.jpg\",\"width\":815,\"height\":586,\"caption\":\"Microbiotech EURL\"},\"image\":{\"@id\":\"https:\\\/\\\/store.microbiotech.dz\\\/#\\\/schema\\\/logo\\\/image\\\/\"},\"sameAs\":[\"https:\\\/\\\/www.facebook.com\\\/MicroBiotech.dz\",\"https:\\\/\\\/x.com\\\/MicrobiotechD\",\"https:\\\/\\\/www.linkedin.com\\\/in\\\/microbiotech\\\/\",\"https:\\\/\\\/www.youtube.com\\\/channel\\\/UCTxc3VIiX7LXD2LQYfZEcDg\"]}]}<\/script>\n<!-- \/ Yoast SEO plugin. -->","yoast_head_json":{"title":"Milwaukee 3 en 1 pH EC et TDS m\u00e8tre - La Boutique en ligne","description":"Milwaukee 3 en 1 pH EC et TDS m\u00e8tre permet de mesurer le pH, l'EC (conductivit\u00e9) et le TDS avec un seul compteur et une seule sonde.","robots":{"index":"index","follow":"follow","max-snippet":"max-snippet:-1","max-image-preview":"max-image-preview:large","max-video-preview":"max-video-preview:-1"},"canonical":"https:\/\/store.microbiotech.dz\/index.php\/produit\/milwaukee-3-en-1-ph-ec-et-tds-metre\/","og_locale":"fr_FR","og_type":"article","og_title":"Milwaukee 3 en 1 pH EC et TDS m\u00e8tre - La Boutique en ligne","og_description":"Milwaukee 3 en 1 pH EC et TDS m\u00e8tre permet de mesurer le pH, l'EC (conductivit\u00e9) et le TDS avec un seul compteur et une seule sonde.","og_url":"https:\/\/store.microbiotech.dz\/index.php\/produit\/milwaukee-3-en-1-ph-ec-et-tds-metre\/","og_site_name":"La Boutique en ligne","article_publisher":"https:\/\/www.facebook.com\/MicroBiotech.dz","article_modified_time":"2026-03-10T08:43:58+00:00","og_image":[{"width":600,"height":600,"url":"https:\/\/store.microbiotech.dz\/wp-content\/uploads\/2023\/07\/mw802-600x.png","type":"image\/png"}],"twitter_card":"summary_large_image","twitter_site":"@MicrobiotechD","twitter_misc":{"Dur\u00e9e de lecture estim\u00e9e":"1 minute"},"schema":{"@context":"https:\/\/schema.org","@graph":[{"@type":"WebPage","@id":"https:\/\/store.microbiotech.dz\/index.php\/produit\/milwaukee-3-en-1-ph-ec-et-tds-metre\/","url":"https:\/\/store.microbiotech.dz\/index.php\/produit\/milwaukee-3-en-1-ph-ec-et-tds-metre\/","name":"Milwaukee 3 en 1 pH EC et TDS m\u00e8tre - La Boutique en ligne","isPartOf":{"@id":"https:\/\/store.microbiotech.dz\/#website"},"primaryImageOfPage":{"@id":"https:\/\/store.microbiotech.dz\/index.php\/produit\/milwaukee-3-en-1-ph-ec-et-tds-metre\/#primaryimage"},"image":{"@id":"https:\/\/store.microbiotech.dz\/index.php\/produit\/milwaukee-3-en-1-ph-ec-et-tds-metre\/#primaryimage"},"thumbnailUrl":"https:\/\/store.microbiotech.dz\/wp-content\/uploads\/2023\/07\/mw802-600x.png","datePublished":"2023-07-17T10:02:57+00:00","dateModified":"2026-03-10T08:43:58+00:00","description":"Milwaukee 3 en 1 pH EC et TDS m\u00e8tre permet de mesurer le pH, l'EC (conductivit\u00e9) et le TDS avec un seul compteur et une seule sonde.","breadcrumb":{"@id":"https:\/\/store.microbiotech.dz\/index.php\/produit\/milwaukee-3-en-1-ph-ec-et-tds-metre\/#breadcrumb"},"inLanguage":"fr-FR","potentialAction":[{"@type":"ReadAction","target":["https:\/\/store.microbiotech.dz\/index.php\/produit\/milwaukee-3-en-1-ph-ec-et-tds-metre\/"]}]},{"@type":"ImageObject","inLanguage":"fr-FR","@id":"https:\/\/store.microbiotech.dz\/index.php\/produit\/milwaukee-3-en-1-ph-ec-et-tds-metre\/#primaryimage","url":"https:\/\/store.microbiotech.dz\/wp-content\/uploads\/2023\/07\/mw802-600x.png","contentUrl":"https:\/\/store.microbiotech.dz\/wp-content\/uploads\/2023\/07\/mw802-600x.png","width":600,"height":600,"caption":"Milwaukee 3 en 1 pH EC et TDS m\u00e8tre"},{"@type":"BreadcrumbList","@id":"https:\/\/store.microbiotech.dz\/index.php\/produit\/milwaukee-3-en-1-ph-ec-et-tds-metre\/#breadcrumb","itemListElement":[{"@type":"ListItem","position":1,"name":"Accueil","item":"https:\/\/store.microbiotech.dz\/"},{"@type":"ListItem","position":2,"name":"Nos Produits","item":"https:\/\/store.microbiotech.dz\/index.php\/nos-produits\/"},{"@type":"ListItem","position":3,"name":"Milwaukee 3 en 1 pH EC et TDS m\u00e8tre"}]},{"@type":"WebSite","@id":"https:\/\/store.microbiotech.dz\/#website","url":"https:\/\/store.microbiotech.dz\/","name":"La Boutique en ligne","description":"Qualit\u00e9 - Rapidit\u00e9 - Tranquillit\u00e9","publisher":{"@id":"https:\/\/store.microbiotech.dz\/#organization"},"potentialAction":[{"@type":"SearchAction","target":{"@type":"EntryPoint","urlTemplate":"https:\/\/store.microbiotech.dz\/?s={search_term_string}"},"query-input":{"@type":"PropertyValueSpecification","valueRequired":true,"valueName":"search_term_string"}}],"inLanguage":"fr-FR"},{"@type":"Organization","@id":"https:\/\/store.microbiotech.dz\/#organization","name":"Microbiotech EURL","url":"https:\/\/store.microbiotech.dz\/","logo":{"@type":"ImageObject","inLanguage":"fr-FR","@id":"https:\/\/store.microbiotech.dz\/#\/schema\/logo\/image\/","url":"https:\/\/store.microbiotech.dz\/wp-content\/uploads\/2021\/09\/cropped-logo-microbiotech-2.jpg","contentUrl":"https:\/\/store.microbiotech.dz\/wp-content\/uploads\/2021\/09\/cropped-logo-microbiotech-2.jpg","width":815,"height":586,"caption":"Microbiotech EURL"},"image":{"@id":"https:\/\/store.microbiotech.dz\/#\/schema\/logo\/image\/"},"sameAs":["https:\/\/www.facebook.com\/MicroBiotech.dz","https:\/\/x.com\/MicrobiotechD","https:\/\/www.linkedin.com\/in\/microbiotech\/","https:\/\/www.youtube.com\/channel\/UCTxc3VIiX7LXD2LQYfZEcDg"]}]}},"jetpack_sharing_enabled":true,"_links":{"self":[{"href":"https:\/\/store.microbiotech.dz\/index.php\/wp-json\/wp\/v2\/product\/5068","targetHints":{"allow":["GET"]}}],"collection":[{"href":"https:\/\/store.microbiotech.dz\/index.php\/wp-json\/wp\/v2\/product"}],"about":[{"href":"https:\/\/store.microbiotech.dz\/index.php\/wp-json\/wp\/v2\/types\/product"}],"replies":[{"embeddable":true,"href":"https:\/\/store.microbiotech.dz\/index.php\/wp-json\/wp\/v2\/comments?post=5068"}],"wp:featuredmedia":[{"embeddable":true,"href":"https:\/\/store.microbiotech.dz\/index.php\/wp-json\/wp\/v2\/media\/5069"}],"wp:attachment":[{"href":"https:\/\/store.microbiotech.dz\/index.php\/wp-json\/wp\/v2\/media?parent=5068"}],"wp:term":[{"taxonomy":"product_brand","embeddable":true,"href":"https:\/\/store.microbiotech.dz\/index.php\/wp-json\/wp\/v2\/product_brand?post=5068"},{"taxonomy":"product_cat","embeddable":true,"href":"https:\/\/store.microbiotech.dz\/index.php\/wp-json\/wp\/v2\/product_cat?post=5068"},{"taxonomy":"product_tag","embeddable":true,"href":"https:\/\/store.microbiotech.dz\/index.php\/wp-json\/wp\/v2\/product_tag?post=5068"}],"curies":[{"name":"wp","href":"https:\/\/api.w.org\/{rel}","templated":true}]}}