{"id":5058,"date":"2023-07-17T09:49:33","date_gmt":"2023-07-17T08:49:33","guid":{"rendered":"https:\/\/store.microbiotech.dz\/?post_type=product&#038;p=5058"},"modified":"2025-02-11T10:51:25","modified_gmt":"2025-02-11T09:51:25","slug":"refractometre-numerique-de-fructose-milwaukee","status":"publish","type":"product","link":"https:\/\/store.microbiotech.dz\/index.php\/produit\/refractometre-numerique-de-fructose-milwaukee\/","title":{"rendered":"R\u00e9fractom\u00e8tre num\u00e9rique de fructose Milwaukee"},"content":{"rendered":"<p>Le <a href=\"https:\/\/store.microbiotech.dz\/?s=refractometre\" target=\"_blank\" rel=\"noopener\">r\u00e9fractom\u00e8tre<\/a> num\u00e9rique de fructose de <a href=\"https:\/\/milwaukeeinstruments.com\/products\/refractometers\/\" target=\"_blank\" rel=\"noopener\">Milwaukee<\/a> avec une plage de fructose MASS de 0 \u00e0 85 % et une pr\u00e9cision de +\/- 0,2 % est facile \u00e0 utiliser avec un fonctionnement simple et des r\u00e9sultats rapides et pr\u00e9cis, un entretien avec un prisme en verre silex scell\u00e9 facile \u00e0 nettoyer et un puits en acier inoxydable.<\/p>\n<p>Le r\u00e9fractom\u00e8tre num\u00e9rique de fructose de Milwaukee est id\u00e9al pour les viticulteurs, les producteurs de boissons, les producteurs de fruits et l\u00e9gumes, les producteurs de sirop et les producteurs d&rsquo;aliments.<\/p>\n","protected":false},"excerpt":{"rendered":"<p>&nbsp;<\/p>\n<p>Marque:\u00a0<strong>Milwaukee<\/strong><strong><img loading=\"lazy\" decoding=\"async\" class=\"wp-image-1507 alignnone lazyloaded\" src=\"https:\/\/store.microbiotech.dz\/wp-content\/uploads\/2022\/02\/Sans-titre-1.png\" alt=\"\" width=\"29\" height=\"27\" data-src=\"https:\/\/store.microbiotech.dz\/wp-content\/uploads\/2022\/02\/Sans-titre-1.png\" \/> <\/strong><br \/>\n<span class=\"single-product-meta-item-label\">Plage : <\/span><strong><span class=\"single-product-meta-item-value\">0 \u00e0 85 % MASSE |\u00a00 \u00e0 80\u00b0C (32 \u00e0 176\u00b0F)<\/span><\/strong><br \/>\n<span class=\"single-product-meta-item-label\">R\u00e9solution\u00a0: <\/span><strong><span class=\"single-product-meta-item-value\">0,1 % |\u00a00,1 \u00b0C (0,1 \u00b0F) <\/span><\/strong><br \/>\n<span class=\"single-product-meta-item-label\">Pr\u00e9cision\u00a0: <\/span><span class=\"single-product-meta-item-value\"><strong>\u00b10,2 % | \u00b10,3 \u00b0C (\u00b10,5 \u00b0F)<\/strong><br \/>\n<\/span>Source de lumi\u00e8re : <strong>LED jaune<\/strong><br \/>\nTemps de mesure : <strong>environ 1,5 seconde<\/strong><br \/>\n\u00c9chantillon minimum : <strong>Volume 100 \u00b5L ou 2 gouttes m\u00e9triques (couvrir compl\u00e8tement le prisme)<\/strong><br \/>\nCellule d&rsquo;\u00e9chantillonnage : <strong>anneau en acier inoxydable et prisme en verre silex<\/strong><br \/>\nCompensation de temp\u00e9rature : <strong>Automatique entre 10 et 40\u00b0C \/ 50 \u00e0 104\u00b0F<\/strong><br \/>\nIndice de protection : <strong>IP65<\/strong><br \/>\nMat\u00e9riau du bo\u00eetier : <strong>ABS<\/strong><br \/>\nType de pile : <strong>1 x 9 V AA (inclus)<\/strong><br \/>\nAutonomie de la batterie : <strong>5000 heures de lecture avec arr\u00eat automatique apr\u00e8s 3 minutes de non-utilisation<\/strong><br \/>\nDimensions Compteur : <strong>7,6 x 4 x 2,64 pouces (192 x 102 x 67 mm)<\/strong><\/p>\n","protected":false},"featured_media":5059,"comment_status":"open","ping_status":"closed","template":"","meta":{"site-sidebar-layout":"default","site-content-layout":"default","ast-site-content-layout":"default","site-content-style":"default","site-sidebar-style":"default","ast-global-header-display":"","ast-banner-title-visibility":"","ast-main-header-display":"","ast-hfb-above-header-display":"","ast-hfb-below-header-display":"","ast-hfb-mobile-header-display":"","site-post-title":"","ast-breadcrumbs-content":"","ast-featured-img":"","footer-sml-layout":"","ast-disable-related-posts":"","theme-transparent-header-meta":"default","adv-header-id-meta":"","stick-header-meta":"","header-above-stick-meta":"","header-main-stick-meta":"","header-below-stick-meta":"","astra-migrate-meta-layouts":"set","ast-page-background-enabled":"default","ast-page-background-meta":{"desktop":{"background-color":"var(--ast-global-color-4)","background-image":"","background-repeat":"repeat","background-position":"center center","background-size":"auto","background-attachment":"scroll","background-type":"","background-media":"","overlay-type":"","overlay-color":"","overlay-opacity":"","overlay-gradient":""},"tablet":{"background-color":"","background-image":"","background-repeat":"repeat","background-position":"center center","background-size":"auto","background-attachment":"scroll","background-type":"","background-media":"","overlay-type":"","overlay-color":"","overlay-opacity":"","overlay-gradient":""},"mobile":{"background-color":"","background-image":"","background-repeat":"repeat","background-position":"center center","background-size":"auto","background-attachment":"scroll","background-type":"","background-media":"","overlay-type":"","overlay-color":"","overlay-opacity":"","overlay-gradient":""}},"ast-content-background-meta":{"desktop":{"background-color":"var(--ast-global-color-5)","background-image":"","background-repeat":"repeat","background-position":"center center","background-size":"auto","background-attachment":"scroll","background-type":"","background-media":"","overlay-type":"","overlay-color":"","overlay-opacity":"","overlay-gradient":""},"tablet":{"background-color":"var(--ast-global-color-5)","background-image":"","background-repeat":"repeat","background-position":"center center","background-size":"auto","background-attachment":"scroll","background-type":"","background-media":"","overlay-type":"","overlay-color":"","overlay-opacity":"","overlay-gradient":""},"mobile":{"background-color":"var(--ast-global-color-5)","background-image":"","background-repeat":"repeat","background-position":"center center","background-size":"auto","background-attachment":"scroll","background-type":"","background-media":"","overlay-type":"","overlay-color":"","overlay-opacity":"","overlay-gradient":""}},"jetpack_post_was_ever_published":false},"product_brand":[],"product_cat":[238],"product_tag":[1228,1337,550,552,553],"class_list":{"0":"post-5058","1":"product","2":"type-product","3":"status-publish","4":"has-post-thumbnail","6":"product_cat-equipements","7":"product_tag-f104","8":"product_tag-fructose","9":"product_tag-milwaukee","10":"product_tag-refractometre","11":"product_tag-refractometre-numerique","12":"product_shipping_class-temperature-ambiante","13":"desktop-align-center","14":"tablet-align-left","15":"mobile-align-left","17":"first","18":"outofstock","19":"taxable","20":"shipping-taxable","21":"purchasable","22":"product-type-simple"},"yoast_head":"<!-- This site is optimized with the Yoast SEO plugin v27.4 - https:\/\/yoast.com\/product\/yoast-seo-wordpress\/ -->\n<title>R\u00e9fractom\u00e8tre num\u00e9rique de fructose Milwaukee<\/title>\n<meta name=\"description\" content=\"R\u00e9fractom\u00e8tre num\u00e9rique de fructose Milwaukee facile \u00e0 utiliser avec un fonctionnement simple et rapide avec un temps de r\u00e9ponse inf\u00e9rieur \u00e0 2 secondes.\" \/>\n<meta name=\"robots\" content=\"index, follow, max-snippet:-1, max-image-preview:large, max-video-preview:-1\" \/>\n<link rel=\"canonical\" href=\"https:\/\/store.microbiotech.dz\/index.php\/produit\/refractometre-numerique-de-fructose-milwaukee\/\" \/>\n<meta property=\"og:locale\" content=\"fr_FR\" \/>\n<meta property=\"og:type\" content=\"article\" \/>\n<meta property=\"og:title\" content=\"R\u00e9fractom\u00e8tre num\u00e9rique de fructose Milwaukee\" \/>\n<meta property=\"og:description\" content=\"R\u00e9fractom\u00e8tre num\u00e9rique de fructose Milwaukee facile \u00e0 utiliser avec un fonctionnement simple et rapide avec un temps de r\u00e9ponse inf\u00e9rieur \u00e0 2 secondes.\" \/>\n<meta property=\"og:url\" content=\"https:\/\/store.microbiotech.dz\/index.php\/produit\/refractometre-numerique-de-fructose-milwaukee\/\" \/>\n<meta property=\"og:site_name\" content=\"La Boutique en ligne\" \/>\n<meta property=\"article:publisher\" content=\"https:\/\/www.facebook.com\/MicroBiotech.dz\" \/>\n<meta property=\"article:modified_time\" content=\"2025-02-11T09:51:25+00:00\" \/>\n<meta property=\"og:image\" content=\"https:\/\/store.microbiotech.dz\/wp-content\/uploads\/2023\/07\/ref-fructose-600x.png\" \/>\n\t<meta property=\"og:image:width\" content=\"600\" \/>\n\t<meta property=\"og:image:height\" content=\"600\" \/>\n\t<meta property=\"og:image:type\" content=\"image\/png\" \/>\n<meta name=\"twitter:card\" content=\"summary_large_image\" \/>\n<meta name=\"twitter:site\" content=\"@MicrobiotechD\" \/>\n<script type=\"application\/ld+json\" class=\"yoast-schema-graph\">{\"@context\":\"https:\\\/\\\/schema.org\",\"@graph\":[{\"@type\":\"WebPage\",\"@id\":\"https:\\\/\\\/store.microbiotech.dz\\\/index.php\\\/produit\\\/refractometre-numerique-de-fructose-milwaukee\\\/\",\"url\":\"https:\\\/\\\/store.microbiotech.dz\\\/index.php\\\/produit\\\/refractometre-numerique-de-fructose-milwaukee\\\/\",\"name\":\"R\u00e9fractom\u00e8tre num\u00e9rique de fructose Milwaukee\",\"isPartOf\":{\"@id\":\"https:\\\/\\\/store.microbiotech.dz\\\/#website\"},\"primaryImageOfPage\":{\"@id\":\"https:\\\/\\\/store.microbiotech.dz\\\/index.php\\\/produit\\\/refractometre-numerique-de-fructose-milwaukee\\\/#primaryimage\"},\"image\":{\"@id\":\"https:\\\/\\\/store.microbiotech.dz\\\/index.php\\\/produit\\\/refractometre-numerique-de-fructose-milwaukee\\\/#primaryimage\"},\"thumbnailUrl\":\"https:\\\/\\\/store.microbiotech.dz\\\/wp-content\\\/uploads\\\/2023\\\/07\\\/ref-fructose-600x.png\",\"datePublished\":\"2023-07-17T08:49:33+00:00\",\"dateModified\":\"2025-02-11T09:51:25+00:00\",\"description\":\"R\u00e9fractom\u00e8tre num\u00e9rique de fructose Milwaukee facile \u00e0 utiliser avec un fonctionnement simple et rapide avec un temps de r\u00e9ponse inf\u00e9rieur \u00e0 2 secondes.\",\"breadcrumb\":{\"@id\":\"https:\\\/\\\/store.microbiotech.dz\\\/index.php\\\/produit\\\/refractometre-numerique-de-fructose-milwaukee\\\/#breadcrumb\"},\"inLanguage\":\"fr-FR\",\"potentialAction\":[{\"@type\":\"ReadAction\",\"target\":[\"https:\\\/\\\/store.microbiotech.dz\\\/index.php\\\/produit\\\/refractometre-numerique-de-fructose-milwaukee\\\/\"]}]},{\"@type\":\"ImageObject\",\"inLanguage\":\"fr-FR\",\"@id\":\"https:\\\/\\\/store.microbiotech.dz\\\/index.php\\\/produit\\\/refractometre-numerique-de-fructose-milwaukee\\\/#primaryimage\",\"url\":\"https:\\\/\\\/store.microbiotech.dz\\\/wp-content\\\/uploads\\\/2023\\\/07\\\/ref-fructose-600x.png\",\"contentUrl\":\"https:\\\/\\\/store.microbiotech.dz\\\/wp-content\\\/uploads\\\/2023\\\/07\\\/ref-fructose-600x.png\",\"width\":600,\"height\":600,\"caption\":\"R\u00e9fractom\u00e8tre num\u00e9rique de fructose Milwaukee\"},{\"@type\":\"BreadcrumbList\",\"@id\":\"https:\\\/\\\/store.microbiotech.dz\\\/index.php\\\/produit\\\/refractometre-numerique-de-fructose-milwaukee\\\/#breadcrumb\",\"itemListElement\":[{\"@type\":\"ListItem\",\"position\":1,\"name\":\"Accueil\",\"item\":\"https:\\\/\\\/store.microbiotech.dz\\\/\"},{\"@type\":\"ListItem\",\"position\":2,\"name\":\"Nos Produits\",\"item\":\"https:\\\/\\\/store.microbiotech.dz\\\/index.php\\\/nos-produits\\\/\"},{\"@type\":\"ListItem\",\"position\":3,\"name\":\"R\u00e9fractom\u00e8tre num\u00e9rique de fructose Milwaukee\"}]},{\"@type\":\"WebSite\",\"@id\":\"https:\\\/\\\/store.microbiotech.dz\\\/#website\",\"url\":\"https:\\\/\\\/store.microbiotech.dz\\\/\",\"name\":\"La Boutique en ligne\",\"description\":\"Qualit\u00e9 - Rapidit\u00e9 - Tranquillit\u00e9\",\"publisher\":{\"@id\":\"https:\\\/\\\/store.microbiotech.dz\\\/#organization\"},\"potentialAction\":[{\"@type\":\"SearchAction\",\"target\":{\"@type\":\"EntryPoint\",\"urlTemplate\":\"https:\\\/\\\/store.microbiotech.dz\\\/?s={search_term_string}\"},\"query-input\":{\"@type\":\"PropertyValueSpecification\",\"valueRequired\":true,\"valueName\":\"search_term_string\"}}],\"inLanguage\":\"fr-FR\"},{\"@type\":\"Organization\",\"@id\":\"https:\\\/\\\/store.microbiotech.dz\\\/#organization\",\"name\":\"Microbiotech EURL\",\"url\":\"https:\\\/\\\/store.microbiotech.dz\\\/\",\"logo\":{\"@type\":\"ImageObject\",\"inLanguage\":\"fr-FR\",\"@id\":\"https:\\\/\\\/store.microbiotech.dz\\\/#\\\/schema\\\/logo\\\/image\\\/\",\"url\":\"https:\\\/\\\/store.microbiotech.dz\\\/wp-content\\\/uploads\\\/2021\\\/09\\\/cropped-logo-microbiotech-2.jpg\",\"contentUrl\":\"https:\\\/\\\/store.microbiotech.dz\\\/wp-content\\\/uploads\\\/2021\\\/09\\\/cropped-logo-microbiotech-2.jpg\",\"width\":815,\"height\":586,\"caption\":\"Microbiotech EURL\"},\"image\":{\"@id\":\"https:\\\/\\\/store.microbiotech.dz\\\/#\\\/schema\\\/logo\\\/image\\\/\"},\"sameAs\":[\"https:\\\/\\\/www.facebook.com\\\/MicroBiotech.dz\",\"https:\\\/\\\/x.com\\\/MicrobiotechD\",\"https:\\\/\\\/www.linkedin.com\\\/in\\\/microbiotech\\\/\",\"https:\\\/\\\/www.youtube.com\\\/channel\\\/UCTxc3VIiX7LXD2LQYfZEcDg\"]}]}<\/script>\n<!-- \/ Yoast SEO plugin. -->","yoast_head_json":{"title":"R\u00e9fractom\u00e8tre num\u00e9rique de fructose Milwaukee","description":"R\u00e9fractom\u00e8tre num\u00e9rique de fructose Milwaukee facile \u00e0 utiliser avec un fonctionnement simple et rapide avec un temps de r\u00e9ponse inf\u00e9rieur \u00e0 2 secondes.","robots":{"index":"index","follow":"follow","max-snippet":"max-snippet:-1","max-image-preview":"max-image-preview:large","max-video-preview":"max-video-preview:-1"},"canonical":"https:\/\/store.microbiotech.dz\/index.php\/produit\/refractometre-numerique-de-fructose-milwaukee\/","og_locale":"fr_FR","og_type":"article","og_title":"R\u00e9fractom\u00e8tre num\u00e9rique de fructose Milwaukee","og_description":"R\u00e9fractom\u00e8tre num\u00e9rique de fructose Milwaukee facile \u00e0 utiliser avec un fonctionnement simple et rapide avec un temps de r\u00e9ponse inf\u00e9rieur \u00e0 2 secondes.","og_url":"https:\/\/store.microbiotech.dz\/index.php\/produit\/refractometre-numerique-de-fructose-milwaukee\/","og_site_name":"La Boutique en ligne","article_publisher":"https:\/\/www.facebook.com\/MicroBiotech.dz","article_modified_time":"2025-02-11T09:51:25+00:00","og_image":[{"width":600,"height":600,"url":"https:\/\/store.microbiotech.dz\/wp-content\/uploads\/2023\/07\/ref-fructose-600x.png","type":"image\/png"}],"twitter_card":"summary_large_image","twitter_site":"@MicrobiotechD","schema":{"@context":"https:\/\/schema.org","@graph":[{"@type":"WebPage","@id":"https:\/\/store.microbiotech.dz\/index.php\/produit\/refractometre-numerique-de-fructose-milwaukee\/","url":"https:\/\/store.microbiotech.dz\/index.php\/produit\/refractometre-numerique-de-fructose-milwaukee\/","name":"R\u00e9fractom\u00e8tre num\u00e9rique de fructose Milwaukee","isPartOf":{"@id":"https:\/\/store.microbiotech.dz\/#website"},"primaryImageOfPage":{"@id":"https:\/\/store.microbiotech.dz\/index.php\/produit\/refractometre-numerique-de-fructose-milwaukee\/#primaryimage"},"image":{"@id":"https:\/\/store.microbiotech.dz\/index.php\/produit\/refractometre-numerique-de-fructose-milwaukee\/#primaryimage"},"thumbnailUrl":"https:\/\/store.microbiotech.dz\/wp-content\/uploads\/2023\/07\/ref-fructose-600x.png","datePublished":"2023-07-17T08:49:33+00:00","dateModified":"2025-02-11T09:51:25+00:00","description":"R\u00e9fractom\u00e8tre num\u00e9rique de fructose Milwaukee facile \u00e0 utiliser avec un fonctionnement simple et rapide avec un temps de r\u00e9ponse inf\u00e9rieur \u00e0 2 secondes.","breadcrumb":{"@id":"https:\/\/store.microbiotech.dz\/index.php\/produit\/refractometre-numerique-de-fructose-milwaukee\/#breadcrumb"},"inLanguage":"fr-FR","potentialAction":[{"@type":"ReadAction","target":["https:\/\/store.microbiotech.dz\/index.php\/produit\/refractometre-numerique-de-fructose-milwaukee\/"]}]},{"@type":"ImageObject","inLanguage":"fr-FR","@id":"https:\/\/store.microbiotech.dz\/index.php\/produit\/refractometre-numerique-de-fructose-milwaukee\/#primaryimage","url":"https:\/\/store.microbiotech.dz\/wp-content\/uploads\/2023\/07\/ref-fructose-600x.png","contentUrl":"https:\/\/store.microbiotech.dz\/wp-content\/uploads\/2023\/07\/ref-fructose-600x.png","width":600,"height":600,"caption":"R\u00e9fractom\u00e8tre num\u00e9rique de fructose Milwaukee"},{"@type":"BreadcrumbList","@id":"https:\/\/store.microbiotech.dz\/index.php\/produit\/refractometre-numerique-de-fructose-milwaukee\/#breadcrumb","itemListElement":[{"@type":"ListItem","position":1,"name":"Accueil","item":"https:\/\/store.microbiotech.dz\/"},{"@type":"ListItem","position":2,"name":"Nos Produits","item":"https:\/\/store.microbiotech.dz\/index.php\/nos-produits\/"},{"@type":"ListItem","position":3,"name":"R\u00e9fractom\u00e8tre num\u00e9rique de fructose Milwaukee"}]},{"@type":"WebSite","@id":"https:\/\/store.microbiotech.dz\/#website","url":"https:\/\/store.microbiotech.dz\/","name":"La Boutique en ligne","description":"Qualit\u00e9 - Rapidit\u00e9 - Tranquillit\u00e9","publisher":{"@id":"https:\/\/store.microbiotech.dz\/#organization"},"potentialAction":[{"@type":"SearchAction","target":{"@type":"EntryPoint","urlTemplate":"https:\/\/store.microbiotech.dz\/?s={search_term_string}"},"query-input":{"@type":"PropertyValueSpecification","valueRequired":true,"valueName":"search_term_string"}}],"inLanguage":"fr-FR"},{"@type":"Organization","@id":"https:\/\/store.microbiotech.dz\/#organization","name":"Microbiotech EURL","url":"https:\/\/store.microbiotech.dz\/","logo":{"@type":"ImageObject","inLanguage":"fr-FR","@id":"https:\/\/store.microbiotech.dz\/#\/schema\/logo\/image\/","url":"https:\/\/store.microbiotech.dz\/wp-content\/uploads\/2021\/09\/cropped-logo-microbiotech-2.jpg","contentUrl":"https:\/\/store.microbiotech.dz\/wp-content\/uploads\/2021\/09\/cropped-logo-microbiotech-2.jpg","width":815,"height":586,"caption":"Microbiotech EURL"},"image":{"@id":"https:\/\/store.microbiotech.dz\/#\/schema\/logo\/image\/"},"sameAs":["https:\/\/www.facebook.com\/MicroBiotech.dz","https:\/\/x.com\/MicrobiotechD","https:\/\/www.linkedin.com\/in\/microbiotech\/","https:\/\/www.youtube.com\/channel\/UCTxc3VIiX7LXD2LQYfZEcDg"]}]}},"jetpack_sharing_enabled":true,"_links":{"self":[{"href":"https:\/\/store.microbiotech.dz\/index.php\/wp-json\/wp\/v2\/product\/5058","targetHints":{"allow":["GET"]}}],"collection":[{"href":"https:\/\/store.microbiotech.dz\/index.php\/wp-json\/wp\/v2\/product"}],"about":[{"href":"https:\/\/store.microbiotech.dz\/index.php\/wp-json\/wp\/v2\/types\/product"}],"replies":[{"embeddable":true,"href":"https:\/\/store.microbiotech.dz\/index.php\/wp-json\/wp\/v2\/comments?post=5058"}],"wp:featuredmedia":[{"embeddable":true,"href":"https:\/\/store.microbiotech.dz\/index.php\/wp-json\/wp\/v2\/media\/5059"}],"wp:attachment":[{"href":"https:\/\/store.microbiotech.dz\/index.php\/wp-json\/wp\/v2\/media?parent=5058"}],"wp:term":[{"taxonomy":"product_brand","embeddable":true,"href":"https:\/\/store.microbiotech.dz\/index.php\/wp-json\/wp\/v2\/product_brand?post=5058"},{"taxonomy":"product_cat","embeddable":true,"href":"https:\/\/store.microbiotech.dz\/index.php\/wp-json\/wp\/v2\/product_cat?post=5058"},{"taxonomy":"product_tag","embeddable":true,"href":"https:\/\/store.microbiotech.dz\/index.php\/wp-json\/wp\/v2\/product_tag?post=5058"}],"curies":[{"name":"wp","href":"https:\/\/api.w.org\/{rel}","templated":true}]}}