{"id":5002,"date":"2023-07-04T14:13:09","date_gmt":"2023-07-04T13:13:09","guid":{"rendered":"https:\/\/store.microbiotech.dz\/?post_type=product&#038;p=5002"},"modified":"2023-09-10T12:08:32","modified_gmt":"2023-09-10T11:08:32","slug":"multiparametre-de-paillasse-ohaus","status":"publish","type":"product","link":"https:\/\/store.microbiotech.dz\/index.php\/produit\/multiparametre-de-paillasse-ohaus\/","title":{"rendered":"Multiparam\u00e8tre de paillasse Ohaus"},"content":{"rendered":"<p>Le <a href=\"https:\/\/store.microbiotech.dz\/?s=multipa\" target=\"_blank\" rel=\"noopener\">Multiparam\u00e8tre<\/a> de paillasse <a href=\"https:\/\/eu-fr.ohaus.com\/fr-MEA\/\" target=\"_blank\" rel=\"noopener\">Ohaus<\/a>, est un appareil de mesure de pH, potentiel d\u2019oxydo-r\u00e9duction (redox), conductivit\u00e9, mati\u00e8res dissoutes totales (TDS), salinit\u00e9 et r\u00e9sistivit\u00e9 avec mesures de la temp\u00e9rature.<\/p>\n<p>L\u2019affichage LCD de 6,5 pouces et les touches tactiles rendent la modification des param\u00e8tres, l\u2019ex\u00e9cution de la configuration et le calibrage aussi simple que sur un smartphone.<\/p>\n","protected":false},"excerpt":{"rendered":"<p>Marque : <strong>Ohaus<\/strong> <img loading=\"lazy\" decoding=\"async\" class=\"alignnone wp-image-4993\" src=\"https:\/\/store.microbiotech.dz\/wp-content\/uploads\/2023\/07\/suisse-flag.png\" alt=\"\" width=\"32\" height=\"32\" srcset=\"https:\/\/store.microbiotech.dz\/wp-content\/uploads\/2023\/07\/suisse-flag.png 225w, https:\/\/store.microbiotech.dz\/wp-content\/uploads\/2023\/07\/suisse-flag-150x150.png 150w, https:\/\/store.microbiotech.dz\/wp-content\/uploads\/2023\/07\/suisse-flag-100x100.png 100w\" sizes=\"auto, (max-width: 32px) 100vw, 32px\" \/><br \/>\nPlage de mesure : <strong>De -2,00 \u00e0 20,00 pH; De -5 \u00b0C \u00e0 +110 \u00b0C; De -2 000 \u00e0 +2 000 mV<\/strong><br \/>\nR\u00e9solution de la mesure : <strong>0.1 mV; 0.1 \u00b0C; 0,01 pH<\/strong><br \/>\nPr\u00e9cision \u00b1 (mV) : <strong>0,5 mV<\/strong><br \/>\nAfficheur : <strong>Affichage LCD r\u00e9tro\u00e9clair\u00e9 sur une ligne de points<\/strong><br \/>\nEnvironnement de travail : <strong>5\u00b0C \u2013 40\u00b0C, 80% HR, sans condensation<\/strong><br \/>\nPoids net : <strong>0,5 kg<\/strong><br \/>\nDimensions : <strong>210 mm x 51 mm x 142 mm (LxHxL)<\/strong><br \/>\nPr\u00e9cision pH (\u00b1) :<strong> 0,01<\/strong><br \/>\nR\u00e9solution de r\u00e9sistivit\u00e9 : <strong>0,01 Ohm<\/strong><br \/>\nPlage de mesure de r\u00e9sistivit\u00e9 : <strong>2 Ohm ; 100 MOhm<\/strong><br \/>\nPlage de mesure conductivit\u00e9 : <strong>0,01 \u03bcS\/cm \u2013 500 mS\/cm<\/strong><br \/>\nPr\u00e9cision conductivit\u00e9 : <strong>(\u00b1) 0,5 %<\/strong><br \/>\nPr\u00e9cision \u00b1 (Temp\u00e9rature) : <strong>0,3 \u00b0C<\/strong><br \/>\nParam\u00e8tre : <strong>pH\/Cond.<\/strong><br \/>\n\u00c9lectrode : <strong>ST310 (incluse); STCON3 (fourni)<\/strong><br \/>\nPr\u00e9cision : <strong>\u00b10,3 \u00b0C; \u00b10.5 mV; \u00b1 0,01 pH<\/strong><br \/>\nAlimentation : <strong>Adaptateur secteur (inclus)<\/strong><\/p>\n<p>T\u00e9l\u00e9chargements :<br \/>\n<a href=\"https:\/\/store.microbiotech.dz\/wp-content\/uploads\/2023\/07\/AB33_Datasheet_EN_80776668_B.pdf\">fiche technique AB33M1<\/a><\/p>\n","protected":false},"featured_media":5005,"comment_status":"open","ping_status":"closed","template":"","meta":{"site-sidebar-layout":"default","site-content-layout":"default","ast-site-content-layout":"default","site-content-style":"default","site-sidebar-style":"default","ast-global-header-display":"","ast-banner-title-visibility":"","ast-main-header-display":"","ast-hfb-above-header-display":"","ast-hfb-below-header-display":"","ast-hfb-mobile-header-display":"","site-post-title":"","ast-breadcrumbs-content":"","ast-featured-img":"","footer-sml-layout":"","ast-disable-related-posts":"","theme-transparent-header-meta":"default","adv-header-id-meta":"","stick-header-meta":"","header-above-stick-meta":"","header-main-stick-meta":"","header-below-stick-meta":"","astra-migrate-meta-layouts":"default","ast-page-background-enabled":"default","ast-page-background-meta":{"desktop":{"background-color":"var(--ast-global-color-4)","background-image":"","background-repeat":"repeat","background-position":"center center","background-size":"auto","background-attachment":"scroll","background-type":"","background-media":"","overlay-type":"","overlay-color":"","overlay-opacity":"","overlay-gradient":""},"tablet":{"background-color":"","background-image":"","background-repeat":"repeat","background-position":"center center","background-size":"auto","background-attachment":"scroll","background-type":"","background-media":"","overlay-type":"","overlay-color":"","overlay-opacity":"","overlay-gradient":""},"mobile":{"background-color":"","background-image":"","background-repeat":"repeat","background-position":"center center","background-size":"auto","background-attachment":"scroll","background-type":"","background-media":"","overlay-type":"","overlay-color":"","overlay-opacity":"","overlay-gradient":""}},"ast-content-background-meta":{"desktop":{"background-color":"var(--ast-global-color-5)","background-image":"","background-repeat":"repeat","background-position":"center center","background-size":"auto","background-attachment":"scroll","background-type":"","background-media":"","overlay-type":"","overlay-color":"","overlay-opacity":"","overlay-gradient":""},"tablet":{"background-color":"var(--ast-global-color-5)","background-image":"","background-repeat":"repeat","background-position":"center center","background-size":"auto","background-attachment":"scroll","background-type":"","background-media":"","overlay-type":"","overlay-color":"","overlay-opacity":"","overlay-gradient":""},"mobile":{"background-color":"var(--ast-global-color-5)","background-image":"","background-repeat":"repeat","background-position":"center center","background-size":"auto","background-attachment":"scroll","background-type":"","background-media":"","overlay-type":"","overlay-color":"","overlay-opacity":"","overlay-gradient":""}},"jetpack_post_was_ever_published":false},"product_brand":[],"product_cat":[238],"product_tag":[1321,1041,1231,1258,546,1326,1155,1262],"class_list":{"0":"post-5002","1":"product","2":"type-product","3":"status-publish","4":"has-post-thumbnail","6":"product_cat-equipements","7":"product_tag-f109","8":"product_tag-multimetre","9":"product_tag-multiparametre","10":"product_tag-ohaus","11":"product_tag-ph","12":"product_tag-redox","13":"product_tag-tds","14":"product_tag-temperature","15":"product_shipping_class-temperature-ambiante","16":"desktop-align-center","17":"tablet-align-left","18":"mobile-align-left","20":"first","21":"outofstock","22":"taxable","23":"shipping-taxable","24":"purchasable","25":"product-type-simple"},"yoast_head":"<!-- This site is optimized with the Yoast SEO plugin v27.4 - https:\/\/yoast.com\/product\/yoast-seo-wordpress\/ -->\n<title>Multiparam\u00e8tre de paillasse Ohaus - La Boutique en ligne<\/title>\n<meta name=\"description\" content=\"Multiparam\u00e8tre de paillasse Ohaus pour la mesure de pH, potentiel redox, conductivit\u00e9, TDS, salinit\u00e9 et r\u00e9sistivit\u00e9 avec mesures de la temp\u00e9rature.\" \/>\n<meta name=\"robots\" content=\"index, follow, max-snippet:-1, max-image-preview:large, max-video-preview:-1\" \/>\n<link rel=\"canonical\" href=\"https:\/\/store.microbiotech.dz\/index.php\/produit\/multiparametre-de-paillasse-ohaus\/\" \/>\n<meta property=\"og:locale\" content=\"fr_FR\" \/>\n<meta property=\"og:type\" content=\"article\" \/>\n<meta property=\"og:title\" content=\"Multiparam\u00e8tre de paillasse Ohaus - La Boutique en ligne\" \/>\n<meta property=\"og:description\" content=\"Multiparam\u00e8tre de paillasse Ohaus pour la mesure de pH, potentiel redox, conductivit\u00e9, TDS, salinit\u00e9 et r\u00e9sistivit\u00e9 avec mesures de la temp\u00e9rature.\" \/>\n<meta property=\"og:url\" content=\"https:\/\/store.microbiotech.dz\/index.php\/produit\/multiparametre-de-paillasse-ohaus\/\" \/>\n<meta property=\"og:site_name\" content=\"La Boutique en ligne\" \/>\n<meta property=\"article:publisher\" content=\"https:\/\/www.facebook.com\/MicroBiotech.dz\" \/>\n<meta property=\"article:modified_time\" content=\"2023-09-10T11:08:32+00:00\" \/>\n<meta property=\"og:image\" content=\"https:\/\/store.microbiotech.dz\/wp-content\/uploads\/2023\/07\/multiparametre-600x.png\" \/>\n\t<meta property=\"og:image:width\" content=\"600\" \/>\n\t<meta property=\"og:image:height\" content=\"600\" \/>\n\t<meta property=\"og:image:type\" content=\"image\/png\" \/>\n<meta name=\"twitter:card\" content=\"summary_large_image\" \/>\n<meta name=\"twitter:site\" content=\"@MicrobiotechD\" \/>\n<script type=\"application\/ld+json\" class=\"yoast-schema-graph\">{\"@context\":\"https:\\\/\\\/schema.org\",\"@graph\":[{\"@type\":\"WebPage\",\"@id\":\"https:\\\/\\\/store.microbiotech.dz\\\/index.php\\\/produit\\\/multiparametre-de-paillasse-ohaus\\\/\",\"url\":\"https:\\\/\\\/store.microbiotech.dz\\\/index.php\\\/produit\\\/multiparametre-de-paillasse-ohaus\\\/\",\"name\":\"Multiparam\u00e8tre de paillasse Ohaus - La Boutique en ligne\",\"isPartOf\":{\"@id\":\"https:\\\/\\\/store.microbiotech.dz\\\/#website\"},\"primaryImageOfPage\":{\"@id\":\"https:\\\/\\\/store.microbiotech.dz\\\/index.php\\\/produit\\\/multiparametre-de-paillasse-ohaus\\\/#primaryimage\"},\"image\":{\"@id\":\"https:\\\/\\\/store.microbiotech.dz\\\/index.php\\\/produit\\\/multiparametre-de-paillasse-ohaus\\\/#primaryimage\"},\"thumbnailUrl\":\"https:\\\/\\\/store.microbiotech.dz\\\/wp-content\\\/uploads\\\/2023\\\/07\\\/multiparametre-600x.png\",\"datePublished\":\"2023-07-04T13:13:09+00:00\",\"dateModified\":\"2023-09-10T11:08:32+00:00\",\"description\":\"Multiparam\u00e8tre de paillasse Ohaus pour la mesure de pH, potentiel redox, conductivit\u00e9, TDS, salinit\u00e9 et r\u00e9sistivit\u00e9 avec mesures de la temp\u00e9rature.\",\"breadcrumb\":{\"@id\":\"https:\\\/\\\/store.microbiotech.dz\\\/index.php\\\/produit\\\/multiparametre-de-paillasse-ohaus\\\/#breadcrumb\"},\"inLanguage\":\"fr-FR\",\"potentialAction\":[{\"@type\":\"ReadAction\",\"target\":[\"https:\\\/\\\/store.microbiotech.dz\\\/index.php\\\/produit\\\/multiparametre-de-paillasse-ohaus\\\/\"]}]},{\"@type\":\"ImageObject\",\"inLanguage\":\"fr-FR\",\"@id\":\"https:\\\/\\\/store.microbiotech.dz\\\/index.php\\\/produit\\\/multiparametre-de-paillasse-ohaus\\\/#primaryimage\",\"url\":\"https:\\\/\\\/store.microbiotech.dz\\\/wp-content\\\/uploads\\\/2023\\\/07\\\/multiparametre-600x.png\",\"contentUrl\":\"https:\\\/\\\/store.microbiotech.dz\\\/wp-content\\\/uploads\\\/2023\\\/07\\\/multiparametre-600x.png\",\"width\":600,\"height\":600,\"caption\":\"Multiparam\u00e8tre de paillasse Ohaus\"},{\"@type\":\"BreadcrumbList\",\"@id\":\"https:\\\/\\\/store.microbiotech.dz\\\/index.php\\\/produit\\\/multiparametre-de-paillasse-ohaus\\\/#breadcrumb\",\"itemListElement\":[{\"@type\":\"ListItem\",\"position\":1,\"name\":\"Accueil\",\"item\":\"https:\\\/\\\/store.microbiotech.dz\\\/\"},{\"@type\":\"ListItem\",\"position\":2,\"name\":\"Nos Produits\",\"item\":\"https:\\\/\\\/store.microbiotech.dz\\\/index.php\\\/nos-produits\\\/\"},{\"@type\":\"ListItem\",\"position\":3,\"name\":\"Multiparam\u00e8tre de paillasse Ohaus\"}]},{\"@type\":\"WebSite\",\"@id\":\"https:\\\/\\\/store.microbiotech.dz\\\/#website\",\"url\":\"https:\\\/\\\/store.microbiotech.dz\\\/\",\"name\":\"La Boutique en ligne\",\"description\":\"Qualit\u00e9 - Rapidit\u00e9 - Tranquillit\u00e9\",\"publisher\":{\"@id\":\"https:\\\/\\\/store.microbiotech.dz\\\/#organization\"},\"potentialAction\":[{\"@type\":\"SearchAction\",\"target\":{\"@type\":\"EntryPoint\",\"urlTemplate\":\"https:\\\/\\\/store.microbiotech.dz\\\/?s={search_term_string}\"},\"query-input\":{\"@type\":\"PropertyValueSpecification\",\"valueRequired\":true,\"valueName\":\"search_term_string\"}}],\"inLanguage\":\"fr-FR\"},{\"@type\":\"Organization\",\"@id\":\"https:\\\/\\\/store.microbiotech.dz\\\/#organization\",\"name\":\"Microbiotech EURL\",\"url\":\"https:\\\/\\\/store.microbiotech.dz\\\/\",\"logo\":{\"@type\":\"ImageObject\",\"inLanguage\":\"fr-FR\",\"@id\":\"https:\\\/\\\/store.microbiotech.dz\\\/#\\\/schema\\\/logo\\\/image\\\/\",\"url\":\"https:\\\/\\\/store.microbiotech.dz\\\/wp-content\\\/uploads\\\/2021\\\/09\\\/cropped-logo-microbiotech-2.jpg\",\"contentUrl\":\"https:\\\/\\\/store.microbiotech.dz\\\/wp-content\\\/uploads\\\/2021\\\/09\\\/cropped-logo-microbiotech-2.jpg\",\"width\":815,\"height\":586,\"caption\":\"Microbiotech EURL\"},\"image\":{\"@id\":\"https:\\\/\\\/store.microbiotech.dz\\\/#\\\/schema\\\/logo\\\/image\\\/\"},\"sameAs\":[\"https:\\\/\\\/www.facebook.com\\\/MicroBiotech.dz\",\"https:\\\/\\\/x.com\\\/MicrobiotechD\",\"https:\\\/\\\/www.linkedin.com\\\/in\\\/microbiotech\\\/\",\"https:\\\/\\\/www.youtube.com\\\/channel\\\/UCTxc3VIiX7LXD2LQYfZEcDg\"]}]}<\/script>\n<!-- \/ Yoast SEO plugin. -->","yoast_head_json":{"title":"Multiparam\u00e8tre de paillasse Ohaus - La Boutique en ligne","description":"Multiparam\u00e8tre de paillasse Ohaus pour la mesure de pH, potentiel redox, conductivit\u00e9, TDS, salinit\u00e9 et r\u00e9sistivit\u00e9 avec mesures de la temp\u00e9rature.","robots":{"index":"index","follow":"follow","max-snippet":"max-snippet:-1","max-image-preview":"max-image-preview:large","max-video-preview":"max-video-preview:-1"},"canonical":"https:\/\/store.microbiotech.dz\/index.php\/produit\/multiparametre-de-paillasse-ohaus\/","og_locale":"fr_FR","og_type":"article","og_title":"Multiparam\u00e8tre de paillasse Ohaus - La Boutique en ligne","og_description":"Multiparam\u00e8tre de paillasse Ohaus pour la mesure de pH, potentiel redox, conductivit\u00e9, TDS, salinit\u00e9 et r\u00e9sistivit\u00e9 avec mesures de la temp\u00e9rature.","og_url":"https:\/\/store.microbiotech.dz\/index.php\/produit\/multiparametre-de-paillasse-ohaus\/","og_site_name":"La Boutique en ligne","article_publisher":"https:\/\/www.facebook.com\/MicroBiotech.dz","article_modified_time":"2023-09-10T11:08:32+00:00","og_image":[{"width":600,"height":600,"url":"https:\/\/store.microbiotech.dz\/wp-content\/uploads\/2023\/07\/multiparametre-600x.png","type":"image\/png"}],"twitter_card":"summary_large_image","twitter_site":"@MicrobiotechD","schema":{"@context":"https:\/\/schema.org","@graph":[{"@type":"WebPage","@id":"https:\/\/store.microbiotech.dz\/index.php\/produit\/multiparametre-de-paillasse-ohaus\/","url":"https:\/\/store.microbiotech.dz\/index.php\/produit\/multiparametre-de-paillasse-ohaus\/","name":"Multiparam\u00e8tre de paillasse Ohaus - La Boutique en ligne","isPartOf":{"@id":"https:\/\/store.microbiotech.dz\/#website"},"primaryImageOfPage":{"@id":"https:\/\/store.microbiotech.dz\/index.php\/produit\/multiparametre-de-paillasse-ohaus\/#primaryimage"},"image":{"@id":"https:\/\/store.microbiotech.dz\/index.php\/produit\/multiparametre-de-paillasse-ohaus\/#primaryimage"},"thumbnailUrl":"https:\/\/store.microbiotech.dz\/wp-content\/uploads\/2023\/07\/multiparametre-600x.png","datePublished":"2023-07-04T13:13:09+00:00","dateModified":"2023-09-10T11:08:32+00:00","description":"Multiparam\u00e8tre de paillasse Ohaus pour la mesure de pH, potentiel redox, conductivit\u00e9, TDS, salinit\u00e9 et r\u00e9sistivit\u00e9 avec mesures de la temp\u00e9rature.","breadcrumb":{"@id":"https:\/\/store.microbiotech.dz\/index.php\/produit\/multiparametre-de-paillasse-ohaus\/#breadcrumb"},"inLanguage":"fr-FR","potentialAction":[{"@type":"ReadAction","target":["https:\/\/store.microbiotech.dz\/index.php\/produit\/multiparametre-de-paillasse-ohaus\/"]}]},{"@type":"ImageObject","inLanguage":"fr-FR","@id":"https:\/\/store.microbiotech.dz\/index.php\/produit\/multiparametre-de-paillasse-ohaus\/#primaryimage","url":"https:\/\/store.microbiotech.dz\/wp-content\/uploads\/2023\/07\/multiparametre-600x.png","contentUrl":"https:\/\/store.microbiotech.dz\/wp-content\/uploads\/2023\/07\/multiparametre-600x.png","width":600,"height":600,"caption":"Multiparam\u00e8tre de paillasse Ohaus"},{"@type":"BreadcrumbList","@id":"https:\/\/store.microbiotech.dz\/index.php\/produit\/multiparametre-de-paillasse-ohaus\/#breadcrumb","itemListElement":[{"@type":"ListItem","position":1,"name":"Accueil","item":"https:\/\/store.microbiotech.dz\/"},{"@type":"ListItem","position":2,"name":"Nos Produits","item":"https:\/\/store.microbiotech.dz\/index.php\/nos-produits\/"},{"@type":"ListItem","position":3,"name":"Multiparam\u00e8tre de paillasse Ohaus"}]},{"@type":"WebSite","@id":"https:\/\/store.microbiotech.dz\/#website","url":"https:\/\/store.microbiotech.dz\/","name":"La Boutique en ligne","description":"Qualit\u00e9 - Rapidit\u00e9 - Tranquillit\u00e9","publisher":{"@id":"https:\/\/store.microbiotech.dz\/#organization"},"potentialAction":[{"@type":"SearchAction","target":{"@type":"EntryPoint","urlTemplate":"https:\/\/store.microbiotech.dz\/?s={search_term_string}"},"query-input":{"@type":"PropertyValueSpecification","valueRequired":true,"valueName":"search_term_string"}}],"inLanguage":"fr-FR"},{"@type":"Organization","@id":"https:\/\/store.microbiotech.dz\/#organization","name":"Microbiotech EURL","url":"https:\/\/store.microbiotech.dz\/","logo":{"@type":"ImageObject","inLanguage":"fr-FR","@id":"https:\/\/store.microbiotech.dz\/#\/schema\/logo\/image\/","url":"https:\/\/store.microbiotech.dz\/wp-content\/uploads\/2021\/09\/cropped-logo-microbiotech-2.jpg","contentUrl":"https:\/\/store.microbiotech.dz\/wp-content\/uploads\/2021\/09\/cropped-logo-microbiotech-2.jpg","width":815,"height":586,"caption":"Microbiotech EURL"},"image":{"@id":"https:\/\/store.microbiotech.dz\/#\/schema\/logo\/image\/"},"sameAs":["https:\/\/www.facebook.com\/MicroBiotech.dz","https:\/\/x.com\/MicrobiotechD","https:\/\/www.linkedin.com\/in\/microbiotech\/","https:\/\/www.youtube.com\/channel\/UCTxc3VIiX7LXD2LQYfZEcDg"]}]}},"jetpack_sharing_enabled":true,"_links":{"self":[{"href":"https:\/\/store.microbiotech.dz\/index.php\/wp-json\/wp\/v2\/product\/5002","targetHints":{"allow":["GET"]}}],"collection":[{"href":"https:\/\/store.microbiotech.dz\/index.php\/wp-json\/wp\/v2\/product"}],"about":[{"href":"https:\/\/store.microbiotech.dz\/index.php\/wp-json\/wp\/v2\/types\/product"}],"replies":[{"embeddable":true,"href":"https:\/\/store.microbiotech.dz\/index.php\/wp-json\/wp\/v2\/comments?post=5002"}],"wp:featuredmedia":[{"embeddable":true,"href":"https:\/\/store.microbiotech.dz\/index.php\/wp-json\/wp\/v2\/media\/5005"}],"wp:attachment":[{"href":"https:\/\/store.microbiotech.dz\/index.php\/wp-json\/wp\/v2\/media?parent=5002"}],"wp:term":[{"taxonomy":"product_brand","embeddable":true,"href":"https:\/\/store.microbiotech.dz\/index.php\/wp-json\/wp\/v2\/product_brand?post=5002"},{"taxonomy":"product_cat","embeddable":true,"href":"https:\/\/store.microbiotech.dz\/index.php\/wp-json\/wp\/v2\/product_cat?post=5002"},{"taxonomy":"product_tag","embeddable":true,"href":"https:\/\/store.microbiotech.dz\/index.php\/wp-json\/wp\/v2\/product_tag?post=5002"}],"curies":[{"name":"wp","href":"https:\/\/api.w.org\/{rel}","templated":true}]}}