{"id":483,"date":"2021-10-26T19:34:49","date_gmt":"2021-10-26T18:34:49","guid":{"rendered":"https:\/\/store.microbiotech.dz\/?post_type=product&#038;p=483"},"modified":"2026-02-18T17:52:32","modified_gmt":"2026-02-18T16:52:32","slug":"eau-peptonee-tamponnee-500-g","status":"publish","type":"product","link":"https:\/\/store.microbiotech.dz\/index.php\/produit\/eau-peptonee-tamponnee-500-g\/","title":{"rendered":"Eau Pepton\u00e9e Tamponn\u00e9e. 500 g MERCK"},"content":{"rendered":"<p>For the preliminary non-selective enrichment of bacteria, particularly pathogenic Enterobacteriaceae such as Salmonella and Cronobacter, from food and animal feed, water and other materials.<br \/>\nThis culture medium complies with the specifications given by EN ISO 6579, EN ISO\/FDIS 6579-1, EN ISO 6785 I IDF 93, EN ISO 19250, EN ISO 21528-1, ISO\/TS 22964 I IDF\/DRM 210, FDA-BAM, APHA and EP.<\/p>\n","protected":false},"excerpt":{"rendered":"<p><strong>selon ISO 6579, ISO 19250, ISO 21528, ISO 22964, ISO 6887, FDA\u2011BAM et EP GranuCult\u00ae<\/strong><\/p>\n<p>Marque:\u00a0<strong>MERCK <img loading=\"lazy\" decoding=\"async\" class=\"alignnone wp-image-1649\" src=\"https:\/\/store.microbiotech.dz\/wp-content\/uploads\/2022\/04\/51968274-le-drapeau-allemand-icone-matte-ronde-isole-sur-fond-blanc--300x300.webp\" alt=\"\" width=\"61\" height=\"61\" srcset=\"https:\/\/store.microbiotech.dz\/wp-content\/uploads\/2022\/04\/51968274-le-drapeau-allemand-icone-matte-ronde-isole-sur-fond-blanc--300x300.webp 300w, https:\/\/store.microbiotech.dz\/wp-content\/uploads\/2022\/04\/51968274-le-drapeau-allemand-icone-matte-ronde-isole-sur-fond-blanc--150x150.webp 150w, https:\/\/store.microbiotech.dz\/wp-content\/uploads\/2022\/04\/51968274-le-drapeau-allemand-icone-matte-ronde-isole-sur-fond-blanc--100x100.webp 100w, https:\/\/store.microbiotech.dz\/wp-content\/uploads\/2022\/04\/51968274-le-drapeau-allemand-icone-matte-ronde-isole-sur-fond-blanc-.webp 450w\" sizes=\"auto, (max-width: 61px) 100vw, 61px\" \/><\/strong><\/p>\n<p>Date de p\u00e9remption: <strong>31-5-2029<\/strong><\/p>\n<p><a href=\"https:\/\/store.microbiotech.dz\/wp-content\/uploads\/2021\/10\/tn107228en-mk.pdf\">Fiche technique<\/a><\/p>\n","protected":false},"featured_media":257,"comment_status":"open","ping_status":"closed","template":"","meta":{"site-sidebar-layout":"default","site-content-layout":"default","ast-site-content-layout":"default","site-content-style":"default","site-sidebar-style":"default","ast-global-header-display":"","ast-banner-title-visibility":"","ast-main-header-display":"","ast-hfb-above-header-display":"","ast-hfb-below-header-display":"","ast-hfb-mobile-header-display":"","site-post-title":"","ast-breadcrumbs-content":"","ast-featured-img":"","footer-sml-layout":"","ast-disable-related-posts":"","theme-transparent-header-meta":"default","adv-header-id-meta":"","stick-header-meta":"","header-above-stick-meta":"","header-main-stick-meta":"","header-below-stick-meta":"","astra-migrate-meta-layouts":"set","ast-page-background-enabled":"default","ast-page-background-meta":{"desktop":{"background-color":"var(--ast-global-color-4)","background-image":"","background-repeat":"repeat","background-position":"center center","background-size":"auto","background-attachment":"scroll","background-type":"","background-media":"","overlay-type":"","overlay-color":"","overlay-opacity":"","overlay-gradient":""},"tablet":{"background-color":"","background-image":"","background-repeat":"repeat","background-position":"center center","background-size":"auto","background-attachment":"scroll","background-type":"","background-media":"","overlay-type":"","overlay-color":"","overlay-opacity":"","overlay-gradient":""},"mobile":{"background-color":"","background-image":"","background-repeat":"repeat","background-position":"center center","background-size":"auto","background-attachment":"scroll","background-type":"","background-media":"","overlay-type":"","overlay-color":"","overlay-opacity":"","overlay-gradient":""}},"ast-content-background-meta":{"desktop":{"background-color":"var(--ast-global-color-5)","background-image":"","background-repeat":"repeat","background-position":"center center","background-size":"auto","background-attachment":"scroll","background-type":"","background-media":"","overlay-type":"","overlay-color":"","overlay-opacity":"","overlay-gradient":""},"tablet":{"background-color":"var(--ast-global-color-5)","background-image":"","background-repeat":"repeat","background-position":"center center","background-size":"auto","background-attachment":"scroll","background-type":"","background-media":"","overlay-type":"","overlay-color":"","overlay-opacity":"","overlay-gradient":""},"mobile":{"background-color":"var(--ast-global-color-5)","background-image":"","background-repeat":"repeat","background-position":"center center","background-size":"auto","background-attachment":"scroll","background-type":"","background-media":"","overlay-type":"","overlay-color":"","overlay-opacity":"","overlay-gradient":""}},"jetpack_post_was_ever_published":false},"product_brand":[],"product_cat":[29,81,26],"product_tag":[152,154,536,655,125,696,153,51],"class_list":{"0":"post-483","1":"product","2":"type-product","3":"status-publish","4":"has-post-thumbnail","6":"product_cat-bouillons","7":"product_cat-bouillons-deshydrates","8":"product_cat-milieux-de-cultures","9":"product_tag-eau","10":"product_tag-enrichissement-non-selectif","11":"product_tag-f17","12":"product_tag-f19","13":"product_tag-merck","14":"product_tag-milieux-deshydrates","15":"product_tag-peptonee","16":"product_tag-tamponnee","17":"desktop-align-center","18":"tablet-align-left","19":"mobile-align-left","21":"first","22":"outofstock","23":"taxable","24":"shipping-taxable","25":"purchasable","26":"product-type-simple"},"yoast_head":"<!-- This site is optimized with the Yoast SEO plugin v27.4 - https:\/\/yoast.com\/product\/yoast-seo-wordpress\/ -->\n<title>Eau Pepton\u00e9e Tamponn\u00e9e. 500 g MERCK - La Boutique en ligne<\/title>\n<meta name=\"description\" content=\"For the preliminary non-selective enrichment of bacteria, particularly pathogenic Enterobacteriaceae such as Salmonella and Cronobacter, from food and animal feed, water and other materials.This culture medium complies with the specifications given by EN ISO 6579, EN ISO\/FDIS 6579-1, EN ISO 6785 I IDF 93, EN ISO 19250, EN ISO 21528-1, ISO\/TS 22964 I IDF\/DRM 210, FDA-BAM, APHA and EP.\" \/>\n<meta name=\"robots\" content=\"index, follow, max-snippet:-1, max-image-preview:large, max-video-preview:-1\" \/>\n<link rel=\"canonical\" href=\"https:\/\/store.microbiotech.dz\/index.php\/produit\/eau-peptonee-tamponnee-500-g\/\" \/>\n<meta property=\"og:locale\" content=\"fr_FR\" \/>\n<meta property=\"og:type\" content=\"article\" \/>\n<meta property=\"og:title\" content=\"Eau Pepton\u00e9e Tamponn\u00e9e. 500 g MERCK - La Boutique en ligne\" \/>\n<meta property=\"og:description\" content=\"For the preliminary non-selective enrichment of bacteria, particularly pathogenic Enterobacteriaceae such as Salmonella and Cronobacter, from food and animal feed, water and other materials.This culture medium complies with the specifications given by EN ISO 6579, EN ISO\/FDIS 6579-1, EN ISO 6785 I IDF 93, EN ISO 19250, EN ISO 21528-1, ISO\/TS 22964 I IDF\/DRM 210, FDA-BAM, APHA and EP.\" \/>\n<meta property=\"og:url\" content=\"https:\/\/store.microbiotech.dz\/index.php\/produit\/eau-peptonee-tamponnee-500-g\/\" \/>\n<meta property=\"og:site_name\" content=\"La Boutique en ligne\" \/>\n<meta property=\"article:publisher\" content=\"https:\/\/www.facebook.com\/MicroBiotech.dz\" \/>\n<meta property=\"article:modified_time\" content=\"2026-02-18T16:52:32+00:00\" \/>\n<meta property=\"og:image\" content=\"https:\/\/store.microbiotech.dz\/wp-content\/uploads\/2021\/09\/MCD.webp\" \/>\n\t<meta property=\"og:image:width\" content=\"500\" \/>\n\t<meta property=\"og:image:height\" content=\"435\" \/>\n\t<meta property=\"og:image:type\" content=\"image\/webp\" \/>\n<meta name=\"twitter:card\" content=\"summary_large_image\" \/>\n<meta name=\"twitter:site\" content=\"@MicrobiotechD\" \/>\n<script type=\"application\/ld+json\" class=\"yoast-schema-graph\">{\"@context\":\"https:\\\/\\\/schema.org\",\"@graph\":[{\"@type\":\"WebPage\",\"@id\":\"https:\\\/\\\/store.microbiotech.dz\\\/index.php\\\/produit\\\/eau-peptonee-tamponnee-500-g\\\/\",\"url\":\"https:\\\/\\\/store.microbiotech.dz\\\/index.php\\\/produit\\\/eau-peptonee-tamponnee-500-g\\\/\",\"name\":\"Eau Pepton\u00e9e Tamponn\u00e9e. 500 g MERCK - La Boutique en ligne\",\"isPartOf\":{\"@id\":\"https:\\\/\\\/store.microbiotech.dz\\\/#website\"},\"primaryImageOfPage\":{\"@id\":\"https:\\\/\\\/store.microbiotech.dz\\\/index.php\\\/produit\\\/eau-peptonee-tamponnee-500-g\\\/#primaryimage\"},\"image\":{\"@id\":\"https:\\\/\\\/store.microbiotech.dz\\\/index.php\\\/produit\\\/eau-peptonee-tamponnee-500-g\\\/#primaryimage\"},\"thumbnailUrl\":\"https:\\\/\\\/store.microbiotech.dz\\\/wp-content\\\/uploads\\\/2021\\\/09\\\/MCD.webp\",\"datePublished\":\"2021-10-26T18:34:49+00:00\",\"dateModified\":\"2026-02-18T16:52:32+00:00\",\"description\":\"For the preliminary non-selective enrichment of bacteria, particularly pathogenic Enterobacteriaceae such as Salmonella and Cronobacter, from food and animal feed, water and other materials.This culture medium complies with the specifications given by EN ISO 6579, EN ISO\\\/FDIS 6579-1, EN ISO 6785 I IDF 93, EN ISO 19250, EN ISO 21528-1, ISO\\\/TS 22964 I IDF\\\/DRM 210, FDA-BAM, APHA and EP.\",\"breadcrumb\":{\"@id\":\"https:\\\/\\\/store.microbiotech.dz\\\/index.php\\\/produit\\\/eau-peptonee-tamponnee-500-g\\\/#breadcrumb\"},\"inLanguage\":\"fr-FR\",\"potentialAction\":[{\"@type\":\"ReadAction\",\"target\":[\"https:\\\/\\\/store.microbiotech.dz\\\/index.php\\\/produit\\\/eau-peptonee-tamponnee-500-g\\\/\"]}]},{\"@type\":\"ImageObject\",\"inLanguage\":\"fr-FR\",\"@id\":\"https:\\\/\\\/store.microbiotech.dz\\\/index.php\\\/produit\\\/eau-peptonee-tamponnee-500-g\\\/#primaryimage\",\"url\":\"https:\\\/\\\/store.microbiotech.dz\\\/wp-content\\\/uploads\\\/2021\\\/09\\\/MCD.webp\",\"contentUrl\":\"https:\\\/\\\/store.microbiotech.dz\\\/wp-content\\\/uploads\\\/2021\\\/09\\\/MCD.webp\",\"width\":500,\"height\":435,\"caption\":\"G\u00e9lose viande-foie 500 g MERCK\"},{\"@type\":\"BreadcrumbList\",\"@id\":\"https:\\\/\\\/store.microbiotech.dz\\\/index.php\\\/produit\\\/eau-peptonee-tamponnee-500-g\\\/#breadcrumb\",\"itemListElement\":[{\"@type\":\"ListItem\",\"position\":1,\"name\":\"Accueil\",\"item\":\"https:\\\/\\\/store.microbiotech.dz\\\/\"},{\"@type\":\"ListItem\",\"position\":2,\"name\":\"Nos Produits\",\"item\":\"https:\\\/\\\/store.microbiotech.dz\\\/index.php\\\/nos-produits\\\/\"},{\"@type\":\"ListItem\",\"position\":3,\"name\":\"Eau Pepton\u00e9e Tamponn\u00e9e. 500 g MERCK\"}]},{\"@type\":\"WebSite\",\"@id\":\"https:\\\/\\\/store.microbiotech.dz\\\/#website\",\"url\":\"https:\\\/\\\/store.microbiotech.dz\\\/\",\"name\":\"La Boutique en ligne\",\"description\":\"Qualit\u00e9 - Rapidit\u00e9 - Tranquillit\u00e9\",\"publisher\":{\"@id\":\"https:\\\/\\\/store.microbiotech.dz\\\/#organization\"},\"potentialAction\":[{\"@type\":\"SearchAction\",\"target\":{\"@type\":\"EntryPoint\",\"urlTemplate\":\"https:\\\/\\\/store.microbiotech.dz\\\/?s={search_term_string}\"},\"query-input\":{\"@type\":\"PropertyValueSpecification\",\"valueRequired\":true,\"valueName\":\"search_term_string\"}}],\"inLanguage\":\"fr-FR\"},{\"@type\":\"Organization\",\"@id\":\"https:\\\/\\\/store.microbiotech.dz\\\/#organization\",\"name\":\"Microbiotech EURL\",\"url\":\"https:\\\/\\\/store.microbiotech.dz\\\/\",\"logo\":{\"@type\":\"ImageObject\",\"inLanguage\":\"fr-FR\",\"@id\":\"https:\\\/\\\/store.microbiotech.dz\\\/#\\\/schema\\\/logo\\\/image\\\/\",\"url\":\"https:\\\/\\\/store.microbiotech.dz\\\/wp-content\\\/uploads\\\/2021\\\/09\\\/cropped-logo-microbiotech-2.jpg\",\"contentUrl\":\"https:\\\/\\\/store.microbiotech.dz\\\/wp-content\\\/uploads\\\/2021\\\/09\\\/cropped-logo-microbiotech-2.jpg\",\"width\":815,\"height\":586,\"caption\":\"Microbiotech EURL\"},\"image\":{\"@id\":\"https:\\\/\\\/store.microbiotech.dz\\\/#\\\/schema\\\/logo\\\/image\\\/\"},\"sameAs\":[\"https:\\\/\\\/www.facebook.com\\\/MicroBiotech.dz\",\"https:\\\/\\\/x.com\\\/MicrobiotechD\",\"https:\\\/\\\/www.linkedin.com\\\/in\\\/microbiotech\\\/\",\"https:\\\/\\\/www.youtube.com\\\/channel\\\/UCTxc3VIiX7LXD2LQYfZEcDg\"]}]}<\/script>\n<!-- \/ Yoast SEO plugin. -->","yoast_head_json":{"title":"Eau Pepton\u00e9e Tamponn\u00e9e. 500 g MERCK - La Boutique en ligne","description":"For the preliminary non-selective enrichment of bacteria, particularly pathogenic Enterobacteriaceae such as Salmonella and Cronobacter, from food and animal feed, water and other materials.This culture medium complies with the specifications given by EN ISO 6579, EN ISO\/FDIS 6579-1, EN ISO 6785 I IDF 93, EN ISO 19250, EN ISO 21528-1, ISO\/TS 22964 I IDF\/DRM 210, FDA-BAM, APHA and EP.","robots":{"index":"index","follow":"follow","max-snippet":"max-snippet:-1","max-image-preview":"max-image-preview:large","max-video-preview":"max-video-preview:-1"},"canonical":"https:\/\/store.microbiotech.dz\/index.php\/produit\/eau-peptonee-tamponnee-500-g\/","og_locale":"fr_FR","og_type":"article","og_title":"Eau Pepton\u00e9e Tamponn\u00e9e. 500 g MERCK - La Boutique en ligne","og_description":"For the preliminary non-selective enrichment of bacteria, particularly pathogenic Enterobacteriaceae such as Salmonella and Cronobacter, from food and animal feed, water and other materials.This culture medium complies with the specifications given by EN ISO 6579, EN ISO\/FDIS 6579-1, EN ISO 6785 I IDF 93, EN ISO 19250, EN ISO 21528-1, ISO\/TS 22964 I IDF\/DRM 210, FDA-BAM, APHA and EP.","og_url":"https:\/\/store.microbiotech.dz\/index.php\/produit\/eau-peptonee-tamponnee-500-g\/","og_site_name":"La Boutique en ligne","article_publisher":"https:\/\/www.facebook.com\/MicroBiotech.dz","article_modified_time":"2026-02-18T16:52:32+00:00","og_image":[{"width":500,"height":435,"url":"https:\/\/store.microbiotech.dz\/wp-content\/uploads\/2021\/09\/MCD.webp","type":"image\/webp"}],"twitter_card":"summary_large_image","twitter_site":"@MicrobiotechD","schema":{"@context":"https:\/\/schema.org","@graph":[{"@type":"WebPage","@id":"https:\/\/store.microbiotech.dz\/index.php\/produit\/eau-peptonee-tamponnee-500-g\/","url":"https:\/\/store.microbiotech.dz\/index.php\/produit\/eau-peptonee-tamponnee-500-g\/","name":"Eau Pepton\u00e9e Tamponn\u00e9e. 500 g MERCK - La Boutique en ligne","isPartOf":{"@id":"https:\/\/store.microbiotech.dz\/#website"},"primaryImageOfPage":{"@id":"https:\/\/store.microbiotech.dz\/index.php\/produit\/eau-peptonee-tamponnee-500-g\/#primaryimage"},"image":{"@id":"https:\/\/store.microbiotech.dz\/index.php\/produit\/eau-peptonee-tamponnee-500-g\/#primaryimage"},"thumbnailUrl":"https:\/\/store.microbiotech.dz\/wp-content\/uploads\/2021\/09\/MCD.webp","datePublished":"2021-10-26T18:34:49+00:00","dateModified":"2026-02-18T16:52:32+00:00","description":"For the preliminary non-selective enrichment of bacteria, particularly pathogenic Enterobacteriaceae such as Salmonella and Cronobacter, from food and animal feed, water and other materials.This culture medium complies with the specifications given by EN ISO 6579, EN ISO\/FDIS 6579-1, EN ISO 6785 I IDF 93, EN ISO 19250, EN ISO 21528-1, ISO\/TS 22964 I IDF\/DRM 210, FDA-BAM, APHA and EP.","breadcrumb":{"@id":"https:\/\/store.microbiotech.dz\/index.php\/produit\/eau-peptonee-tamponnee-500-g\/#breadcrumb"},"inLanguage":"fr-FR","potentialAction":[{"@type":"ReadAction","target":["https:\/\/store.microbiotech.dz\/index.php\/produit\/eau-peptonee-tamponnee-500-g\/"]}]},{"@type":"ImageObject","inLanguage":"fr-FR","@id":"https:\/\/store.microbiotech.dz\/index.php\/produit\/eau-peptonee-tamponnee-500-g\/#primaryimage","url":"https:\/\/store.microbiotech.dz\/wp-content\/uploads\/2021\/09\/MCD.webp","contentUrl":"https:\/\/store.microbiotech.dz\/wp-content\/uploads\/2021\/09\/MCD.webp","width":500,"height":435,"caption":"G\u00e9lose viande-foie 500 g MERCK"},{"@type":"BreadcrumbList","@id":"https:\/\/store.microbiotech.dz\/index.php\/produit\/eau-peptonee-tamponnee-500-g\/#breadcrumb","itemListElement":[{"@type":"ListItem","position":1,"name":"Accueil","item":"https:\/\/store.microbiotech.dz\/"},{"@type":"ListItem","position":2,"name":"Nos Produits","item":"https:\/\/store.microbiotech.dz\/index.php\/nos-produits\/"},{"@type":"ListItem","position":3,"name":"Eau Pepton\u00e9e Tamponn\u00e9e. 500 g MERCK"}]},{"@type":"WebSite","@id":"https:\/\/store.microbiotech.dz\/#website","url":"https:\/\/store.microbiotech.dz\/","name":"La Boutique en ligne","description":"Qualit\u00e9 - Rapidit\u00e9 - Tranquillit\u00e9","publisher":{"@id":"https:\/\/store.microbiotech.dz\/#organization"},"potentialAction":[{"@type":"SearchAction","target":{"@type":"EntryPoint","urlTemplate":"https:\/\/store.microbiotech.dz\/?s={search_term_string}"},"query-input":{"@type":"PropertyValueSpecification","valueRequired":true,"valueName":"search_term_string"}}],"inLanguage":"fr-FR"},{"@type":"Organization","@id":"https:\/\/store.microbiotech.dz\/#organization","name":"Microbiotech EURL","url":"https:\/\/store.microbiotech.dz\/","logo":{"@type":"ImageObject","inLanguage":"fr-FR","@id":"https:\/\/store.microbiotech.dz\/#\/schema\/logo\/image\/","url":"https:\/\/store.microbiotech.dz\/wp-content\/uploads\/2021\/09\/cropped-logo-microbiotech-2.jpg","contentUrl":"https:\/\/store.microbiotech.dz\/wp-content\/uploads\/2021\/09\/cropped-logo-microbiotech-2.jpg","width":815,"height":586,"caption":"Microbiotech EURL"},"image":{"@id":"https:\/\/store.microbiotech.dz\/#\/schema\/logo\/image\/"},"sameAs":["https:\/\/www.facebook.com\/MicroBiotech.dz","https:\/\/x.com\/MicrobiotechD","https:\/\/www.linkedin.com\/in\/microbiotech\/","https:\/\/www.youtube.com\/channel\/UCTxc3VIiX7LXD2LQYfZEcDg"]}]}},"jetpack_sharing_enabled":true,"_links":{"self":[{"href":"https:\/\/store.microbiotech.dz\/index.php\/wp-json\/wp\/v2\/product\/483","targetHints":{"allow":["GET"]}}],"collection":[{"href":"https:\/\/store.microbiotech.dz\/index.php\/wp-json\/wp\/v2\/product"}],"about":[{"href":"https:\/\/store.microbiotech.dz\/index.php\/wp-json\/wp\/v2\/types\/product"}],"replies":[{"embeddable":true,"href":"https:\/\/store.microbiotech.dz\/index.php\/wp-json\/wp\/v2\/comments?post=483"}],"wp:featuredmedia":[{"embeddable":true,"href":"https:\/\/store.microbiotech.dz\/index.php\/wp-json\/wp\/v2\/media\/257"}],"wp:attachment":[{"href":"https:\/\/store.microbiotech.dz\/index.php\/wp-json\/wp\/v2\/media?parent=483"}],"wp:term":[{"taxonomy":"product_brand","embeddable":true,"href":"https:\/\/store.microbiotech.dz\/index.php\/wp-json\/wp\/v2\/product_brand?post=483"},{"taxonomy":"product_cat","embeddable":true,"href":"https:\/\/store.microbiotech.dz\/index.php\/wp-json\/wp\/v2\/product_cat?post=483"},{"taxonomy":"product_tag","embeddable":true,"href":"https:\/\/store.microbiotech.dz\/index.php\/wp-json\/wp\/v2\/product_tag?post=483"}],"curies":[{"name":"wp","href":"https:\/\/api.w.org\/{rel}","templated":true}]}}