{"id":477,"date":"2021-10-26T19:00:57","date_gmt":"2021-10-26T18:00:57","guid":{"rendered":"https:\/\/store.microbiotech.dz\/?post_type=product&#038;p=477"},"modified":"2026-02-19T10:03:10","modified_gmt":"2026-02-19T09:03:10","slug":"bouillon-tsb-caso-500g","status":"publish","type":"product","link":"https:\/\/store.microbiotech.dz\/index.php\/produit\/bouillon-tsb-caso-500g\/","title":{"rendered":"Bouillon TSB (CASO). 500g MERCK"},"content":{"rendered":"<p>Le bouillon trypticase soja (TSB) ou appel\u00e9 aussi CASO est un milieu de culture universel exempt d\u2019inhibiteurs et d\u2019indicateurs utilis\u00e9 pour l\u2019isolement et la culture de bact\u00e9ries a\u00e9robies exigeantes, de levures et de moisissures.<br \/>\nLe milieu est utilis\u00e9 pour les tests de st\u00e9rilit\u00e9 des solutions, des pr\u00e9parations et des produits ainsi comme un bouillon de pr\u00e9-enrichissement pour le test des micro-organismes sp\u00e9cifiques ou pour la d\u00e9termination du nombre de bact\u00e9ries a\u00e9robies viables totales (M\u00e9thode MPN pour les produits non st\u00e9riles) selon les m\u00e9thodes harmonis\u00e9es de EP, USP, JP pour l\u2019examen microbien des produits non st\u00e9riles : test de d\u00e9nombrement microbien et tests pour les micro-organismes sp\u00e9cifiques.<\/p>\n","protected":false},"excerpt":{"rendered":"<p>&nbsp;<\/p>\n<p>Marque:\u00a0<strong>MERCK <img loading=\"lazy\" decoding=\"async\" class=\"alignnone wp-image-1649\" src=\"https:\/\/store.microbiotech.dz\/wp-content\/uploads\/2022\/04\/51968274-le-drapeau-allemand-icone-matte-ronde-isole-sur-fond-blanc--300x300.webp\" alt=\"\" width=\"61\" height=\"61\" srcset=\"https:\/\/store.microbiotech.dz\/wp-content\/uploads\/2022\/04\/51968274-le-drapeau-allemand-icone-matte-ronde-isole-sur-fond-blanc--300x300.webp 300w, https:\/\/store.microbiotech.dz\/wp-content\/uploads\/2022\/04\/51968274-le-drapeau-allemand-icone-matte-ronde-isole-sur-fond-blanc--150x150.webp 150w, https:\/\/store.microbiotech.dz\/wp-content\/uploads\/2022\/04\/51968274-le-drapeau-allemand-icone-matte-ronde-isole-sur-fond-blanc--100x100.webp 100w, https:\/\/store.microbiotech.dz\/wp-content\/uploads\/2022\/04\/51968274-le-drapeau-allemand-icone-matte-ronde-isole-sur-fond-blanc-.webp 450w\" sizes=\"auto, (max-width: 61px) 100vw, 61px\" \/><\/strong><\/p>\n<p>Date de p\u00e9remption: <strong>30-4-2029<\/strong><\/p>\n<p><a href=\"https:\/\/www.merckmillipore.com\/INTL\/en\/product\/Tryptic-Soy-Broth,MDA_CHEM-105459?ReferrerURL=https%3A%2F%2Fwww.google.com%2F\" target=\"_blank\" rel=\"noopener\">Cliquer ICI pour plus d\u2019informations<\/a><\/p>\n","protected":false},"featured_media":257,"comment_status":"open","ping_status":"closed","template":"","meta":{"site-sidebar-layout":"default","site-content-layout":"default","ast-site-content-layout":"default","site-content-style":"default","site-sidebar-style":"default","ast-global-header-display":"","ast-banner-title-visibility":"","ast-main-header-display":"","ast-hfb-above-header-display":"","ast-hfb-below-header-display":"","ast-hfb-mobile-header-display":"","site-post-title":"","ast-breadcrumbs-content":"","ast-featured-img":"","footer-sml-layout":"","ast-disable-related-posts":"","theme-transparent-header-meta":"default","adv-header-id-meta":"","stick-header-meta":"","header-above-stick-meta":"","header-main-stick-meta":"","header-below-stick-meta":"","astra-migrate-meta-layouts":"set","ast-page-background-enabled":"default","ast-page-background-meta":{"desktop":{"background-color":"var(--ast-global-color-4)","background-image":"","background-repeat":"repeat","background-position":"center center","background-size":"auto","background-attachment":"scroll","background-type":"","background-media":"","overlay-type":"","overlay-color":"","overlay-opacity":"","overlay-gradient":""},"tablet":{"background-color":"","background-image":"","background-repeat":"repeat","background-position":"center center","background-size":"auto","background-attachment":"scroll","background-type":"","background-media":"","overlay-type":"","overlay-color":"","overlay-opacity":"","overlay-gradient":""},"mobile":{"background-color":"","background-image":"","background-repeat":"repeat","background-position":"center center","background-size":"auto","background-attachment":"scroll","background-type":"","background-media":"","overlay-type":"","overlay-color":"","overlay-opacity":"","overlay-gradient":""}},"ast-content-background-meta":{"desktop":{"background-color":"var(--ast-global-color-5)","background-image":"","background-repeat":"repeat","background-position":"center center","background-size":"auto","background-attachment":"scroll","background-type":"","background-media":"","overlay-type":"","overlay-color":"","overlay-opacity":"","overlay-gradient":""},"tablet":{"background-color":"var(--ast-global-color-5)","background-image":"","background-repeat":"repeat","background-position":"center center","background-size":"auto","background-attachment":"scroll","background-type":"","background-media":"","overlay-type":"","overlay-color":"","overlay-opacity":"","overlay-gradient":""},"mobile":{"background-color":"var(--ast-global-color-5)","background-image":"","background-repeat":"repeat","background-position":"center center","background-size":"auto","background-attachment":"scroll","background-type":"","background-media":"","overlay-type":"","overlay-color":"","overlay-opacity":"","overlay-gradient":""}},"jetpack_post_was_ever_published":false},"product_brand":[],"product_cat":[29,81,26],"product_tag":[49,147,536,655,125,696,148,146],"class_list":{"0":"post-477","1":"product","2":"type-product","3":"status-publish","4":"has-post-thumbnail","6":"product_cat-bouillons","7":"product_cat-bouillons-deshydrates","8":"product_cat-milieux-de-cultures","9":"product_tag-bouillon","10":"product_tag-caso","11":"product_tag-f17","12":"product_tag-f19","13":"product_tag-merck","14":"product_tag-milieux-deshydrates","15":"product_tag-tryptic-soy-broth","16":"product_tag-tsb","17":"desktop-align-center","18":"tablet-align-left","19":"mobile-align-left","21":"first","22":"instock","23":"taxable","24":"shipping-taxable","25":"purchasable","26":"product-type-simple"},"yoast_head":"<!-- This site is optimized with the Yoast SEO plugin v27.4 - https:\/\/yoast.com\/product\/yoast-seo-wordpress\/ -->\n<title>Bouillon TSB (CASO). 500g MERCK - La Boutique en ligne<\/title>\n<meta name=\"description\" content=\"Le bouillon trypticase soja (TSB) ou appel\u00e9 aussi CASO est un milieu de culture universel exempt d\u2019inhibiteurs et d\u2019indicateurs utilis\u00e9 pour l\u2019isolement et la culture de bact\u00e9ries a\u00e9robies exigeantes, de levures et de moisissures.Le milieu est utilis\u00e9 pour les tests de st\u00e9rilit\u00e9 des solutions, des pr\u00e9parations et des produits ainsi comme un bouillon de pr\u00e9-enrichissement pour le test des micro-organismes sp\u00e9cifiques ou pour la d\u00e9termination du nombre de bact\u00e9ries a\u00e9robies viables totales (M\u00e9thode MPN pour les produits non st\u00e9riles) selon les m\u00e9thodes harmonis\u00e9es de EP, USP, JP pour l\u2019examen microbien des produits non st\u00e9riles : test de d\u00e9nombrement microbien et tests pour les micro-organismes sp\u00e9cifiques.\" \/>\n<meta name=\"robots\" content=\"index, follow, max-snippet:-1, max-image-preview:large, max-video-preview:-1\" \/>\n<link rel=\"canonical\" href=\"https:\/\/store.microbiotech.dz\/index.php\/produit\/bouillon-tsb-caso-500g\/\" \/>\n<meta property=\"og:locale\" content=\"fr_FR\" \/>\n<meta property=\"og:type\" content=\"article\" \/>\n<meta property=\"og:title\" content=\"Bouillon TSB (CASO). 500g MERCK - La Boutique en ligne\" \/>\n<meta property=\"og:description\" content=\"Le bouillon trypticase soja (TSB) ou appel\u00e9 aussi CASO est un milieu de culture universel exempt d\u2019inhibiteurs et d\u2019indicateurs utilis\u00e9 pour l\u2019isolement et la culture de bact\u00e9ries a\u00e9robies exigeantes, de levures et de moisissures.Le milieu est utilis\u00e9 pour les tests de st\u00e9rilit\u00e9 des solutions, des pr\u00e9parations et des produits ainsi comme un bouillon de pr\u00e9-enrichissement pour le test des micro-organismes sp\u00e9cifiques ou pour la d\u00e9termination du nombre de bact\u00e9ries a\u00e9robies viables totales (M\u00e9thode MPN pour les produits non st\u00e9riles) selon les m\u00e9thodes harmonis\u00e9es de EP, USP, JP pour l\u2019examen microbien des produits non st\u00e9riles : test de d\u00e9nombrement microbien et tests pour les micro-organismes sp\u00e9cifiques.\" \/>\n<meta property=\"og:url\" content=\"https:\/\/store.microbiotech.dz\/index.php\/produit\/bouillon-tsb-caso-500g\/\" \/>\n<meta property=\"og:site_name\" content=\"La Boutique en ligne\" \/>\n<meta property=\"article:publisher\" content=\"https:\/\/www.facebook.com\/MicroBiotech.dz\" \/>\n<meta property=\"article:modified_time\" content=\"2026-02-19T09:03:10+00:00\" \/>\n<meta property=\"og:image\" content=\"https:\/\/store.microbiotech.dz\/wp-content\/uploads\/2021\/09\/MCD.webp\" \/>\n\t<meta property=\"og:image:width\" content=\"500\" \/>\n\t<meta property=\"og:image:height\" content=\"435\" \/>\n\t<meta property=\"og:image:type\" content=\"image\/webp\" \/>\n<meta name=\"twitter:card\" content=\"summary_large_image\" \/>\n<meta name=\"twitter:site\" content=\"@MicrobiotechD\" \/>\n<meta name=\"twitter:label1\" content=\"Dur\u00e9e de lecture estim\u00e9e\" \/>\n\t<meta name=\"twitter:data1\" content=\"1 minute\" \/>\n<script type=\"application\/ld+json\" class=\"yoast-schema-graph\">{\"@context\":\"https:\\\/\\\/schema.org\",\"@graph\":[{\"@type\":\"WebPage\",\"@id\":\"https:\\\/\\\/store.microbiotech.dz\\\/index.php\\\/produit\\\/bouillon-tsb-caso-500g\\\/\",\"url\":\"https:\\\/\\\/store.microbiotech.dz\\\/index.php\\\/produit\\\/bouillon-tsb-caso-500g\\\/\",\"name\":\"Bouillon TSB (CASO). 500g MERCK - La Boutique en ligne\",\"isPartOf\":{\"@id\":\"https:\\\/\\\/store.microbiotech.dz\\\/#website\"},\"primaryImageOfPage\":{\"@id\":\"https:\\\/\\\/store.microbiotech.dz\\\/index.php\\\/produit\\\/bouillon-tsb-caso-500g\\\/#primaryimage\"},\"image\":{\"@id\":\"https:\\\/\\\/store.microbiotech.dz\\\/index.php\\\/produit\\\/bouillon-tsb-caso-500g\\\/#primaryimage\"},\"thumbnailUrl\":\"https:\\\/\\\/store.microbiotech.dz\\\/wp-content\\\/uploads\\\/2021\\\/09\\\/MCD.webp\",\"datePublished\":\"2021-10-26T18:00:57+00:00\",\"dateModified\":\"2026-02-19T09:03:10+00:00\",\"description\":\"Le bouillon trypticase soja (TSB) ou appel\u00e9 aussi CASO est un milieu de culture universel exempt d\u2019inhibiteurs et d\u2019indicateurs utilis\u00e9 pour l\u2019isolement et la culture de bact\u00e9ries a\u00e9robies exigeantes, de levures et de moisissures.Le milieu est utilis\u00e9 pour les tests de st\u00e9rilit\u00e9 des solutions, des pr\u00e9parations et des produits ainsi comme un bouillon de pr\u00e9-enrichissement pour le test des micro-organismes sp\u00e9cifiques ou pour la d\u00e9termination du nombre de bact\u00e9ries a\u00e9robies viables totales (M\u00e9thode MPN pour les produits non st\u00e9riles) selon les m\u00e9thodes harmonis\u00e9es de EP, USP, JP pour l\u2019examen microbien des produits non st\u00e9riles : test de d\u00e9nombrement microbien et tests pour les micro-organismes sp\u00e9cifiques.\",\"breadcrumb\":{\"@id\":\"https:\\\/\\\/store.microbiotech.dz\\\/index.php\\\/produit\\\/bouillon-tsb-caso-500g\\\/#breadcrumb\"},\"inLanguage\":\"fr-FR\",\"potentialAction\":[{\"@type\":\"ReadAction\",\"target\":[\"https:\\\/\\\/store.microbiotech.dz\\\/index.php\\\/produit\\\/bouillon-tsb-caso-500g\\\/\"]}]},{\"@type\":\"ImageObject\",\"inLanguage\":\"fr-FR\",\"@id\":\"https:\\\/\\\/store.microbiotech.dz\\\/index.php\\\/produit\\\/bouillon-tsb-caso-500g\\\/#primaryimage\",\"url\":\"https:\\\/\\\/store.microbiotech.dz\\\/wp-content\\\/uploads\\\/2021\\\/09\\\/MCD.webp\",\"contentUrl\":\"https:\\\/\\\/store.microbiotech.dz\\\/wp-content\\\/uploads\\\/2021\\\/09\\\/MCD.webp\",\"width\":500,\"height\":435,\"caption\":\"G\u00e9lose viande-foie 500 g MERCK\"},{\"@type\":\"BreadcrumbList\",\"@id\":\"https:\\\/\\\/store.microbiotech.dz\\\/index.php\\\/produit\\\/bouillon-tsb-caso-500g\\\/#breadcrumb\",\"itemListElement\":[{\"@type\":\"ListItem\",\"position\":1,\"name\":\"Accueil\",\"item\":\"https:\\\/\\\/store.microbiotech.dz\\\/\"},{\"@type\":\"ListItem\",\"position\":2,\"name\":\"Nos Produits\",\"item\":\"https:\\\/\\\/store.microbiotech.dz\\\/index.php\\\/nos-produits\\\/\"},{\"@type\":\"ListItem\",\"position\":3,\"name\":\"Bouillon TSB (CASO). 500g MERCK\"}]},{\"@type\":\"WebSite\",\"@id\":\"https:\\\/\\\/store.microbiotech.dz\\\/#website\",\"url\":\"https:\\\/\\\/store.microbiotech.dz\\\/\",\"name\":\"La Boutique en ligne\",\"description\":\"Qualit\u00e9 - Rapidit\u00e9 - Tranquillit\u00e9\",\"publisher\":{\"@id\":\"https:\\\/\\\/store.microbiotech.dz\\\/#organization\"},\"potentialAction\":[{\"@type\":\"SearchAction\",\"target\":{\"@type\":\"EntryPoint\",\"urlTemplate\":\"https:\\\/\\\/store.microbiotech.dz\\\/?s={search_term_string}\"},\"query-input\":{\"@type\":\"PropertyValueSpecification\",\"valueRequired\":true,\"valueName\":\"search_term_string\"}}],\"inLanguage\":\"fr-FR\"},{\"@type\":\"Organization\",\"@id\":\"https:\\\/\\\/store.microbiotech.dz\\\/#organization\",\"name\":\"Microbiotech EURL\",\"url\":\"https:\\\/\\\/store.microbiotech.dz\\\/\",\"logo\":{\"@type\":\"ImageObject\",\"inLanguage\":\"fr-FR\",\"@id\":\"https:\\\/\\\/store.microbiotech.dz\\\/#\\\/schema\\\/logo\\\/image\\\/\",\"url\":\"https:\\\/\\\/store.microbiotech.dz\\\/wp-content\\\/uploads\\\/2021\\\/09\\\/cropped-logo-microbiotech-2.jpg\",\"contentUrl\":\"https:\\\/\\\/store.microbiotech.dz\\\/wp-content\\\/uploads\\\/2021\\\/09\\\/cropped-logo-microbiotech-2.jpg\",\"width\":815,\"height\":586,\"caption\":\"Microbiotech EURL\"},\"image\":{\"@id\":\"https:\\\/\\\/store.microbiotech.dz\\\/#\\\/schema\\\/logo\\\/image\\\/\"},\"sameAs\":[\"https:\\\/\\\/www.facebook.com\\\/MicroBiotech.dz\",\"https:\\\/\\\/x.com\\\/MicrobiotechD\",\"https:\\\/\\\/www.linkedin.com\\\/in\\\/microbiotech\\\/\",\"https:\\\/\\\/www.youtube.com\\\/channel\\\/UCTxc3VIiX7LXD2LQYfZEcDg\"]}]}<\/script>\n<!-- \/ Yoast SEO plugin. -->","yoast_head_json":{"title":"Bouillon TSB (CASO). 500g MERCK - La Boutique en ligne","description":"Le bouillon trypticase soja (TSB) ou appel\u00e9 aussi CASO est un milieu de culture universel exempt d\u2019inhibiteurs et d\u2019indicateurs utilis\u00e9 pour l\u2019isolement et la culture de bact\u00e9ries a\u00e9robies exigeantes, de levures et de moisissures.Le milieu est utilis\u00e9 pour les tests de st\u00e9rilit\u00e9 des solutions, des pr\u00e9parations et des produits ainsi comme un bouillon de pr\u00e9-enrichissement pour le test des micro-organismes sp\u00e9cifiques ou pour la d\u00e9termination du nombre de bact\u00e9ries a\u00e9robies viables totales (M\u00e9thode MPN pour les produits non st\u00e9riles) selon les m\u00e9thodes harmonis\u00e9es de EP, USP, JP pour l\u2019examen microbien des produits non st\u00e9riles : test de d\u00e9nombrement microbien et tests pour les micro-organismes sp\u00e9cifiques.","robots":{"index":"index","follow":"follow","max-snippet":"max-snippet:-1","max-image-preview":"max-image-preview:large","max-video-preview":"max-video-preview:-1"},"canonical":"https:\/\/store.microbiotech.dz\/index.php\/produit\/bouillon-tsb-caso-500g\/","og_locale":"fr_FR","og_type":"article","og_title":"Bouillon TSB (CASO). 500g MERCK - La Boutique en ligne","og_description":"Le bouillon trypticase soja (TSB) ou appel\u00e9 aussi CASO est un milieu de culture universel exempt d\u2019inhibiteurs et d\u2019indicateurs utilis\u00e9 pour l\u2019isolement et la culture de bact\u00e9ries a\u00e9robies exigeantes, de levures et de moisissures.Le milieu est utilis\u00e9 pour les tests de st\u00e9rilit\u00e9 des solutions, des pr\u00e9parations et des produits ainsi comme un bouillon de pr\u00e9-enrichissement pour le test des micro-organismes sp\u00e9cifiques ou pour la d\u00e9termination du nombre de bact\u00e9ries a\u00e9robies viables totales (M\u00e9thode MPN pour les produits non st\u00e9riles) selon les m\u00e9thodes harmonis\u00e9es de EP, USP, JP pour l\u2019examen microbien des produits non st\u00e9riles : test de d\u00e9nombrement microbien et tests pour les micro-organismes sp\u00e9cifiques.","og_url":"https:\/\/store.microbiotech.dz\/index.php\/produit\/bouillon-tsb-caso-500g\/","og_site_name":"La Boutique en ligne","article_publisher":"https:\/\/www.facebook.com\/MicroBiotech.dz","article_modified_time":"2026-02-19T09:03:10+00:00","og_image":[{"width":500,"height":435,"url":"https:\/\/store.microbiotech.dz\/wp-content\/uploads\/2021\/09\/MCD.webp","type":"image\/webp"}],"twitter_card":"summary_large_image","twitter_site":"@MicrobiotechD","twitter_misc":{"Dur\u00e9e de lecture estim\u00e9e":"1 minute"},"schema":{"@context":"https:\/\/schema.org","@graph":[{"@type":"WebPage","@id":"https:\/\/store.microbiotech.dz\/index.php\/produit\/bouillon-tsb-caso-500g\/","url":"https:\/\/store.microbiotech.dz\/index.php\/produit\/bouillon-tsb-caso-500g\/","name":"Bouillon TSB (CASO). 500g MERCK - La Boutique en ligne","isPartOf":{"@id":"https:\/\/store.microbiotech.dz\/#website"},"primaryImageOfPage":{"@id":"https:\/\/store.microbiotech.dz\/index.php\/produit\/bouillon-tsb-caso-500g\/#primaryimage"},"image":{"@id":"https:\/\/store.microbiotech.dz\/index.php\/produit\/bouillon-tsb-caso-500g\/#primaryimage"},"thumbnailUrl":"https:\/\/store.microbiotech.dz\/wp-content\/uploads\/2021\/09\/MCD.webp","datePublished":"2021-10-26T18:00:57+00:00","dateModified":"2026-02-19T09:03:10+00:00","description":"Le bouillon trypticase soja (TSB) ou appel\u00e9 aussi CASO est un milieu de culture universel exempt d\u2019inhibiteurs et d\u2019indicateurs utilis\u00e9 pour l\u2019isolement et la culture de bact\u00e9ries a\u00e9robies exigeantes, de levures et de moisissures.Le milieu est utilis\u00e9 pour les tests de st\u00e9rilit\u00e9 des solutions, des pr\u00e9parations et des produits ainsi comme un bouillon de pr\u00e9-enrichissement pour le test des micro-organismes sp\u00e9cifiques ou pour la d\u00e9termination du nombre de bact\u00e9ries a\u00e9robies viables totales (M\u00e9thode MPN pour les produits non st\u00e9riles) selon les m\u00e9thodes harmonis\u00e9es de EP, USP, JP pour l\u2019examen microbien des produits non st\u00e9riles : test de d\u00e9nombrement microbien et tests pour les micro-organismes sp\u00e9cifiques.","breadcrumb":{"@id":"https:\/\/store.microbiotech.dz\/index.php\/produit\/bouillon-tsb-caso-500g\/#breadcrumb"},"inLanguage":"fr-FR","potentialAction":[{"@type":"ReadAction","target":["https:\/\/store.microbiotech.dz\/index.php\/produit\/bouillon-tsb-caso-500g\/"]}]},{"@type":"ImageObject","inLanguage":"fr-FR","@id":"https:\/\/store.microbiotech.dz\/index.php\/produit\/bouillon-tsb-caso-500g\/#primaryimage","url":"https:\/\/store.microbiotech.dz\/wp-content\/uploads\/2021\/09\/MCD.webp","contentUrl":"https:\/\/store.microbiotech.dz\/wp-content\/uploads\/2021\/09\/MCD.webp","width":500,"height":435,"caption":"G\u00e9lose viande-foie 500 g MERCK"},{"@type":"BreadcrumbList","@id":"https:\/\/store.microbiotech.dz\/index.php\/produit\/bouillon-tsb-caso-500g\/#breadcrumb","itemListElement":[{"@type":"ListItem","position":1,"name":"Accueil","item":"https:\/\/store.microbiotech.dz\/"},{"@type":"ListItem","position":2,"name":"Nos Produits","item":"https:\/\/store.microbiotech.dz\/index.php\/nos-produits\/"},{"@type":"ListItem","position":3,"name":"Bouillon TSB (CASO). 500g MERCK"}]},{"@type":"WebSite","@id":"https:\/\/store.microbiotech.dz\/#website","url":"https:\/\/store.microbiotech.dz\/","name":"La Boutique en ligne","description":"Qualit\u00e9 - Rapidit\u00e9 - Tranquillit\u00e9","publisher":{"@id":"https:\/\/store.microbiotech.dz\/#organization"},"potentialAction":[{"@type":"SearchAction","target":{"@type":"EntryPoint","urlTemplate":"https:\/\/store.microbiotech.dz\/?s={search_term_string}"},"query-input":{"@type":"PropertyValueSpecification","valueRequired":true,"valueName":"search_term_string"}}],"inLanguage":"fr-FR"},{"@type":"Organization","@id":"https:\/\/store.microbiotech.dz\/#organization","name":"Microbiotech EURL","url":"https:\/\/store.microbiotech.dz\/","logo":{"@type":"ImageObject","inLanguage":"fr-FR","@id":"https:\/\/store.microbiotech.dz\/#\/schema\/logo\/image\/","url":"https:\/\/store.microbiotech.dz\/wp-content\/uploads\/2021\/09\/cropped-logo-microbiotech-2.jpg","contentUrl":"https:\/\/store.microbiotech.dz\/wp-content\/uploads\/2021\/09\/cropped-logo-microbiotech-2.jpg","width":815,"height":586,"caption":"Microbiotech EURL"},"image":{"@id":"https:\/\/store.microbiotech.dz\/#\/schema\/logo\/image\/"},"sameAs":["https:\/\/www.facebook.com\/MicroBiotech.dz","https:\/\/x.com\/MicrobiotechD","https:\/\/www.linkedin.com\/in\/microbiotech\/","https:\/\/www.youtube.com\/channel\/UCTxc3VIiX7LXD2LQYfZEcDg"]}]}},"jetpack_sharing_enabled":true,"_links":{"self":[{"href":"https:\/\/store.microbiotech.dz\/index.php\/wp-json\/wp\/v2\/product\/477","targetHints":{"allow":["GET"]}}],"collection":[{"href":"https:\/\/store.microbiotech.dz\/index.php\/wp-json\/wp\/v2\/product"}],"about":[{"href":"https:\/\/store.microbiotech.dz\/index.php\/wp-json\/wp\/v2\/types\/product"}],"replies":[{"embeddable":true,"href":"https:\/\/store.microbiotech.dz\/index.php\/wp-json\/wp\/v2\/comments?post=477"}],"wp:featuredmedia":[{"embeddable":true,"href":"https:\/\/store.microbiotech.dz\/index.php\/wp-json\/wp\/v2\/media\/257"}],"wp:attachment":[{"href":"https:\/\/store.microbiotech.dz\/index.php\/wp-json\/wp\/v2\/media?parent=477"}],"wp:term":[{"taxonomy":"product_brand","embeddable":true,"href":"https:\/\/store.microbiotech.dz\/index.php\/wp-json\/wp\/v2\/product_brand?post=477"},{"taxonomy":"product_cat","embeddable":true,"href":"https:\/\/store.microbiotech.dz\/index.php\/wp-json\/wp\/v2\/product_cat?post=477"},{"taxonomy":"product_tag","embeddable":true,"href":"https:\/\/store.microbiotech.dz\/index.php\/wp-json\/wp\/v2\/product_tag?post=477"}],"curies":[{"name":"wp","href":"https:\/\/api.w.org\/{rel}","templated":true}]}}