{"id":4715,"date":"2023-06-12T10:59:25","date_gmt":"2023-06-12T09:59:25","guid":{"rendered":"https:\/\/store.microbiotech.dz\/?post_type=product&#038;p=4715"},"modified":"2026-04-27T10:26:35","modified_gmt":"2026-04-27T09:26:35","slug":"ph-metre-multiparametre-de-paillasse-adwa","status":"publish","type":"product","link":"https:\/\/store.microbiotech.dz\/index.php\/produit\/ph-metre-multiparametre-de-paillasse-adwa\/","title":{"rendered":"pH m\u00e8tre multiparam\u00e8tre de paillasse ADWA"},"content":{"rendered":"<p>Le pH m\u00e8tre <a href=\"https:\/\/store.microbiotech.dz\/?s=multiparametre\" target=\"_blank\" rel=\"noopener\">multiparam\u00e8tre<\/a> de paillasse <a href=\"https:\/\/www.adwainstruments.com\/\" target=\"_blank\" rel=\"noopener\">ADWA<\/a>, est un appareil de mesure de pH, d&rsquo;ORP, de conductivit\u00e9, de TDS et de temp\u00e9rature bas\u00e9 sur un microprocesseur, avec la fonction mV relative \u00e9galement fournie, la fonction de s\u00e9lection automatique des plages de conductivit\u00e9 et de TDS r\u00e8gle automatiquement l&rsquo;instrument sur l&rsquo;\u00e9chelle avec la r\u00e9solution la plus \u00e9lev\u00e9e.<\/p>\n<p>Le coefficient de temp\u00e9rature est s\u00e9lectionnable par l&rsquo;utilisateur. L&rsquo;\u00e9talonnage du <a href=\"https:\/\/store.microbiotech.dz\/?s=ph\" target=\"_blank\" rel=\"noopener\">pH<\/a> est effectuable en 1, 2 ou 3 points avec cinq tampons m\u00e9moris\u00e9s (pH 4,01, 6,86, 7,01, 9,18, 10,01). De plus, le pH m\u00e8tre multiparam\u00e8tre de paillasse ADWA poss\u00e8de une alarme de temporisation d&rsquo;\u00e9talonnage, une fonction BPL pour afficher les derni\u00e8res donn\u00e9es d&rsquo;\u00e9talonnage et une fonction HOLD automatique pour geler la premi\u00e8re lecture stable sur l&rsquo;\u00e9cran LCD.<\/p>\n<p>&nbsp;<\/p>\n","protected":false},"excerpt":{"rendered":"<p>&nbsp;<\/p>\n<p>Marque : <strong>ADWA <img loading=\"lazy\" decoding=\"async\" class=\"alignnone wp-image-3875\" src=\"https:\/\/store.microbiotech.dz\/wp-content\/uploads\/2023\/05\/flag-hongrie.png\" alt=\"\" width=\"33\" height=\"33\" srcset=\"https:\/\/store.microbiotech.dz\/wp-content\/uploads\/2023\/05\/flag-hongrie.png 250w, https:\/\/store.microbiotech.dz\/wp-content\/uploads\/2023\/05\/flag-hongrie-150x150.png 150w, https:\/\/store.microbiotech.dz\/wp-content\/uploads\/2023\/05\/flag-hongrie-100x100.png 100w\" sizes=\"auto, (max-width: 33px) 100vw, 33px\" \/><\/strong><br \/>\nT\u00e9l\u00e9chargements :<br \/>\n<a href=\"https:\/\/store.microbiotech.dz\/wp-content\/uploads\/2023\/06\/manual_ad8000.pdf\">manuel_ad8000<\/a><\/p>\n<p><img loading=\"lazy\" decoding=\"async\" class=\"alignnone size-medium wp-image-4719\" src=\"https:\/\/store.microbiotech.dz\/wp-content\/uploads\/2023\/06\/d-300x264.png\" alt=\"\" width=\"300\" height=\"264\" srcset=\"https:\/\/store.microbiotech.dz\/wp-content\/uploads\/2023\/06\/d-300x264.png 300w, https:\/\/store.microbiotech.dz\/wp-content\/uploads\/2023\/06\/d.png 392w\" sizes=\"auto, (max-width: 300px) 100vw, 300px\" \/><\/p>\n","protected":false},"featured_media":4716,"comment_status":"open","ping_status":"closed","template":"","meta":{"site-sidebar-layout":"default","site-content-layout":"default","ast-site-content-layout":"default","site-content-style":"default","site-sidebar-style":"default","ast-global-header-display":"","ast-banner-title-visibility":"","ast-main-header-display":"","ast-hfb-above-header-display":"","ast-hfb-below-header-display":"","ast-hfb-mobile-header-display":"","site-post-title":"","ast-breadcrumbs-content":"","ast-featured-img":"","footer-sml-layout":"","ast-disable-related-posts":"","theme-transparent-header-meta":"default","adv-header-id-meta":"","stick-header-meta":"","header-above-stick-meta":"","header-main-stick-meta":"","header-below-stick-meta":"","astra-migrate-meta-layouts":"set","ast-page-background-enabled":"default","ast-page-background-meta":{"desktop":{"background-color":"var(--ast-global-color-4)","background-image":"","background-repeat":"repeat","background-position":"center center","background-size":"auto","background-attachment":"scroll","background-type":"","background-media":"","overlay-type":"","overlay-color":"","overlay-opacity":"","overlay-gradient":""},"tablet":{"background-color":"","background-image":"","background-repeat":"repeat","background-position":"center center","background-size":"auto","background-attachment":"scroll","background-type":"","background-media":"","overlay-type":"","overlay-color":"","overlay-opacity":"","overlay-gradient":""},"mobile":{"background-color":"","background-image":"","background-repeat":"repeat","background-position":"center center","background-size":"auto","background-attachment":"scroll","background-type":"","background-media":"","overlay-type":"","overlay-color":"","overlay-opacity":"","overlay-gradient":""}},"ast-content-background-meta":{"desktop":{"background-color":"var(--ast-global-color-5)","background-image":"","background-repeat":"repeat","background-position":"center center","background-size":"auto","background-attachment":"scroll","background-type":"","background-media":"","overlay-type":"","overlay-color":"","overlay-opacity":"","overlay-gradient":""},"tablet":{"background-color":"var(--ast-global-color-5)","background-image":"","background-repeat":"repeat","background-position":"center center","background-size":"auto","background-attachment":"scroll","background-type":"","background-media":"","overlay-type":"","overlay-color":"","overlay-opacity":"","overlay-gradient":""},"mobile":{"background-color":"var(--ast-global-color-5)","background-image":"","background-repeat":"repeat","background-position":"center center","background-size":"auto","background-attachment":"scroll","background-type":"","background-media":"","overlay-type":"","overlay-color":"","overlay-opacity":"","overlay-gradient":""}},"jetpack_post_was_ever_published":false},"product_brand":[],"product_cat":[238],"product_tag":[1108,1106,1107,541,1228,1555,1264,546,547,1155,1262],"class_list":{"0":"post-4715","1":"product","2":"type-product","3":"status-publish","4":"has-post-thumbnail","6":"product_cat-equipements","7":"product_tag-adwa","8":"product_tag-conductimetre","9":"product_tag-conductivite","10":"product_tag-f10","11":"product_tag-f104","12":"product_tag-f113","13":"product_tag-orp","14":"product_tag-ph","15":"product_tag-ph-metre","16":"product_tag-tds","17":"product_tag-temperature","18":"product_shipping_class-temperature-ambiante","19":"desktop-align-center","20":"tablet-align-left","21":"mobile-align-left","23":"first","24":"outofstock","25":"taxable","26":"shipping-taxable","27":"purchasable","28":"product-type-simple"},"yoast_head":"<!-- This site is optimized with the Yoast SEO plugin v27.5 - https:\/\/yoast.com\/product\/yoast-seo-wordpress\/ -->\n<title>pH m\u00e8tre multiparam\u00e8tre de paillasse ADWA - La Boutique en ligne<\/title>\n<meta name=\"description\" content=\"pH m\u00e8tre multiparam\u00e8tre de paillasse ADWA de haute qualit\u00e9 et tr\u00e8s facile \u00e0 utiliser, peu encombrant, pratique et fiable. Le tout \u00e0 bon prix.\" \/>\n<meta name=\"robots\" content=\"index, follow, max-snippet:-1, max-image-preview:large, max-video-preview:-1\" \/>\n<link rel=\"canonical\" href=\"https:\/\/store.microbiotech.dz\/index.php\/produit\/ph-metre-multiparametre-de-paillasse-adwa\/\" \/>\n<meta property=\"og:locale\" content=\"fr_FR\" \/>\n<meta property=\"og:type\" content=\"article\" \/>\n<meta property=\"og:title\" content=\"pH m\u00e8tre multiparam\u00e8tre de paillasse ADWA - La Boutique en ligne\" \/>\n<meta property=\"og:description\" content=\"pH m\u00e8tre multiparam\u00e8tre de paillasse ADWA de haute qualit\u00e9 et tr\u00e8s facile \u00e0 utiliser, peu encombrant, pratique et fiable. Le tout \u00e0 bon prix.\" \/>\n<meta property=\"og:url\" content=\"https:\/\/store.microbiotech.dz\/index.php\/produit\/ph-metre-multiparametre-de-paillasse-adwa\/\" \/>\n<meta property=\"og:site_name\" content=\"La Boutique en ligne\" \/>\n<meta property=\"article:publisher\" content=\"https:\/\/www.facebook.com\/MicroBiotech.dz\" \/>\n<meta property=\"article:modified_time\" content=\"2026-04-27T09:26:35+00:00\" \/>\n<meta property=\"og:image\" content=\"https:\/\/store.microbiotech.dz\/wp-content\/uploads\/2023\/06\/ph-metre-multi-600x.png\" \/>\n\t<meta property=\"og:image:width\" content=\"600\" \/>\n\t<meta property=\"og:image:height\" content=\"600\" \/>\n\t<meta property=\"og:image:type\" content=\"image\/png\" \/>\n<meta name=\"twitter:card\" content=\"summary_large_image\" \/>\n<meta name=\"twitter:site\" content=\"@MicrobiotechD\" \/>\n<meta name=\"twitter:label1\" content=\"Dur\u00e9e de lecture estim\u00e9e\" \/>\n\t<meta name=\"twitter:data1\" content=\"1 minute\" \/>\n<script type=\"application\/ld+json\" class=\"yoast-schema-graph\">{\"@context\":\"https:\\\/\\\/schema.org\",\"@graph\":[{\"@type\":\"WebPage\",\"@id\":\"https:\\\/\\\/store.microbiotech.dz\\\/index.php\\\/produit\\\/ph-metre-multiparametre-de-paillasse-adwa\\\/\",\"url\":\"https:\\\/\\\/store.microbiotech.dz\\\/index.php\\\/produit\\\/ph-metre-multiparametre-de-paillasse-adwa\\\/\",\"name\":\"pH m\u00e8tre multiparam\u00e8tre de paillasse ADWA - La Boutique en ligne\",\"isPartOf\":{\"@id\":\"https:\\\/\\\/store.microbiotech.dz\\\/#website\"},\"primaryImageOfPage\":{\"@id\":\"https:\\\/\\\/store.microbiotech.dz\\\/index.php\\\/produit\\\/ph-metre-multiparametre-de-paillasse-adwa\\\/#primaryimage\"},\"image\":{\"@id\":\"https:\\\/\\\/store.microbiotech.dz\\\/index.php\\\/produit\\\/ph-metre-multiparametre-de-paillasse-adwa\\\/#primaryimage\"},\"thumbnailUrl\":\"https:\\\/\\\/store.microbiotech.dz\\\/wp-content\\\/uploads\\\/2023\\\/06\\\/ph-metre-multi-600x.png\",\"datePublished\":\"2023-06-12T09:59:25+00:00\",\"dateModified\":\"2026-04-27T09:26:35+00:00\",\"description\":\"pH m\u00e8tre multiparam\u00e8tre de paillasse ADWA de haute qualit\u00e9 et tr\u00e8s facile \u00e0 utiliser, peu encombrant, pratique et fiable. Le tout \u00e0 bon prix.\",\"breadcrumb\":{\"@id\":\"https:\\\/\\\/store.microbiotech.dz\\\/index.php\\\/produit\\\/ph-metre-multiparametre-de-paillasse-adwa\\\/#breadcrumb\"},\"inLanguage\":\"fr-FR\",\"potentialAction\":[{\"@type\":\"ReadAction\",\"target\":[\"https:\\\/\\\/store.microbiotech.dz\\\/index.php\\\/produit\\\/ph-metre-multiparametre-de-paillasse-adwa\\\/\"]}]},{\"@type\":\"ImageObject\",\"inLanguage\":\"fr-FR\",\"@id\":\"https:\\\/\\\/store.microbiotech.dz\\\/index.php\\\/produit\\\/ph-metre-multiparametre-de-paillasse-adwa\\\/#primaryimage\",\"url\":\"https:\\\/\\\/store.microbiotech.dz\\\/wp-content\\\/uploads\\\/2023\\\/06\\\/ph-metre-multi-600x.png\",\"contentUrl\":\"https:\\\/\\\/store.microbiotech.dz\\\/wp-content\\\/uploads\\\/2023\\\/06\\\/ph-metre-multi-600x.png\",\"width\":600,\"height\":600,\"caption\":\"pH m\u00e8tre multiparam\u00e8tre de paillasse\"},{\"@type\":\"BreadcrumbList\",\"@id\":\"https:\\\/\\\/store.microbiotech.dz\\\/index.php\\\/produit\\\/ph-metre-multiparametre-de-paillasse-adwa\\\/#breadcrumb\",\"itemListElement\":[{\"@type\":\"ListItem\",\"position\":1,\"name\":\"Accueil\",\"item\":\"https:\\\/\\\/store.microbiotech.dz\\\/\"},{\"@type\":\"ListItem\",\"position\":2,\"name\":\"Nos Produits\",\"item\":\"https:\\\/\\\/store.microbiotech.dz\\\/index.php\\\/nos-produits\\\/\"},{\"@type\":\"ListItem\",\"position\":3,\"name\":\"pH m\u00e8tre multiparam\u00e8tre de paillasse ADWA\"}]},{\"@type\":\"WebSite\",\"@id\":\"https:\\\/\\\/store.microbiotech.dz\\\/#website\",\"url\":\"https:\\\/\\\/store.microbiotech.dz\\\/\",\"name\":\"La Boutique en ligne\",\"description\":\"Qualit\u00e9 - Rapidit\u00e9 - Tranquillit\u00e9\",\"publisher\":{\"@id\":\"https:\\\/\\\/store.microbiotech.dz\\\/#organization\"},\"potentialAction\":[{\"@type\":\"SearchAction\",\"target\":{\"@type\":\"EntryPoint\",\"urlTemplate\":\"https:\\\/\\\/store.microbiotech.dz\\\/?s={search_term_string}\"},\"query-input\":{\"@type\":\"PropertyValueSpecification\",\"valueRequired\":true,\"valueName\":\"search_term_string\"}}],\"inLanguage\":\"fr-FR\"},{\"@type\":\"Organization\",\"@id\":\"https:\\\/\\\/store.microbiotech.dz\\\/#organization\",\"name\":\"Microbiotech EURL\",\"url\":\"https:\\\/\\\/store.microbiotech.dz\\\/\",\"logo\":{\"@type\":\"ImageObject\",\"inLanguage\":\"fr-FR\",\"@id\":\"https:\\\/\\\/store.microbiotech.dz\\\/#\\\/schema\\\/logo\\\/image\\\/\",\"url\":\"https:\\\/\\\/store.microbiotech.dz\\\/wp-content\\\/uploads\\\/2021\\\/09\\\/cropped-logo-microbiotech-2.jpg\",\"contentUrl\":\"https:\\\/\\\/store.microbiotech.dz\\\/wp-content\\\/uploads\\\/2021\\\/09\\\/cropped-logo-microbiotech-2.jpg\",\"width\":815,\"height\":586,\"caption\":\"Microbiotech EURL\"},\"image\":{\"@id\":\"https:\\\/\\\/store.microbiotech.dz\\\/#\\\/schema\\\/logo\\\/image\\\/\"},\"sameAs\":[\"https:\\\/\\\/www.facebook.com\\\/MicroBiotech.dz\",\"https:\\\/\\\/x.com\\\/MicrobiotechD\",\"https:\\\/\\\/www.linkedin.com\\\/in\\\/microbiotech\\\/\",\"https:\\\/\\\/www.youtube.com\\\/channel\\\/UCTxc3VIiX7LXD2LQYfZEcDg\"]}]}<\/script>\n<!-- \/ Yoast SEO plugin. -->","yoast_head_json":{"title":"pH m\u00e8tre multiparam\u00e8tre de paillasse ADWA - La Boutique en ligne","description":"pH m\u00e8tre multiparam\u00e8tre de paillasse ADWA de haute qualit\u00e9 et tr\u00e8s facile \u00e0 utiliser, peu encombrant, pratique et fiable. Le tout \u00e0 bon prix.","robots":{"index":"index","follow":"follow","max-snippet":"max-snippet:-1","max-image-preview":"max-image-preview:large","max-video-preview":"max-video-preview:-1"},"canonical":"https:\/\/store.microbiotech.dz\/index.php\/produit\/ph-metre-multiparametre-de-paillasse-adwa\/","og_locale":"fr_FR","og_type":"article","og_title":"pH m\u00e8tre multiparam\u00e8tre de paillasse ADWA - La Boutique en ligne","og_description":"pH m\u00e8tre multiparam\u00e8tre de paillasse ADWA de haute qualit\u00e9 et tr\u00e8s facile \u00e0 utiliser, peu encombrant, pratique et fiable. Le tout \u00e0 bon prix.","og_url":"https:\/\/store.microbiotech.dz\/index.php\/produit\/ph-metre-multiparametre-de-paillasse-adwa\/","og_site_name":"La Boutique en ligne","article_publisher":"https:\/\/www.facebook.com\/MicroBiotech.dz","article_modified_time":"2026-04-27T09:26:35+00:00","og_image":[{"width":600,"height":600,"url":"https:\/\/store.microbiotech.dz\/wp-content\/uploads\/2023\/06\/ph-metre-multi-600x.png","type":"image\/png"}],"twitter_card":"summary_large_image","twitter_site":"@MicrobiotechD","twitter_misc":{"Dur\u00e9e de lecture estim\u00e9e":"1 minute"},"schema":{"@context":"https:\/\/schema.org","@graph":[{"@type":"WebPage","@id":"https:\/\/store.microbiotech.dz\/index.php\/produit\/ph-metre-multiparametre-de-paillasse-adwa\/","url":"https:\/\/store.microbiotech.dz\/index.php\/produit\/ph-metre-multiparametre-de-paillasse-adwa\/","name":"pH m\u00e8tre multiparam\u00e8tre de paillasse ADWA - La Boutique en ligne","isPartOf":{"@id":"https:\/\/store.microbiotech.dz\/#website"},"primaryImageOfPage":{"@id":"https:\/\/store.microbiotech.dz\/index.php\/produit\/ph-metre-multiparametre-de-paillasse-adwa\/#primaryimage"},"image":{"@id":"https:\/\/store.microbiotech.dz\/index.php\/produit\/ph-metre-multiparametre-de-paillasse-adwa\/#primaryimage"},"thumbnailUrl":"https:\/\/store.microbiotech.dz\/wp-content\/uploads\/2023\/06\/ph-metre-multi-600x.png","datePublished":"2023-06-12T09:59:25+00:00","dateModified":"2026-04-27T09:26:35+00:00","description":"pH m\u00e8tre multiparam\u00e8tre de paillasse ADWA de haute qualit\u00e9 et tr\u00e8s facile \u00e0 utiliser, peu encombrant, pratique et fiable. Le tout \u00e0 bon prix.","breadcrumb":{"@id":"https:\/\/store.microbiotech.dz\/index.php\/produit\/ph-metre-multiparametre-de-paillasse-adwa\/#breadcrumb"},"inLanguage":"fr-FR","potentialAction":[{"@type":"ReadAction","target":["https:\/\/store.microbiotech.dz\/index.php\/produit\/ph-metre-multiparametre-de-paillasse-adwa\/"]}]},{"@type":"ImageObject","inLanguage":"fr-FR","@id":"https:\/\/store.microbiotech.dz\/index.php\/produit\/ph-metre-multiparametre-de-paillasse-adwa\/#primaryimage","url":"https:\/\/store.microbiotech.dz\/wp-content\/uploads\/2023\/06\/ph-metre-multi-600x.png","contentUrl":"https:\/\/store.microbiotech.dz\/wp-content\/uploads\/2023\/06\/ph-metre-multi-600x.png","width":600,"height":600,"caption":"pH m\u00e8tre multiparam\u00e8tre de paillasse"},{"@type":"BreadcrumbList","@id":"https:\/\/store.microbiotech.dz\/index.php\/produit\/ph-metre-multiparametre-de-paillasse-adwa\/#breadcrumb","itemListElement":[{"@type":"ListItem","position":1,"name":"Accueil","item":"https:\/\/store.microbiotech.dz\/"},{"@type":"ListItem","position":2,"name":"Nos Produits","item":"https:\/\/store.microbiotech.dz\/index.php\/nos-produits\/"},{"@type":"ListItem","position":3,"name":"pH m\u00e8tre multiparam\u00e8tre de paillasse ADWA"}]},{"@type":"WebSite","@id":"https:\/\/store.microbiotech.dz\/#website","url":"https:\/\/store.microbiotech.dz\/","name":"La Boutique en ligne","description":"Qualit\u00e9 - Rapidit\u00e9 - Tranquillit\u00e9","publisher":{"@id":"https:\/\/store.microbiotech.dz\/#organization"},"potentialAction":[{"@type":"SearchAction","target":{"@type":"EntryPoint","urlTemplate":"https:\/\/store.microbiotech.dz\/?s={search_term_string}"},"query-input":{"@type":"PropertyValueSpecification","valueRequired":true,"valueName":"search_term_string"}}],"inLanguage":"fr-FR"},{"@type":"Organization","@id":"https:\/\/store.microbiotech.dz\/#organization","name":"Microbiotech EURL","url":"https:\/\/store.microbiotech.dz\/","logo":{"@type":"ImageObject","inLanguage":"fr-FR","@id":"https:\/\/store.microbiotech.dz\/#\/schema\/logo\/image\/","url":"https:\/\/store.microbiotech.dz\/wp-content\/uploads\/2021\/09\/cropped-logo-microbiotech-2.jpg","contentUrl":"https:\/\/store.microbiotech.dz\/wp-content\/uploads\/2021\/09\/cropped-logo-microbiotech-2.jpg","width":815,"height":586,"caption":"Microbiotech EURL"},"image":{"@id":"https:\/\/store.microbiotech.dz\/#\/schema\/logo\/image\/"},"sameAs":["https:\/\/www.facebook.com\/MicroBiotech.dz","https:\/\/x.com\/MicrobiotechD","https:\/\/www.linkedin.com\/in\/microbiotech\/","https:\/\/www.youtube.com\/channel\/UCTxc3VIiX7LXD2LQYfZEcDg"]}]}},"jetpack_sharing_enabled":true,"_links":{"self":[{"href":"https:\/\/store.microbiotech.dz\/index.php\/wp-json\/wp\/v2\/product\/4715","targetHints":{"allow":["GET"]}}],"collection":[{"href":"https:\/\/store.microbiotech.dz\/index.php\/wp-json\/wp\/v2\/product"}],"about":[{"href":"https:\/\/store.microbiotech.dz\/index.php\/wp-json\/wp\/v2\/types\/product"}],"replies":[{"embeddable":true,"href":"https:\/\/store.microbiotech.dz\/index.php\/wp-json\/wp\/v2\/comments?post=4715"}],"wp:featuredmedia":[{"embeddable":true,"href":"https:\/\/store.microbiotech.dz\/index.php\/wp-json\/wp\/v2\/media\/4716"}],"wp:attachment":[{"href":"https:\/\/store.microbiotech.dz\/index.php\/wp-json\/wp\/v2\/media?parent=4715"}],"wp:term":[{"taxonomy":"product_brand","embeddable":true,"href":"https:\/\/store.microbiotech.dz\/index.php\/wp-json\/wp\/v2\/product_brand?post=4715"},{"taxonomy":"product_cat","embeddable":true,"href":"https:\/\/store.microbiotech.dz\/index.php\/wp-json\/wp\/v2\/product_cat?post=4715"},{"taxonomy":"product_tag","embeddable":true,"href":"https:\/\/store.microbiotech.dz\/index.php\/wp-json\/wp\/v2\/product_tag?post=4715"}],"curies":[{"name":"wp","href":"https:\/\/api.w.org\/{rel}","templated":true}]}}