{"id":4603,"date":"2023-06-05T11:34:02","date_gmt":"2023-06-05T10:34:02","guid":{"rendered":"https:\/\/store.microbiotech.dz\/?post_type=product&#038;p=4603"},"modified":"2023-12-21T14:32:11","modified_gmt":"2023-12-21T13:32:11","slug":"bouillon-uree-indole-500-g-condalab","status":"publish","type":"product","link":"https:\/\/store.microbiotech.dz\/index.php\/produit\/bouillon-uree-indole-500-g-condalab\/","title":{"rendered":"Bouillon ur\u00e9e indole 500 g CONDALAB"},"content":{"rendered":"<div class=\"product-header\">\n<div class=\"container\">\n<div id=\"product-description-short-999\" class=\"product-description\"><a href=\"https:\/\/store.microbiotech.dz\/index.php\/categorie-produit\/milieux-de-cultures\/bouillons\/\" target=\"_blank\" rel=\"noopener\">Bouillon<\/a> ur\u00e9e indole 500 g <a href=\"https:\/\/www.condalab.com\/int\/en\/3-products\" target=\"_blank\" rel=\"noopener\">CONDALAB<\/a> pour la diff\u00e9renciation des ent\u00e9robact\u00e9ries sur la base de la production d&rsquo;ur\u00e9ase et d&rsquo;indole et de la transd\u00e9samination du tryphophan (TDA).<\/div>\n<\/div>\n<\/div>\n<div class=\"row\">\n<div class=\"col-xs-12\">\n<div class=\"product-information mt-2\">\n<section class=\"product-features mb-1\">\n<div class=\"row\">\n<div class=\"col-sm-4 col-xs-12 data-sheet\"><\/div>\n<\/div>\n<\/section>\n<\/div>\n<\/div>\n<\/div>\n","protected":false},"excerpt":{"rendered":"<p>&nbsp;<\/p>\n<p>Marque:\u00a0<strong>CONDALAB\u00a0<img loading=\"lazy\" decoding=\"async\" class=\"alignnone wp-image-1646 ls-is-cached lazyloaded\" src=\"https:\/\/store.microbiotech.dz\/wp-content\/uploads\/2022\/04\/303531-P7SCNR-893-300x291.jpg\" alt=\"\" width=\"38\" height=\"37\" data-srcset=\"https:\/\/store.microbiotech.dz\/wp-content\/uploads\/2022\/04\/303531-P7SCNR-893-300x300.jpg 300w, https:\/\/store.microbiotech.dz\/wp-content\/uploads\/2022\/04\/303531-P7SCNR-893-1024x995.jpg 1024w, https:\/\/store.microbiotech.dz\/wp-content\/uploads\/2022\/04\/303531-P7SCNR-893-150x150.jpg 150w, https:\/\/store.microbiotech.dz\/wp-content\/uploads\/2022\/04\/303531-P7SCNR-893-768x746.jpg 768w, https:\/\/store.microbiotech.dz\/wp-content\/uploads\/2022\/04\/303531-P7SCNR-893-1536x1492.jpg 1536w, https:\/\/store.microbiotech.dz\/wp-content\/uploads\/2022\/04\/303531-P7SCNR-893-1320x1282.jpg 1320w, https:\/\/store.microbiotech.dz\/wp-content\/uploads\/2022\/04\/303531-P7SCNR-893-600x583.jpg 600w, https:\/\/store.microbiotech.dz\/wp-content\/uploads\/2022\/04\/303531-P7SCNR-893-100x100.jpg 100w, https:\/\/store.microbiotech.dz\/wp-content\/uploads\/2022\/04\/303531-P7SCNR-893.jpg 1541w\" data-src=\"https:\/\/store.microbiotech.dz\/wp-content\/uploads\/2022\/04\/303531-P7SCNR-893-300x291.jpg\" data-sizes=\"(max-width: 38px) 100vw, 38px\" srcset=\"https:\/\/store.microbiotech.dz\/wp-content\/uploads\/2022\/04\/303531-P7SCNR-893-300x300.jpg 300w, https:\/\/store.microbiotech.dz\/wp-content\/uploads\/2022\/04\/303531-P7SCNR-893-1024x995.jpg 1024w, https:\/\/store.microbiotech.dz\/wp-content\/uploads\/2022\/04\/303531-P7SCNR-893-150x150.jpg 150w, https:\/\/store.microbiotech.dz\/wp-content\/uploads\/2022\/04\/303531-P7SCNR-893-768x746.jpg 768w, https:\/\/store.microbiotech.dz\/wp-content\/uploads\/2022\/04\/303531-P7SCNR-893-1536x1492.jpg 1536w, https:\/\/store.microbiotech.dz\/wp-content\/uploads\/2022\/04\/303531-P7SCNR-893-1320x1282.jpg 1320w, https:\/\/store.microbiotech.dz\/wp-content\/uploads\/2022\/04\/303531-P7SCNR-893-600x583.jpg 600w, https:\/\/store.microbiotech.dz\/wp-content\/uploads\/2022\/04\/303531-P7SCNR-893-100x100.jpg 100w, https:\/\/store.microbiotech.dz\/wp-content\/uploads\/2022\/04\/303531-P7SCNR-893.jpg 1541w\" sizes=\"auto, (max-width: 38px) 100vw, 38px\" \/><\/strong><\/p>\n<p>Date de p\u00e9remption:\u00a0<strong>09-2024<\/strong><\/p>\n<p><strong><a href=\"https:\/\/store.microbiotech.dz\/wp-content\/uploads\/2023\/06\/uree-indole.pdf\">fiche technique<\/a><a href=\"https:\/\/www.condalab.com\/int\/en\/index.php?controller=attachment&amp;id_attachment=23914\" target=\"_blank\" rel=\"noopener\"><img loading=\"lazy\" decoding=\"async\" class=\"alignnone wp-image-1877 ls-is-cached lazyloaded\" src=\"https:\/\/store.microbiotech.dz\/wp-content\/uploads\/2022\/04\/CONDALAB-LOGO-300x117.png\" alt=\"\" width=\"165\" height=\"62\" data-src=\"https:\/\/store.microbiotech.dz\/wp-content\/uploads\/2022\/04\/CONDALAB-LOGO-300x117.png\" \/><\/a><\/strong><\/p>\n","protected":false},"featured_media":1595,"comment_status":"open","ping_status":"closed","template":"","meta":{"site-sidebar-layout":"default","site-content-layout":"default","ast-site-content-layout":"default","site-content-style":"default","site-sidebar-style":"default","ast-global-header-display":"","ast-banner-title-visibility":"","ast-main-header-display":"","ast-hfb-above-header-display":"","ast-hfb-below-header-display":"","ast-hfb-mobile-header-display":"","site-post-title":"","ast-breadcrumbs-content":"","ast-featured-img":"","footer-sml-layout":"","ast-disable-related-posts":"","theme-transparent-header-meta":"default","adv-header-id-meta":"","stick-header-meta":"","header-above-stick-meta":"","header-main-stick-meta":"","header-below-stick-meta":"","astra-migrate-meta-layouts":"set","ast-page-background-enabled":"default","ast-page-background-meta":{"desktop":{"background-color":"var(--ast-global-color-4)","background-image":"","background-repeat":"repeat","background-position":"center center","background-size":"auto","background-attachment":"scroll","background-type":"","background-media":"","overlay-type":"","overlay-color":"","overlay-opacity":"","overlay-gradient":""},"tablet":{"background-color":"","background-image":"","background-repeat":"repeat","background-position":"center center","background-size":"auto","background-attachment":"scroll","background-type":"","background-media":"","overlay-type":"","overlay-color":"","overlay-opacity":"","overlay-gradient":""},"mobile":{"background-color":"","background-image":"","background-repeat":"repeat","background-position":"center center","background-size":"auto","background-attachment":"scroll","background-type":"","background-media":"","overlay-type":"","overlay-color":"","overlay-opacity":"","overlay-gradient":""}},"ast-content-background-meta":{"desktop":{"background-color":"var(--ast-global-color-5)","background-image":"","background-repeat":"repeat","background-position":"center center","background-size":"auto","background-attachment":"scroll","background-type":"","background-media":"","overlay-type":"","overlay-color":"","overlay-opacity":"","overlay-gradient":""},"tablet":{"background-color":"var(--ast-global-color-5)","background-image":"","background-repeat":"repeat","background-position":"center center","background-size":"auto","background-attachment":"scroll","background-type":"","background-media":"","overlay-type":"","overlay-color":"","overlay-opacity":"","overlay-gradient":""},"mobile":{"background-color":"var(--ast-global-color-5)","background-image":"","background-repeat":"repeat","background-position":"center center","background-size":"auto","background-attachment":"scroll","background-type":"","background-media":"","overlay-type":"","overlay-color":"","overlay-opacity":"","overlay-gradient":""}},"jetpack_post_was_ever_published":false},"product_brand":[],"product_cat":[29,81,26],"product_tag":[670,1234,758,1241,70],"class_list":{"0":"post-4603","1":"product","2":"type-product","3":"status-publish","4":"has-post-thumbnail","6":"product_cat-bouillons","7":"product_cat-bouillons-deshydrates","8":"product_cat-milieux-de-cultures","9":"product_tag-condalab","10":"product_tag-f24","11":"product_tag-indole","12":"product_tag-uree","13":"product_tag-uree-indole","14":"product_shipping_class-temperature-ambiante","15":"desktop-align-center","16":"tablet-align-left","17":"mobile-align-left","19":"first","20":"outofstock","21":"taxable","22":"shipping-taxable","23":"purchasable","24":"product-type-simple"},"yoast_head":"<!-- This site is optimized with the Yoast SEO plugin v27.4 - https:\/\/yoast.com\/product\/yoast-seo-wordpress\/ -->\n<title>Bouillon ur\u00e9e indole 500 g CONDALAB - La Boutique en ligne<\/title>\n<meta name=\"description\" content=\"Bouillon ur\u00e9e indole 500 g CONDALAB pour la diff\u00e9renciation des ent\u00e9robact\u00e9ries sur la base de la production d&#039;ur\u00e9ase et d&#039;indole.\" \/>\n<meta name=\"robots\" content=\"index, follow, max-snippet:-1, max-image-preview:large, max-video-preview:-1\" \/>\n<link rel=\"canonical\" href=\"https:\/\/store.microbiotech.dz\/index.php\/produit\/bouillon-uree-indole-500-g-condalab\/\" \/>\n<meta property=\"og:locale\" content=\"fr_FR\" \/>\n<meta property=\"og:type\" content=\"article\" \/>\n<meta property=\"og:title\" content=\"Bouillon ur\u00e9e indole 500 g CONDALAB - La Boutique en ligne\" \/>\n<meta property=\"og:description\" content=\"Bouillon ur\u00e9e indole 500 g CONDALAB pour la diff\u00e9renciation des ent\u00e9robact\u00e9ries sur la base de la production d&#039;ur\u00e9ase et d&#039;indole.\" \/>\n<meta property=\"og:url\" content=\"https:\/\/store.microbiotech.dz\/index.php\/produit\/bouillon-uree-indole-500-g-condalab\/\" \/>\n<meta property=\"og:site_name\" content=\"La Boutique en ligne\" \/>\n<meta property=\"article:publisher\" content=\"https:\/\/www.facebook.com\/MicroBiotech.dz\" \/>\n<meta property=\"article:modified_time\" content=\"2023-12-21T13:32:11+00:00\" \/>\n<meta property=\"og:image\" content=\"https:\/\/store.microbiotech.dz\/wp-content\/uploads\/2022\/03\/71568455_491874218260672_6658475279159132160_n.jpg\" \/>\n\t<meta property=\"og:image:width\" content=\"422\" \/>\n\t<meta property=\"og:image:height\" content=\"255\" \/>\n\t<meta property=\"og:image:type\" content=\"image\/jpeg\" \/>\n<meta name=\"twitter:card\" content=\"summary_large_image\" \/>\n<meta name=\"twitter:site\" content=\"@MicrobiotechD\" \/>\n<script type=\"application\/ld+json\" class=\"yoast-schema-graph\">{\"@context\":\"https:\\\/\\\/schema.org\",\"@graph\":[{\"@type\":\"WebPage\",\"@id\":\"https:\\\/\\\/store.microbiotech.dz\\\/index.php\\\/produit\\\/bouillon-uree-indole-500-g-condalab\\\/\",\"url\":\"https:\\\/\\\/store.microbiotech.dz\\\/index.php\\\/produit\\\/bouillon-uree-indole-500-g-condalab\\\/\",\"name\":\"Bouillon ur\u00e9e indole 500 g CONDALAB - La Boutique en ligne\",\"isPartOf\":{\"@id\":\"https:\\\/\\\/store.microbiotech.dz\\\/#website\"},\"primaryImageOfPage\":{\"@id\":\"https:\\\/\\\/store.microbiotech.dz\\\/index.php\\\/produit\\\/bouillon-uree-indole-500-g-condalab\\\/#primaryimage\"},\"image\":{\"@id\":\"https:\\\/\\\/store.microbiotech.dz\\\/index.php\\\/produit\\\/bouillon-uree-indole-500-g-condalab\\\/#primaryimage\"},\"thumbnailUrl\":\"https:\\\/\\\/store.microbiotech.dz\\\/wp-content\\\/uploads\\\/2022\\\/03\\\/71568455_491874218260672_6658475279159132160_n.jpg\",\"datePublished\":\"2023-06-05T10:34:02+00:00\",\"dateModified\":\"2023-12-21T13:32:11+00:00\",\"description\":\"Bouillon ur\u00e9e indole 500 g CONDALAB pour la diff\u00e9renciation des ent\u00e9robact\u00e9ries sur la base de la production d'ur\u00e9ase et d'indole.\",\"breadcrumb\":{\"@id\":\"https:\\\/\\\/store.microbiotech.dz\\\/index.php\\\/produit\\\/bouillon-uree-indole-500-g-condalab\\\/#breadcrumb\"},\"inLanguage\":\"fr-FR\",\"potentialAction\":[{\"@type\":\"ReadAction\",\"target\":[\"https:\\\/\\\/store.microbiotech.dz\\\/index.php\\\/produit\\\/bouillon-uree-indole-500-g-condalab\\\/\"]}]},{\"@type\":\"ImageObject\",\"inLanguage\":\"fr-FR\",\"@id\":\"https:\\\/\\\/store.microbiotech.dz\\\/index.php\\\/produit\\\/bouillon-uree-indole-500-g-condalab\\\/#primaryimage\",\"url\":\"https:\\\/\\\/store.microbiotech.dz\\\/wp-content\\\/uploads\\\/2022\\\/03\\\/71568455_491874218260672_6658475279159132160_n.jpg\",\"contentUrl\":\"https:\\\/\\\/store.microbiotech.dz\\\/wp-content\\\/uploads\\\/2022\\\/03\\\/71568455_491874218260672_6658475279159132160_n.jpg\",\"width\":422,\"height\":255,\"caption\":\"Bouillon Muller Kauffmann base CONDA 500 g\"},{\"@type\":\"BreadcrumbList\",\"@id\":\"https:\\\/\\\/store.microbiotech.dz\\\/index.php\\\/produit\\\/bouillon-uree-indole-500-g-condalab\\\/#breadcrumb\",\"itemListElement\":[{\"@type\":\"ListItem\",\"position\":1,\"name\":\"Accueil\",\"item\":\"https:\\\/\\\/store.microbiotech.dz\\\/\"},{\"@type\":\"ListItem\",\"position\":2,\"name\":\"Nos Produits\",\"item\":\"https:\\\/\\\/store.microbiotech.dz\\\/index.php\\\/nos-produits\\\/\"},{\"@type\":\"ListItem\",\"position\":3,\"name\":\"Bouillon ur\u00e9e indole 500 g CONDALAB\"}]},{\"@type\":\"WebSite\",\"@id\":\"https:\\\/\\\/store.microbiotech.dz\\\/#website\",\"url\":\"https:\\\/\\\/store.microbiotech.dz\\\/\",\"name\":\"La Boutique en ligne\",\"description\":\"Qualit\u00e9 - Rapidit\u00e9 - Tranquillit\u00e9\",\"publisher\":{\"@id\":\"https:\\\/\\\/store.microbiotech.dz\\\/#organization\"},\"potentialAction\":[{\"@type\":\"SearchAction\",\"target\":{\"@type\":\"EntryPoint\",\"urlTemplate\":\"https:\\\/\\\/store.microbiotech.dz\\\/?s={search_term_string}\"},\"query-input\":{\"@type\":\"PropertyValueSpecification\",\"valueRequired\":true,\"valueName\":\"search_term_string\"}}],\"inLanguage\":\"fr-FR\"},{\"@type\":\"Organization\",\"@id\":\"https:\\\/\\\/store.microbiotech.dz\\\/#organization\",\"name\":\"Microbiotech EURL\",\"url\":\"https:\\\/\\\/store.microbiotech.dz\\\/\",\"logo\":{\"@type\":\"ImageObject\",\"inLanguage\":\"fr-FR\",\"@id\":\"https:\\\/\\\/store.microbiotech.dz\\\/#\\\/schema\\\/logo\\\/image\\\/\",\"url\":\"https:\\\/\\\/store.microbiotech.dz\\\/wp-content\\\/uploads\\\/2021\\\/09\\\/cropped-logo-microbiotech-2.jpg\",\"contentUrl\":\"https:\\\/\\\/store.microbiotech.dz\\\/wp-content\\\/uploads\\\/2021\\\/09\\\/cropped-logo-microbiotech-2.jpg\",\"width\":815,\"height\":586,\"caption\":\"Microbiotech EURL\"},\"image\":{\"@id\":\"https:\\\/\\\/store.microbiotech.dz\\\/#\\\/schema\\\/logo\\\/image\\\/\"},\"sameAs\":[\"https:\\\/\\\/www.facebook.com\\\/MicroBiotech.dz\",\"https:\\\/\\\/x.com\\\/MicrobiotechD\",\"https:\\\/\\\/www.linkedin.com\\\/in\\\/microbiotech\\\/\",\"https:\\\/\\\/www.youtube.com\\\/channel\\\/UCTxc3VIiX7LXD2LQYfZEcDg\"]}]}<\/script>\n<!-- \/ Yoast SEO plugin. -->","yoast_head_json":{"title":"Bouillon ur\u00e9e indole 500 g CONDALAB - La Boutique en ligne","description":"Bouillon ur\u00e9e indole 500 g CONDALAB pour la diff\u00e9renciation des ent\u00e9robact\u00e9ries sur la base de la production d'ur\u00e9ase et d'indole.","robots":{"index":"index","follow":"follow","max-snippet":"max-snippet:-1","max-image-preview":"max-image-preview:large","max-video-preview":"max-video-preview:-1"},"canonical":"https:\/\/store.microbiotech.dz\/index.php\/produit\/bouillon-uree-indole-500-g-condalab\/","og_locale":"fr_FR","og_type":"article","og_title":"Bouillon ur\u00e9e indole 500 g CONDALAB - La Boutique en ligne","og_description":"Bouillon ur\u00e9e indole 500 g CONDALAB pour la diff\u00e9renciation des ent\u00e9robact\u00e9ries sur la base de la production d'ur\u00e9ase et d'indole.","og_url":"https:\/\/store.microbiotech.dz\/index.php\/produit\/bouillon-uree-indole-500-g-condalab\/","og_site_name":"La Boutique en ligne","article_publisher":"https:\/\/www.facebook.com\/MicroBiotech.dz","article_modified_time":"2023-12-21T13:32:11+00:00","og_image":[{"width":422,"height":255,"url":"https:\/\/store.microbiotech.dz\/wp-content\/uploads\/2022\/03\/71568455_491874218260672_6658475279159132160_n.jpg","type":"image\/jpeg"}],"twitter_card":"summary_large_image","twitter_site":"@MicrobiotechD","schema":{"@context":"https:\/\/schema.org","@graph":[{"@type":"WebPage","@id":"https:\/\/store.microbiotech.dz\/index.php\/produit\/bouillon-uree-indole-500-g-condalab\/","url":"https:\/\/store.microbiotech.dz\/index.php\/produit\/bouillon-uree-indole-500-g-condalab\/","name":"Bouillon ur\u00e9e indole 500 g CONDALAB - La Boutique en ligne","isPartOf":{"@id":"https:\/\/store.microbiotech.dz\/#website"},"primaryImageOfPage":{"@id":"https:\/\/store.microbiotech.dz\/index.php\/produit\/bouillon-uree-indole-500-g-condalab\/#primaryimage"},"image":{"@id":"https:\/\/store.microbiotech.dz\/index.php\/produit\/bouillon-uree-indole-500-g-condalab\/#primaryimage"},"thumbnailUrl":"https:\/\/store.microbiotech.dz\/wp-content\/uploads\/2022\/03\/71568455_491874218260672_6658475279159132160_n.jpg","datePublished":"2023-06-05T10:34:02+00:00","dateModified":"2023-12-21T13:32:11+00:00","description":"Bouillon ur\u00e9e indole 500 g CONDALAB pour la diff\u00e9renciation des ent\u00e9robact\u00e9ries sur la base de la production d'ur\u00e9ase et d'indole.","breadcrumb":{"@id":"https:\/\/store.microbiotech.dz\/index.php\/produit\/bouillon-uree-indole-500-g-condalab\/#breadcrumb"},"inLanguage":"fr-FR","potentialAction":[{"@type":"ReadAction","target":["https:\/\/store.microbiotech.dz\/index.php\/produit\/bouillon-uree-indole-500-g-condalab\/"]}]},{"@type":"ImageObject","inLanguage":"fr-FR","@id":"https:\/\/store.microbiotech.dz\/index.php\/produit\/bouillon-uree-indole-500-g-condalab\/#primaryimage","url":"https:\/\/store.microbiotech.dz\/wp-content\/uploads\/2022\/03\/71568455_491874218260672_6658475279159132160_n.jpg","contentUrl":"https:\/\/store.microbiotech.dz\/wp-content\/uploads\/2022\/03\/71568455_491874218260672_6658475279159132160_n.jpg","width":422,"height":255,"caption":"Bouillon Muller Kauffmann base CONDA 500 g"},{"@type":"BreadcrumbList","@id":"https:\/\/store.microbiotech.dz\/index.php\/produit\/bouillon-uree-indole-500-g-condalab\/#breadcrumb","itemListElement":[{"@type":"ListItem","position":1,"name":"Accueil","item":"https:\/\/store.microbiotech.dz\/"},{"@type":"ListItem","position":2,"name":"Nos Produits","item":"https:\/\/store.microbiotech.dz\/index.php\/nos-produits\/"},{"@type":"ListItem","position":3,"name":"Bouillon ur\u00e9e indole 500 g CONDALAB"}]},{"@type":"WebSite","@id":"https:\/\/store.microbiotech.dz\/#website","url":"https:\/\/store.microbiotech.dz\/","name":"La Boutique en ligne","description":"Qualit\u00e9 - Rapidit\u00e9 - Tranquillit\u00e9","publisher":{"@id":"https:\/\/store.microbiotech.dz\/#organization"},"potentialAction":[{"@type":"SearchAction","target":{"@type":"EntryPoint","urlTemplate":"https:\/\/store.microbiotech.dz\/?s={search_term_string}"},"query-input":{"@type":"PropertyValueSpecification","valueRequired":true,"valueName":"search_term_string"}}],"inLanguage":"fr-FR"},{"@type":"Organization","@id":"https:\/\/store.microbiotech.dz\/#organization","name":"Microbiotech EURL","url":"https:\/\/store.microbiotech.dz\/","logo":{"@type":"ImageObject","inLanguage":"fr-FR","@id":"https:\/\/store.microbiotech.dz\/#\/schema\/logo\/image\/","url":"https:\/\/store.microbiotech.dz\/wp-content\/uploads\/2021\/09\/cropped-logo-microbiotech-2.jpg","contentUrl":"https:\/\/store.microbiotech.dz\/wp-content\/uploads\/2021\/09\/cropped-logo-microbiotech-2.jpg","width":815,"height":586,"caption":"Microbiotech EURL"},"image":{"@id":"https:\/\/store.microbiotech.dz\/#\/schema\/logo\/image\/"},"sameAs":["https:\/\/www.facebook.com\/MicroBiotech.dz","https:\/\/x.com\/MicrobiotechD","https:\/\/www.linkedin.com\/in\/microbiotech\/","https:\/\/www.youtube.com\/channel\/UCTxc3VIiX7LXD2LQYfZEcDg"]}]}},"jetpack_sharing_enabled":true,"_links":{"self":[{"href":"https:\/\/store.microbiotech.dz\/index.php\/wp-json\/wp\/v2\/product\/4603","targetHints":{"allow":["GET"]}}],"collection":[{"href":"https:\/\/store.microbiotech.dz\/index.php\/wp-json\/wp\/v2\/product"}],"about":[{"href":"https:\/\/store.microbiotech.dz\/index.php\/wp-json\/wp\/v2\/types\/product"}],"replies":[{"embeddable":true,"href":"https:\/\/store.microbiotech.dz\/index.php\/wp-json\/wp\/v2\/comments?post=4603"}],"wp:featuredmedia":[{"embeddable":true,"href":"https:\/\/store.microbiotech.dz\/index.php\/wp-json\/wp\/v2\/media\/1595"}],"wp:attachment":[{"href":"https:\/\/store.microbiotech.dz\/index.php\/wp-json\/wp\/v2\/media?parent=4603"}],"wp:term":[{"taxonomy":"product_brand","embeddable":true,"href":"https:\/\/store.microbiotech.dz\/index.php\/wp-json\/wp\/v2\/product_brand?post=4603"},{"taxonomy":"product_cat","embeddable":true,"href":"https:\/\/store.microbiotech.dz\/index.php\/wp-json\/wp\/v2\/product_cat?post=4603"},{"taxonomy":"product_tag","embeddable":true,"href":"https:\/\/store.microbiotech.dz\/index.php\/wp-json\/wp\/v2\/product_tag?post=4603"}],"curies":[{"name":"wp","href":"https:\/\/api.w.org\/{rel}","templated":true}]}}