{"id":4267,"date":"2023-05-23T10:49:41","date_gmt":"2023-05-23T09:49:41","guid":{"rendered":"https:\/\/store.microbiotech.dz\/?post_type=product&#038;p=4267"},"modified":"2023-05-23T10:49:42","modified_gmt":"2023-05-23T09:49:42","slug":"centrifugeuse-de-paillasse-220v-cypress","status":"publish","type":"product","link":"https:\/\/store.microbiotech.dz\/index.php\/produit\/centrifugeuse-de-paillasse-220v-cypress\/","title":{"rendered":"Centrifugeuse de paillasse 220V CYPRESS"},"content":{"rendered":"<p>La <a href=\"https:\/\/store.microbiotech.dz\/?s=centrifugeuse\" target=\"_blank\" rel=\"noopener\">Centrifugeuse<\/a> de paillasse 220V <a href=\"https:\/\/diagnostics.be\/fr\/\" target=\"_blank\" rel=\"noopener\">CYPRESS<\/a> pour petits laboratoires. Destin\u00e9e \u00e0 des charges de travail allant jusqu&rsquo;\u00e0 25 heures par semaine. Cette Centrifugeuse de paillasse 220V CYPRESS offre aussi un r\u00e9glage num\u00e9rique de la vitesse et du temps.<br \/>\n\u2022 C&rsquo;est un instrument s\u00fbr, silencieux (p<span style=\"font-size: 16px; font-style: normal; font-weight: 400;\">resque sans vibration),<\/span><span style=\"font-size: 16px;\">\u00a0compact,\u00a0<\/span><span style=\"font-size: 16px; font-style: normal; font-weight: 400;\">robuste et durable<\/span><br \/>\n\u2022 Syst\u00e8me de freinage rapide permettant de gagner du temps<br \/>\n\u2022 Vitesse de contr\u00f4le variable<br \/>\n\u2022 Le syst\u00e8me d&rsquo;\u00e9quilibrage automatique prolonge la dur\u00e9e de vie du moteur et r\u00e9duit le bruit<br \/>\n\u2022 Verrouillage de s\u00e9curit\u00e9 pour emp\u00eacher l&rsquo;ouverture du couvercle pendant le fonctionnement<br \/>\n\u2022 Ouverture automatique du couvercle apr\u00e8s la fin du cycle<br \/>\n\u2022 Touche de fonction de centrifugation courte<\/p>\n","protected":false},"excerpt":{"rendered":"<p>&nbsp;<\/p>\n<p>Marque :\u00a0<strong>CYPRESS<\/strong>\u00a0<img loading=\"lazy\" decoding=\"async\" class=\"alignnone wp-image-4097 lazyloaded\" src=\"https:\/\/store.microbiotech.dz\/wp-content\/uploads\/2023\/05\/belgique.webp\" sizes=\"auto, (max-width: 38px) 100vw, 38px\" srcset=\"https:\/\/store.microbiotech.dz\/wp-content\/uploads\/2023\/05\/belgique.webp 200w, https:\/\/store.microbiotech.dz\/wp-content\/uploads\/2023\/05\/belgique-150x150.webp 150w, https:\/\/store.microbiotech.dz\/wp-content\/uploads\/2023\/05\/belgique-100x100.webp 100w\" alt=\"\" width=\"38\" height=\"38\" data-srcset=\"https:\/\/store.microbiotech.dz\/wp-content\/uploads\/2023\/05\/belgique.webp 200w, https:\/\/store.microbiotech.dz\/wp-content\/uploads\/2023\/05\/belgique-150x150.webp 150w, https:\/\/store.microbiotech.dz\/wp-content\/uploads\/2023\/05\/belgique-100x100.webp 100w\" data-src=\"https:\/\/store.microbiotech.dz\/wp-content\/uploads\/2023\/05\/belgique.webp\" data-sizes=\"(max-width: 38px) 100vw, 38px\" \/><br \/>\nVitesse : <strong>300 &#8211; 6000 tr\/min<\/strong><br \/>\nRotor : <strong>\u00e0 angle fixe de 45 \u00b0<\/strong><br \/>\nMinuterie : <strong>0 &#8211; 30 min par pas de 10 s<\/strong><br \/>\nAffichage : <strong>LED num\u00e9rique<\/strong> pour l&rsquo;heure et le r\u00e9gime<br \/>\n<span style=\"font-size: 16px; font-style: normal; font-weight: 400;\">Capacit\u00e9 : <\/span><strong>8 tubes<\/strong> de 5 \u00e0 15 ml<br \/>\nDimensions : 32 x 42 x 26 cm<br \/>\nPoids brut : 16 kg<br \/>\nAlimentation : <strong>220 V<\/strong> &#8211; 50\/60 Hz<\/p>\n","protected":false},"featured_media":4272,"comment_status":"open","ping_status":"closed","template":"","meta":{"site-sidebar-layout":"default","site-content-layout":"default","ast-site-content-layout":"default","site-content-style":"default","site-sidebar-style":"default","ast-global-header-display":"","ast-banner-title-visibility":"","ast-main-header-display":"","ast-hfb-above-header-display":"","ast-hfb-below-header-display":"","ast-hfb-mobile-header-display":"","site-post-title":"","ast-breadcrumbs-content":"","ast-featured-img":"","footer-sml-layout":"","ast-disable-related-posts":"","theme-transparent-header-meta":"default","adv-header-id-meta":"","stick-header-meta":"","header-above-stick-meta":"","header-main-stick-meta":"","header-below-stick-meta":"","astra-migrate-meta-layouts":"default","ast-page-background-enabled":"default","ast-page-background-meta":{"desktop":{"background-color":"var(--ast-global-color-4)","background-image":"","background-repeat":"repeat","background-position":"center center","background-size":"auto","background-attachment":"scroll","background-type":"","background-media":"","overlay-type":"","overlay-color":"","overlay-opacity":"","overlay-gradient":""},"tablet":{"background-color":"","background-image":"","background-repeat":"repeat","background-position":"center center","background-size":"auto","background-attachment":"scroll","background-type":"","background-media":"","overlay-type":"","overlay-color":"","overlay-opacity":"","overlay-gradient":""},"mobile":{"background-color":"","background-image":"","background-repeat":"repeat","background-position":"center center","background-size":"auto","background-attachment":"scroll","background-type":"","background-media":"","overlay-type":"","overlay-color":"","overlay-opacity":"","overlay-gradient":""}},"ast-content-background-meta":{"desktop":{"background-color":"var(--ast-global-color-5)","background-image":"","background-repeat":"repeat","background-position":"center center","background-size":"auto","background-attachment":"scroll","background-type":"","background-media":"","overlay-type":"","overlay-color":"","overlay-opacity":"","overlay-gradient":""},"tablet":{"background-color":"var(--ast-global-color-5)","background-image":"","background-repeat":"repeat","background-position":"center center","background-size":"auto","background-attachment":"scroll","background-type":"","background-media":"","overlay-type":"","overlay-color":"","overlay-opacity":"","overlay-gradient":""},"mobile":{"background-color":"var(--ast-global-color-5)","background-image":"","background-repeat":"repeat","background-position":"center center","background-size":"auto","background-attachment":"scroll","background-type":"","background-media":"","overlay-type":"","overlay-color":"","overlay-opacity":"","overlay-gradient":""}},"jetpack_post_was_ever_published":false},"product_brand":[],"product_cat":[238],"product_tag":[503,1167,1166],"class_list":{"0":"post-4267","1":"product","2":"type-product","3":"status-publish","4":"has-post-thumbnail","6":"product_cat-equipements","7":"product_tag-centrifugeuse","8":"product_tag-cypress","9":"product_tag-f100","10":"product_shipping_class-temperature-ambiante","11":"desktop-align-center","12":"tablet-align-left","13":"mobile-align-left","15":"first","16":"instock","17":"taxable","18":"shipping-taxable","19":"purchasable","20":"product-type-simple"},"yoast_head":"<!-- This site is optimized with the Yoast SEO plugin v27.4 - https:\/\/yoast.com\/product\/yoast-seo-wordpress\/ -->\n<title>Centrifugeuse de paillasse 220V CYPRESS - La Boutique en ligne<\/title>\n<meta name=\"description\" content=\"Centrifugeuse de paillasse 220V CYPRESS pour petits laboratoires. S\u00fbre, silencieuse (presque sans vibration),\u00a0compacte,\u00a0robuste et durable.\" \/>\n<meta name=\"robots\" content=\"index, follow, max-snippet:-1, max-image-preview:large, max-video-preview:-1\" \/>\n<link rel=\"canonical\" href=\"https:\/\/store.microbiotech.dz\/index.php\/produit\/centrifugeuse-de-paillasse-220v-cypress\/\" \/>\n<meta property=\"og:locale\" content=\"fr_FR\" \/>\n<meta property=\"og:type\" content=\"article\" \/>\n<meta property=\"og:title\" content=\"Centrifugeuse de paillasse 220V CYPRESS - La Boutique en ligne\" \/>\n<meta property=\"og:description\" content=\"Centrifugeuse de paillasse 220V CYPRESS pour petits laboratoires. S\u00fbre, silencieuse (presque sans vibration),\u00a0compacte,\u00a0robuste et durable.\" \/>\n<meta property=\"og:url\" content=\"https:\/\/store.microbiotech.dz\/index.php\/produit\/centrifugeuse-de-paillasse-220v-cypress\/\" \/>\n<meta property=\"og:site_name\" content=\"La Boutique en ligne\" \/>\n<meta property=\"article:publisher\" content=\"https:\/\/www.facebook.com\/MicroBiotech.dz\" \/>\n<meta property=\"article:modified_time\" content=\"2023-05-23T09:49:42+00:00\" \/>\n<meta property=\"og:image\" content=\"https:\/\/store.microbiotech.dz\/wp-content\/uploads\/2023\/05\/centrif600x.png\" \/>\n\t<meta property=\"og:image:width\" content=\"600\" \/>\n\t<meta property=\"og:image:height\" content=\"600\" \/>\n\t<meta property=\"og:image:type\" content=\"image\/png\" \/>\n<meta name=\"twitter:card\" content=\"summary_large_image\" \/>\n<meta name=\"twitter:site\" content=\"@MicrobiotechD\" \/>\n<meta name=\"twitter:label1\" content=\"Dur\u00e9e de lecture estim\u00e9e\" \/>\n\t<meta name=\"twitter:data1\" content=\"1 minute\" \/>\n<script type=\"application\/ld+json\" class=\"yoast-schema-graph\">{\"@context\":\"https:\\\/\\\/schema.org\",\"@graph\":[{\"@type\":\"WebPage\",\"@id\":\"https:\\\/\\\/store.microbiotech.dz\\\/index.php\\\/produit\\\/centrifugeuse-de-paillasse-220v-cypress\\\/\",\"url\":\"https:\\\/\\\/store.microbiotech.dz\\\/index.php\\\/produit\\\/centrifugeuse-de-paillasse-220v-cypress\\\/\",\"name\":\"Centrifugeuse de paillasse 220V CYPRESS - La Boutique en ligne\",\"isPartOf\":{\"@id\":\"https:\\\/\\\/store.microbiotech.dz\\\/#website\"},\"primaryImageOfPage\":{\"@id\":\"https:\\\/\\\/store.microbiotech.dz\\\/index.php\\\/produit\\\/centrifugeuse-de-paillasse-220v-cypress\\\/#primaryimage\"},\"image\":{\"@id\":\"https:\\\/\\\/store.microbiotech.dz\\\/index.php\\\/produit\\\/centrifugeuse-de-paillasse-220v-cypress\\\/#primaryimage\"},\"thumbnailUrl\":\"https:\\\/\\\/store.microbiotech.dz\\\/wp-content\\\/uploads\\\/2023\\\/05\\\/centrif600x.png\",\"datePublished\":\"2023-05-23T09:49:41+00:00\",\"dateModified\":\"2023-05-23T09:49:42+00:00\",\"description\":\"Centrifugeuse de paillasse 220V CYPRESS pour petits laboratoires. S\u00fbre, silencieuse (presque sans vibration),\u00a0compacte,\u00a0robuste et durable.\",\"breadcrumb\":{\"@id\":\"https:\\\/\\\/store.microbiotech.dz\\\/index.php\\\/produit\\\/centrifugeuse-de-paillasse-220v-cypress\\\/#breadcrumb\"},\"inLanguage\":\"fr-FR\",\"potentialAction\":[{\"@type\":\"ReadAction\",\"target\":[\"https:\\\/\\\/store.microbiotech.dz\\\/index.php\\\/produit\\\/centrifugeuse-de-paillasse-220v-cypress\\\/\"]}]},{\"@type\":\"ImageObject\",\"inLanguage\":\"fr-FR\",\"@id\":\"https:\\\/\\\/store.microbiotech.dz\\\/index.php\\\/produit\\\/centrifugeuse-de-paillasse-220v-cypress\\\/#primaryimage\",\"url\":\"https:\\\/\\\/store.microbiotech.dz\\\/wp-content\\\/uploads\\\/2023\\\/05\\\/centrif600x.png\",\"contentUrl\":\"https:\\\/\\\/store.microbiotech.dz\\\/wp-content\\\/uploads\\\/2023\\\/05\\\/centrif600x.png\",\"width\":600,\"height\":600,\"caption\":\"Centrifugeuse de paillasse 220V CYPRESS\"},{\"@type\":\"BreadcrumbList\",\"@id\":\"https:\\\/\\\/store.microbiotech.dz\\\/index.php\\\/produit\\\/centrifugeuse-de-paillasse-220v-cypress\\\/#breadcrumb\",\"itemListElement\":[{\"@type\":\"ListItem\",\"position\":1,\"name\":\"Accueil\",\"item\":\"https:\\\/\\\/store.microbiotech.dz\\\/\"},{\"@type\":\"ListItem\",\"position\":2,\"name\":\"Nos Produits\",\"item\":\"https:\\\/\\\/store.microbiotech.dz\\\/index.php\\\/nos-produits\\\/\"},{\"@type\":\"ListItem\",\"position\":3,\"name\":\"Centrifugeuse de paillasse 220V CYPRESS\"}]},{\"@type\":\"WebSite\",\"@id\":\"https:\\\/\\\/store.microbiotech.dz\\\/#website\",\"url\":\"https:\\\/\\\/store.microbiotech.dz\\\/\",\"name\":\"La Boutique en ligne\",\"description\":\"Qualit\u00e9 - Rapidit\u00e9 - Tranquillit\u00e9\",\"publisher\":{\"@id\":\"https:\\\/\\\/store.microbiotech.dz\\\/#organization\"},\"potentialAction\":[{\"@type\":\"SearchAction\",\"target\":{\"@type\":\"EntryPoint\",\"urlTemplate\":\"https:\\\/\\\/store.microbiotech.dz\\\/?s={search_term_string}\"},\"query-input\":{\"@type\":\"PropertyValueSpecification\",\"valueRequired\":true,\"valueName\":\"search_term_string\"}}],\"inLanguage\":\"fr-FR\"},{\"@type\":\"Organization\",\"@id\":\"https:\\\/\\\/store.microbiotech.dz\\\/#organization\",\"name\":\"Microbiotech EURL\",\"url\":\"https:\\\/\\\/store.microbiotech.dz\\\/\",\"logo\":{\"@type\":\"ImageObject\",\"inLanguage\":\"fr-FR\",\"@id\":\"https:\\\/\\\/store.microbiotech.dz\\\/#\\\/schema\\\/logo\\\/image\\\/\",\"url\":\"https:\\\/\\\/store.microbiotech.dz\\\/wp-content\\\/uploads\\\/2021\\\/09\\\/cropped-logo-microbiotech-2.jpg\",\"contentUrl\":\"https:\\\/\\\/store.microbiotech.dz\\\/wp-content\\\/uploads\\\/2021\\\/09\\\/cropped-logo-microbiotech-2.jpg\",\"width\":815,\"height\":586,\"caption\":\"Microbiotech EURL\"},\"image\":{\"@id\":\"https:\\\/\\\/store.microbiotech.dz\\\/#\\\/schema\\\/logo\\\/image\\\/\"},\"sameAs\":[\"https:\\\/\\\/www.facebook.com\\\/MicroBiotech.dz\",\"https:\\\/\\\/x.com\\\/MicrobiotechD\",\"https:\\\/\\\/www.linkedin.com\\\/in\\\/microbiotech\\\/\",\"https:\\\/\\\/www.youtube.com\\\/channel\\\/UCTxc3VIiX7LXD2LQYfZEcDg\"]}]}<\/script>\n<!-- \/ Yoast SEO plugin. -->","yoast_head_json":{"title":"Centrifugeuse de paillasse 220V CYPRESS - La Boutique en ligne","description":"Centrifugeuse de paillasse 220V CYPRESS pour petits laboratoires. S\u00fbre, silencieuse (presque sans vibration),\u00a0compacte,\u00a0robuste et durable.","robots":{"index":"index","follow":"follow","max-snippet":"max-snippet:-1","max-image-preview":"max-image-preview:large","max-video-preview":"max-video-preview:-1"},"canonical":"https:\/\/store.microbiotech.dz\/index.php\/produit\/centrifugeuse-de-paillasse-220v-cypress\/","og_locale":"fr_FR","og_type":"article","og_title":"Centrifugeuse de paillasse 220V CYPRESS - La Boutique en ligne","og_description":"Centrifugeuse de paillasse 220V CYPRESS pour petits laboratoires. S\u00fbre, silencieuse (presque sans vibration),\u00a0compacte,\u00a0robuste et durable.","og_url":"https:\/\/store.microbiotech.dz\/index.php\/produit\/centrifugeuse-de-paillasse-220v-cypress\/","og_site_name":"La Boutique en ligne","article_publisher":"https:\/\/www.facebook.com\/MicroBiotech.dz","article_modified_time":"2023-05-23T09:49:42+00:00","og_image":[{"width":600,"height":600,"url":"https:\/\/store.microbiotech.dz\/wp-content\/uploads\/2023\/05\/centrif600x.png","type":"image\/png"}],"twitter_card":"summary_large_image","twitter_site":"@MicrobiotechD","twitter_misc":{"Dur\u00e9e de lecture estim\u00e9e":"1 minute"},"schema":{"@context":"https:\/\/schema.org","@graph":[{"@type":"WebPage","@id":"https:\/\/store.microbiotech.dz\/index.php\/produit\/centrifugeuse-de-paillasse-220v-cypress\/","url":"https:\/\/store.microbiotech.dz\/index.php\/produit\/centrifugeuse-de-paillasse-220v-cypress\/","name":"Centrifugeuse de paillasse 220V CYPRESS - La Boutique en ligne","isPartOf":{"@id":"https:\/\/store.microbiotech.dz\/#website"},"primaryImageOfPage":{"@id":"https:\/\/store.microbiotech.dz\/index.php\/produit\/centrifugeuse-de-paillasse-220v-cypress\/#primaryimage"},"image":{"@id":"https:\/\/store.microbiotech.dz\/index.php\/produit\/centrifugeuse-de-paillasse-220v-cypress\/#primaryimage"},"thumbnailUrl":"https:\/\/store.microbiotech.dz\/wp-content\/uploads\/2023\/05\/centrif600x.png","datePublished":"2023-05-23T09:49:41+00:00","dateModified":"2023-05-23T09:49:42+00:00","description":"Centrifugeuse de paillasse 220V CYPRESS pour petits laboratoires. S\u00fbre, silencieuse (presque sans vibration),\u00a0compacte,\u00a0robuste et durable.","breadcrumb":{"@id":"https:\/\/store.microbiotech.dz\/index.php\/produit\/centrifugeuse-de-paillasse-220v-cypress\/#breadcrumb"},"inLanguage":"fr-FR","potentialAction":[{"@type":"ReadAction","target":["https:\/\/store.microbiotech.dz\/index.php\/produit\/centrifugeuse-de-paillasse-220v-cypress\/"]}]},{"@type":"ImageObject","inLanguage":"fr-FR","@id":"https:\/\/store.microbiotech.dz\/index.php\/produit\/centrifugeuse-de-paillasse-220v-cypress\/#primaryimage","url":"https:\/\/store.microbiotech.dz\/wp-content\/uploads\/2023\/05\/centrif600x.png","contentUrl":"https:\/\/store.microbiotech.dz\/wp-content\/uploads\/2023\/05\/centrif600x.png","width":600,"height":600,"caption":"Centrifugeuse de paillasse 220V CYPRESS"},{"@type":"BreadcrumbList","@id":"https:\/\/store.microbiotech.dz\/index.php\/produit\/centrifugeuse-de-paillasse-220v-cypress\/#breadcrumb","itemListElement":[{"@type":"ListItem","position":1,"name":"Accueil","item":"https:\/\/store.microbiotech.dz\/"},{"@type":"ListItem","position":2,"name":"Nos Produits","item":"https:\/\/store.microbiotech.dz\/index.php\/nos-produits\/"},{"@type":"ListItem","position":3,"name":"Centrifugeuse de paillasse 220V CYPRESS"}]},{"@type":"WebSite","@id":"https:\/\/store.microbiotech.dz\/#website","url":"https:\/\/store.microbiotech.dz\/","name":"La Boutique en ligne","description":"Qualit\u00e9 - Rapidit\u00e9 - Tranquillit\u00e9","publisher":{"@id":"https:\/\/store.microbiotech.dz\/#organization"},"potentialAction":[{"@type":"SearchAction","target":{"@type":"EntryPoint","urlTemplate":"https:\/\/store.microbiotech.dz\/?s={search_term_string}"},"query-input":{"@type":"PropertyValueSpecification","valueRequired":true,"valueName":"search_term_string"}}],"inLanguage":"fr-FR"},{"@type":"Organization","@id":"https:\/\/store.microbiotech.dz\/#organization","name":"Microbiotech EURL","url":"https:\/\/store.microbiotech.dz\/","logo":{"@type":"ImageObject","inLanguage":"fr-FR","@id":"https:\/\/store.microbiotech.dz\/#\/schema\/logo\/image\/","url":"https:\/\/store.microbiotech.dz\/wp-content\/uploads\/2021\/09\/cropped-logo-microbiotech-2.jpg","contentUrl":"https:\/\/store.microbiotech.dz\/wp-content\/uploads\/2021\/09\/cropped-logo-microbiotech-2.jpg","width":815,"height":586,"caption":"Microbiotech EURL"},"image":{"@id":"https:\/\/store.microbiotech.dz\/#\/schema\/logo\/image\/"},"sameAs":["https:\/\/www.facebook.com\/MicroBiotech.dz","https:\/\/x.com\/MicrobiotechD","https:\/\/www.linkedin.com\/in\/microbiotech\/","https:\/\/www.youtube.com\/channel\/UCTxc3VIiX7LXD2LQYfZEcDg"]}]}},"jetpack_sharing_enabled":true,"_links":{"self":[{"href":"https:\/\/store.microbiotech.dz\/index.php\/wp-json\/wp\/v2\/product\/4267","targetHints":{"allow":["GET"]}}],"collection":[{"href":"https:\/\/store.microbiotech.dz\/index.php\/wp-json\/wp\/v2\/product"}],"about":[{"href":"https:\/\/store.microbiotech.dz\/index.php\/wp-json\/wp\/v2\/types\/product"}],"replies":[{"embeddable":true,"href":"https:\/\/store.microbiotech.dz\/index.php\/wp-json\/wp\/v2\/comments?post=4267"}],"wp:featuredmedia":[{"embeddable":true,"href":"https:\/\/store.microbiotech.dz\/index.php\/wp-json\/wp\/v2\/media\/4272"}],"wp:attachment":[{"href":"https:\/\/store.microbiotech.dz\/index.php\/wp-json\/wp\/v2\/media?parent=4267"}],"wp:term":[{"taxonomy":"product_brand","embeddable":true,"href":"https:\/\/store.microbiotech.dz\/index.php\/wp-json\/wp\/v2\/product_brand?post=4267"},{"taxonomy":"product_cat","embeddable":true,"href":"https:\/\/store.microbiotech.dz\/index.php\/wp-json\/wp\/v2\/product_cat?post=4267"},{"taxonomy":"product_tag","embeddable":true,"href":"https:\/\/store.microbiotech.dz\/index.php\/wp-json\/wp\/v2\/product_tag?post=4267"}],"curies":[{"name":"wp","href":"https:\/\/api.w.org\/{rel}","templated":true}]}}