{"id":3929,"date":"2023-05-10T14:06:28","date_gmt":"2023-05-10T13:06:28","guid":{"rendered":"https:\/\/store.microbiotech.dz\/?post_type=product&#038;p=3929"},"modified":"2023-08-01T13:17:43","modified_gmt":"2023-08-01T12:17:43","slug":"glaciere-refrigeree-a-compresseur","status":"publish","type":"product","link":"https:\/\/store.microbiotech.dz\/index.php\/produit\/glaciere-refrigeree-a-compresseur\/","title":{"rendered":"Glaci\u00e8re r\u00e9frig\u00e9r\u00e9e \u00e0 compresseur"},"content":{"rendered":"<p><a href=\"https:\/\/store.microbiotech.dz\/?s=glaciere\" target=\"_blank\" rel=\"noopener\">Glaci\u00e8re<\/a> r\u00e9frig\u00e9r\u00e9e \u00e0 compresseur caract\u00e9ris\u00e9 par :<\/p>\n<ul class=\"a-unordered-list a-vertical a-spacing-mini\">\n<li class=\"a-spacing-mini\"><span class=\"a-list-item\">Congeler sans glace : -4 \u00b0F (-20 \u00b0C) performance de refroidissement en profondeur, peut \u00eatre un r\u00e9frig\u00e9rateur et un cong\u00e9lateur.<\/span><\/li>\n<li class=\"a-spacing-mini\"><span class=\"a-list-item\">Protection de la batterie de la voiture : avec fonction de m\u00e9moire de temp\u00e9rature et 3 niveaux diff\u00e9rents de protection de la batterie : faible, moyen et \u00e9lev\u00e9 pour prot\u00e9ger la batterie de votre v\u00e9hicule sans se d\u00e9charger.<\/span><\/li>\n<li class=\"a-spacing-mini\"><span class=\"a-list-item\">Mat\u00e9riau plastique solide : L\u00e9ger mais durable et facile \u00e0 transporter.<\/span><\/li>\n<li class=\"a-spacing-mini\"><span class=\"a-list-item\">\u00c9tanche et fiable : isolation et maintien des performances de refroidissement pendant le voyage.\u00a0<\/span><\/li>\n<li class=\"a-spacing-small\"><span class=\"a-list-item\">La Glaci\u00e8re r\u00e9frig\u00e9r\u00e9e \u00e0 compresseur \u00e0 une grande capacit\u00e9 et elle est polyvalente.\u00a0<\/span><\/li>\n<li class=\"a-spacing-small\"><span class=\"a-list-item\">Conception antichoc.<\/span><\/li>\n<li class=\"a-spacing-small\"><span class=\"a-list-item\">R\u00e9glage num\u00e9rique de la temp\u00e9rature : Il est pratique de r\u00e9gler la temp\u00e9rature et le mode.\u00a0<\/span><\/li>\n<li class=\"a-spacing-small\"><span class=\"a-list-item\">Refroidissement rapide : technologie de refroidissement par compresseur, le r\u00e9frig\u00e9rateur peut \u00eatre refroidi rapidement pendant 30 minutes \u00e0 des temp\u00e9ratures comprises entre 90 \u00b0F et 32 \u200b\u200b\u00b0F. Vous pouvez \u00e9galement choisir le mode ECO pour \u00e9conomiser de l&rsquo;\u00e9nergie ou le mode MAX pour un refroidissement rapide.<\/span><\/li>\n<\/ul>\n<p>&nbsp;<\/p>\n<p>&nbsp;<\/p>\n","protected":false},"excerpt":{"rendered":"<p>&nbsp;<\/p>\n<p>Origine :\u00a0<strong>Chine\u00a0<img loading=\"lazy\" decoding=\"async\" class=\"alignnone wp-image-1795 lazyloaded\" src=\"https:\/\/store.microbiotech.dz\/wp-content\/uploads\/2022\/04\/China-Flag.png\" alt=\"\" width=\"31\" height=\"31\" data-src=\"https:\/\/store.microbiotech.dz\/wp-content\/uploads\/2022\/04\/China-Flag.png\" srcset=\"https:\/\/store.microbiotech.dz\/wp-content\/uploads\/2022\/04\/China-Flag.png 224w, https:\/\/store.microbiotech.dz\/wp-content\/uploads\/2022\/04\/China-Flag-150x150.png 150w, https:\/\/store.microbiotech.dz\/wp-content\/uploads\/2022\/04\/China-Flag-100x100.png 100w\" sizes=\"auto, (max-width: 31px) 100vw, 31px\" \/><\/strong><br \/>\nCapacit\u00e9 :\u00a0<strong>15-20-25-30-40-75 L<\/strong><br \/>\nSource d\u2019\u00e9nergie : <strong>\u00e9lectricit\u00e9<\/strong><br \/>\nAlimentation : <strong>45W\/AC100-240V\/DC12V\/24V<\/strong><\/p>\n","protected":false},"featured_media":3939,"comment_status":"open","ping_status":"closed","template":"","meta":{"site-sidebar-layout":"default","site-content-layout":"default","ast-site-content-layout":"default","site-content-style":"default","site-sidebar-style":"default","ast-global-header-display":"","ast-banner-title-visibility":"","ast-main-header-display":"","ast-hfb-above-header-display":"","ast-hfb-below-header-display":"","ast-hfb-mobile-header-display":"","site-post-title":"","ast-breadcrumbs-content":"","ast-featured-img":"","footer-sml-layout":"","ast-disable-related-posts":"","theme-transparent-header-meta":"default","adv-header-id-meta":"","stick-header-meta":"","header-above-stick-meta":"","header-main-stick-meta":"","header-below-stick-meta":"","astra-migrate-meta-layouts":"default","ast-page-background-enabled":"default","ast-page-background-meta":{"desktop":{"background-color":"var(--ast-global-color-4)","background-image":"","background-repeat":"repeat","background-position":"center center","background-size":"auto","background-attachment":"scroll","background-type":"","background-media":"","overlay-type":"","overlay-color":"","overlay-opacity":"","overlay-gradient":""},"tablet":{"background-color":"","background-image":"","background-repeat":"repeat","background-position":"center center","background-size":"auto","background-attachment":"scroll","background-type":"","background-media":"","overlay-type":"","overlay-color":"","overlay-opacity":"","overlay-gradient":""},"mobile":{"background-color":"","background-image":"","background-repeat":"repeat","background-position":"center center","background-size":"auto","background-attachment":"scroll","background-type":"","background-media":"","overlay-type":"","overlay-color":"","overlay-opacity":"","overlay-gradient":""}},"ast-content-background-meta":{"desktop":{"background-color":"var(--ast-global-color-5)","background-image":"","background-repeat":"repeat","background-position":"center center","background-size":"auto","background-attachment":"scroll","background-type":"","background-media":"","overlay-type":"","overlay-color":"","overlay-opacity":"","overlay-gradient":""},"tablet":{"background-color":"var(--ast-global-color-5)","background-image":"","background-repeat":"repeat","background-position":"center center","background-size":"auto","background-attachment":"scroll","background-type":"","background-media":"","overlay-type":"","overlay-color":"","overlay-opacity":"","overlay-gradient":""},"mobile":{"background-color":"var(--ast-global-color-5)","background-image":"","background-repeat":"repeat","background-position":"center center","background-size":"auto","background-attachment":"scroll","background-type":"","background-media":"","overlay-type":"","overlay-color":"","overlay-opacity":"","overlay-gradient":""}},"jetpack_post_was_ever_published":false},"product_brand":[],"product_cat":[238],"product_tag":[1119,1116,1120,1117],"class_list":{"0":"post-3929","1":"product","2":"type-product","3":"status-publish","4":"has-post-thumbnail","6":"product_cat-equipements","7":"product_tag-electrique","8":"product_tag-f99","9":"product_tag-froid","10":"product_tag-glaciere","11":"product_shipping_class-temperature-ambiante","12":"desktop-align-center","13":"tablet-align-left","14":"mobile-align-left","16":"first","17":"outofstock","18":"taxable","19":"shipping-taxable","20":"product-type-variable"},"yoast_head":"<!-- This site is optimized with the Yoast SEO plugin v27.5 - https:\/\/yoast.com\/product\/yoast-seo-wordpress\/ -->\n<title>Glaci\u00e8re r\u00e9frig\u00e9r\u00e9e \u00e0 compresseur - La Boutique en ligne<\/title>\n<meta name=\"description\" content=\"Glaci\u00e8re r\u00e9frig\u00e9r\u00e9e \u00e0 compresseur facile \u00e0 utiliser, vous pouvez rapidement apprendre \u00e0 vous en servir. Refroidissement rapide\" \/>\n<meta name=\"robots\" content=\"index, follow, max-snippet:-1, max-image-preview:large, max-video-preview:-1\" \/>\n<link rel=\"canonical\" href=\"https:\/\/store.microbiotech.dz\/index.php\/produit\/glaciere-refrigeree-a-compresseur\/\" \/>\n<meta property=\"og:locale\" content=\"fr_FR\" \/>\n<meta property=\"og:type\" content=\"article\" \/>\n<meta property=\"og:title\" content=\"Glaci\u00e8re r\u00e9frig\u00e9r\u00e9e \u00e0 compresseur - La Boutique en ligne\" \/>\n<meta property=\"og:description\" content=\"Glaci\u00e8re r\u00e9frig\u00e9r\u00e9e \u00e0 compresseur facile \u00e0 utiliser, vous pouvez rapidement apprendre \u00e0 vous en servir. Refroidissement rapide\" \/>\n<meta property=\"og:url\" content=\"https:\/\/store.microbiotech.dz\/index.php\/produit\/glaciere-refrigeree-a-compresseur\/\" \/>\n<meta property=\"og:site_name\" content=\"La Boutique en ligne\" \/>\n<meta property=\"article:publisher\" content=\"https:\/\/www.facebook.com\/MicroBiotech.dz\" \/>\n<meta property=\"article:modified_time\" content=\"2023-08-01T12:17:43+00:00\" \/>\n<meta property=\"og:image\" content=\"https:\/\/store.microbiotech.dz\/wp-content\/uploads\/2023\/05\/glaciere-electrique-var-600x.png\" \/>\n\t<meta property=\"og:image:width\" content=\"600\" \/>\n\t<meta property=\"og:image:height\" content=\"600\" \/>\n\t<meta property=\"og:image:type\" content=\"image\/png\" \/>\n<meta name=\"twitter:card\" content=\"summary_large_image\" \/>\n<meta name=\"twitter:site\" content=\"@MicrobiotechD\" \/>\n<meta name=\"twitter:label1\" content=\"Dur\u00e9e de lecture estim\u00e9e\" \/>\n\t<meta name=\"twitter:data1\" content=\"1 minute\" \/>\n<script type=\"application\/ld+json\" class=\"yoast-schema-graph\">{\"@context\":\"https:\\\/\\\/schema.org\",\"@graph\":[{\"@type\":\"WebPage\",\"@id\":\"https:\\\/\\\/store.microbiotech.dz\\\/index.php\\\/produit\\\/glaciere-refrigeree-a-compresseur\\\/\",\"url\":\"https:\\\/\\\/store.microbiotech.dz\\\/index.php\\\/produit\\\/glaciere-refrigeree-a-compresseur\\\/\",\"name\":\"Glaci\u00e8re r\u00e9frig\u00e9r\u00e9e \u00e0 compresseur - La Boutique en ligne\",\"isPartOf\":{\"@id\":\"https:\\\/\\\/store.microbiotech.dz\\\/#website\"},\"primaryImageOfPage\":{\"@id\":\"https:\\\/\\\/store.microbiotech.dz\\\/index.php\\\/produit\\\/glaciere-refrigeree-a-compresseur\\\/#primaryimage\"},\"image\":{\"@id\":\"https:\\\/\\\/store.microbiotech.dz\\\/index.php\\\/produit\\\/glaciere-refrigeree-a-compresseur\\\/#primaryimage\"},\"thumbnailUrl\":\"https:\\\/\\\/store.microbiotech.dz\\\/wp-content\\\/uploads\\\/2023\\\/05\\\/glaciere-electrique-var-600x.png\",\"datePublished\":\"2023-05-10T13:06:28+00:00\",\"dateModified\":\"2023-08-01T12:17:43+00:00\",\"description\":\"Glaci\u00e8re r\u00e9frig\u00e9r\u00e9e \u00e0 compresseur facile \u00e0 utiliser, vous pouvez rapidement apprendre \u00e0 vous en servir. Refroidissement rapide\",\"breadcrumb\":{\"@id\":\"https:\\\/\\\/store.microbiotech.dz\\\/index.php\\\/produit\\\/glaciere-refrigeree-a-compresseur\\\/#breadcrumb\"},\"inLanguage\":\"fr-FR\",\"potentialAction\":[{\"@type\":\"ReadAction\",\"target\":[\"https:\\\/\\\/store.microbiotech.dz\\\/index.php\\\/produit\\\/glaciere-refrigeree-a-compresseur\\\/\"]}]},{\"@type\":\"ImageObject\",\"inLanguage\":\"fr-FR\",\"@id\":\"https:\\\/\\\/store.microbiotech.dz\\\/index.php\\\/produit\\\/glaciere-refrigeree-a-compresseur\\\/#primaryimage\",\"url\":\"https:\\\/\\\/store.microbiotech.dz\\\/wp-content\\\/uploads\\\/2023\\\/05\\\/glaciere-electrique-var-600x.png\",\"contentUrl\":\"https:\\\/\\\/store.microbiotech.dz\\\/wp-content\\\/uploads\\\/2023\\\/05\\\/glaciere-electrique-var-600x.png\",\"width\":600,\"height\":600,\"caption\":\"Glaci\u00e8re r\u00e9frig\u00e9r\u00e9e \u00e0 compresseur\"},{\"@type\":\"BreadcrumbList\",\"@id\":\"https:\\\/\\\/store.microbiotech.dz\\\/index.php\\\/produit\\\/glaciere-refrigeree-a-compresseur\\\/#breadcrumb\",\"itemListElement\":[{\"@type\":\"ListItem\",\"position\":1,\"name\":\"Accueil\",\"item\":\"https:\\\/\\\/store.microbiotech.dz\\\/\"},{\"@type\":\"ListItem\",\"position\":2,\"name\":\"Nos Produits\",\"item\":\"https:\\\/\\\/store.microbiotech.dz\\\/index.php\\\/nos-produits\\\/\"},{\"@type\":\"ListItem\",\"position\":3,\"name\":\"Glaci\u00e8re r\u00e9frig\u00e9r\u00e9e \u00e0 compresseur\"}]},{\"@type\":\"WebSite\",\"@id\":\"https:\\\/\\\/store.microbiotech.dz\\\/#website\",\"url\":\"https:\\\/\\\/store.microbiotech.dz\\\/\",\"name\":\"La Boutique en ligne\",\"description\":\"Qualit\u00e9 - Rapidit\u00e9 - Tranquillit\u00e9\",\"publisher\":{\"@id\":\"https:\\\/\\\/store.microbiotech.dz\\\/#organization\"},\"potentialAction\":[{\"@type\":\"SearchAction\",\"target\":{\"@type\":\"EntryPoint\",\"urlTemplate\":\"https:\\\/\\\/store.microbiotech.dz\\\/?s={search_term_string}\"},\"query-input\":{\"@type\":\"PropertyValueSpecification\",\"valueRequired\":true,\"valueName\":\"search_term_string\"}}],\"inLanguage\":\"fr-FR\"},{\"@type\":\"Organization\",\"@id\":\"https:\\\/\\\/store.microbiotech.dz\\\/#organization\",\"name\":\"Microbiotech EURL\",\"url\":\"https:\\\/\\\/store.microbiotech.dz\\\/\",\"logo\":{\"@type\":\"ImageObject\",\"inLanguage\":\"fr-FR\",\"@id\":\"https:\\\/\\\/store.microbiotech.dz\\\/#\\\/schema\\\/logo\\\/image\\\/\",\"url\":\"https:\\\/\\\/store.microbiotech.dz\\\/wp-content\\\/uploads\\\/2021\\\/09\\\/cropped-logo-microbiotech-2.jpg\",\"contentUrl\":\"https:\\\/\\\/store.microbiotech.dz\\\/wp-content\\\/uploads\\\/2021\\\/09\\\/cropped-logo-microbiotech-2.jpg\",\"width\":815,\"height\":586,\"caption\":\"Microbiotech EURL\"},\"image\":{\"@id\":\"https:\\\/\\\/store.microbiotech.dz\\\/#\\\/schema\\\/logo\\\/image\\\/\"},\"sameAs\":[\"https:\\\/\\\/www.facebook.com\\\/MicroBiotech.dz\",\"https:\\\/\\\/x.com\\\/MicrobiotechD\",\"https:\\\/\\\/www.linkedin.com\\\/in\\\/microbiotech\\\/\",\"https:\\\/\\\/www.youtube.com\\\/channel\\\/UCTxc3VIiX7LXD2LQYfZEcDg\"]}]}<\/script>\n<!-- \/ Yoast SEO plugin. -->","yoast_head_json":{"title":"Glaci\u00e8re r\u00e9frig\u00e9r\u00e9e \u00e0 compresseur - La Boutique en ligne","description":"Glaci\u00e8re r\u00e9frig\u00e9r\u00e9e \u00e0 compresseur facile \u00e0 utiliser, vous pouvez rapidement apprendre \u00e0 vous en servir. Refroidissement rapide","robots":{"index":"index","follow":"follow","max-snippet":"max-snippet:-1","max-image-preview":"max-image-preview:large","max-video-preview":"max-video-preview:-1"},"canonical":"https:\/\/store.microbiotech.dz\/index.php\/produit\/glaciere-refrigeree-a-compresseur\/","og_locale":"fr_FR","og_type":"article","og_title":"Glaci\u00e8re r\u00e9frig\u00e9r\u00e9e \u00e0 compresseur - La Boutique en ligne","og_description":"Glaci\u00e8re r\u00e9frig\u00e9r\u00e9e \u00e0 compresseur facile \u00e0 utiliser, vous pouvez rapidement apprendre \u00e0 vous en servir. Refroidissement rapide","og_url":"https:\/\/store.microbiotech.dz\/index.php\/produit\/glaciere-refrigeree-a-compresseur\/","og_site_name":"La Boutique en ligne","article_publisher":"https:\/\/www.facebook.com\/MicroBiotech.dz","article_modified_time":"2023-08-01T12:17:43+00:00","og_image":[{"width":600,"height":600,"url":"https:\/\/store.microbiotech.dz\/wp-content\/uploads\/2023\/05\/glaciere-electrique-var-600x.png","type":"image\/png"}],"twitter_card":"summary_large_image","twitter_site":"@MicrobiotechD","twitter_misc":{"Dur\u00e9e de lecture estim\u00e9e":"1 minute"},"schema":{"@context":"https:\/\/schema.org","@graph":[{"@type":"WebPage","@id":"https:\/\/store.microbiotech.dz\/index.php\/produit\/glaciere-refrigeree-a-compresseur\/","url":"https:\/\/store.microbiotech.dz\/index.php\/produit\/glaciere-refrigeree-a-compresseur\/","name":"Glaci\u00e8re r\u00e9frig\u00e9r\u00e9e \u00e0 compresseur - La Boutique en ligne","isPartOf":{"@id":"https:\/\/store.microbiotech.dz\/#website"},"primaryImageOfPage":{"@id":"https:\/\/store.microbiotech.dz\/index.php\/produit\/glaciere-refrigeree-a-compresseur\/#primaryimage"},"image":{"@id":"https:\/\/store.microbiotech.dz\/index.php\/produit\/glaciere-refrigeree-a-compresseur\/#primaryimage"},"thumbnailUrl":"https:\/\/store.microbiotech.dz\/wp-content\/uploads\/2023\/05\/glaciere-electrique-var-600x.png","datePublished":"2023-05-10T13:06:28+00:00","dateModified":"2023-08-01T12:17:43+00:00","description":"Glaci\u00e8re r\u00e9frig\u00e9r\u00e9e \u00e0 compresseur facile \u00e0 utiliser, vous pouvez rapidement apprendre \u00e0 vous en servir. Refroidissement rapide","breadcrumb":{"@id":"https:\/\/store.microbiotech.dz\/index.php\/produit\/glaciere-refrigeree-a-compresseur\/#breadcrumb"},"inLanguage":"fr-FR","potentialAction":[{"@type":"ReadAction","target":["https:\/\/store.microbiotech.dz\/index.php\/produit\/glaciere-refrigeree-a-compresseur\/"]}]},{"@type":"ImageObject","inLanguage":"fr-FR","@id":"https:\/\/store.microbiotech.dz\/index.php\/produit\/glaciere-refrigeree-a-compresseur\/#primaryimage","url":"https:\/\/store.microbiotech.dz\/wp-content\/uploads\/2023\/05\/glaciere-electrique-var-600x.png","contentUrl":"https:\/\/store.microbiotech.dz\/wp-content\/uploads\/2023\/05\/glaciere-electrique-var-600x.png","width":600,"height":600,"caption":"Glaci\u00e8re r\u00e9frig\u00e9r\u00e9e \u00e0 compresseur"},{"@type":"BreadcrumbList","@id":"https:\/\/store.microbiotech.dz\/index.php\/produit\/glaciere-refrigeree-a-compresseur\/#breadcrumb","itemListElement":[{"@type":"ListItem","position":1,"name":"Accueil","item":"https:\/\/store.microbiotech.dz\/"},{"@type":"ListItem","position":2,"name":"Nos Produits","item":"https:\/\/store.microbiotech.dz\/index.php\/nos-produits\/"},{"@type":"ListItem","position":3,"name":"Glaci\u00e8re r\u00e9frig\u00e9r\u00e9e \u00e0 compresseur"}]},{"@type":"WebSite","@id":"https:\/\/store.microbiotech.dz\/#website","url":"https:\/\/store.microbiotech.dz\/","name":"La Boutique en ligne","description":"Qualit\u00e9 - Rapidit\u00e9 - Tranquillit\u00e9","publisher":{"@id":"https:\/\/store.microbiotech.dz\/#organization"},"potentialAction":[{"@type":"SearchAction","target":{"@type":"EntryPoint","urlTemplate":"https:\/\/store.microbiotech.dz\/?s={search_term_string}"},"query-input":{"@type":"PropertyValueSpecification","valueRequired":true,"valueName":"search_term_string"}}],"inLanguage":"fr-FR"},{"@type":"Organization","@id":"https:\/\/store.microbiotech.dz\/#organization","name":"Microbiotech EURL","url":"https:\/\/store.microbiotech.dz\/","logo":{"@type":"ImageObject","inLanguage":"fr-FR","@id":"https:\/\/store.microbiotech.dz\/#\/schema\/logo\/image\/","url":"https:\/\/store.microbiotech.dz\/wp-content\/uploads\/2021\/09\/cropped-logo-microbiotech-2.jpg","contentUrl":"https:\/\/store.microbiotech.dz\/wp-content\/uploads\/2021\/09\/cropped-logo-microbiotech-2.jpg","width":815,"height":586,"caption":"Microbiotech EURL"},"image":{"@id":"https:\/\/store.microbiotech.dz\/#\/schema\/logo\/image\/"},"sameAs":["https:\/\/www.facebook.com\/MicroBiotech.dz","https:\/\/x.com\/MicrobiotechD","https:\/\/www.linkedin.com\/in\/microbiotech\/","https:\/\/www.youtube.com\/channel\/UCTxc3VIiX7LXD2LQYfZEcDg"]}]}},"jetpack_sharing_enabled":true,"_links":{"self":[{"href":"https:\/\/store.microbiotech.dz\/index.php\/wp-json\/wp\/v2\/product\/3929","targetHints":{"allow":["GET"]}}],"collection":[{"href":"https:\/\/store.microbiotech.dz\/index.php\/wp-json\/wp\/v2\/product"}],"about":[{"href":"https:\/\/store.microbiotech.dz\/index.php\/wp-json\/wp\/v2\/types\/product"}],"replies":[{"embeddable":true,"href":"https:\/\/store.microbiotech.dz\/index.php\/wp-json\/wp\/v2\/comments?post=3929"}],"wp:featuredmedia":[{"embeddable":true,"href":"https:\/\/store.microbiotech.dz\/index.php\/wp-json\/wp\/v2\/media\/3939"}],"wp:attachment":[{"href":"https:\/\/store.microbiotech.dz\/index.php\/wp-json\/wp\/v2\/media?parent=3929"}],"wp:term":[{"taxonomy":"product_brand","embeddable":true,"href":"https:\/\/store.microbiotech.dz\/index.php\/wp-json\/wp\/v2\/product_brand?post=3929"},{"taxonomy":"product_cat","embeddable":true,"href":"https:\/\/store.microbiotech.dz\/index.php\/wp-json\/wp\/v2\/product_cat?post=3929"},{"taxonomy":"product_tag","embeddable":true,"href":"https:\/\/store.microbiotech.dz\/index.php\/wp-json\/wp\/v2\/product_tag?post=3929"}],"curies":[{"name":"wp","href":"https:\/\/api.w.org\/{rel}","templated":true}]}}