{"id":3718,"date":"2023-04-26T14:51:30","date_gmt":"2023-04-26T13:51:30","guid":{"rendered":"https:\/\/store.microbiotech.dz\/?post_type=product&#038;p=3718"},"modified":"2023-11-23T13:06:06","modified_gmt":"2023-11-23T12:06:06","slug":"lactoscan-farm-eco","status":"publish","type":"product","link":"https:\/\/store.microbiotech.dz\/index.php\/produit\/lactoscan-farm-eco\/","title":{"rendered":"Lactoscan Farm Eco"},"content":{"rendered":"<p>Le <a href=\"https:\/\/www.lactoscan.com\/\" target=\"_blank\" rel=\"noopener\">Lactoscan<\/a> Farm Eco est le plus petit analyseur de lait \u00e0 ultrasons avec nettoyage par pompe p\u00e9ristaltique (60 \u00e9chantillons\u00a0par heure).<\/p>\n<p>Il est simple d&rsquo;utilisation, d&rsquo;\u00e9talonnage et d&rsquo;installation, il est aussi compacte et n\u00e9cessite\u00a0de tr\u00e8s petite quantit\u00e9 de lait.<\/p>\n<p>Ce <a href=\"https:\/\/store.microbiotech.dz\/?s=lactoscan\" target=\"_blank\" rel=\"noopener\">lactoscan<\/a> Farm Eco est \u00e0 basse consommation \u00e9nerg\u00e9tique; avec auto-\u00e9talonnage de deux \u00e9chantillons ; et des r\u00e9sultats facilement lisibles.<\/p>\n<p>Param\u00e8tres de mesure :<\/p>\n<table class=\"editor_table\" border=\"1\" cellspacing=\"1\" cellpadding=\"1\">\n<tbody>\n<tr>\n<th scope=\"col\">Param\u00e8tre<\/th>\n<th scope=\"col\">Plage de mesure<\/th>\n<th scope=\"col\">Pr\u00e9cision<\/th>\n<\/tr>\n<tr>\n<td>GRAISSE<\/td>\n<td>de 0,01% \u00e0\u00a025%<\/td>\n<td>\u00b10,06\u00a0%<\/td>\n<\/tr>\n<tr>\n<td>Solides non gras (SNF)<\/td>\n<td>de 3% \u00e0 15%<\/td>\n<td>\u00b10,15\u00a0%<\/td>\n<\/tr>\n<tr>\n<td>Densit\u00e9<\/td>\n<td>de 1015kg\/m\u00b3 \u00e0 1040kg\/m\u00b3<\/td>\n<td>\u00b10.3kg\/m\u00b3<\/td>\n<\/tr>\n<tr>\n<td>Prot\u00e9ine<\/td>\n<td>de 2% \u00e0 7%<\/td>\n<td>\u00b10,15\u00a0%<\/td>\n<\/tr>\n<tr>\n<td>Lactose<\/td>\n<td>de 0,01% \u00e0 6%<\/td>\n<td>\u00b10,2\u00a0%<\/td>\n<\/tr>\n<tr>\n<td>Eau ajout\u00e9e<\/td>\n<td>de 0% \u00e0 70%<\/td>\n<td>\u00b13<\/td>\n<\/tr>\n<tr>\n<td>Temp\u00e9rature de l&rsquo;\u00e9chantillon de lait<\/td>\n<td>de 1\u00b0C \u00e0 40\u00b0C<\/td>\n<td>\u00b11\u00a0%<\/td>\n<\/tr>\n<tr>\n<td>Point de cong\u00e9lation<\/td>\n<td>de \u20130,4\u00b0C \u00e0 \u20130,7\u00b0C<\/td>\n<td>\u00b10,005\u00a0%<\/td>\n<\/tr>\n<tr>\n<td>Sels<\/td>\n<td>de 0,4% \u00e0 1,5%<\/td>\n<td>\u00b10,05\u00a0%<\/td>\n<\/tr>\n<\/tbody>\n<\/table>\n","protected":false},"excerpt":{"rendered":"<p>Marque : <strong>Farm Eco<\/strong><br \/>\nMati\u00e8res grasses : <strong>0.01 \u00e0 25% \u00b10.1%<\/strong><br \/>\nSolides non gras (SNG) : <strong>3 \u00e0 15% \u00b10.15%<\/strong><br \/>\nDensit\u00e9 : <strong>1015 \u00e0 1040 kg\/m3 \u00b10.3kg\/m3<\/strong><br \/>\nProt\u00e9ines : <strong>2% \u00e0 7% \u00b10.15%<\/strong><br \/>\nLactose : <strong>0.01% \u2013\u00e0 6% \u00b10.2%<\/strong><br \/>\nAddition d\u2019eau : <strong>0% \u00e0 70% \u00b13 %<\/strong><br \/>\nTemp\u00e9rature de l\u2019\u00e9chantillon : <strong>1\u00b0C \u00e0 40 \u00b0C \u00b11%<\/strong><br \/>\nPoint de cong\u00e9lation :<strong> -0.4\u00b0C \u00e0 -0.7\u00b0C \u00b10.001%<\/strong><br \/>\nSels : <strong>0.4% \u00e0 1.5% \u00b10.05%<\/strong><br \/>\nR\u00e9sultat : <strong>en 60 secondes<\/strong><br \/>\nTension d&rsquo;alimentation AC : <strong>220V\/110V<\/strong><br \/>\nDC Tension d&rsquo;alimentation : <strong>12V \u00e0 14,2V<\/strong><br \/>\nConsommation \u00e9lectrique : <strong>30W max<\/strong><br \/>\nT\u00e9l\u00e9chargements : <a href=\"https:\/\/store.microbiotech.dz\/wp-content\/uploads\/2023\/04\/Brochure-Lactoscan-FARMECO.pdf\">Brochure Lactoscan FARMECO<\/a><br \/>\n<a href=\"https:\/\/store.microbiotech.dz\/wp-content\/uploads\/2023\/04\/Manuel-dutilisation-Lactoscan-FARMECO.pdf\">Manuel d&rsquo;utilisation Lactoscan FARMECO<\/a><\/p>\n","protected":false},"featured_media":3719,"comment_status":"open","ping_status":"closed","template":"","meta":{"site-sidebar-layout":"default","site-content-layout":"default","ast-site-content-layout":"default","site-content-style":"default","site-sidebar-style":"default","ast-global-header-display":"","ast-banner-title-visibility":"","ast-main-header-display":"","ast-hfb-above-header-display":"","ast-hfb-below-header-display":"","ast-hfb-mobile-header-display":"","site-post-title":"","ast-breadcrumbs-content":"","ast-featured-img":"","footer-sml-layout":"","ast-disable-related-posts":"","theme-transparent-header-meta":"default","adv-header-id-meta":"","stick-header-meta":"","header-above-stick-meta":"","header-main-stick-meta":"","header-below-stick-meta":"","astra-migrate-meta-layouts":"set","ast-page-background-enabled":"default","ast-page-background-meta":{"desktop":{"background-color":"var(--ast-global-color-4)","background-image":"","background-repeat":"repeat","background-position":"center center","background-size":"auto","background-attachment":"scroll","background-type":"","background-media":"","overlay-type":"","overlay-color":"","overlay-opacity":"","overlay-gradient":""},"tablet":{"background-color":"","background-image":"","background-repeat":"repeat","background-position":"center center","background-size":"auto","background-attachment":"scroll","background-type":"","background-media":"","overlay-type":"","overlay-color":"","overlay-opacity":"","overlay-gradient":""},"mobile":{"background-color":"","background-image":"","background-repeat":"repeat","background-position":"center center","background-size":"auto","background-attachment":"scroll","background-type":"","background-media":"","overlay-type":"","overlay-color":"","overlay-opacity":"","overlay-gradient":""}},"ast-content-background-meta":{"desktop":{"background-color":"var(--ast-global-color-5)","background-image":"","background-repeat":"repeat","background-position":"center center","background-size":"auto","background-attachment":"scroll","background-type":"","background-media":"","overlay-type":"","overlay-color":"","overlay-opacity":"","overlay-gradient":""},"tablet":{"background-color":"var(--ast-global-color-5)","background-image":"","background-repeat":"repeat","background-position":"center center","background-size":"auto","background-attachment":"scroll","background-type":"","background-media":"","overlay-type":"","overlay-color":"","overlay-opacity":"","overlay-gradient":""},"mobile":{"background-color":"var(--ast-global-color-5)","background-image":"","background-repeat":"repeat","background-position":"center center","background-size":"auto","background-attachment":"scroll","background-type":"","background-media":"","overlay-type":"","overlay-color":"","overlay-opacity":"","overlay-gradient":""}},"jetpack_post_was_ever_published":false},"product_brand":[],"product_cat":[238],"product_tag":[664,695,1769,930,1074,589,628],"class_list":{"0":"post-3718","1":"product","2":"type-product","3":"status-publish","4":"has-post-thumbnail","6":"product_cat-equipements","7":"product_tag-analyse-du-lait","8":"product_tag-analyse-lait","9":"product_tag-analyseur-de-lait","10":"product_tag-f90","11":"product_tag-farmeco","12":"product_tag-lactoscan","13":"product_tag-lait","14":"desktop-align-center","15":"tablet-align-left","16":"mobile-align-left","18":"first","19":"outofstock","20":"taxable","21":"shipping-taxable","22":"purchasable","23":"product-type-simple"},"yoast_head":"<!-- This site is optimized with the Yoast SEO plugin v27.5 - https:\/\/yoast.com\/product\/yoast-seo-wordpress\/ -->\n<title>Lactoscan Farm Eco - La Boutique en ligne<\/title>\n<meta name=\"description\" content=\"Lactoscan Farm Eco pour le lait de vache, de brebis, de ch\u00e8vre, de chameau, lait pasteuris\u00e9 homog\u00e9n\u00e9is\u00e9, restaur\u00e9, UHT, cr\u00e8me et babeurre...\" \/>\n<meta name=\"robots\" content=\"index, follow, max-snippet:-1, max-image-preview:large, max-video-preview:-1\" \/>\n<link rel=\"canonical\" href=\"https:\/\/store.microbiotech.dz\/index.php\/produit\/lactoscan-farm-eco\/\" \/>\n<meta property=\"og:locale\" content=\"fr_FR\" \/>\n<meta property=\"og:type\" content=\"article\" \/>\n<meta property=\"og:title\" content=\"Lactoscan Farm Eco - La Boutique en ligne\" \/>\n<meta property=\"og:description\" content=\"Lactoscan Farm Eco pour le lait de vache, de brebis, de ch\u00e8vre, de chameau, lait pasteuris\u00e9 homog\u00e9n\u00e9is\u00e9, restaur\u00e9, UHT, cr\u00e8me et babeurre...\" \/>\n<meta property=\"og:url\" content=\"https:\/\/store.microbiotech.dz\/index.php\/produit\/lactoscan-farm-eco\/\" \/>\n<meta property=\"og:site_name\" content=\"La Boutique en ligne\" \/>\n<meta property=\"article:publisher\" content=\"https:\/\/www.facebook.com\/MicroBiotech.dz\" \/>\n<meta property=\"article:modified_time\" content=\"2023-11-23T12:06:06+00:00\" \/>\n<meta property=\"og:image\" content=\"https:\/\/store.microbiotech.dz\/wp-content\/uploads\/2023\/04\/lactoscan-600x.png\" \/>\n\t<meta property=\"og:image:width\" content=\"600\" \/>\n\t<meta property=\"og:image:height\" content=\"600\" \/>\n\t<meta property=\"og:image:type\" content=\"image\/png\" \/>\n<meta name=\"twitter:card\" content=\"summary_large_image\" \/>\n<meta name=\"twitter:site\" content=\"@MicrobiotechD\" \/>\n<meta name=\"twitter:label1\" content=\"Dur\u00e9e de lecture estim\u00e9e\" \/>\n\t<meta name=\"twitter:data1\" content=\"1 minute\" \/>\n<script type=\"application\/ld+json\" class=\"yoast-schema-graph\">{\"@context\":\"https:\\\/\\\/schema.org\",\"@graph\":[{\"@type\":\"WebPage\",\"@id\":\"https:\\\/\\\/store.microbiotech.dz\\\/index.php\\\/produit\\\/lactoscan-farm-eco\\\/\",\"url\":\"https:\\\/\\\/store.microbiotech.dz\\\/index.php\\\/produit\\\/lactoscan-farm-eco\\\/\",\"name\":\"Lactoscan Farm Eco - La Boutique en ligne\",\"isPartOf\":{\"@id\":\"https:\\\/\\\/store.microbiotech.dz\\\/#website\"},\"primaryImageOfPage\":{\"@id\":\"https:\\\/\\\/store.microbiotech.dz\\\/index.php\\\/produit\\\/lactoscan-farm-eco\\\/#primaryimage\"},\"image\":{\"@id\":\"https:\\\/\\\/store.microbiotech.dz\\\/index.php\\\/produit\\\/lactoscan-farm-eco\\\/#primaryimage\"},\"thumbnailUrl\":\"https:\\\/\\\/store.microbiotech.dz\\\/wp-content\\\/uploads\\\/2023\\\/04\\\/lactoscan-600x.png\",\"datePublished\":\"2023-04-26T13:51:30+00:00\",\"dateModified\":\"2023-11-23T12:06:06+00:00\",\"description\":\"Lactoscan Farm Eco pour le lait de vache, de brebis, de ch\u00e8vre, de chameau, lait pasteuris\u00e9 homog\u00e9n\u00e9is\u00e9, restaur\u00e9, UHT, cr\u00e8me et babeurre...\",\"breadcrumb\":{\"@id\":\"https:\\\/\\\/store.microbiotech.dz\\\/index.php\\\/produit\\\/lactoscan-farm-eco\\\/#breadcrumb\"},\"inLanguage\":\"fr-FR\",\"potentialAction\":[{\"@type\":\"ReadAction\",\"target\":[\"https:\\\/\\\/store.microbiotech.dz\\\/index.php\\\/produit\\\/lactoscan-farm-eco\\\/\"]}]},{\"@type\":\"ImageObject\",\"inLanguage\":\"fr-FR\",\"@id\":\"https:\\\/\\\/store.microbiotech.dz\\\/index.php\\\/produit\\\/lactoscan-farm-eco\\\/#primaryimage\",\"url\":\"https:\\\/\\\/store.microbiotech.dz\\\/wp-content\\\/uploads\\\/2023\\\/04\\\/lactoscan-600x.png\",\"contentUrl\":\"https:\\\/\\\/store.microbiotech.dz\\\/wp-content\\\/uploads\\\/2023\\\/04\\\/lactoscan-600x.png\",\"width\":600,\"height\":600,\"caption\":\"Lactoscan Farm Eco\"},{\"@type\":\"BreadcrumbList\",\"@id\":\"https:\\\/\\\/store.microbiotech.dz\\\/index.php\\\/produit\\\/lactoscan-farm-eco\\\/#breadcrumb\",\"itemListElement\":[{\"@type\":\"ListItem\",\"position\":1,\"name\":\"Accueil\",\"item\":\"https:\\\/\\\/store.microbiotech.dz\\\/\"},{\"@type\":\"ListItem\",\"position\":2,\"name\":\"Nos Produits\",\"item\":\"https:\\\/\\\/store.microbiotech.dz\\\/index.php\\\/nos-produits\\\/\"},{\"@type\":\"ListItem\",\"position\":3,\"name\":\"Lactoscan Farm Eco\"}]},{\"@type\":\"WebSite\",\"@id\":\"https:\\\/\\\/store.microbiotech.dz\\\/#website\",\"url\":\"https:\\\/\\\/store.microbiotech.dz\\\/\",\"name\":\"La Boutique en ligne\",\"description\":\"Qualit\u00e9 - Rapidit\u00e9 - Tranquillit\u00e9\",\"publisher\":{\"@id\":\"https:\\\/\\\/store.microbiotech.dz\\\/#organization\"},\"potentialAction\":[{\"@type\":\"SearchAction\",\"target\":{\"@type\":\"EntryPoint\",\"urlTemplate\":\"https:\\\/\\\/store.microbiotech.dz\\\/?s={search_term_string}\"},\"query-input\":{\"@type\":\"PropertyValueSpecification\",\"valueRequired\":true,\"valueName\":\"search_term_string\"}}],\"inLanguage\":\"fr-FR\"},{\"@type\":\"Organization\",\"@id\":\"https:\\\/\\\/store.microbiotech.dz\\\/#organization\",\"name\":\"Microbiotech EURL\",\"url\":\"https:\\\/\\\/store.microbiotech.dz\\\/\",\"logo\":{\"@type\":\"ImageObject\",\"inLanguage\":\"fr-FR\",\"@id\":\"https:\\\/\\\/store.microbiotech.dz\\\/#\\\/schema\\\/logo\\\/image\\\/\",\"url\":\"https:\\\/\\\/store.microbiotech.dz\\\/wp-content\\\/uploads\\\/2021\\\/09\\\/cropped-logo-microbiotech-2.jpg\",\"contentUrl\":\"https:\\\/\\\/store.microbiotech.dz\\\/wp-content\\\/uploads\\\/2021\\\/09\\\/cropped-logo-microbiotech-2.jpg\",\"width\":815,\"height\":586,\"caption\":\"Microbiotech EURL\"},\"image\":{\"@id\":\"https:\\\/\\\/store.microbiotech.dz\\\/#\\\/schema\\\/logo\\\/image\\\/\"},\"sameAs\":[\"https:\\\/\\\/www.facebook.com\\\/MicroBiotech.dz\",\"https:\\\/\\\/x.com\\\/MicrobiotechD\",\"https:\\\/\\\/www.linkedin.com\\\/in\\\/microbiotech\\\/\",\"https:\\\/\\\/www.youtube.com\\\/channel\\\/UCTxc3VIiX7LXD2LQYfZEcDg\"]}]}<\/script>\n<!-- \/ Yoast SEO plugin. -->","yoast_head_json":{"title":"Lactoscan Farm Eco - La Boutique en ligne","description":"Lactoscan Farm Eco pour le lait de vache, de brebis, de ch\u00e8vre, de chameau, lait pasteuris\u00e9 homog\u00e9n\u00e9is\u00e9, restaur\u00e9, UHT, cr\u00e8me et babeurre...","robots":{"index":"index","follow":"follow","max-snippet":"max-snippet:-1","max-image-preview":"max-image-preview:large","max-video-preview":"max-video-preview:-1"},"canonical":"https:\/\/store.microbiotech.dz\/index.php\/produit\/lactoscan-farm-eco\/","og_locale":"fr_FR","og_type":"article","og_title":"Lactoscan Farm Eco - La Boutique en ligne","og_description":"Lactoscan Farm Eco pour le lait de vache, de brebis, de ch\u00e8vre, de chameau, lait pasteuris\u00e9 homog\u00e9n\u00e9is\u00e9, restaur\u00e9, UHT, cr\u00e8me et babeurre...","og_url":"https:\/\/store.microbiotech.dz\/index.php\/produit\/lactoscan-farm-eco\/","og_site_name":"La Boutique en ligne","article_publisher":"https:\/\/www.facebook.com\/MicroBiotech.dz","article_modified_time":"2023-11-23T12:06:06+00:00","og_image":[{"width":600,"height":600,"url":"https:\/\/store.microbiotech.dz\/wp-content\/uploads\/2023\/04\/lactoscan-600x.png","type":"image\/png"}],"twitter_card":"summary_large_image","twitter_site":"@MicrobiotechD","twitter_misc":{"Dur\u00e9e de lecture estim\u00e9e":"1 minute"},"schema":{"@context":"https:\/\/schema.org","@graph":[{"@type":"WebPage","@id":"https:\/\/store.microbiotech.dz\/index.php\/produit\/lactoscan-farm-eco\/","url":"https:\/\/store.microbiotech.dz\/index.php\/produit\/lactoscan-farm-eco\/","name":"Lactoscan Farm Eco - La Boutique en ligne","isPartOf":{"@id":"https:\/\/store.microbiotech.dz\/#website"},"primaryImageOfPage":{"@id":"https:\/\/store.microbiotech.dz\/index.php\/produit\/lactoscan-farm-eco\/#primaryimage"},"image":{"@id":"https:\/\/store.microbiotech.dz\/index.php\/produit\/lactoscan-farm-eco\/#primaryimage"},"thumbnailUrl":"https:\/\/store.microbiotech.dz\/wp-content\/uploads\/2023\/04\/lactoscan-600x.png","datePublished":"2023-04-26T13:51:30+00:00","dateModified":"2023-11-23T12:06:06+00:00","description":"Lactoscan Farm Eco pour le lait de vache, de brebis, de ch\u00e8vre, de chameau, lait pasteuris\u00e9 homog\u00e9n\u00e9is\u00e9, restaur\u00e9, UHT, cr\u00e8me et babeurre...","breadcrumb":{"@id":"https:\/\/store.microbiotech.dz\/index.php\/produit\/lactoscan-farm-eco\/#breadcrumb"},"inLanguage":"fr-FR","potentialAction":[{"@type":"ReadAction","target":["https:\/\/store.microbiotech.dz\/index.php\/produit\/lactoscan-farm-eco\/"]}]},{"@type":"ImageObject","inLanguage":"fr-FR","@id":"https:\/\/store.microbiotech.dz\/index.php\/produit\/lactoscan-farm-eco\/#primaryimage","url":"https:\/\/store.microbiotech.dz\/wp-content\/uploads\/2023\/04\/lactoscan-600x.png","contentUrl":"https:\/\/store.microbiotech.dz\/wp-content\/uploads\/2023\/04\/lactoscan-600x.png","width":600,"height":600,"caption":"Lactoscan Farm Eco"},{"@type":"BreadcrumbList","@id":"https:\/\/store.microbiotech.dz\/index.php\/produit\/lactoscan-farm-eco\/#breadcrumb","itemListElement":[{"@type":"ListItem","position":1,"name":"Accueil","item":"https:\/\/store.microbiotech.dz\/"},{"@type":"ListItem","position":2,"name":"Nos Produits","item":"https:\/\/store.microbiotech.dz\/index.php\/nos-produits\/"},{"@type":"ListItem","position":3,"name":"Lactoscan Farm Eco"}]},{"@type":"WebSite","@id":"https:\/\/store.microbiotech.dz\/#website","url":"https:\/\/store.microbiotech.dz\/","name":"La Boutique en ligne","description":"Qualit\u00e9 - Rapidit\u00e9 - Tranquillit\u00e9","publisher":{"@id":"https:\/\/store.microbiotech.dz\/#organization"},"potentialAction":[{"@type":"SearchAction","target":{"@type":"EntryPoint","urlTemplate":"https:\/\/store.microbiotech.dz\/?s={search_term_string}"},"query-input":{"@type":"PropertyValueSpecification","valueRequired":true,"valueName":"search_term_string"}}],"inLanguage":"fr-FR"},{"@type":"Organization","@id":"https:\/\/store.microbiotech.dz\/#organization","name":"Microbiotech EURL","url":"https:\/\/store.microbiotech.dz\/","logo":{"@type":"ImageObject","inLanguage":"fr-FR","@id":"https:\/\/store.microbiotech.dz\/#\/schema\/logo\/image\/","url":"https:\/\/store.microbiotech.dz\/wp-content\/uploads\/2021\/09\/cropped-logo-microbiotech-2.jpg","contentUrl":"https:\/\/store.microbiotech.dz\/wp-content\/uploads\/2021\/09\/cropped-logo-microbiotech-2.jpg","width":815,"height":586,"caption":"Microbiotech EURL"},"image":{"@id":"https:\/\/store.microbiotech.dz\/#\/schema\/logo\/image\/"},"sameAs":["https:\/\/www.facebook.com\/MicroBiotech.dz","https:\/\/x.com\/MicrobiotechD","https:\/\/www.linkedin.com\/in\/microbiotech\/","https:\/\/www.youtube.com\/channel\/UCTxc3VIiX7LXD2LQYfZEcDg"]}]}},"jetpack_sharing_enabled":true,"_links":{"self":[{"href":"https:\/\/store.microbiotech.dz\/index.php\/wp-json\/wp\/v2\/product\/3718","targetHints":{"allow":["GET"]}}],"collection":[{"href":"https:\/\/store.microbiotech.dz\/index.php\/wp-json\/wp\/v2\/product"}],"about":[{"href":"https:\/\/store.microbiotech.dz\/index.php\/wp-json\/wp\/v2\/types\/product"}],"replies":[{"embeddable":true,"href":"https:\/\/store.microbiotech.dz\/index.php\/wp-json\/wp\/v2\/comments?post=3718"}],"wp:featuredmedia":[{"embeddable":true,"href":"https:\/\/store.microbiotech.dz\/index.php\/wp-json\/wp\/v2\/media\/3719"}],"wp:attachment":[{"href":"https:\/\/store.microbiotech.dz\/index.php\/wp-json\/wp\/v2\/media?parent=3718"}],"wp:term":[{"taxonomy":"product_brand","embeddable":true,"href":"https:\/\/store.microbiotech.dz\/index.php\/wp-json\/wp\/v2\/product_brand?post=3718"},{"taxonomy":"product_cat","embeddable":true,"href":"https:\/\/store.microbiotech.dz\/index.php\/wp-json\/wp\/v2\/product_cat?post=3718"},{"taxonomy":"product_tag","embeddable":true,"href":"https:\/\/store.microbiotech.dz\/index.php\/wp-json\/wp\/v2\/product_tag?post=3718"}],"curies":[{"name":"wp","href":"https:\/\/api.w.org\/{rel}","templated":true}]}}