{"id":3358,"date":"2023-04-05T14:27:54","date_gmt":"2023-04-05T13:27:54","guid":{"rendered":"https:\/\/store.microbiotech.dz\/?post_type=product&#038;p=3358"},"modified":"2026-04-20T09:06:46","modified_gmt":"2026-04-20T08:06:46","slug":"pipette-pasteur-en-verre-a-bout-ferme-250-unites","status":"publish","type":"product","link":"https:\/\/store.microbiotech.dz\/index.php\/produit\/pipette-pasteur-en-verre-a-bout-ferme-250-unites\/","title":{"rendered":"Pipette Pasteur en verre \u00e0 bout ferm\u00e9 (250 unit\u00e9s)"},"content":{"rendered":"<p>La Pipette Pasteur en verre \u00e0 bout ferm\u00e9 (250 unit\u00e9s) est un outil essentiel pour toutes exp\u00e9rience en laboratoire qui n\u00e9cessite une manipulation pr\u00e9cise et aseptique des liquides. Cette pipette est en verre sodocalcique clair de haute qualit\u00e9, avec du coton absorbant d&rsquo;un cot\u00e9 et un bout ferm\u00e9 de l&rsquo;autre. La combinaison d&rsquo;un coton absorbant et d&rsquo;un bout ferm\u00e9 offre une pr\u00e9cision et une s\u00e9curit\u00e9 accrue lors des manipulations de liquides, r\u00e9duisant ainsi le risque de contaminations crois\u00e9s.<\/p>\n<p>La <a href=\"https:\/\/store.microbiotech.dz\/?s=pipette\" target=\"_blank\" rel=\"noopener\">Pipette<\/a> Pasteur en verre \u00e0 bout ferm\u00e9 (250 unit\u00e9s) est id\u00e9ale pour diff\u00e9rentes vari\u00e9t\u00e9s d&rsquo;applications en laboratoire, y compris les exp\u00e9riences microbiologiques et les analyses de liquides biologiques.<\/p>\n<p>&nbsp;<\/p>\n<p>&nbsp;<\/p>\n<p>&nbsp;<\/p>\n<p>&nbsp;<\/p>\n","protected":false},"excerpt":{"rendered":"<p>Soit : <strong>21DA\/unit\u00e9<\/strong><br \/>\nOrigine : <strong>Chine <img loading=\"lazy\" decoding=\"async\" class=\"alignnone wp-image-1795\" src=\"https:\/\/store.microbiotech.dz\/wp-content\/uploads\/2022\/04\/China-Flag.png\" alt=\"\" width=\"32\" height=\"32\" srcset=\"https:\/\/store.microbiotech.dz\/wp-content\/uploads\/2022\/04\/China-Flag.png 224w, https:\/\/store.microbiotech.dz\/wp-content\/uploads\/2022\/04\/China-Flag-150x150.png 150w, https:\/\/store.microbiotech.dz\/wp-content\/uploads\/2022\/04\/China-Flag-100x100.png 100w\" sizes=\"auto, (max-width: 32px) 100vw, 32px\" \/><\/strong><br \/>\nMat\u00e9riau :\u00a0 <strong>Verre sodocalcique avec bout\u00a0<\/strong><b>cotonn\u00e9<\/b><br \/>\nUnit\u00e9 de vente : <strong>boite de 250 pipettes<\/strong><br \/>\nLongueur : <strong>230 mm\u00a0<\/strong><\/p>\n","protected":false},"featured_media":3141,"comment_status":"open","ping_status":"closed","template":"","meta":{"site-sidebar-layout":"default","site-content-layout":"default","ast-site-content-layout":"default","site-content-style":"default","site-sidebar-style":"default","ast-global-header-display":"","ast-banner-title-visibility":"","ast-main-header-display":"","ast-hfb-above-header-display":"","ast-hfb-below-header-display":"","ast-hfb-mobile-header-display":"","site-post-title":"","ast-breadcrumbs-content":"","ast-featured-img":"","footer-sml-layout":"","ast-disable-related-posts":"","theme-transparent-header-meta":"default","adv-header-id-meta":"","stick-header-meta":"","header-above-stick-meta":"","header-main-stick-meta":"","header-below-stick-meta":"","astra-migrate-meta-layouts":"set","ast-page-background-enabled":"default","ast-page-background-meta":{"desktop":{"background-color":"var(--ast-global-color-4)","background-image":"","background-repeat":"repeat","background-position":"center center","background-size":"auto","background-attachment":"scroll","background-type":"","background-media":"","overlay-type":"","overlay-color":"","overlay-opacity":"","overlay-gradient":""},"tablet":{"background-color":"","background-image":"","background-repeat":"repeat","background-position":"center center","background-size":"auto","background-attachment":"scroll","background-type":"","background-media":"","overlay-type":"","overlay-color":"","overlay-opacity":"","overlay-gradient":""},"mobile":{"background-color":"","background-image":"","background-repeat":"repeat","background-position":"center center","background-size":"auto","background-attachment":"scroll","background-type":"","background-media":"","overlay-type":"","overlay-color":"","overlay-opacity":"","overlay-gradient":""}},"ast-content-background-meta":{"desktop":{"background-color":"var(--ast-global-color-5)","background-image":"","background-repeat":"repeat","background-position":"center center","background-size":"auto","background-attachment":"scroll","background-type":"","background-media":"","overlay-type":"","overlay-color":"","overlay-opacity":"","overlay-gradient":""},"tablet":{"background-color":"var(--ast-global-color-5)","background-image":"","background-repeat":"repeat","background-position":"center center","background-size":"auto","background-attachment":"scroll","background-type":"","background-media":"","overlay-type":"","overlay-color":"","overlay-opacity":"","overlay-gradient":""},"mobile":{"background-color":"var(--ast-global-color-5)","background-image":"","background-repeat":"repeat","background-position":"center center","background-size":"auto","background-attachment":"scroll","background-type":"","background-media":"","overlay-type":"","overlay-color":"","overlay-opacity":"","overlay-gradient":""}},"jetpack_post_was_ever_published":false},"product_brand":[],"product_cat":[238,239],"product_tag":[2591,2972,870,356,1011],"class_list":{"0":"post-3358","1":"product","2":"type-product","3":"status-publish","4":"has-post-thumbnail","6":"product_cat-equipements","7":"product_cat-verrerie","8":"product_tag-f149","9":"product_tag-f164","10":"product_tag-f86","11":"product_tag-pipette","12":"product_tag-pipette-pasteur","13":"product_shipping_class-temperature-ambiante","14":"desktop-align-center","15":"tablet-align-left","16":"mobile-align-left","18":"first","19":"outofstock","20":"taxable","21":"shipping-taxable","22":"purchasable","23":"product-type-simple"},"yoast_head":"<!-- This site is optimized with the Yoast SEO plugin v27.5 - https:\/\/yoast.com\/product\/yoast-seo-wordpress\/ -->\n<title>Pipette Pasteur en verre \u00e0 bout ferm\u00e9 (250 unit\u00e9s)<\/title>\n<meta name=\"description\" content=\"La Pipette Pasteur en verre sodocalcique \u00e0 bout ferm\u00e9 (250 unit\u00e9s) est de tr\u00e8s bonne qualit\u00e9 et \u00e0 bon prix chez Microbiotech.dz\" \/>\n<meta name=\"robots\" content=\"index, follow, max-snippet:-1, max-image-preview:large, max-video-preview:-1\" \/>\n<link rel=\"canonical\" href=\"https:\/\/store.microbiotech.dz\/index.php\/produit\/pipette-pasteur-en-verre-a-bout-ferme-250-unites\/\" \/>\n<meta property=\"og:locale\" content=\"fr_FR\" \/>\n<meta property=\"og:type\" content=\"article\" \/>\n<meta property=\"og:title\" content=\"Pipette Pasteur en verre \u00e0 bout ferm\u00e9 (250 unit\u00e9s)\" \/>\n<meta property=\"og:description\" content=\"La Pipette Pasteur en verre sodocalcique \u00e0 bout ferm\u00e9 (250 unit\u00e9s) est de tr\u00e8s bonne qualit\u00e9 et \u00e0 bon prix chez Microbiotech.dz\" \/>\n<meta property=\"og:url\" content=\"https:\/\/store.microbiotech.dz\/index.php\/produit\/pipette-pasteur-en-verre-a-bout-ferme-250-unites\/\" \/>\n<meta property=\"og:site_name\" content=\"La Boutique en ligne\" \/>\n<meta property=\"article:publisher\" content=\"https:\/\/www.facebook.com\/MicroBiotech.dz\" \/>\n<meta property=\"article:modified_time\" content=\"2026-04-20T08:06:46+00:00\" \/>\n<meta property=\"og:image\" content=\"https:\/\/store.microbiotech.dz\/wp-content\/uploads\/2023\/03\/Pipette-Pasteur-en-verre-230mm-a-bout-ferme-250-unites-600x.png\" \/>\n\t<meta property=\"og:image:width\" content=\"600\" \/>\n\t<meta property=\"og:image:height\" content=\"600\" \/>\n\t<meta property=\"og:image:type\" content=\"image\/png\" \/>\n<meta name=\"twitter:card\" content=\"summary_large_image\" \/>\n<meta name=\"twitter:site\" content=\"@MicrobiotechD\" \/>\n<meta name=\"twitter:label1\" content=\"Dur\u00e9e de lecture estim\u00e9e\" \/>\n\t<meta name=\"twitter:data1\" content=\"1 minute\" \/>\n<script type=\"application\/ld+json\" class=\"yoast-schema-graph\">{\"@context\":\"https:\\\/\\\/schema.org\",\"@graph\":[{\"@type\":\"WebPage\",\"@id\":\"https:\\\/\\\/store.microbiotech.dz\\\/index.php\\\/produit\\\/pipette-pasteur-en-verre-a-bout-ferme-250-unites\\\/\",\"url\":\"https:\\\/\\\/store.microbiotech.dz\\\/index.php\\\/produit\\\/pipette-pasteur-en-verre-a-bout-ferme-250-unites\\\/\",\"name\":\"Pipette Pasteur en verre \u00e0 bout ferm\u00e9 (250 unit\u00e9s)\",\"isPartOf\":{\"@id\":\"https:\\\/\\\/store.microbiotech.dz\\\/#website\"},\"primaryImageOfPage\":{\"@id\":\"https:\\\/\\\/store.microbiotech.dz\\\/index.php\\\/produit\\\/pipette-pasteur-en-verre-a-bout-ferme-250-unites\\\/#primaryimage\"},\"image\":{\"@id\":\"https:\\\/\\\/store.microbiotech.dz\\\/index.php\\\/produit\\\/pipette-pasteur-en-verre-a-bout-ferme-250-unites\\\/#primaryimage\"},\"thumbnailUrl\":\"https:\\\/\\\/store.microbiotech.dz\\\/wp-content\\\/uploads\\\/2023\\\/03\\\/Pipette-Pasteur-en-verre-230mm-a-bout-ferme-250-unites-600x.png\",\"datePublished\":\"2023-04-05T13:27:54+00:00\",\"dateModified\":\"2026-04-20T08:06:46+00:00\",\"description\":\"La Pipette Pasteur en verre sodocalcique \u00e0 bout ferm\u00e9 (250 unit\u00e9s) est de tr\u00e8s bonne qualit\u00e9 et \u00e0 bon prix chez Microbiotech.dz\",\"breadcrumb\":{\"@id\":\"https:\\\/\\\/store.microbiotech.dz\\\/index.php\\\/produit\\\/pipette-pasteur-en-verre-a-bout-ferme-250-unites\\\/#breadcrumb\"},\"inLanguage\":\"fr-FR\",\"potentialAction\":[{\"@type\":\"ReadAction\",\"target\":[\"https:\\\/\\\/store.microbiotech.dz\\\/index.php\\\/produit\\\/pipette-pasteur-en-verre-a-bout-ferme-250-unites\\\/\"]}]},{\"@type\":\"ImageObject\",\"inLanguage\":\"fr-FR\",\"@id\":\"https:\\\/\\\/store.microbiotech.dz\\\/index.php\\\/produit\\\/pipette-pasteur-en-verre-a-bout-ferme-250-unites\\\/#primaryimage\",\"url\":\"https:\\\/\\\/store.microbiotech.dz\\\/wp-content\\\/uploads\\\/2023\\\/03\\\/Pipette-Pasteur-en-verre-230mm-a-bout-ferme-250-unites-600x.png\",\"contentUrl\":\"https:\\\/\\\/store.microbiotech.dz\\\/wp-content\\\/uploads\\\/2023\\\/03\\\/Pipette-Pasteur-en-verre-230mm-a-bout-ferme-250-unites-600x.png\",\"width\":600,\"height\":600,\"caption\":\"Pipette Pasteur en verre 230mm \u00e0 bout ferm\u00e9 (250 unit\u00e9s) OLAB\"},{\"@type\":\"BreadcrumbList\",\"@id\":\"https:\\\/\\\/store.microbiotech.dz\\\/index.php\\\/produit\\\/pipette-pasteur-en-verre-a-bout-ferme-250-unites\\\/#breadcrumb\",\"itemListElement\":[{\"@type\":\"ListItem\",\"position\":1,\"name\":\"Accueil\",\"item\":\"https:\\\/\\\/store.microbiotech.dz\\\/\"},{\"@type\":\"ListItem\",\"position\":2,\"name\":\"Nos Produits\",\"item\":\"https:\\\/\\\/store.microbiotech.dz\\\/index.php\\\/nos-produits\\\/\"},{\"@type\":\"ListItem\",\"position\":3,\"name\":\"Pipette Pasteur en verre \u00e0 bout ferm\u00e9 (250 unit\u00e9s)\"}]},{\"@type\":\"WebSite\",\"@id\":\"https:\\\/\\\/store.microbiotech.dz\\\/#website\",\"url\":\"https:\\\/\\\/store.microbiotech.dz\\\/\",\"name\":\"La Boutique en ligne\",\"description\":\"Qualit\u00e9 - Rapidit\u00e9 - Tranquillit\u00e9\",\"publisher\":{\"@id\":\"https:\\\/\\\/store.microbiotech.dz\\\/#organization\"},\"potentialAction\":[{\"@type\":\"SearchAction\",\"target\":{\"@type\":\"EntryPoint\",\"urlTemplate\":\"https:\\\/\\\/store.microbiotech.dz\\\/?s={search_term_string}\"},\"query-input\":{\"@type\":\"PropertyValueSpecification\",\"valueRequired\":true,\"valueName\":\"search_term_string\"}}],\"inLanguage\":\"fr-FR\"},{\"@type\":\"Organization\",\"@id\":\"https:\\\/\\\/store.microbiotech.dz\\\/#organization\",\"name\":\"Microbiotech EURL\",\"url\":\"https:\\\/\\\/store.microbiotech.dz\\\/\",\"logo\":{\"@type\":\"ImageObject\",\"inLanguage\":\"fr-FR\",\"@id\":\"https:\\\/\\\/store.microbiotech.dz\\\/#\\\/schema\\\/logo\\\/image\\\/\",\"url\":\"https:\\\/\\\/store.microbiotech.dz\\\/wp-content\\\/uploads\\\/2021\\\/09\\\/cropped-logo-microbiotech-2.jpg\",\"contentUrl\":\"https:\\\/\\\/store.microbiotech.dz\\\/wp-content\\\/uploads\\\/2021\\\/09\\\/cropped-logo-microbiotech-2.jpg\",\"width\":815,\"height\":586,\"caption\":\"Microbiotech EURL\"},\"image\":{\"@id\":\"https:\\\/\\\/store.microbiotech.dz\\\/#\\\/schema\\\/logo\\\/image\\\/\"},\"sameAs\":[\"https:\\\/\\\/www.facebook.com\\\/MicroBiotech.dz\",\"https:\\\/\\\/x.com\\\/MicrobiotechD\",\"https:\\\/\\\/www.linkedin.com\\\/in\\\/microbiotech\\\/\",\"https:\\\/\\\/www.youtube.com\\\/channel\\\/UCTxc3VIiX7LXD2LQYfZEcDg\"]}]}<\/script>\n<!-- \/ Yoast SEO plugin. -->","yoast_head_json":{"title":"Pipette Pasteur en verre \u00e0 bout ferm\u00e9 (250 unit\u00e9s)","description":"La Pipette Pasteur en verre sodocalcique \u00e0 bout ferm\u00e9 (250 unit\u00e9s) est de tr\u00e8s bonne qualit\u00e9 et \u00e0 bon prix chez Microbiotech.dz","robots":{"index":"index","follow":"follow","max-snippet":"max-snippet:-1","max-image-preview":"max-image-preview:large","max-video-preview":"max-video-preview:-1"},"canonical":"https:\/\/store.microbiotech.dz\/index.php\/produit\/pipette-pasteur-en-verre-a-bout-ferme-250-unites\/","og_locale":"fr_FR","og_type":"article","og_title":"Pipette Pasteur en verre \u00e0 bout ferm\u00e9 (250 unit\u00e9s)","og_description":"La Pipette Pasteur en verre sodocalcique \u00e0 bout ferm\u00e9 (250 unit\u00e9s) est de tr\u00e8s bonne qualit\u00e9 et \u00e0 bon prix chez Microbiotech.dz","og_url":"https:\/\/store.microbiotech.dz\/index.php\/produit\/pipette-pasteur-en-verre-a-bout-ferme-250-unites\/","og_site_name":"La Boutique en ligne","article_publisher":"https:\/\/www.facebook.com\/MicroBiotech.dz","article_modified_time":"2026-04-20T08:06:46+00:00","og_image":[{"width":600,"height":600,"url":"https:\/\/store.microbiotech.dz\/wp-content\/uploads\/2023\/03\/Pipette-Pasteur-en-verre-230mm-a-bout-ferme-250-unites-600x.png","type":"image\/png"}],"twitter_card":"summary_large_image","twitter_site":"@MicrobiotechD","twitter_misc":{"Dur\u00e9e de lecture estim\u00e9e":"1 minute"},"schema":{"@context":"https:\/\/schema.org","@graph":[{"@type":"WebPage","@id":"https:\/\/store.microbiotech.dz\/index.php\/produit\/pipette-pasteur-en-verre-a-bout-ferme-250-unites\/","url":"https:\/\/store.microbiotech.dz\/index.php\/produit\/pipette-pasteur-en-verre-a-bout-ferme-250-unites\/","name":"Pipette Pasteur en verre \u00e0 bout ferm\u00e9 (250 unit\u00e9s)","isPartOf":{"@id":"https:\/\/store.microbiotech.dz\/#website"},"primaryImageOfPage":{"@id":"https:\/\/store.microbiotech.dz\/index.php\/produit\/pipette-pasteur-en-verre-a-bout-ferme-250-unites\/#primaryimage"},"image":{"@id":"https:\/\/store.microbiotech.dz\/index.php\/produit\/pipette-pasteur-en-verre-a-bout-ferme-250-unites\/#primaryimage"},"thumbnailUrl":"https:\/\/store.microbiotech.dz\/wp-content\/uploads\/2023\/03\/Pipette-Pasteur-en-verre-230mm-a-bout-ferme-250-unites-600x.png","datePublished":"2023-04-05T13:27:54+00:00","dateModified":"2026-04-20T08:06:46+00:00","description":"La Pipette Pasteur en verre sodocalcique \u00e0 bout ferm\u00e9 (250 unit\u00e9s) est de tr\u00e8s bonne qualit\u00e9 et \u00e0 bon prix chez Microbiotech.dz","breadcrumb":{"@id":"https:\/\/store.microbiotech.dz\/index.php\/produit\/pipette-pasteur-en-verre-a-bout-ferme-250-unites\/#breadcrumb"},"inLanguage":"fr-FR","potentialAction":[{"@type":"ReadAction","target":["https:\/\/store.microbiotech.dz\/index.php\/produit\/pipette-pasteur-en-verre-a-bout-ferme-250-unites\/"]}]},{"@type":"ImageObject","inLanguage":"fr-FR","@id":"https:\/\/store.microbiotech.dz\/index.php\/produit\/pipette-pasteur-en-verre-a-bout-ferme-250-unites\/#primaryimage","url":"https:\/\/store.microbiotech.dz\/wp-content\/uploads\/2023\/03\/Pipette-Pasteur-en-verre-230mm-a-bout-ferme-250-unites-600x.png","contentUrl":"https:\/\/store.microbiotech.dz\/wp-content\/uploads\/2023\/03\/Pipette-Pasteur-en-verre-230mm-a-bout-ferme-250-unites-600x.png","width":600,"height":600,"caption":"Pipette Pasteur en verre 230mm \u00e0 bout ferm\u00e9 (250 unit\u00e9s) OLAB"},{"@type":"BreadcrumbList","@id":"https:\/\/store.microbiotech.dz\/index.php\/produit\/pipette-pasteur-en-verre-a-bout-ferme-250-unites\/#breadcrumb","itemListElement":[{"@type":"ListItem","position":1,"name":"Accueil","item":"https:\/\/store.microbiotech.dz\/"},{"@type":"ListItem","position":2,"name":"Nos Produits","item":"https:\/\/store.microbiotech.dz\/index.php\/nos-produits\/"},{"@type":"ListItem","position":3,"name":"Pipette Pasteur en verre \u00e0 bout ferm\u00e9 (250 unit\u00e9s)"}]},{"@type":"WebSite","@id":"https:\/\/store.microbiotech.dz\/#website","url":"https:\/\/store.microbiotech.dz\/","name":"La Boutique en ligne","description":"Qualit\u00e9 - Rapidit\u00e9 - Tranquillit\u00e9","publisher":{"@id":"https:\/\/store.microbiotech.dz\/#organization"},"potentialAction":[{"@type":"SearchAction","target":{"@type":"EntryPoint","urlTemplate":"https:\/\/store.microbiotech.dz\/?s={search_term_string}"},"query-input":{"@type":"PropertyValueSpecification","valueRequired":true,"valueName":"search_term_string"}}],"inLanguage":"fr-FR"},{"@type":"Organization","@id":"https:\/\/store.microbiotech.dz\/#organization","name":"Microbiotech EURL","url":"https:\/\/store.microbiotech.dz\/","logo":{"@type":"ImageObject","inLanguage":"fr-FR","@id":"https:\/\/store.microbiotech.dz\/#\/schema\/logo\/image\/","url":"https:\/\/store.microbiotech.dz\/wp-content\/uploads\/2021\/09\/cropped-logo-microbiotech-2.jpg","contentUrl":"https:\/\/store.microbiotech.dz\/wp-content\/uploads\/2021\/09\/cropped-logo-microbiotech-2.jpg","width":815,"height":586,"caption":"Microbiotech EURL"},"image":{"@id":"https:\/\/store.microbiotech.dz\/#\/schema\/logo\/image\/"},"sameAs":["https:\/\/www.facebook.com\/MicroBiotech.dz","https:\/\/x.com\/MicrobiotechD","https:\/\/www.linkedin.com\/in\/microbiotech\/","https:\/\/www.youtube.com\/channel\/UCTxc3VIiX7LXD2LQYfZEcDg"]}]}},"jetpack_sharing_enabled":true,"_links":{"self":[{"href":"https:\/\/store.microbiotech.dz\/index.php\/wp-json\/wp\/v2\/product\/3358","targetHints":{"allow":["GET"]}}],"collection":[{"href":"https:\/\/store.microbiotech.dz\/index.php\/wp-json\/wp\/v2\/product"}],"about":[{"href":"https:\/\/store.microbiotech.dz\/index.php\/wp-json\/wp\/v2\/types\/product"}],"replies":[{"embeddable":true,"href":"https:\/\/store.microbiotech.dz\/index.php\/wp-json\/wp\/v2\/comments?post=3358"}],"wp:featuredmedia":[{"embeddable":true,"href":"https:\/\/store.microbiotech.dz\/index.php\/wp-json\/wp\/v2\/media\/3141"}],"wp:attachment":[{"href":"https:\/\/store.microbiotech.dz\/index.php\/wp-json\/wp\/v2\/media?parent=3358"}],"wp:term":[{"taxonomy":"product_brand","embeddable":true,"href":"https:\/\/store.microbiotech.dz\/index.php\/wp-json\/wp\/v2\/product_brand?post=3358"},{"taxonomy":"product_cat","embeddable":true,"href":"https:\/\/store.microbiotech.dz\/index.php\/wp-json\/wp\/v2\/product_cat?post=3358"},{"taxonomy":"product_tag","embeddable":true,"href":"https:\/\/store.microbiotech.dz\/index.php\/wp-json\/wp\/v2\/product_tag?post=3358"}],"curies":[{"name":"wp","href":"https:\/\/api.w.org\/{rel}","templated":true}]}}