{"id":3357,"date":"2023-04-05T14:24:53","date_gmt":"2023-04-05T13:24:53","guid":{"rendered":"https:\/\/store.microbiotech.dz\/?post_type=product&#038;p=3357"},"modified":"2024-12-23T15:27:13","modified_gmt":"2024-12-23T14:27:13","slug":"ph-metre-portable-faithful-copie","status":"publish","type":"product","link":"https:\/\/store.microbiotech.dz\/index.php\/produit\/ph-metre-portable-faithful-copie\/","title":{"rendered":"pH m\u00e8tre portable FAITHFUL"},"content":{"rendered":"<p>Le pH m\u00e8tre portable <a href=\"https:\/\/fr.faithful.cc\/\" target=\"_blank\" rel=\"noopener\">FAITHFUL<\/a>\u00a0<span style=\"font-size: 16px; font-style: normal; font-weight: 400;\">est \u00e9tanche, moderne et facile \u00e0 utiliser. Il <\/span><span style=\"font-size: 16px;\">est \u00e9quip\u00e9 d&rsquo;un \u00e9cran de 3,5 pouces, et une fonction de lecture automatique qui d\u00e9tecte et verrouille le point final de mesure (pH et temp\u00e9rature) pour emp\u00eacher toute erreur.<\/span><\/p>\n<div style=\"width: 640px;\" class=\"wp-video\"><video class=\"wp-video-shortcode\" id=\"video-3357-1\" width=\"640\" height=\"360\" preload=\"metadata\" controls=\"controls\"><source type=\"video\/mp4\" src=\"https:\/\/store.microbiotech.dz\/wp-content\/uploads\/2023\/03\/OJpPgDMbygmWA7Hc8Ud_269120690687_ld_hq.mp4?_=1\" \/><a href=\"https:\/\/store.microbiotech.dz\/wp-content\/uploads\/2023\/03\/OJpPgDMbygmWA7Hc8Ud_269120690687_ld_hq.mp4\">https:\/\/store.microbiotech.dz\/wp-content\/uploads\/2023\/03\/OJpPgDMbygmWA7Hc8Ud_269120690687_ld_hq.mp4<\/a><\/video><\/div>\n<p>Le <a href=\"https:\/\/store.microbiotech.dz\/?s=ph+metre\" target=\"_blank\" rel=\"noopener\">pH m\u00e8tre<\/a> portable FAITHFUL est le plus souvent utilis\u00e9s en dehors du laboratoire pour mesurer l\u2019acidit\u00e9 ou l\u2019alcalinit\u00e9 des liquides dans les emplacements les plus \u00e9loign\u00e9s. Gr\u00e2ce \u00e0 sa conception ergonomique et au menu intuitif et convivial de notre instrument, il est possible de l&rsquo;utiliser d&rsquo;une seule main.<\/p>\n<p><strong>Caract\u00e9ristiques<\/strong>:<\/p>\n<table border=\"0\" width=\"100%\" cellspacing=\"0\" cellpadding=\"0\">\n<tbody>\n<tr>\n<td width=\"226\">\n<p data-spm-anchor-id=\"a2706.7835515.0.i1.1b0a1a61lkz4uS\">\u00a0 \u00a0Model<\/p>\n<\/td>\n<td width=\"25\"><\/td>\n<td width=\"392\"><span data-spm-anchor-id=\"a2706.7835515.0.i6.1b0a1a61lkz4uS\">220<\/span><\/td>\n<\/tr>\n<tr>\n<td width=\"226\" data-spm-anchor-id=\"a2706.7835515.0.i8.1b0a1a61lkz4uS\">\u00a0 \u00a0pH<\/td>\n<td width=\"25\"><\/td>\n<td width=\"392\"><\/td>\n<\/tr>\n<tr>\n<td width=\"226\">\u00a0 \u00a0Range<\/td>\n<td width=\"25\"><\/td>\n<td width=\"392\">-2.00~20.00pH<\/td>\n<\/tr>\n<tr>\n<td width=\"226\">\u00a0 \u00a0Accuracy<\/td>\n<td width=\"25\"><\/td>\n<td width=\"392\">\u00b10.01pH<\/td>\n<\/tr>\n<tr>\n<td width=\"226\">\u00a0 \u00a0Resolution<\/td>\n<td width=\"25\"><\/td>\n<td width=\"392\">0.01pH<\/td>\n<\/tr>\n<tr>\n<td width=\"226\">\u00a0 \u00a0Calibration Points<\/td>\n<td width=\"25\"><\/td>\n<td width=\"392\">1 to 3 points<\/td>\n<\/tr>\n<tr>\n<td width=\"226\">\u00a0 \u00a0pH Buffer Options<\/td>\n<td width=\"25\"><\/td>\n<td width=\"392\">USA (pH4.01\/7.00\/10.01) or NIST (pH4.01\/6.86\/9.18)<\/td>\n<\/tr>\n<tr>\n<td width=\"226\">\u00a0 \u00a0mV<\/td>\n<td width=\"25\"><\/td>\n<td width=\"392\"><\/td>\n<\/tr>\n<tr>\n<td width=\"226\">\u00a0 \u00a0Range<\/td>\n<td width=\"25\"><\/td>\n<td width=\"392\"><span data-spm-anchor-id=\"a2706.7835515.0.i2.1b0a1a61lkz4uS\">\u00b11999mV<\/span><\/td>\n<\/tr>\n<tr>\n<td width=\"226\">\u00a0 \u00a0Accuracy<\/td>\n<td width=\"25\"><\/td>\n<td width=\"392\">\u00b11mV<\/td>\n<\/tr>\n<tr>\n<td width=\"226\">\u00a0 \u00a0Resolution<\/td>\n<td width=\"25\"><\/td>\n<td width=\"392\">1mV<\/td>\n<\/tr>\n<tr>\n<td width=\"226\">\u00a0 \u00a0Temperature<\/td>\n<td width=\"25\"><\/td>\n<td width=\"392\"><\/td>\n<\/tr>\n<tr>\n<td width=\"226\">\u00a0 \u00a0Range<\/td>\n<td width=\"25\"><\/td>\n<td width=\"392\">0~105\u00b0C, 32~221\u00b0F<\/td>\n<\/tr>\n<tr>\n<td width=\"226\">\u00a0 \u00a0Accuracy<\/td>\n<td width=\"25\"><\/td>\n<td width=\"392\">\u00b10.5\u00b0C<\/td>\n<\/tr>\n<tr>\n<td width=\"226\">\u00a0 \u00a0Resolution<\/td>\n<td width=\"25\"><\/td>\n<td width=\"392\">0.1\u00b0C, 0.1\u00b0F<\/td>\n<\/tr>\n<tr>\n<td width=\"226\">\u00a0 \u00a0Calibration Points<\/td>\n<td width=\"25\"><\/td>\n<td width=\"392\">1 point<\/td>\n<\/tr>\n<tr>\n<td width=\"226\">\u00a0 \u00a0Calibration Range<\/td>\n<td width=\"25\"><\/td>\n<td width=\"392\">Measured value \u00b110\u00b0C<\/td>\n<\/tr>\n<tr>\n<td width=\"226\">\u00a0 \u00a0General<\/td>\n<td width=\"25\"><\/td>\n<td width=\"392\"><\/td>\n<\/tr>\n<tr>\n<td width=\"226\">\u00a0 \u00a0Temperature Compensation<\/td>\n<td width=\"25\"><\/td>\n<td width=\"392\" data-spm-anchor-id=\"a2706.7835515.0.i3.1b0a1a61lkz4uS\">0~100\u00b0C, 32~212\u00b0F, Manual or Automatic<\/td>\n<\/tr>\n<tr>\n<td width=\"226\">\u00a0 \u00a0Data Hold<\/td>\n<td width=\"25\"><\/td>\n<td width=\"392\">Manual or Auto-Endpoint<\/td>\n<\/tr>\n<tr>\n<td width=\"226\">\u00a0 \u00a0Power Off<\/td>\n<td width=\"25\"><\/td>\n<td width=\"392\">Manual or Automatic (30 minutes after last key pressed)<\/td>\n<\/tr>\n<tr>\n<td width=\"226\">\u00a0 \u00a0Reset Function<\/td>\n<td width=\"25\"><\/td>\n<td width=\"392\">Yes<\/td>\n<\/tr>\n<tr>\n<td width=\"226\">\u00a0 \u00a0Memory<\/td>\n<td width=\"25\"><\/td>\n<td width=\"392\">Stores up to 100 data sets<\/td>\n<\/tr>\n<tr>\n<td width=\"226\">\u00a0 \u00a0Output<\/td>\n<td width=\"25\"><\/td>\n<td width=\"392\">USB communication interface<\/td>\n<\/tr>\n<tr>\n<td width=\"226\">\u00a0 \u00a0Connector<\/td>\n<td width=\"25\"><\/td>\n<td width=\"392\">BNC<\/td>\n<\/tr>\n<tr>\n<td width=\"226\">\u00a0 \u00a0Display<\/td>\n<td width=\"25\"><\/td>\n<td width=\"392\">LCD<\/td>\n<\/tr>\n<tr>\n<td width=\"226\">\u00a0 \u00a0Power<\/td>\n<td width=\"25\"><\/td>\n<td width=\"392\">3\u00d71.5V AA batteries or DC5V power adapter<\/td>\n<\/tr>\n<tr>\n<td width=\"226\">\u00a0 \u00a0Battery Life<\/td>\n<td width=\"25\"><\/td>\n<td width=\"392\">Approximately 150 hours (Turn off the backlit)<\/td>\n<\/tr>\n<tr>\n<td width=\"226\">\u00a0 \u00a0Dimensions<\/td>\n<td width=\"25\"><\/td>\n<td width=\"392\">170(L)\u00d785(W)\u00d730(H)mm<\/td>\n<\/tr>\n<tr>\n<td width=\"226\">\u00a0 \u00a0Weight<\/td>\n<td width=\"25\"><\/td>\n<td width=\"392\">300g<\/td>\n<\/tr>\n<\/tbody>\n<\/table>\n","protected":false},"excerpt":{"rendered":"<p>Marque : <span style=\"color: #339966;\"><em><strong>FAITHFUL<\/strong><\/em><\/span> <img loading=\"lazy\" decoding=\"async\" class=\"alignnone wp-image-1795\" src=\"https:\/\/store.microbiotech.dz\/wp-content\/uploads\/2022\/04\/China-Flag.png\" alt=\"\" width=\"44\" height=\"44\" srcset=\"https:\/\/store.microbiotech.dz\/wp-content\/uploads\/2022\/04\/China-Flag.png 224w, https:\/\/store.microbiotech.dz\/wp-content\/uploads\/2022\/04\/China-Flag-150x150.png 150w, https:\/\/store.microbiotech.dz\/wp-content\/uploads\/2022\/04\/China-Flag-100x100.png 100w\" sizes=\"auto, (max-width: 44px) 100vw, 44px\" \/><br \/>\nFontions : <strong>PH\/Temp\u00e9rature-M\u00e8tre<\/strong><\/p>\n<p>Accessoires inclus:<strong> &#8211; 1 appareil &#8211; 1 sonde de temp\u00e9rature &#8211; 1 \u00e9lectrode de pH -1 support de sonde\/\u00e9lectrode &#8211; 3 flacons pour solutions de calibration &#8211; 3 sachets de calibrateurs &#8211; 1 manuel d&rsquo;utilisation &#8211; 1 valise anti chocs.\u00a0<\/strong><\/p>\n<p>M\u00e9moire : <strong>500<\/strong> ensembles de donn\u00e9e<\/p>\n<p>T\u00e9l\u00e9chargement : <strong><a href=\"https:\/\/store.microbiotech.dz\/wp-content\/uploads\/2023\/03\/fiche-technique-ph-metre-portable-faithful.pdf\">manuel d&rsquo;utilisation<\/a><\/strong><\/p>\n<p>&nbsp;<\/p>\n","protected":false},"featured_media":3210,"comment_status":"open","ping_status":"closed","template":"","meta":{"site-sidebar-layout":"default","site-content-layout":"default","ast-site-content-layout":"default","site-content-style":"default","site-sidebar-style":"default","ast-global-header-display":"","ast-banner-title-visibility":"","ast-main-header-display":"","ast-hfb-above-header-display":"","ast-hfb-below-header-display":"","ast-hfb-mobile-header-display":"","site-post-title":"","ast-breadcrumbs-content":"","ast-featured-img":"","footer-sml-layout":"","ast-disable-related-posts":"","theme-transparent-header-meta":"default","adv-header-id-meta":"","stick-header-meta":"","header-above-stick-meta":"","header-main-stick-meta":"","header-below-stick-meta":"","astra-migrate-meta-layouts":"default","ast-page-background-enabled":"default","ast-page-background-meta":{"desktop":{"background-color":"var(--ast-global-color-4)","background-image":"","background-repeat":"repeat","background-position":"center center","background-size":"auto","background-attachment":"scroll","background-type":"","background-media":"","overlay-type":"","overlay-color":"","overlay-opacity":"","overlay-gradient":""},"tablet":{"background-color":"","background-image":"","background-repeat":"repeat","background-position":"center center","background-size":"auto","background-attachment":"scroll","background-type":"","background-media":"","overlay-type":"","overlay-color":"","overlay-opacity":"","overlay-gradient":""},"mobile":{"background-color":"","background-image":"","background-repeat":"repeat","background-position":"center center","background-size":"auto","background-attachment":"scroll","background-type":"","background-media":"","overlay-type":"","overlay-color":"","overlay-opacity":"","overlay-gradient":""}},"ast-content-background-meta":{"desktop":{"background-color":"var(--ast-global-color-5)","background-image":"","background-repeat":"repeat","background-position":"center center","background-size":"auto","background-attachment":"scroll","background-type":"","background-media":"","overlay-type":"","overlay-color":"","overlay-opacity":"","overlay-gradient":""},"tablet":{"background-color":"var(--ast-global-color-5)","background-image":"","background-repeat":"repeat","background-position":"center center","background-size":"auto","background-attachment":"scroll","background-type":"","background-media":"","overlay-type":"","overlay-color":"","overlay-opacity":"","overlay-gradient":""},"mobile":{"background-color":"var(--ast-global-color-5)","background-image":"","background-repeat":"repeat","background-position":"center center","background-size":"auto","background-attachment":"scroll","background-type":"","background-media":"","overlay-type":"","overlay-color":"","overlay-opacity":"","overlay-gradient":""}},"jetpack_post_was_ever_published":false},"product_brand":[],"product_cat":[238],"product_tag":[930,997,546,547],"class_list":{"0":"post-3357","1":"product","2":"type-product","3":"status-publish","4":"has-post-thumbnail","6":"product_cat-equipements","7":"product_tag-f90","8":"product_tag-faithful","9":"product_tag-ph","10":"product_tag-ph-metre","11":"product_shipping_class-temperature-ambiante","12":"desktop-align-center","13":"tablet-align-left","14":"mobile-align-left","16":"first","17":"outofstock","18":"taxable","19":"shipping-taxable","20":"purchasable","21":"product-type-simple"},"yoast_head":"<!-- This site is optimized with the Yoast SEO plugin v27.4 - https:\/\/yoast.com\/product\/yoast-seo-wordpress\/ -->\n<title>pH m\u00e8tre portable FAITHFUL - La Boutique en ligne<\/title>\n<meta name=\"description\" content=\"Le pH m\u00e8tre portable FAITHFUL pour mesurer la temp\u00e9rature et le pH est disponible dans notre boutique \u00e0 un prix exceptionnel.\" \/>\n<meta name=\"robots\" content=\"index, follow, max-snippet:-1, max-image-preview:large, max-video-preview:-1\" \/>\n<link rel=\"canonical\" href=\"https:\/\/store.microbiotech.dz\/index.php\/produit\/ph-metre-portable-faithful-copie\/\" \/>\n<meta property=\"og:locale\" content=\"fr_FR\" \/>\n<meta property=\"og:type\" content=\"article\" \/>\n<meta property=\"og:title\" content=\"pH m\u00e8tre portable FAITHFUL - La Boutique en ligne\" \/>\n<meta property=\"og:description\" content=\"Le pH m\u00e8tre portable FAITHFUL pour mesurer la temp\u00e9rature et le pH est disponible dans notre boutique \u00e0 un prix exceptionnel.\" \/>\n<meta property=\"og:url\" content=\"https:\/\/store.microbiotech.dz\/index.php\/produit\/ph-metre-portable-faithful-copie\/\" \/>\n<meta property=\"og:site_name\" content=\"La Boutique en ligne\" \/>\n<meta property=\"article:publisher\" content=\"https:\/\/www.facebook.com\/MicroBiotech.dz\" \/>\n<meta property=\"article:modified_time\" content=\"2024-12-23T14:27:13+00:00\" \/>\n<meta property=\"og:image\" content=\"https:\/\/store.microbiotech.dz\/wp-content\/uploads\/2023\/03\/H38715a1edd8d4942a80b41d0e322310bJ.jpg\" \/>\n\t<meta property=\"og:image:width\" content=\"1862\" \/>\n\t<meta property=\"og:image:height\" content=\"2000\" \/>\n\t<meta property=\"og:image:type\" content=\"image\/jpeg\" \/>\n<meta name=\"twitter:card\" content=\"summary_large_image\" \/>\n<meta name=\"twitter:site\" content=\"@MicrobiotechD\" \/>\n<meta name=\"twitter:label1\" content=\"Dur\u00e9e de lecture estim\u00e9e\" \/>\n\t<meta name=\"twitter:data1\" content=\"1 minute\" \/>\n<script type=\"application\/ld+json\" class=\"yoast-schema-graph\">{\"@context\":\"https:\\\/\\\/schema.org\",\"@graph\":[{\"@type\":\"WebPage\",\"@id\":\"https:\\\/\\\/store.microbiotech.dz\\\/index.php\\\/produit\\\/ph-metre-portable-faithful-copie\\\/\",\"url\":\"https:\\\/\\\/store.microbiotech.dz\\\/index.php\\\/produit\\\/ph-metre-portable-faithful-copie\\\/\",\"name\":\"pH m\u00e8tre portable FAITHFUL - La Boutique en ligne\",\"isPartOf\":{\"@id\":\"https:\\\/\\\/store.microbiotech.dz\\\/#website\"},\"primaryImageOfPage\":{\"@id\":\"https:\\\/\\\/store.microbiotech.dz\\\/index.php\\\/produit\\\/ph-metre-portable-faithful-copie\\\/#primaryimage\"},\"image\":{\"@id\":\"https:\\\/\\\/store.microbiotech.dz\\\/index.php\\\/produit\\\/ph-metre-portable-faithful-copie\\\/#primaryimage\"},\"thumbnailUrl\":\"https:\\\/\\\/store.microbiotech.dz\\\/wp-content\\\/uploads\\\/2023\\\/03\\\/H38715a1edd8d4942a80b41d0e322310bJ.jpg\",\"datePublished\":\"2023-04-05T13:24:53+00:00\",\"dateModified\":\"2024-12-23T14:27:13+00:00\",\"description\":\"Le pH m\u00e8tre portable FAITHFUL pour mesurer la temp\u00e9rature et le pH est disponible dans notre boutique \u00e0 un prix exceptionnel.\",\"breadcrumb\":{\"@id\":\"https:\\\/\\\/store.microbiotech.dz\\\/index.php\\\/produit\\\/ph-metre-portable-faithful-copie\\\/#breadcrumb\"},\"inLanguage\":\"fr-FR\",\"potentialAction\":[{\"@type\":\"ReadAction\",\"target\":[\"https:\\\/\\\/store.microbiotech.dz\\\/index.php\\\/produit\\\/ph-metre-portable-faithful-copie\\\/\"]}]},{\"@type\":\"ImageObject\",\"inLanguage\":\"fr-FR\",\"@id\":\"https:\\\/\\\/store.microbiotech.dz\\\/index.php\\\/produit\\\/ph-metre-portable-faithful-copie\\\/#primaryimage\",\"url\":\"https:\\\/\\\/store.microbiotech.dz\\\/wp-content\\\/uploads\\\/2023\\\/03\\\/H38715a1edd8d4942a80b41d0e322310bJ.jpg\",\"contentUrl\":\"https:\\\/\\\/store.microbiotech.dz\\\/wp-content\\\/uploads\\\/2023\\\/03\\\/H38715a1edd8d4942a80b41d0e322310bJ.jpg\",\"width\":1862,\"height\":2000},{\"@type\":\"BreadcrumbList\",\"@id\":\"https:\\\/\\\/store.microbiotech.dz\\\/index.php\\\/produit\\\/ph-metre-portable-faithful-copie\\\/#breadcrumb\",\"itemListElement\":[{\"@type\":\"ListItem\",\"position\":1,\"name\":\"Accueil\",\"item\":\"https:\\\/\\\/store.microbiotech.dz\\\/\"},{\"@type\":\"ListItem\",\"position\":2,\"name\":\"Nos Produits\",\"item\":\"https:\\\/\\\/store.microbiotech.dz\\\/index.php\\\/nos-produits\\\/\"},{\"@type\":\"ListItem\",\"position\":3,\"name\":\"pH m\u00e8tre portable FAITHFUL\"}]},{\"@type\":\"WebSite\",\"@id\":\"https:\\\/\\\/store.microbiotech.dz\\\/#website\",\"url\":\"https:\\\/\\\/store.microbiotech.dz\\\/\",\"name\":\"La Boutique en ligne\",\"description\":\"Qualit\u00e9 - Rapidit\u00e9 - Tranquillit\u00e9\",\"publisher\":{\"@id\":\"https:\\\/\\\/store.microbiotech.dz\\\/#organization\"},\"potentialAction\":[{\"@type\":\"SearchAction\",\"target\":{\"@type\":\"EntryPoint\",\"urlTemplate\":\"https:\\\/\\\/store.microbiotech.dz\\\/?s={search_term_string}\"},\"query-input\":{\"@type\":\"PropertyValueSpecification\",\"valueRequired\":true,\"valueName\":\"search_term_string\"}}],\"inLanguage\":\"fr-FR\"},{\"@type\":\"Organization\",\"@id\":\"https:\\\/\\\/store.microbiotech.dz\\\/#organization\",\"name\":\"Microbiotech EURL\",\"url\":\"https:\\\/\\\/store.microbiotech.dz\\\/\",\"logo\":{\"@type\":\"ImageObject\",\"inLanguage\":\"fr-FR\",\"@id\":\"https:\\\/\\\/store.microbiotech.dz\\\/#\\\/schema\\\/logo\\\/image\\\/\",\"url\":\"https:\\\/\\\/store.microbiotech.dz\\\/wp-content\\\/uploads\\\/2021\\\/09\\\/cropped-logo-microbiotech-2.jpg\",\"contentUrl\":\"https:\\\/\\\/store.microbiotech.dz\\\/wp-content\\\/uploads\\\/2021\\\/09\\\/cropped-logo-microbiotech-2.jpg\",\"width\":815,\"height\":586,\"caption\":\"Microbiotech EURL\"},\"image\":{\"@id\":\"https:\\\/\\\/store.microbiotech.dz\\\/#\\\/schema\\\/logo\\\/image\\\/\"},\"sameAs\":[\"https:\\\/\\\/www.facebook.com\\\/MicroBiotech.dz\",\"https:\\\/\\\/x.com\\\/MicrobiotechD\",\"https:\\\/\\\/www.linkedin.com\\\/in\\\/microbiotech\\\/\",\"https:\\\/\\\/www.youtube.com\\\/channel\\\/UCTxc3VIiX7LXD2LQYfZEcDg\"]}]}<\/script>\n<!-- \/ Yoast SEO plugin. -->","yoast_head_json":{"title":"pH m\u00e8tre portable FAITHFUL - La Boutique en ligne","description":"Le pH m\u00e8tre portable FAITHFUL pour mesurer la temp\u00e9rature et le pH est disponible dans notre boutique \u00e0 un prix exceptionnel.","robots":{"index":"index","follow":"follow","max-snippet":"max-snippet:-1","max-image-preview":"max-image-preview:large","max-video-preview":"max-video-preview:-1"},"canonical":"https:\/\/store.microbiotech.dz\/index.php\/produit\/ph-metre-portable-faithful-copie\/","og_locale":"fr_FR","og_type":"article","og_title":"pH m\u00e8tre portable FAITHFUL - La Boutique en ligne","og_description":"Le pH m\u00e8tre portable FAITHFUL pour mesurer la temp\u00e9rature et le pH est disponible dans notre boutique \u00e0 un prix exceptionnel.","og_url":"https:\/\/store.microbiotech.dz\/index.php\/produit\/ph-metre-portable-faithful-copie\/","og_site_name":"La Boutique en ligne","article_publisher":"https:\/\/www.facebook.com\/MicroBiotech.dz","article_modified_time":"2024-12-23T14:27:13+00:00","og_image":[{"width":1862,"height":2000,"url":"https:\/\/store.microbiotech.dz\/wp-content\/uploads\/2023\/03\/H38715a1edd8d4942a80b41d0e322310bJ.jpg","type":"image\/jpeg"}],"twitter_card":"summary_large_image","twitter_site":"@MicrobiotechD","twitter_misc":{"Dur\u00e9e de lecture estim\u00e9e":"1 minute"},"schema":{"@context":"https:\/\/schema.org","@graph":[{"@type":"WebPage","@id":"https:\/\/store.microbiotech.dz\/index.php\/produit\/ph-metre-portable-faithful-copie\/","url":"https:\/\/store.microbiotech.dz\/index.php\/produit\/ph-metre-portable-faithful-copie\/","name":"pH m\u00e8tre portable FAITHFUL - La Boutique en ligne","isPartOf":{"@id":"https:\/\/store.microbiotech.dz\/#website"},"primaryImageOfPage":{"@id":"https:\/\/store.microbiotech.dz\/index.php\/produit\/ph-metre-portable-faithful-copie\/#primaryimage"},"image":{"@id":"https:\/\/store.microbiotech.dz\/index.php\/produit\/ph-metre-portable-faithful-copie\/#primaryimage"},"thumbnailUrl":"https:\/\/store.microbiotech.dz\/wp-content\/uploads\/2023\/03\/H38715a1edd8d4942a80b41d0e322310bJ.jpg","datePublished":"2023-04-05T13:24:53+00:00","dateModified":"2024-12-23T14:27:13+00:00","description":"Le pH m\u00e8tre portable FAITHFUL pour mesurer la temp\u00e9rature et le pH est disponible dans notre boutique \u00e0 un prix exceptionnel.","breadcrumb":{"@id":"https:\/\/store.microbiotech.dz\/index.php\/produit\/ph-metre-portable-faithful-copie\/#breadcrumb"},"inLanguage":"fr-FR","potentialAction":[{"@type":"ReadAction","target":["https:\/\/store.microbiotech.dz\/index.php\/produit\/ph-metre-portable-faithful-copie\/"]}]},{"@type":"ImageObject","inLanguage":"fr-FR","@id":"https:\/\/store.microbiotech.dz\/index.php\/produit\/ph-metre-portable-faithful-copie\/#primaryimage","url":"https:\/\/store.microbiotech.dz\/wp-content\/uploads\/2023\/03\/H38715a1edd8d4942a80b41d0e322310bJ.jpg","contentUrl":"https:\/\/store.microbiotech.dz\/wp-content\/uploads\/2023\/03\/H38715a1edd8d4942a80b41d0e322310bJ.jpg","width":1862,"height":2000},{"@type":"BreadcrumbList","@id":"https:\/\/store.microbiotech.dz\/index.php\/produit\/ph-metre-portable-faithful-copie\/#breadcrumb","itemListElement":[{"@type":"ListItem","position":1,"name":"Accueil","item":"https:\/\/store.microbiotech.dz\/"},{"@type":"ListItem","position":2,"name":"Nos Produits","item":"https:\/\/store.microbiotech.dz\/index.php\/nos-produits\/"},{"@type":"ListItem","position":3,"name":"pH m\u00e8tre portable FAITHFUL"}]},{"@type":"WebSite","@id":"https:\/\/store.microbiotech.dz\/#website","url":"https:\/\/store.microbiotech.dz\/","name":"La Boutique en ligne","description":"Qualit\u00e9 - Rapidit\u00e9 - Tranquillit\u00e9","publisher":{"@id":"https:\/\/store.microbiotech.dz\/#organization"},"potentialAction":[{"@type":"SearchAction","target":{"@type":"EntryPoint","urlTemplate":"https:\/\/store.microbiotech.dz\/?s={search_term_string}"},"query-input":{"@type":"PropertyValueSpecification","valueRequired":true,"valueName":"search_term_string"}}],"inLanguage":"fr-FR"},{"@type":"Organization","@id":"https:\/\/store.microbiotech.dz\/#organization","name":"Microbiotech EURL","url":"https:\/\/store.microbiotech.dz\/","logo":{"@type":"ImageObject","inLanguage":"fr-FR","@id":"https:\/\/store.microbiotech.dz\/#\/schema\/logo\/image\/","url":"https:\/\/store.microbiotech.dz\/wp-content\/uploads\/2021\/09\/cropped-logo-microbiotech-2.jpg","contentUrl":"https:\/\/store.microbiotech.dz\/wp-content\/uploads\/2021\/09\/cropped-logo-microbiotech-2.jpg","width":815,"height":586,"caption":"Microbiotech EURL"},"image":{"@id":"https:\/\/store.microbiotech.dz\/#\/schema\/logo\/image\/"},"sameAs":["https:\/\/www.facebook.com\/MicroBiotech.dz","https:\/\/x.com\/MicrobiotechD","https:\/\/www.linkedin.com\/in\/microbiotech\/","https:\/\/www.youtube.com\/channel\/UCTxc3VIiX7LXD2LQYfZEcDg"]}]}},"jetpack_sharing_enabled":true,"_links":{"self":[{"href":"https:\/\/store.microbiotech.dz\/index.php\/wp-json\/wp\/v2\/product\/3357","targetHints":{"allow":["GET"]}}],"collection":[{"href":"https:\/\/store.microbiotech.dz\/index.php\/wp-json\/wp\/v2\/product"}],"about":[{"href":"https:\/\/store.microbiotech.dz\/index.php\/wp-json\/wp\/v2\/types\/product"}],"replies":[{"embeddable":true,"href":"https:\/\/store.microbiotech.dz\/index.php\/wp-json\/wp\/v2\/comments?post=3357"}],"wp:featuredmedia":[{"embeddable":true,"href":"https:\/\/store.microbiotech.dz\/index.php\/wp-json\/wp\/v2\/media\/3210"}],"wp:attachment":[{"href":"https:\/\/store.microbiotech.dz\/index.php\/wp-json\/wp\/v2\/media?parent=3357"}],"wp:term":[{"taxonomy":"product_brand","embeddable":true,"href":"https:\/\/store.microbiotech.dz\/index.php\/wp-json\/wp\/v2\/product_brand?post=3357"},{"taxonomy":"product_cat","embeddable":true,"href":"https:\/\/store.microbiotech.dz\/index.php\/wp-json\/wp\/v2\/product_cat?post=3357"},{"taxonomy":"product_tag","embeddable":true,"href":"https:\/\/store.microbiotech.dz\/index.php\/wp-json\/wp\/v2\/product_tag?post=3357"}],"curies":[{"name":"wp","href":"https:\/\/api.w.org\/{rel}","templated":true}]}}