{"id":3299,"date":"2023-06-20T10:14:08","date_gmt":"2023-06-20T09:14:08","guid":{"rendered":"https:\/\/store.microbiotech.dz\/?post_type=product&#038;p=3299"},"modified":"2025-10-07T08:54:40","modified_gmt":"2025-10-07T07:54:40","slug":"plaque-ccm-gel-de-silice-60-merck-f254-25-unites","status":"publish","type":"product","link":"https:\/\/store.microbiotech.dz\/index.php\/produit\/plaque-ccm-gel-de-silice-60-merck-f254-25-unites\/","title":{"rendered":"Plaque CCM gel de silice 60 MERCK (F254) 25 unit\u00e9s"},"content":{"rendered":"<p>Plaque CCM gel de silice 60 <a style=\"font-size: 16px;font-style: normal;font-weight: 400;color: #3a3a3a\" href=\"https:\/\/www.merckmillipore.com\/INTL\/en\/products\/vMqb.qB.GdEAAAE_Mhd3.Lxj,nav?ReferrerURL=https%3A%2F%2Fwww.google.com%2F\" target=\"_blank\" rel=\"noopener\">MERCK<\/a> <span style=\"font-size: 16px\">(F254) 25 unit\u00e9s <\/span><span style=\"font-size: 16px\">pour chromatographie en couche mince <\/span><span style=\"font-size: 16px;font-style: normal;font-weight: 400\">recouverte<\/span><span style=\"font-size: 16px\"> de gel de silice de haute puret\u00e9 (poudre)\u00a0<\/span><span style=\"font-size: 16px;font-style: normal;font-weight: 400\">avec indicateur fluorescent F254.<\/span><\/p>\n<p>La surface de la Plaque CCM gel de silice 60 MERCK (F254) 25 unit\u00e9s est d&rsquo;un blanc pur, plate et uniforme, fine et sans pelage, <span style=\"font-size: 16px;font-style: normal;font-weight: 400\">r\u00e9sistant aux fissures et aux d\u00e9formations. <\/span><span style=\"font-size: 16px\">La plaque de base de ce produit est une feuille d&rsquo;aluminium.<\/span><\/p>\n<p><span style=\"font-size: 16px;font-style: normal;font-weight: 400\">Le rev\u00eatement lisse et extr\u00eamement dense des plaques garantit des bandes \u00e9troites et une efficacit\u00e9 de s\u00e9paration maximale avec un bruit de fond minimal.<\/span><\/p>\n<p>Les plaques de gel de silice pour <a href=\"https:\/\/store.microbiotech.dz\/?s=chromatographie\" target=\"_blank\" rel=\"noopener\">chromatographie<\/a> en couche mince sont utilisable pour l&rsquo;analyse qualitative et quantitative de divers types de substances organiques.<\/p>\n","protected":false},"excerpt":{"rendered":"<p>&nbsp;<\/p>\n<p>Marque : <strong>MERCK <img loading=\"lazy\" decoding=\"async\" class=\"alignnone wp-image-1649\" src=\"https:\/\/store.microbiotech.dz\/wp-content\/uploads\/2022\/04\/51968274-le-drapeau-allemand-icone-matte-ronde-isole-sur-fond-blanc--300x300.webp\" alt=\"\" width=\"54\" height=\"54\" srcset=\"https:\/\/store.microbiotech.dz\/wp-content\/uploads\/2022\/04\/51968274-le-drapeau-allemand-icone-matte-ronde-isole-sur-fond-blanc--300x300.webp 300w, https:\/\/store.microbiotech.dz\/wp-content\/uploads\/2022\/04\/51968274-le-drapeau-allemand-icone-matte-ronde-isole-sur-fond-blanc--150x150.webp 150w, https:\/\/store.microbiotech.dz\/wp-content\/uploads\/2022\/04\/51968274-le-drapeau-allemand-icone-matte-ronde-isole-sur-fond-blanc--100x100.webp 100w, https:\/\/store.microbiotech.dz\/wp-content\/uploads\/2022\/04\/51968274-le-drapeau-allemand-icone-matte-ronde-isole-sur-fond-blanc-.webp 450w\" sizes=\"auto, (max-width: 54px) 100vw, 54px\" \/><\/strong><br \/>\nConditionnement : <b>boite de 25 unit\u00e9s\u00a0<\/b><br \/>\nIndicateur fluorescent : <strong>F254<\/strong><br \/>\nDimensions : <strong>20&#215;20 cm<\/strong><\/p>\n","protected":false},"featured_media":1498,"comment_status":"open","ping_status":"closed","template":"","meta":{"site-sidebar-layout":"default","site-content-layout":"default","ast-site-content-layout":"default","site-content-style":"default","site-sidebar-style":"default","ast-global-header-display":"","ast-banner-title-visibility":"","ast-main-header-display":"","ast-hfb-above-header-display":"","ast-hfb-below-header-display":"","ast-hfb-mobile-header-display":"","site-post-title":"","ast-breadcrumbs-content":"","ast-featured-img":"","footer-sml-layout":"","ast-disable-related-posts":"","theme-transparent-header-meta":"default","adv-header-id-meta":"","stick-header-meta":"","header-above-stick-meta":"","header-main-stick-meta":"","header-below-stick-meta":"","astra-migrate-meta-layouts":"set","ast-page-background-enabled":"default","ast-page-background-meta":{"desktop":{"background-color":"var(--ast-global-color-4)","background-image":"","background-repeat":"repeat","background-position":"center center","background-size":"auto","background-attachment":"scroll","background-type":"","background-media":"","overlay-type":"","overlay-color":"","overlay-opacity":"","overlay-gradient":""},"tablet":{"background-color":"","background-image":"","background-repeat":"repeat","background-position":"center center","background-size":"auto","background-attachment":"scroll","background-type":"","background-media":"","overlay-type":"","overlay-color":"","overlay-opacity":"","overlay-gradient":""},"mobile":{"background-color":"","background-image":"","background-repeat":"repeat","background-position":"center center","background-size":"auto","background-attachment":"scroll","background-type":"","background-media":"","overlay-type":"","overlay-color":"","overlay-opacity":"","overlay-gradient":""}},"ast-content-background-meta":{"desktop":{"background-color":"var(--ast-global-color-5)","background-image":"","background-repeat":"repeat","background-position":"center center","background-size":"auto","background-attachment":"scroll","background-type":"","background-media":"","overlay-type":"","overlay-color":"","overlay-opacity":"","overlay-gradient":""},"tablet":{"background-color":"var(--ast-global-color-5)","background-image":"","background-repeat":"repeat","background-position":"center center","background-size":"auto","background-attachment":"scroll","background-type":"","background-media":"","overlay-type":"","overlay-color":"","overlay-opacity":"","overlay-gradient":""},"mobile":{"background-color":"var(--ast-global-color-5)","background-image":"","background-repeat":"repeat","background-position":"center center","background-size":"auto","background-attachment":"scroll","background-type":"","background-media":"","overlay-type":"","overlay-color":"","overlay-opacity":"","overlay-gradient":""}},"jetpack_post_was_ever_published":false},"product_brand":[],"product_cat":[238],"product_tag":[539,536,540,125,193,538],"class_list":{"0":"post-3299","1":"product","2":"type-product","3":"status-publish","4":"has-post-thumbnail","6":"product_cat-equipements","7":"product_tag-chromatographie","8":"product_tag-f17","9":"product_tag-gel-de-silice","10":"product_tag-merck","11":"product_tag-merck-millipore","12":"product_tag-plaque-ccm","13":"desktop-align-center","14":"tablet-align-left","15":"mobile-align-left","17":"first","18":"outofstock","19":"taxable","20":"shipping-taxable","21":"product-type-variable"},"yoast_head":"<!-- This site is optimized with the Yoast SEO plugin v27.4 - https:\/\/yoast.com\/product\/yoast-seo-wordpress\/ -->\n<title>Plaque CCM gel de silice 60 MERCK (F254) 25 unit\u00e9s<\/title>\n<meta name=\"description\" content=\"La Plaque CCM gel de silice 60 MERCK (F254) 25 unit\u00e9s r\u00e9sistante aux fissures vous garantit des bandes \u00e9troites et une efficacit\u00e9 de s\u00e9paration maximale.\" \/>\n<meta name=\"robots\" content=\"index, follow, max-snippet:-1, max-image-preview:large, max-video-preview:-1\" \/>\n<link rel=\"canonical\" href=\"https:\/\/store.microbiotech.dz\/index.php\/produit\/plaque-ccm-gel-de-silice-60-merck-f254-25-unites\/\" \/>\n<meta property=\"og:locale\" content=\"fr_FR\" \/>\n<meta property=\"og:type\" content=\"article\" \/>\n<meta property=\"og:title\" content=\"Plaque CCM gel de silice 60 MERCK (F254) 25 unit\u00e9s\" \/>\n<meta property=\"og:description\" content=\"La Plaque CCM gel de silice 60 MERCK (F254) 25 unit\u00e9s r\u00e9sistante aux fissures vous garantit des bandes \u00e9troites et une efficacit\u00e9 de s\u00e9paration maximale.\" \/>\n<meta property=\"og:url\" content=\"https:\/\/store.microbiotech.dz\/index.php\/produit\/plaque-ccm-gel-de-silice-60-merck-f254-25-unites\/\" \/>\n<meta property=\"og:site_name\" content=\"La Boutique en ligne\" \/>\n<meta property=\"article:publisher\" content=\"https:\/\/www.facebook.com\/MicroBiotech.dz\" \/>\n<meta property=\"article:modified_time\" content=\"2025-10-07T07:54:40+00:00\" \/>\n<meta property=\"og:image\" content=\"https:\/\/store.microbiotech.dz\/wp-content\/uploads\/2022\/02\/Classical_Silica-TLCClassical_Silica-TLC-ALL.jpg\" \/>\n\t<meta property=\"og:image:width\" content=\"600\" \/>\n\t<meta property=\"og:image:height\" content=\"476\" \/>\n\t<meta property=\"og:image:type\" content=\"image\/jpeg\" \/>\n<meta name=\"twitter:card\" content=\"summary_large_image\" \/>\n<meta name=\"twitter:site\" content=\"@MicrobiotechD\" \/>\n<meta name=\"twitter:label1\" content=\"Dur\u00e9e de lecture estim\u00e9e\" \/>\n\t<meta name=\"twitter:data1\" content=\"1 minute\" \/>\n<script type=\"application\/ld+json\" class=\"yoast-schema-graph\">{\"@context\":\"https:\\\/\\\/schema.org\",\"@graph\":[{\"@type\":\"WebPage\",\"@id\":\"https:\\\/\\\/store.microbiotech.dz\\\/index.php\\\/produit\\\/plaque-ccm-gel-de-silice-60-merck-f254-25-unites\\\/\",\"url\":\"https:\\\/\\\/store.microbiotech.dz\\\/index.php\\\/produit\\\/plaque-ccm-gel-de-silice-60-merck-f254-25-unites\\\/\",\"name\":\"Plaque CCM gel de silice 60 MERCK (F254) 25 unit\u00e9s\",\"isPartOf\":{\"@id\":\"https:\\\/\\\/store.microbiotech.dz\\\/#website\"},\"primaryImageOfPage\":{\"@id\":\"https:\\\/\\\/store.microbiotech.dz\\\/index.php\\\/produit\\\/plaque-ccm-gel-de-silice-60-merck-f254-25-unites\\\/#primaryimage\"},\"image\":{\"@id\":\"https:\\\/\\\/store.microbiotech.dz\\\/index.php\\\/produit\\\/plaque-ccm-gel-de-silice-60-merck-f254-25-unites\\\/#primaryimage\"},\"thumbnailUrl\":\"https:\\\/\\\/store.microbiotech.dz\\\/wp-content\\\/uploads\\\/2022\\\/02\\\/Classical_Silica-TLCClassical_Silica-TLC-ALL.jpg\",\"datePublished\":\"2023-06-20T09:14:08+00:00\",\"dateModified\":\"2025-10-07T07:54:40+00:00\",\"description\":\"La Plaque CCM gel de silice 60 MERCK (F254) 25 unit\u00e9s r\u00e9sistante aux fissures vous garantit des bandes \u00e9troites et une efficacit\u00e9 de s\u00e9paration maximale.\",\"breadcrumb\":{\"@id\":\"https:\\\/\\\/store.microbiotech.dz\\\/index.php\\\/produit\\\/plaque-ccm-gel-de-silice-60-merck-f254-25-unites\\\/#breadcrumb\"},\"inLanguage\":\"fr-FR\",\"potentialAction\":[{\"@type\":\"ReadAction\",\"target\":[\"https:\\\/\\\/store.microbiotech.dz\\\/index.php\\\/produit\\\/plaque-ccm-gel-de-silice-60-merck-f254-25-unites\\\/\"]}]},{\"@type\":\"ImageObject\",\"inLanguage\":\"fr-FR\",\"@id\":\"https:\\\/\\\/store.microbiotech.dz\\\/index.php\\\/produit\\\/plaque-ccm-gel-de-silice-60-merck-f254-25-unites\\\/#primaryimage\",\"url\":\"https:\\\/\\\/store.microbiotech.dz\\\/wp-content\\\/uploads\\\/2022\\\/02\\\/Classical_Silica-TLCClassical_Silica-TLC-ALL.jpg\",\"contentUrl\":\"https:\\\/\\\/store.microbiotech.dz\\\/wp-content\\\/uploads\\\/2022\\\/02\\\/Classical_Silica-TLCClassical_Silica-TLC-ALL.jpg\",\"width\":600,\"height\":476,\"caption\":\"Plaque CCM gel de silice 60 MERCK (F254) 25 unit\u00e9s\"},{\"@type\":\"BreadcrumbList\",\"@id\":\"https:\\\/\\\/store.microbiotech.dz\\\/index.php\\\/produit\\\/plaque-ccm-gel-de-silice-60-merck-f254-25-unites\\\/#breadcrumb\",\"itemListElement\":[{\"@type\":\"ListItem\",\"position\":1,\"name\":\"Accueil\",\"item\":\"https:\\\/\\\/store.microbiotech.dz\\\/\"},{\"@type\":\"ListItem\",\"position\":2,\"name\":\"Nos Produits\",\"item\":\"https:\\\/\\\/store.microbiotech.dz\\\/index.php\\\/nos-produits\\\/\"},{\"@type\":\"ListItem\",\"position\":3,\"name\":\"Plaque CCM gel de silice 60 MERCK (F254) 25 unit\u00e9s\"}]},{\"@type\":\"WebSite\",\"@id\":\"https:\\\/\\\/store.microbiotech.dz\\\/#website\",\"url\":\"https:\\\/\\\/store.microbiotech.dz\\\/\",\"name\":\"La Boutique en ligne\",\"description\":\"Qualit\u00e9 - Rapidit\u00e9 - Tranquillit\u00e9\",\"publisher\":{\"@id\":\"https:\\\/\\\/store.microbiotech.dz\\\/#organization\"},\"potentialAction\":[{\"@type\":\"SearchAction\",\"target\":{\"@type\":\"EntryPoint\",\"urlTemplate\":\"https:\\\/\\\/store.microbiotech.dz\\\/?s={search_term_string}\"},\"query-input\":{\"@type\":\"PropertyValueSpecification\",\"valueRequired\":true,\"valueName\":\"search_term_string\"}}],\"inLanguage\":\"fr-FR\"},{\"@type\":\"Organization\",\"@id\":\"https:\\\/\\\/store.microbiotech.dz\\\/#organization\",\"name\":\"Microbiotech EURL\",\"url\":\"https:\\\/\\\/store.microbiotech.dz\\\/\",\"logo\":{\"@type\":\"ImageObject\",\"inLanguage\":\"fr-FR\",\"@id\":\"https:\\\/\\\/store.microbiotech.dz\\\/#\\\/schema\\\/logo\\\/image\\\/\",\"url\":\"https:\\\/\\\/store.microbiotech.dz\\\/wp-content\\\/uploads\\\/2021\\\/09\\\/cropped-logo-microbiotech-2.jpg\",\"contentUrl\":\"https:\\\/\\\/store.microbiotech.dz\\\/wp-content\\\/uploads\\\/2021\\\/09\\\/cropped-logo-microbiotech-2.jpg\",\"width\":815,\"height\":586,\"caption\":\"Microbiotech EURL\"},\"image\":{\"@id\":\"https:\\\/\\\/store.microbiotech.dz\\\/#\\\/schema\\\/logo\\\/image\\\/\"},\"sameAs\":[\"https:\\\/\\\/www.facebook.com\\\/MicroBiotech.dz\",\"https:\\\/\\\/x.com\\\/MicrobiotechD\",\"https:\\\/\\\/www.linkedin.com\\\/in\\\/microbiotech\\\/\",\"https:\\\/\\\/www.youtube.com\\\/channel\\\/UCTxc3VIiX7LXD2LQYfZEcDg\"]}]}<\/script>\n<!-- \/ Yoast SEO plugin. -->","yoast_head_json":{"title":"Plaque CCM gel de silice 60 MERCK (F254) 25 unit\u00e9s","description":"La Plaque CCM gel de silice 60 MERCK (F254) 25 unit\u00e9s r\u00e9sistante aux fissures vous garantit des bandes \u00e9troites et une efficacit\u00e9 de s\u00e9paration maximale.","robots":{"index":"index","follow":"follow","max-snippet":"max-snippet:-1","max-image-preview":"max-image-preview:large","max-video-preview":"max-video-preview:-1"},"canonical":"https:\/\/store.microbiotech.dz\/index.php\/produit\/plaque-ccm-gel-de-silice-60-merck-f254-25-unites\/","og_locale":"fr_FR","og_type":"article","og_title":"Plaque CCM gel de silice 60 MERCK (F254) 25 unit\u00e9s","og_description":"La Plaque CCM gel de silice 60 MERCK (F254) 25 unit\u00e9s r\u00e9sistante aux fissures vous garantit des bandes \u00e9troites et une efficacit\u00e9 de s\u00e9paration maximale.","og_url":"https:\/\/store.microbiotech.dz\/index.php\/produit\/plaque-ccm-gel-de-silice-60-merck-f254-25-unites\/","og_site_name":"La Boutique en ligne","article_publisher":"https:\/\/www.facebook.com\/MicroBiotech.dz","article_modified_time":"2025-10-07T07:54:40+00:00","og_image":[{"width":600,"height":476,"url":"https:\/\/store.microbiotech.dz\/wp-content\/uploads\/2022\/02\/Classical_Silica-TLCClassical_Silica-TLC-ALL.jpg","type":"image\/jpeg"}],"twitter_card":"summary_large_image","twitter_site":"@MicrobiotechD","twitter_misc":{"Dur\u00e9e de lecture estim\u00e9e":"1 minute"},"schema":{"@context":"https:\/\/schema.org","@graph":[{"@type":"WebPage","@id":"https:\/\/store.microbiotech.dz\/index.php\/produit\/plaque-ccm-gel-de-silice-60-merck-f254-25-unites\/","url":"https:\/\/store.microbiotech.dz\/index.php\/produit\/plaque-ccm-gel-de-silice-60-merck-f254-25-unites\/","name":"Plaque CCM gel de silice 60 MERCK (F254) 25 unit\u00e9s","isPartOf":{"@id":"https:\/\/store.microbiotech.dz\/#website"},"primaryImageOfPage":{"@id":"https:\/\/store.microbiotech.dz\/index.php\/produit\/plaque-ccm-gel-de-silice-60-merck-f254-25-unites\/#primaryimage"},"image":{"@id":"https:\/\/store.microbiotech.dz\/index.php\/produit\/plaque-ccm-gel-de-silice-60-merck-f254-25-unites\/#primaryimage"},"thumbnailUrl":"https:\/\/store.microbiotech.dz\/wp-content\/uploads\/2022\/02\/Classical_Silica-TLCClassical_Silica-TLC-ALL.jpg","datePublished":"2023-06-20T09:14:08+00:00","dateModified":"2025-10-07T07:54:40+00:00","description":"La Plaque CCM gel de silice 60 MERCK (F254) 25 unit\u00e9s r\u00e9sistante aux fissures vous garantit des bandes \u00e9troites et une efficacit\u00e9 de s\u00e9paration maximale.","breadcrumb":{"@id":"https:\/\/store.microbiotech.dz\/index.php\/produit\/plaque-ccm-gel-de-silice-60-merck-f254-25-unites\/#breadcrumb"},"inLanguage":"fr-FR","potentialAction":[{"@type":"ReadAction","target":["https:\/\/store.microbiotech.dz\/index.php\/produit\/plaque-ccm-gel-de-silice-60-merck-f254-25-unites\/"]}]},{"@type":"ImageObject","inLanguage":"fr-FR","@id":"https:\/\/store.microbiotech.dz\/index.php\/produit\/plaque-ccm-gel-de-silice-60-merck-f254-25-unites\/#primaryimage","url":"https:\/\/store.microbiotech.dz\/wp-content\/uploads\/2022\/02\/Classical_Silica-TLCClassical_Silica-TLC-ALL.jpg","contentUrl":"https:\/\/store.microbiotech.dz\/wp-content\/uploads\/2022\/02\/Classical_Silica-TLCClassical_Silica-TLC-ALL.jpg","width":600,"height":476,"caption":"Plaque CCM gel de silice 60 MERCK (F254) 25 unit\u00e9s"},{"@type":"BreadcrumbList","@id":"https:\/\/store.microbiotech.dz\/index.php\/produit\/plaque-ccm-gel-de-silice-60-merck-f254-25-unites\/#breadcrumb","itemListElement":[{"@type":"ListItem","position":1,"name":"Accueil","item":"https:\/\/store.microbiotech.dz\/"},{"@type":"ListItem","position":2,"name":"Nos Produits","item":"https:\/\/store.microbiotech.dz\/index.php\/nos-produits\/"},{"@type":"ListItem","position":3,"name":"Plaque CCM gel de silice 60 MERCK (F254) 25 unit\u00e9s"}]},{"@type":"WebSite","@id":"https:\/\/store.microbiotech.dz\/#website","url":"https:\/\/store.microbiotech.dz\/","name":"La Boutique en ligne","description":"Qualit\u00e9 - Rapidit\u00e9 - Tranquillit\u00e9","publisher":{"@id":"https:\/\/store.microbiotech.dz\/#organization"},"potentialAction":[{"@type":"SearchAction","target":{"@type":"EntryPoint","urlTemplate":"https:\/\/store.microbiotech.dz\/?s={search_term_string}"},"query-input":{"@type":"PropertyValueSpecification","valueRequired":true,"valueName":"search_term_string"}}],"inLanguage":"fr-FR"},{"@type":"Organization","@id":"https:\/\/store.microbiotech.dz\/#organization","name":"Microbiotech EURL","url":"https:\/\/store.microbiotech.dz\/","logo":{"@type":"ImageObject","inLanguage":"fr-FR","@id":"https:\/\/store.microbiotech.dz\/#\/schema\/logo\/image\/","url":"https:\/\/store.microbiotech.dz\/wp-content\/uploads\/2021\/09\/cropped-logo-microbiotech-2.jpg","contentUrl":"https:\/\/store.microbiotech.dz\/wp-content\/uploads\/2021\/09\/cropped-logo-microbiotech-2.jpg","width":815,"height":586,"caption":"Microbiotech EURL"},"image":{"@id":"https:\/\/store.microbiotech.dz\/#\/schema\/logo\/image\/"},"sameAs":["https:\/\/www.facebook.com\/MicroBiotech.dz","https:\/\/x.com\/MicrobiotechD","https:\/\/www.linkedin.com\/in\/microbiotech\/","https:\/\/www.youtube.com\/channel\/UCTxc3VIiX7LXD2LQYfZEcDg"]}]}},"jetpack_sharing_enabled":true,"_links":{"self":[{"href":"https:\/\/store.microbiotech.dz\/index.php\/wp-json\/wp\/v2\/product\/3299","targetHints":{"allow":["GET"]}}],"collection":[{"href":"https:\/\/store.microbiotech.dz\/index.php\/wp-json\/wp\/v2\/product"}],"about":[{"href":"https:\/\/store.microbiotech.dz\/index.php\/wp-json\/wp\/v2\/types\/product"}],"replies":[{"embeddable":true,"href":"https:\/\/store.microbiotech.dz\/index.php\/wp-json\/wp\/v2\/comments?post=3299"}],"wp:featuredmedia":[{"embeddable":true,"href":"https:\/\/store.microbiotech.dz\/index.php\/wp-json\/wp\/v2\/media\/1498"}],"wp:attachment":[{"href":"https:\/\/store.microbiotech.dz\/index.php\/wp-json\/wp\/v2\/media?parent=3299"}],"wp:term":[{"taxonomy":"product_brand","embeddable":true,"href":"https:\/\/store.microbiotech.dz\/index.php\/wp-json\/wp\/v2\/product_brand?post=3299"},{"taxonomy":"product_cat","embeddable":true,"href":"https:\/\/store.microbiotech.dz\/index.php\/wp-json\/wp\/v2\/product_cat?post=3299"},{"taxonomy":"product_tag","embeddable":true,"href":"https:\/\/store.microbiotech.dz\/index.php\/wp-json\/wp\/v2\/product_tag?post=3299"}],"curies":[{"name":"wp","href":"https:\/\/api.w.org\/{rel}","templated":true}]}}