{"id":3087,"date":"2023-04-24T09:34:41","date_gmt":"2023-04-24T08:34:41","guid":{"rendered":"https:\/\/store.microbiotech.dz\/?post_type=product&#038;p=3087"},"modified":"2025-06-16T11:24:07","modified_gmt":"2025-06-16T10:24:07","slug":"boite-a-embouts-jaunes-96-embouts","status":"publish","type":"product","link":"https:\/\/store.microbiotech.dz\/index.php\/produit\/boite-a-embouts-jaunes-96-embouts\/","title":{"rendered":"Boite \u00e0 embouts jaunes (96 embouts)"},"content":{"rendered":"<p><span style=\"font-size: 16px; font-style: normal; font-weight: 400;\">Fabriqu\u00e9e<\/span><span style=\"font-size: 16px; font-style: normal; font-weight: 400;\">\u00a0<\/span><span style=\"font-size: 16px; font-style: normal; font-weight: 400;\">\u00e0 partir de mat\u00e9riaux de haute qualit\u00e9, l<\/span><span style=\"font-size: 16px;\">a Boite \u00e0 <\/span><a style=\"font-size: 16px; background-color: #ffffff;\" href=\"https:\/\/store.microbiotech.dz\/?s=embout\" target=\"_blank\" rel=\"noopener\">embouts<\/a><span style=\"font-size: 16px;\"> jaunes (96 embouts) <\/span><a style=\"font-size: 16px; background-color: #ffffff;\" href=\"https:\/\/www.plastilab.com\/\" target=\"_blank\" rel=\"noopener\">PLASTILAB<\/a><span style=\"font-size: 16px;\">,<\/span><span style=\"font-size: 16px;\"> est durable et r\u00e9sistante.<\/span><\/p>\n<p>La couleur jaune distinctive facilite l&rsquo;identification rapide de la taille des embouts contenus dans la boite.<\/p>\n","protected":false},"excerpt":{"rendered":"<p>&nbsp;<\/p>\n<p>Marque : <strong>PLASTILAB<\/strong> <img loading=\"lazy\" decoding=\"async\" class=\"alignnone wp-image-2774\" src=\"https:\/\/store.microbiotech.dz\/wp-content\/uploads\/2022\/07\/lb-circle-01-300x300.png\" alt=\"\" width=\"37\" height=\"37\" srcset=\"https:\/\/store.microbiotech.dz\/wp-content\/uploads\/2022\/07\/lb-circle-01-300x300.png 300w, https:\/\/store.microbiotech.dz\/wp-content\/uploads\/2022\/07\/lb-circle-01-150x150.png 150w, https:\/\/store.microbiotech.dz\/wp-content\/uploads\/2022\/07\/lb-circle-01-100x100.png 100w, https:\/\/store.microbiotech.dz\/wp-content\/uploads\/2022\/07\/lb-circle-01.png 500w\" sizes=\"auto, (max-width: 37px) 100vw, 37px\" \/><br \/>\nCapacit\u00e9 : <strong>96 embouts<\/strong><\/p>\n<p>&nbsp;<\/p>\n","protected":false},"featured_media":3673,"comment_status":"open","ping_status":"closed","template":"","meta":{"site-sidebar-layout":"default","site-content-layout":"default","ast-site-content-layout":"default","site-content-style":"default","site-sidebar-style":"default","ast-global-header-display":"","ast-banner-title-visibility":"","ast-main-header-display":"","ast-hfb-above-header-display":"","ast-hfb-below-header-display":"","ast-hfb-mobile-header-display":"","site-post-title":"","ast-breadcrumbs-content":"","ast-featured-img":"","footer-sml-layout":"","ast-disable-related-posts":"","theme-transparent-header-meta":"default","adv-header-id-meta":"","stick-header-meta":"","header-above-stick-meta":"","header-main-stick-meta":"","header-below-stick-meta":"","astra-migrate-meta-layouts":"default","ast-page-background-enabled":"default","ast-page-background-meta":{"desktop":{"background-color":"var(--ast-global-color-4)","background-image":"","background-repeat":"repeat","background-position":"center center","background-size":"auto","background-attachment":"scroll","background-type":"","background-media":"","overlay-type":"","overlay-color":"","overlay-opacity":"","overlay-gradient":""},"tablet":{"background-color":"","background-image":"","background-repeat":"repeat","background-position":"center center","background-size":"auto","background-attachment":"scroll","background-type":"","background-media":"","overlay-type":"","overlay-color":"","overlay-opacity":"","overlay-gradient":""},"mobile":{"background-color":"","background-image":"","background-repeat":"repeat","background-position":"center center","background-size":"auto","background-attachment":"scroll","background-type":"","background-media":"","overlay-type":"","overlay-color":"","overlay-opacity":"","overlay-gradient":""}},"ast-content-background-meta":{"desktop":{"background-color":"var(--ast-global-color-5)","background-image":"","background-repeat":"repeat","background-position":"center center","background-size":"auto","background-attachment":"scroll","background-type":"","background-media":"","overlay-type":"","overlay-color":"","overlay-opacity":"","overlay-gradient":""},"tablet":{"background-color":"var(--ast-global-color-5)","background-image":"","background-repeat":"repeat","background-position":"center center","background-size":"auto","background-attachment":"scroll","background-type":"","background-media":"","overlay-type":"","overlay-color":"","overlay-opacity":"","overlay-gradient":""},"mobile":{"background-color":"var(--ast-global-color-5)","background-image":"","background-repeat":"repeat","background-position":"center center","background-size":"auto","background-attachment":"scroll","background-type":"","background-media":"","overlay-type":"","overlay-color":"","overlay-opacity":"","overlay-gradient":""}},"jetpack_post_was_ever_published":false},"product_brand":[],"product_cat":[799,238],"product_tag":[912,914,977,870,978,917],"class_list":{"0":"post-3087","1":"product","2":"type-product","3":"status-publish","4":"has-post-thumbnail","6":"product_cat-consommable-plast","7":"product_cat-equipements","8":"product_tag-cone-jaune","9":"product_tag-embout","10":"product_tag-embouts-jaunes","11":"product_tag-f86","12":"product_tag-plastilab","13":"product_tag-tips","14":"product_shipping_class-temperature-ambiante","15":"desktop-align-center","16":"tablet-align-left","17":"mobile-align-left","19":"first","20":"instock","21":"taxable","22":"shipping-taxable","23":"purchasable","24":"product-type-simple"},"yoast_head":"<!-- This site is optimized with the Yoast SEO plugin v27.5 - https:\/\/yoast.com\/product\/yoast-seo-wordpress\/ -->\n<title>Boite \u00e0 embouts jaunes (96 embouts) - La Boutique en ligne<\/title>\n<meta name=\"description\" content=\"La Boite \u00e0 embouts jaunes (96 embouts) de PLASTILAB est disponible chez Microbiotech. Toujours avec un bon rapport qualit\u00e9 prix.\" \/>\n<meta name=\"robots\" content=\"index, follow, max-snippet:-1, max-image-preview:large, max-video-preview:-1\" \/>\n<link rel=\"canonical\" href=\"https:\/\/store.microbiotech.dz\/index.php\/produit\/boite-a-embouts-jaunes-96-embouts\/\" \/>\n<meta property=\"og:locale\" content=\"fr_FR\" \/>\n<meta property=\"og:type\" content=\"article\" \/>\n<meta property=\"og:title\" content=\"Boite \u00e0 embouts jaunes (96 embouts) - La Boutique en ligne\" \/>\n<meta property=\"og:description\" content=\"La Boite \u00e0 embouts jaunes (96 embouts) de PLASTILAB est disponible chez Microbiotech. Toujours avec un bon rapport qualit\u00e9 prix.\" \/>\n<meta property=\"og:url\" content=\"https:\/\/store.microbiotech.dz\/index.php\/produit\/boite-a-embouts-jaunes-96-embouts\/\" \/>\n<meta property=\"og:site_name\" content=\"La Boutique en ligne\" \/>\n<meta property=\"article:publisher\" content=\"https:\/\/www.facebook.com\/MicroBiotech.dz\" \/>\n<meta property=\"article:modified_time\" content=\"2025-06-16T10:24:07+00:00\" \/>\n<meta property=\"og:image\" content=\"https:\/\/store.microbiotech.dz\/wp-content\/uploads\/2023\/04\/boite-embout-jaune-gbo-600x.png\" \/>\n\t<meta property=\"og:image:width\" content=\"600\" \/>\n\t<meta property=\"og:image:height\" content=\"600\" \/>\n\t<meta property=\"og:image:type\" content=\"image\/png\" \/>\n<meta name=\"twitter:card\" content=\"summary_large_image\" \/>\n<meta name=\"twitter:site\" content=\"@MicrobiotechD\" \/>\n<script type=\"application\/ld+json\" class=\"yoast-schema-graph\">{\"@context\":\"https:\\\/\\\/schema.org\",\"@graph\":[{\"@type\":\"WebPage\",\"@id\":\"https:\\\/\\\/store.microbiotech.dz\\\/index.php\\\/produit\\\/boite-a-embouts-jaunes-96-embouts\\\/\",\"url\":\"https:\\\/\\\/store.microbiotech.dz\\\/index.php\\\/produit\\\/boite-a-embouts-jaunes-96-embouts\\\/\",\"name\":\"Boite \u00e0 embouts jaunes (96 embouts) - La Boutique en ligne\",\"isPartOf\":{\"@id\":\"https:\\\/\\\/store.microbiotech.dz\\\/#website\"},\"primaryImageOfPage\":{\"@id\":\"https:\\\/\\\/store.microbiotech.dz\\\/index.php\\\/produit\\\/boite-a-embouts-jaunes-96-embouts\\\/#primaryimage\"},\"image\":{\"@id\":\"https:\\\/\\\/store.microbiotech.dz\\\/index.php\\\/produit\\\/boite-a-embouts-jaunes-96-embouts\\\/#primaryimage\"},\"thumbnailUrl\":\"https:\\\/\\\/store.microbiotech.dz\\\/wp-content\\\/uploads\\\/2023\\\/04\\\/boite-embout-jaune-gbo-600x.png\",\"datePublished\":\"2023-04-24T08:34:41+00:00\",\"dateModified\":\"2025-06-16T10:24:07+00:00\",\"description\":\"La Boite \u00e0 embouts jaunes (96 embouts) de PLASTILAB est disponible chez Microbiotech. Toujours avec un bon rapport qualit\u00e9 prix.\",\"breadcrumb\":{\"@id\":\"https:\\\/\\\/store.microbiotech.dz\\\/index.php\\\/produit\\\/boite-a-embouts-jaunes-96-embouts\\\/#breadcrumb\"},\"inLanguage\":\"fr-FR\",\"potentialAction\":[{\"@type\":\"ReadAction\",\"target\":[\"https:\\\/\\\/store.microbiotech.dz\\\/index.php\\\/produit\\\/boite-a-embouts-jaunes-96-embouts\\\/\"]}]},{\"@type\":\"ImageObject\",\"inLanguage\":\"fr-FR\",\"@id\":\"https:\\\/\\\/store.microbiotech.dz\\\/index.php\\\/produit\\\/boite-a-embouts-jaunes-96-embouts\\\/#primaryimage\",\"url\":\"https:\\\/\\\/store.microbiotech.dz\\\/wp-content\\\/uploads\\\/2023\\\/04\\\/boite-embout-jaune-gbo-600x.png\",\"contentUrl\":\"https:\\\/\\\/store.microbiotech.dz\\\/wp-content\\\/uploads\\\/2023\\\/04\\\/boite-embout-jaune-gbo-600x.png\",\"width\":600,\"height\":600,\"caption\":\"Boite \u00e0 embouts jaunes (96 embouts)\"},{\"@type\":\"BreadcrumbList\",\"@id\":\"https:\\\/\\\/store.microbiotech.dz\\\/index.php\\\/produit\\\/boite-a-embouts-jaunes-96-embouts\\\/#breadcrumb\",\"itemListElement\":[{\"@type\":\"ListItem\",\"position\":1,\"name\":\"Accueil\",\"item\":\"https:\\\/\\\/store.microbiotech.dz\\\/\"},{\"@type\":\"ListItem\",\"position\":2,\"name\":\"Nos Produits\",\"item\":\"https:\\\/\\\/store.microbiotech.dz\\\/index.php\\\/nos-produits\\\/\"},{\"@type\":\"ListItem\",\"position\":3,\"name\":\"Boite \u00e0 embouts jaunes (96 embouts)\"}]},{\"@type\":\"WebSite\",\"@id\":\"https:\\\/\\\/store.microbiotech.dz\\\/#website\",\"url\":\"https:\\\/\\\/store.microbiotech.dz\\\/\",\"name\":\"La Boutique en ligne\",\"description\":\"Qualit\u00e9 - Rapidit\u00e9 - Tranquillit\u00e9\",\"publisher\":{\"@id\":\"https:\\\/\\\/store.microbiotech.dz\\\/#organization\"},\"potentialAction\":[{\"@type\":\"SearchAction\",\"target\":{\"@type\":\"EntryPoint\",\"urlTemplate\":\"https:\\\/\\\/store.microbiotech.dz\\\/?s={search_term_string}\"},\"query-input\":{\"@type\":\"PropertyValueSpecification\",\"valueRequired\":true,\"valueName\":\"search_term_string\"}}],\"inLanguage\":\"fr-FR\"},{\"@type\":\"Organization\",\"@id\":\"https:\\\/\\\/store.microbiotech.dz\\\/#organization\",\"name\":\"Microbiotech EURL\",\"url\":\"https:\\\/\\\/store.microbiotech.dz\\\/\",\"logo\":{\"@type\":\"ImageObject\",\"inLanguage\":\"fr-FR\",\"@id\":\"https:\\\/\\\/store.microbiotech.dz\\\/#\\\/schema\\\/logo\\\/image\\\/\",\"url\":\"https:\\\/\\\/store.microbiotech.dz\\\/wp-content\\\/uploads\\\/2021\\\/09\\\/cropped-logo-microbiotech-2.jpg\",\"contentUrl\":\"https:\\\/\\\/store.microbiotech.dz\\\/wp-content\\\/uploads\\\/2021\\\/09\\\/cropped-logo-microbiotech-2.jpg\",\"width\":815,\"height\":586,\"caption\":\"Microbiotech EURL\"},\"image\":{\"@id\":\"https:\\\/\\\/store.microbiotech.dz\\\/#\\\/schema\\\/logo\\\/image\\\/\"},\"sameAs\":[\"https:\\\/\\\/www.facebook.com\\\/MicroBiotech.dz\",\"https:\\\/\\\/x.com\\\/MicrobiotechD\",\"https:\\\/\\\/www.linkedin.com\\\/in\\\/microbiotech\\\/\",\"https:\\\/\\\/www.youtube.com\\\/channel\\\/UCTxc3VIiX7LXD2LQYfZEcDg\"]}]}<\/script>\n<!-- \/ Yoast SEO plugin. -->","yoast_head_json":{"title":"Boite \u00e0 embouts jaunes (96 embouts) - La Boutique en ligne","description":"La Boite \u00e0 embouts jaunes (96 embouts) de PLASTILAB est disponible chez Microbiotech. Toujours avec un bon rapport qualit\u00e9 prix.","robots":{"index":"index","follow":"follow","max-snippet":"max-snippet:-1","max-image-preview":"max-image-preview:large","max-video-preview":"max-video-preview:-1"},"canonical":"https:\/\/store.microbiotech.dz\/index.php\/produit\/boite-a-embouts-jaunes-96-embouts\/","og_locale":"fr_FR","og_type":"article","og_title":"Boite \u00e0 embouts jaunes (96 embouts) - La Boutique en ligne","og_description":"La Boite \u00e0 embouts jaunes (96 embouts) de PLASTILAB est disponible chez Microbiotech. Toujours avec un bon rapport qualit\u00e9 prix.","og_url":"https:\/\/store.microbiotech.dz\/index.php\/produit\/boite-a-embouts-jaunes-96-embouts\/","og_site_name":"La Boutique en ligne","article_publisher":"https:\/\/www.facebook.com\/MicroBiotech.dz","article_modified_time":"2025-06-16T10:24:07+00:00","og_image":[{"width":600,"height":600,"url":"https:\/\/store.microbiotech.dz\/wp-content\/uploads\/2023\/04\/boite-embout-jaune-gbo-600x.png","type":"image\/png"}],"twitter_card":"summary_large_image","twitter_site":"@MicrobiotechD","schema":{"@context":"https:\/\/schema.org","@graph":[{"@type":"WebPage","@id":"https:\/\/store.microbiotech.dz\/index.php\/produit\/boite-a-embouts-jaunes-96-embouts\/","url":"https:\/\/store.microbiotech.dz\/index.php\/produit\/boite-a-embouts-jaunes-96-embouts\/","name":"Boite \u00e0 embouts jaunes (96 embouts) - La Boutique en ligne","isPartOf":{"@id":"https:\/\/store.microbiotech.dz\/#website"},"primaryImageOfPage":{"@id":"https:\/\/store.microbiotech.dz\/index.php\/produit\/boite-a-embouts-jaunes-96-embouts\/#primaryimage"},"image":{"@id":"https:\/\/store.microbiotech.dz\/index.php\/produit\/boite-a-embouts-jaunes-96-embouts\/#primaryimage"},"thumbnailUrl":"https:\/\/store.microbiotech.dz\/wp-content\/uploads\/2023\/04\/boite-embout-jaune-gbo-600x.png","datePublished":"2023-04-24T08:34:41+00:00","dateModified":"2025-06-16T10:24:07+00:00","description":"La Boite \u00e0 embouts jaunes (96 embouts) de PLASTILAB est disponible chez Microbiotech. Toujours avec un bon rapport qualit\u00e9 prix.","breadcrumb":{"@id":"https:\/\/store.microbiotech.dz\/index.php\/produit\/boite-a-embouts-jaunes-96-embouts\/#breadcrumb"},"inLanguage":"fr-FR","potentialAction":[{"@type":"ReadAction","target":["https:\/\/store.microbiotech.dz\/index.php\/produit\/boite-a-embouts-jaunes-96-embouts\/"]}]},{"@type":"ImageObject","inLanguage":"fr-FR","@id":"https:\/\/store.microbiotech.dz\/index.php\/produit\/boite-a-embouts-jaunes-96-embouts\/#primaryimage","url":"https:\/\/store.microbiotech.dz\/wp-content\/uploads\/2023\/04\/boite-embout-jaune-gbo-600x.png","contentUrl":"https:\/\/store.microbiotech.dz\/wp-content\/uploads\/2023\/04\/boite-embout-jaune-gbo-600x.png","width":600,"height":600,"caption":"Boite \u00e0 embouts jaunes (96 embouts)"},{"@type":"BreadcrumbList","@id":"https:\/\/store.microbiotech.dz\/index.php\/produit\/boite-a-embouts-jaunes-96-embouts\/#breadcrumb","itemListElement":[{"@type":"ListItem","position":1,"name":"Accueil","item":"https:\/\/store.microbiotech.dz\/"},{"@type":"ListItem","position":2,"name":"Nos Produits","item":"https:\/\/store.microbiotech.dz\/index.php\/nos-produits\/"},{"@type":"ListItem","position":3,"name":"Boite \u00e0 embouts jaunes (96 embouts)"}]},{"@type":"WebSite","@id":"https:\/\/store.microbiotech.dz\/#website","url":"https:\/\/store.microbiotech.dz\/","name":"La Boutique en ligne","description":"Qualit\u00e9 - Rapidit\u00e9 - Tranquillit\u00e9","publisher":{"@id":"https:\/\/store.microbiotech.dz\/#organization"},"potentialAction":[{"@type":"SearchAction","target":{"@type":"EntryPoint","urlTemplate":"https:\/\/store.microbiotech.dz\/?s={search_term_string}"},"query-input":{"@type":"PropertyValueSpecification","valueRequired":true,"valueName":"search_term_string"}}],"inLanguage":"fr-FR"},{"@type":"Organization","@id":"https:\/\/store.microbiotech.dz\/#organization","name":"Microbiotech EURL","url":"https:\/\/store.microbiotech.dz\/","logo":{"@type":"ImageObject","inLanguage":"fr-FR","@id":"https:\/\/store.microbiotech.dz\/#\/schema\/logo\/image\/","url":"https:\/\/store.microbiotech.dz\/wp-content\/uploads\/2021\/09\/cropped-logo-microbiotech-2.jpg","contentUrl":"https:\/\/store.microbiotech.dz\/wp-content\/uploads\/2021\/09\/cropped-logo-microbiotech-2.jpg","width":815,"height":586,"caption":"Microbiotech EURL"},"image":{"@id":"https:\/\/store.microbiotech.dz\/#\/schema\/logo\/image\/"},"sameAs":["https:\/\/www.facebook.com\/MicroBiotech.dz","https:\/\/x.com\/MicrobiotechD","https:\/\/www.linkedin.com\/in\/microbiotech\/","https:\/\/www.youtube.com\/channel\/UCTxc3VIiX7LXD2LQYfZEcDg"]}]}},"jetpack_sharing_enabled":true,"_links":{"self":[{"href":"https:\/\/store.microbiotech.dz\/index.php\/wp-json\/wp\/v2\/product\/3087","targetHints":{"allow":["GET"]}}],"collection":[{"href":"https:\/\/store.microbiotech.dz\/index.php\/wp-json\/wp\/v2\/product"}],"about":[{"href":"https:\/\/store.microbiotech.dz\/index.php\/wp-json\/wp\/v2\/types\/product"}],"replies":[{"embeddable":true,"href":"https:\/\/store.microbiotech.dz\/index.php\/wp-json\/wp\/v2\/comments?post=3087"}],"wp:featuredmedia":[{"embeddable":true,"href":"https:\/\/store.microbiotech.dz\/index.php\/wp-json\/wp\/v2\/media\/3673"}],"wp:attachment":[{"href":"https:\/\/store.microbiotech.dz\/index.php\/wp-json\/wp\/v2\/media?parent=3087"}],"wp:term":[{"taxonomy":"product_brand","embeddable":true,"href":"https:\/\/store.microbiotech.dz\/index.php\/wp-json\/wp\/v2\/product_brand?post=3087"},{"taxonomy":"product_cat","embeddable":true,"href":"https:\/\/store.microbiotech.dz\/index.php\/wp-json\/wp\/v2\/product_cat?post=3087"},{"taxonomy":"product_tag","embeddable":true,"href":"https:\/\/store.microbiotech.dz\/index.php\/wp-json\/wp\/v2\/product_tag?post=3087"}],"curies":[{"name":"wp","href":"https:\/\/api.w.org\/{rel}","templated":true}]}}