{"id":3007,"date":"2023-03-23T09:56:33","date_gmt":"2023-03-23T08:56:33","guid":{"rendered":"https:\/\/store.microbiotech.dz\/?post_type=product&#038;p=3007"},"modified":"2026-01-28T10:24:57","modified_gmt":"2026-01-28T09:24:57","slug":"gelose-de-conservation-et-de-transport","status":"publish","type":"product","link":"https:\/\/store.microbiotech.dz\/index.php\/produit\/gelose-de-conservation-et-de-transport\/","title":{"rendered":"G\u00e9lose de conservation et de transport"},"content":{"rendered":"<p><a href=\"https:\/\/store.microbiotech.dz\/\" target=\"_blank\" rel=\"noopener\">Microbiotech<\/a> vous propose la g\u00e9lose de conservation et de transport pr\u00eate \u00e0 l&#8217;emploi en tubes fins ou en flacons pr\u00e9alablement st\u00e9rilis\u00e9s. Les deux sont \u00e9tanches, ce qui emp\u00eache toute p\u00e9n\u00e9tration d\u2019oxyg\u00e8ne. Ils conviennent aux germes a\u00e9robies et ana\u00e9robies.<\/p>\n<p>Cette g\u00e9lose de conservation et de transport des souches est recommand\u00e9e pour la conservation des <a href=\"https:\/\/fr.wikipedia.org\/wiki\/Micro-organisme_exigeant\" target=\"_blank\" rel=\"noopener\">micro-organismes peu exigeants<\/a> comme les Enterobacteriaceae, Pseudomanaceae, Staphylococci et Vibrionaceae.<\/p>\n<p><strong>Mode d&#8217;emploi:<\/strong><br \/>\n&#8211; Pr\u00e9lever une culture bien isol\u00e9e sur <a href=\"https:\/\/store.microbiotech.dz\/index.php\/produit\/gelose-nutritive-180ml\/\" target=\"_blank\" rel=\"noopener\">g\u00e9lose nutritive<\/a>, <a href=\"https:\/\/store.microbiotech.dz\/index.php\/produit\/gelose-trypticaseine-soja-t-s-a-180ml\/\" target=\"_blank\" rel=\"noopener\">TSA<\/a> ou <a href=\"https:\/\/store.microbiotech.dz\/index.php\/produit\/gelose-au-sang-base-bgs-180ml\/\" target=\"_blank\" rel=\"noopener\">au sang<\/a> avec une <a href=\"https:\/\/store.microbiotech.dz\/?s=platine\" target=\"_blank\" rel=\"noopener\">anse de platine<\/a> et effectuer une ou plusieurs piq\u00fbres centrales. Pour les bact\u00e9ries a\u00e9robies strictes, un ensemencement en surface convient mieux.<br \/>\n&#8211; Incuber au maximum 24 heures entre 20 et 37\u00b0C selon l\u2019esp\u00e8ce \u00e0 conserver.<br \/>\n&#8211; Les souches se conservent environ 5 ans dans les tubes bien scell\u00e9s, conserv\u00e9s entre 15 et 25\u00b0 \u00e0 l\u2019abri dela lumi\u00e8re.<br \/>\n&#8211; Ne jamais repiquer directement \u00e0 partir d\u2019un milieu inhibiteur, charg\u00e9 en sucre ou s\u00e9lectif.<br \/>\n&#8211; Eviter les variations de temp\u00e9ratures pendant le stockage.<\/p>\n<p>&nbsp;<\/p>\n","protected":false},"excerpt":{"rendered":"<p><span style=\"color: #ff0000;\"><strong>P\u00e9remption : 1 an apr\u00e8s fabrication<\/strong><\/span><\/p>\n<p>Marque : <strong>Microbiotech<\/strong> <img loading=\"lazy\" decoding=\"async\" class=\"alignnone wp-image-2080\" src=\"https:\/\/store.microbiotech.dz\/wp-content\/uploads\/2022\/06\/algeria-flag-300x225.png\" alt=\"\" width=\"43\" height=\"33\" srcset=\"https:\/\/store.microbiotech.dz\/wp-content\/uploads\/2022\/06\/algeria-flag-300x225.png 300w, https:\/\/store.microbiotech.dz\/wp-content\/uploads\/2022\/06\/algeria-flag-600x450.png 600w, https:\/\/store.microbiotech.dz\/wp-content\/uploads\/2022\/06\/algeria-flag.png 640w\" sizes=\"auto, (max-width: 43px) 100vw, 43px\" \/><br \/>\n<strong>Conservation:<\/strong> de 15 et 25\u00b0C jusqu&rsquo;\u00e0 la date d\u2019expiration indiqu\u00e9e sur l\u2019emballage.<br \/>\n<strong>Conditionnement et volumes:<\/strong> Tube de 6 ml\/Tube de 12 ml \/ Flacon ambr\u00e9 de 180 ml<\/p>\n","protected":false},"featured_media":3297,"comment_status":"open","ping_status":"closed","template":"","meta":{"site-sidebar-layout":"default","site-content-layout":"default","ast-site-content-layout":"default","site-content-style":"default","site-sidebar-style":"default","ast-global-header-display":"","ast-banner-title-visibility":"","ast-main-header-display":"","ast-hfb-above-header-display":"","ast-hfb-below-header-display":"","ast-hfb-mobile-header-display":"","site-post-title":"","ast-breadcrumbs-content":"","ast-featured-img":"","footer-sml-layout":"","ast-disable-related-posts":"","theme-transparent-header-meta":"default","adv-header-id-meta":"","stick-header-meta":"","header-above-stick-meta":"","header-main-stick-meta":"","header-below-stick-meta":"","astra-migrate-meta-layouts":"set","ast-page-background-enabled":"default","ast-page-background-meta":{"desktop":{"background-color":"var(--ast-global-color-4)","background-image":"","background-repeat":"repeat","background-position":"center center","background-size":"auto","background-attachment":"scroll","background-type":"","background-media":"","overlay-type":"","overlay-color":"","overlay-opacity":"","overlay-gradient":""},"tablet":{"background-color":"","background-image":"","background-repeat":"repeat","background-position":"center center","background-size":"auto","background-attachment":"scroll","background-type":"","background-media":"","overlay-type":"","overlay-color":"","overlay-opacity":"","overlay-gradient":""},"mobile":{"background-color":"","background-image":"","background-repeat":"repeat","background-position":"center center","background-size":"auto","background-attachment":"scroll","background-type":"","background-media":"","overlay-type":"","overlay-color":"","overlay-opacity":"","overlay-gradient":""}},"ast-content-background-meta":{"desktop":{"background-color":"var(--ast-global-color-5)","background-image":"","background-repeat":"repeat","background-position":"center center","background-size":"auto","background-attachment":"scroll","background-type":"","background-media":"","overlay-type":"","overlay-color":"","overlay-opacity":"","overlay-gradient":""},"tablet":{"background-color":"var(--ast-global-color-5)","background-image":"","background-repeat":"repeat","background-position":"center center","background-size":"auto","background-attachment":"scroll","background-type":"","background-media":"","overlay-type":"","overlay-color":"","overlay-opacity":"","overlay-gradient":""},"mobile":{"background-color":"var(--ast-global-color-5)","background-image":"","background-repeat":"repeat","background-position":"center center","background-size":"auto","background-attachment":"scroll","background-type":"","background-media":"","overlay-type":"","overlay-color":"","overlay-opacity":"","overlay-gradient":""}},"jetpack_post_was_ever_published":false},"product_brand":[],"product_cat":[28,80,26],"product_tag":[993,36,364],"class_list":{"0":"post-3007","1":"product","2":"type-product","3":"status-publish","4":"has-post-thumbnail","6":"product_cat-geloses","7":"product_cat-gelose-hydrates","8":"product_cat-milieux-de-cultures","9":"product_tag-conservation","10":"product_tag-gelose","11":"product_tag-microbiotech","12":"desktop-align-center","13":"tablet-align-left","14":"mobile-align-left","16":"first","17":"instock","18":"taxable","19":"shipping-taxable","20":"purchasable","21":"product-type-variable"},"yoast_head":"<!-- This site is optimized with the Yoast SEO plugin v27.4 - https:\/\/yoast.com\/product\/yoast-seo-wordpress\/ -->\n<title>G\u00e9lose de conservation et de transport - La Boutique en ligne<\/title>\n<meta name=\"description\" content=\"Notre G\u00e9lose de conservation et de transport garantie un transport s\u00e9curis\u00e9 et une conservation optimale de vos souches microbiennes au prix d&#039;usine.\" \/>\n<meta name=\"robots\" content=\"index, follow, max-snippet:-1, max-image-preview:large, max-video-preview:-1\" \/>\n<link rel=\"canonical\" href=\"https:\/\/store.microbiotech.dz\/index.php\/produit\/gelose-de-conservation-et-de-transport\/\" \/>\n<meta property=\"og:locale\" content=\"fr_FR\" \/>\n<meta property=\"og:type\" content=\"article\" \/>\n<meta property=\"og:title\" content=\"G\u00e9lose de conservation et de transport - La Boutique en ligne\" \/>\n<meta property=\"og:description\" content=\"Notre G\u00e9lose de conservation et de transport garantie un transport s\u00e9curis\u00e9 et une conservation optimale de vos souches microbiennes au prix d&#039;usine.\" \/>\n<meta property=\"og:url\" content=\"https:\/\/store.microbiotech.dz\/index.php\/produit\/gelose-de-conservation-et-de-transport\/\" \/>\n<meta property=\"og:site_name\" content=\"La Boutique en ligne\" \/>\n<meta property=\"article:publisher\" content=\"https:\/\/www.facebook.com\/MicroBiotech.dz\" \/>\n<meta property=\"article:modified_time\" content=\"2026-01-28T09:24:57+00:00\" \/>\n<meta property=\"og:image\" content=\"https:\/\/store.microbiotech.dz\/wp-content\/uploads\/2023\/03\/gelose-de-conservation-600x.png\" \/>\n\t<meta property=\"og:image:width\" content=\"600\" \/>\n\t<meta property=\"og:image:height\" content=\"600\" \/>\n\t<meta property=\"og:image:type\" content=\"image\/png\" \/>\n<meta name=\"twitter:card\" content=\"summary_large_image\" \/>\n<meta name=\"twitter:site\" content=\"@MicrobiotechD\" \/>\n<meta name=\"twitter:label1\" content=\"Dur\u00e9e de lecture estim\u00e9e\" \/>\n\t<meta name=\"twitter:data1\" content=\"1 minute\" \/>\n<script type=\"application\/ld+json\" class=\"yoast-schema-graph\">{\"@context\":\"https:\\\/\\\/schema.org\",\"@graph\":[{\"@type\":\"WebPage\",\"@id\":\"https:\\\/\\\/store.microbiotech.dz\\\/index.php\\\/produit\\\/gelose-de-conservation-et-de-transport\\\/\",\"url\":\"https:\\\/\\\/store.microbiotech.dz\\\/index.php\\\/produit\\\/gelose-de-conservation-et-de-transport\\\/\",\"name\":\"G\u00e9lose de conservation et de transport - La Boutique en ligne\",\"isPartOf\":{\"@id\":\"https:\\\/\\\/store.microbiotech.dz\\\/#website\"},\"primaryImageOfPage\":{\"@id\":\"https:\\\/\\\/store.microbiotech.dz\\\/index.php\\\/produit\\\/gelose-de-conservation-et-de-transport\\\/#primaryimage\"},\"image\":{\"@id\":\"https:\\\/\\\/store.microbiotech.dz\\\/index.php\\\/produit\\\/gelose-de-conservation-et-de-transport\\\/#primaryimage\"},\"thumbnailUrl\":\"https:\\\/\\\/store.microbiotech.dz\\\/wp-content\\\/uploads\\\/2023\\\/03\\\/gelose-de-conservation-600x.png\",\"datePublished\":\"2023-03-23T08:56:33+00:00\",\"dateModified\":\"2026-01-28T09:24:57+00:00\",\"description\":\"Notre G\u00e9lose de conservation et de transport garantie un transport s\u00e9curis\u00e9 et une conservation optimale de vos souches microbiennes au prix d'usine.\",\"breadcrumb\":{\"@id\":\"https:\\\/\\\/store.microbiotech.dz\\\/index.php\\\/produit\\\/gelose-de-conservation-et-de-transport\\\/#breadcrumb\"},\"inLanguage\":\"fr-FR\",\"potentialAction\":[{\"@type\":\"ReadAction\",\"target\":[\"https:\\\/\\\/store.microbiotech.dz\\\/index.php\\\/produit\\\/gelose-de-conservation-et-de-transport\\\/\"]}]},{\"@type\":\"ImageObject\",\"inLanguage\":\"fr-FR\",\"@id\":\"https:\\\/\\\/store.microbiotech.dz\\\/index.php\\\/produit\\\/gelose-de-conservation-et-de-transport\\\/#primaryimage\",\"url\":\"https:\\\/\\\/store.microbiotech.dz\\\/wp-content\\\/uploads\\\/2023\\\/03\\\/gelose-de-conservation-600x.png\",\"contentUrl\":\"https:\\\/\\\/store.microbiotech.dz\\\/wp-content\\\/uploads\\\/2023\\\/03\\\/gelose-de-conservation-600x.png\",\"width\":600,\"height\":600,\"caption\":\"G\u00e9lose de conservation et de transport\"},{\"@type\":\"BreadcrumbList\",\"@id\":\"https:\\\/\\\/store.microbiotech.dz\\\/index.php\\\/produit\\\/gelose-de-conservation-et-de-transport\\\/#breadcrumb\",\"itemListElement\":[{\"@type\":\"ListItem\",\"position\":1,\"name\":\"Accueil\",\"item\":\"https:\\\/\\\/store.microbiotech.dz\\\/\"},{\"@type\":\"ListItem\",\"position\":2,\"name\":\"Nos Produits\",\"item\":\"https:\\\/\\\/store.microbiotech.dz\\\/index.php\\\/nos-produits\\\/\"},{\"@type\":\"ListItem\",\"position\":3,\"name\":\"G\u00e9lose de conservation et de transport\"}]},{\"@type\":\"WebSite\",\"@id\":\"https:\\\/\\\/store.microbiotech.dz\\\/#website\",\"url\":\"https:\\\/\\\/store.microbiotech.dz\\\/\",\"name\":\"La Boutique en ligne\",\"description\":\"Qualit\u00e9 - Rapidit\u00e9 - Tranquillit\u00e9\",\"publisher\":{\"@id\":\"https:\\\/\\\/store.microbiotech.dz\\\/#organization\"},\"potentialAction\":[{\"@type\":\"SearchAction\",\"target\":{\"@type\":\"EntryPoint\",\"urlTemplate\":\"https:\\\/\\\/store.microbiotech.dz\\\/?s={search_term_string}\"},\"query-input\":{\"@type\":\"PropertyValueSpecification\",\"valueRequired\":true,\"valueName\":\"search_term_string\"}}],\"inLanguage\":\"fr-FR\"},{\"@type\":\"Organization\",\"@id\":\"https:\\\/\\\/store.microbiotech.dz\\\/#organization\",\"name\":\"Microbiotech EURL\",\"url\":\"https:\\\/\\\/store.microbiotech.dz\\\/\",\"logo\":{\"@type\":\"ImageObject\",\"inLanguage\":\"fr-FR\",\"@id\":\"https:\\\/\\\/store.microbiotech.dz\\\/#\\\/schema\\\/logo\\\/image\\\/\",\"url\":\"https:\\\/\\\/store.microbiotech.dz\\\/wp-content\\\/uploads\\\/2021\\\/09\\\/cropped-logo-microbiotech-2.jpg\",\"contentUrl\":\"https:\\\/\\\/store.microbiotech.dz\\\/wp-content\\\/uploads\\\/2021\\\/09\\\/cropped-logo-microbiotech-2.jpg\",\"width\":815,\"height\":586,\"caption\":\"Microbiotech EURL\"},\"image\":{\"@id\":\"https:\\\/\\\/store.microbiotech.dz\\\/#\\\/schema\\\/logo\\\/image\\\/\"},\"sameAs\":[\"https:\\\/\\\/www.facebook.com\\\/MicroBiotech.dz\",\"https:\\\/\\\/x.com\\\/MicrobiotechD\",\"https:\\\/\\\/www.linkedin.com\\\/in\\\/microbiotech\\\/\",\"https:\\\/\\\/www.youtube.com\\\/channel\\\/UCTxc3VIiX7LXD2LQYfZEcDg\"]}]}<\/script>\n<!-- \/ Yoast SEO plugin. -->","yoast_head_json":{"title":"G\u00e9lose de conservation et de transport - La Boutique en ligne","description":"Notre G\u00e9lose de conservation et de transport garantie un transport s\u00e9curis\u00e9 et une conservation optimale de vos souches microbiennes au prix d'usine.","robots":{"index":"index","follow":"follow","max-snippet":"max-snippet:-1","max-image-preview":"max-image-preview:large","max-video-preview":"max-video-preview:-1"},"canonical":"https:\/\/store.microbiotech.dz\/index.php\/produit\/gelose-de-conservation-et-de-transport\/","og_locale":"fr_FR","og_type":"article","og_title":"G\u00e9lose de conservation et de transport - La Boutique en ligne","og_description":"Notre G\u00e9lose de conservation et de transport garantie un transport s\u00e9curis\u00e9 et une conservation optimale de vos souches microbiennes au prix d'usine.","og_url":"https:\/\/store.microbiotech.dz\/index.php\/produit\/gelose-de-conservation-et-de-transport\/","og_site_name":"La Boutique en ligne","article_publisher":"https:\/\/www.facebook.com\/MicroBiotech.dz","article_modified_time":"2026-01-28T09:24:57+00:00","og_image":[{"width":600,"height":600,"url":"https:\/\/store.microbiotech.dz\/wp-content\/uploads\/2023\/03\/gelose-de-conservation-600x.png","type":"image\/png"}],"twitter_card":"summary_large_image","twitter_site":"@MicrobiotechD","twitter_misc":{"Dur\u00e9e de lecture estim\u00e9e":"1 minute"},"schema":{"@context":"https:\/\/schema.org","@graph":[{"@type":"WebPage","@id":"https:\/\/store.microbiotech.dz\/index.php\/produit\/gelose-de-conservation-et-de-transport\/","url":"https:\/\/store.microbiotech.dz\/index.php\/produit\/gelose-de-conservation-et-de-transport\/","name":"G\u00e9lose de conservation et de transport - La Boutique en ligne","isPartOf":{"@id":"https:\/\/store.microbiotech.dz\/#website"},"primaryImageOfPage":{"@id":"https:\/\/store.microbiotech.dz\/index.php\/produit\/gelose-de-conservation-et-de-transport\/#primaryimage"},"image":{"@id":"https:\/\/store.microbiotech.dz\/index.php\/produit\/gelose-de-conservation-et-de-transport\/#primaryimage"},"thumbnailUrl":"https:\/\/store.microbiotech.dz\/wp-content\/uploads\/2023\/03\/gelose-de-conservation-600x.png","datePublished":"2023-03-23T08:56:33+00:00","dateModified":"2026-01-28T09:24:57+00:00","description":"Notre G\u00e9lose de conservation et de transport garantie un transport s\u00e9curis\u00e9 et une conservation optimale de vos souches microbiennes au prix d'usine.","breadcrumb":{"@id":"https:\/\/store.microbiotech.dz\/index.php\/produit\/gelose-de-conservation-et-de-transport\/#breadcrumb"},"inLanguage":"fr-FR","potentialAction":[{"@type":"ReadAction","target":["https:\/\/store.microbiotech.dz\/index.php\/produit\/gelose-de-conservation-et-de-transport\/"]}]},{"@type":"ImageObject","inLanguage":"fr-FR","@id":"https:\/\/store.microbiotech.dz\/index.php\/produit\/gelose-de-conservation-et-de-transport\/#primaryimage","url":"https:\/\/store.microbiotech.dz\/wp-content\/uploads\/2023\/03\/gelose-de-conservation-600x.png","contentUrl":"https:\/\/store.microbiotech.dz\/wp-content\/uploads\/2023\/03\/gelose-de-conservation-600x.png","width":600,"height":600,"caption":"G\u00e9lose de conservation et de transport"},{"@type":"BreadcrumbList","@id":"https:\/\/store.microbiotech.dz\/index.php\/produit\/gelose-de-conservation-et-de-transport\/#breadcrumb","itemListElement":[{"@type":"ListItem","position":1,"name":"Accueil","item":"https:\/\/store.microbiotech.dz\/"},{"@type":"ListItem","position":2,"name":"Nos Produits","item":"https:\/\/store.microbiotech.dz\/index.php\/nos-produits\/"},{"@type":"ListItem","position":3,"name":"G\u00e9lose de conservation et de transport"}]},{"@type":"WebSite","@id":"https:\/\/store.microbiotech.dz\/#website","url":"https:\/\/store.microbiotech.dz\/","name":"La Boutique en ligne","description":"Qualit\u00e9 - Rapidit\u00e9 - Tranquillit\u00e9","publisher":{"@id":"https:\/\/store.microbiotech.dz\/#organization"},"potentialAction":[{"@type":"SearchAction","target":{"@type":"EntryPoint","urlTemplate":"https:\/\/store.microbiotech.dz\/?s={search_term_string}"},"query-input":{"@type":"PropertyValueSpecification","valueRequired":true,"valueName":"search_term_string"}}],"inLanguage":"fr-FR"},{"@type":"Organization","@id":"https:\/\/store.microbiotech.dz\/#organization","name":"Microbiotech EURL","url":"https:\/\/store.microbiotech.dz\/","logo":{"@type":"ImageObject","inLanguage":"fr-FR","@id":"https:\/\/store.microbiotech.dz\/#\/schema\/logo\/image\/","url":"https:\/\/store.microbiotech.dz\/wp-content\/uploads\/2021\/09\/cropped-logo-microbiotech-2.jpg","contentUrl":"https:\/\/store.microbiotech.dz\/wp-content\/uploads\/2021\/09\/cropped-logo-microbiotech-2.jpg","width":815,"height":586,"caption":"Microbiotech EURL"},"image":{"@id":"https:\/\/store.microbiotech.dz\/#\/schema\/logo\/image\/"},"sameAs":["https:\/\/www.facebook.com\/MicroBiotech.dz","https:\/\/x.com\/MicrobiotechD","https:\/\/www.linkedin.com\/in\/microbiotech\/","https:\/\/www.youtube.com\/channel\/UCTxc3VIiX7LXD2LQYfZEcDg"]}]}},"jetpack_sharing_enabled":true,"_links":{"self":[{"href":"https:\/\/store.microbiotech.dz\/index.php\/wp-json\/wp\/v2\/product\/3007","targetHints":{"allow":["GET"]}}],"collection":[{"href":"https:\/\/store.microbiotech.dz\/index.php\/wp-json\/wp\/v2\/product"}],"about":[{"href":"https:\/\/store.microbiotech.dz\/index.php\/wp-json\/wp\/v2\/types\/product"}],"replies":[{"embeddable":true,"href":"https:\/\/store.microbiotech.dz\/index.php\/wp-json\/wp\/v2\/comments?post=3007"}],"wp:featuredmedia":[{"embeddable":true,"href":"https:\/\/store.microbiotech.dz\/index.php\/wp-json\/wp\/v2\/media\/3297"}],"wp:attachment":[{"href":"https:\/\/store.microbiotech.dz\/index.php\/wp-json\/wp\/v2\/media?parent=3007"}],"wp:term":[{"taxonomy":"product_brand","embeddable":true,"href":"https:\/\/store.microbiotech.dz\/index.php\/wp-json\/wp\/v2\/product_brand?post=3007"},{"taxonomy":"product_cat","embeddable":true,"href":"https:\/\/store.microbiotech.dz\/index.php\/wp-json\/wp\/v2\/product_cat?post=3007"},{"taxonomy":"product_tag","embeddable":true,"href":"https:\/\/store.microbiotech.dz\/index.php\/wp-json\/wp\/v2\/product_tag?post=3007"}],"curies":[{"name":"wp","href":"https:\/\/api.w.org\/{rel}","templated":true}]}}