{"id":2879,"date":"2025-02-17T15:19:03","date_gmt":"2025-02-17T14:19:03","guid":{"rendered":"https:\/\/store.microbiotech.dz\/?post_type=product&#038;p=2879"},"modified":"2025-02-18T11:48:56","modified_gmt":"2025-02-18T10:48:56","slug":"tube-conique-de-centrifugation-falcon-sterile-50-ml","status":"publish","type":"product","link":"https:\/\/store.microbiotech.dz\/index.php\/produit\/tube-conique-de-centrifugation-falcon-sterile-50-ml\/","title":{"rendered":"Tube conique de centrifugation ( falcon ) st\u00e9rile 50 ml"},"content":{"rendered":"<p><span style=\"font-size: 16px;\">Le Tube conique de centrifugation <\/span>( falcon ) <span style=\"font-size: 16px;\">st\u00e9rile 50 ml <strong>PLASTILAB<\/strong> appel\u00e9 aussi tube de centrifugation fabriqu\u00e9 en polypropyl\u00e8ne (PP) est un outil important pour les applications en microbiologie. Gr\u00e2ce \u00e0 leur transparence, aux graduations faciles \u00e0 lire et leur r\u00e9sistance exceptionnelle, ces tubes sont parfaits pour la <a href=\"https:\/\/store.microbiotech.dz\/?s=centrifugeuse\" target=\"_blank\" rel=\"noopener\">centrifugation<\/a> cellulaire, et la s\u00e9paration par <a href=\"https:\/\/www.coleparmer.com\/tech-article\/centrifugation-basics?tlg=fr-FR#:~:text=Les%20gradients%20de%20densit%C3%A9%20peuvent,dessus%2C%20en%20continu%20ou%20non.\" target=\"_blank\" rel=\"noopener\">gradient de densit\u00e9<\/a>.<\/span><\/p>\n<p>Le Tube conique de centrifugation ( falcon ) st\u00e9rile 50 ml est \u00e9tanche, autoclavable est utilisable pour le stockage cryog\u00e9nique \u00e0 -80\u00b0C, ce qui en fait un choix id\u00e9al pour la conservation \u00e0 long terme de vos \u00e9chantillons en toute s\u00e9curit\u00e9.<\/p>\n","protected":false},"excerpt":{"rendered":"<p>&nbsp;<\/p>\n<p>Marque :\u00a0<strong>PLASTILAB<\/strong>\u00a0<img loading=\"lazy\" decoding=\"async\" class=\"alignnone wp-image-2774\" src=\"https:\/\/store.microbiotech.dz\/wp-content\/uploads\/2022\/07\/lb-circle-01-300x300.png\" sizes=\"auto, (max-width: 34px) 100vw, 34px\" srcset=\"https:\/\/store.microbiotech.dz\/wp-content\/uploads\/2022\/07\/lb-circle-01-300x300.png 300w, https:\/\/store.microbiotech.dz\/wp-content\/uploads\/2022\/07\/lb-circle-01-150x150.png 150w, https:\/\/store.microbiotech.dz\/wp-content\/uploads\/2022\/07\/lb-circle-01-100x100.png 100w, https:\/\/store.microbiotech.dz\/wp-content\/uploads\/2022\/07\/lb-circle-01.png 500w\" alt=\"\" width=\"34\" height=\"34\" \/><br \/>\nCouleur :\u00a0<strong>transparent avec bouchon bleu et graduation blanche<\/strong><br \/>\nMat\u00e9riau :\u00a0<strong>Polypropyl\u00e8ne (PP)<\/strong><br \/>\nSt\u00e9rilit\u00e9 : <strong>st\u00e9rile<\/strong><br \/>\nVolume:\u00a0<strong>50 ml<\/strong><br \/>\nDate de p\u00e9remption : <strong>8-2029<\/strong><br \/>\nT\u00e9l\u00e9chargement : <a href=\"https:\/\/store.microbiotech.dz\/wp-content\/uploads\/2025\/02\/5CT-DS2-Data-Sheet-Centrifuge-tube-50-ml-I6r31.pdf\">Fiche technique<\/a><\/p>\n","protected":false},"featured_media":13350,"comment_status":"open","ping_status":"closed","template":"","meta":{"site-sidebar-layout":"default","site-content-layout":"default","ast-site-content-layout":"default","site-content-style":"default","site-sidebar-style":"default","ast-global-header-display":"","ast-banner-title-visibility":"","ast-main-header-display":"","ast-hfb-above-header-display":"","ast-hfb-below-header-display":"","ast-hfb-mobile-header-display":"","site-post-title":"","ast-breadcrumbs-content":"","ast-featured-img":"","footer-sml-layout":"","ast-disable-related-posts":"","theme-transparent-header-meta":"default","adv-header-id-meta":"","stick-header-meta":"","header-above-stick-meta":"","header-main-stick-meta":"","header-below-stick-meta":"","astra-migrate-meta-layouts":"set","ast-page-background-enabled":"default","ast-page-background-meta":{"desktop":{"background-color":"var(--ast-global-color-4)","background-image":"","background-repeat":"repeat","background-position":"center center","background-size":"auto","background-attachment":"scroll","background-type":"","background-media":"","overlay-type":"","overlay-color":"","overlay-opacity":"","overlay-gradient":""},"tablet":{"background-color":"","background-image":"","background-repeat":"repeat","background-position":"center center","background-size":"auto","background-attachment":"scroll","background-type":"","background-media":"","overlay-type":"","overlay-color":"","overlay-opacity":"","overlay-gradient":""},"mobile":{"background-color":"","background-image":"","background-repeat":"repeat","background-position":"center center","background-size":"auto","background-attachment":"scroll","background-type":"","background-media":"","overlay-type":"","overlay-color":"","overlay-opacity":"","overlay-gradient":""}},"ast-content-background-meta":{"desktop":{"background-color":"var(--ast-global-color-5)","background-image":"","background-repeat":"repeat","background-position":"center center","background-size":"auto","background-attachment":"scroll","background-type":"","background-media":"","overlay-type":"","overlay-color":"","overlay-opacity":"","overlay-gradient":""},"tablet":{"background-color":"var(--ast-global-color-5)","background-image":"","background-repeat":"repeat","background-position":"center center","background-size":"auto","background-attachment":"scroll","background-type":"","background-media":"","overlay-type":"","overlay-color":"","overlay-opacity":"","overlay-gradient":""},"mobile":{"background-color":"var(--ast-global-color-5)","background-image":"","background-repeat":"repeat","background-position":"center center","background-size":"auto","background-attachment":"scroll","background-type":"","background-media":"","overlay-type":"","overlay-color":"","overlay-opacity":"","overlay-gradient":""}},"jetpack_post_was_ever_published":false},"product_brand":[],"product_cat":[799,238],"product_tag":[937,870,2805,936],"class_list":{"0":"post-2879","1":"product","2":"type-product","3":"status-publish","4":"has-post-thumbnail","6":"product_cat-consommable-plast","7":"product_cat-equipements","8":"product_tag-centrifugation","9":"product_tag-f86","10":"product_tag-falcon","11":"product_tag-tube-conique","12":"desktop-align-center","13":"tablet-align-left","14":"mobile-align-left","16":"first","17":"instock","18":"taxable","19":"shipping-taxable","20":"purchasable","21":"product-type-simple"},"yoast_head":"<!-- This site is optimized with the Yoast SEO plugin v27.4 - https:\/\/yoast.com\/product\/yoast-seo-wordpress\/ -->\n<title>Tube conique de centrifugation ( falcon ) st\u00e9rile 50 ml - La Boutique en ligne<\/title>\n<meta name=\"description\" content=\"Le Tube conique de centrifugation ( falcon ) st\u00e9rile 50 ml PLASTILAB est gradu\u00e9, \u00e9tanche, autoclavable avec une excellente qualit\u00e9 et \u00e0 bon prix.\" \/>\n<meta name=\"robots\" content=\"index, follow, max-snippet:-1, max-image-preview:large, max-video-preview:-1\" \/>\n<link rel=\"canonical\" href=\"https:\/\/store.microbiotech.dz\/index.php\/produit\/tube-conique-de-centrifugation-falcon-sterile-50-ml\/\" \/>\n<meta property=\"og:locale\" content=\"fr_FR\" \/>\n<meta property=\"og:type\" content=\"article\" \/>\n<meta property=\"og:title\" content=\"Tube conique de centrifugation ( falcon ) st\u00e9rile 50 ml - La Boutique en ligne\" \/>\n<meta property=\"og:description\" content=\"Le Tube conique de centrifugation ( falcon ) st\u00e9rile 50 ml PLASTILAB est gradu\u00e9, \u00e9tanche, autoclavable avec une excellente qualit\u00e9 et \u00e0 bon prix.\" \/>\n<meta property=\"og:url\" content=\"https:\/\/store.microbiotech.dz\/index.php\/produit\/tube-conique-de-centrifugation-falcon-sterile-50-ml\/\" \/>\n<meta property=\"og:site_name\" content=\"La Boutique en ligne\" \/>\n<meta property=\"article:publisher\" content=\"https:\/\/www.facebook.com\/MicroBiotech.dz\" \/>\n<meta property=\"article:modified_time\" content=\"2025-02-18T10:48:56+00:00\" \/>\n<meta property=\"og:image\" content=\"https:\/\/store.microbiotech.dz\/wp-content\/uploads\/2025\/02\/fal-plastilab.webp\" \/>\n\t<meta property=\"og:image:width\" content=\"600\" \/>\n\t<meta property=\"og:image:height\" content=\"600\" \/>\n\t<meta property=\"og:image:type\" content=\"image\/webp\" \/>\n<meta name=\"twitter:card\" content=\"summary_large_image\" \/>\n<meta name=\"twitter:site\" content=\"@MicrobiotechD\" \/>\n<script type=\"application\/ld+json\" class=\"yoast-schema-graph\">{\"@context\":\"https:\\\/\\\/schema.org\",\"@graph\":[{\"@type\":\"WebPage\",\"@id\":\"https:\\\/\\\/store.microbiotech.dz\\\/index.php\\\/produit\\\/tube-conique-de-centrifugation-falcon-sterile-50-ml\\\/\",\"url\":\"https:\\\/\\\/store.microbiotech.dz\\\/index.php\\\/produit\\\/tube-conique-de-centrifugation-falcon-sterile-50-ml\\\/\",\"name\":\"Tube conique de centrifugation ( falcon ) st\u00e9rile 50 ml - La Boutique en ligne\",\"isPartOf\":{\"@id\":\"https:\\\/\\\/store.microbiotech.dz\\\/#website\"},\"primaryImageOfPage\":{\"@id\":\"https:\\\/\\\/store.microbiotech.dz\\\/index.php\\\/produit\\\/tube-conique-de-centrifugation-falcon-sterile-50-ml\\\/#primaryimage\"},\"image\":{\"@id\":\"https:\\\/\\\/store.microbiotech.dz\\\/index.php\\\/produit\\\/tube-conique-de-centrifugation-falcon-sterile-50-ml\\\/#primaryimage\"},\"thumbnailUrl\":\"https:\\\/\\\/store.microbiotech.dz\\\/wp-content\\\/uploads\\\/2025\\\/02\\\/fal-plastilab.webp\",\"datePublished\":\"2025-02-17T14:19:03+00:00\",\"dateModified\":\"2025-02-18T10:48:56+00:00\",\"description\":\"Le Tube conique de centrifugation ( falcon ) st\u00e9rile 50 ml PLASTILAB est gradu\u00e9, \u00e9tanche, autoclavable avec une excellente qualit\u00e9 et \u00e0 bon prix.\",\"breadcrumb\":{\"@id\":\"https:\\\/\\\/store.microbiotech.dz\\\/index.php\\\/produit\\\/tube-conique-de-centrifugation-falcon-sterile-50-ml\\\/#breadcrumb\"},\"inLanguage\":\"fr-FR\",\"potentialAction\":[{\"@type\":\"ReadAction\",\"target\":[\"https:\\\/\\\/store.microbiotech.dz\\\/index.php\\\/produit\\\/tube-conique-de-centrifugation-falcon-sterile-50-ml\\\/\"]}]},{\"@type\":\"ImageObject\",\"inLanguage\":\"fr-FR\",\"@id\":\"https:\\\/\\\/store.microbiotech.dz\\\/index.php\\\/produit\\\/tube-conique-de-centrifugation-falcon-sterile-50-ml\\\/#primaryimage\",\"url\":\"https:\\\/\\\/store.microbiotech.dz\\\/wp-content\\\/uploads\\\/2025\\\/02\\\/fal-plastilab.webp\",\"contentUrl\":\"https:\\\/\\\/store.microbiotech.dz\\\/wp-content\\\/uploads\\\/2025\\\/02\\\/fal-plastilab.webp\",\"width\":600,\"height\":600,\"caption\":\"Tube conique de centrifugation ( falcon ) st\u00e9rile 50 ml\"},{\"@type\":\"BreadcrumbList\",\"@id\":\"https:\\\/\\\/store.microbiotech.dz\\\/index.php\\\/produit\\\/tube-conique-de-centrifugation-falcon-sterile-50-ml\\\/#breadcrumb\",\"itemListElement\":[{\"@type\":\"ListItem\",\"position\":1,\"name\":\"Accueil\",\"item\":\"https:\\\/\\\/store.microbiotech.dz\\\/\"},{\"@type\":\"ListItem\",\"position\":2,\"name\":\"Nos Produits\",\"item\":\"https:\\\/\\\/store.microbiotech.dz\\\/index.php\\\/nos-produits\\\/\"},{\"@type\":\"ListItem\",\"position\":3,\"name\":\"Tube conique de centrifugation ( falcon ) st\u00e9rile 50 ml\"}]},{\"@type\":\"WebSite\",\"@id\":\"https:\\\/\\\/store.microbiotech.dz\\\/#website\",\"url\":\"https:\\\/\\\/store.microbiotech.dz\\\/\",\"name\":\"La Boutique en ligne\",\"description\":\"Qualit\u00e9 - Rapidit\u00e9 - Tranquillit\u00e9\",\"publisher\":{\"@id\":\"https:\\\/\\\/store.microbiotech.dz\\\/#organization\"},\"potentialAction\":[{\"@type\":\"SearchAction\",\"target\":{\"@type\":\"EntryPoint\",\"urlTemplate\":\"https:\\\/\\\/store.microbiotech.dz\\\/?s={search_term_string}\"},\"query-input\":{\"@type\":\"PropertyValueSpecification\",\"valueRequired\":true,\"valueName\":\"search_term_string\"}}],\"inLanguage\":\"fr-FR\"},{\"@type\":\"Organization\",\"@id\":\"https:\\\/\\\/store.microbiotech.dz\\\/#organization\",\"name\":\"Microbiotech EURL\",\"url\":\"https:\\\/\\\/store.microbiotech.dz\\\/\",\"logo\":{\"@type\":\"ImageObject\",\"inLanguage\":\"fr-FR\",\"@id\":\"https:\\\/\\\/store.microbiotech.dz\\\/#\\\/schema\\\/logo\\\/image\\\/\",\"url\":\"https:\\\/\\\/store.microbiotech.dz\\\/wp-content\\\/uploads\\\/2021\\\/09\\\/cropped-logo-microbiotech-2.jpg\",\"contentUrl\":\"https:\\\/\\\/store.microbiotech.dz\\\/wp-content\\\/uploads\\\/2021\\\/09\\\/cropped-logo-microbiotech-2.jpg\",\"width\":815,\"height\":586,\"caption\":\"Microbiotech EURL\"},\"image\":{\"@id\":\"https:\\\/\\\/store.microbiotech.dz\\\/#\\\/schema\\\/logo\\\/image\\\/\"},\"sameAs\":[\"https:\\\/\\\/www.facebook.com\\\/MicroBiotech.dz\",\"https:\\\/\\\/x.com\\\/MicrobiotechD\",\"https:\\\/\\\/www.linkedin.com\\\/in\\\/microbiotech\\\/\",\"https:\\\/\\\/www.youtube.com\\\/channel\\\/UCTxc3VIiX7LXD2LQYfZEcDg\"]}]}<\/script>\n<!-- \/ Yoast SEO plugin. -->","yoast_head_json":{"title":"Tube conique de centrifugation ( falcon ) st\u00e9rile 50 ml - La Boutique en ligne","description":"Le Tube conique de centrifugation ( falcon ) st\u00e9rile 50 ml PLASTILAB est gradu\u00e9, \u00e9tanche, autoclavable avec une excellente qualit\u00e9 et \u00e0 bon prix.","robots":{"index":"index","follow":"follow","max-snippet":"max-snippet:-1","max-image-preview":"max-image-preview:large","max-video-preview":"max-video-preview:-1"},"canonical":"https:\/\/store.microbiotech.dz\/index.php\/produit\/tube-conique-de-centrifugation-falcon-sterile-50-ml\/","og_locale":"fr_FR","og_type":"article","og_title":"Tube conique de centrifugation ( falcon ) st\u00e9rile 50 ml - La Boutique en ligne","og_description":"Le Tube conique de centrifugation ( falcon ) st\u00e9rile 50 ml PLASTILAB est gradu\u00e9, \u00e9tanche, autoclavable avec une excellente qualit\u00e9 et \u00e0 bon prix.","og_url":"https:\/\/store.microbiotech.dz\/index.php\/produit\/tube-conique-de-centrifugation-falcon-sterile-50-ml\/","og_site_name":"La Boutique en ligne","article_publisher":"https:\/\/www.facebook.com\/MicroBiotech.dz","article_modified_time":"2025-02-18T10:48:56+00:00","og_image":[{"width":600,"height":600,"url":"https:\/\/store.microbiotech.dz\/wp-content\/uploads\/2025\/02\/fal-plastilab.webp","type":"image\/webp"}],"twitter_card":"summary_large_image","twitter_site":"@MicrobiotechD","schema":{"@context":"https:\/\/schema.org","@graph":[{"@type":"WebPage","@id":"https:\/\/store.microbiotech.dz\/index.php\/produit\/tube-conique-de-centrifugation-falcon-sterile-50-ml\/","url":"https:\/\/store.microbiotech.dz\/index.php\/produit\/tube-conique-de-centrifugation-falcon-sterile-50-ml\/","name":"Tube conique de centrifugation ( falcon ) st\u00e9rile 50 ml - La Boutique en ligne","isPartOf":{"@id":"https:\/\/store.microbiotech.dz\/#website"},"primaryImageOfPage":{"@id":"https:\/\/store.microbiotech.dz\/index.php\/produit\/tube-conique-de-centrifugation-falcon-sterile-50-ml\/#primaryimage"},"image":{"@id":"https:\/\/store.microbiotech.dz\/index.php\/produit\/tube-conique-de-centrifugation-falcon-sterile-50-ml\/#primaryimage"},"thumbnailUrl":"https:\/\/store.microbiotech.dz\/wp-content\/uploads\/2025\/02\/fal-plastilab.webp","datePublished":"2025-02-17T14:19:03+00:00","dateModified":"2025-02-18T10:48:56+00:00","description":"Le Tube conique de centrifugation ( falcon ) st\u00e9rile 50 ml PLASTILAB est gradu\u00e9, \u00e9tanche, autoclavable avec une excellente qualit\u00e9 et \u00e0 bon prix.","breadcrumb":{"@id":"https:\/\/store.microbiotech.dz\/index.php\/produit\/tube-conique-de-centrifugation-falcon-sterile-50-ml\/#breadcrumb"},"inLanguage":"fr-FR","potentialAction":[{"@type":"ReadAction","target":["https:\/\/store.microbiotech.dz\/index.php\/produit\/tube-conique-de-centrifugation-falcon-sterile-50-ml\/"]}]},{"@type":"ImageObject","inLanguage":"fr-FR","@id":"https:\/\/store.microbiotech.dz\/index.php\/produit\/tube-conique-de-centrifugation-falcon-sterile-50-ml\/#primaryimage","url":"https:\/\/store.microbiotech.dz\/wp-content\/uploads\/2025\/02\/fal-plastilab.webp","contentUrl":"https:\/\/store.microbiotech.dz\/wp-content\/uploads\/2025\/02\/fal-plastilab.webp","width":600,"height":600,"caption":"Tube conique de centrifugation ( falcon ) st\u00e9rile 50 ml"},{"@type":"BreadcrumbList","@id":"https:\/\/store.microbiotech.dz\/index.php\/produit\/tube-conique-de-centrifugation-falcon-sterile-50-ml\/#breadcrumb","itemListElement":[{"@type":"ListItem","position":1,"name":"Accueil","item":"https:\/\/store.microbiotech.dz\/"},{"@type":"ListItem","position":2,"name":"Nos Produits","item":"https:\/\/store.microbiotech.dz\/index.php\/nos-produits\/"},{"@type":"ListItem","position":3,"name":"Tube conique de centrifugation ( falcon ) st\u00e9rile 50 ml"}]},{"@type":"WebSite","@id":"https:\/\/store.microbiotech.dz\/#website","url":"https:\/\/store.microbiotech.dz\/","name":"La Boutique en ligne","description":"Qualit\u00e9 - Rapidit\u00e9 - Tranquillit\u00e9","publisher":{"@id":"https:\/\/store.microbiotech.dz\/#organization"},"potentialAction":[{"@type":"SearchAction","target":{"@type":"EntryPoint","urlTemplate":"https:\/\/store.microbiotech.dz\/?s={search_term_string}"},"query-input":{"@type":"PropertyValueSpecification","valueRequired":true,"valueName":"search_term_string"}}],"inLanguage":"fr-FR"},{"@type":"Organization","@id":"https:\/\/store.microbiotech.dz\/#organization","name":"Microbiotech EURL","url":"https:\/\/store.microbiotech.dz\/","logo":{"@type":"ImageObject","inLanguage":"fr-FR","@id":"https:\/\/store.microbiotech.dz\/#\/schema\/logo\/image\/","url":"https:\/\/store.microbiotech.dz\/wp-content\/uploads\/2021\/09\/cropped-logo-microbiotech-2.jpg","contentUrl":"https:\/\/store.microbiotech.dz\/wp-content\/uploads\/2021\/09\/cropped-logo-microbiotech-2.jpg","width":815,"height":586,"caption":"Microbiotech EURL"},"image":{"@id":"https:\/\/store.microbiotech.dz\/#\/schema\/logo\/image\/"},"sameAs":["https:\/\/www.facebook.com\/MicroBiotech.dz","https:\/\/x.com\/MicrobiotechD","https:\/\/www.linkedin.com\/in\/microbiotech\/","https:\/\/www.youtube.com\/channel\/UCTxc3VIiX7LXD2LQYfZEcDg"]}]}},"jetpack_sharing_enabled":true,"_links":{"self":[{"href":"https:\/\/store.microbiotech.dz\/index.php\/wp-json\/wp\/v2\/product\/2879","targetHints":{"allow":["GET"]}}],"collection":[{"href":"https:\/\/store.microbiotech.dz\/index.php\/wp-json\/wp\/v2\/product"}],"about":[{"href":"https:\/\/store.microbiotech.dz\/index.php\/wp-json\/wp\/v2\/types\/product"}],"replies":[{"embeddable":true,"href":"https:\/\/store.microbiotech.dz\/index.php\/wp-json\/wp\/v2\/comments?post=2879"}],"wp:featuredmedia":[{"embeddable":true,"href":"https:\/\/store.microbiotech.dz\/index.php\/wp-json\/wp\/v2\/media\/13350"}],"wp:attachment":[{"href":"https:\/\/store.microbiotech.dz\/index.php\/wp-json\/wp\/v2\/media?parent=2879"}],"wp:term":[{"taxonomy":"product_brand","embeddable":true,"href":"https:\/\/store.microbiotech.dz\/index.php\/wp-json\/wp\/v2\/product_brand?post=2879"},{"taxonomy":"product_cat","embeddable":true,"href":"https:\/\/store.microbiotech.dz\/index.php\/wp-json\/wp\/v2\/product_cat?post=2879"},{"taxonomy":"product_tag","embeddable":true,"href":"https:\/\/store.microbiotech.dz\/index.php\/wp-json\/wp\/v2\/product_tag?post=2879"}],"curies":[{"name":"wp","href":"https:\/\/api.w.org\/{rel}","templated":true}]}}