{"id":2810,"date":"2023-02-26T08:03:29","date_gmt":"2023-02-26T07:03:29","guid":{"rendered":"https:\/\/store.microbiotech.dz\/?post_type=product&#038;p=2810"},"modified":"2026-01-08T15:21:30","modified_gmt":"2026-01-08T14:21:30","slug":"micropipette-a-volume-variable-joanlab","status":"publish","type":"product","link":"https:\/\/store.microbiotech.dz\/index.php\/produit\/micropipette-a-volume-variable-joanlab\/","title":{"rendered":"Micropipette \u00e0 volume variable JOANLAB"},"content":{"rendered":"<p>Micropipette \u00e0 volume variable <a href=\"https:\/\/www.joanlab.com\/\" target=\"_blank\" rel=\"noopener\">JOANLAB<\/a> :<\/p>\n<p>La micro-pipette est un type d\u2019<a href=\"https:\/\/store.microbiotech.dz\/index.php\/categorie-produit\/equipements\/\" target=\"_blank\" rel=\"noopener\">\u00e9quipement de laboratoire<\/a>\u00a0standard, elle utilis\u00e9e pour mesurer et transf\u00e9rer avec pr\u00e9cision de petites quantit\u00e9s de liquide g\u00e9n\u00e9ralement en microlitres.<\/p>\n<p>Les micro-pipettes\u00a0JOANLAB\u00a0sont con\u00e7ues pour offrir des performances et une pr\u00e9cision optimales avec une utilisation sans efforts. Elles sont id\u00e9ales pour une utilisation soutenue et pour de longues heures de pipetage. Leur conception intelligente comprend un syst\u00e8me facile d\u2019\u00e9jection d\u2019embouts et un poids l\u00e9ger qui conf\u00e8re un confort et une facilit\u00e9 d\u2019utilisation exceptionnels.<\/p>\n<p>1-SEMI-AUTOCLAVABLE: La partie basse de la Micropipette \u00e0 volume variable <a href=\"https:\/\/www.joanlab.com\/\" target=\"_blank\" rel=\"noopener\">JOANLAB<\/a> qui est sujette \u00e0 des risques de contaminations est st\u00e9rilisable \u00e0 l\u2019autoclave<br \/>\n2-Poign\u00e9e en \u00e9lastom\u00e8re thermoplastique souple (TPE) pour un transfert de chaleur r\u00e9duit<br \/>\n3-\u00c9tanch\u00e9it\u00e9 sans fuite sur les <a href=\"https:\/\/store.microbiotech.dz\/?s=embout\" target=\"_blank\" rel=\"noopener\">pointes<\/a><br \/>\n4-Chargement et \u00e9jection de la pointe \u00e0 une main et \u00e0 force douce<br \/>\n5-Chargement constant des \u00e9chantillons<br \/>\n6-Codage couleur attrayant pour une identification facile du volume<br \/>\n7-Forme de tige id\u00e9ale pour atteindre les tubes \u00e9troits\/profonds<br \/>\n8-Compatible avec la plupart des types de pointes<\/p>\n","protected":false},"excerpt":{"rendered":"<p>Marque: <strong>JOANLAB<\/strong> <img loading=\"lazy\" decoding=\"async\" class=\"alignnone wp-image-1795\" src=\"https:\/\/store.microbiotech.dz\/wp-content\/uploads\/2022\/04\/China-Flag.png\" alt=\"\" width=\"41\" height=\"42\" srcset=\"https:\/\/store.microbiotech.dz\/wp-content\/uploads\/2022\/04\/China-Flag.png 224w, https:\/\/store.microbiotech.dz\/wp-content\/uploads\/2022\/04\/China-Flag-150x150.png 150w, https:\/\/store.microbiotech.dz\/wp-content\/uploads\/2022\/04\/China-Flag-100x100.png 100w\" sizes=\"auto, (max-width: 41px) 100vw, 41px\" \/><\/p>\n<p><strong>Volumes disponibles<\/strong>: 0.1-2.5\u03bcl, 0.5-10\u03bcl, 2-20\u03bcl, 5-50\u03bcl, 10-100\u03bcl, 20-200\u03bcl, 50-200\u03bcl, 100-1000\u03bcl, 500-5000\u03bcl, 2-10ml<\/p>\n<p>&nbsp;<\/p>\n","protected":false},"featured_media":2815,"comment_status":"open","ping_status":"closed","template":"","meta":{"site-sidebar-layout":"default","site-content-layout":"default","ast-site-content-layout":"default","site-content-style":"default","site-sidebar-style":"default","ast-global-header-display":"","ast-banner-title-visibility":"","ast-main-header-display":"","ast-hfb-above-header-display":"","ast-hfb-below-header-display":"","ast-hfb-mobile-header-display":"","site-post-title":"","ast-breadcrumbs-content":"","ast-featured-img":"","footer-sml-layout":"","ast-disable-related-posts":"","theme-transparent-header-meta":"default","adv-header-id-meta":"","stick-header-meta":"","header-above-stick-meta":"","header-main-stick-meta":"","header-below-stick-meta":"","astra-migrate-meta-layouts":"set","ast-page-background-enabled":"default","ast-page-background-meta":{"desktop":{"background-color":"var(--ast-global-color-4)","background-image":"","background-repeat":"repeat","background-position":"center center","background-size":"auto","background-attachment":"scroll","background-type":"","background-media":"","overlay-type":"","overlay-color":"","overlay-opacity":"","overlay-gradient":""},"tablet":{"background-color":"","background-image":"","background-repeat":"repeat","background-position":"center center","background-size":"auto","background-attachment":"scroll","background-type":"","background-media":"","overlay-type":"","overlay-color":"","overlay-opacity":"","overlay-gradient":""},"mobile":{"background-color":"","background-image":"","background-repeat":"repeat","background-position":"center center","background-size":"auto","background-attachment":"scroll","background-type":"","background-media":"","overlay-type":"","overlay-color":"","overlay-opacity":"","overlay-gradient":""}},"ast-content-background-meta":{"desktop":{"background-color":"var(--ast-global-color-5)","background-image":"","background-repeat":"repeat","background-position":"center center","background-size":"auto","background-attachment":"scroll","background-type":"","background-media":"","overlay-type":"","overlay-color":"","overlay-opacity":"","overlay-gradient":""},"tablet":{"background-color":"var(--ast-global-color-5)","background-image":"","background-repeat":"repeat","background-position":"center center","background-size":"auto","background-attachment":"scroll","background-type":"","background-media":"","overlay-type":"","overlay-color":"","overlay-opacity":"","overlay-gradient":""},"mobile":{"background-color":"var(--ast-global-color-5)","background-image":"","background-repeat":"repeat","background-position":"center center","background-size":"auto","background-attachment":"scroll","background-type":"","background-media":"","overlay-type":"","overlay-color":"","overlay-opacity":"","overlay-gradient":""}},"jetpack_post_was_ever_published":false},"product_brand":[],"product_cat":[238],"product_tag":[1555,930,288,869,875,889],"class_list":{"0":"post-2810","1":"product","2":"type-product","3":"status-publish","4":"has-post-thumbnail","6":"product_cat-equipements","7":"product_tag-f113","8":"product_tag-f90","9":"product_tag-joan-lab","10":"product_tag-micropipette","11":"product_tag-micropipette-variable","12":"product_tag-variable","13":"desktop-align-center","14":"tablet-align-left","15":"mobile-align-left","17":"first","18":"instock","19":"sale","20":"taxable","21":"shipping-taxable","22":"purchasable","23":"product-type-variable"},"yoast_head":"<!-- This site is optimized with the Yoast SEO plugin v27.5 - https:\/\/yoast.com\/product\/yoast-seo-wordpress\/ -->\n<title>Micropipette \u00e0 volume variable JOANLAB - La Boutique en ligne<\/title>\n<meta name=\"description\" content=\"La micropipette \u00e0 volume variable JOANLAB\u00a0est con\u00e7ue pour offrir une pr\u00e9cision optimale et une utilisation sans efforts \u00e0 un prix d\u00e9fiant toute concurrence.\" \/>\n<meta name=\"robots\" content=\"index, follow, max-snippet:-1, max-image-preview:large, max-video-preview:-1\" \/>\n<link rel=\"canonical\" href=\"https:\/\/store.microbiotech.dz\/index.php\/produit\/micropipette-a-volume-variable-joanlab\/\" \/>\n<meta property=\"og:locale\" content=\"fr_FR\" \/>\n<meta property=\"og:type\" content=\"article\" \/>\n<meta property=\"og:title\" content=\"Micropipette \u00e0 volume variable JOANLAB - La Boutique en ligne\" \/>\n<meta property=\"og:description\" content=\"La micropipette \u00e0 volume variable JOANLAB\u00a0est con\u00e7ue pour offrir une pr\u00e9cision optimale et une utilisation sans efforts \u00e0 un prix d\u00e9fiant toute concurrence.\" \/>\n<meta property=\"og:url\" content=\"https:\/\/store.microbiotech.dz\/index.php\/produit\/micropipette-a-volume-variable-joanlab\/\" \/>\n<meta property=\"og:site_name\" content=\"La Boutique en ligne\" \/>\n<meta property=\"article:publisher\" content=\"https:\/\/www.facebook.com\/MicroBiotech.dz\" \/>\n<meta property=\"article:modified_time\" content=\"2026-01-08T14:21:30+00:00\" \/>\n<meta property=\"og:image\" content=\"https:\/\/store.microbiotech.dz\/wp-content\/uploads\/2023\/02\/Micropipette-variable-JOANLAB.jpg\" \/>\n\t<meta property=\"og:image:width\" content=\"500\" \/>\n\t<meta property=\"og:image:height\" content=\"500\" \/>\n\t<meta property=\"og:image:type\" content=\"image\/jpeg\" \/>\n<meta name=\"twitter:card\" content=\"summary_large_image\" \/>\n<meta name=\"twitter:site\" content=\"@MicrobiotechD\" \/>\n<meta name=\"twitter:label1\" content=\"Dur\u00e9e de lecture estim\u00e9e\" \/>\n\t<meta name=\"twitter:data1\" content=\"1 minute\" \/>\n<script type=\"application\/ld+json\" class=\"yoast-schema-graph\">{\"@context\":\"https:\\\/\\\/schema.org\",\"@graph\":[{\"@type\":\"WebPage\",\"@id\":\"https:\\\/\\\/store.microbiotech.dz\\\/index.php\\\/produit\\\/micropipette-a-volume-variable-joanlab\\\/\",\"url\":\"https:\\\/\\\/store.microbiotech.dz\\\/index.php\\\/produit\\\/micropipette-a-volume-variable-joanlab\\\/\",\"name\":\"Micropipette \u00e0 volume variable JOANLAB - La Boutique en ligne\",\"isPartOf\":{\"@id\":\"https:\\\/\\\/store.microbiotech.dz\\\/#website\"},\"primaryImageOfPage\":{\"@id\":\"https:\\\/\\\/store.microbiotech.dz\\\/index.php\\\/produit\\\/micropipette-a-volume-variable-joanlab\\\/#primaryimage\"},\"image\":{\"@id\":\"https:\\\/\\\/store.microbiotech.dz\\\/index.php\\\/produit\\\/micropipette-a-volume-variable-joanlab\\\/#primaryimage\"},\"thumbnailUrl\":\"https:\\\/\\\/store.microbiotech.dz\\\/wp-content\\\/uploads\\\/2023\\\/02\\\/Micropipette-variable-JOANLAB.jpg\",\"datePublished\":\"2023-02-26T07:03:29+00:00\",\"dateModified\":\"2026-01-08T14:21:30+00:00\",\"description\":\"La micropipette \u00e0 volume variable JOANLAB\u00a0est con\u00e7ue pour offrir une pr\u00e9cision optimale et une utilisation sans efforts \u00e0 un prix d\u00e9fiant toute concurrence.\",\"breadcrumb\":{\"@id\":\"https:\\\/\\\/store.microbiotech.dz\\\/index.php\\\/produit\\\/micropipette-a-volume-variable-joanlab\\\/#breadcrumb\"},\"inLanguage\":\"fr-FR\",\"potentialAction\":[{\"@type\":\"ReadAction\",\"target\":[\"https:\\\/\\\/store.microbiotech.dz\\\/index.php\\\/produit\\\/micropipette-a-volume-variable-joanlab\\\/\"]}]},{\"@type\":\"ImageObject\",\"inLanguage\":\"fr-FR\",\"@id\":\"https:\\\/\\\/store.microbiotech.dz\\\/index.php\\\/produit\\\/micropipette-a-volume-variable-joanlab\\\/#primaryimage\",\"url\":\"https:\\\/\\\/store.microbiotech.dz\\\/wp-content\\\/uploads\\\/2023\\\/02\\\/Micropipette-variable-JOANLAB.jpg\",\"contentUrl\":\"https:\\\/\\\/store.microbiotech.dz\\\/wp-content\\\/uploads\\\/2023\\\/02\\\/Micropipette-variable-JOANLAB.jpg\",\"width\":500,\"height\":500,\"caption\":\"Micropipette variable joanlab\"},{\"@type\":\"BreadcrumbList\",\"@id\":\"https:\\\/\\\/store.microbiotech.dz\\\/index.php\\\/produit\\\/micropipette-a-volume-variable-joanlab\\\/#breadcrumb\",\"itemListElement\":[{\"@type\":\"ListItem\",\"position\":1,\"name\":\"Accueil\",\"item\":\"https:\\\/\\\/store.microbiotech.dz\\\/\"},{\"@type\":\"ListItem\",\"position\":2,\"name\":\"Nos Produits\",\"item\":\"https:\\\/\\\/store.microbiotech.dz\\\/index.php\\\/nos-produits\\\/\"},{\"@type\":\"ListItem\",\"position\":3,\"name\":\"Micropipette \u00e0 volume variable JOANLAB\"}]},{\"@type\":\"WebSite\",\"@id\":\"https:\\\/\\\/store.microbiotech.dz\\\/#website\",\"url\":\"https:\\\/\\\/store.microbiotech.dz\\\/\",\"name\":\"La Boutique en ligne\",\"description\":\"Qualit\u00e9 - Rapidit\u00e9 - Tranquillit\u00e9\",\"publisher\":{\"@id\":\"https:\\\/\\\/store.microbiotech.dz\\\/#organization\"},\"potentialAction\":[{\"@type\":\"SearchAction\",\"target\":{\"@type\":\"EntryPoint\",\"urlTemplate\":\"https:\\\/\\\/store.microbiotech.dz\\\/?s={search_term_string}\"},\"query-input\":{\"@type\":\"PropertyValueSpecification\",\"valueRequired\":true,\"valueName\":\"search_term_string\"}}],\"inLanguage\":\"fr-FR\"},{\"@type\":\"Organization\",\"@id\":\"https:\\\/\\\/store.microbiotech.dz\\\/#organization\",\"name\":\"Microbiotech EURL\",\"url\":\"https:\\\/\\\/store.microbiotech.dz\\\/\",\"logo\":{\"@type\":\"ImageObject\",\"inLanguage\":\"fr-FR\",\"@id\":\"https:\\\/\\\/store.microbiotech.dz\\\/#\\\/schema\\\/logo\\\/image\\\/\",\"url\":\"https:\\\/\\\/store.microbiotech.dz\\\/wp-content\\\/uploads\\\/2021\\\/09\\\/cropped-logo-microbiotech-2.jpg\",\"contentUrl\":\"https:\\\/\\\/store.microbiotech.dz\\\/wp-content\\\/uploads\\\/2021\\\/09\\\/cropped-logo-microbiotech-2.jpg\",\"width\":815,\"height\":586,\"caption\":\"Microbiotech EURL\"},\"image\":{\"@id\":\"https:\\\/\\\/store.microbiotech.dz\\\/#\\\/schema\\\/logo\\\/image\\\/\"},\"sameAs\":[\"https:\\\/\\\/www.facebook.com\\\/MicroBiotech.dz\",\"https:\\\/\\\/x.com\\\/MicrobiotechD\",\"https:\\\/\\\/www.linkedin.com\\\/in\\\/microbiotech\\\/\",\"https:\\\/\\\/www.youtube.com\\\/channel\\\/UCTxc3VIiX7LXD2LQYfZEcDg\"]}]}<\/script>\n<!-- \/ Yoast SEO plugin. -->","yoast_head_json":{"title":"Micropipette \u00e0 volume variable JOANLAB - La Boutique en ligne","description":"La micropipette \u00e0 volume variable JOANLAB\u00a0est con\u00e7ue pour offrir une pr\u00e9cision optimale et une utilisation sans efforts \u00e0 un prix d\u00e9fiant toute concurrence.","robots":{"index":"index","follow":"follow","max-snippet":"max-snippet:-1","max-image-preview":"max-image-preview:large","max-video-preview":"max-video-preview:-1"},"canonical":"https:\/\/store.microbiotech.dz\/index.php\/produit\/micropipette-a-volume-variable-joanlab\/","og_locale":"fr_FR","og_type":"article","og_title":"Micropipette \u00e0 volume variable JOANLAB - La Boutique en ligne","og_description":"La micropipette \u00e0 volume variable JOANLAB\u00a0est con\u00e7ue pour offrir une pr\u00e9cision optimale et une utilisation sans efforts \u00e0 un prix d\u00e9fiant toute concurrence.","og_url":"https:\/\/store.microbiotech.dz\/index.php\/produit\/micropipette-a-volume-variable-joanlab\/","og_site_name":"La Boutique en ligne","article_publisher":"https:\/\/www.facebook.com\/MicroBiotech.dz","article_modified_time":"2026-01-08T14:21:30+00:00","og_image":[{"width":500,"height":500,"url":"https:\/\/store.microbiotech.dz\/wp-content\/uploads\/2023\/02\/Micropipette-variable-JOANLAB.jpg","type":"image\/jpeg"}],"twitter_card":"summary_large_image","twitter_site":"@MicrobiotechD","twitter_misc":{"Dur\u00e9e de lecture estim\u00e9e":"1 minute"},"schema":{"@context":"https:\/\/schema.org","@graph":[{"@type":"WebPage","@id":"https:\/\/store.microbiotech.dz\/index.php\/produit\/micropipette-a-volume-variable-joanlab\/","url":"https:\/\/store.microbiotech.dz\/index.php\/produit\/micropipette-a-volume-variable-joanlab\/","name":"Micropipette \u00e0 volume variable JOANLAB - La Boutique en ligne","isPartOf":{"@id":"https:\/\/store.microbiotech.dz\/#website"},"primaryImageOfPage":{"@id":"https:\/\/store.microbiotech.dz\/index.php\/produit\/micropipette-a-volume-variable-joanlab\/#primaryimage"},"image":{"@id":"https:\/\/store.microbiotech.dz\/index.php\/produit\/micropipette-a-volume-variable-joanlab\/#primaryimage"},"thumbnailUrl":"https:\/\/store.microbiotech.dz\/wp-content\/uploads\/2023\/02\/Micropipette-variable-JOANLAB.jpg","datePublished":"2023-02-26T07:03:29+00:00","dateModified":"2026-01-08T14:21:30+00:00","description":"La micropipette \u00e0 volume variable JOANLAB\u00a0est con\u00e7ue pour offrir une pr\u00e9cision optimale et une utilisation sans efforts \u00e0 un prix d\u00e9fiant toute concurrence.","breadcrumb":{"@id":"https:\/\/store.microbiotech.dz\/index.php\/produit\/micropipette-a-volume-variable-joanlab\/#breadcrumb"},"inLanguage":"fr-FR","potentialAction":[{"@type":"ReadAction","target":["https:\/\/store.microbiotech.dz\/index.php\/produit\/micropipette-a-volume-variable-joanlab\/"]}]},{"@type":"ImageObject","inLanguage":"fr-FR","@id":"https:\/\/store.microbiotech.dz\/index.php\/produit\/micropipette-a-volume-variable-joanlab\/#primaryimage","url":"https:\/\/store.microbiotech.dz\/wp-content\/uploads\/2023\/02\/Micropipette-variable-JOANLAB.jpg","contentUrl":"https:\/\/store.microbiotech.dz\/wp-content\/uploads\/2023\/02\/Micropipette-variable-JOANLAB.jpg","width":500,"height":500,"caption":"Micropipette variable joanlab"},{"@type":"BreadcrumbList","@id":"https:\/\/store.microbiotech.dz\/index.php\/produit\/micropipette-a-volume-variable-joanlab\/#breadcrumb","itemListElement":[{"@type":"ListItem","position":1,"name":"Accueil","item":"https:\/\/store.microbiotech.dz\/"},{"@type":"ListItem","position":2,"name":"Nos Produits","item":"https:\/\/store.microbiotech.dz\/index.php\/nos-produits\/"},{"@type":"ListItem","position":3,"name":"Micropipette \u00e0 volume variable JOANLAB"}]},{"@type":"WebSite","@id":"https:\/\/store.microbiotech.dz\/#website","url":"https:\/\/store.microbiotech.dz\/","name":"La Boutique en ligne","description":"Qualit\u00e9 - Rapidit\u00e9 - Tranquillit\u00e9","publisher":{"@id":"https:\/\/store.microbiotech.dz\/#organization"},"potentialAction":[{"@type":"SearchAction","target":{"@type":"EntryPoint","urlTemplate":"https:\/\/store.microbiotech.dz\/?s={search_term_string}"},"query-input":{"@type":"PropertyValueSpecification","valueRequired":true,"valueName":"search_term_string"}}],"inLanguage":"fr-FR"},{"@type":"Organization","@id":"https:\/\/store.microbiotech.dz\/#organization","name":"Microbiotech EURL","url":"https:\/\/store.microbiotech.dz\/","logo":{"@type":"ImageObject","inLanguage":"fr-FR","@id":"https:\/\/store.microbiotech.dz\/#\/schema\/logo\/image\/","url":"https:\/\/store.microbiotech.dz\/wp-content\/uploads\/2021\/09\/cropped-logo-microbiotech-2.jpg","contentUrl":"https:\/\/store.microbiotech.dz\/wp-content\/uploads\/2021\/09\/cropped-logo-microbiotech-2.jpg","width":815,"height":586,"caption":"Microbiotech EURL"},"image":{"@id":"https:\/\/store.microbiotech.dz\/#\/schema\/logo\/image\/"},"sameAs":["https:\/\/www.facebook.com\/MicroBiotech.dz","https:\/\/x.com\/MicrobiotechD","https:\/\/www.linkedin.com\/in\/microbiotech\/","https:\/\/www.youtube.com\/channel\/UCTxc3VIiX7LXD2LQYfZEcDg"]}]}},"jetpack_sharing_enabled":true,"_links":{"self":[{"href":"https:\/\/store.microbiotech.dz\/index.php\/wp-json\/wp\/v2\/product\/2810","targetHints":{"allow":["GET"]}}],"collection":[{"href":"https:\/\/store.microbiotech.dz\/index.php\/wp-json\/wp\/v2\/product"}],"about":[{"href":"https:\/\/store.microbiotech.dz\/index.php\/wp-json\/wp\/v2\/types\/product"}],"replies":[{"embeddable":true,"href":"https:\/\/store.microbiotech.dz\/index.php\/wp-json\/wp\/v2\/comments?post=2810"}],"wp:featuredmedia":[{"embeddable":true,"href":"https:\/\/store.microbiotech.dz\/index.php\/wp-json\/wp\/v2\/media\/2815"}],"wp:attachment":[{"href":"https:\/\/store.microbiotech.dz\/index.php\/wp-json\/wp\/v2\/media?parent=2810"}],"wp:term":[{"taxonomy":"product_brand","embeddable":true,"href":"https:\/\/store.microbiotech.dz\/index.php\/wp-json\/wp\/v2\/product_brand?post=2810"},{"taxonomy":"product_cat","embeddable":true,"href":"https:\/\/store.microbiotech.dz\/index.php\/wp-json\/wp\/v2\/product_cat?post=2810"},{"taxonomy":"product_tag","embeddable":true,"href":"https:\/\/store.microbiotech.dz\/index.php\/wp-json\/wp\/v2\/product_tag?post=2810"}],"curies":[{"name":"wp","href":"https:\/\/api.w.org\/{rel}","templated":true}]}}