{"id":2529,"date":"2022-11-09T15:56:04","date_gmt":"2022-11-09T14:56:04","guid":{"rendered":"https:\/\/store.microbiotech.dz\/?post_type=product&#038;p=2529"},"modified":"2025-12-23T11:41:28","modified_gmt":"2025-12-23T10:41:28","slug":"micropipette-multi-canaux-accumax","status":"publish","type":"product","link":"https:\/\/store.microbiotech.dz\/index.php\/produit\/micropipette-multi-canaux-accumax\/","title":{"rendered":"Micropipette multi canaux ACCUMAX PRO"},"content":{"rendered":"<p><span style=\"font-size: 16px; font-style: normal; font-weight: 400;\">Micropipette multi canaux <a href=\"https:\/\/www.accumaxlab.com\/\" target=\"_blank\" rel=\"noopener\">ACCUMAX PRO<\/a>:<\/span><\/p>\n<p>La micro-pipette est un type d&rsquo;<a href=\"https:\/\/store.microbiotech.dz\/index.php\/categorie-produit\/equipements\/\" target=\"_blank\" rel=\"noopener\">\u00e9quipement de laboratoire<\/a> standard, elle utilis\u00e9e pour mesurer et transf\u00e9rer avec pr\u00e9cision de petites quantit\u00e9s de liquide g\u00e9n\u00e9ralement en microlitres. Elles offrent des performances et une pr\u00e9cision optimales avec une utilisation sans efforts.<\/p>\n<p>Id\u00e9ales pour une utilisation soutenue et pour de longues heures de pipetage, et leur conception intelligente comprend un syst\u00e8me facile d\u2019\u00e9jection d&#8217;embouts et un poids l\u00e9ger qui conf\u00e8re un confort et une facilit\u00e9 d&rsquo;utilisation exceptionnels.<\/p>\n","protected":false},"excerpt":{"rendered":"<p>&nbsp;<\/p>\n<p>Marque: <strong>ACCUMAX<\/strong>\u00a0 <img loading=\"lazy\" decoding=\"async\" class=\"alignnone wp-image-2010\" src=\"https:\/\/store.microbiotech.dz\/wp-content\/uploads\/2022\/05\/India-Flag-300x289.jpg\" alt=\"\" width=\"37\" height=\"36\" srcset=\"https:\/\/store.microbiotech.dz\/wp-content\/uploads\/2022\/05\/India-Flag-300x300.jpg 300w, https:\/\/store.microbiotech.dz\/wp-content\/uploads\/2022\/05\/India-Flag-150x150.jpg 150w, https:\/\/store.microbiotech.dz\/wp-content\/uploads\/2022\/05\/India-Flag-100x100.jpg 100w, https:\/\/store.microbiotech.dz\/wp-content\/uploads\/2022\/05\/India-Flag.jpg 450w\" sizes=\"auto, (max-width: 37px) 100vw, 37px\" \/><\/p>\n<p>Contient : <strong>8 ou 12 canaux<\/strong><br \/>\nCaract\u00e9ristiques : semi-autoclavable, p<span style=\"font-size: 16px;\">oign\u00e9e en \u00e9lastom\u00e8re thermoplastique souple (TPE), \u00e9<\/span>tanche, calibr\u00e9e selon les normes ISO 8655-6 dans un laboratoire accr\u00e9dit\u00e9 ISO 17025 et fournie avec un certificat d&rsquo;\u00e9talonnage individuel<\/p>\n<p><a style=\"font-size: 16px; font-style: normal; font-weight: 400; color: #3a3a3a;\" href=\"https:\/\/store.microbiotech.dz\/wp-content\/uploads\/2022\/10\/Accumax-Pro-Mechanical-Pipette-E-Catalogue.pdf\" target=\"_blank\" rel=\"noopener\">Brochure<\/a><span style=\"font-size: 16px; font-style: normal; font-weight: 400;\">\u00a0 \u00a0 \u00a0\u00a0<\/span><a style=\"background-color: #ffffff; font-size: 16px; font-style: normal; font-weight: 400;\" href=\"https:\/\/store.microbiotech.dz\/wp-content\/uploads\/2022\/10\/Accumax-Pro-Mechanical-Pipette-E-Flyer.pdf\" target=\"_blank\" rel=\"noopener\">Flyer<\/a><span style=\"font-size: 16px; font-style: normal; font-weight: 400;\">\u00a0 \u00a0<\/span>\u00a0 <img loading=\"lazy\" decoding=\"async\" class=\"alignnone wp-image-2504\" src=\"https:\/\/store.microbiotech.dz\/wp-content\/uploads\/2022\/10\/Accumax.png\" alt=\"\" width=\"133\" height=\"53\" \/><\/p>\n<p><img loading=\"lazy\" decoding=\"async\" class=\"alignnone size-medium wp-image-7293\" src=\"https:\/\/store.microbiotech.dz\/wp-content\/uploads\/2022\/11\/Accumax-ISO-218x300.jpg\" alt=\"\" width=\"218\" height=\"300\" srcset=\"https:\/\/store.microbiotech.dz\/wp-content\/uploads\/2022\/11\/Accumax-ISO-218x300.jpg 218w, https:\/\/store.microbiotech.dz\/wp-content\/uploads\/2022\/11\/Accumax-ISO-745x1024.jpg 745w, https:\/\/store.microbiotech.dz\/wp-content\/uploads\/2022\/11\/Accumax-ISO-768x1056.jpg 768w, https:\/\/store.microbiotech.dz\/wp-content\/uploads\/2022\/11\/Accumax-ISO-1117x1536.jpg 1117w, https:\/\/store.microbiotech.dz\/wp-content\/uploads\/2022\/11\/Accumax-ISO-1489x2048.jpg 1489w, https:\/\/store.microbiotech.dz\/wp-content\/uploads\/2022\/11\/Accumax-ISO-600x825.jpg 600w, https:\/\/store.microbiotech.dz\/wp-content\/uploads\/2022\/11\/Accumax-ISO.jpg 1700w\" sizes=\"auto, (max-width: 218px) 100vw, 218px\" \/><\/p>\n","protected":false},"featured_media":2569,"comment_status":"open","ping_status":"closed","template":"","meta":{"site-sidebar-layout":"default","site-content-layout":"default","ast-site-content-layout":"default","site-content-style":"default","site-sidebar-style":"default","ast-global-header-display":"","ast-banner-title-visibility":"","ast-main-header-display":"","ast-hfb-above-header-display":"","ast-hfb-below-header-display":"","ast-hfb-mobile-header-display":"","site-post-title":"","ast-breadcrumbs-content":"","ast-featured-img":"","footer-sml-layout":"","ast-disable-related-posts":"","theme-transparent-header-meta":"default","adv-header-id-meta":"","stick-header-meta":"","header-above-stick-meta":"","header-main-stick-meta":"","header-below-stick-meta":"","astra-migrate-meta-layouts":"set","ast-page-background-enabled":"default","ast-page-background-meta":{"desktop":{"background-color":"var(--ast-global-color-4)","background-image":"","background-repeat":"repeat","background-position":"center center","background-size":"auto","background-attachment":"scroll","background-type":"","background-media":"","overlay-type":"","overlay-color":"","overlay-opacity":"","overlay-gradient":""},"tablet":{"background-color":"","background-image":"","background-repeat":"repeat","background-position":"center center","background-size":"auto","background-attachment":"scroll","background-type":"","background-media":"","overlay-type":"","overlay-color":"","overlay-opacity":"","overlay-gradient":""},"mobile":{"background-color":"","background-image":"","background-repeat":"repeat","background-position":"center center","background-size":"auto","background-attachment":"scroll","background-type":"","background-media":"","overlay-type":"","overlay-color":"","overlay-opacity":"","overlay-gradient":""}},"ast-content-background-meta":{"desktop":{"background-color":"var(--ast-global-color-5)","background-image":"","background-repeat":"repeat","background-position":"center center","background-size":"auto","background-attachment":"scroll","background-type":"","background-media":"","overlay-type":"","overlay-color":"","overlay-opacity":"","overlay-gradient":""},"tablet":{"background-color":"var(--ast-global-color-5)","background-image":"","background-repeat":"repeat","background-position":"center center","background-size":"auto","background-attachment":"scroll","background-type":"","background-media":"","overlay-type":"","overlay-color":"","overlay-opacity":"","overlay-gradient":""},"mobile":{"background-color":"var(--ast-global-color-5)","background-image":"","background-repeat":"repeat","background-position":"center center","background-size":"auto","background-attachment":"scroll","background-type":"","background-media":"","overlay-type":"","overlay-color":"","overlay-opacity":"","overlay-gradient":""}},"jetpack_post_was_ever_published":false},"product_brand":[],"product_cat":[238],"product_tag":[1405,892,887,870,893,886,869,882,891,884,356],"class_list":{"0":"post-2529","1":"product","2":"type-product","3":"status-publish","4":"has-post-thumbnail","6":"product_cat-equipements","7":"product_tag-12-canaux","8":"product_tag-8-canaux","9":"product_tag-accumax","10":"product_tag-f86","11":"product_tag-huit-canaux","12":"product_tag-micro-pipette","13":"product_tag-micropipette","14":"product_tag-micropipette-milti-canaux","15":"product_tag-multicanaux","16":"product_tag-multicanaux-pro-pipettes","17":"product_tag-pipette","18":"product_shipping_class-temperature-ambiante","19":"desktop-align-center","20":"tablet-align-left","21":"mobile-align-left","23":"first","24":"instock","25":"taxable","26":"shipping-taxable","27":"purchasable","28":"product-type-variable"},"yoast_head":"<!-- This site is optimized with the Yoast SEO plugin v27.4 - https:\/\/yoast.com\/product\/yoast-seo-wordpress\/ -->\n<title>Micropipette multi canaux ACCUMAX PRO - La Boutique en ligne<\/title>\n<meta name=\"description\" content=\"Micropipettes multi canaux ACCUMAX PRO con\u00e7ues pour offrir des performances et une pr\u00e9cision optimales avec une utilisation sans efforts.\" \/>\n<meta name=\"robots\" content=\"index, follow, max-snippet:-1, max-image-preview:large, max-video-preview:-1\" \/>\n<link rel=\"canonical\" href=\"https:\/\/store.microbiotech.dz\/index.php\/produit\/micropipette-multi-canaux-accumax\/\" \/>\n<meta property=\"og:locale\" content=\"fr_FR\" \/>\n<meta property=\"og:type\" content=\"article\" \/>\n<meta property=\"og:title\" content=\"Micropipette multi canaux ACCUMAX PRO - La Boutique en ligne\" \/>\n<meta property=\"og:description\" content=\"Micropipettes multi canaux ACCUMAX PRO con\u00e7ues pour offrir des performances et une pr\u00e9cision optimales avec une utilisation sans efforts.\" \/>\n<meta property=\"og:url\" content=\"https:\/\/store.microbiotech.dz\/index.php\/produit\/micropipette-multi-canaux-accumax\/\" \/>\n<meta property=\"og:site_name\" content=\"La Boutique en ligne\" \/>\n<meta property=\"article:publisher\" content=\"https:\/\/www.facebook.com\/MicroBiotech.dz\" \/>\n<meta property=\"article:modified_time\" content=\"2025-12-23T10:41:28+00:00\" \/>\n<meta property=\"og:image\" content=\"https:\/\/store.microbiotech.dz\/wp-content\/uploads\/2022\/10\/accumax-pro-gallery-02.jpg\" \/>\n\t<meta property=\"og:image:width\" content=\"1100\" \/>\n\t<meta property=\"og:image:height\" content=\"800\" \/>\n\t<meta property=\"og:image:type\" content=\"image\/jpeg\" \/>\n<meta name=\"twitter:card\" content=\"summary_large_image\" \/>\n<meta name=\"twitter:site\" content=\"@MicrobiotechD\" \/>\n<script type=\"application\/ld+json\" class=\"yoast-schema-graph\">{\"@context\":\"https:\\\/\\\/schema.org\",\"@graph\":[{\"@type\":\"WebPage\",\"@id\":\"https:\\\/\\\/store.microbiotech.dz\\\/index.php\\\/produit\\\/micropipette-multi-canaux-accumax\\\/\",\"url\":\"https:\\\/\\\/store.microbiotech.dz\\\/index.php\\\/produit\\\/micropipette-multi-canaux-accumax\\\/\",\"name\":\"Micropipette multi canaux ACCUMAX PRO - La Boutique en ligne\",\"isPartOf\":{\"@id\":\"https:\\\/\\\/store.microbiotech.dz\\\/#website\"},\"primaryImageOfPage\":{\"@id\":\"https:\\\/\\\/store.microbiotech.dz\\\/index.php\\\/produit\\\/micropipette-multi-canaux-accumax\\\/#primaryimage\"},\"image\":{\"@id\":\"https:\\\/\\\/store.microbiotech.dz\\\/index.php\\\/produit\\\/micropipette-multi-canaux-accumax\\\/#primaryimage\"},\"thumbnailUrl\":\"https:\\\/\\\/store.microbiotech.dz\\\/wp-content\\\/uploads\\\/2022\\\/10\\\/accumax-pro-gallery-02.jpg\",\"datePublished\":\"2022-11-09T14:56:04+00:00\",\"dateModified\":\"2025-12-23T10:41:28+00:00\",\"description\":\"Micropipettes multi canaux ACCUMAX PRO con\u00e7ues pour offrir des performances et une pr\u00e9cision optimales avec une utilisation sans efforts.\",\"breadcrumb\":{\"@id\":\"https:\\\/\\\/store.microbiotech.dz\\\/index.php\\\/produit\\\/micropipette-multi-canaux-accumax\\\/#breadcrumb\"},\"inLanguage\":\"fr-FR\",\"potentialAction\":[{\"@type\":\"ReadAction\",\"target\":[\"https:\\\/\\\/store.microbiotech.dz\\\/index.php\\\/produit\\\/micropipette-multi-canaux-accumax\\\/\"]}]},{\"@type\":\"ImageObject\",\"inLanguage\":\"fr-FR\",\"@id\":\"https:\\\/\\\/store.microbiotech.dz\\\/index.php\\\/produit\\\/micropipette-multi-canaux-accumax\\\/#primaryimage\",\"url\":\"https:\\\/\\\/store.microbiotech.dz\\\/wp-content\\\/uploads\\\/2022\\\/10\\\/accumax-pro-gallery-02.jpg\",\"contentUrl\":\"https:\\\/\\\/store.microbiotech.dz\\\/wp-content\\\/uploads\\\/2022\\\/10\\\/accumax-pro-gallery-02.jpg\",\"width\":1100,\"height\":800},{\"@type\":\"BreadcrumbList\",\"@id\":\"https:\\\/\\\/store.microbiotech.dz\\\/index.php\\\/produit\\\/micropipette-multi-canaux-accumax\\\/#breadcrumb\",\"itemListElement\":[{\"@type\":\"ListItem\",\"position\":1,\"name\":\"Accueil\",\"item\":\"https:\\\/\\\/store.microbiotech.dz\\\/\"},{\"@type\":\"ListItem\",\"position\":2,\"name\":\"Nos Produits\",\"item\":\"https:\\\/\\\/store.microbiotech.dz\\\/index.php\\\/nos-produits\\\/\"},{\"@type\":\"ListItem\",\"position\":3,\"name\":\"Micropipette multi canaux ACCUMAX PRO\"}]},{\"@type\":\"WebSite\",\"@id\":\"https:\\\/\\\/store.microbiotech.dz\\\/#website\",\"url\":\"https:\\\/\\\/store.microbiotech.dz\\\/\",\"name\":\"La Boutique en ligne\",\"description\":\"Qualit\u00e9 - Rapidit\u00e9 - Tranquillit\u00e9\",\"publisher\":{\"@id\":\"https:\\\/\\\/store.microbiotech.dz\\\/#organization\"},\"potentialAction\":[{\"@type\":\"SearchAction\",\"target\":{\"@type\":\"EntryPoint\",\"urlTemplate\":\"https:\\\/\\\/store.microbiotech.dz\\\/?s={search_term_string}\"},\"query-input\":{\"@type\":\"PropertyValueSpecification\",\"valueRequired\":true,\"valueName\":\"search_term_string\"}}],\"inLanguage\":\"fr-FR\"},{\"@type\":\"Organization\",\"@id\":\"https:\\\/\\\/store.microbiotech.dz\\\/#organization\",\"name\":\"Microbiotech EURL\",\"url\":\"https:\\\/\\\/store.microbiotech.dz\\\/\",\"logo\":{\"@type\":\"ImageObject\",\"inLanguage\":\"fr-FR\",\"@id\":\"https:\\\/\\\/store.microbiotech.dz\\\/#\\\/schema\\\/logo\\\/image\\\/\",\"url\":\"https:\\\/\\\/store.microbiotech.dz\\\/wp-content\\\/uploads\\\/2021\\\/09\\\/cropped-logo-microbiotech-2.jpg\",\"contentUrl\":\"https:\\\/\\\/store.microbiotech.dz\\\/wp-content\\\/uploads\\\/2021\\\/09\\\/cropped-logo-microbiotech-2.jpg\",\"width\":815,\"height\":586,\"caption\":\"Microbiotech EURL\"},\"image\":{\"@id\":\"https:\\\/\\\/store.microbiotech.dz\\\/#\\\/schema\\\/logo\\\/image\\\/\"},\"sameAs\":[\"https:\\\/\\\/www.facebook.com\\\/MicroBiotech.dz\",\"https:\\\/\\\/x.com\\\/MicrobiotechD\",\"https:\\\/\\\/www.linkedin.com\\\/in\\\/microbiotech\\\/\",\"https:\\\/\\\/www.youtube.com\\\/channel\\\/UCTxc3VIiX7LXD2LQYfZEcDg\"]}]}<\/script>\n<!-- \/ Yoast SEO plugin. -->","yoast_head_json":{"title":"Micropipette multi canaux ACCUMAX PRO - La Boutique en ligne","description":"Micropipettes multi canaux ACCUMAX PRO con\u00e7ues pour offrir des performances et une pr\u00e9cision optimales avec une utilisation sans efforts.","robots":{"index":"index","follow":"follow","max-snippet":"max-snippet:-1","max-image-preview":"max-image-preview:large","max-video-preview":"max-video-preview:-1"},"canonical":"https:\/\/store.microbiotech.dz\/index.php\/produit\/micropipette-multi-canaux-accumax\/","og_locale":"fr_FR","og_type":"article","og_title":"Micropipette multi canaux ACCUMAX PRO - La Boutique en ligne","og_description":"Micropipettes multi canaux ACCUMAX PRO con\u00e7ues pour offrir des performances et une pr\u00e9cision optimales avec une utilisation sans efforts.","og_url":"https:\/\/store.microbiotech.dz\/index.php\/produit\/micropipette-multi-canaux-accumax\/","og_site_name":"La Boutique en ligne","article_publisher":"https:\/\/www.facebook.com\/MicroBiotech.dz","article_modified_time":"2025-12-23T10:41:28+00:00","og_image":[{"width":1100,"height":800,"url":"https:\/\/store.microbiotech.dz\/wp-content\/uploads\/2022\/10\/accumax-pro-gallery-02.jpg","type":"image\/jpeg"}],"twitter_card":"summary_large_image","twitter_site":"@MicrobiotechD","schema":{"@context":"https:\/\/schema.org","@graph":[{"@type":"WebPage","@id":"https:\/\/store.microbiotech.dz\/index.php\/produit\/micropipette-multi-canaux-accumax\/","url":"https:\/\/store.microbiotech.dz\/index.php\/produit\/micropipette-multi-canaux-accumax\/","name":"Micropipette multi canaux ACCUMAX PRO - La Boutique en ligne","isPartOf":{"@id":"https:\/\/store.microbiotech.dz\/#website"},"primaryImageOfPage":{"@id":"https:\/\/store.microbiotech.dz\/index.php\/produit\/micropipette-multi-canaux-accumax\/#primaryimage"},"image":{"@id":"https:\/\/store.microbiotech.dz\/index.php\/produit\/micropipette-multi-canaux-accumax\/#primaryimage"},"thumbnailUrl":"https:\/\/store.microbiotech.dz\/wp-content\/uploads\/2022\/10\/accumax-pro-gallery-02.jpg","datePublished":"2022-11-09T14:56:04+00:00","dateModified":"2025-12-23T10:41:28+00:00","description":"Micropipettes multi canaux ACCUMAX PRO con\u00e7ues pour offrir des performances et une pr\u00e9cision optimales avec une utilisation sans efforts.","breadcrumb":{"@id":"https:\/\/store.microbiotech.dz\/index.php\/produit\/micropipette-multi-canaux-accumax\/#breadcrumb"},"inLanguage":"fr-FR","potentialAction":[{"@type":"ReadAction","target":["https:\/\/store.microbiotech.dz\/index.php\/produit\/micropipette-multi-canaux-accumax\/"]}]},{"@type":"ImageObject","inLanguage":"fr-FR","@id":"https:\/\/store.microbiotech.dz\/index.php\/produit\/micropipette-multi-canaux-accumax\/#primaryimage","url":"https:\/\/store.microbiotech.dz\/wp-content\/uploads\/2022\/10\/accumax-pro-gallery-02.jpg","contentUrl":"https:\/\/store.microbiotech.dz\/wp-content\/uploads\/2022\/10\/accumax-pro-gallery-02.jpg","width":1100,"height":800},{"@type":"BreadcrumbList","@id":"https:\/\/store.microbiotech.dz\/index.php\/produit\/micropipette-multi-canaux-accumax\/#breadcrumb","itemListElement":[{"@type":"ListItem","position":1,"name":"Accueil","item":"https:\/\/store.microbiotech.dz\/"},{"@type":"ListItem","position":2,"name":"Nos Produits","item":"https:\/\/store.microbiotech.dz\/index.php\/nos-produits\/"},{"@type":"ListItem","position":3,"name":"Micropipette multi canaux ACCUMAX PRO"}]},{"@type":"WebSite","@id":"https:\/\/store.microbiotech.dz\/#website","url":"https:\/\/store.microbiotech.dz\/","name":"La Boutique en ligne","description":"Qualit\u00e9 - Rapidit\u00e9 - Tranquillit\u00e9","publisher":{"@id":"https:\/\/store.microbiotech.dz\/#organization"},"potentialAction":[{"@type":"SearchAction","target":{"@type":"EntryPoint","urlTemplate":"https:\/\/store.microbiotech.dz\/?s={search_term_string}"},"query-input":{"@type":"PropertyValueSpecification","valueRequired":true,"valueName":"search_term_string"}}],"inLanguage":"fr-FR"},{"@type":"Organization","@id":"https:\/\/store.microbiotech.dz\/#organization","name":"Microbiotech EURL","url":"https:\/\/store.microbiotech.dz\/","logo":{"@type":"ImageObject","inLanguage":"fr-FR","@id":"https:\/\/store.microbiotech.dz\/#\/schema\/logo\/image\/","url":"https:\/\/store.microbiotech.dz\/wp-content\/uploads\/2021\/09\/cropped-logo-microbiotech-2.jpg","contentUrl":"https:\/\/store.microbiotech.dz\/wp-content\/uploads\/2021\/09\/cropped-logo-microbiotech-2.jpg","width":815,"height":586,"caption":"Microbiotech EURL"},"image":{"@id":"https:\/\/store.microbiotech.dz\/#\/schema\/logo\/image\/"},"sameAs":["https:\/\/www.facebook.com\/MicroBiotech.dz","https:\/\/x.com\/MicrobiotechD","https:\/\/www.linkedin.com\/in\/microbiotech\/","https:\/\/www.youtube.com\/channel\/UCTxc3VIiX7LXD2LQYfZEcDg"]}]}},"jetpack_sharing_enabled":true,"_links":{"self":[{"href":"https:\/\/store.microbiotech.dz\/index.php\/wp-json\/wp\/v2\/product\/2529","targetHints":{"allow":["GET"]}}],"collection":[{"href":"https:\/\/store.microbiotech.dz\/index.php\/wp-json\/wp\/v2\/product"}],"about":[{"href":"https:\/\/store.microbiotech.dz\/index.php\/wp-json\/wp\/v2\/types\/product"}],"replies":[{"embeddable":true,"href":"https:\/\/store.microbiotech.dz\/index.php\/wp-json\/wp\/v2\/comments?post=2529"}],"wp:featuredmedia":[{"embeddable":true,"href":"https:\/\/store.microbiotech.dz\/index.php\/wp-json\/wp\/v2\/media\/2569"}],"wp:attachment":[{"href":"https:\/\/store.microbiotech.dz\/index.php\/wp-json\/wp\/v2\/media?parent=2529"}],"wp:term":[{"taxonomy":"product_brand","embeddable":true,"href":"https:\/\/store.microbiotech.dz\/index.php\/wp-json\/wp\/v2\/product_brand?post=2529"},{"taxonomy":"product_cat","embeddable":true,"href":"https:\/\/store.microbiotech.dz\/index.php\/wp-json\/wp\/v2\/product_cat?post=2529"},{"taxonomy":"product_tag","embeddable":true,"href":"https:\/\/store.microbiotech.dz\/index.php\/wp-json\/wp\/v2\/product_tag?post=2529"}],"curies":[{"name":"wp","href":"https:\/\/api.w.org\/{rel}","templated":true}]}}