{"id":2363,"date":"2022-09-25T12:42:12","date_gmt":"2022-09-25T11:42:12","guid":{"rendered":"https:\/\/store.microbiotech.dz\/?post_type=product&#038;p=2363"},"modified":"2023-09-19T14:48:23","modified_gmt":"2023-09-19T13:48:23","slug":"gelose-ss-salmonella-shigella-500g-condalab","status":"publish","type":"product","link":"https:\/\/store.microbiotech.dz\/index.php\/produit\/gelose-ss-salmonella-shigella-500g-condalab\/","title":{"rendered":"GELOSE SS (Salmonella-Shigella) 500G CONDALAB"},"content":{"rendered":"<p>La g\u00e9lose Salmonella-Shigella (SS) est utilis\u00e9e pour l\u2019isolement des salmonelles et des shigelles dans les mati\u00e8res f\u00e9cales. Elle peut \u00e9galement \u00eatre utilis\u00e9e comme second milieu d\u2019isolement, dans le cadre des m\u00e9thodes normalis\u00e9es de recherche des Salmonella.<\/p>\n","protected":false},"excerpt":{"rendered":"<p>&nbsp;<\/p>\n<p>Marque:\u00a0<strong>CONDALAB\u00a0<img loading=\"lazy\" decoding=\"async\" class=\"alignnone wp-image-1646\" src=\"https:\/\/store.microbiotech.dz\/wp-content\/uploads\/2022\/04\/303531-P7SCNR-893-300x291.jpg\" alt=\"\" width=\"50\" height=\"49\" srcset=\"https:\/\/store.microbiotech.dz\/wp-content\/uploads\/2022\/04\/303531-P7SCNR-893-300x300.jpg 300w, https:\/\/store.microbiotech.dz\/wp-content\/uploads\/2022\/04\/303531-P7SCNR-893-1024x995.jpg 1024w, https:\/\/store.microbiotech.dz\/wp-content\/uploads\/2022\/04\/303531-P7SCNR-893-150x150.jpg 150w, https:\/\/store.microbiotech.dz\/wp-content\/uploads\/2022\/04\/303531-P7SCNR-893-768x746.jpg 768w, https:\/\/store.microbiotech.dz\/wp-content\/uploads\/2022\/04\/303531-P7SCNR-893-1536x1492.jpg 1536w, https:\/\/store.microbiotech.dz\/wp-content\/uploads\/2022\/04\/303531-P7SCNR-893-1320x1282.jpg 1320w, https:\/\/store.microbiotech.dz\/wp-content\/uploads\/2022\/04\/303531-P7SCNR-893-600x583.jpg 600w, https:\/\/store.microbiotech.dz\/wp-content\/uploads\/2022\/04\/303531-P7SCNR-893-100x100.jpg 100w, https:\/\/store.microbiotech.dz\/wp-content\/uploads\/2022\/04\/303531-P7SCNR-893.jpg 1541w\" sizes=\"auto, (max-width: 50px) 100vw, 50px\" \/><\/strong><br \/>\nDate de p\u00e9remption : <strong>02-2024<\/strong><\/p>\n<p><strong><a href=\"https:\/\/www.condalab.com\/int\/en\/index.php?controller=attachment&amp;id_attachment=23889\" target=\"_blank\" rel=\"noopener\">Fiche technique\u00a0<\/a><\/strong><\/p>\n","protected":false},"featured_media":1595,"comment_status":"open","ping_status":"closed","template":"","meta":{"site-sidebar-layout":"default","site-content-layout":"default","ast-site-content-layout":"default","site-content-style":"default","site-sidebar-style":"default","ast-global-header-display":"","ast-banner-title-visibility":"","ast-main-header-display":"","ast-hfb-above-header-display":"","ast-hfb-below-header-display":"","ast-hfb-mobile-header-display":"","site-post-title":"","ast-breadcrumbs-content":"","ast-featured-img":"","footer-sml-layout":"","ast-disable-related-posts":"","theme-transparent-header-meta":"default","adv-header-id-meta":"","stick-header-meta":"","header-above-stick-meta":"","header-main-stick-meta":"","header-below-stick-meta":"","astra-migrate-meta-layouts":"default","ast-page-background-enabled":"default","ast-page-background-meta":{"desktop":{"background-color":"var(--ast-global-color-4)","background-image":"","background-repeat":"repeat","background-position":"center center","background-size":"auto","background-attachment":"scroll","background-type":"","background-media":"","overlay-type":"","overlay-color":"","overlay-opacity":"","overlay-gradient":""},"tablet":{"background-color":"","background-image":"","background-repeat":"repeat","background-position":"center center","background-size":"auto","background-attachment":"scroll","background-type":"","background-media":"","overlay-type":"","overlay-color":"","overlay-opacity":"","overlay-gradient":""},"mobile":{"background-color":"","background-image":"","background-repeat":"repeat","background-position":"center center","background-size":"auto","background-attachment":"scroll","background-type":"","background-media":"","overlay-type":"","overlay-color":"","overlay-opacity":"","overlay-gradient":""}},"ast-content-background-meta":{"desktop":{"background-color":"var(--ast-global-color-5)","background-image":"","background-repeat":"repeat","background-position":"center center","background-size":"auto","background-attachment":"scroll","background-type":"","background-media":"","overlay-type":"","overlay-color":"","overlay-opacity":"","overlay-gradient":""},"tablet":{"background-color":"var(--ast-global-color-5)","background-image":"","background-repeat":"repeat","background-position":"center center","background-size":"auto","background-attachment":"scroll","background-type":"","background-media":"","overlay-type":"","overlay-color":"","overlay-opacity":"","overlay-gradient":""},"mobile":{"background-color":"var(--ast-global-color-5)","background-image":"","background-repeat":"repeat","background-position":"center center","background-size":"auto","background-attachment":"scroll","background-type":"","background-media":"","overlay-type":"","overlay-color":"","overlay-opacity":"","overlay-gradient":""}},"jetpack_post_was_ever_published":false},"product_brand":[],"product_cat":[28,79,26],"product_tag":[779,670,655,210,601,696,211],"class_list":{"0":"post-2363","1":"product","2":"type-product","3":"status-publish","4":"has-post-thumbnail","6":"product_cat-geloses","7":"product_cat-deshydrate","8":"product_cat-milieux-de-cultures","9":"product_tag-779","10":"product_tag-condalab","11":"product_tag-f19","12":"product_tag-gelose-salmonella-shigella","13":"product_tag-gelose-ss","14":"product_tag-milieux-deshydrates","15":"product_tag-salmonella-shigella","16":"desktop-align-center","17":"tablet-align-left","18":"mobile-align-left","20":"first","21":"outofstock","22":"sale","23":"taxable","24":"shipping-taxable","25":"purchasable","26":"product-type-simple"},"yoast_head":"<!-- This site is optimized with the Yoast SEO plugin v27.5 - https:\/\/yoast.com\/product\/yoast-seo-wordpress\/ -->\n<title>GELOSE SS (Salmonella-Shigella) 500G CONDALAB - La Boutique en ligne<\/title>\n<meta name=\"description\" content=\"La g\u00e9lose Salmonella-Shigella (SS) est utilis\u00e9e pour l\u2019isolement des salmonelles et des shigelles dans les mati\u00e8res f\u00e9cales. Elle peut \u00e9galement \u00eatre utilis\u00e9e comme second milieu d\u2019isolement, dans le cadre des m\u00e9thodes normalis\u00e9es de recherche des Salmonella.\" \/>\n<meta name=\"robots\" content=\"index, follow, max-snippet:-1, max-image-preview:large, max-video-preview:-1\" \/>\n<link rel=\"canonical\" href=\"https:\/\/store.microbiotech.dz\/index.php\/produit\/gelose-ss-salmonella-shigella-500g-condalab\/\" \/>\n<meta property=\"og:locale\" content=\"fr_FR\" \/>\n<meta property=\"og:type\" content=\"article\" \/>\n<meta property=\"og:title\" content=\"GELOSE SS (Salmonella-Shigella) 500G CONDALAB - La Boutique en ligne\" \/>\n<meta property=\"og:description\" content=\"La g\u00e9lose Salmonella-Shigella (SS) est utilis\u00e9e pour l\u2019isolement des salmonelles et des shigelles dans les mati\u00e8res f\u00e9cales. Elle peut \u00e9galement \u00eatre utilis\u00e9e comme second milieu d\u2019isolement, dans le cadre des m\u00e9thodes normalis\u00e9es de recherche des Salmonella.\" \/>\n<meta property=\"og:url\" content=\"https:\/\/store.microbiotech.dz\/index.php\/produit\/gelose-ss-salmonella-shigella-500g-condalab\/\" \/>\n<meta property=\"og:site_name\" content=\"La Boutique en ligne\" \/>\n<meta property=\"article:publisher\" content=\"https:\/\/www.facebook.com\/MicroBiotech.dz\" \/>\n<meta property=\"article:modified_time\" content=\"2023-09-19T13:48:23+00:00\" \/>\n<meta property=\"og:image\" content=\"https:\/\/store.microbiotech.dz\/wp-content\/uploads\/2022\/03\/71568455_491874218260672_6658475279159132160_n.jpg\" \/>\n\t<meta property=\"og:image:width\" content=\"422\" \/>\n\t<meta property=\"og:image:height\" content=\"255\" \/>\n\t<meta property=\"og:image:type\" content=\"image\/jpeg\" \/>\n<meta name=\"twitter:card\" content=\"summary_large_image\" \/>\n<meta name=\"twitter:site\" content=\"@MicrobiotechD\" \/>\n<script type=\"application\/ld+json\" class=\"yoast-schema-graph\">{\"@context\":\"https:\\\/\\\/schema.org\",\"@graph\":[{\"@type\":\"WebPage\",\"@id\":\"https:\\\/\\\/store.microbiotech.dz\\\/index.php\\\/produit\\\/gelose-ss-salmonella-shigella-500g-condalab\\\/\",\"url\":\"https:\\\/\\\/store.microbiotech.dz\\\/index.php\\\/produit\\\/gelose-ss-salmonella-shigella-500g-condalab\\\/\",\"name\":\"GELOSE SS (Salmonella-Shigella) 500G CONDALAB - La Boutique en ligne\",\"isPartOf\":{\"@id\":\"https:\\\/\\\/store.microbiotech.dz\\\/#website\"},\"primaryImageOfPage\":{\"@id\":\"https:\\\/\\\/store.microbiotech.dz\\\/index.php\\\/produit\\\/gelose-ss-salmonella-shigella-500g-condalab\\\/#primaryimage\"},\"image\":{\"@id\":\"https:\\\/\\\/store.microbiotech.dz\\\/index.php\\\/produit\\\/gelose-ss-salmonella-shigella-500g-condalab\\\/#primaryimage\"},\"thumbnailUrl\":\"https:\\\/\\\/store.microbiotech.dz\\\/wp-content\\\/uploads\\\/2022\\\/03\\\/71568455_491874218260672_6658475279159132160_n.jpg\",\"datePublished\":\"2022-09-25T11:42:12+00:00\",\"dateModified\":\"2023-09-19T13:48:23+00:00\",\"description\":\"La g\u00e9lose Salmonella-Shigella (SS) est utilis\u00e9e pour l\u2019isolement des salmonelles et des shigelles dans les mati\u00e8res f\u00e9cales. Elle peut \u00e9galement \u00eatre utilis\u00e9e comme second milieu d\u2019isolement, dans le cadre des m\u00e9thodes normalis\u00e9es de recherche des Salmonella.\",\"breadcrumb\":{\"@id\":\"https:\\\/\\\/store.microbiotech.dz\\\/index.php\\\/produit\\\/gelose-ss-salmonella-shigella-500g-condalab\\\/#breadcrumb\"},\"inLanguage\":\"fr-FR\",\"potentialAction\":[{\"@type\":\"ReadAction\",\"target\":[\"https:\\\/\\\/store.microbiotech.dz\\\/index.php\\\/produit\\\/gelose-ss-salmonella-shigella-500g-condalab\\\/\"]}]},{\"@type\":\"ImageObject\",\"inLanguage\":\"fr-FR\",\"@id\":\"https:\\\/\\\/store.microbiotech.dz\\\/index.php\\\/produit\\\/gelose-ss-salmonella-shigella-500g-condalab\\\/#primaryimage\",\"url\":\"https:\\\/\\\/store.microbiotech.dz\\\/wp-content\\\/uploads\\\/2022\\\/03\\\/71568455_491874218260672_6658475279159132160_n.jpg\",\"contentUrl\":\"https:\\\/\\\/store.microbiotech.dz\\\/wp-content\\\/uploads\\\/2022\\\/03\\\/71568455_491874218260672_6658475279159132160_n.jpg\",\"width\":422,\"height\":255,\"caption\":\"Bouillon Muller Kauffmann base CONDA 500 g\"},{\"@type\":\"BreadcrumbList\",\"@id\":\"https:\\\/\\\/store.microbiotech.dz\\\/index.php\\\/produit\\\/gelose-ss-salmonella-shigella-500g-condalab\\\/#breadcrumb\",\"itemListElement\":[{\"@type\":\"ListItem\",\"position\":1,\"name\":\"Accueil\",\"item\":\"https:\\\/\\\/store.microbiotech.dz\\\/\"},{\"@type\":\"ListItem\",\"position\":2,\"name\":\"Nos Produits\",\"item\":\"https:\\\/\\\/store.microbiotech.dz\\\/index.php\\\/nos-produits\\\/\"},{\"@type\":\"ListItem\",\"position\":3,\"name\":\"GELOSE SS (Salmonella-Shigella) 500G CONDALAB\"}]},{\"@type\":\"WebSite\",\"@id\":\"https:\\\/\\\/store.microbiotech.dz\\\/#website\",\"url\":\"https:\\\/\\\/store.microbiotech.dz\\\/\",\"name\":\"La Boutique en ligne\",\"description\":\"Qualit\u00e9 - Rapidit\u00e9 - Tranquillit\u00e9\",\"publisher\":{\"@id\":\"https:\\\/\\\/store.microbiotech.dz\\\/#organization\"},\"potentialAction\":[{\"@type\":\"SearchAction\",\"target\":{\"@type\":\"EntryPoint\",\"urlTemplate\":\"https:\\\/\\\/store.microbiotech.dz\\\/?s={search_term_string}\"},\"query-input\":{\"@type\":\"PropertyValueSpecification\",\"valueRequired\":true,\"valueName\":\"search_term_string\"}}],\"inLanguage\":\"fr-FR\"},{\"@type\":\"Organization\",\"@id\":\"https:\\\/\\\/store.microbiotech.dz\\\/#organization\",\"name\":\"Microbiotech EURL\",\"url\":\"https:\\\/\\\/store.microbiotech.dz\\\/\",\"logo\":{\"@type\":\"ImageObject\",\"inLanguage\":\"fr-FR\",\"@id\":\"https:\\\/\\\/store.microbiotech.dz\\\/#\\\/schema\\\/logo\\\/image\\\/\",\"url\":\"https:\\\/\\\/store.microbiotech.dz\\\/wp-content\\\/uploads\\\/2021\\\/09\\\/cropped-logo-microbiotech-2.jpg\",\"contentUrl\":\"https:\\\/\\\/store.microbiotech.dz\\\/wp-content\\\/uploads\\\/2021\\\/09\\\/cropped-logo-microbiotech-2.jpg\",\"width\":815,\"height\":586,\"caption\":\"Microbiotech EURL\"},\"image\":{\"@id\":\"https:\\\/\\\/store.microbiotech.dz\\\/#\\\/schema\\\/logo\\\/image\\\/\"},\"sameAs\":[\"https:\\\/\\\/www.facebook.com\\\/MicroBiotech.dz\",\"https:\\\/\\\/x.com\\\/MicrobiotechD\",\"https:\\\/\\\/www.linkedin.com\\\/in\\\/microbiotech\\\/\",\"https:\\\/\\\/www.youtube.com\\\/channel\\\/UCTxc3VIiX7LXD2LQYfZEcDg\"]}]}<\/script>\n<!-- \/ Yoast SEO plugin. -->","yoast_head_json":{"title":"GELOSE SS (Salmonella-Shigella) 500G CONDALAB - La Boutique en ligne","description":"La g\u00e9lose Salmonella-Shigella (SS) est utilis\u00e9e pour l\u2019isolement des salmonelles et des shigelles dans les mati\u00e8res f\u00e9cales. Elle peut \u00e9galement \u00eatre utilis\u00e9e comme second milieu d\u2019isolement, dans le cadre des m\u00e9thodes normalis\u00e9es de recherche des Salmonella.","robots":{"index":"index","follow":"follow","max-snippet":"max-snippet:-1","max-image-preview":"max-image-preview:large","max-video-preview":"max-video-preview:-1"},"canonical":"https:\/\/store.microbiotech.dz\/index.php\/produit\/gelose-ss-salmonella-shigella-500g-condalab\/","og_locale":"fr_FR","og_type":"article","og_title":"GELOSE SS (Salmonella-Shigella) 500G CONDALAB - La Boutique en ligne","og_description":"La g\u00e9lose Salmonella-Shigella (SS) est utilis\u00e9e pour l\u2019isolement des salmonelles et des shigelles dans les mati\u00e8res f\u00e9cales. Elle peut \u00e9galement \u00eatre utilis\u00e9e comme second milieu d\u2019isolement, dans le cadre des m\u00e9thodes normalis\u00e9es de recherche des Salmonella.","og_url":"https:\/\/store.microbiotech.dz\/index.php\/produit\/gelose-ss-salmonella-shigella-500g-condalab\/","og_site_name":"La Boutique en ligne","article_publisher":"https:\/\/www.facebook.com\/MicroBiotech.dz","article_modified_time":"2023-09-19T13:48:23+00:00","og_image":[{"width":422,"height":255,"url":"https:\/\/store.microbiotech.dz\/wp-content\/uploads\/2022\/03\/71568455_491874218260672_6658475279159132160_n.jpg","type":"image\/jpeg"}],"twitter_card":"summary_large_image","twitter_site":"@MicrobiotechD","schema":{"@context":"https:\/\/schema.org","@graph":[{"@type":"WebPage","@id":"https:\/\/store.microbiotech.dz\/index.php\/produit\/gelose-ss-salmonella-shigella-500g-condalab\/","url":"https:\/\/store.microbiotech.dz\/index.php\/produit\/gelose-ss-salmonella-shigella-500g-condalab\/","name":"GELOSE SS (Salmonella-Shigella) 500G CONDALAB - La Boutique en ligne","isPartOf":{"@id":"https:\/\/store.microbiotech.dz\/#website"},"primaryImageOfPage":{"@id":"https:\/\/store.microbiotech.dz\/index.php\/produit\/gelose-ss-salmonella-shigella-500g-condalab\/#primaryimage"},"image":{"@id":"https:\/\/store.microbiotech.dz\/index.php\/produit\/gelose-ss-salmonella-shigella-500g-condalab\/#primaryimage"},"thumbnailUrl":"https:\/\/store.microbiotech.dz\/wp-content\/uploads\/2022\/03\/71568455_491874218260672_6658475279159132160_n.jpg","datePublished":"2022-09-25T11:42:12+00:00","dateModified":"2023-09-19T13:48:23+00:00","description":"La g\u00e9lose Salmonella-Shigella (SS) est utilis\u00e9e pour l\u2019isolement des salmonelles et des shigelles dans les mati\u00e8res f\u00e9cales. Elle peut \u00e9galement \u00eatre utilis\u00e9e comme second milieu d\u2019isolement, dans le cadre des m\u00e9thodes normalis\u00e9es de recherche des Salmonella.","breadcrumb":{"@id":"https:\/\/store.microbiotech.dz\/index.php\/produit\/gelose-ss-salmonella-shigella-500g-condalab\/#breadcrumb"},"inLanguage":"fr-FR","potentialAction":[{"@type":"ReadAction","target":["https:\/\/store.microbiotech.dz\/index.php\/produit\/gelose-ss-salmonella-shigella-500g-condalab\/"]}]},{"@type":"ImageObject","inLanguage":"fr-FR","@id":"https:\/\/store.microbiotech.dz\/index.php\/produit\/gelose-ss-salmonella-shigella-500g-condalab\/#primaryimage","url":"https:\/\/store.microbiotech.dz\/wp-content\/uploads\/2022\/03\/71568455_491874218260672_6658475279159132160_n.jpg","contentUrl":"https:\/\/store.microbiotech.dz\/wp-content\/uploads\/2022\/03\/71568455_491874218260672_6658475279159132160_n.jpg","width":422,"height":255,"caption":"Bouillon Muller Kauffmann base CONDA 500 g"},{"@type":"BreadcrumbList","@id":"https:\/\/store.microbiotech.dz\/index.php\/produit\/gelose-ss-salmonella-shigella-500g-condalab\/#breadcrumb","itemListElement":[{"@type":"ListItem","position":1,"name":"Accueil","item":"https:\/\/store.microbiotech.dz\/"},{"@type":"ListItem","position":2,"name":"Nos Produits","item":"https:\/\/store.microbiotech.dz\/index.php\/nos-produits\/"},{"@type":"ListItem","position":3,"name":"GELOSE SS (Salmonella-Shigella) 500G CONDALAB"}]},{"@type":"WebSite","@id":"https:\/\/store.microbiotech.dz\/#website","url":"https:\/\/store.microbiotech.dz\/","name":"La Boutique en ligne","description":"Qualit\u00e9 - Rapidit\u00e9 - Tranquillit\u00e9","publisher":{"@id":"https:\/\/store.microbiotech.dz\/#organization"},"potentialAction":[{"@type":"SearchAction","target":{"@type":"EntryPoint","urlTemplate":"https:\/\/store.microbiotech.dz\/?s={search_term_string}"},"query-input":{"@type":"PropertyValueSpecification","valueRequired":true,"valueName":"search_term_string"}}],"inLanguage":"fr-FR"},{"@type":"Organization","@id":"https:\/\/store.microbiotech.dz\/#organization","name":"Microbiotech EURL","url":"https:\/\/store.microbiotech.dz\/","logo":{"@type":"ImageObject","inLanguage":"fr-FR","@id":"https:\/\/store.microbiotech.dz\/#\/schema\/logo\/image\/","url":"https:\/\/store.microbiotech.dz\/wp-content\/uploads\/2021\/09\/cropped-logo-microbiotech-2.jpg","contentUrl":"https:\/\/store.microbiotech.dz\/wp-content\/uploads\/2021\/09\/cropped-logo-microbiotech-2.jpg","width":815,"height":586,"caption":"Microbiotech EURL"},"image":{"@id":"https:\/\/store.microbiotech.dz\/#\/schema\/logo\/image\/"},"sameAs":["https:\/\/www.facebook.com\/MicroBiotech.dz","https:\/\/x.com\/MicrobiotechD","https:\/\/www.linkedin.com\/in\/microbiotech\/","https:\/\/www.youtube.com\/channel\/UCTxc3VIiX7LXD2LQYfZEcDg"]}]}},"jetpack_sharing_enabled":true,"_links":{"self":[{"href":"https:\/\/store.microbiotech.dz\/index.php\/wp-json\/wp\/v2\/product\/2363","targetHints":{"allow":["GET"]}}],"collection":[{"href":"https:\/\/store.microbiotech.dz\/index.php\/wp-json\/wp\/v2\/product"}],"about":[{"href":"https:\/\/store.microbiotech.dz\/index.php\/wp-json\/wp\/v2\/types\/product"}],"replies":[{"embeddable":true,"href":"https:\/\/store.microbiotech.dz\/index.php\/wp-json\/wp\/v2\/comments?post=2363"}],"wp:featuredmedia":[{"embeddable":true,"href":"https:\/\/store.microbiotech.dz\/index.php\/wp-json\/wp\/v2\/media\/1595"}],"wp:attachment":[{"href":"https:\/\/store.microbiotech.dz\/index.php\/wp-json\/wp\/v2\/media?parent=2363"}],"wp:term":[{"taxonomy":"product_brand","embeddable":true,"href":"https:\/\/store.microbiotech.dz\/index.php\/wp-json\/wp\/v2\/product_brand?post=2363"},{"taxonomy":"product_cat","embeddable":true,"href":"https:\/\/store.microbiotech.dz\/index.php\/wp-json\/wp\/v2\/product_cat?post=2363"},{"taxonomy":"product_tag","embeddable":true,"href":"https:\/\/store.microbiotech.dz\/index.php\/wp-json\/wp\/v2\/product_tag?post=2363"}],"curies":[{"name":"wp","href":"https:\/\/api.w.org\/{rel}","templated":true}]}}