{"id":2264,"date":"2022-07-06T13:41:15","date_gmt":"2022-07-06T12:41:15","guid":{"rendered":"https:\/\/store.microbiotech.dz\/?post_type=product&#038;p=2264"},"modified":"2023-03-20T13:14:29","modified_gmt":"2023-03-20T12:14:29","slug":"bouillon-selenite-cystine-base-500g-himedia","status":"publish","type":"product","link":"https:\/\/store.microbiotech.dz\/index.php\/produit\/bouillon-selenite-cystine-base-500g-himedia\/","title":{"rendered":"Bouillon Selenite Cystine (Base) 500g HIMEDIA"},"content":{"rendered":"<p>Le Bouillon Selenite Cystine (Base) 500g de <a href=\"https:\/\/www.himedialabs.com\/\" target=\"_blank\" rel=\"noopener\">HIMEDIA<\/a> est utilis\u00e9 pour l\u2019enrichissement s\u00e9lectif de <em>Salmonella<\/em> dans l&rsquo;eau ou les denr\u00e9es alimentaires ainsi que dans les produits pharmaceutiques.<\/p>\n","protected":false},"excerpt":{"rendered":"<p>Marque:\u00a0\u00a0<strong>HI MEDIA <img loading=\"lazy\" decoding=\"async\" class=\"alignnone wp-image-2010\" src=\"https:\/\/store.microbiotech.dz\/wp-content\/uploads\/2022\/05\/India-Flag-300x289.jpg\" alt=\"\" width=\"36\" height=\"35\" srcset=\"https:\/\/store.microbiotech.dz\/wp-content\/uploads\/2022\/05\/India-Flag-300x300.jpg 300w, https:\/\/store.microbiotech.dz\/wp-content\/uploads\/2022\/05\/India-Flag-150x150.jpg 150w, https:\/\/store.microbiotech.dz\/wp-content\/uploads\/2022\/05\/India-Flag-100x100.jpg 100w, https:\/\/store.microbiotech.dz\/wp-content\/uploads\/2022\/05\/India-Flag.jpg 450w\" sizes=\"auto, (max-width: 36px) 100vw, 36px\" \/><\/strong><\/p>\n<p>Date de p\u00e9remption:\u00a0<strong>03-2023<\/strong><\/p>\n<p><strong><a href=\"https:\/\/himedialabs.com\/TD\/M1079.pdf\" target=\"_blank\" rel=\"noopener\">Fiche Technique<\/a><\/strong><\/p>\n<p><a href=\"https:\/\/www.himediadownloads.com\/batchnumber\/0000334919.pdf\" target=\"_blank\" rel=\"noopener\"><strong>Certificat d\u2019analyse\u00a0<\/strong><\/a><\/p>\n<p><a href=\"https:\/\/www.himedialabs.com\/HML\/Pages\/default.aspx\" target=\"_blank\" rel=\"noopener\"><img loading=\"lazy\" decoding=\"async\" class=\"alignnone wp-image-2269\" src=\"https:\/\/store.microbiotech.dz\/wp-content\/uploads\/2022\/07\/logo-HiMedia-300x120.png\" alt=\"\" width=\"180\" height=\"72\" srcset=\"https:\/\/store.microbiotech.dz\/wp-content\/uploads\/2022\/07\/logo-HiMedia-300x120.png 300w, https:\/\/store.microbiotech.dz\/wp-content\/uploads\/2022\/07\/logo-HiMedia.png 355w\" sizes=\"auto, (max-width: 180px) 100vw, 180px\" \/><\/a><\/p>\n","protected":false},"featured_media":2266,"comment_status":"open","ping_status":"closed","template":"","meta":{"site-sidebar-layout":"default","site-content-layout":"default","ast-site-content-layout":"default","site-content-style":"default","site-sidebar-style":"default","ast-global-header-display":"","ast-banner-title-visibility":"","ast-main-header-display":"","ast-hfb-above-header-display":"","ast-hfb-below-header-display":"","ast-hfb-mobile-header-display":"","site-post-title":"","ast-breadcrumbs-content":"","ast-featured-img":"","footer-sml-layout":"","ast-disable-related-posts":"","theme-transparent-header-meta":"default","adv-header-id-meta":"","stick-header-meta":"","header-above-stick-meta":"","header-main-stick-meta":"","header-below-stick-meta":"","astra-migrate-meta-layouts":"default","ast-page-background-enabled":"default","ast-page-background-meta":{"desktop":{"background-color":"var(--ast-global-color-4)","background-image":"","background-repeat":"repeat","background-position":"center center","background-size":"auto","background-attachment":"scroll","background-type":"","background-media":"","overlay-type":"","overlay-color":"","overlay-opacity":"","overlay-gradient":""},"tablet":{"background-color":"","background-image":"","background-repeat":"repeat","background-position":"center center","background-size":"auto","background-attachment":"scroll","background-type":"","background-media":"","overlay-type":"","overlay-color":"","overlay-opacity":"","overlay-gradient":""},"mobile":{"background-color":"","background-image":"","background-repeat":"repeat","background-position":"center center","background-size":"auto","background-attachment":"scroll","background-type":"","background-media":"","overlay-type":"","overlay-color":"","overlay-opacity":"","overlay-gradient":""}},"ast-content-background-meta":{"desktop":{"background-color":"var(--ast-global-color-5)","background-image":"","background-repeat":"repeat","background-position":"center center","background-size":"auto","background-attachment":"scroll","background-type":"","background-media":"","overlay-type":"","overlay-color":"","overlay-opacity":"","overlay-gradient":""},"tablet":{"background-color":"var(--ast-global-color-5)","background-image":"","background-repeat":"repeat","background-position":"center center","background-size":"auto","background-attachment":"scroll","background-type":"","background-media":"","overlay-type":"","overlay-color":"","overlay-opacity":"","overlay-gradient":""},"mobile":{"background-color":"var(--ast-global-color-5)","background-image":"","background-repeat":"repeat","background-position":"center center","background-size":"auto","background-attachment":"scroll","background-type":"","background-media":"","overlay-type":"","overlay-color":"","overlay-opacity":"","overlay-gradient":""}},"jetpack_post_was_ever_published":false},"product_brand":[],"product_cat":[29,81,26],"product_tag":[237,613,805,823,176,826,825,824,533,53,822,615,621],"class_list":{"0":"post-2264","1":"product","2":"type-product","3":"status-publish","4":"has-post-thumbnail","6":"product_cat-bouillons","7":"product_cat-bouillons-deshydrates","8":"product_cat-milieux-de-cultures","9":"product_tag-analyse-eau","10":"product_tag-bouillon-selenite-cystine","11":"product_tag-c01","12":"product_tag-cystine","13":"product_tag-deshydrate","14":"product_tag-himedia","15":"product_tag-pharma","16":"product_tag-qualite-alimentaire","17":"product_tag-salmonella","18":"product_tag-salmonelle","19":"product_tag-selenite","20":"product_tag-sfb","21":"product_tag-sfb-cystine","22":"product_shipping_class-4c","23":"desktop-align-center","24":"tablet-align-left","25":"mobile-align-left","27":"first","28":"outofstock","29":"sale","30":"taxable","31":"shipping-taxable","32":"purchasable","33":"product-type-simple"},"yoast_head":"<!-- This site is optimized with the Yoast SEO plugin v27.4 - https:\/\/yoast.com\/product\/yoast-seo-wordpress\/ -->\n<title>Bouillon Selenite Cystine (Base) 500g HIMEDIA<\/title>\n<meta name=\"description\" content=\"Le Bouillon Selenite Cystine (Base) 500g HIMEDIA est utilis\u00e9 pour l\u2019enrichissement s\u00e9lectif de Salmonella dans l&#039;eau ou les denr\u00e9es alimentaires.\" \/>\n<meta name=\"robots\" content=\"index, follow, max-snippet:-1, max-image-preview:large, max-video-preview:-1\" \/>\n<link rel=\"canonical\" href=\"https:\/\/store.microbiotech.dz\/index.php\/produit\/bouillon-selenite-cystine-base-500g-himedia\/\" \/>\n<meta property=\"og:locale\" content=\"fr_FR\" \/>\n<meta property=\"og:type\" content=\"article\" \/>\n<meta property=\"og:title\" content=\"Bouillon Selenite Cystine (Base) 500g HIMEDIA\" \/>\n<meta property=\"og:description\" content=\"Le Bouillon Selenite Cystine (Base) 500g HIMEDIA est utilis\u00e9 pour l\u2019enrichissement s\u00e9lectif de Salmonella dans l&#039;eau ou les denr\u00e9es alimentaires.\" \/>\n<meta property=\"og:url\" content=\"https:\/\/store.microbiotech.dz\/index.php\/produit\/bouillon-selenite-cystine-base-500g-himedia\/\" \/>\n<meta property=\"og:site_name\" content=\"La Boutique en ligne\" \/>\n<meta property=\"article:publisher\" content=\"https:\/\/www.facebook.com\/MicroBiotech.dz\" \/>\n<meta property=\"article:modified_time\" content=\"2023-03-20T12:14:29+00:00\" \/>\n<meta property=\"og:image\" content=\"https:\/\/store.microbiotech.dz\/wp-content\/uploads\/2022\/07\/Himedia-MCD-600-600-.jpg\" \/>\n\t<meta property=\"og:image:width\" content=\"600\" \/>\n\t<meta property=\"og:image:height\" content=\"600\" \/>\n\t<meta property=\"og:image:type\" content=\"image\/jpeg\" \/>\n<meta name=\"twitter:card\" content=\"summary_large_image\" \/>\n<meta name=\"twitter:site\" content=\"@MicrobiotechD\" \/>\n<meta name=\"twitter:label1\" content=\"Dur\u00e9e de lecture estim\u00e9e\" \/>\n\t<meta name=\"twitter:data1\" content=\"1 minute\" \/>\n<script type=\"application\/ld+json\" class=\"yoast-schema-graph\">{\"@context\":\"https:\\\/\\\/schema.org\",\"@graph\":[{\"@type\":\"WebPage\",\"@id\":\"https:\\\/\\\/store.microbiotech.dz\\\/index.php\\\/produit\\\/bouillon-selenite-cystine-base-500g-himedia\\\/\",\"url\":\"https:\\\/\\\/store.microbiotech.dz\\\/index.php\\\/produit\\\/bouillon-selenite-cystine-base-500g-himedia\\\/\",\"name\":\"Bouillon Selenite Cystine (Base) 500g HIMEDIA\",\"isPartOf\":{\"@id\":\"https:\\\/\\\/store.microbiotech.dz\\\/#website\"},\"primaryImageOfPage\":{\"@id\":\"https:\\\/\\\/store.microbiotech.dz\\\/index.php\\\/produit\\\/bouillon-selenite-cystine-base-500g-himedia\\\/#primaryimage\"},\"image\":{\"@id\":\"https:\\\/\\\/store.microbiotech.dz\\\/index.php\\\/produit\\\/bouillon-selenite-cystine-base-500g-himedia\\\/#primaryimage\"},\"thumbnailUrl\":\"https:\\\/\\\/store.microbiotech.dz\\\/wp-content\\\/uploads\\\/2022\\\/07\\\/Himedia-MCD-600-600-.jpg\",\"datePublished\":\"2022-07-06T12:41:15+00:00\",\"dateModified\":\"2023-03-20T12:14:29+00:00\",\"description\":\"Le Bouillon Selenite Cystine (Base) 500g HIMEDIA est utilis\u00e9 pour l\u2019enrichissement s\u00e9lectif de Salmonella dans l'eau ou les denr\u00e9es alimentaires.\",\"breadcrumb\":{\"@id\":\"https:\\\/\\\/store.microbiotech.dz\\\/index.php\\\/produit\\\/bouillon-selenite-cystine-base-500g-himedia\\\/#breadcrumb\"},\"inLanguage\":\"fr-FR\",\"potentialAction\":[{\"@type\":\"ReadAction\",\"target\":[\"https:\\\/\\\/store.microbiotech.dz\\\/index.php\\\/produit\\\/bouillon-selenite-cystine-base-500g-himedia\\\/\"]}]},{\"@type\":\"ImageObject\",\"inLanguage\":\"fr-FR\",\"@id\":\"https:\\\/\\\/store.microbiotech.dz\\\/index.php\\\/produit\\\/bouillon-selenite-cystine-base-500g-himedia\\\/#primaryimage\",\"url\":\"https:\\\/\\\/store.microbiotech.dz\\\/wp-content\\\/uploads\\\/2022\\\/07\\\/Himedia-MCD-600-600-.jpg\",\"contentUrl\":\"https:\\\/\\\/store.microbiotech.dz\\\/wp-content\\\/uploads\\\/2022\\\/07\\\/Himedia-MCD-600-600-.jpg\",\"width\":600,\"height\":600,\"caption\":\"Bouillon Selenite Cystine (Base) 500g HIMEDIA\"},{\"@type\":\"BreadcrumbList\",\"@id\":\"https:\\\/\\\/store.microbiotech.dz\\\/index.php\\\/produit\\\/bouillon-selenite-cystine-base-500g-himedia\\\/#breadcrumb\",\"itemListElement\":[{\"@type\":\"ListItem\",\"position\":1,\"name\":\"Accueil\",\"item\":\"https:\\\/\\\/store.microbiotech.dz\\\/\"},{\"@type\":\"ListItem\",\"position\":2,\"name\":\"Nos Produits\",\"item\":\"https:\\\/\\\/store.microbiotech.dz\\\/index.php\\\/nos-produits\\\/\"},{\"@type\":\"ListItem\",\"position\":3,\"name\":\"Bouillon Selenite Cystine (Base) 500g HIMEDIA\"}]},{\"@type\":\"WebSite\",\"@id\":\"https:\\\/\\\/store.microbiotech.dz\\\/#website\",\"url\":\"https:\\\/\\\/store.microbiotech.dz\\\/\",\"name\":\"La Boutique en ligne\",\"description\":\"Qualit\u00e9 - Rapidit\u00e9 - Tranquillit\u00e9\",\"publisher\":{\"@id\":\"https:\\\/\\\/store.microbiotech.dz\\\/#organization\"},\"potentialAction\":[{\"@type\":\"SearchAction\",\"target\":{\"@type\":\"EntryPoint\",\"urlTemplate\":\"https:\\\/\\\/store.microbiotech.dz\\\/?s={search_term_string}\"},\"query-input\":{\"@type\":\"PropertyValueSpecification\",\"valueRequired\":true,\"valueName\":\"search_term_string\"}}],\"inLanguage\":\"fr-FR\"},{\"@type\":\"Organization\",\"@id\":\"https:\\\/\\\/store.microbiotech.dz\\\/#organization\",\"name\":\"Microbiotech EURL\",\"url\":\"https:\\\/\\\/store.microbiotech.dz\\\/\",\"logo\":{\"@type\":\"ImageObject\",\"inLanguage\":\"fr-FR\",\"@id\":\"https:\\\/\\\/store.microbiotech.dz\\\/#\\\/schema\\\/logo\\\/image\\\/\",\"url\":\"https:\\\/\\\/store.microbiotech.dz\\\/wp-content\\\/uploads\\\/2021\\\/09\\\/cropped-logo-microbiotech-2.jpg\",\"contentUrl\":\"https:\\\/\\\/store.microbiotech.dz\\\/wp-content\\\/uploads\\\/2021\\\/09\\\/cropped-logo-microbiotech-2.jpg\",\"width\":815,\"height\":586,\"caption\":\"Microbiotech EURL\"},\"image\":{\"@id\":\"https:\\\/\\\/store.microbiotech.dz\\\/#\\\/schema\\\/logo\\\/image\\\/\"},\"sameAs\":[\"https:\\\/\\\/www.facebook.com\\\/MicroBiotech.dz\",\"https:\\\/\\\/x.com\\\/MicrobiotechD\",\"https:\\\/\\\/www.linkedin.com\\\/in\\\/microbiotech\\\/\",\"https:\\\/\\\/www.youtube.com\\\/channel\\\/UCTxc3VIiX7LXD2LQYfZEcDg\"]}]}<\/script>\n<!-- \/ Yoast SEO plugin. -->","yoast_head_json":{"title":"Bouillon Selenite Cystine (Base) 500g HIMEDIA","description":"Le Bouillon Selenite Cystine (Base) 500g HIMEDIA est utilis\u00e9 pour l\u2019enrichissement s\u00e9lectif de Salmonella dans l'eau ou les denr\u00e9es alimentaires.","robots":{"index":"index","follow":"follow","max-snippet":"max-snippet:-1","max-image-preview":"max-image-preview:large","max-video-preview":"max-video-preview:-1"},"canonical":"https:\/\/store.microbiotech.dz\/index.php\/produit\/bouillon-selenite-cystine-base-500g-himedia\/","og_locale":"fr_FR","og_type":"article","og_title":"Bouillon Selenite Cystine (Base) 500g HIMEDIA","og_description":"Le Bouillon Selenite Cystine (Base) 500g HIMEDIA est utilis\u00e9 pour l\u2019enrichissement s\u00e9lectif de Salmonella dans l'eau ou les denr\u00e9es alimentaires.","og_url":"https:\/\/store.microbiotech.dz\/index.php\/produit\/bouillon-selenite-cystine-base-500g-himedia\/","og_site_name":"La Boutique en ligne","article_publisher":"https:\/\/www.facebook.com\/MicroBiotech.dz","article_modified_time":"2023-03-20T12:14:29+00:00","og_image":[{"width":600,"height":600,"url":"https:\/\/store.microbiotech.dz\/wp-content\/uploads\/2022\/07\/Himedia-MCD-600-600-.jpg","type":"image\/jpeg"}],"twitter_card":"summary_large_image","twitter_site":"@MicrobiotechD","twitter_misc":{"Dur\u00e9e de lecture estim\u00e9e":"1 minute"},"schema":{"@context":"https:\/\/schema.org","@graph":[{"@type":"WebPage","@id":"https:\/\/store.microbiotech.dz\/index.php\/produit\/bouillon-selenite-cystine-base-500g-himedia\/","url":"https:\/\/store.microbiotech.dz\/index.php\/produit\/bouillon-selenite-cystine-base-500g-himedia\/","name":"Bouillon Selenite Cystine (Base) 500g HIMEDIA","isPartOf":{"@id":"https:\/\/store.microbiotech.dz\/#website"},"primaryImageOfPage":{"@id":"https:\/\/store.microbiotech.dz\/index.php\/produit\/bouillon-selenite-cystine-base-500g-himedia\/#primaryimage"},"image":{"@id":"https:\/\/store.microbiotech.dz\/index.php\/produit\/bouillon-selenite-cystine-base-500g-himedia\/#primaryimage"},"thumbnailUrl":"https:\/\/store.microbiotech.dz\/wp-content\/uploads\/2022\/07\/Himedia-MCD-600-600-.jpg","datePublished":"2022-07-06T12:41:15+00:00","dateModified":"2023-03-20T12:14:29+00:00","description":"Le Bouillon Selenite Cystine (Base) 500g HIMEDIA est utilis\u00e9 pour l\u2019enrichissement s\u00e9lectif de Salmonella dans l'eau ou les denr\u00e9es alimentaires.","breadcrumb":{"@id":"https:\/\/store.microbiotech.dz\/index.php\/produit\/bouillon-selenite-cystine-base-500g-himedia\/#breadcrumb"},"inLanguage":"fr-FR","potentialAction":[{"@type":"ReadAction","target":["https:\/\/store.microbiotech.dz\/index.php\/produit\/bouillon-selenite-cystine-base-500g-himedia\/"]}]},{"@type":"ImageObject","inLanguage":"fr-FR","@id":"https:\/\/store.microbiotech.dz\/index.php\/produit\/bouillon-selenite-cystine-base-500g-himedia\/#primaryimage","url":"https:\/\/store.microbiotech.dz\/wp-content\/uploads\/2022\/07\/Himedia-MCD-600-600-.jpg","contentUrl":"https:\/\/store.microbiotech.dz\/wp-content\/uploads\/2022\/07\/Himedia-MCD-600-600-.jpg","width":600,"height":600,"caption":"Bouillon Selenite Cystine (Base) 500g HIMEDIA"},{"@type":"BreadcrumbList","@id":"https:\/\/store.microbiotech.dz\/index.php\/produit\/bouillon-selenite-cystine-base-500g-himedia\/#breadcrumb","itemListElement":[{"@type":"ListItem","position":1,"name":"Accueil","item":"https:\/\/store.microbiotech.dz\/"},{"@type":"ListItem","position":2,"name":"Nos Produits","item":"https:\/\/store.microbiotech.dz\/index.php\/nos-produits\/"},{"@type":"ListItem","position":3,"name":"Bouillon Selenite Cystine (Base) 500g HIMEDIA"}]},{"@type":"WebSite","@id":"https:\/\/store.microbiotech.dz\/#website","url":"https:\/\/store.microbiotech.dz\/","name":"La Boutique en ligne","description":"Qualit\u00e9 - Rapidit\u00e9 - Tranquillit\u00e9","publisher":{"@id":"https:\/\/store.microbiotech.dz\/#organization"},"potentialAction":[{"@type":"SearchAction","target":{"@type":"EntryPoint","urlTemplate":"https:\/\/store.microbiotech.dz\/?s={search_term_string}"},"query-input":{"@type":"PropertyValueSpecification","valueRequired":true,"valueName":"search_term_string"}}],"inLanguage":"fr-FR"},{"@type":"Organization","@id":"https:\/\/store.microbiotech.dz\/#organization","name":"Microbiotech EURL","url":"https:\/\/store.microbiotech.dz\/","logo":{"@type":"ImageObject","inLanguage":"fr-FR","@id":"https:\/\/store.microbiotech.dz\/#\/schema\/logo\/image\/","url":"https:\/\/store.microbiotech.dz\/wp-content\/uploads\/2021\/09\/cropped-logo-microbiotech-2.jpg","contentUrl":"https:\/\/store.microbiotech.dz\/wp-content\/uploads\/2021\/09\/cropped-logo-microbiotech-2.jpg","width":815,"height":586,"caption":"Microbiotech EURL"},"image":{"@id":"https:\/\/store.microbiotech.dz\/#\/schema\/logo\/image\/"},"sameAs":["https:\/\/www.facebook.com\/MicroBiotech.dz","https:\/\/x.com\/MicrobiotechD","https:\/\/www.linkedin.com\/in\/microbiotech\/","https:\/\/www.youtube.com\/channel\/UCTxc3VIiX7LXD2LQYfZEcDg"]}]}},"jetpack_sharing_enabled":true,"_links":{"self":[{"href":"https:\/\/store.microbiotech.dz\/index.php\/wp-json\/wp\/v2\/product\/2264","targetHints":{"allow":["GET"]}}],"collection":[{"href":"https:\/\/store.microbiotech.dz\/index.php\/wp-json\/wp\/v2\/product"}],"about":[{"href":"https:\/\/store.microbiotech.dz\/index.php\/wp-json\/wp\/v2\/types\/product"}],"replies":[{"embeddable":true,"href":"https:\/\/store.microbiotech.dz\/index.php\/wp-json\/wp\/v2\/comments?post=2264"}],"wp:featuredmedia":[{"embeddable":true,"href":"https:\/\/store.microbiotech.dz\/index.php\/wp-json\/wp\/v2\/media\/2266"}],"wp:attachment":[{"href":"https:\/\/store.microbiotech.dz\/index.php\/wp-json\/wp\/v2\/media?parent=2264"}],"wp:term":[{"taxonomy":"product_brand","embeddable":true,"href":"https:\/\/store.microbiotech.dz\/index.php\/wp-json\/wp\/v2\/product_brand?post=2264"},{"taxonomy":"product_cat","embeddable":true,"href":"https:\/\/store.microbiotech.dz\/index.php\/wp-json\/wp\/v2\/product_cat?post=2264"},{"taxonomy":"product_tag","embeddable":true,"href":"https:\/\/store.microbiotech.dz\/index.php\/wp-json\/wp\/v2\/product_tag?post=2264"}],"curies":[{"name":"wp","href":"https:\/\/api.w.org\/{rel}","templated":true}]}}