{"id":2262,"date":"2022-07-06T11:32:59","date_gmt":"2022-07-06T10:32:59","guid":{"rendered":"https:\/\/store.microbiotech.dz\/?post_type=product&#038;p=2262"},"modified":"2022-10-23T10:18:07","modified_gmt":"2022-10-23T09:18:07","slug":"supplement-pour-gelose-oxford-cccfa-10-flacons-qsp-500-ml","status":"publish","type":"product","link":"https:\/\/store.microbiotech.dz\/index.php\/produit\/supplement-pour-gelose-oxford-cccfa-10-flacons-qsp-500-ml\/","title":{"rendered":"Suppl\u00e9ment pour g\u00e9lose Oxford (CCCFA) (10 flacons qsp 500 mL)"},"content":{"rendered":"<p>Le suppl\u00e9ment s\u00e9lectif pour g\u00e9lose Oxford (CCCFA) est destin\u00e9 \u00e0 \u00eatre utilis\u00e9 avec la g\u00e9lose Oxford (base) pour la recherche et le d\u00e9nombrement des\u00a0<em>Listeria<\/em>. Il s&rsquo;agit d&rsquo;un m\u00e9lange inhibiteur compos\u00e9 de trois antibiotiques (colistine, c\u00e9fot\u00e9tan et fosfomycine), d&rsquo;un antifongique (cycloheximide) et d&rsquo;un colorant antiseptique (acriflavine). Pr\u00e9sent\u00e9 sous forme lyophilis\u00e9e, il permet d&rsquo;inhiber la presque totalit\u00e9 de la microflore contaminante des \u00e9chantillons test\u00e9s afin de favoriser les cultures de\u00a0<em>Listeria monocytogenes.<\/em><\/p>\n","protected":false},"excerpt":{"rendered":"<p>Marque:\u00a0<strong>BIOKAR\u00a0<img loading=\"lazy\" decoding=\"async\" class=\"alignnone wp-image-1676\" src=\"https:\/\/store.microbiotech.dz\/wp-content\/uploads\/2022\/04\/s-l300.jpg\" alt=\"\" width=\"31\" height=\"31\" srcset=\"https:\/\/store.microbiotech.dz\/wp-content\/uploads\/2022\/04\/s-l300.jpg 300w, https:\/\/store.microbiotech.dz\/wp-content\/uploads\/2022\/04\/s-l300-150x150.jpg 150w, https:\/\/store.microbiotech.dz\/wp-content\/uploads\/2022\/04\/s-l300-100x100.jpg 100w\" sizes=\"auto, (max-width: 31px) 100vw, 31px\" \/><\/strong><\/p>\n<p>Date de p\u00e9remption:\u00a0<strong>03-11-2023<\/strong><\/p>\n<p><strong><a href=\"https:\/\/www.solabia.com\/Download\/Produto\/Arquivo\/3d863b367aa379f71c7afc0c9cdca41d\">Fiche Technique \u00a0 \u00a0<\/a><\/strong><img loading=\"lazy\" decoding=\"async\" class=\"wp-image-1677 alignnone\" src=\"https:\/\/store.microbiotech.dz\/wp-content\/uploads\/2022\/04\/telechargement-1.jpg\" alt=\"\" width=\"83\" height=\"50\" \/><\/p>\n","protected":false},"featured_media":2263,"comment_status":"open","ping_status":"closed","template":"","meta":{"site-sidebar-layout":"default","site-content-layout":"default","ast-site-content-layout":"default","site-content-style":"default","site-sidebar-style":"default","ast-global-header-display":"","ast-banner-title-visibility":"","ast-main-header-display":"","ast-hfb-above-header-display":"","ast-hfb-below-header-display":"","ast-hfb-mobile-header-display":"","site-post-title":"","ast-breadcrumbs-content":"","ast-featured-img":"","footer-sml-layout":"","ast-disable-related-posts":"","theme-transparent-header-meta":"default","adv-header-id-meta":"","stick-header-meta":"","header-above-stick-meta":"","header-main-stick-meta":"","header-below-stick-meta":"","astra-migrate-meta-layouts":"default","ast-page-background-enabled":"default","ast-page-background-meta":{"desktop":{"background-color":"var(--ast-global-color-4)","background-image":"","background-repeat":"repeat","background-position":"center center","background-size":"auto","background-attachment":"scroll","background-type":"","background-media":"","overlay-type":"","overlay-color":"","overlay-opacity":"","overlay-gradient":""},"tablet":{"background-color":"","background-image":"","background-repeat":"repeat","background-position":"center center","background-size":"auto","background-attachment":"scroll","background-type":"","background-media":"","overlay-type":"","overlay-color":"","overlay-opacity":"","overlay-gradient":""},"mobile":{"background-color":"","background-image":"","background-repeat":"repeat","background-position":"center center","background-size":"auto","background-attachment":"scroll","background-type":"","background-media":"","overlay-type":"","overlay-color":"","overlay-opacity":"","overlay-gradient":""}},"ast-content-background-meta":{"desktop":{"background-color":"var(--ast-global-color-5)","background-image":"","background-repeat":"repeat","background-position":"center center","background-size":"auto","background-attachment":"scroll","background-type":"","background-media":"","overlay-type":"","overlay-color":"","overlay-opacity":"","overlay-gradient":""},"tablet":{"background-color":"var(--ast-global-color-5)","background-image":"","background-repeat":"repeat","background-position":"center center","background-size":"auto","background-attachment":"scroll","background-type":"","background-media":"","overlay-type":"","overlay-color":"","overlay-opacity":"","overlay-gradient":""},"mobile":{"background-color":"var(--ast-global-color-5)","background-image":"","background-repeat":"repeat","background-position":"center center","background-size":"auto","background-attachment":"scroll","background-type":"","background-media":"","overlay-type":"","overlay-color":"","overlay-opacity":"","overlay-gradient":""}},"jetpack_post_was_ever_published":false},"product_brand":[],"product_cat":[94,26],"product_tag":[233,820,599,581,617,234,821,620,819],"class_list":{"0":"post-2262","1":"product","2":"type-product","3":"status-publish","4":"has-post-thumbnail","6":"product_cat-additifs-et-autres","7":"product_cat-milieux-de-cultures","8":"product_tag-233","9":"product_tag-additif-oxford","10":"product_tag-biokar","11":"product_tag-f06","12":"product_tag-gelose-oxford","13":"product_tag-listeria","14":"product_tag-listeria-monocytogenes","15":"product_tag-oxford","16":"product_tag-supplement-pour-gelose-oxford","17":"desktop-align-center","18":"tablet-align-left","19":"mobile-align-left","21":"first","22":"outofstock","23":"taxable","24":"shipping-taxable","25":"purchasable","26":"product-type-simple"},"yoast_head":"<!-- This site is optimized with the Yoast SEO plugin v27.5 - https:\/\/yoast.com\/product\/yoast-seo-wordpress\/ -->\n<title>Suppl\u00e9ment pour g\u00e9lose Oxford (CCCFA) (10 flacons qsp 500 mL) - La Boutique en ligne<\/title>\n<meta name=\"description\" content=\"Le suppl\u00e9ment s\u00e9lectif pour g\u00e9lose Oxford (CCCFA) est destin\u00e9 \u00e0 \u00eatre utilis\u00e9 avec la g\u00e9lose Oxford (base) pour la recherche et le d\u00e9nombrement des\u00a0Listeria. Il s&#039;agit d&#039;un m\u00e9lange inhibiteur compos\u00e9 de trois antibiotiques (colistine, c\u00e9fot\u00e9tan et fosfomycine), d&#039;un antifongique (cycloheximide) et d&#039;un colorant antiseptique (acriflavine). Pr\u00e9sent\u00e9 sous forme lyophilis\u00e9e, il permet d&#039;inhiber la presque totalit\u00e9 de la microflore contaminante des \u00e9chantillons test\u00e9s afin de favoriser les cultures de\u00a0Listeria monocytogenes.\" \/>\n<meta name=\"robots\" content=\"index, follow, max-snippet:-1, max-image-preview:large, max-video-preview:-1\" \/>\n<link rel=\"canonical\" href=\"https:\/\/store.microbiotech.dz\/index.php\/produit\/supplement-pour-gelose-oxford-cccfa-10-flacons-qsp-500-ml\/\" \/>\n<meta property=\"og:locale\" content=\"fr_FR\" \/>\n<meta property=\"og:type\" content=\"article\" \/>\n<meta property=\"og:title\" content=\"Suppl\u00e9ment pour g\u00e9lose Oxford (CCCFA) (10 flacons qsp 500 mL) - La Boutique en ligne\" \/>\n<meta property=\"og:description\" content=\"Le suppl\u00e9ment s\u00e9lectif pour g\u00e9lose Oxford (CCCFA) est destin\u00e9 \u00e0 \u00eatre utilis\u00e9 avec la g\u00e9lose Oxford (base) pour la recherche et le d\u00e9nombrement des\u00a0Listeria. Il s&#039;agit d&#039;un m\u00e9lange inhibiteur compos\u00e9 de trois antibiotiques (colistine, c\u00e9fot\u00e9tan et fosfomycine), d&#039;un antifongique (cycloheximide) et d&#039;un colorant antiseptique (acriflavine). Pr\u00e9sent\u00e9 sous forme lyophilis\u00e9e, il permet d&#039;inhiber la presque totalit\u00e9 de la microflore contaminante des \u00e9chantillons test\u00e9s afin de favoriser les cultures de\u00a0Listeria monocytogenes.\" \/>\n<meta property=\"og:url\" content=\"https:\/\/store.microbiotech.dz\/index.php\/produit\/supplement-pour-gelose-oxford-cccfa-10-flacons-qsp-500-ml\/\" \/>\n<meta property=\"og:site_name\" content=\"La Boutique en ligne\" \/>\n<meta property=\"article:publisher\" content=\"https:\/\/www.facebook.com\/MicroBiotech.dz\" \/>\n<meta property=\"article:modified_time\" content=\"2022-10-23T09:18:07+00:00\" \/>\n<meta property=\"og:image\" content=\"https:\/\/store.microbiotech.dz\/wp-content\/uploads\/2022\/07\/prod-princ_227.jpg\" \/>\n\t<meta property=\"og:image:width\" content=\"500\" \/>\n\t<meta property=\"og:image:height\" content=\"650\" \/>\n\t<meta property=\"og:image:type\" content=\"image\/jpeg\" \/>\n<meta name=\"twitter:card\" content=\"summary_large_image\" \/>\n<meta name=\"twitter:site\" content=\"@MicrobiotechD\" \/>\n<meta name=\"twitter:label1\" content=\"Dur\u00e9e de lecture estim\u00e9e\" \/>\n\t<meta name=\"twitter:data1\" content=\"1 minute\" \/>\n<script type=\"application\/ld+json\" class=\"yoast-schema-graph\">{\"@context\":\"https:\\\/\\\/schema.org\",\"@graph\":[{\"@type\":\"WebPage\",\"@id\":\"https:\\\/\\\/store.microbiotech.dz\\\/index.php\\\/produit\\\/supplement-pour-gelose-oxford-cccfa-10-flacons-qsp-500-ml\\\/\",\"url\":\"https:\\\/\\\/store.microbiotech.dz\\\/index.php\\\/produit\\\/supplement-pour-gelose-oxford-cccfa-10-flacons-qsp-500-ml\\\/\",\"name\":\"Suppl\u00e9ment pour g\u00e9lose Oxford (CCCFA) (10 flacons qsp 500 mL) - La Boutique en ligne\",\"isPartOf\":{\"@id\":\"https:\\\/\\\/store.microbiotech.dz\\\/#website\"},\"primaryImageOfPage\":{\"@id\":\"https:\\\/\\\/store.microbiotech.dz\\\/index.php\\\/produit\\\/supplement-pour-gelose-oxford-cccfa-10-flacons-qsp-500-ml\\\/#primaryimage\"},\"image\":{\"@id\":\"https:\\\/\\\/store.microbiotech.dz\\\/index.php\\\/produit\\\/supplement-pour-gelose-oxford-cccfa-10-flacons-qsp-500-ml\\\/#primaryimage\"},\"thumbnailUrl\":\"https:\\\/\\\/store.microbiotech.dz\\\/wp-content\\\/uploads\\\/2022\\\/07\\\/prod-princ_227.jpg\",\"datePublished\":\"2022-07-06T10:32:59+00:00\",\"dateModified\":\"2022-10-23T09:18:07+00:00\",\"description\":\"Le suppl\u00e9ment s\u00e9lectif pour g\u00e9lose Oxford (CCCFA) est destin\u00e9 \u00e0 \u00eatre utilis\u00e9 avec la g\u00e9lose Oxford (base) pour la recherche et le d\u00e9nombrement des\u00a0Listeria. Il s'agit d'un m\u00e9lange inhibiteur compos\u00e9 de trois antibiotiques (colistine, c\u00e9fot\u00e9tan et fosfomycine), d'un antifongique (cycloheximide) et d'un colorant antiseptique (acriflavine). Pr\u00e9sent\u00e9 sous forme lyophilis\u00e9e, il permet d'inhiber la presque totalit\u00e9 de la microflore contaminante des \u00e9chantillons test\u00e9s afin de favoriser les cultures de\u00a0Listeria monocytogenes.\",\"breadcrumb\":{\"@id\":\"https:\\\/\\\/store.microbiotech.dz\\\/index.php\\\/produit\\\/supplement-pour-gelose-oxford-cccfa-10-flacons-qsp-500-ml\\\/#breadcrumb\"},\"inLanguage\":\"fr-FR\",\"potentialAction\":[{\"@type\":\"ReadAction\",\"target\":[\"https:\\\/\\\/store.microbiotech.dz\\\/index.php\\\/produit\\\/supplement-pour-gelose-oxford-cccfa-10-flacons-qsp-500-ml\\\/\"]}]},{\"@type\":\"ImageObject\",\"inLanguage\":\"fr-FR\",\"@id\":\"https:\\\/\\\/store.microbiotech.dz\\\/index.php\\\/produit\\\/supplement-pour-gelose-oxford-cccfa-10-flacons-qsp-500-ml\\\/#primaryimage\",\"url\":\"https:\\\/\\\/store.microbiotech.dz\\\/wp-content\\\/uploads\\\/2022\\\/07\\\/prod-princ_227.jpg\",\"contentUrl\":\"https:\\\/\\\/store.microbiotech.dz\\\/wp-content\\\/uploads\\\/2022\\\/07\\\/prod-princ_227.jpg\",\"width\":500,\"height\":650},{\"@type\":\"BreadcrumbList\",\"@id\":\"https:\\\/\\\/store.microbiotech.dz\\\/index.php\\\/produit\\\/supplement-pour-gelose-oxford-cccfa-10-flacons-qsp-500-ml\\\/#breadcrumb\",\"itemListElement\":[{\"@type\":\"ListItem\",\"position\":1,\"name\":\"Accueil\",\"item\":\"https:\\\/\\\/store.microbiotech.dz\\\/\"},{\"@type\":\"ListItem\",\"position\":2,\"name\":\"Nos Produits\",\"item\":\"https:\\\/\\\/store.microbiotech.dz\\\/index.php\\\/nos-produits\\\/\"},{\"@type\":\"ListItem\",\"position\":3,\"name\":\"Suppl\u00e9ment pour g\u00e9lose Oxford (CCCFA) (10 flacons qsp 500 mL)\"}]},{\"@type\":\"WebSite\",\"@id\":\"https:\\\/\\\/store.microbiotech.dz\\\/#website\",\"url\":\"https:\\\/\\\/store.microbiotech.dz\\\/\",\"name\":\"La Boutique en ligne\",\"description\":\"Qualit\u00e9 - Rapidit\u00e9 - Tranquillit\u00e9\",\"publisher\":{\"@id\":\"https:\\\/\\\/store.microbiotech.dz\\\/#organization\"},\"potentialAction\":[{\"@type\":\"SearchAction\",\"target\":{\"@type\":\"EntryPoint\",\"urlTemplate\":\"https:\\\/\\\/store.microbiotech.dz\\\/?s={search_term_string}\"},\"query-input\":{\"@type\":\"PropertyValueSpecification\",\"valueRequired\":true,\"valueName\":\"search_term_string\"}}],\"inLanguage\":\"fr-FR\"},{\"@type\":\"Organization\",\"@id\":\"https:\\\/\\\/store.microbiotech.dz\\\/#organization\",\"name\":\"Microbiotech EURL\",\"url\":\"https:\\\/\\\/store.microbiotech.dz\\\/\",\"logo\":{\"@type\":\"ImageObject\",\"inLanguage\":\"fr-FR\",\"@id\":\"https:\\\/\\\/store.microbiotech.dz\\\/#\\\/schema\\\/logo\\\/image\\\/\",\"url\":\"https:\\\/\\\/store.microbiotech.dz\\\/wp-content\\\/uploads\\\/2021\\\/09\\\/cropped-logo-microbiotech-2.jpg\",\"contentUrl\":\"https:\\\/\\\/store.microbiotech.dz\\\/wp-content\\\/uploads\\\/2021\\\/09\\\/cropped-logo-microbiotech-2.jpg\",\"width\":815,\"height\":586,\"caption\":\"Microbiotech EURL\"},\"image\":{\"@id\":\"https:\\\/\\\/store.microbiotech.dz\\\/#\\\/schema\\\/logo\\\/image\\\/\"},\"sameAs\":[\"https:\\\/\\\/www.facebook.com\\\/MicroBiotech.dz\",\"https:\\\/\\\/x.com\\\/MicrobiotechD\",\"https:\\\/\\\/www.linkedin.com\\\/in\\\/microbiotech\\\/\",\"https:\\\/\\\/www.youtube.com\\\/channel\\\/UCTxc3VIiX7LXD2LQYfZEcDg\"]}]}<\/script>\n<!-- \/ Yoast SEO plugin. -->","yoast_head_json":{"title":"Suppl\u00e9ment pour g\u00e9lose Oxford (CCCFA) (10 flacons qsp 500 mL) - La Boutique en ligne","description":"Le suppl\u00e9ment s\u00e9lectif pour g\u00e9lose Oxford (CCCFA) est destin\u00e9 \u00e0 \u00eatre utilis\u00e9 avec la g\u00e9lose Oxford (base) pour la recherche et le d\u00e9nombrement des\u00a0Listeria. Il s'agit d'un m\u00e9lange inhibiteur compos\u00e9 de trois antibiotiques (colistine, c\u00e9fot\u00e9tan et fosfomycine), d'un antifongique (cycloheximide) et d'un colorant antiseptique (acriflavine). Pr\u00e9sent\u00e9 sous forme lyophilis\u00e9e, il permet d'inhiber la presque totalit\u00e9 de la microflore contaminante des \u00e9chantillons test\u00e9s afin de favoriser les cultures de\u00a0Listeria monocytogenes.","robots":{"index":"index","follow":"follow","max-snippet":"max-snippet:-1","max-image-preview":"max-image-preview:large","max-video-preview":"max-video-preview:-1"},"canonical":"https:\/\/store.microbiotech.dz\/index.php\/produit\/supplement-pour-gelose-oxford-cccfa-10-flacons-qsp-500-ml\/","og_locale":"fr_FR","og_type":"article","og_title":"Suppl\u00e9ment pour g\u00e9lose Oxford (CCCFA) (10 flacons qsp 500 mL) - La Boutique en ligne","og_description":"Le suppl\u00e9ment s\u00e9lectif pour g\u00e9lose Oxford (CCCFA) est destin\u00e9 \u00e0 \u00eatre utilis\u00e9 avec la g\u00e9lose Oxford (base) pour la recherche et le d\u00e9nombrement des\u00a0Listeria. Il s'agit d'un m\u00e9lange inhibiteur compos\u00e9 de trois antibiotiques (colistine, c\u00e9fot\u00e9tan et fosfomycine), d'un antifongique (cycloheximide) et d'un colorant antiseptique (acriflavine). Pr\u00e9sent\u00e9 sous forme lyophilis\u00e9e, il permet d'inhiber la presque totalit\u00e9 de la microflore contaminante des \u00e9chantillons test\u00e9s afin de favoriser les cultures de\u00a0Listeria monocytogenes.","og_url":"https:\/\/store.microbiotech.dz\/index.php\/produit\/supplement-pour-gelose-oxford-cccfa-10-flacons-qsp-500-ml\/","og_site_name":"La Boutique en ligne","article_publisher":"https:\/\/www.facebook.com\/MicroBiotech.dz","article_modified_time":"2022-10-23T09:18:07+00:00","og_image":[{"width":500,"height":650,"url":"https:\/\/store.microbiotech.dz\/wp-content\/uploads\/2022\/07\/prod-princ_227.jpg","type":"image\/jpeg"}],"twitter_card":"summary_large_image","twitter_site":"@MicrobiotechD","twitter_misc":{"Dur\u00e9e de lecture estim\u00e9e":"1 minute"},"schema":{"@context":"https:\/\/schema.org","@graph":[{"@type":"WebPage","@id":"https:\/\/store.microbiotech.dz\/index.php\/produit\/supplement-pour-gelose-oxford-cccfa-10-flacons-qsp-500-ml\/","url":"https:\/\/store.microbiotech.dz\/index.php\/produit\/supplement-pour-gelose-oxford-cccfa-10-flacons-qsp-500-ml\/","name":"Suppl\u00e9ment pour g\u00e9lose Oxford (CCCFA) (10 flacons qsp 500 mL) - La Boutique en ligne","isPartOf":{"@id":"https:\/\/store.microbiotech.dz\/#website"},"primaryImageOfPage":{"@id":"https:\/\/store.microbiotech.dz\/index.php\/produit\/supplement-pour-gelose-oxford-cccfa-10-flacons-qsp-500-ml\/#primaryimage"},"image":{"@id":"https:\/\/store.microbiotech.dz\/index.php\/produit\/supplement-pour-gelose-oxford-cccfa-10-flacons-qsp-500-ml\/#primaryimage"},"thumbnailUrl":"https:\/\/store.microbiotech.dz\/wp-content\/uploads\/2022\/07\/prod-princ_227.jpg","datePublished":"2022-07-06T10:32:59+00:00","dateModified":"2022-10-23T09:18:07+00:00","description":"Le suppl\u00e9ment s\u00e9lectif pour g\u00e9lose Oxford (CCCFA) est destin\u00e9 \u00e0 \u00eatre utilis\u00e9 avec la g\u00e9lose Oxford (base) pour la recherche et le d\u00e9nombrement des\u00a0Listeria. Il s'agit d'un m\u00e9lange inhibiteur compos\u00e9 de trois antibiotiques (colistine, c\u00e9fot\u00e9tan et fosfomycine), d'un antifongique (cycloheximide) et d'un colorant antiseptique (acriflavine). Pr\u00e9sent\u00e9 sous forme lyophilis\u00e9e, il permet d'inhiber la presque totalit\u00e9 de la microflore contaminante des \u00e9chantillons test\u00e9s afin de favoriser les cultures de\u00a0Listeria monocytogenes.","breadcrumb":{"@id":"https:\/\/store.microbiotech.dz\/index.php\/produit\/supplement-pour-gelose-oxford-cccfa-10-flacons-qsp-500-ml\/#breadcrumb"},"inLanguage":"fr-FR","potentialAction":[{"@type":"ReadAction","target":["https:\/\/store.microbiotech.dz\/index.php\/produit\/supplement-pour-gelose-oxford-cccfa-10-flacons-qsp-500-ml\/"]}]},{"@type":"ImageObject","inLanguage":"fr-FR","@id":"https:\/\/store.microbiotech.dz\/index.php\/produit\/supplement-pour-gelose-oxford-cccfa-10-flacons-qsp-500-ml\/#primaryimage","url":"https:\/\/store.microbiotech.dz\/wp-content\/uploads\/2022\/07\/prod-princ_227.jpg","contentUrl":"https:\/\/store.microbiotech.dz\/wp-content\/uploads\/2022\/07\/prod-princ_227.jpg","width":500,"height":650},{"@type":"BreadcrumbList","@id":"https:\/\/store.microbiotech.dz\/index.php\/produit\/supplement-pour-gelose-oxford-cccfa-10-flacons-qsp-500-ml\/#breadcrumb","itemListElement":[{"@type":"ListItem","position":1,"name":"Accueil","item":"https:\/\/store.microbiotech.dz\/"},{"@type":"ListItem","position":2,"name":"Nos Produits","item":"https:\/\/store.microbiotech.dz\/index.php\/nos-produits\/"},{"@type":"ListItem","position":3,"name":"Suppl\u00e9ment pour g\u00e9lose Oxford (CCCFA) (10 flacons qsp 500 mL)"}]},{"@type":"WebSite","@id":"https:\/\/store.microbiotech.dz\/#website","url":"https:\/\/store.microbiotech.dz\/","name":"La Boutique en ligne","description":"Qualit\u00e9 - Rapidit\u00e9 - Tranquillit\u00e9","publisher":{"@id":"https:\/\/store.microbiotech.dz\/#organization"},"potentialAction":[{"@type":"SearchAction","target":{"@type":"EntryPoint","urlTemplate":"https:\/\/store.microbiotech.dz\/?s={search_term_string}"},"query-input":{"@type":"PropertyValueSpecification","valueRequired":true,"valueName":"search_term_string"}}],"inLanguage":"fr-FR"},{"@type":"Organization","@id":"https:\/\/store.microbiotech.dz\/#organization","name":"Microbiotech EURL","url":"https:\/\/store.microbiotech.dz\/","logo":{"@type":"ImageObject","inLanguage":"fr-FR","@id":"https:\/\/store.microbiotech.dz\/#\/schema\/logo\/image\/","url":"https:\/\/store.microbiotech.dz\/wp-content\/uploads\/2021\/09\/cropped-logo-microbiotech-2.jpg","contentUrl":"https:\/\/store.microbiotech.dz\/wp-content\/uploads\/2021\/09\/cropped-logo-microbiotech-2.jpg","width":815,"height":586,"caption":"Microbiotech EURL"},"image":{"@id":"https:\/\/store.microbiotech.dz\/#\/schema\/logo\/image\/"},"sameAs":["https:\/\/www.facebook.com\/MicroBiotech.dz","https:\/\/x.com\/MicrobiotechD","https:\/\/www.linkedin.com\/in\/microbiotech\/","https:\/\/www.youtube.com\/channel\/UCTxc3VIiX7LXD2LQYfZEcDg"]}]}},"jetpack_sharing_enabled":true,"_links":{"self":[{"href":"https:\/\/store.microbiotech.dz\/index.php\/wp-json\/wp\/v2\/product\/2262","targetHints":{"allow":["GET"]}}],"collection":[{"href":"https:\/\/store.microbiotech.dz\/index.php\/wp-json\/wp\/v2\/product"}],"about":[{"href":"https:\/\/store.microbiotech.dz\/index.php\/wp-json\/wp\/v2\/types\/product"}],"replies":[{"embeddable":true,"href":"https:\/\/store.microbiotech.dz\/index.php\/wp-json\/wp\/v2\/comments?post=2262"}],"wp:featuredmedia":[{"embeddable":true,"href":"https:\/\/store.microbiotech.dz\/index.php\/wp-json\/wp\/v2\/media\/2263"}],"wp:attachment":[{"href":"https:\/\/store.microbiotech.dz\/index.php\/wp-json\/wp\/v2\/media?parent=2262"}],"wp:term":[{"taxonomy":"product_brand","embeddable":true,"href":"https:\/\/store.microbiotech.dz\/index.php\/wp-json\/wp\/v2\/product_brand?post=2262"},{"taxonomy":"product_cat","embeddable":true,"href":"https:\/\/store.microbiotech.dz\/index.php\/wp-json\/wp\/v2\/product_cat?post=2262"},{"taxonomy":"product_tag","embeddable":true,"href":"https:\/\/store.microbiotech.dz\/index.php\/wp-json\/wp\/v2\/product_tag?post=2262"}],"curies":[{"name":"wp","href":"https:\/\/api.w.org\/{rel}","templated":true}]}}