{"id":2254,"date":"2022-07-03T19:31:30","date_gmt":"2022-07-03T18:31:30","guid":{"rendered":"https:\/\/store.microbiotech.dz\/?post_type=product&#038;p=2254"},"modified":"2025-05-25T10:32:10","modified_gmt":"2025-05-25T09:32:10","slug":"boite-de-petri-sterile-en-plastique","status":"publish","type":"product","link":"https:\/\/store.microbiotech.dz\/index.php\/produit\/boite-de-petri-sterile-en-plastique\/","title":{"rendered":"Boite de P\u00e9tri St\u00e9rile en Plastique"},"content":{"rendered":"<p>Les <a href=\"https:\/\/store.microbiotech.dz\/?s=boite\" target=\"_blank\" rel=\"noopener\">Boite<\/a> de P\u00e9tri St\u00e9rile en Plastique de la marque <a href=\"https:\/\/www.plastilab.com\/\" target=\"_blank\" rel=\"noopener\">Plastilab<\/a> et et la marque Fraplast sont des outils indispensables pour votre laboratoire de microbiologie et d&rsquo;autres applications n\u00e9cessitant la culture et la croissance de micro-organismes.<\/p>\n<p>Ces Boite de P\u00e9tri St\u00e9rile en Plastique sont en Polystyr\u00e8ne cristal de haute qualit\u00e9 pour garantir une transparence maximale et une excellente r\u00e9sistance aux chocs. Elles sont disponibles en diff\u00e9rentes tailles pour r\u00e9pondre \u00e0 vos besoins. Les couvercles assurent une fermeture herm\u00e9tique pour pr\u00e9venir la contamination et permettre une culture aseptique. Les bords biseaut\u00e9s de ces bo\u00eetes de Petri permettent un empilement facile et un gain d&rsquo;espace dans les laboratoires.<br \/>\nLes bo\u00eetes de P\u00e9tri de ces marques garantissent la st\u00e9rilit\u00e9, la transparence et la r\u00e9sistance requises pour les applications de microbiologie.<\/p>\n","protected":false},"excerpt":{"rendered":"<p>&nbsp;<\/p>\n<p><span style=\"font-size: 16px;\">Marques: <\/span><span style=\"font-size: 16px;\"><strong style=\"font-size: 16px;\">PLASTILAB <img loading=\"lazy\" decoding=\"async\" class=\"alignnone wp-image-2774\" src=\"https:\/\/store.microbiotech.dz\/wp-content\/uploads\/2022\/07\/lb-circle-01-300x300.png\" alt=\"\" width=\"18\" height=\"18\" srcset=\"https:\/\/store.microbiotech.dz\/wp-content\/uploads\/2022\/07\/lb-circle-01-300x300.png 300w, https:\/\/store.microbiotech.dz\/wp-content\/uploads\/2022\/07\/lb-circle-01-150x150.png 150w, https:\/\/store.microbiotech.dz\/wp-content\/uploads\/2022\/07\/lb-circle-01-100x100.png 100w, https:\/\/store.microbiotech.dz\/wp-content\/uploads\/2022\/07\/lb-circle-01.png 500w\" sizes=\"auto, (max-width: 18px) 100vw, 18px\" \/>\u00a0\/<\/strong><\/span><strong style=\"font-size: 16px;\"> FRAPLAST<img loading=\"lazy\" decoding=\"async\" class=\"alignnone wp-image-2080\" src=\"https:\/\/store.microbiotech.dz\/wp-content\/uploads\/2022\/06\/algeria-flag-300x225.png\" alt=\"\" width=\"25\" height=\"19\" srcset=\"https:\/\/store.microbiotech.dz\/wp-content\/uploads\/2022\/06\/algeria-flag-300x225.png 300w, https:\/\/store.microbiotech.dz\/wp-content\/uploads\/2022\/06\/algeria-flag-600x450.png 600w, https:\/\/store.microbiotech.dz\/wp-content\/uploads\/2022\/06\/algeria-flag.png 640w\" sizes=\"auto, (max-width: 25px) 100vw, 25px\" \/><\/strong><br \/>\nApparence:\u00a0 \u00a0<strong>Translucide (cristal)<\/strong><br \/>\nMat\u00e9riau:\u00a0 \u00a0 \u00a0 \u00a0<strong>Polystyr\u00e8ne (PS)<\/strong><\/p>\n","protected":false},"featured_media":2253,"comment_status":"open","ping_status":"closed","template":"","meta":{"site-sidebar-layout":"default","site-content-layout":"default","ast-site-content-layout":"default","site-content-style":"default","site-sidebar-style":"default","ast-global-header-display":"","ast-banner-title-visibility":"","ast-main-header-display":"","ast-hfb-above-header-display":"","ast-hfb-below-header-display":"","ast-hfb-mobile-header-display":"","site-post-title":"","ast-breadcrumbs-content":"","ast-featured-img":"","footer-sml-layout":"","ast-disable-related-posts":"","theme-transparent-header-meta":"default","adv-header-id-meta":"","stick-header-meta":"","header-above-stick-meta":"","header-main-stick-meta":"","header-below-stick-meta":"","astra-migrate-meta-layouts":"set","ast-page-background-enabled":"default","ast-page-background-meta":{"desktop":{"background-color":"var(--ast-global-color-4)","background-image":"","background-repeat":"repeat","background-position":"center center","background-size":"auto","background-attachment":"scroll","background-type":"","background-media":"","overlay-type":"","overlay-color":"","overlay-opacity":"","overlay-gradient":""},"tablet":{"background-color":"","background-image":"","background-repeat":"repeat","background-position":"center center","background-size":"auto","background-attachment":"scroll","background-type":"","background-media":"","overlay-type":"","overlay-color":"","overlay-opacity":"","overlay-gradient":""},"mobile":{"background-color":"","background-image":"","background-repeat":"repeat","background-position":"center center","background-size":"auto","background-attachment":"scroll","background-type":"","background-media":"","overlay-type":"","overlay-color":"","overlay-opacity":"","overlay-gradient":""}},"ast-content-background-meta":{"desktop":{"background-color":"var(--ast-global-color-5)","background-image":"","background-repeat":"repeat","background-position":"center center","background-size":"auto","background-attachment":"scroll","background-type":"","background-media":"","overlay-type":"","overlay-color":"","overlay-opacity":"","overlay-gradient":""},"tablet":{"background-color":"var(--ast-global-color-5)","background-image":"","background-repeat":"repeat","background-position":"center center","background-size":"auto","background-attachment":"scroll","background-type":"","background-media":"","overlay-type":"","overlay-color":"","overlay-opacity":"","overlay-gradient":""},"mobile":{"background-color":"var(--ast-global-color-5)","background-image":"","background-repeat":"repeat","background-position":"center center","background-size":"auto","background-attachment":"scroll","background-type":"","background-media":"","overlay-type":"","overlay-color":"","overlay-opacity":"","overlay-gradient":""}}},"product_brand":[],"product_cat":[799,238],"product_tag":[162,1238,2591,840,2686,870,1102,978,817,810,818],"class_list":{"0":"post-2254","1":"product","2":"type-product","3":"status-publish","4":"has-post-thumbnail","6":"product_cat-consommable-plast","7":"product_cat-equipements","8":"product_tag-boite-de-petri","9":"product_tag-f101","10":"product_tag-f149","11":"product_tag-f46","12":"product_tag-f83","13":"product_tag-f86","14":"product_tag-fraplast","15":"product_tag-plastilab","16":"product_tag-plastique","17":"product_tag-ps","18":"product_tag-sterile","19":"product_shipping_class-temperature-ambiante","20":"desktop-align-center","21":"tablet-align-left","22":"mobile-align-left","24":"first","25":"instock","26":"taxable","27":"shipping-taxable","28":"purchasable","29":"product-type-variable"},"yoast_head":"<!-- This site is optimized with the Yoast SEO plugin v27.5 - https:\/\/yoast.com\/product\/yoast-seo-wordpress\/ -->\n<title>Boite de P\u00e9tri St\u00e9rile en Plastique - La Boutique en ligne<\/title>\n<meta name=\"description\" content=\"La Boite de P\u00e9tri St\u00e9rile en Plastique est indispensable en microbiologie. Nous vous la proposons \u00e0 un prix concurrentiel chez Microbiotech !\" \/>\n<meta name=\"robots\" content=\"index, follow, max-snippet:-1, max-image-preview:large, max-video-preview:-1\" \/>\n<link rel=\"canonical\" href=\"https:\/\/store.microbiotech.dz\/index.php\/produit\/boite-de-petri-sterile-en-plastique\/\" \/>\n<meta property=\"og:locale\" content=\"fr_FR\" \/>\n<meta property=\"og:type\" content=\"article\" \/>\n<meta property=\"og:title\" content=\"Boite de P\u00e9tri St\u00e9rile en Plastique - La Boutique en ligne\" \/>\n<meta property=\"og:description\" content=\"La Boite de P\u00e9tri St\u00e9rile en Plastique est indispensable en microbiologie. Nous vous la proposons \u00e0 un prix concurrentiel chez Microbiotech !\" \/>\n<meta property=\"og:url\" content=\"https:\/\/store.microbiotech.dz\/index.php\/produit\/boite-de-petri-sterile-en-plastique\/\" \/>\n<meta property=\"og:site_name\" content=\"La Boutique en ligne\" \/>\n<meta property=\"article:publisher\" content=\"https:\/\/www.facebook.com\/MicroBiotech.dz\" \/>\n<meta property=\"article:modified_time\" content=\"2025-05-25T09:32:10+00:00\" \/>\n<meta property=\"og:image\" content=\"https:\/\/store.microbiotech.dz\/wp-content\/uploads\/2022\/07\/boite-de-petri-90mm-PS-e1656869983381.webp\" \/>\n\t<meta property=\"og:image:width\" content=\"300\" \/>\n\t<meta property=\"og:image:height\" content=\"300\" \/>\n\t<meta property=\"og:image:type\" content=\"image\/webp\" \/>\n<meta name=\"twitter:card\" content=\"summary_large_image\" \/>\n<meta name=\"twitter:site\" content=\"@MicrobiotechD\" \/>\n<meta name=\"twitter:label1\" content=\"Dur\u00e9e de lecture estim\u00e9e\" \/>\n\t<meta name=\"twitter:data1\" content=\"1 minute\" \/>\n<script type=\"application\/ld+json\" class=\"yoast-schema-graph\">{\"@context\":\"https:\\\/\\\/schema.org\",\"@graph\":[{\"@type\":\"WebPage\",\"@id\":\"https:\\\/\\\/store.microbiotech.dz\\\/index.php\\\/produit\\\/boite-de-petri-sterile-en-plastique\\\/\",\"url\":\"https:\\\/\\\/store.microbiotech.dz\\\/index.php\\\/produit\\\/boite-de-petri-sterile-en-plastique\\\/\",\"name\":\"Boite de P\u00e9tri St\u00e9rile en Plastique - La Boutique en ligne\",\"isPartOf\":{\"@id\":\"https:\\\/\\\/store.microbiotech.dz\\\/#website\"},\"primaryImageOfPage\":{\"@id\":\"https:\\\/\\\/store.microbiotech.dz\\\/index.php\\\/produit\\\/boite-de-petri-sterile-en-plastique\\\/#primaryimage\"},\"image\":{\"@id\":\"https:\\\/\\\/store.microbiotech.dz\\\/index.php\\\/produit\\\/boite-de-petri-sterile-en-plastique\\\/#primaryimage\"},\"thumbnailUrl\":\"https:\\\/\\\/store.microbiotech.dz\\\/wp-content\\\/uploads\\\/2022\\\/07\\\/boite-de-petri-90mm-PS-e1656869983381.webp\",\"datePublished\":\"2022-07-03T18:31:30+00:00\",\"dateModified\":\"2025-05-25T09:32:10+00:00\",\"description\":\"La Boite de P\u00e9tri St\u00e9rile en Plastique est indispensable en microbiologie. Nous vous la proposons \u00e0 un prix concurrentiel chez Microbiotech !\",\"breadcrumb\":{\"@id\":\"https:\\\/\\\/store.microbiotech.dz\\\/index.php\\\/produit\\\/boite-de-petri-sterile-en-plastique\\\/#breadcrumb\"},\"inLanguage\":\"fr-FR\",\"potentialAction\":[{\"@type\":\"ReadAction\",\"target\":[\"https:\\\/\\\/store.microbiotech.dz\\\/index.php\\\/produit\\\/boite-de-petri-sterile-en-plastique\\\/\"]}]},{\"@type\":\"ImageObject\",\"inLanguage\":\"fr-FR\",\"@id\":\"https:\\\/\\\/store.microbiotech.dz\\\/index.php\\\/produit\\\/boite-de-petri-sterile-en-plastique\\\/#primaryimage\",\"url\":\"https:\\\/\\\/store.microbiotech.dz\\\/wp-content\\\/uploads\\\/2022\\\/07\\\/boite-de-petri-90mm-PS-e1656869983381.webp\",\"contentUrl\":\"https:\\\/\\\/store.microbiotech.dz\\\/wp-content\\\/uploads\\\/2022\\\/07\\\/boite-de-petri-90mm-PS-e1656869983381.webp\",\"width\":300,\"height\":300,\"caption\":\"Boite de P\u00e9tri St\u00e9rile en Plastique\"},{\"@type\":\"BreadcrumbList\",\"@id\":\"https:\\\/\\\/store.microbiotech.dz\\\/index.php\\\/produit\\\/boite-de-petri-sterile-en-plastique\\\/#breadcrumb\",\"itemListElement\":[{\"@type\":\"ListItem\",\"position\":1,\"name\":\"Accueil\",\"item\":\"https:\\\/\\\/store.microbiotech.dz\\\/\"},{\"@type\":\"ListItem\",\"position\":2,\"name\":\"Nos Produits\",\"item\":\"https:\\\/\\\/store.microbiotech.dz\\\/index.php\\\/nos-produits\\\/\"},{\"@type\":\"ListItem\",\"position\":3,\"name\":\"Boite de P\u00e9tri St\u00e9rile en Plastique\"}]},{\"@type\":\"WebSite\",\"@id\":\"https:\\\/\\\/store.microbiotech.dz\\\/#website\",\"url\":\"https:\\\/\\\/store.microbiotech.dz\\\/\",\"name\":\"La Boutique en ligne\",\"description\":\"Qualit\u00e9 - Rapidit\u00e9 - Tranquillit\u00e9\",\"publisher\":{\"@id\":\"https:\\\/\\\/store.microbiotech.dz\\\/#organization\"},\"potentialAction\":[{\"@type\":\"SearchAction\",\"target\":{\"@type\":\"EntryPoint\",\"urlTemplate\":\"https:\\\/\\\/store.microbiotech.dz\\\/?s={search_term_string}\"},\"query-input\":{\"@type\":\"PropertyValueSpecification\",\"valueRequired\":true,\"valueName\":\"search_term_string\"}}],\"inLanguage\":\"fr-FR\"},{\"@type\":\"Organization\",\"@id\":\"https:\\\/\\\/store.microbiotech.dz\\\/#organization\",\"name\":\"Microbiotech EURL\",\"url\":\"https:\\\/\\\/store.microbiotech.dz\\\/\",\"logo\":{\"@type\":\"ImageObject\",\"inLanguage\":\"fr-FR\",\"@id\":\"https:\\\/\\\/store.microbiotech.dz\\\/#\\\/schema\\\/logo\\\/image\\\/\",\"url\":\"https:\\\/\\\/store.microbiotech.dz\\\/wp-content\\\/uploads\\\/2021\\\/09\\\/cropped-logo-microbiotech-2.jpg\",\"contentUrl\":\"https:\\\/\\\/store.microbiotech.dz\\\/wp-content\\\/uploads\\\/2021\\\/09\\\/cropped-logo-microbiotech-2.jpg\",\"width\":815,\"height\":586,\"caption\":\"Microbiotech EURL\"},\"image\":{\"@id\":\"https:\\\/\\\/store.microbiotech.dz\\\/#\\\/schema\\\/logo\\\/image\\\/\"},\"sameAs\":[\"https:\\\/\\\/www.facebook.com\\\/MicroBiotech.dz\",\"https:\\\/\\\/x.com\\\/MicrobiotechD\",\"https:\\\/\\\/www.linkedin.com\\\/in\\\/microbiotech\\\/\",\"https:\\\/\\\/www.youtube.com\\\/channel\\\/UCTxc3VIiX7LXD2LQYfZEcDg\"]}]}<\/script>\n<!-- \/ Yoast SEO plugin. -->","yoast_head_json":{"title":"Boite de P\u00e9tri St\u00e9rile en Plastique - La Boutique en ligne","description":"La Boite de P\u00e9tri St\u00e9rile en Plastique est indispensable en microbiologie. Nous vous la proposons \u00e0 un prix concurrentiel chez Microbiotech !","robots":{"index":"index","follow":"follow","max-snippet":"max-snippet:-1","max-image-preview":"max-image-preview:large","max-video-preview":"max-video-preview:-1"},"canonical":"https:\/\/store.microbiotech.dz\/index.php\/produit\/boite-de-petri-sterile-en-plastique\/","og_locale":"fr_FR","og_type":"article","og_title":"Boite de P\u00e9tri St\u00e9rile en Plastique - La Boutique en ligne","og_description":"La Boite de P\u00e9tri St\u00e9rile en Plastique est indispensable en microbiologie. Nous vous la proposons \u00e0 un prix concurrentiel chez Microbiotech !","og_url":"https:\/\/store.microbiotech.dz\/index.php\/produit\/boite-de-petri-sterile-en-plastique\/","og_site_name":"La Boutique en ligne","article_publisher":"https:\/\/www.facebook.com\/MicroBiotech.dz","article_modified_time":"2025-05-25T09:32:10+00:00","og_image":[{"width":300,"height":300,"url":"https:\/\/store.microbiotech.dz\/wp-content\/uploads\/2022\/07\/boite-de-petri-90mm-PS-e1656869983381.webp","type":"image\/webp"}],"twitter_card":"summary_large_image","twitter_site":"@MicrobiotechD","twitter_misc":{"Dur\u00e9e de lecture estim\u00e9e":"1 minute"},"schema":{"@context":"https:\/\/schema.org","@graph":[{"@type":"WebPage","@id":"https:\/\/store.microbiotech.dz\/index.php\/produit\/boite-de-petri-sterile-en-plastique\/","url":"https:\/\/store.microbiotech.dz\/index.php\/produit\/boite-de-petri-sterile-en-plastique\/","name":"Boite de P\u00e9tri St\u00e9rile en Plastique - La Boutique en ligne","isPartOf":{"@id":"https:\/\/store.microbiotech.dz\/#website"},"primaryImageOfPage":{"@id":"https:\/\/store.microbiotech.dz\/index.php\/produit\/boite-de-petri-sterile-en-plastique\/#primaryimage"},"image":{"@id":"https:\/\/store.microbiotech.dz\/index.php\/produit\/boite-de-petri-sterile-en-plastique\/#primaryimage"},"thumbnailUrl":"https:\/\/store.microbiotech.dz\/wp-content\/uploads\/2022\/07\/boite-de-petri-90mm-PS-e1656869983381.webp","datePublished":"2022-07-03T18:31:30+00:00","dateModified":"2025-05-25T09:32:10+00:00","description":"La Boite de P\u00e9tri St\u00e9rile en Plastique est indispensable en microbiologie. Nous vous la proposons \u00e0 un prix concurrentiel chez Microbiotech !","breadcrumb":{"@id":"https:\/\/store.microbiotech.dz\/index.php\/produit\/boite-de-petri-sterile-en-plastique\/#breadcrumb"},"inLanguage":"fr-FR","potentialAction":[{"@type":"ReadAction","target":["https:\/\/store.microbiotech.dz\/index.php\/produit\/boite-de-petri-sterile-en-plastique\/"]}]},{"@type":"ImageObject","inLanguage":"fr-FR","@id":"https:\/\/store.microbiotech.dz\/index.php\/produit\/boite-de-petri-sterile-en-plastique\/#primaryimage","url":"https:\/\/store.microbiotech.dz\/wp-content\/uploads\/2022\/07\/boite-de-petri-90mm-PS-e1656869983381.webp","contentUrl":"https:\/\/store.microbiotech.dz\/wp-content\/uploads\/2022\/07\/boite-de-petri-90mm-PS-e1656869983381.webp","width":300,"height":300,"caption":"Boite de P\u00e9tri St\u00e9rile en Plastique"},{"@type":"BreadcrumbList","@id":"https:\/\/store.microbiotech.dz\/index.php\/produit\/boite-de-petri-sterile-en-plastique\/#breadcrumb","itemListElement":[{"@type":"ListItem","position":1,"name":"Accueil","item":"https:\/\/store.microbiotech.dz\/"},{"@type":"ListItem","position":2,"name":"Nos Produits","item":"https:\/\/store.microbiotech.dz\/index.php\/nos-produits\/"},{"@type":"ListItem","position":3,"name":"Boite de P\u00e9tri St\u00e9rile en Plastique"}]},{"@type":"WebSite","@id":"https:\/\/store.microbiotech.dz\/#website","url":"https:\/\/store.microbiotech.dz\/","name":"La Boutique en ligne","description":"Qualit\u00e9 - Rapidit\u00e9 - Tranquillit\u00e9","publisher":{"@id":"https:\/\/store.microbiotech.dz\/#organization"},"potentialAction":[{"@type":"SearchAction","target":{"@type":"EntryPoint","urlTemplate":"https:\/\/store.microbiotech.dz\/?s={search_term_string}"},"query-input":{"@type":"PropertyValueSpecification","valueRequired":true,"valueName":"search_term_string"}}],"inLanguage":"fr-FR"},{"@type":"Organization","@id":"https:\/\/store.microbiotech.dz\/#organization","name":"Microbiotech EURL","url":"https:\/\/store.microbiotech.dz\/","logo":{"@type":"ImageObject","inLanguage":"fr-FR","@id":"https:\/\/store.microbiotech.dz\/#\/schema\/logo\/image\/","url":"https:\/\/store.microbiotech.dz\/wp-content\/uploads\/2021\/09\/cropped-logo-microbiotech-2.jpg","contentUrl":"https:\/\/store.microbiotech.dz\/wp-content\/uploads\/2021\/09\/cropped-logo-microbiotech-2.jpg","width":815,"height":586,"caption":"Microbiotech EURL"},"image":{"@id":"https:\/\/store.microbiotech.dz\/#\/schema\/logo\/image\/"},"sameAs":["https:\/\/www.facebook.com\/MicroBiotech.dz","https:\/\/x.com\/MicrobiotechD","https:\/\/www.linkedin.com\/in\/microbiotech\/","https:\/\/www.youtube.com\/channel\/UCTxc3VIiX7LXD2LQYfZEcDg"]}]}},"jetpack_sharing_enabled":true,"_links":{"self":[{"href":"https:\/\/store.microbiotech.dz\/index.php\/wp-json\/wp\/v2\/product\/2254","targetHints":{"allow":["GET"]}}],"collection":[{"href":"https:\/\/store.microbiotech.dz\/index.php\/wp-json\/wp\/v2\/product"}],"about":[{"href":"https:\/\/store.microbiotech.dz\/index.php\/wp-json\/wp\/v2\/types\/product"}],"replies":[{"embeddable":true,"href":"https:\/\/store.microbiotech.dz\/index.php\/wp-json\/wp\/v2\/comments?post=2254"}],"wp:featuredmedia":[{"embeddable":true,"href":"https:\/\/store.microbiotech.dz\/index.php\/wp-json\/wp\/v2\/media\/2253"}],"wp:attachment":[{"href":"https:\/\/store.microbiotech.dz\/index.php\/wp-json\/wp\/v2\/media?parent=2254"}],"wp:term":[{"taxonomy":"product_brand","embeddable":true,"href":"https:\/\/store.microbiotech.dz\/index.php\/wp-json\/wp\/v2\/product_brand?post=2254"},{"taxonomy":"product_cat","embeddable":true,"href":"https:\/\/store.microbiotech.dz\/index.php\/wp-json\/wp\/v2\/product_cat?post=2254"},{"taxonomy":"product_tag","embeddable":true,"href":"https:\/\/store.microbiotech.dz\/index.php\/wp-json\/wp\/v2\/product_tag?post=2254"}],"curies":[{"name":"wp","href":"https:\/\/api.w.org\/{rel}","templated":true}]}}