{"id":2233,"date":"2022-07-03T13:48:42","date_gmt":"2022-07-03T12:48:42","guid":{"rendered":"https:\/\/store.microbiotech.dz\/?post_type=product&#038;p=2233"},"modified":"2023-05-31T10:09:02","modified_gmt":"2023-05-31T09:09:02","slug":"bouillon-ceur-cervelle-500g-biokar","status":"publish","type":"product","link":"https:\/\/store.microbiotech.dz\/index.php\/produit\/bouillon-ceur-cervelle-500g-biokar\/","title":{"rendered":"Bouillon Coeur Cervelle 500G BIOKAR"},"content":{"rendered":"<p>Le <a href=\"https:\/\/store.microbiotech.dz\/index.php\/categorie-produit\/milieux-de-cultures\/bouillons\/\" target=\"_blank\" rel=\"noopener\">Bouillon<\/a> Coeur Cervelle 500G <a href=\"https:\/\/www.solabia.com\/fr\/Divisao_9\/BIOKAR-Diagnostics.html\" target=\"_blank\" rel=\"noopener\">BIOKAR<\/a>, est un milieu nutritif tamponn\u00e9, utilis\u00e9 pour la culture d\u2019une tr\u00e8s grande vari\u00e9t\u00e9 de microorganismes a\u00e9robies ou ana\u00e9robies, incluant levures et moisissures. Il convient aussi pour la mise en \u00e9vidence de la staphylo-coagulase.<\/p>\n","protected":false},"excerpt":{"rendered":"<p>Marque:\u00a0<strong>BIOKAR\u00a0<img loading=\"lazy\" decoding=\"async\" class=\"alignnone wp-image-1676\" src=\"https:\/\/store.microbiotech.dz\/wp-content\/uploads\/2022\/04\/s-l300.jpg\" alt=\"\" width=\"31\" height=\"31\" srcset=\"https:\/\/store.microbiotech.dz\/wp-content\/uploads\/2022\/04\/s-l300.jpg 300w, https:\/\/store.microbiotech.dz\/wp-content\/uploads\/2022\/04\/s-l300-150x150.jpg 150w, https:\/\/store.microbiotech.dz\/wp-content\/uploads\/2022\/04\/s-l300-100x100.jpg 100w\" sizes=\"auto, (max-width: 31px) 100vw, 31px\" \/><\/strong><\/p>\n<p>Date de p\u00e9remption: <strong>05-07-2026<\/strong><\/p>\n<p><strong><a href=\"https:\/\/www.solabia.com\/Download\/Produto\/Arquivo\/58d4d1e7b1e97b258c9ed0b37e02d087\">Fiche Technique \u00a0 \u00a0<\/a><\/strong><img loading=\"lazy\" decoding=\"async\" class=\"wp-image-1677 alignnone\" src=\"https:\/\/store.microbiotech.dz\/wp-content\/uploads\/2022\/04\/telechargement-1.jpg\" alt=\"\" width=\"83\" height=\"50\" \/><\/p>\n","protected":false},"featured_media":1736,"comment_status":"open","ping_status":"closed","template":"","meta":{"site-sidebar-layout":"default","site-content-layout":"default","ast-site-content-layout":"default","site-content-style":"default","site-sidebar-style":"default","ast-global-header-display":"","ast-banner-title-visibility":"","ast-main-header-display":"","ast-hfb-above-header-display":"","ast-hfb-below-header-display":"","ast-hfb-mobile-header-display":"","site-post-title":"","ast-breadcrumbs-content":"","ast-featured-img":"","footer-sml-layout":"","ast-disable-related-posts":"","theme-transparent-header-meta":"default","adv-header-id-meta":"","stick-header-meta":"","header-above-stick-meta":"","header-main-stick-meta":"","header-below-stick-meta":"","astra-migrate-meta-layouts":"default","ast-page-background-enabled":"default","ast-page-background-meta":{"desktop":{"background-color":"var(--ast-global-color-4)","background-image":"","background-repeat":"repeat","background-position":"center center","background-size":"auto","background-attachment":"scroll","background-type":"","background-media":"","overlay-type":"","overlay-color":"","overlay-opacity":"","overlay-gradient":""},"tablet":{"background-color":"","background-image":"","background-repeat":"repeat","background-position":"center center","background-size":"auto","background-attachment":"scroll","background-type":"","background-media":"","overlay-type":"","overlay-color":"","overlay-opacity":"","overlay-gradient":""},"mobile":{"background-color":"","background-image":"","background-repeat":"repeat","background-position":"center center","background-size":"auto","background-attachment":"scroll","background-type":"","background-media":"","overlay-type":"","overlay-color":"","overlay-opacity":"","overlay-gradient":""}},"ast-content-background-meta":{"desktop":{"background-color":"var(--ast-global-color-5)","background-image":"","background-repeat":"repeat","background-position":"center center","background-size":"auto","background-attachment":"scroll","background-type":"","background-media":"","overlay-type":"","overlay-color":"","overlay-opacity":"","overlay-gradient":""},"tablet":{"background-color":"var(--ast-global-color-5)","background-image":"","background-repeat":"repeat","background-position":"center center","background-size":"auto","background-attachment":"scroll","background-type":"","background-media":"","overlay-type":"","overlay-color":"","overlay-opacity":"","overlay-gradient":""},"mobile":{"background-color":"var(--ast-global-color-5)","background-image":"","background-repeat":"repeat","background-position":"center center","background-size":"auto","background-attachment":"scroll","background-type":"","background-media":"","overlay-type":"","overlay-color":"","overlay-opacity":"","overlay-gradient":""}},"jetpack_post_was_ever_published":false},"product_brand":[],"product_cat":[29,81,26],"product_tag":[885,599,686,581,696],"class_list":{"0":"post-2233","1":"product","2":"type-product","3":"status-publish","4":"has-post-thumbnail","6":"product_cat-bouillons","7":"product_cat-bouillons-deshydrates","8":"product_cat-milieux-de-cultures","9":"product_tag-885","10":"product_tag-biokar","11":"product_tag-bouillon-coeur-cervelle","12":"product_tag-f06","13":"product_tag-milieux-deshydrates","14":"product_shipping_class-temperature-ambiante","15":"desktop-align-center","16":"tablet-align-left","17":"mobile-align-left","19":"first","20":"outofstock","21":"taxable","22":"shipping-taxable","23":"purchasable","24":"product-type-simple"},"yoast_head":"<!-- This site is optimized with the Yoast SEO plugin v27.4 - https:\/\/yoast.com\/product\/yoast-seo-wordpress\/ -->\n<title>Bouillon Coeur Cervelle 500G BIOKAR - La Boutique en ligne<\/title>\n<meta name=\"description\" content=\"Bouillon Coeur Cervelle 500G BIOKAR, pour la culture des microorganismes a\u00e9robies ou ana\u00e9robies, levures et moisissures. A bon prix chez Microbiotech.\" \/>\n<meta name=\"robots\" content=\"index, follow, max-snippet:-1, max-image-preview:large, max-video-preview:-1\" \/>\n<link rel=\"canonical\" href=\"https:\/\/store.microbiotech.dz\/index.php\/produit\/bouillon-ceur-cervelle-500g-biokar\/\" \/>\n<meta property=\"og:locale\" content=\"fr_FR\" \/>\n<meta property=\"og:type\" content=\"article\" \/>\n<meta property=\"og:title\" content=\"Bouillon Coeur Cervelle 500G BIOKAR - La Boutique en ligne\" \/>\n<meta property=\"og:description\" content=\"Bouillon Coeur Cervelle 500G BIOKAR, pour la culture des microorganismes a\u00e9robies ou ana\u00e9robies, levures et moisissures. A bon prix chez Microbiotech.\" \/>\n<meta property=\"og:url\" content=\"https:\/\/store.microbiotech.dz\/index.php\/produit\/bouillon-ceur-cervelle-500g-biokar\/\" \/>\n<meta property=\"og:site_name\" content=\"La Boutique en ligne\" \/>\n<meta property=\"article:publisher\" content=\"https:\/\/www.facebook.com\/MicroBiotech.dz\" \/>\n<meta property=\"article:modified_time\" content=\"2023-05-31T09:09:02+00:00\" \/>\n<meta property=\"og:image\" content=\"https:\/\/store.microbiotech.dz\/wp-content\/uploads\/2022\/04\/Biokar-bottle..png\" \/>\n\t<meta property=\"og:image:width\" content=\"600\" \/>\n\t<meta property=\"og:image:height\" content=\"600\" \/>\n\t<meta property=\"og:image:type\" content=\"image\/png\" \/>\n<meta name=\"twitter:card\" content=\"summary_large_image\" \/>\n<meta name=\"twitter:site\" content=\"@MicrobiotechD\" \/>\n<meta name=\"twitter:label1\" content=\"Dur\u00e9e de lecture estim\u00e9e\" \/>\n\t<meta name=\"twitter:data1\" content=\"1 minute\" \/>\n<script type=\"application\/ld+json\" class=\"yoast-schema-graph\">{\"@context\":\"https:\\\/\\\/schema.org\",\"@graph\":[{\"@type\":\"WebPage\",\"@id\":\"https:\\\/\\\/store.microbiotech.dz\\\/index.php\\\/produit\\\/bouillon-ceur-cervelle-500g-biokar\\\/\",\"url\":\"https:\\\/\\\/store.microbiotech.dz\\\/index.php\\\/produit\\\/bouillon-ceur-cervelle-500g-biokar\\\/\",\"name\":\"Bouillon Coeur Cervelle 500G BIOKAR - La Boutique en ligne\",\"isPartOf\":{\"@id\":\"https:\\\/\\\/store.microbiotech.dz\\\/#website\"},\"primaryImageOfPage\":{\"@id\":\"https:\\\/\\\/store.microbiotech.dz\\\/index.php\\\/produit\\\/bouillon-ceur-cervelle-500g-biokar\\\/#primaryimage\"},\"image\":{\"@id\":\"https:\\\/\\\/store.microbiotech.dz\\\/index.php\\\/produit\\\/bouillon-ceur-cervelle-500g-biokar\\\/#primaryimage\"},\"thumbnailUrl\":\"https:\\\/\\\/store.microbiotech.dz\\\/wp-content\\\/uploads\\\/2022\\\/04\\\/Biokar-bottle..png\",\"datePublished\":\"2022-07-03T12:48:42+00:00\",\"dateModified\":\"2023-05-31T09:09:02+00:00\",\"description\":\"Bouillon Coeur Cervelle 500G BIOKAR, pour la culture des microorganismes a\u00e9robies ou ana\u00e9robies, levures et moisissures. A bon prix chez Microbiotech.\",\"breadcrumb\":{\"@id\":\"https:\\\/\\\/store.microbiotech.dz\\\/index.php\\\/produit\\\/bouillon-ceur-cervelle-500g-biokar\\\/#breadcrumb\"},\"inLanguage\":\"fr-FR\",\"potentialAction\":[{\"@type\":\"ReadAction\",\"target\":[\"https:\\\/\\\/store.microbiotech.dz\\\/index.php\\\/produit\\\/bouillon-ceur-cervelle-500g-biokar\\\/\"]}]},{\"@type\":\"ImageObject\",\"inLanguage\":\"fr-FR\",\"@id\":\"https:\\\/\\\/store.microbiotech.dz\\\/index.php\\\/produit\\\/bouillon-ceur-cervelle-500g-biokar\\\/#primaryimage\",\"url\":\"https:\\\/\\\/store.microbiotech.dz\\\/wp-content\\\/uploads\\\/2022\\\/04\\\/Biokar-bottle..png\",\"contentUrl\":\"https:\\\/\\\/store.microbiotech.dz\\\/wp-content\\\/uploads\\\/2022\\\/04\\\/Biokar-bottle..png\",\"width\":600,\"height\":600,\"caption\":\"G\u00e9lose Sabouraud 500G BIOKAR\"},{\"@type\":\"BreadcrumbList\",\"@id\":\"https:\\\/\\\/store.microbiotech.dz\\\/index.php\\\/produit\\\/bouillon-ceur-cervelle-500g-biokar\\\/#breadcrumb\",\"itemListElement\":[{\"@type\":\"ListItem\",\"position\":1,\"name\":\"Accueil\",\"item\":\"https:\\\/\\\/store.microbiotech.dz\\\/\"},{\"@type\":\"ListItem\",\"position\":2,\"name\":\"Nos Produits\",\"item\":\"https:\\\/\\\/store.microbiotech.dz\\\/index.php\\\/nos-produits\\\/\"},{\"@type\":\"ListItem\",\"position\":3,\"name\":\"Bouillon Coeur Cervelle 500G BIOKAR\"}]},{\"@type\":\"WebSite\",\"@id\":\"https:\\\/\\\/store.microbiotech.dz\\\/#website\",\"url\":\"https:\\\/\\\/store.microbiotech.dz\\\/\",\"name\":\"La Boutique en ligne\",\"description\":\"Qualit\u00e9 - Rapidit\u00e9 - Tranquillit\u00e9\",\"publisher\":{\"@id\":\"https:\\\/\\\/store.microbiotech.dz\\\/#organization\"},\"potentialAction\":[{\"@type\":\"SearchAction\",\"target\":{\"@type\":\"EntryPoint\",\"urlTemplate\":\"https:\\\/\\\/store.microbiotech.dz\\\/?s={search_term_string}\"},\"query-input\":{\"@type\":\"PropertyValueSpecification\",\"valueRequired\":true,\"valueName\":\"search_term_string\"}}],\"inLanguage\":\"fr-FR\"},{\"@type\":\"Organization\",\"@id\":\"https:\\\/\\\/store.microbiotech.dz\\\/#organization\",\"name\":\"Microbiotech EURL\",\"url\":\"https:\\\/\\\/store.microbiotech.dz\\\/\",\"logo\":{\"@type\":\"ImageObject\",\"inLanguage\":\"fr-FR\",\"@id\":\"https:\\\/\\\/store.microbiotech.dz\\\/#\\\/schema\\\/logo\\\/image\\\/\",\"url\":\"https:\\\/\\\/store.microbiotech.dz\\\/wp-content\\\/uploads\\\/2021\\\/09\\\/cropped-logo-microbiotech-2.jpg\",\"contentUrl\":\"https:\\\/\\\/store.microbiotech.dz\\\/wp-content\\\/uploads\\\/2021\\\/09\\\/cropped-logo-microbiotech-2.jpg\",\"width\":815,\"height\":586,\"caption\":\"Microbiotech EURL\"},\"image\":{\"@id\":\"https:\\\/\\\/store.microbiotech.dz\\\/#\\\/schema\\\/logo\\\/image\\\/\"},\"sameAs\":[\"https:\\\/\\\/www.facebook.com\\\/MicroBiotech.dz\",\"https:\\\/\\\/x.com\\\/MicrobiotechD\",\"https:\\\/\\\/www.linkedin.com\\\/in\\\/microbiotech\\\/\",\"https:\\\/\\\/www.youtube.com\\\/channel\\\/UCTxc3VIiX7LXD2LQYfZEcDg\"]}]}<\/script>\n<!-- \/ Yoast SEO plugin. -->","yoast_head_json":{"title":"Bouillon Coeur Cervelle 500G BIOKAR - La Boutique en ligne","description":"Bouillon Coeur Cervelle 500G BIOKAR, pour la culture des microorganismes a\u00e9robies ou ana\u00e9robies, levures et moisissures. A bon prix chez Microbiotech.","robots":{"index":"index","follow":"follow","max-snippet":"max-snippet:-1","max-image-preview":"max-image-preview:large","max-video-preview":"max-video-preview:-1"},"canonical":"https:\/\/store.microbiotech.dz\/index.php\/produit\/bouillon-ceur-cervelle-500g-biokar\/","og_locale":"fr_FR","og_type":"article","og_title":"Bouillon Coeur Cervelle 500G BIOKAR - La Boutique en ligne","og_description":"Bouillon Coeur Cervelle 500G BIOKAR, pour la culture des microorganismes a\u00e9robies ou ana\u00e9robies, levures et moisissures. A bon prix chez Microbiotech.","og_url":"https:\/\/store.microbiotech.dz\/index.php\/produit\/bouillon-ceur-cervelle-500g-biokar\/","og_site_name":"La Boutique en ligne","article_publisher":"https:\/\/www.facebook.com\/MicroBiotech.dz","article_modified_time":"2023-05-31T09:09:02+00:00","og_image":[{"width":600,"height":600,"url":"https:\/\/store.microbiotech.dz\/wp-content\/uploads\/2022\/04\/Biokar-bottle..png","type":"image\/png"}],"twitter_card":"summary_large_image","twitter_site":"@MicrobiotechD","twitter_misc":{"Dur\u00e9e de lecture estim\u00e9e":"1 minute"},"schema":{"@context":"https:\/\/schema.org","@graph":[{"@type":"WebPage","@id":"https:\/\/store.microbiotech.dz\/index.php\/produit\/bouillon-ceur-cervelle-500g-biokar\/","url":"https:\/\/store.microbiotech.dz\/index.php\/produit\/bouillon-ceur-cervelle-500g-biokar\/","name":"Bouillon Coeur Cervelle 500G BIOKAR - La Boutique en ligne","isPartOf":{"@id":"https:\/\/store.microbiotech.dz\/#website"},"primaryImageOfPage":{"@id":"https:\/\/store.microbiotech.dz\/index.php\/produit\/bouillon-ceur-cervelle-500g-biokar\/#primaryimage"},"image":{"@id":"https:\/\/store.microbiotech.dz\/index.php\/produit\/bouillon-ceur-cervelle-500g-biokar\/#primaryimage"},"thumbnailUrl":"https:\/\/store.microbiotech.dz\/wp-content\/uploads\/2022\/04\/Biokar-bottle..png","datePublished":"2022-07-03T12:48:42+00:00","dateModified":"2023-05-31T09:09:02+00:00","description":"Bouillon Coeur Cervelle 500G BIOKAR, pour la culture des microorganismes a\u00e9robies ou ana\u00e9robies, levures et moisissures. A bon prix chez Microbiotech.","breadcrumb":{"@id":"https:\/\/store.microbiotech.dz\/index.php\/produit\/bouillon-ceur-cervelle-500g-biokar\/#breadcrumb"},"inLanguage":"fr-FR","potentialAction":[{"@type":"ReadAction","target":["https:\/\/store.microbiotech.dz\/index.php\/produit\/bouillon-ceur-cervelle-500g-biokar\/"]}]},{"@type":"ImageObject","inLanguage":"fr-FR","@id":"https:\/\/store.microbiotech.dz\/index.php\/produit\/bouillon-ceur-cervelle-500g-biokar\/#primaryimage","url":"https:\/\/store.microbiotech.dz\/wp-content\/uploads\/2022\/04\/Biokar-bottle..png","contentUrl":"https:\/\/store.microbiotech.dz\/wp-content\/uploads\/2022\/04\/Biokar-bottle..png","width":600,"height":600,"caption":"G\u00e9lose Sabouraud 500G BIOKAR"},{"@type":"BreadcrumbList","@id":"https:\/\/store.microbiotech.dz\/index.php\/produit\/bouillon-ceur-cervelle-500g-biokar\/#breadcrumb","itemListElement":[{"@type":"ListItem","position":1,"name":"Accueil","item":"https:\/\/store.microbiotech.dz\/"},{"@type":"ListItem","position":2,"name":"Nos Produits","item":"https:\/\/store.microbiotech.dz\/index.php\/nos-produits\/"},{"@type":"ListItem","position":3,"name":"Bouillon Coeur Cervelle 500G BIOKAR"}]},{"@type":"WebSite","@id":"https:\/\/store.microbiotech.dz\/#website","url":"https:\/\/store.microbiotech.dz\/","name":"La Boutique en ligne","description":"Qualit\u00e9 - Rapidit\u00e9 - Tranquillit\u00e9","publisher":{"@id":"https:\/\/store.microbiotech.dz\/#organization"},"potentialAction":[{"@type":"SearchAction","target":{"@type":"EntryPoint","urlTemplate":"https:\/\/store.microbiotech.dz\/?s={search_term_string}"},"query-input":{"@type":"PropertyValueSpecification","valueRequired":true,"valueName":"search_term_string"}}],"inLanguage":"fr-FR"},{"@type":"Organization","@id":"https:\/\/store.microbiotech.dz\/#organization","name":"Microbiotech EURL","url":"https:\/\/store.microbiotech.dz\/","logo":{"@type":"ImageObject","inLanguage":"fr-FR","@id":"https:\/\/store.microbiotech.dz\/#\/schema\/logo\/image\/","url":"https:\/\/store.microbiotech.dz\/wp-content\/uploads\/2021\/09\/cropped-logo-microbiotech-2.jpg","contentUrl":"https:\/\/store.microbiotech.dz\/wp-content\/uploads\/2021\/09\/cropped-logo-microbiotech-2.jpg","width":815,"height":586,"caption":"Microbiotech EURL"},"image":{"@id":"https:\/\/store.microbiotech.dz\/#\/schema\/logo\/image\/"},"sameAs":["https:\/\/www.facebook.com\/MicroBiotech.dz","https:\/\/x.com\/MicrobiotechD","https:\/\/www.linkedin.com\/in\/microbiotech\/","https:\/\/www.youtube.com\/channel\/UCTxc3VIiX7LXD2LQYfZEcDg"]}]}},"jetpack_sharing_enabled":true,"_links":{"self":[{"href":"https:\/\/store.microbiotech.dz\/index.php\/wp-json\/wp\/v2\/product\/2233","targetHints":{"allow":["GET"]}}],"collection":[{"href":"https:\/\/store.microbiotech.dz\/index.php\/wp-json\/wp\/v2\/product"}],"about":[{"href":"https:\/\/store.microbiotech.dz\/index.php\/wp-json\/wp\/v2\/types\/product"}],"replies":[{"embeddable":true,"href":"https:\/\/store.microbiotech.dz\/index.php\/wp-json\/wp\/v2\/comments?post=2233"}],"wp:featuredmedia":[{"embeddable":true,"href":"https:\/\/store.microbiotech.dz\/index.php\/wp-json\/wp\/v2\/media\/1736"}],"wp:attachment":[{"href":"https:\/\/store.microbiotech.dz\/index.php\/wp-json\/wp\/v2\/media?parent=2233"}],"wp:term":[{"taxonomy":"product_brand","embeddable":true,"href":"https:\/\/store.microbiotech.dz\/index.php\/wp-json\/wp\/v2\/product_brand?post=2233"},{"taxonomy":"product_cat","embeddable":true,"href":"https:\/\/store.microbiotech.dz\/index.php\/wp-json\/wp\/v2\/product_cat?post=2233"},{"taxonomy":"product_tag","embeddable":true,"href":"https:\/\/store.microbiotech.dz\/index.php\/wp-json\/wp\/v2\/product_tag?post=2233"}],"curies":[{"name":"wp","href":"https:\/\/api.w.org\/{rel}","templated":true}]}}