{"id":21344,"date":"2026-05-12T13:28:35","date_gmt":"2026-05-12T12:28:35","guid":{"rendered":"https:\/\/store.microbiotech.dz\/?post_type=product&#038;p=21344"},"modified":"2026-05-12T13:28:35","modified_gmt":"2026-05-12T12:28:35","slug":"conductimetre-de-paillasse-milwaukee","status":"publish","type":"product","link":"https:\/\/store.microbiotech.dz\/index.php\/produit\/conductimetre-de-paillasse-milwaukee\/","title":{"rendered":"Conductim\u00e8tre de paillasse MILWAUKEE"},"content":{"rendered":"<p data-start=\"0\" data-end=\"374\">Le Conductim\u00e8tre de <a href=\"https:\/\/fr.wikipedia.org\/wiki\/Paillasse_(laboratoire)\">paillasse<\/a> MW170 de <a href=\"https:\/\/store.microbiotech.dz\/?s=Milwaukee\">Milwaukee<\/a> offre des mesures rapides et pr\u00e9cises pour la conductivit\u00e9 (EC), le TDS, la <a href=\"https:\/\/fr.wikipedia.org\/wiki\/Salinit%C3%A9\">salinit\u00e9<\/a> et la temp\u00e9rature. Son \u00e9cran LCD clair facilite la lecture des r\u00e9sultats en laboratoire, en industrie, en aquaculture ou pour le traitement de l\u2019eau.<\/p>\n<p data-start=\"376\" data-end=\"671\">Ce conductim\u00e8tre de paillasse Milwaukee compact int\u00e8gre une sonde professionnelle 4 anneaux en acier inoxydable avec compensation automatique de temp\u00e9rature pour garantir des mesures fiables. Il enregistre jusqu\u2019\u00e0 1000 donn\u00e9es, exporte les r\u00e9sultats via USB et propose plusieurs modes de calibration pour un contr\u00f4le optimal.<\/p>\n<p data-start=\"673\" data-end=\"916\" data-is-last-node=\"\" data-is-only-node=\"\">Il convient parfaitement aux professionnels qui recherchent un appareil pr\u00e9cis, robuste et simple \u00e0 utiliser au quotidien. Il fonctionne sur batterie rechargeable et inclut tous les accessoires essentiels pour d\u00e9marrer imm\u00e9diatement.<\/p>\n","protected":false},"excerpt":{"rendered":"<p>&nbsp;<\/p>\n<p>Marque:\u00a0<strong>Milwaukee <\/strong><strong><img loading=\"lazy\" decoding=\"async\" class=\"wp-image-1507 alignnone lazyloaded\" src=\"https:\/\/store.microbiotech.dz\/wp-content\/uploads\/2022\/02\/Sans-titre-1.png\" alt=\"\" width=\"29\" height=\"27\" data-src=\"https:\/\/store.microbiotech.dz\/wp-content\/uploads\/2022\/02\/Sans-titre-1.png\" \/><\/strong><br \/>\nMesures : <strong>EC \/ TDS \/ Salinit\u00e9 \/ Temp\u00e9rature<\/strong><br data-start=\"126\" data-end=\"129\" \/>Plage EC : <strong>0-200.0 mS\/cm<\/strong><br data-start=\"164\" data-end=\"167\" \/>Plage temp\u00e9rature : <strong>-20 \u00e0 120 \u00b0C<\/strong><br data-start=\"199\" data-end=\"202\" \/>Pr\u00e9cision : <strong>\u00b11 % de la lecture<\/strong><br data-start=\"232\" data-end=\"235\" \/>R\u00e9solution : <strong>jusqu\u2019\u00e0 0.01 \u00b5S\/cm<\/strong><br \/>\nCompensation de temp\u00e9rature : <strong>Automatique (ATC), manuelle (MTC) ou sans compensation<\/strong><br data-start=\"354\" data-end=\"357\" \/>M\u00e9moire : <strong>Jusqu\u2019\u00e0 1000 enregistrements<\/strong><br data-start=\"395\" data-end=\"398\" \/>Connectivit\u00e9 : <strong>USB pour export des donn\u00e9es<\/strong><br data-start=\"440\" data-end=\"443\" \/>Autonomie : <strong>Jusqu\u2019\u00e0 8 heures<\/strong><br data-start=\"471\" data-end=\"474\" \/>T\u00e9l\u00e9chargement: <a href=\"https:\/\/store.microbiotech.dz\/wp-content\/uploads\/2026\/05\/mw170.pdf\">Conductim\u00e8tre mw170<\/a><\/p>\n","protected":false},"featured_media":21345,"comment_status":"open","ping_status":"closed","template":"","meta":{"site-sidebar-layout":"default","site-content-layout":"","ast-site-content-layout":"default","site-content-style":"default","site-sidebar-style":"default","ast-global-header-display":"","ast-banner-title-visibility":"","ast-main-header-display":"","ast-hfb-above-header-display":"","ast-hfb-below-header-display":"","ast-hfb-mobile-header-display":"","site-post-title":"","ast-breadcrumbs-content":"","ast-featured-img":"","footer-sml-layout":"","ast-disable-related-posts":"","theme-transparent-header-meta":"default","adv-header-id-meta":"","stick-header-meta":"","header-above-stick-meta":"","header-main-stick-meta":"","header-below-stick-meta":"","astra-migrate-meta-layouts":"set","ast-page-background-enabled":"default","ast-page-background-meta":{"desktop":{"background-color":"var(--ast-global-color-4)","background-image":"","background-repeat":"repeat","background-position":"center center","background-size":"auto","background-attachment":"scroll","background-type":"","background-media":"","overlay-type":"","overlay-color":"","overlay-opacity":"","overlay-gradient":""},"tablet":{"background-color":"","background-image":"","background-repeat":"repeat","background-position":"center center","background-size":"auto","background-attachment":"scroll","background-type":"","background-media":"","overlay-type":"","overlay-color":"","overlay-opacity":"","overlay-gradient":""},"mobile":{"background-color":"","background-image":"","background-repeat":"repeat","background-position":"center center","background-size":"auto","background-attachment":"scroll","background-type":"","background-media":"","overlay-type":"","overlay-color":"","overlay-opacity":"","overlay-gradient":""}},"ast-content-background-meta":{"desktop":{"background-color":"var(--ast-global-color-5)","background-image":"","background-repeat":"repeat","background-position":"center center","background-size":"auto","background-attachment":"scroll","background-type":"","background-media":"","overlay-type":"","overlay-color":"","overlay-opacity":"","overlay-gradient":""},"tablet":{"background-color":"var(--ast-global-color-5)","background-image":"","background-repeat":"repeat","background-position":"center center","background-size":"auto","background-attachment":"scroll","background-type":"","background-media":"","overlay-type":"","overlay-color":"","overlay-opacity":"","overlay-gradient":""},"mobile":{"background-color":"var(--ast-global-color-5)","background-image":"","background-repeat":"repeat","background-position":"center center","background-size":"auto","background-attachment":"scroll","background-type":"","background-media":"","overlay-type":"","overlay-color":"","overlay-opacity":"","overlay-gradient":""}}},"product_brand":[],"product_cat":[238],"product_tag":[1106,1107,549,550,1748],"class_list":{"0":"post-21344","1":"product","2":"type-product","3":"status-publish","4":"has-post-thumbnail","6":"product_cat-equipements","7":"product_tag-conductimetre","8":"product_tag-conductivite","9":"product_tag-f21","10":"product_tag-milwaukee","11":"product_tag-paillasse","12":"desktop-align-center","13":"tablet-align-left","14":"mobile-align-left","16":"first","17":"instock","18":"taxable","19":"shipping-taxable","20":"purchasable","21":"product-type-simple"},"yoast_head":"<!-- This site is optimized with the Yoast SEO plugin v27.6 - https:\/\/yoast.com\/product\/yoast-seo-wordpress\/ -->\n<title>Conductim\u00e8tre de paillasse MILWAUKEE - La Boutique en ligne<\/title>\n<meta name=\"description\" content=\"Boostez la pr\u00e9cision de vos analyses avec le conductim\u00e8tre de paillasse Milwaukee ! Performance professionnelle et utilisation simple au quotidien !\" \/>\n<meta name=\"robots\" content=\"index, follow, max-snippet:-1, max-image-preview:large, max-video-preview:-1\" \/>\n<link rel=\"canonical\" href=\"https:\/\/store.microbiotech.dz\/index.php\/produit\/conductimetre-de-paillasse-milwaukee\/\" \/>\n<meta property=\"og:locale\" content=\"fr_FR\" \/>\n<meta property=\"og:type\" content=\"article\" \/>\n<meta property=\"og:title\" content=\"Conductim\u00e8tre de paillasse MILWAUKEE - La Boutique en ligne\" \/>\n<meta property=\"og:description\" content=\"Boostez la pr\u00e9cision de vos analyses avec le conductim\u00e8tre de paillasse Milwaukee ! Performance professionnelle et utilisation simple au quotidien !\" \/>\n<meta property=\"og:url\" content=\"https:\/\/store.microbiotech.dz\/index.php\/produit\/conductimetre-de-paillasse-milwaukee\/\" \/>\n<meta property=\"og:site_name\" content=\"La Boutique en ligne\" \/>\n<meta property=\"article:publisher\" content=\"https:\/\/www.facebook.com\/MicroBiotech.dz\" \/>\n<meta property=\"og:image\" content=\"https:\/\/store.microbiotech.dz\/wp-content\/uploads\/2026\/05\/ceci-nest-pas-une-image-reelle-4.webp\" \/>\n\t<meta property=\"og:image:width\" content=\"600\" \/>\n\t<meta property=\"og:image:height\" content=\"600\" \/>\n\t<meta property=\"og:image:type\" content=\"image\/webp\" \/>\n<meta name=\"twitter:card\" content=\"summary_large_image\" \/>\n<meta name=\"twitter:site\" content=\"@MicrobiotechD\" \/>\n<meta name=\"twitter:label1\" content=\"Dur\u00e9e de lecture estim\u00e9e\" \/>\n\t<meta name=\"twitter:data1\" content=\"1 minute\" \/>\n<script type=\"application\/ld+json\" class=\"yoast-schema-graph\">{\"@context\":\"https:\\\/\\\/schema.org\",\"@graph\":[{\"@type\":\"WebPage\",\"@id\":\"https:\\\/\\\/store.microbiotech.dz\\\/index.php\\\/produit\\\/conductimetre-de-paillasse-milwaukee\\\/\",\"url\":\"https:\\\/\\\/store.microbiotech.dz\\\/index.php\\\/produit\\\/conductimetre-de-paillasse-milwaukee\\\/\",\"name\":\"Conductim\u00e8tre de paillasse MILWAUKEE - La Boutique en ligne\",\"isPartOf\":{\"@id\":\"https:\\\/\\\/store.microbiotech.dz\\\/#website\"},\"primaryImageOfPage\":{\"@id\":\"https:\\\/\\\/store.microbiotech.dz\\\/index.php\\\/produit\\\/conductimetre-de-paillasse-milwaukee\\\/#primaryimage\"},\"image\":{\"@id\":\"https:\\\/\\\/store.microbiotech.dz\\\/index.php\\\/produit\\\/conductimetre-de-paillasse-milwaukee\\\/#primaryimage\"},\"thumbnailUrl\":\"https:\\\/\\\/store.microbiotech.dz\\\/wp-content\\\/uploads\\\/2026\\\/05\\\/ceci-nest-pas-une-image-reelle-4.webp\",\"datePublished\":\"2026-05-12T12:28:35+00:00\",\"description\":\"Boostez la pr\u00e9cision de vos analyses avec le conductim\u00e8tre de paillasse Milwaukee ! Performance professionnelle et utilisation simple au quotidien !\",\"breadcrumb\":{\"@id\":\"https:\\\/\\\/store.microbiotech.dz\\\/index.php\\\/produit\\\/conductimetre-de-paillasse-milwaukee\\\/#breadcrumb\"},\"inLanguage\":\"fr-FR\",\"potentialAction\":[{\"@type\":\"ReadAction\",\"target\":[\"https:\\\/\\\/store.microbiotech.dz\\\/index.php\\\/produit\\\/conductimetre-de-paillasse-milwaukee\\\/\"]}]},{\"@type\":\"ImageObject\",\"inLanguage\":\"fr-FR\",\"@id\":\"https:\\\/\\\/store.microbiotech.dz\\\/index.php\\\/produit\\\/conductimetre-de-paillasse-milwaukee\\\/#primaryimage\",\"url\":\"https:\\\/\\\/store.microbiotech.dz\\\/wp-content\\\/uploads\\\/2026\\\/05\\\/ceci-nest-pas-une-image-reelle-4.webp\",\"contentUrl\":\"https:\\\/\\\/store.microbiotech.dz\\\/wp-content\\\/uploads\\\/2026\\\/05\\\/ceci-nest-pas-une-image-reelle-4.webp\",\"width\":600,\"height\":600,\"caption\":\"Conductim\u00e8tre de paillasse MILWAUKEE\"},{\"@type\":\"BreadcrumbList\",\"@id\":\"https:\\\/\\\/store.microbiotech.dz\\\/index.php\\\/produit\\\/conductimetre-de-paillasse-milwaukee\\\/#breadcrumb\",\"itemListElement\":[{\"@type\":\"ListItem\",\"position\":1,\"name\":\"Accueil\",\"item\":\"https:\\\/\\\/store.microbiotech.dz\\\/\"},{\"@type\":\"ListItem\",\"position\":2,\"name\":\"Nos Produits\",\"item\":\"https:\\\/\\\/store.microbiotech.dz\\\/index.php\\\/nos-produits\\\/\"},{\"@type\":\"ListItem\",\"position\":3,\"name\":\"Conductim\u00e8tre de paillasse MILWAUKEE\"}]},{\"@type\":\"WebSite\",\"@id\":\"https:\\\/\\\/store.microbiotech.dz\\\/#website\",\"url\":\"https:\\\/\\\/store.microbiotech.dz\\\/\",\"name\":\"La Boutique en ligne\",\"description\":\"Qualit\u00e9 - Rapidit\u00e9 - Tranquillit\u00e9\",\"publisher\":{\"@id\":\"https:\\\/\\\/store.microbiotech.dz\\\/#organization\"},\"potentialAction\":[{\"@type\":\"SearchAction\",\"target\":{\"@type\":\"EntryPoint\",\"urlTemplate\":\"https:\\\/\\\/store.microbiotech.dz\\\/?s={search_term_string}\"},\"query-input\":{\"@type\":\"PropertyValueSpecification\",\"valueRequired\":true,\"valueName\":\"search_term_string\"}}],\"inLanguage\":\"fr-FR\"},{\"@type\":\"Organization\",\"@id\":\"https:\\\/\\\/store.microbiotech.dz\\\/#organization\",\"name\":\"Microbiotech EURL\",\"url\":\"https:\\\/\\\/store.microbiotech.dz\\\/\",\"logo\":{\"@type\":\"ImageObject\",\"inLanguage\":\"fr-FR\",\"@id\":\"https:\\\/\\\/store.microbiotech.dz\\\/#\\\/schema\\\/logo\\\/image\\\/\",\"url\":\"https:\\\/\\\/store.microbiotech.dz\\\/wp-content\\\/uploads\\\/2021\\\/09\\\/cropped-logo-microbiotech-2.jpg\",\"contentUrl\":\"https:\\\/\\\/store.microbiotech.dz\\\/wp-content\\\/uploads\\\/2021\\\/09\\\/cropped-logo-microbiotech-2.jpg\",\"width\":815,\"height\":586,\"caption\":\"Microbiotech EURL\"},\"image\":{\"@id\":\"https:\\\/\\\/store.microbiotech.dz\\\/#\\\/schema\\\/logo\\\/image\\\/\"},\"sameAs\":[\"https:\\\/\\\/www.facebook.com\\\/MicroBiotech.dz\",\"https:\\\/\\\/x.com\\\/MicrobiotechD\",\"https:\\\/\\\/www.linkedin.com\\\/in\\\/microbiotech\\\/\",\"https:\\\/\\\/www.youtube.com\\\/channel\\\/UCTxc3VIiX7LXD2LQYfZEcDg\"]}]}<\/script>\n<!-- \/ Yoast SEO plugin. -->","yoast_head_json":{"title":"Conductim\u00e8tre de paillasse MILWAUKEE - La Boutique en ligne","description":"Boostez la pr\u00e9cision de vos analyses avec le conductim\u00e8tre de paillasse Milwaukee ! Performance professionnelle et utilisation simple au quotidien !","robots":{"index":"index","follow":"follow","max-snippet":"max-snippet:-1","max-image-preview":"max-image-preview:large","max-video-preview":"max-video-preview:-1"},"canonical":"https:\/\/store.microbiotech.dz\/index.php\/produit\/conductimetre-de-paillasse-milwaukee\/","og_locale":"fr_FR","og_type":"article","og_title":"Conductim\u00e8tre de paillasse MILWAUKEE - La Boutique en ligne","og_description":"Boostez la pr\u00e9cision de vos analyses avec le conductim\u00e8tre de paillasse Milwaukee ! Performance professionnelle et utilisation simple au quotidien !","og_url":"https:\/\/store.microbiotech.dz\/index.php\/produit\/conductimetre-de-paillasse-milwaukee\/","og_site_name":"La Boutique en ligne","article_publisher":"https:\/\/www.facebook.com\/MicroBiotech.dz","og_image":[{"width":600,"height":600,"url":"https:\/\/store.microbiotech.dz\/wp-content\/uploads\/2026\/05\/ceci-nest-pas-une-image-reelle-4.webp","type":"image\/webp"}],"twitter_card":"summary_large_image","twitter_site":"@MicrobiotechD","twitter_misc":{"Dur\u00e9e de lecture estim\u00e9e":"1 minute"},"schema":{"@context":"https:\/\/schema.org","@graph":[{"@type":"WebPage","@id":"https:\/\/store.microbiotech.dz\/index.php\/produit\/conductimetre-de-paillasse-milwaukee\/","url":"https:\/\/store.microbiotech.dz\/index.php\/produit\/conductimetre-de-paillasse-milwaukee\/","name":"Conductim\u00e8tre de paillasse MILWAUKEE - La Boutique en ligne","isPartOf":{"@id":"https:\/\/store.microbiotech.dz\/#website"},"primaryImageOfPage":{"@id":"https:\/\/store.microbiotech.dz\/index.php\/produit\/conductimetre-de-paillasse-milwaukee\/#primaryimage"},"image":{"@id":"https:\/\/store.microbiotech.dz\/index.php\/produit\/conductimetre-de-paillasse-milwaukee\/#primaryimage"},"thumbnailUrl":"https:\/\/store.microbiotech.dz\/wp-content\/uploads\/2026\/05\/ceci-nest-pas-une-image-reelle-4.webp","datePublished":"2026-05-12T12:28:35+00:00","description":"Boostez la pr\u00e9cision de vos analyses avec le conductim\u00e8tre de paillasse Milwaukee ! Performance professionnelle et utilisation simple au quotidien !","breadcrumb":{"@id":"https:\/\/store.microbiotech.dz\/index.php\/produit\/conductimetre-de-paillasse-milwaukee\/#breadcrumb"},"inLanguage":"fr-FR","potentialAction":[{"@type":"ReadAction","target":["https:\/\/store.microbiotech.dz\/index.php\/produit\/conductimetre-de-paillasse-milwaukee\/"]}]},{"@type":"ImageObject","inLanguage":"fr-FR","@id":"https:\/\/store.microbiotech.dz\/index.php\/produit\/conductimetre-de-paillasse-milwaukee\/#primaryimage","url":"https:\/\/store.microbiotech.dz\/wp-content\/uploads\/2026\/05\/ceci-nest-pas-une-image-reelle-4.webp","contentUrl":"https:\/\/store.microbiotech.dz\/wp-content\/uploads\/2026\/05\/ceci-nest-pas-une-image-reelle-4.webp","width":600,"height":600,"caption":"Conductim\u00e8tre de paillasse MILWAUKEE"},{"@type":"BreadcrumbList","@id":"https:\/\/store.microbiotech.dz\/index.php\/produit\/conductimetre-de-paillasse-milwaukee\/#breadcrumb","itemListElement":[{"@type":"ListItem","position":1,"name":"Accueil","item":"https:\/\/store.microbiotech.dz\/"},{"@type":"ListItem","position":2,"name":"Nos Produits","item":"https:\/\/store.microbiotech.dz\/index.php\/nos-produits\/"},{"@type":"ListItem","position":3,"name":"Conductim\u00e8tre de paillasse MILWAUKEE"}]},{"@type":"WebSite","@id":"https:\/\/store.microbiotech.dz\/#website","url":"https:\/\/store.microbiotech.dz\/","name":"La Boutique en ligne","description":"Qualit\u00e9 - Rapidit\u00e9 - Tranquillit\u00e9","publisher":{"@id":"https:\/\/store.microbiotech.dz\/#organization"},"potentialAction":[{"@type":"SearchAction","target":{"@type":"EntryPoint","urlTemplate":"https:\/\/store.microbiotech.dz\/?s={search_term_string}"},"query-input":{"@type":"PropertyValueSpecification","valueRequired":true,"valueName":"search_term_string"}}],"inLanguage":"fr-FR"},{"@type":"Organization","@id":"https:\/\/store.microbiotech.dz\/#organization","name":"Microbiotech EURL","url":"https:\/\/store.microbiotech.dz\/","logo":{"@type":"ImageObject","inLanguage":"fr-FR","@id":"https:\/\/store.microbiotech.dz\/#\/schema\/logo\/image\/","url":"https:\/\/store.microbiotech.dz\/wp-content\/uploads\/2021\/09\/cropped-logo-microbiotech-2.jpg","contentUrl":"https:\/\/store.microbiotech.dz\/wp-content\/uploads\/2021\/09\/cropped-logo-microbiotech-2.jpg","width":815,"height":586,"caption":"Microbiotech EURL"},"image":{"@id":"https:\/\/store.microbiotech.dz\/#\/schema\/logo\/image\/"},"sameAs":["https:\/\/www.facebook.com\/MicroBiotech.dz","https:\/\/x.com\/MicrobiotechD","https:\/\/www.linkedin.com\/in\/microbiotech\/","https:\/\/www.youtube.com\/channel\/UCTxc3VIiX7LXD2LQYfZEcDg"]}]}},"jetpack_sharing_enabled":true,"_links":{"self":[{"href":"https:\/\/store.microbiotech.dz\/index.php\/wp-json\/wp\/v2\/product\/21344","targetHints":{"allow":["GET"]}}],"collection":[{"href":"https:\/\/store.microbiotech.dz\/index.php\/wp-json\/wp\/v2\/product"}],"about":[{"href":"https:\/\/store.microbiotech.dz\/index.php\/wp-json\/wp\/v2\/types\/product"}],"replies":[{"embeddable":true,"href":"https:\/\/store.microbiotech.dz\/index.php\/wp-json\/wp\/v2\/comments?post=21344"}],"wp:featuredmedia":[{"embeddable":true,"href":"https:\/\/store.microbiotech.dz\/index.php\/wp-json\/wp\/v2\/media\/21345"}],"wp:attachment":[{"href":"https:\/\/store.microbiotech.dz\/index.php\/wp-json\/wp\/v2\/media?parent=21344"}],"wp:term":[{"taxonomy":"product_brand","embeddable":true,"href":"https:\/\/store.microbiotech.dz\/index.php\/wp-json\/wp\/v2\/product_brand?post=21344"},{"taxonomy":"product_cat","embeddable":true,"href":"https:\/\/store.microbiotech.dz\/index.php\/wp-json\/wp\/v2\/product_cat?post=21344"},{"taxonomy":"product_tag","embeddable":true,"href":"https:\/\/store.microbiotech.dz\/index.php\/wp-json\/wp\/v2\/product_tag?post=21344"}],"curies":[{"name":"wp","href":"https:\/\/api.w.org\/{rel}","templated":true}]}}