{"id":21203,"date":"2026-05-05T13:42:08","date_gmt":"2026-05-05T12:42:08","guid":{"rendered":"https:\/\/store.microbiotech.dz\/?post_type=product&#038;p=21203"},"modified":"2026-05-05T13:42:08","modified_gmt":"2026-05-05T12:42:08","slug":"desinfectant-de-dispositifs-medicaux-et-chirurgicaux-pallipharm","status":"publish","type":"product","link":"https:\/\/store.microbiotech.dz\/index.php\/produit\/desinfectant-de-dispositifs-medicaux-et-chirurgicaux-pallipharm\/","title":{"rendered":"D\u00e9sinfectant de dispositifs m\u00e9dicaux et chirurgicaux Pallipharm"},"content":{"rendered":"<p data-start=\"0\" data-end=\"329\">Le d\u00e9sinfectant de haut niveau <a href=\"https:\/\/store.microbiotech.dz\/index.php\/etiquette-produit\/pallipharm\/\">Pallipharm<\/a>, \u00e0 base de peroxyde d\u2019hydrog\u00e8ne 7,5 %, offre une solution pr\u00eate \u00e0 l\u2019emploi pour la d\u00e9sinfection et la st\u00e9rilisation \u00e0 froid des dispositifs m\u00e9dicaux et chirurgicaux. Il \u00e9limine efficacement les bact\u00e9ries, virus, champignons, mycobact\u00e9ries et <a href=\"https:\/\/fr.wikipedia.org\/wiki\/Spore\">spores<\/a>, garantissant une protection compl\u00e8te. Ce <a href=\"https:\/\/store.microbiotech.dz\/?s=d%C3%A9sinfectant\">d\u00e9sinfectant<\/a> de dispositifs m\u00e9dicaux et chirurgicaux\u00a0 Pallipharm s\u2019adapte aux instruments chirurgicaux et dentaires, aux endoscopes, au mat\u00e9riel d\u2019anesth\u00e9sie et aux dispositifs thermosensibles comme l\u2019inox, le verre et le silicone. Sa formule sans <a href=\"https:\/\/fr.wikipedia.org\/wiki\/Ald%C3%A9hyde\">ald\u00e9hydes<\/a> respecte les mat\u00e9riaux, reste biod\u00e9gradable et ne laisse aucun r\u00e9sidu apr\u00e8s rin\u00e7age. La solution conserve son efficacit\u00e9 jusqu\u2019\u00e0 7 jours en bac ferm\u00e9. Facile \u00e0 utiliser, performante et s\u00fbre, elle r\u00e9pond aux exigences des professionnels de sant\u00e9 pour une hygi\u00e8ne optimale.<\/p>\n","protected":false},"excerpt":{"rendered":"<p>&nbsp;<\/p>\n<p>Marque :\u00a0<strong>Pallipharm<\/strong><img loading=\"lazy\" decoding=\"async\" class=\"alignnone wp-image-2080\" src=\"https:\/\/store.microbiotech.dz\/wp-content\/uploads\/2022\/06\/algeria-flag-300x225.png\" alt=\"\" width=\"56\" height=\"42\" srcset=\"https:\/\/store.microbiotech.dz\/wp-content\/uploads\/2022\/06\/algeria-flag-300x225.png 300w, https:\/\/store.microbiotech.dz\/wp-content\/uploads\/2022\/06\/algeria-flag-600x450.png 600w, https:\/\/store.microbiotech.dz\/wp-content\/uploads\/2022\/06\/algeria-flag.png 640w\" sizes=\"auto, (max-width: 56px) 100vw, 56px\" \/><br \/>\nComposition : <strong>solution de peroxyde d\u2019hydrog\u00e8ne 7.5% ,agent stabilisants, surfactant, excipients. eau distill\u00e9e.<\/strong><br \/>\nAspect :\u00a0<strong>Liquide<\/strong>.<br \/>\nCouleur : <strong>Incolore.<\/strong><br \/>\nOdeur :\u00a0<strong>Caract\u00e9ristique<\/strong>.<br \/>\nDensit\u00e9 :<strong>0.996g\/cm3<\/strong><br \/>\nPH :<strong> 3.0 \/4.5 (\u00e0 20\u00b0C)<\/strong><br \/>\nT\u00e9l\u00e9chargement :<br \/>\n<a href=\"https:\/\/store.microbiotech.dz\/wp-content\/uploads\/2026\/05\/ACTIPAL-HLD.pdf\">ACTIPAL HLD<\/a><\/p>\n","protected":false},"featured_media":21212,"comment_status":"open","ping_status":"closed","template":"","meta":{"site-sidebar-layout":"default","site-content-layout":"","ast-site-content-layout":"default","site-content-style":"default","site-sidebar-style":"default","ast-global-header-display":"","ast-banner-title-visibility":"","ast-main-header-display":"","ast-hfb-above-header-display":"","ast-hfb-below-header-display":"","ast-hfb-mobile-header-display":"","site-post-title":"","ast-breadcrumbs-content":"","ast-featured-img":"","footer-sml-layout":"","ast-disable-related-posts":"","theme-transparent-header-meta":"default","adv-header-id-meta":"","stick-header-meta":"","header-above-stick-meta":"","header-main-stick-meta":"","header-below-stick-meta":"","astra-migrate-meta-layouts":"set","ast-page-background-enabled":"default","ast-page-background-meta":{"desktop":{"background-color":"var(--ast-global-color-4)","background-image":"","background-repeat":"repeat","background-position":"center center","background-size":"auto","background-attachment":"scroll","background-type":"","background-media":"","overlay-type":"","overlay-color":"","overlay-opacity":"","overlay-gradient":""},"tablet":{"background-color":"","background-image":"","background-repeat":"repeat","background-position":"center center","background-size":"auto","background-attachment":"scroll","background-type":"","background-media":"","overlay-type":"","overlay-color":"","overlay-opacity":"","overlay-gradient":""},"mobile":{"background-color":"","background-image":"","background-repeat":"repeat","background-position":"center center","background-size":"auto","background-attachment":"scroll","background-type":"","background-media":"","overlay-type":"","overlay-color":"","overlay-opacity":"","overlay-gradient":""}},"ast-content-background-meta":{"desktop":{"background-color":"var(--ast-global-color-5)","background-image":"","background-repeat":"repeat","background-position":"center center","background-size":"auto","background-attachment":"scroll","background-type":"","background-media":"","overlay-type":"","overlay-color":"","overlay-opacity":"","overlay-gradient":""},"tablet":{"background-color":"var(--ast-global-color-5)","background-image":"","background-repeat":"repeat","background-position":"center center","background-size":"auto","background-attachment":"scroll","background-type":"","background-media":"","overlay-type":"","overlay-color":"","overlay-opacity":"","overlay-gradient":""},"mobile":{"background-color":"var(--ast-global-color-5)","background-image":"","background-repeat":"repeat","background-position":"center center","background-size":"auto","background-attachment":"scroll","background-type":"","background-media":"","overlay-type":"","overlay-color":"","overlay-opacity":"","overlay-gradient":""}},"jetpack_post_was_ever_published":false},"product_brand":[],"product_cat":[94],"product_tag":[3643,939,3642,3647,3663,3645],"class_list":{"0":"post-21203","1":"product","2":"type-product","3":"status-publish","4":"has-post-thumbnail","6":"product_cat-additifs-et-autres","7":"product_tag-desinfectant","8":"product_tag-equipement","9":"product_tag-f198","10":"product_tag-instrumentation","11":"product_tag-medical","12":"product_tag-pallipharm","13":"desktop-align-center","14":"tablet-align-left","15":"mobile-align-left","17":"first","18":"instock","19":"taxable","20":"shipping-taxable","21":"purchasable","22":"product-type-variable"},"yoast_head":"<!-- This site is optimized with the Yoast SEO plugin v27.5 - https:\/\/yoast.com\/product\/yoast-seo-wordpress\/ -->\n<title>D\u00e9sinfectant de dispositifs m\u00e9dicaux et chirurgicaux Pallipharm - La Boutique en ligne<\/title>\n<meta name=\"description\" content=\"D\u00e9sinfectant de dispositifs m\u00e9dicaux et chirurgicaux Pallipharm, efficace contre tous les germes, pr\u00eat \u00e0 l&#039;emploi et \u00e0 prix comp\u00e9titif !\" \/>\n<meta name=\"robots\" content=\"index, follow, max-snippet:-1, max-image-preview:large, max-video-preview:-1\" \/>\n<link rel=\"canonical\" href=\"https:\/\/store.microbiotech.dz\/index.php\/produit\/desinfectant-de-dispositifs-medicaux-et-chirurgicaux-pallipharm\/\" \/>\n<meta property=\"og:locale\" content=\"fr_FR\" \/>\n<meta property=\"og:type\" content=\"article\" \/>\n<meta property=\"og:title\" content=\"D\u00e9sinfectant de dispositifs m\u00e9dicaux et chirurgicaux Pallipharm - La Boutique en ligne\" \/>\n<meta property=\"og:description\" content=\"D\u00e9sinfectant de dispositifs m\u00e9dicaux et chirurgicaux Pallipharm, efficace contre tous les germes, pr\u00eat \u00e0 l&#039;emploi et \u00e0 prix comp\u00e9titif !\" \/>\n<meta property=\"og:url\" content=\"https:\/\/store.microbiotech.dz\/index.php\/produit\/desinfectant-de-dispositifs-medicaux-et-chirurgicaux-pallipharm\/\" \/>\n<meta property=\"og:site_name\" content=\"La Boutique en ligne\" \/>\n<meta property=\"article:publisher\" content=\"https:\/\/www.facebook.com\/MicroBiotech.dz\" \/>\n<meta property=\"og:image\" content=\"https:\/\/store.microbiotech.dz\/wp-content\/uploads\/2026\/05\/webp.webp\" \/>\n\t<meta property=\"og:image:width\" content=\"600\" \/>\n\t<meta property=\"og:image:height\" content=\"600\" \/>\n\t<meta property=\"og:image:type\" content=\"image\/webp\" \/>\n<meta name=\"twitter:card\" content=\"summary_large_image\" \/>\n<meta name=\"twitter:site\" content=\"@MicrobiotechD\" \/>\n<meta name=\"twitter:label1\" content=\"Dur\u00e9e de lecture estim\u00e9e\" \/>\n\t<meta name=\"twitter:data1\" content=\"1 minute\" \/>\n<script type=\"application\/ld+json\" class=\"yoast-schema-graph\">{\"@context\":\"https:\\\/\\\/schema.org\",\"@graph\":[{\"@type\":\"WebPage\",\"@id\":\"https:\\\/\\\/store.microbiotech.dz\\\/index.php\\\/produit\\\/desinfectant-de-dispositifs-medicaux-et-chirurgicaux-pallipharm\\\/\",\"url\":\"https:\\\/\\\/store.microbiotech.dz\\\/index.php\\\/produit\\\/desinfectant-de-dispositifs-medicaux-et-chirurgicaux-pallipharm\\\/\",\"name\":\"D\u00e9sinfectant de dispositifs m\u00e9dicaux et chirurgicaux Pallipharm - La Boutique en ligne\",\"isPartOf\":{\"@id\":\"https:\\\/\\\/store.microbiotech.dz\\\/#website\"},\"primaryImageOfPage\":{\"@id\":\"https:\\\/\\\/store.microbiotech.dz\\\/index.php\\\/produit\\\/desinfectant-de-dispositifs-medicaux-et-chirurgicaux-pallipharm\\\/#primaryimage\"},\"image\":{\"@id\":\"https:\\\/\\\/store.microbiotech.dz\\\/index.php\\\/produit\\\/desinfectant-de-dispositifs-medicaux-et-chirurgicaux-pallipharm\\\/#primaryimage\"},\"thumbnailUrl\":\"https:\\\/\\\/store.microbiotech.dz\\\/wp-content\\\/uploads\\\/2026\\\/05\\\/webp.webp\",\"datePublished\":\"2026-05-05T12:42:08+00:00\",\"description\":\"D\u00e9sinfectant de dispositifs m\u00e9dicaux et chirurgicaux Pallipharm, efficace contre tous les germes, pr\u00eat \u00e0 l'emploi et \u00e0 prix comp\u00e9titif !\",\"breadcrumb\":{\"@id\":\"https:\\\/\\\/store.microbiotech.dz\\\/index.php\\\/produit\\\/desinfectant-de-dispositifs-medicaux-et-chirurgicaux-pallipharm\\\/#breadcrumb\"},\"inLanguage\":\"fr-FR\",\"potentialAction\":[{\"@type\":\"ReadAction\",\"target\":[\"https:\\\/\\\/store.microbiotech.dz\\\/index.php\\\/produit\\\/desinfectant-de-dispositifs-medicaux-et-chirurgicaux-pallipharm\\\/\"]}]},{\"@type\":\"ImageObject\",\"inLanguage\":\"fr-FR\",\"@id\":\"https:\\\/\\\/store.microbiotech.dz\\\/index.php\\\/produit\\\/desinfectant-de-dispositifs-medicaux-et-chirurgicaux-pallipharm\\\/#primaryimage\",\"url\":\"https:\\\/\\\/store.microbiotech.dz\\\/wp-content\\\/uploads\\\/2026\\\/05\\\/webp.webp\",\"contentUrl\":\"https:\\\/\\\/store.microbiotech.dz\\\/wp-content\\\/uploads\\\/2026\\\/05\\\/webp.webp\",\"width\":600,\"height\":600,\"caption\":\"d\u00e9sinfectant de dispositifs m\u00e9dicaux et chirurgicaux Pallipharm\"},{\"@type\":\"BreadcrumbList\",\"@id\":\"https:\\\/\\\/store.microbiotech.dz\\\/index.php\\\/produit\\\/desinfectant-de-dispositifs-medicaux-et-chirurgicaux-pallipharm\\\/#breadcrumb\",\"itemListElement\":[{\"@type\":\"ListItem\",\"position\":1,\"name\":\"Accueil\",\"item\":\"https:\\\/\\\/store.microbiotech.dz\\\/\"},{\"@type\":\"ListItem\",\"position\":2,\"name\":\"Nos Produits\",\"item\":\"https:\\\/\\\/store.microbiotech.dz\\\/index.php\\\/nos-produits\\\/\"},{\"@type\":\"ListItem\",\"position\":3,\"name\":\"D\u00e9sinfectant de dispositifs m\u00e9dicaux et chirurgicaux Pallipharm\"}]},{\"@type\":\"WebSite\",\"@id\":\"https:\\\/\\\/store.microbiotech.dz\\\/#website\",\"url\":\"https:\\\/\\\/store.microbiotech.dz\\\/\",\"name\":\"La Boutique en ligne\",\"description\":\"Qualit\u00e9 - Rapidit\u00e9 - Tranquillit\u00e9\",\"publisher\":{\"@id\":\"https:\\\/\\\/store.microbiotech.dz\\\/#organization\"},\"potentialAction\":[{\"@type\":\"SearchAction\",\"target\":{\"@type\":\"EntryPoint\",\"urlTemplate\":\"https:\\\/\\\/store.microbiotech.dz\\\/?s={search_term_string}\"},\"query-input\":{\"@type\":\"PropertyValueSpecification\",\"valueRequired\":true,\"valueName\":\"search_term_string\"}}],\"inLanguage\":\"fr-FR\"},{\"@type\":\"Organization\",\"@id\":\"https:\\\/\\\/store.microbiotech.dz\\\/#organization\",\"name\":\"Microbiotech EURL\",\"url\":\"https:\\\/\\\/store.microbiotech.dz\\\/\",\"logo\":{\"@type\":\"ImageObject\",\"inLanguage\":\"fr-FR\",\"@id\":\"https:\\\/\\\/store.microbiotech.dz\\\/#\\\/schema\\\/logo\\\/image\\\/\",\"url\":\"https:\\\/\\\/store.microbiotech.dz\\\/wp-content\\\/uploads\\\/2021\\\/09\\\/cropped-logo-microbiotech-2.jpg\",\"contentUrl\":\"https:\\\/\\\/store.microbiotech.dz\\\/wp-content\\\/uploads\\\/2021\\\/09\\\/cropped-logo-microbiotech-2.jpg\",\"width\":815,\"height\":586,\"caption\":\"Microbiotech EURL\"},\"image\":{\"@id\":\"https:\\\/\\\/store.microbiotech.dz\\\/#\\\/schema\\\/logo\\\/image\\\/\"},\"sameAs\":[\"https:\\\/\\\/www.facebook.com\\\/MicroBiotech.dz\",\"https:\\\/\\\/x.com\\\/MicrobiotechD\",\"https:\\\/\\\/www.linkedin.com\\\/in\\\/microbiotech\\\/\",\"https:\\\/\\\/www.youtube.com\\\/channel\\\/UCTxc3VIiX7LXD2LQYfZEcDg\"]}]}<\/script>\n<!-- \/ Yoast SEO plugin. -->","yoast_head_json":{"title":"D\u00e9sinfectant de dispositifs m\u00e9dicaux et chirurgicaux Pallipharm - La Boutique en ligne","description":"D\u00e9sinfectant de dispositifs m\u00e9dicaux et chirurgicaux Pallipharm, efficace contre tous les germes, pr\u00eat \u00e0 l'emploi et \u00e0 prix comp\u00e9titif !","robots":{"index":"index","follow":"follow","max-snippet":"max-snippet:-1","max-image-preview":"max-image-preview:large","max-video-preview":"max-video-preview:-1"},"canonical":"https:\/\/store.microbiotech.dz\/index.php\/produit\/desinfectant-de-dispositifs-medicaux-et-chirurgicaux-pallipharm\/","og_locale":"fr_FR","og_type":"article","og_title":"D\u00e9sinfectant de dispositifs m\u00e9dicaux et chirurgicaux Pallipharm - La Boutique en ligne","og_description":"D\u00e9sinfectant de dispositifs m\u00e9dicaux et chirurgicaux Pallipharm, efficace contre tous les germes, pr\u00eat \u00e0 l'emploi et \u00e0 prix comp\u00e9titif !","og_url":"https:\/\/store.microbiotech.dz\/index.php\/produit\/desinfectant-de-dispositifs-medicaux-et-chirurgicaux-pallipharm\/","og_site_name":"La Boutique en ligne","article_publisher":"https:\/\/www.facebook.com\/MicroBiotech.dz","og_image":[{"width":600,"height":600,"url":"https:\/\/store.microbiotech.dz\/wp-content\/uploads\/2026\/05\/webp.webp","type":"image\/webp"}],"twitter_card":"summary_large_image","twitter_site":"@MicrobiotechD","twitter_misc":{"Dur\u00e9e de lecture estim\u00e9e":"1 minute"},"schema":{"@context":"https:\/\/schema.org","@graph":[{"@type":"WebPage","@id":"https:\/\/store.microbiotech.dz\/index.php\/produit\/desinfectant-de-dispositifs-medicaux-et-chirurgicaux-pallipharm\/","url":"https:\/\/store.microbiotech.dz\/index.php\/produit\/desinfectant-de-dispositifs-medicaux-et-chirurgicaux-pallipharm\/","name":"D\u00e9sinfectant de dispositifs m\u00e9dicaux et chirurgicaux Pallipharm - La Boutique en ligne","isPartOf":{"@id":"https:\/\/store.microbiotech.dz\/#website"},"primaryImageOfPage":{"@id":"https:\/\/store.microbiotech.dz\/index.php\/produit\/desinfectant-de-dispositifs-medicaux-et-chirurgicaux-pallipharm\/#primaryimage"},"image":{"@id":"https:\/\/store.microbiotech.dz\/index.php\/produit\/desinfectant-de-dispositifs-medicaux-et-chirurgicaux-pallipharm\/#primaryimage"},"thumbnailUrl":"https:\/\/store.microbiotech.dz\/wp-content\/uploads\/2026\/05\/webp.webp","datePublished":"2026-05-05T12:42:08+00:00","description":"D\u00e9sinfectant de dispositifs m\u00e9dicaux et chirurgicaux Pallipharm, efficace contre tous les germes, pr\u00eat \u00e0 l'emploi et \u00e0 prix comp\u00e9titif !","breadcrumb":{"@id":"https:\/\/store.microbiotech.dz\/index.php\/produit\/desinfectant-de-dispositifs-medicaux-et-chirurgicaux-pallipharm\/#breadcrumb"},"inLanguage":"fr-FR","potentialAction":[{"@type":"ReadAction","target":["https:\/\/store.microbiotech.dz\/index.php\/produit\/desinfectant-de-dispositifs-medicaux-et-chirurgicaux-pallipharm\/"]}]},{"@type":"ImageObject","inLanguage":"fr-FR","@id":"https:\/\/store.microbiotech.dz\/index.php\/produit\/desinfectant-de-dispositifs-medicaux-et-chirurgicaux-pallipharm\/#primaryimage","url":"https:\/\/store.microbiotech.dz\/wp-content\/uploads\/2026\/05\/webp.webp","contentUrl":"https:\/\/store.microbiotech.dz\/wp-content\/uploads\/2026\/05\/webp.webp","width":600,"height":600,"caption":"d\u00e9sinfectant de dispositifs m\u00e9dicaux et chirurgicaux Pallipharm"},{"@type":"BreadcrumbList","@id":"https:\/\/store.microbiotech.dz\/index.php\/produit\/desinfectant-de-dispositifs-medicaux-et-chirurgicaux-pallipharm\/#breadcrumb","itemListElement":[{"@type":"ListItem","position":1,"name":"Accueil","item":"https:\/\/store.microbiotech.dz\/"},{"@type":"ListItem","position":2,"name":"Nos Produits","item":"https:\/\/store.microbiotech.dz\/index.php\/nos-produits\/"},{"@type":"ListItem","position":3,"name":"D\u00e9sinfectant de dispositifs m\u00e9dicaux et chirurgicaux Pallipharm"}]},{"@type":"WebSite","@id":"https:\/\/store.microbiotech.dz\/#website","url":"https:\/\/store.microbiotech.dz\/","name":"La Boutique en ligne","description":"Qualit\u00e9 - Rapidit\u00e9 - Tranquillit\u00e9","publisher":{"@id":"https:\/\/store.microbiotech.dz\/#organization"},"potentialAction":[{"@type":"SearchAction","target":{"@type":"EntryPoint","urlTemplate":"https:\/\/store.microbiotech.dz\/?s={search_term_string}"},"query-input":{"@type":"PropertyValueSpecification","valueRequired":true,"valueName":"search_term_string"}}],"inLanguage":"fr-FR"},{"@type":"Organization","@id":"https:\/\/store.microbiotech.dz\/#organization","name":"Microbiotech EURL","url":"https:\/\/store.microbiotech.dz\/","logo":{"@type":"ImageObject","inLanguage":"fr-FR","@id":"https:\/\/store.microbiotech.dz\/#\/schema\/logo\/image\/","url":"https:\/\/store.microbiotech.dz\/wp-content\/uploads\/2021\/09\/cropped-logo-microbiotech-2.jpg","contentUrl":"https:\/\/store.microbiotech.dz\/wp-content\/uploads\/2021\/09\/cropped-logo-microbiotech-2.jpg","width":815,"height":586,"caption":"Microbiotech EURL"},"image":{"@id":"https:\/\/store.microbiotech.dz\/#\/schema\/logo\/image\/"},"sameAs":["https:\/\/www.facebook.com\/MicroBiotech.dz","https:\/\/x.com\/MicrobiotechD","https:\/\/www.linkedin.com\/in\/microbiotech\/","https:\/\/www.youtube.com\/channel\/UCTxc3VIiX7LXD2LQYfZEcDg"]}]}},"jetpack_sharing_enabled":true,"_links":{"self":[{"href":"https:\/\/store.microbiotech.dz\/index.php\/wp-json\/wp\/v2\/product\/21203","targetHints":{"allow":["GET"]}}],"collection":[{"href":"https:\/\/store.microbiotech.dz\/index.php\/wp-json\/wp\/v2\/product"}],"about":[{"href":"https:\/\/store.microbiotech.dz\/index.php\/wp-json\/wp\/v2\/types\/product"}],"replies":[{"embeddable":true,"href":"https:\/\/store.microbiotech.dz\/index.php\/wp-json\/wp\/v2\/comments?post=21203"}],"wp:featuredmedia":[{"embeddable":true,"href":"https:\/\/store.microbiotech.dz\/index.php\/wp-json\/wp\/v2\/media\/21212"}],"wp:attachment":[{"href":"https:\/\/store.microbiotech.dz\/index.php\/wp-json\/wp\/v2\/media?parent=21203"}],"wp:term":[{"taxonomy":"product_brand","embeddable":true,"href":"https:\/\/store.microbiotech.dz\/index.php\/wp-json\/wp\/v2\/product_brand?post=21203"},{"taxonomy":"product_cat","embeddable":true,"href":"https:\/\/store.microbiotech.dz\/index.php\/wp-json\/wp\/v2\/product_cat?post=21203"},{"taxonomy":"product_tag","embeddable":true,"href":"https:\/\/store.microbiotech.dz\/index.php\/wp-json\/wp\/v2\/product_tag?post=21203"}],"curies":[{"name":"wp","href":"https:\/\/api.w.org\/{rel}","templated":true}]}}