{"id":21113,"date":"2026-05-03T14:04:32","date_gmt":"2026-05-03T13:04:32","guid":{"rendered":"https:\/\/store.microbiotech.dz\/?post_type=product&#038;p=21113"},"modified":"2026-05-03T14:04:14","modified_gmt":"2026-05-03T13:04:14","slug":"pre-desinfectant-enzymatique-dinstrumentation-pallipharm","status":"publish","type":"product","link":"https:\/\/store.microbiotech.dz\/index.php\/produit\/pre-desinfectant-enzymatique-dinstrumentation-pallipharm\/","title":{"rendered":"Pr\u00e9-d\u00e9sinfectant enzymatique d&rsquo;instrumentation Pallipharm"},"content":{"rendered":"<p>Le Pr\u00e9-d\u00e9sinfectant enzymatique d&rsquo;instrumentation <a href=\"https:\/\/store.microbiotech.dz\/index.php\/etiquette-produit\/pallipharm\/\" target=\"_blank\" rel=\"noopener\">Pallipharm<\/a> pr\u00e9pare efficacement les instruments m\u00e9dicaux et chirurgicaux avant la st\u00e9rilisation. Il contient un complexe enzymatique \u00e0 base de prot\u00e9ases, amylases et lipases qui \u00e9limine le sang, les graisses et les <a href=\"https:\/\/fr.wikipedia.org\/wiki\/Biofilm\" target=\"_blank\" rel=\"noopener\">biofilms<\/a>. Sa formule sans ald\u00e9hyde ni alcool garantit un environnement de travail plus s\u00fbr et respecte les instruments gr\u00e2ce \u00e0 une excellente compatibilit\u00e9 avec les mat\u00e9riaux d\u00e9licats. Il constitue une \u00e9tape essentielle pour assurer une d\u00e9sinfection ou une st\u00e9rilisation r\u00e9ussie. Il s\u2019utilise dans les h\u00f4pitaux, cliniques, cabinets dentaires et laboratoires pour maintenir des instruments propres, durables et fiables.<\/p>\n","protected":false},"excerpt":{"rendered":"<p>&nbsp;<\/p>\n<p>Marque :\u00a0<strong>Pallipharm<\/strong><img loading=\"lazy\" decoding=\"async\" class=\"alignnone wp-image-2080\" src=\"https:\/\/store.microbiotech.dz\/wp-content\/uploads\/2022\/06\/algeria-flag-300x225.png\" alt=\"\" width=\"56\" height=\"42\" srcset=\"https:\/\/store.microbiotech.dz\/wp-content\/uploads\/2022\/06\/algeria-flag-300x225.png 300w, https:\/\/store.microbiotech.dz\/wp-content\/uploads\/2022\/06\/algeria-flag-600x450.png 600w, https:\/\/store.microbiotech.dz\/wp-content\/uploads\/2022\/06\/algeria-flag.png 640w\" sizes=\"auto, (max-width: 56px) 100vw, 56px\" \/><br \/>\nComposition : <strong>Ammonium quaternaires, complexes enzymatiques, agent d\u00e9tergents, colorant , excipients, eau distill\u00e9e.<\/strong><br \/>\nAspect : <strong>Liquide<\/strong>.<br \/>\nCouleur : <strong>orange<\/strong><br \/>\nOdeur : <strong>Caract\u00e9ristique<\/strong>.<br \/>\nDensit\u00e9 : <strong>1.0045 g\/cm3<\/strong><br \/>\nT\u00e9l\u00e9chargement : <a href=\"https:\/\/store.microbiotech.dz\/wp-content\/uploads\/2026\/05\/PALIASYME-XL3-Copie-Copie.pdf.pdf\">PALIASYME XL3<\/a><\/p>\n","protected":false},"featured_media":21120,"comment_status":"open","ping_status":"closed","template":"","meta":{"site-sidebar-layout":"default","site-content-layout":"","ast-site-content-layout":"default","site-content-style":"default","site-sidebar-style":"default","ast-global-header-display":"","ast-banner-title-visibility":"","ast-main-header-display":"","ast-hfb-above-header-display":"","ast-hfb-below-header-display":"","ast-hfb-mobile-header-display":"","site-post-title":"","ast-breadcrumbs-content":"","ast-featured-img":"","footer-sml-layout":"","ast-disable-related-posts":"","theme-transparent-header-meta":"default","adv-header-id-meta":"","stick-header-meta":"","header-above-stick-meta":"","header-main-stick-meta":"","header-below-stick-meta":"","astra-migrate-meta-layouts":"set","ast-page-background-enabled":"default","ast-page-background-meta":{"desktop":{"background-color":"var(--ast-global-color-4)","background-image":"","background-repeat":"repeat","background-position":"center center","background-size":"auto","background-attachment":"scroll","background-type":"","background-media":"","overlay-type":"","overlay-color":"","overlay-opacity":"","overlay-gradient":""},"tablet":{"background-color":"","background-image":"","background-repeat":"repeat","background-position":"center center","background-size":"auto","background-attachment":"scroll","background-type":"","background-media":"","overlay-type":"","overlay-color":"","overlay-opacity":"","overlay-gradient":""},"mobile":{"background-color":"","background-image":"","background-repeat":"repeat","background-position":"center center","background-size":"auto","background-attachment":"scroll","background-type":"","background-media":"","overlay-type":"","overlay-color":"","overlay-opacity":"","overlay-gradient":""}},"ast-content-background-meta":{"desktop":{"background-color":"var(--ast-global-color-5)","background-image":"","background-repeat":"repeat","background-position":"center center","background-size":"auto","background-attachment":"scroll","background-type":"","background-media":"","overlay-type":"","overlay-color":"","overlay-opacity":"","overlay-gradient":""},"tablet":{"background-color":"var(--ast-global-color-5)","background-image":"","background-repeat":"repeat","background-position":"center center","background-size":"auto","background-attachment":"scroll","background-type":"","background-media":"","overlay-type":"","overlay-color":"","overlay-opacity":"","overlay-gradient":""},"mobile":{"background-color":"var(--ast-global-color-5)","background-image":"","background-repeat":"repeat","background-position":"center center","background-size":"auto","background-attachment":"scroll","background-type":"","background-media":"","overlay-type":"","overlay-color":"","overlay-opacity":"","overlay-gradient":""}},"jetpack_post_was_ever_published":false},"product_brand":[],"product_cat":[94],"product_tag":[3648,3643,3653,1587,939,3642,3647,3645,3654],"class_list":{"0":"post-21113","1":"product","2":"type-product","3":"status-publish","4":"has-post-thumbnail","6":"product_cat-additifs-et-autres","7":"product_tag-appareil","8":"product_tag-desinfectant","9":"product_tag-detergent","10":"product_tag-enzyme","11":"product_tag-equipement","12":"product_tag-f198","13":"product_tag-instrumentation","14":"product_tag-pallipharm","15":"product_tag-pre-desinfectant","16":"desktop-align-center","17":"tablet-align-left","18":"mobile-align-left","20":"first","21":"instock","22":"taxable","23":"shipping-taxable","24":"purchasable","25":"product-type-variable"},"yoast_head":"<!-- This site is optimized with the Yoast SEO plugin v27.5 - https:\/\/yoast.com\/product\/yoast-seo-wordpress\/ -->\n<title>Pr\u00e9-d\u00e9sinfectant enzymatique d&#039;instrumentation Pallipharm - La Boutique en ligne<\/title>\n<meta name=\"description\" content=\"Le Pr\u00e9-d\u00e9sinfectant enzymatique d&#039;instrumentation Pallipharm constitue une \u00e9tape essentielle pour assurer une d\u00e9sinfection ou une st\u00e9rilisation r\u00e9ussie !\" \/>\n<meta name=\"robots\" content=\"index, follow, max-snippet:-1, max-image-preview:large, max-video-preview:-1\" \/>\n<link rel=\"canonical\" href=\"https:\/\/store.microbiotech.dz\/index.php\/produit\/pre-desinfectant-enzymatique-dinstrumentation-pallipharm\/\" \/>\n<meta property=\"og:locale\" content=\"fr_FR\" \/>\n<meta property=\"og:type\" content=\"article\" \/>\n<meta property=\"og:title\" content=\"Pr\u00e9-d\u00e9sinfectant enzymatique d&#039;instrumentation Pallipharm - La Boutique en ligne\" \/>\n<meta property=\"og:description\" content=\"Le Pr\u00e9-d\u00e9sinfectant enzymatique d&#039;instrumentation Pallipharm constitue une \u00e9tape essentielle pour assurer une d\u00e9sinfection ou une st\u00e9rilisation r\u00e9ussie !\" \/>\n<meta property=\"og:url\" content=\"https:\/\/store.microbiotech.dz\/index.php\/produit\/pre-desinfectant-enzymatique-dinstrumentation-pallipharm\/\" \/>\n<meta property=\"og:site_name\" content=\"La Boutique en ligne\" \/>\n<meta property=\"article:publisher\" content=\"https:\/\/www.facebook.com\/MicroBiotech.dz\" \/>\n<meta property=\"og:image\" content=\"https:\/\/store.microbiotech.dz\/wp-content\/uploads\/2026\/05\/ceci-nest-pas-une-image-reelle-9.webp\" \/>\n\t<meta property=\"og:image:width\" content=\"600\" \/>\n\t<meta property=\"og:image:height\" content=\"600\" \/>\n\t<meta property=\"og:image:type\" content=\"image\/webp\" \/>\n<meta name=\"twitter:card\" content=\"summary_large_image\" \/>\n<meta name=\"twitter:site\" content=\"@MicrobiotechD\" \/>\n<meta name=\"twitter:label1\" content=\"Dur\u00e9e de lecture estim\u00e9e\" \/>\n\t<meta name=\"twitter:data1\" content=\"1 minute\" \/>\n<script type=\"application\/ld+json\" class=\"yoast-schema-graph\">{\"@context\":\"https:\\\/\\\/schema.org\",\"@graph\":[{\"@type\":\"WebPage\",\"@id\":\"https:\\\/\\\/store.microbiotech.dz\\\/index.php\\\/produit\\\/pre-desinfectant-enzymatique-dinstrumentation-pallipharm\\\/\",\"url\":\"https:\\\/\\\/store.microbiotech.dz\\\/index.php\\\/produit\\\/pre-desinfectant-enzymatique-dinstrumentation-pallipharm\\\/\",\"name\":\"Pr\u00e9-d\u00e9sinfectant enzymatique d'instrumentation Pallipharm - La Boutique en ligne\",\"isPartOf\":{\"@id\":\"https:\\\/\\\/store.microbiotech.dz\\\/#website\"},\"primaryImageOfPage\":{\"@id\":\"https:\\\/\\\/store.microbiotech.dz\\\/index.php\\\/produit\\\/pre-desinfectant-enzymatique-dinstrumentation-pallipharm\\\/#primaryimage\"},\"image\":{\"@id\":\"https:\\\/\\\/store.microbiotech.dz\\\/index.php\\\/produit\\\/pre-desinfectant-enzymatique-dinstrumentation-pallipharm\\\/#primaryimage\"},\"thumbnailUrl\":\"https:\\\/\\\/store.microbiotech.dz\\\/wp-content\\\/uploads\\\/2026\\\/05\\\/ceci-nest-pas-une-image-reelle-9.webp\",\"datePublished\":\"2026-05-03T13:04:32+00:00\",\"description\":\"Le Pr\u00e9-d\u00e9sinfectant enzymatique d'instrumentation Pallipharm constitue une \u00e9tape essentielle pour assurer une d\u00e9sinfection ou une st\u00e9rilisation r\u00e9ussie !\",\"breadcrumb\":{\"@id\":\"https:\\\/\\\/store.microbiotech.dz\\\/index.php\\\/produit\\\/pre-desinfectant-enzymatique-dinstrumentation-pallipharm\\\/#breadcrumb\"},\"inLanguage\":\"fr-FR\",\"potentialAction\":[{\"@type\":\"ReadAction\",\"target\":[\"https:\\\/\\\/store.microbiotech.dz\\\/index.php\\\/produit\\\/pre-desinfectant-enzymatique-dinstrumentation-pallipharm\\\/\"]}]},{\"@type\":\"ImageObject\",\"inLanguage\":\"fr-FR\",\"@id\":\"https:\\\/\\\/store.microbiotech.dz\\\/index.php\\\/produit\\\/pre-desinfectant-enzymatique-dinstrumentation-pallipharm\\\/#primaryimage\",\"url\":\"https:\\\/\\\/store.microbiotech.dz\\\/wp-content\\\/uploads\\\/2026\\\/05\\\/ceci-nest-pas-une-image-reelle-9.webp\",\"contentUrl\":\"https:\\\/\\\/store.microbiotech.dz\\\/wp-content\\\/uploads\\\/2026\\\/05\\\/ceci-nest-pas-une-image-reelle-9.webp\",\"width\":600,\"height\":600,\"caption\":\"Pr\u00e9-d\u00e9sinfectant enzymatique d'instrumentation Pallipharm\"},{\"@type\":\"BreadcrumbList\",\"@id\":\"https:\\\/\\\/store.microbiotech.dz\\\/index.php\\\/produit\\\/pre-desinfectant-enzymatique-dinstrumentation-pallipharm\\\/#breadcrumb\",\"itemListElement\":[{\"@type\":\"ListItem\",\"position\":1,\"name\":\"Accueil\",\"item\":\"https:\\\/\\\/store.microbiotech.dz\\\/\"},{\"@type\":\"ListItem\",\"position\":2,\"name\":\"Nos Produits\",\"item\":\"https:\\\/\\\/store.microbiotech.dz\\\/index.php\\\/nos-produits\\\/\"},{\"@type\":\"ListItem\",\"position\":3,\"name\":\"Pr\u00e9-d\u00e9sinfectant enzymatique d&rsquo;instrumentation Pallipharm\"}]},{\"@type\":\"WebSite\",\"@id\":\"https:\\\/\\\/store.microbiotech.dz\\\/#website\",\"url\":\"https:\\\/\\\/store.microbiotech.dz\\\/\",\"name\":\"La Boutique en ligne\",\"description\":\"Qualit\u00e9 - Rapidit\u00e9 - Tranquillit\u00e9\",\"publisher\":{\"@id\":\"https:\\\/\\\/store.microbiotech.dz\\\/#organization\"},\"potentialAction\":[{\"@type\":\"SearchAction\",\"target\":{\"@type\":\"EntryPoint\",\"urlTemplate\":\"https:\\\/\\\/store.microbiotech.dz\\\/?s={search_term_string}\"},\"query-input\":{\"@type\":\"PropertyValueSpecification\",\"valueRequired\":true,\"valueName\":\"search_term_string\"}}],\"inLanguage\":\"fr-FR\"},{\"@type\":\"Organization\",\"@id\":\"https:\\\/\\\/store.microbiotech.dz\\\/#organization\",\"name\":\"Microbiotech EURL\",\"url\":\"https:\\\/\\\/store.microbiotech.dz\\\/\",\"logo\":{\"@type\":\"ImageObject\",\"inLanguage\":\"fr-FR\",\"@id\":\"https:\\\/\\\/store.microbiotech.dz\\\/#\\\/schema\\\/logo\\\/image\\\/\",\"url\":\"https:\\\/\\\/store.microbiotech.dz\\\/wp-content\\\/uploads\\\/2021\\\/09\\\/cropped-logo-microbiotech-2.jpg\",\"contentUrl\":\"https:\\\/\\\/store.microbiotech.dz\\\/wp-content\\\/uploads\\\/2021\\\/09\\\/cropped-logo-microbiotech-2.jpg\",\"width\":815,\"height\":586,\"caption\":\"Microbiotech EURL\"},\"image\":{\"@id\":\"https:\\\/\\\/store.microbiotech.dz\\\/#\\\/schema\\\/logo\\\/image\\\/\"},\"sameAs\":[\"https:\\\/\\\/www.facebook.com\\\/MicroBiotech.dz\",\"https:\\\/\\\/x.com\\\/MicrobiotechD\",\"https:\\\/\\\/www.linkedin.com\\\/in\\\/microbiotech\\\/\",\"https:\\\/\\\/www.youtube.com\\\/channel\\\/UCTxc3VIiX7LXD2LQYfZEcDg\"]}]}<\/script>\n<!-- \/ Yoast SEO plugin. -->","yoast_head_json":{"title":"Pr\u00e9-d\u00e9sinfectant enzymatique d'instrumentation Pallipharm - La Boutique en ligne","description":"Le Pr\u00e9-d\u00e9sinfectant enzymatique d'instrumentation Pallipharm constitue une \u00e9tape essentielle pour assurer une d\u00e9sinfection ou une st\u00e9rilisation r\u00e9ussie !","robots":{"index":"index","follow":"follow","max-snippet":"max-snippet:-1","max-image-preview":"max-image-preview:large","max-video-preview":"max-video-preview:-1"},"canonical":"https:\/\/store.microbiotech.dz\/index.php\/produit\/pre-desinfectant-enzymatique-dinstrumentation-pallipharm\/","og_locale":"fr_FR","og_type":"article","og_title":"Pr\u00e9-d\u00e9sinfectant enzymatique d'instrumentation Pallipharm - La Boutique en ligne","og_description":"Le Pr\u00e9-d\u00e9sinfectant enzymatique d'instrumentation Pallipharm constitue une \u00e9tape essentielle pour assurer une d\u00e9sinfection ou une st\u00e9rilisation r\u00e9ussie !","og_url":"https:\/\/store.microbiotech.dz\/index.php\/produit\/pre-desinfectant-enzymatique-dinstrumentation-pallipharm\/","og_site_name":"La Boutique en ligne","article_publisher":"https:\/\/www.facebook.com\/MicroBiotech.dz","og_image":[{"width":600,"height":600,"url":"https:\/\/store.microbiotech.dz\/wp-content\/uploads\/2026\/05\/ceci-nest-pas-une-image-reelle-9.webp","type":"image\/webp"}],"twitter_card":"summary_large_image","twitter_site":"@MicrobiotechD","twitter_misc":{"Dur\u00e9e de lecture estim\u00e9e":"1 minute"},"schema":{"@context":"https:\/\/schema.org","@graph":[{"@type":"WebPage","@id":"https:\/\/store.microbiotech.dz\/index.php\/produit\/pre-desinfectant-enzymatique-dinstrumentation-pallipharm\/","url":"https:\/\/store.microbiotech.dz\/index.php\/produit\/pre-desinfectant-enzymatique-dinstrumentation-pallipharm\/","name":"Pr\u00e9-d\u00e9sinfectant enzymatique d'instrumentation Pallipharm - La Boutique en ligne","isPartOf":{"@id":"https:\/\/store.microbiotech.dz\/#website"},"primaryImageOfPage":{"@id":"https:\/\/store.microbiotech.dz\/index.php\/produit\/pre-desinfectant-enzymatique-dinstrumentation-pallipharm\/#primaryimage"},"image":{"@id":"https:\/\/store.microbiotech.dz\/index.php\/produit\/pre-desinfectant-enzymatique-dinstrumentation-pallipharm\/#primaryimage"},"thumbnailUrl":"https:\/\/store.microbiotech.dz\/wp-content\/uploads\/2026\/05\/ceci-nest-pas-une-image-reelle-9.webp","datePublished":"2026-05-03T13:04:32+00:00","description":"Le Pr\u00e9-d\u00e9sinfectant enzymatique d'instrumentation Pallipharm constitue une \u00e9tape essentielle pour assurer une d\u00e9sinfection ou une st\u00e9rilisation r\u00e9ussie !","breadcrumb":{"@id":"https:\/\/store.microbiotech.dz\/index.php\/produit\/pre-desinfectant-enzymatique-dinstrumentation-pallipharm\/#breadcrumb"},"inLanguage":"fr-FR","potentialAction":[{"@type":"ReadAction","target":["https:\/\/store.microbiotech.dz\/index.php\/produit\/pre-desinfectant-enzymatique-dinstrumentation-pallipharm\/"]}]},{"@type":"ImageObject","inLanguage":"fr-FR","@id":"https:\/\/store.microbiotech.dz\/index.php\/produit\/pre-desinfectant-enzymatique-dinstrumentation-pallipharm\/#primaryimage","url":"https:\/\/store.microbiotech.dz\/wp-content\/uploads\/2026\/05\/ceci-nest-pas-une-image-reelle-9.webp","contentUrl":"https:\/\/store.microbiotech.dz\/wp-content\/uploads\/2026\/05\/ceci-nest-pas-une-image-reelle-9.webp","width":600,"height":600,"caption":"Pr\u00e9-d\u00e9sinfectant enzymatique d'instrumentation Pallipharm"},{"@type":"BreadcrumbList","@id":"https:\/\/store.microbiotech.dz\/index.php\/produit\/pre-desinfectant-enzymatique-dinstrumentation-pallipharm\/#breadcrumb","itemListElement":[{"@type":"ListItem","position":1,"name":"Accueil","item":"https:\/\/store.microbiotech.dz\/"},{"@type":"ListItem","position":2,"name":"Nos Produits","item":"https:\/\/store.microbiotech.dz\/index.php\/nos-produits\/"},{"@type":"ListItem","position":3,"name":"Pr\u00e9-d\u00e9sinfectant enzymatique d&rsquo;instrumentation Pallipharm"}]},{"@type":"WebSite","@id":"https:\/\/store.microbiotech.dz\/#website","url":"https:\/\/store.microbiotech.dz\/","name":"La Boutique en ligne","description":"Qualit\u00e9 - Rapidit\u00e9 - Tranquillit\u00e9","publisher":{"@id":"https:\/\/store.microbiotech.dz\/#organization"},"potentialAction":[{"@type":"SearchAction","target":{"@type":"EntryPoint","urlTemplate":"https:\/\/store.microbiotech.dz\/?s={search_term_string}"},"query-input":{"@type":"PropertyValueSpecification","valueRequired":true,"valueName":"search_term_string"}}],"inLanguage":"fr-FR"},{"@type":"Organization","@id":"https:\/\/store.microbiotech.dz\/#organization","name":"Microbiotech EURL","url":"https:\/\/store.microbiotech.dz\/","logo":{"@type":"ImageObject","inLanguage":"fr-FR","@id":"https:\/\/store.microbiotech.dz\/#\/schema\/logo\/image\/","url":"https:\/\/store.microbiotech.dz\/wp-content\/uploads\/2021\/09\/cropped-logo-microbiotech-2.jpg","contentUrl":"https:\/\/store.microbiotech.dz\/wp-content\/uploads\/2021\/09\/cropped-logo-microbiotech-2.jpg","width":815,"height":586,"caption":"Microbiotech EURL"},"image":{"@id":"https:\/\/store.microbiotech.dz\/#\/schema\/logo\/image\/"},"sameAs":["https:\/\/www.facebook.com\/MicroBiotech.dz","https:\/\/x.com\/MicrobiotechD","https:\/\/www.linkedin.com\/in\/microbiotech\/","https:\/\/www.youtube.com\/channel\/UCTxc3VIiX7LXD2LQYfZEcDg"]}]}},"jetpack_sharing_enabled":true,"_links":{"self":[{"href":"https:\/\/store.microbiotech.dz\/index.php\/wp-json\/wp\/v2\/product\/21113","targetHints":{"allow":["GET"]}}],"collection":[{"href":"https:\/\/store.microbiotech.dz\/index.php\/wp-json\/wp\/v2\/product"}],"about":[{"href":"https:\/\/store.microbiotech.dz\/index.php\/wp-json\/wp\/v2\/types\/product"}],"replies":[{"embeddable":true,"href":"https:\/\/store.microbiotech.dz\/index.php\/wp-json\/wp\/v2\/comments?post=21113"}],"wp:featuredmedia":[{"embeddable":true,"href":"https:\/\/store.microbiotech.dz\/index.php\/wp-json\/wp\/v2\/media\/21120"}],"wp:attachment":[{"href":"https:\/\/store.microbiotech.dz\/index.php\/wp-json\/wp\/v2\/media?parent=21113"}],"wp:term":[{"taxonomy":"product_brand","embeddable":true,"href":"https:\/\/store.microbiotech.dz\/index.php\/wp-json\/wp\/v2\/product_brand?post=21113"},{"taxonomy":"product_cat","embeddable":true,"href":"https:\/\/store.microbiotech.dz\/index.php\/wp-json\/wp\/v2\/product_cat?post=21113"},{"taxonomy":"product_tag","embeddable":true,"href":"https:\/\/store.microbiotech.dz\/index.php\/wp-json\/wp\/v2\/product_tag?post=21113"}],"curies":[{"name":"wp","href":"https:\/\/api.w.org\/{rel}","templated":true}]}}