{"id":21076,"date":"2026-05-03T10:28:39","date_gmt":"2026-05-03T09:28:39","guid":{"rendered":"https:\/\/store.microbiotech.dz\/?post_type=product&#038;p=21076"},"modified":"2026-05-03T10:28:39","modified_gmt":"2026-05-03T09:28:39","slug":"renovateur-dinstrumentation-en-inox-concentre-pallipharm","status":"publish","type":"product","link":"https:\/\/store.microbiotech.dz\/index.php\/produit\/renovateur-dinstrumentation-en-inox-concentre-pallipharm\/","title":{"rendered":"R\u00e9novateur d&rsquo;instrumentation en inox concentr\u00e9 Pallipharm"},"content":{"rendered":"<p>Le R\u00e9novateur d&rsquo;instrumentation en inox concentr\u00e9 Pallipharm nettoie, d\u00e9tartre et redonne vie \u00e0 vos instruments en acier inoxydable. Sa formule concentr\u00e9e agit en profondeur : elle \u00e9limine la rouille superficielle, dissout les d\u00e9p\u00f4ts min\u00e9raux et supprime les micro-corrosions sans ab\u00eemer les surfaces polies.<\/p>\n<p data-start=\"498\" data-end=\"674\">Utilisez-le facilement en trempage, en cuve \u00e0 <a href=\"https:\/\/fr.wikipedia.org\/wiki\/Ultrason\" target=\"_blank\" rel=\"noopener\">ultrasons<\/a> ou en nettoyage manuel. Il convient parfaitement aux pinces, ciseaux, \u00e9carteurs, plateaux et autres dispositifs en inox.<\/p>\n<p data-start=\"676\" data-end=\"907\">Le R\u00e9novateur d&rsquo;instrumentation en inox concentr\u00e9 Pallipharm s\u2019adresse aux professionnels exigeants : blocs op\u00e9ratoires, services de <a href=\"https:\/\/store.microbiotech.dz\/?s=st%C3%A9rilisation\" target=\"_blank\" rel=\"noopener\">st\u00e9rilisation<\/a>, laboratoires et cabinets dentaires. Il s\u2019int\u00e8gre dans un entretien r\u00e9gulier pour garantir des instruments propres, durables et fiables.<\/p>\n","protected":false},"excerpt":{"rendered":"<p>&nbsp;<\/p>\n<p>Marque :\u00a0<strong>Pallipharm<\/strong><img loading=\"lazy\" decoding=\"async\" class=\"alignnone wp-image-2080\" src=\"https:\/\/store.microbiotech.dz\/wp-content\/uploads\/2022\/06\/algeria-flag-300x225.png\" alt=\"\" width=\"56\" height=\"42\" srcset=\"https:\/\/store.microbiotech.dz\/wp-content\/uploads\/2022\/06\/algeria-flag-300x225.png 300w, https:\/\/store.microbiotech.dz\/wp-content\/uploads\/2022\/06\/algeria-flag-600x450.png 600w, https:\/\/store.microbiotech.dz\/wp-content\/uploads\/2022\/06\/algeria-flag.png 640w\" sizes=\"auto, (max-width: 56px) 100vw, 56px\" \/><br \/>\nVolume : <strong>1L<\/strong><br \/>\nComposition :<strong> Acide phosphorique, surfactants, excipients, eau distill\u00e9.<\/strong><br \/>\nAspect : <strong>Liquide<\/strong>.<br \/>\nCouleur : <strong>Incolore<\/strong><br \/>\nOdeur : <strong>Caract\u00e9ristique<\/strong>.<br \/>\nPH : <strong>1.48(\u00e0 20\u00b0C)<\/strong><br \/>\nDensit\u00e9 :<strong> 1.324 g\/cm3<\/strong><br \/>\nUtiliser uniquement :<strong> sur de l&rsquo;acier inoxydable<br \/>\n<\/strong>T\u00e9l\u00e9chargement : <a href=\"https:\/\/store.microbiotech.dz\/wp-content\/uploads\/2026\/05\/PALINOX.pdf.pdf\">FT PALINOX<\/a><\/p>\n","protected":false},"featured_media":21078,"comment_status":"open","ping_status":"closed","template":"","meta":{"site-sidebar-layout":"default","site-content-layout":"","ast-site-content-layout":"default","site-content-style":"default","site-sidebar-style":"default","ast-global-header-display":"","ast-banner-title-visibility":"","ast-main-header-display":"","ast-hfb-above-header-display":"","ast-hfb-below-header-display":"","ast-hfb-mobile-header-display":"","site-post-title":"","ast-breadcrumbs-content":"","ast-featured-img":"","footer-sml-layout":"","ast-disable-related-posts":"","theme-transparent-header-meta":"default","adv-header-id-meta":"","stick-header-meta":"","header-above-stick-meta":"","header-main-stick-meta":"","header-below-stick-meta":"","astra-migrate-meta-layouts":"set","ast-page-background-enabled":"default","ast-page-background-meta":{"desktop":{"background-color":"var(--ast-global-color-4)","background-image":"","background-repeat":"repeat","background-position":"center center","background-size":"auto","background-attachment":"scroll","background-type":"","background-media":"","overlay-type":"","overlay-color":"","overlay-opacity":"","overlay-gradient":""},"tablet":{"background-color":"","background-image":"","background-repeat":"repeat","background-position":"center center","background-size":"auto","background-attachment":"scroll","background-type":"","background-media":"","overlay-type":"","overlay-color":"","overlay-opacity":"","overlay-gradient":""},"mobile":{"background-color":"","background-image":"","background-repeat":"repeat","background-position":"center center","background-size":"auto","background-attachment":"scroll","background-type":"","background-media":"","overlay-type":"","overlay-color":"","overlay-opacity":"","overlay-gradient":""}},"ast-content-background-meta":{"desktop":{"background-color":"var(--ast-global-color-5)","background-image":"","background-repeat":"repeat","background-position":"center center","background-size":"auto","background-attachment":"scroll","background-type":"","background-media":"","overlay-type":"","overlay-color":"","overlay-opacity":"","overlay-gradient":""},"tablet":{"background-color":"var(--ast-global-color-5)","background-image":"","background-repeat":"repeat","background-position":"center center","background-size":"auto","background-attachment":"scroll","background-type":"","background-media":"","overlay-type":"","overlay-color":"","overlay-opacity":"","overlay-gradient":""},"mobile":{"background-color":"var(--ast-global-color-5)","background-image":"","background-repeat":"repeat","background-position":"center center","background-size":"auto","background-attachment":"scroll","background-type":"","background-media":"","overlay-type":"","overlay-color":"","overlay-opacity":"","overlay-gradient":""}},"jetpack_post_was_ever_published":false},"product_brand":[],"product_cat":[94],"product_tag":[3648,3643,3642,1080,3647,3645,3646],"class_list":{"0":"post-21076","1":"product","2":"type-product","3":"status-publish","4":"has-post-thumbnail","6":"product_cat-additifs-et-autres","7":"product_tag-appareil","8":"product_tag-desinfectant","9":"product_tag-f198","10":"product_tag-inox","11":"product_tag-instrumentation","12":"product_tag-pallipharm","13":"product_tag-renovateur","14":"desktop-align-center","15":"tablet-align-left","16":"mobile-align-left","18":"first","19":"instock","20":"taxable","21":"shipping-taxable","22":"purchasable","23":"product-type-simple"},"yoast_head":"<!-- This site is optimized with the Yoast SEO plugin v27.5 - https:\/\/yoast.com\/product\/yoast-seo-wordpress\/ -->\n<title>R\u00e9novateur d&#039;instrumentation en inox concentr\u00e9 Pallipharm - La Boutique en ligne<\/title>\n<meta name=\"description\" content=\"Avec le R\u00e9novateur d&#039;instrumentation en inox concentr\u00e9 Pallipharm vos instruments restent performants plus longtemps et conservent leur qualit\u00e9 d\u2019origine.\" \/>\n<meta name=\"robots\" content=\"index, follow, max-snippet:-1, max-image-preview:large, max-video-preview:-1\" \/>\n<link rel=\"canonical\" href=\"https:\/\/store.microbiotech.dz\/index.php\/produit\/renovateur-dinstrumentation-en-inox-concentre-pallipharm\/\" \/>\n<meta property=\"og:locale\" content=\"fr_FR\" \/>\n<meta property=\"og:type\" content=\"article\" \/>\n<meta property=\"og:title\" content=\"R\u00e9novateur d&#039;instrumentation en inox concentr\u00e9 Pallipharm - La Boutique en ligne\" \/>\n<meta property=\"og:description\" content=\"Avec le R\u00e9novateur d&#039;instrumentation en inox concentr\u00e9 Pallipharm vos instruments restent performants plus longtemps et conservent leur qualit\u00e9 d\u2019origine.\" \/>\n<meta property=\"og:url\" content=\"https:\/\/store.microbiotech.dz\/index.php\/produit\/renovateur-dinstrumentation-en-inox-concentre-pallipharm\/\" \/>\n<meta property=\"og:site_name\" content=\"La Boutique en ligne\" \/>\n<meta property=\"article:publisher\" content=\"https:\/\/www.facebook.com\/MicroBiotech.dz\" \/>\n<meta property=\"og:image\" content=\"https:\/\/store.microbiotech.dz\/wp-content\/uploads\/2026\/05\/ceci-nest-pas-une-image-reelle.webp\" \/>\n\t<meta property=\"og:image:width\" content=\"600\" \/>\n\t<meta property=\"og:image:height\" content=\"600\" \/>\n\t<meta property=\"og:image:type\" content=\"image\/webp\" \/>\n<meta name=\"twitter:card\" content=\"summary_large_image\" \/>\n<meta name=\"twitter:site\" content=\"@MicrobiotechD\" \/>\n<meta name=\"twitter:label1\" content=\"Dur\u00e9e de lecture estim\u00e9e\" \/>\n\t<meta name=\"twitter:data1\" content=\"1 minute\" \/>\n<script type=\"application\/ld+json\" class=\"yoast-schema-graph\">{\"@context\":\"https:\\\/\\\/schema.org\",\"@graph\":[{\"@type\":\"WebPage\",\"@id\":\"https:\\\/\\\/store.microbiotech.dz\\\/index.php\\\/produit\\\/renovateur-dinstrumentation-en-inox-concentre-pallipharm\\\/\",\"url\":\"https:\\\/\\\/store.microbiotech.dz\\\/index.php\\\/produit\\\/renovateur-dinstrumentation-en-inox-concentre-pallipharm\\\/\",\"name\":\"R\u00e9novateur d'instrumentation en inox concentr\u00e9 Pallipharm - La Boutique en ligne\",\"isPartOf\":{\"@id\":\"https:\\\/\\\/store.microbiotech.dz\\\/#website\"},\"primaryImageOfPage\":{\"@id\":\"https:\\\/\\\/store.microbiotech.dz\\\/index.php\\\/produit\\\/renovateur-dinstrumentation-en-inox-concentre-pallipharm\\\/#primaryimage\"},\"image\":{\"@id\":\"https:\\\/\\\/store.microbiotech.dz\\\/index.php\\\/produit\\\/renovateur-dinstrumentation-en-inox-concentre-pallipharm\\\/#primaryimage\"},\"thumbnailUrl\":\"https:\\\/\\\/store.microbiotech.dz\\\/wp-content\\\/uploads\\\/2026\\\/05\\\/ceci-nest-pas-une-image-reelle.webp\",\"datePublished\":\"2026-05-03T09:28:39+00:00\",\"description\":\"Avec le R\u00e9novateur d'instrumentation en inox concentr\u00e9 Pallipharm vos instruments restent performants plus longtemps et conservent leur qualit\u00e9 d\u2019origine.\",\"breadcrumb\":{\"@id\":\"https:\\\/\\\/store.microbiotech.dz\\\/index.php\\\/produit\\\/renovateur-dinstrumentation-en-inox-concentre-pallipharm\\\/#breadcrumb\"},\"inLanguage\":\"fr-FR\",\"potentialAction\":[{\"@type\":\"ReadAction\",\"target\":[\"https:\\\/\\\/store.microbiotech.dz\\\/index.php\\\/produit\\\/renovateur-dinstrumentation-en-inox-concentre-pallipharm\\\/\"]}]},{\"@type\":\"ImageObject\",\"inLanguage\":\"fr-FR\",\"@id\":\"https:\\\/\\\/store.microbiotech.dz\\\/index.php\\\/produit\\\/renovateur-dinstrumentation-en-inox-concentre-pallipharm\\\/#primaryimage\",\"url\":\"https:\\\/\\\/store.microbiotech.dz\\\/wp-content\\\/uploads\\\/2026\\\/05\\\/ceci-nest-pas-une-image-reelle.webp\",\"contentUrl\":\"https:\\\/\\\/store.microbiotech.dz\\\/wp-content\\\/uploads\\\/2026\\\/05\\\/ceci-nest-pas-une-image-reelle.webp\",\"width\":600,\"height\":600,\"caption\":\"R\u00e9novateur d'instrumentation en inox concentr\u00e9 Pallipharm\"},{\"@type\":\"BreadcrumbList\",\"@id\":\"https:\\\/\\\/store.microbiotech.dz\\\/index.php\\\/produit\\\/renovateur-dinstrumentation-en-inox-concentre-pallipharm\\\/#breadcrumb\",\"itemListElement\":[{\"@type\":\"ListItem\",\"position\":1,\"name\":\"Accueil\",\"item\":\"https:\\\/\\\/store.microbiotech.dz\\\/\"},{\"@type\":\"ListItem\",\"position\":2,\"name\":\"Nos Produits\",\"item\":\"https:\\\/\\\/store.microbiotech.dz\\\/index.php\\\/nos-produits\\\/\"},{\"@type\":\"ListItem\",\"position\":3,\"name\":\"R\u00e9novateur d&rsquo;instrumentation en inox concentr\u00e9 Pallipharm\"}]},{\"@type\":\"WebSite\",\"@id\":\"https:\\\/\\\/store.microbiotech.dz\\\/#website\",\"url\":\"https:\\\/\\\/store.microbiotech.dz\\\/\",\"name\":\"La Boutique en ligne\",\"description\":\"Qualit\u00e9 - Rapidit\u00e9 - Tranquillit\u00e9\",\"publisher\":{\"@id\":\"https:\\\/\\\/store.microbiotech.dz\\\/#organization\"},\"potentialAction\":[{\"@type\":\"SearchAction\",\"target\":{\"@type\":\"EntryPoint\",\"urlTemplate\":\"https:\\\/\\\/store.microbiotech.dz\\\/?s={search_term_string}\"},\"query-input\":{\"@type\":\"PropertyValueSpecification\",\"valueRequired\":true,\"valueName\":\"search_term_string\"}}],\"inLanguage\":\"fr-FR\"},{\"@type\":\"Organization\",\"@id\":\"https:\\\/\\\/store.microbiotech.dz\\\/#organization\",\"name\":\"Microbiotech EURL\",\"url\":\"https:\\\/\\\/store.microbiotech.dz\\\/\",\"logo\":{\"@type\":\"ImageObject\",\"inLanguage\":\"fr-FR\",\"@id\":\"https:\\\/\\\/store.microbiotech.dz\\\/#\\\/schema\\\/logo\\\/image\\\/\",\"url\":\"https:\\\/\\\/store.microbiotech.dz\\\/wp-content\\\/uploads\\\/2021\\\/09\\\/cropped-logo-microbiotech-2.jpg\",\"contentUrl\":\"https:\\\/\\\/store.microbiotech.dz\\\/wp-content\\\/uploads\\\/2021\\\/09\\\/cropped-logo-microbiotech-2.jpg\",\"width\":815,\"height\":586,\"caption\":\"Microbiotech EURL\"},\"image\":{\"@id\":\"https:\\\/\\\/store.microbiotech.dz\\\/#\\\/schema\\\/logo\\\/image\\\/\"},\"sameAs\":[\"https:\\\/\\\/www.facebook.com\\\/MicroBiotech.dz\",\"https:\\\/\\\/x.com\\\/MicrobiotechD\",\"https:\\\/\\\/www.linkedin.com\\\/in\\\/microbiotech\\\/\",\"https:\\\/\\\/www.youtube.com\\\/channel\\\/UCTxc3VIiX7LXD2LQYfZEcDg\"]}]}<\/script>\n<!-- \/ Yoast SEO plugin. -->","yoast_head_json":{"title":"R\u00e9novateur d'instrumentation en inox concentr\u00e9 Pallipharm - La Boutique en ligne","description":"Avec le R\u00e9novateur d'instrumentation en inox concentr\u00e9 Pallipharm vos instruments restent performants plus longtemps et conservent leur qualit\u00e9 d\u2019origine.","robots":{"index":"index","follow":"follow","max-snippet":"max-snippet:-1","max-image-preview":"max-image-preview:large","max-video-preview":"max-video-preview:-1"},"canonical":"https:\/\/store.microbiotech.dz\/index.php\/produit\/renovateur-dinstrumentation-en-inox-concentre-pallipharm\/","og_locale":"fr_FR","og_type":"article","og_title":"R\u00e9novateur d'instrumentation en inox concentr\u00e9 Pallipharm - La Boutique en ligne","og_description":"Avec le R\u00e9novateur d'instrumentation en inox concentr\u00e9 Pallipharm vos instruments restent performants plus longtemps et conservent leur qualit\u00e9 d\u2019origine.","og_url":"https:\/\/store.microbiotech.dz\/index.php\/produit\/renovateur-dinstrumentation-en-inox-concentre-pallipharm\/","og_site_name":"La Boutique en ligne","article_publisher":"https:\/\/www.facebook.com\/MicroBiotech.dz","og_image":[{"width":600,"height":600,"url":"https:\/\/store.microbiotech.dz\/wp-content\/uploads\/2026\/05\/ceci-nest-pas-une-image-reelle.webp","type":"image\/webp"}],"twitter_card":"summary_large_image","twitter_site":"@MicrobiotechD","twitter_misc":{"Dur\u00e9e de lecture estim\u00e9e":"1 minute"},"schema":{"@context":"https:\/\/schema.org","@graph":[{"@type":"WebPage","@id":"https:\/\/store.microbiotech.dz\/index.php\/produit\/renovateur-dinstrumentation-en-inox-concentre-pallipharm\/","url":"https:\/\/store.microbiotech.dz\/index.php\/produit\/renovateur-dinstrumentation-en-inox-concentre-pallipharm\/","name":"R\u00e9novateur d'instrumentation en inox concentr\u00e9 Pallipharm - La Boutique en ligne","isPartOf":{"@id":"https:\/\/store.microbiotech.dz\/#website"},"primaryImageOfPage":{"@id":"https:\/\/store.microbiotech.dz\/index.php\/produit\/renovateur-dinstrumentation-en-inox-concentre-pallipharm\/#primaryimage"},"image":{"@id":"https:\/\/store.microbiotech.dz\/index.php\/produit\/renovateur-dinstrumentation-en-inox-concentre-pallipharm\/#primaryimage"},"thumbnailUrl":"https:\/\/store.microbiotech.dz\/wp-content\/uploads\/2026\/05\/ceci-nest-pas-une-image-reelle.webp","datePublished":"2026-05-03T09:28:39+00:00","description":"Avec le R\u00e9novateur d'instrumentation en inox concentr\u00e9 Pallipharm vos instruments restent performants plus longtemps et conservent leur qualit\u00e9 d\u2019origine.","breadcrumb":{"@id":"https:\/\/store.microbiotech.dz\/index.php\/produit\/renovateur-dinstrumentation-en-inox-concentre-pallipharm\/#breadcrumb"},"inLanguage":"fr-FR","potentialAction":[{"@type":"ReadAction","target":["https:\/\/store.microbiotech.dz\/index.php\/produit\/renovateur-dinstrumentation-en-inox-concentre-pallipharm\/"]}]},{"@type":"ImageObject","inLanguage":"fr-FR","@id":"https:\/\/store.microbiotech.dz\/index.php\/produit\/renovateur-dinstrumentation-en-inox-concentre-pallipharm\/#primaryimage","url":"https:\/\/store.microbiotech.dz\/wp-content\/uploads\/2026\/05\/ceci-nest-pas-une-image-reelle.webp","contentUrl":"https:\/\/store.microbiotech.dz\/wp-content\/uploads\/2026\/05\/ceci-nest-pas-une-image-reelle.webp","width":600,"height":600,"caption":"R\u00e9novateur d'instrumentation en inox concentr\u00e9 Pallipharm"},{"@type":"BreadcrumbList","@id":"https:\/\/store.microbiotech.dz\/index.php\/produit\/renovateur-dinstrumentation-en-inox-concentre-pallipharm\/#breadcrumb","itemListElement":[{"@type":"ListItem","position":1,"name":"Accueil","item":"https:\/\/store.microbiotech.dz\/"},{"@type":"ListItem","position":2,"name":"Nos Produits","item":"https:\/\/store.microbiotech.dz\/index.php\/nos-produits\/"},{"@type":"ListItem","position":3,"name":"R\u00e9novateur d&rsquo;instrumentation en inox concentr\u00e9 Pallipharm"}]},{"@type":"WebSite","@id":"https:\/\/store.microbiotech.dz\/#website","url":"https:\/\/store.microbiotech.dz\/","name":"La Boutique en ligne","description":"Qualit\u00e9 - Rapidit\u00e9 - Tranquillit\u00e9","publisher":{"@id":"https:\/\/store.microbiotech.dz\/#organization"},"potentialAction":[{"@type":"SearchAction","target":{"@type":"EntryPoint","urlTemplate":"https:\/\/store.microbiotech.dz\/?s={search_term_string}"},"query-input":{"@type":"PropertyValueSpecification","valueRequired":true,"valueName":"search_term_string"}}],"inLanguage":"fr-FR"},{"@type":"Organization","@id":"https:\/\/store.microbiotech.dz\/#organization","name":"Microbiotech EURL","url":"https:\/\/store.microbiotech.dz\/","logo":{"@type":"ImageObject","inLanguage":"fr-FR","@id":"https:\/\/store.microbiotech.dz\/#\/schema\/logo\/image\/","url":"https:\/\/store.microbiotech.dz\/wp-content\/uploads\/2021\/09\/cropped-logo-microbiotech-2.jpg","contentUrl":"https:\/\/store.microbiotech.dz\/wp-content\/uploads\/2021\/09\/cropped-logo-microbiotech-2.jpg","width":815,"height":586,"caption":"Microbiotech EURL"},"image":{"@id":"https:\/\/store.microbiotech.dz\/#\/schema\/logo\/image\/"},"sameAs":["https:\/\/www.facebook.com\/MicroBiotech.dz","https:\/\/x.com\/MicrobiotechD","https:\/\/www.linkedin.com\/in\/microbiotech\/","https:\/\/www.youtube.com\/channel\/UCTxc3VIiX7LXD2LQYfZEcDg"]}]}},"jetpack_sharing_enabled":true,"_links":{"self":[{"href":"https:\/\/store.microbiotech.dz\/index.php\/wp-json\/wp\/v2\/product\/21076","targetHints":{"allow":["GET"]}}],"collection":[{"href":"https:\/\/store.microbiotech.dz\/index.php\/wp-json\/wp\/v2\/product"}],"about":[{"href":"https:\/\/store.microbiotech.dz\/index.php\/wp-json\/wp\/v2\/types\/product"}],"replies":[{"embeddable":true,"href":"https:\/\/store.microbiotech.dz\/index.php\/wp-json\/wp\/v2\/comments?post=21076"}],"wp:featuredmedia":[{"embeddable":true,"href":"https:\/\/store.microbiotech.dz\/index.php\/wp-json\/wp\/v2\/media\/21078"}],"wp:attachment":[{"href":"https:\/\/store.microbiotech.dz\/index.php\/wp-json\/wp\/v2\/media?parent=21076"}],"wp:term":[{"taxonomy":"product_brand","embeddable":true,"href":"https:\/\/store.microbiotech.dz\/index.php\/wp-json\/wp\/v2\/product_brand?post=21076"},{"taxonomy":"product_cat","embeddable":true,"href":"https:\/\/store.microbiotech.dz\/index.php\/wp-json\/wp\/v2\/product_cat?post=21076"},{"taxonomy":"product_tag","embeddable":true,"href":"https:\/\/store.microbiotech.dz\/index.php\/wp-json\/wp\/v2\/product_tag?post=21076"}],"curies":[{"name":"wp","href":"https:\/\/api.w.org\/{rel}","templated":true}]}}