{"id":20986,"date":"2026-04-27T11:05:25","date_gmt":"2026-04-27T10:05:25","guid":{"rendered":"https:\/\/store.microbiotech.dz\/?post_type=product&#038;p=20986"},"modified":"2026-04-27T11:05:25","modified_gmt":"2026-04-27T10:05:25","slug":"kit-delectrophorese","status":"publish","type":"product","link":"https:\/\/store.microbiotech.dz\/index.php\/produit\/kit-delectrophorese\/","title":{"rendered":"Kit d&rsquo;\u00e9lectrophor\u00e8se"},"content":{"rendered":"<p>Ce kit <a href=\"https:\/\/store.microbiotech.dz\/?s=%C3%A9lectrophor%C3%A8se\" target=\"_blank\" rel=\"noopener\">d\u2019\u00e9lectrophor\u00e8se<\/a> r\u00e9unit des composants essentiels pour la s\u00e9paration et la d\u00e9tection des acides nucl\u00e9iques. Il inclut un agarose de grade biologie mol\u00e9culaire, purifi\u00e9 et exempt de DNase, RNase et prot\u00e9ase, qui assure une s\u00e9paration nette et performante de l\u2019ADN et de l\u2019ARN. Il contient aussi un m\u00e9lange TBE granul\u00e9, solution pr\u00eate \u00e0 l\u2019emploi qui stabilise les conditions de migration lors des analyses sur gel. Le kit int\u00e8gre \u00e9galement le GoldView, un colorant moderne et s\u00fbr qui remplace le <a href=\"https:\/\/fr.wikipedia.org\/wiki\/Bromure_d%27%C3%A9thidium\" target=\"_blank\" rel=\"noopener\">bromure d\u2019\u00e9thidium<\/a>, avec une sensibilit\u00e9 \u00e9lev\u00e9e pour visualiser l\u2019ADN et l\u2019ARN sous UV. Ce Kit d&rsquo;\u00e9lectrophor\u00e8se complet garantit des r\u00e9sultats fiables, pr\u00e9cis et adapt\u00e9s aux exigences des laboratoires de biologie mol\u00e9culaire.<\/p>\n","protected":false},"excerpt":{"rendered":"<p>&nbsp;<\/p>\n<p>Marque :\u00a0<strong>Wiragen<\/strong>\u00a0<img loading=\"lazy\" decoding=\"async\" class=\"alignnone wp-image-2080\" src=\"https:\/\/store.microbiotech.dz\/wp-content\/uploads\/2022\/06\/algeria-flag-300x225.png\" alt=\"\" width=\"45\" height=\"34\" srcset=\"https:\/\/store.microbiotech.dz\/wp-content\/uploads\/2022\/06\/algeria-flag-300x225.png 300w, https:\/\/store.microbiotech.dz\/wp-content\/uploads\/2022\/06\/algeria-flag-600x450.png 600w, https:\/\/store.microbiotech.dz\/wp-content\/uploads\/2022\/06\/algeria-flag.png 640w\" sizes=\"auto, (max-width: 45px) 100vw, 45px\" \/><br \/>\nComposition : <strong>80g TBE ; 20g agarose ; 50ul gold view<span class=\"fontstyle0\">\u00a0<\/span><\/strong><br \/>\nT\u00e9l\u00e9chargement : <a href=\"https:\/\/store.microbiotech.dz\/wp-content\/uploads\/2026\/04\/EH01-01-KIT-ELECTROPH.pdf\">KIT ELECTROPHORESE<\/a><\/p>\n","protected":false},"featured_media":20988,"comment_status":"open","ping_status":"closed","template":"","meta":{"site-sidebar-layout":"default","site-content-layout":"","ast-site-content-layout":"default","site-content-style":"default","site-sidebar-style":"default","ast-global-header-display":"","ast-banner-title-visibility":"","ast-main-header-display":"","ast-hfb-above-header-display":"","ast-hfb-below-header-display":"","ast-hfb-mobile-header-display":"","site-post-title":"","ast-breadcrumbs-content":"","ast-featured-img":"","footer-sml-layout":"","ast-disable-related-posts":"","theme-transparent-header-meta":"default","adv-header-id-meta":"","stick-header-meta":"","header-above-stick-meta":"","header-main-stick-meta":"","header-below-stick-meta":"","astra-migrate-meta-layouts":"set","ast-page-background-enabled":"default","ast-page-background-meta":{"desktop":{"background-color":"var(--ast-global-color-4)","background-image":"","background-repeat":"repeat","background-position":"center center","background-size":"auto","background-attachment":"scroll","background-type":"","background-media":"","overlay-type":"","overlay-color":"","overlay-opacity":"","overlay-gradient":""},"tablet":{"background-color":"","background-image":"","background-repeat":"repeat","background-position":"center center","background-size":"auto","background-attachment":"scroll","background-type":"","background-media":"","overlay-type":"","overlay-color":"","overlay-opacity":"","overlay-gradient":""},"mobile":{"background-color":"","background-image":"","background-repeat":"repeat","background-position":"center center","background-size":"auto","background-attachment":"scroll","background-type":"","background-media":"","overlay-type":"","overlay-color":"","overlay-opacity":"","overlay-gradient":""}},"ast-content-background-meta":{"desktop":{"background-color":"var(--ast-global-color-5)","background-image":"","background-repeat":"repeat","background-position":"center center","background-size":"auto","background-attachment":"scroll","background-type":"","background-media":"","overlay-type":"","overlay-color":"","overlay-opacity":"","overlay-gradient":""},"tablet":{"background-color":"var(--ast-global-color-5)","background-image":"","background-repeat":"repeat","background-position":"center center","background-size":"auto","background-attachment":"scroll","background-type":"","background-media":"","overlay-type":"","overlay-color":"","overlay-opacity":"","overlay-gradient":""},"mobile":{"background-color":"var(--ast-global-color-5)","background-image":"","background-repeat":"repeat","background-position":"center center","background-size":"auto","background-attachment":"scroll","background-type":"","background-media":"","overlay-type":"","overlay-color":"","overlay-opacity":"","overlay-gradient":""}},"jetpack_post_was_ever_published":false},"product_brand":[],"product_cat":[87],"product_tag":[1580,1578,1316,3637,3635,3636],"class_list":{"0":"post-20986","1":"product","2":"type-product","3":"status-publish","4":"has-post-thumbnail","6":"product_cat-biomol","7":"product_tag-agarose","8":"product_tag-electrophorese","9":"product_tag-f108","10":"product_tag-goldview","11":"product_tag-kit-delectrophorese","12":"product_tag-tbe","13":"desktop-align-center","14":"tablet-align-left","15":"mobile-align-left","17":"first","18":"instock","19":"taxable","20":"shipping-taxable","21":"purchasable","22":"product-type-simple"},"yoast_head":"<!-- This site is optimized with the Yoast SEO plugin v27.4 - https:\/\/yoast.com\/product\/yoast-seo-wordpress\/ -->\n<title>Kit d&#039;\u00e9lectrophor\u00e8se - La Boutique en ligne<\/title>\n<meta name=\"description\" content=\"Ce kit d\u2019\u00e9lectrophor\u00e8se r\u00e9unit des composants essentiels pour la s\u00e9paration et la d\u00e9tection des acides nucl\u00e9iques au meilleur prix !\" \/>\n<meta name=\"robots\" content=\"index, follow, max-snippet:-1, max-image-preview:large, max-video-preview:-1\" \/>\n<link rel=\"canonical\" href=\"https:\/\/store.microbiotech.dz\/index.php\/produit\/kit-delectrophorese\/\" \/>\n<meta property=\"og:locale\" content=\"fr_FR\" \/>\n<meta property=\"og:type\" content=\"article\" \/>\n<meta property=\"og:title\" content=\"Kit d&#039;\u00e9lectrophor\u00e8se - La Boutique en ligne\" \/>\n<meta property=\"og:description\" content=\"Ce kit d\u2019\u00e9lectrophor\u00e8se r\u00e9unit des composants essentiels pour la s\u00e9paration et la d\u00e9tection des acides nucl\u00e9iques au meilleur prix !\" \/>\n<meta property=\"og:url\" content=\"https:\/\/store.microbiotech.dz\/index.php\/produit\/kit-delectrophorese\/\" \/>\n<meta property=\"og:site_name\" content=\"La Boutique en ligne\" \/>\n<meta property=\"article:publisher\" content=\"https:\/\/www.facebook.com\/MicroBiotech.dz\" \/>\n<meta property=\"og:image\" content=\"https:\/\/store.microbiotech.dz\/wp-content\/uploads\/2026\/04\/kit-electro.webp\" \/>\n\t<meta property=\"og:image:width\" content=\"600\" \/>\n\t<meta property=\"og:image:height\" content=\"600\" \/>\n\t<meta property=\"og:image:type\" content=\"image\/webp\" \/>\n<meta name=\"twitter:card\" content=\"summary_large_image\" \/>\n<meta name=\"twitter:site\" content=\"@MicrobiotechD\" \/>\n<meta name=\"twitter:label1\" content=\"Dur\u00e9e de lecture estim\u00e9e\" \/>\n\t<meta name=\"twitter:data1\" content=\"1 minute\" \/>\n<script type=\"application\/ld+json\" class=\"yoast-schema-graph\">{\"@context\":\"https:\\\/\\\/schema.org\",\"@graph\":[{\"@type\":\"WebPage\",\"@id\":\"https:\\\/\\\/store.microbiotech.dz\\\/index.php\\\/produit\\\/kit-delectrophorese\\\/\",\"url\":\"https:\\\/\\\/store.microbiotech.dz\\\/index.php\\\/produit\\\/kit-delectrophorese\\\/\",\"name\":\"Kit d'\u00e9lectrophor\u00e8se - La Boutique en ligne\",\"isPartOf\":{\"@id\":\"https:\\\/\\\/store.microbiotech.dz\\\/#website\"},\"primaryImageOfPage\":{\"@id\":\"https:\\\/\\\/store.microbiotech.dz\\\/index.php\\\/produit\\\/kit-delectrophorese\\\/#primaryimage\"},\"image\":{\"@id\":\"https:\\\/\\\/store.microbiotech.dz\\\/index.php\\\/produit\\\/kit-delectrophorese\\\/#primaryimage\"},\"thumbnailUrl\":\"https:\\\/\\\/store.microbiotech.dz\\\/wp-content\\\/uploads\\\/2026\\\/04\\\/kit-electro.webp\",\"datePublished\":\"2026-04-27T10:05:25+00:00\",\"description\":\"Ce kit d\u2019\u00e9lectrophor\u00e8se r\u00e9unit des composants essentiels pour la s\u00e9paration et la d\u00e9tection des acides nucl\u00e9iques au meilleur prix !\",\"breadcrumb\":{\"@id\":\"https:\\\/\\\/store.microbiotech.dz\\\/index.php\\\/produit\\\/kit-delectrophorese\\\/#breadcrumb\"},\"inLanguage\":\"fr-FR\",\"potentialAction\":[{\"@type\":\"ReadAction\",\"target\":[\"https:\\\/\\\/store.microbiotech.dz\\\/index.php\\\/produit\\\/kit-delectrophorese\\\/\"]}]},{\"@type\":\"ImageObject\",\"inLanguage\":\"fr-FR\",\"@id\":\"https:\\\/\\\/store.microbiotech.dz\\\/index.php\\\/produit\\\/kit-delectrophorese\\\/#primaryimage\",\"url\":\"https:\\\/\\\/store.microbiotech.dz\\\/wp-content\\\/uploads\\\/2026\\\/04\\\/kit-electro.webp\",\"contentUrl\":\"https:\\\/\\\/store.microbiotech.dz\\\/wp-content\\\/uploads\\\/2026\\\/04\\\/kit-electro.webp\",\"width\":600,\"height\":600,\"caption\":\"Kit d'\u00e9lectrophor\u00e8se\"},{\"@type\":\"BreadcrumbList\",\"@id\":\"https:\\\/\\\/store.microbiotech.dz\\\/index.php\\\/produit\\\/kit-delectrophorese\\\/#breadcrumb\",\"itemListElement\":[{\"@type\":\"ListItem\",\"position\":1,\"name\":\"Accueil\",\"item\":\"https:\\\/\\\/store.microbiotech.dz\\\/\"},{\"@type\":\"ListItem\",\"position\":2,\"name\":\"Nos Produits\",\"item\":\"https:\\\/\\\/store.microbiotech.dz\\\/index.php\\\/nos-produits\\\/\"},{\"@type\":\"ListItem\",\"position\":3,\"name\":\"Kit d&rsquo;\u00e9lectrophor\u00e8se\"}]},{\"@type\":\"WebSite\",\"@id\":\"https:\\\/\\\/store.microbiotech.dz\\\/#website\",\"url\":\"https:\\\/\\\/store.microbiotech.dz\\\/\",\"name\":\"La Boutique en ligne\",\"description\":\"Qualit\u00e9 - Rapidit\u00e9 - Tranquillit\u00e9\",\"publisher\":{\"@id\":\"https:\\\/\\\/store.microbiotech.dz\\\/#organization\"},\"potentialAction\":[{\"@type\":\"SearchAction\",\"target\":{\"@type\":\"EntryPoint\",\"urlTemplate\":\"https:\\\/\\\/store.microbiotech.dz\\\/?s={search_term_string}\"},\"query-input\":{\"@type\":\"PropertyValueSpecification\",\"valueRequired\":true,\"valueName\":\"search_term_string\"}}],\"inLanguage\":\"fr-FR\"},{\"@type\":\"Organization\",\"@id\":\"https:\\\/\\\/store.microbiotech.dz\\\/#organization\",\"name\":\"Microbiotech EURL\",\"url\":\"https:\\\/\\\/store.microbiotech.dz\\\/\",\"logo\":{\"@type\":\"ImageObject\",\"inLanguage\":\"fr-FR\",\"@id\":\"https:\\\/\\\/store.microbiotech.dz\\\/#\\\/schema\\\/logo\\\/image\\\/\",\"url\":\"https:\\\/\\\/store.microbiotech.dz\\\/wp-content\\\/uploads\\\/2021\\\/09\\\/cropped-logo-microbiotech-2.jpg\",\"contentUrl\":\"https:\\\/\\\/store.microbiotech.dz\\\/wp-content\\\/uploads\\\/2021\\\/09\\\/cropped-logo-microbiotech-2.jpg\",\"width\":815,\"height\":586,\"caption\":\"Microbiotech EURL\"},\"image\":{\"@id\":\"https:\\\/\\\/store.microbiotech.dz\\\/#\\\/schema\\\/logo\\\/image\\\/\"},\"sameAs\":[\"https:\\\/\\\/www.facebook.com\\\/MicroBiotech.dz\",\"https:\\\/\\\/x.com\\\/MicrobiotechD\",\"https:\\\/\\\/www.linkedin.com\\\/in\\\/microbiotech\\\/\",\"https:\\\/\\\/www.youtube.com\\\/channel\\\/UCTxc3VIiX7LXD2LQYfZEcDg\"]}]}<\/script>\n<!-- \/ Yoast SEO plugin. -->","yoast_head_json":{"title":"Kit d'\u00e9lectrophor\u00e8se - La Boutique en ligne","description":"Ce kit d\u2019\u00e9lectrophor\u00e8se r\u00e9unit des composants essentiels pour la s\u00e9paration et la d\u00e9tection des acides nucl\u00e9iques au meilleur prix !","robots":{"index":"index","follow":"follow","max-snippet":"max-snippet:-1","max-image-preview":"max-image-preview:large","max-video-preview":"max-video-preview:-1"},"canonical":"https:\/\/store.microbiotech.dz\/index.php\/produit\/kit-delectrophorese\/","og_locale":"fr_FR","og_type":"article","og_title":"Kit d'\u00e9lectrophor\u00e8se - La Boutique en ligne","og_description":"Ce kit d\u2019\u00e9lectrophor\u00e8se r\u00e9unit des composants essentiels pour la s\u00e9paration et la d\u00e9tection des acides nucl\u00e9iques au meilleur prix !","og_url":"https:\/\/store.microbiotech.dz\/index.php\/produit\/kit-delectrophorese\/","og_site_name":"La Boutique en ligne","article_publisher":"https:\/\/www.facebook.com\/MicroBiotech.dz","og_image":[{"width":600,"height":600,"url":"https:\/\/store.microbiotech.dz\/wp-content\/uploads\/2026\/04\/kit-electro.webp","type":"image\/webp"}],"twitter_card":"summary_large_image","twitter_site":"@MicrobiotechD","twitter_misc":{"Dur\u00e9e de lecture estim\u00e9e":"1 minute"},"schema":{"@context":"https:\/\/schema.org","@graph":[{"@type":"WebPage","@id":"https:\/\/store.microbiotech.dz\/index.php\/produit\/kit-delectrophorese\/","url":"https:\/\/store.microbiotech.dz\/index.php\/produit\/kit-delectrophorese\/","name":"Kit d'\u00e9lectrophor\u00e8se - La Boutique en ligne","isPartOf":{"@id":"https:\/\/store.microbiotech.dz\/#website"},"primaryImageOfPage":{"@id":"https:\/\/store.microbiotech.dz\/index.php\/produit\/kit-delectrophorese\/#primaryimage"},"image":{"@id":"https:\/\/store.microbiotech.dz\/index.php\/produit\/kit-delectrophorese\/#primaryimage"},"thumbnailUrl":"https:\/\/store.microbiotech.dz\/wp-content\/uploads\/2026\/04\/kit-electro.webp","datePublished":"2026-04-27T10:05:25+00:00","description":"Ce kit d\u2019\u00e9lectrophor\u00e8se r\u00e9unit des composants essentiels pour la s\u00e9paration et la d\u00e9tection des acides nucl\u00e9iques au meilleur prix !","breadcrumb":{"@id":"https:\/\/store.microbiotech.dz\/index.php\/produit\/kit-delectrophorese\/#breadcrumb"},"inLanguage":"fr-FR","potentialAction":[{"@type":"ReadAction","target":["https:\/\/store.microbiotech.dz\/index.php\/produit\/kit-delectrophorese\/"]}]},{"@type":"ImageObject","inLanguage":"fr-FR","@id":"https:\/\/store.microbiotech.dz\/index.php\/produit\/kit-delectrophorese\/#primaryimage","url":"https:\/\/store.microbiotech.dz\/wp-content\/uploads\/2026\/04\/kit-electro.webp","contentUrl":"https:\/\/store.microbiotech.dz\/wp-content\/uploads\/2026\/04\/kit-electro.webp","width":600,"height":600,"caption":"Kit d'\u00e9lectrophor\u00e8se"},{"@type":"BreadcrumbList","@id":"https:\/\/store.microbiotech.dz\/index.php\/produit\/kit-delectrophorese\/#breadcrumb","itemListElement":[{"@type":"ListItem","position":1,"name":"Accueil","item":"https:\/\/store.microbiotech.dz\/"},{"@type":"ListItem","position":2,"name":"Nos Produits","item":"https:\/\/store.microbiotech.dz\/index.php\/nos-produits\/"},{"@type":"ListItem","position":3,"name":"Kit d&rsquo;\u00e9lectrophor\u00e8se"}]},{"@type":"WebSite","@id":"https:\/\/store.microbiotech.dz\/#website","url":"https:\/\/store.microbiotech.dz\/","name":"La Boutique en ligne","description":"Qualit\u00e9 - Rapidit\u00e9 - Tranquillit\u00e9","publisher":{"@id":"https:\/\/store.microbiotech.dz\/#organization"},"potentialAction":[{"@type":"SearchAction","target":{"@type":"EntryPoint","urlTemplate":"https:\/\/store.microbiotech.dz\/?s={search_term_string}"},"query-input":{"@type":"PropertyValueSpecification","valueRequired":true,"valueName":"search_term_string"}}],"inLanguage":"fr-FR"},{"@type":"Organization","@id":"https:\/\/store.microbiotech.dz\/#organization","name":"Microbiotech EURL","url":"https:\/\/store.microbiotech.dz\/","logo":{"@type":"ImageObject","inLanguage":"fr-FR","@id":"https:\/\/store.microbiotech.dz\/#\/schema\/logo\/image\/","url":"https:\/\/store.microbiotech.dz\/wp-content\/uploads\/2021\/09\/cropped-logo-microbiotech-2.jpg","contentUrl":"https:\/\/store.microbiotech.dz\/wp-content\/uploads\/2021\/09\/cropped-logo-microbiotech-2.jpg","width":815,"height":586,"caption":"Microbiotech EURL"},"image":{"@id":"https:\/\/store.microbiotech.dz\/#\/schema\/logo\/image\/"},"sameAs":["https:\/\/www.facebook.com\/MicroBiotech.dz","https:\/\/x.com\/MicrobiotechD","https:\/\/www.linkedin.com\/in\/microbiotech\/","https:\/\/www.youtube.com\/channel\/UCTxc3VIiX7LXD2LQYfZEcDg"]}]}},"jetpack_sharing_enabled":true,"_links":{"self":[{"href":"https:\/\/store.microbiotech.dz\/index.php\/wp-json\/wp\/v2\/product\/20986","targetHints":{"allow":["GET"]}}],"collection":[{"href":"https:\/\/store.microbiotech.dz\/index.php\/wp-json\/wp\/v2\/product"}],"about":[{"href":"https:\/\/store.microbiotech.dz\/index.php\/wp-json\/wp\/v2\/types\/product"}],"replies":[{"embeddable":true,"href":"https:\/\/store.microbiotech.dz\/index.php\/wp-json\/wp\/v2\/comments?post=20986"}],"wp:featuredmedia":[{"embeddable":true,"href":"https:\/\/store.microbiotech.dz\/index.php\/wp-json\/wp\/v2\/media\/20988"}],"wp:attachment":[{"href":"https:\/\/store.microbiotech.dz\/index.php\/wp-json\/wp\/v2\/media?parent=20986"}],"wp:term":[{"taxonomy":"product_brand","embeddable":true,"href":"https:\/\/store.microbiotech.dz\/index.php\/wp-json\/wp\/v2\/product_brand?post=20986"},{"taxonomy":"product_cat","embeddable":true,"href":"https:\/\/store.microbiotech.dz\/index.php\/wp-json\/wp\/v2\/product_cat?post=20986"},{"taxonomy":"product_tag","embeddable":true,"href":"https:\/\/store.microbiotech.dz\/index.php\/wp-json\/wp\/v2\/product_tag?post=20986"}],"curies":[{"name":"wp","href":"https:\/\/api.w.org\/{rel}","templated":true}]}}